{"id":13099,"date":"2021-02-17T14:42:46","date_gmt":"2021-02-17T14:42:46","guid":{"rendered":"https:\/\/www.upjs.sk\/pracoviska\/ciakt\/root\/kontakt-ciakt\/"},"modified":"2026-01-29T07:22:11","modified_gmt":"2026-01-29T07:22:11","slug":"kontakt-ciakt","status":"publish","type":"page","link":"https:\/\/www.upjs.sk\/pracoviska\/ciakt\/kontakt-ciakt\/","title":{"rendered":"Kontakt CIaKT UPJ\u0160"},"content":{"rendered":"\n<p><\/p>\n\n\n<style>.kb-row-layout-id13099_657aa5-33 > .kt-row-column-wrap{align-content:start;}:where(.kb-row-layout-id13099_657aa5-33 > .kt-row-column-wrap) > .wp-block-kadence-column{justify-content:start;}.kb-row-layout-id13099_657aa5-33 > .kt-row-column-wrap{column-gap:var(--global-kb-gap-md, 2rem);row-gap:var(--global-kb-gap-md, 2rem);padding-top:11px;padding-bottom:10px;}.kb-row-layout-id13099_657aa5-33 > .kt-row-column-wrap > div:not(.added-for-specificity){grid-column:initial;}.kb-row-layout-id13099_657aa5-33 > .kt-row-column-wrap{grid-template-columns:repeat(3, minmax(0, 1fr));}.kb-row-layout-id13099_657aa5-33 > .kt-row-layout-overlay{opacity:0.30;}@media all and (max-width: 1024px){.kb-row-layout-id13099_657aa5-33 > .kt-row-column-wrap > div:not(.added-for-specificity){grid-column:initial;}}@media all and (max-width: 1024px){.kb-row-layout-id13099_657aa5-33 > .kt-row-column-wrap{grid-template-columns:repeat(3, minmax(0, 1fr));}}@media all and (max-width: 767px){.kb-row-layout-id13099_657aa5-33 > .kt-row-column-wrap > div:not(.added-for-specificity){grid-column:initial;}.kb-row-layout-id13099_657aa5-33 > .kt-row-column-wrap{grid-template-columns:minmax(0, 1fr);}}<\/style><div class=\"kb-row-layout-wrap kb-row-layout-id13099_657aa5-33 alignnone wp-block-kadence-rowlayout\"><div class=\"kt-row-column-wrap kt-has-3-columns kt-row-layout-equal kt-tab-layout-inherit kt-mobile-layout-row kt-row-valign-top\">\n<style>.kadence-column13099_cc65f8-e8 > .kt-inside-inner-col,.kadence-column13099_cc65f8-e8 > .kt-inside-inner-col:before{border-top-left-radius:0px;border-top-right-radius:0px;border-bottom-right-radius:0px;border-bottom-left-radius:0px;}.kadence-column13099_cc65f8-e8 > .kt-inside-inner-col{column-gap:var(--global-kb-gap-sm, 1rem);}.kadence-column13099_cc65f8-e8 > .kt-inside-inner-col{flex-direction:column;}.kadence-column13099_cc65f8-e8 > .kt-inside-inner-col > .aligncenter{width:100%;}.kadence-column13099_cc65f8-e8 > .kt-inside-inner-col:before{opacity:0.3;}.kadence-column13099_cc65f8-e8{position:relative;}@media all and (max-width: 1024px){.kadence-column13099_cc65f8-e8 > .kt-inside-inner-col{flex-direction:column;justify-content:center;}}@media all and (max-width: 767px){.kadence-column13099_cc65f8-e8 > .kt-inside-inner-col{flex-direction:column;justify-content:center;}}<\/style>\n<div class=\"wp-block-kadence-column kadence-column13099_cc65f8-e8 inner-column-1\"><div class=\"kt-inside-inner-col\">\n<figure class=\"wp-block-image size-full\"><img loading=\"lazy\" decoding=\"async\" width=\"300\" height=\"225\" src=\"https:\/\/www.upjs.sk\/app\/uploads\/sites\/17\/2023\/01\/budova-rektoratu-upjs.jpg\" alt=\"\" class=\"wp-image-14214\" style=\"box-shadow:var(--wp--preset--shadow--deep)\"\/><\/figure>\n<\/div><\/div>\n\n\n<style>.kadence-column13099_5426b3-db > .kt-inside-inner-col,.kadence-column13099_5426b3-db > .kt-inside-inner-col:before{border-top-left-radius:0px;border-top-right-radius:0px;border-bottom-right-radius:0px;border-bottom-left-radius:0px;}.kadence-column13099_5426b3-db > .kt-inside-inner-col{column-gap:var(--global-kb-gap-sm, 1rem);}.kadence-column13099_5426b3-db > .kt-inside-inner-col{flex-direction:column;}.kadence-column13099_5426b3-db > .kt-inside-inner-col > .aligncenter{width:100%;}.kadence-column13099_5426b3-db > .kt-inside-inner-col:before{opacity:0.3;}.kadence-column13099_5426b3-db{position:relative;}@media all and (max-width: 1024px){.kadence-column13099_5426b3-db > .kt-inside-inner-col{flex-direction:column;justify-content:center;}}@media all and (max-width: 767px){.kadence-column13099_5426b3-db > .kt-inside-inner-col{flex-direction:column;justify-content:center;}}<\/style>\n<div class=\"wp-block-kadence-column kadence-column13099_5426b3-db inner-column-2\"><div class=\"kt-inside-inner-col\">\n<p class=\"has-zakladna-modra-color has-text-color\"><strong>Univerzita Pavla Jozefa \u0160af\u00e1rika v Ko\u0161iciach &nbsp;<\/strong><br><strong>Centrum informa\u010dn\u00fdch a komunika\u010dn\u00fdch technol\u00f3gi\u00ed<\/strong><\/p>\n\n\n\n<p>\u0160rob\u00e1rova 2, 041 80 Ko\u0161ice<br>VoIP:&nbsp;+421&nbsp;55 234 1633<\/p>\n<\/div><\/div>\n\n\n<style>.kadence-column13099_948e07-c0 > .kt-inside-inner-col,.kadence-column13099_948e07-c0 > .kt-inside-inner-col:before{border-top-left-radius:0px;border-top-right-radius:0px;border-bottom-right-radius:0px;border-bottom-left-radius:0px;}.kadence-column13099_948e07-c0 > .kt-inside-inner-col{column-gap:var(--global-kb-gap-sm, 1rem);}.kadence-column13099_948e07-c0 > .kt-inside-inner-col{flex-direction:column;}.kadence-column13099_948e07-c0 > .kt-inside-inner-col > .aligncenter{width:100%;}.kadence-column13099_948e07-c0 > .kt-inside-inner-col:before{opacity:0.3;}.kadence-column13099_948e07-c0{position:relative;}@media all and (max-width: 1024px){.kadence-column13099_948e07-c0 > .kt-inside-inner-col{flex-direction:column;justify-content:center;}}@media all and (max-width: 767px){.kadence-column13099_948e07-c0 > .kt-inside-inner-col{flex-direction:column;justify-content:center;}}<\/style>\n<div class=\"wp-block-kadence-column kadence-column13099_948e07-c0 inner-column-3\"><div class=\"kt-inside-inner-col\">\n<p class=\"has-cierna-color has-text-color\"><strong>Ing. Jozef Janto\u0161ovi\u010d<\/strong><br><strong>riadite\u013e CIaKT<\/strong><br><a class=\"ek-link\" href=\"mailto:jozef.jantosovic@upjs.sk\">jozef.jantosovic@upjs.sk<\/a><br>VoIP: +421&nbsp;55 234 1501<\/p>\n\n\n\n<p><strong>Ing. Miroslav Pomikala<br>z\u00e1stupca riadite\u013ea CIaKT<\/strong><br><a href=\"mailto:miroslav.pomikala@upjs.sk\" target=\"_blank\" rel=\"noreferrer noopener\">miroslav.pomikala@upjs.sk<\/a><br>VoIP: +421&nbsp;55 234 1520<\/p>\n<\/div><\/div>\n\n<\/div><\/div>\n\n<style>.wp-block-kadence-spacer.kt-block-spacer-13099_8df936-f3 .kt-block-spacer{height:20px;}.wp-block-kadence-spacer.kt-block-spacer-13099_8df936-f3 .kt-divider{border-top-width:1px;height:1px;border-top-color:#164082;width:100%;border-top-style:solid;}<\/style>\n<div class=\"wp-block-kadence-spacer aligncenter kt-block-spacer-13099_8df936-f3\"><div class=\"kt-block-spacer kt-block-spacer-halign-center\"><hr class=\"kt-divider\"\/><\/div><\/div>\n\n\n\n<p><a href=\"https:\/\/www.upjs.sk\/pracoviska\/ciakt\/kontakt-ciakt\/zamestnanci\/\" class=\"ek-link\">Telefonick\u00e9 a e-mailov\u00e9 kontakty<\/a>  zamestnancov CIaKT UPJ\u0160<\/p>\n\n\n<style>.wp-block-kadence-spacer.kt-block-spacer-13099_35c286-76 .kt-block-spacer{height:20px;}.wp-block-kadence-spacer.kt-block-spacer-13099_35c286-76 .kt-divider{border-top-width:1px;height:1px;border-top-color:#164082;width:100%;border-top-style:solid;}<\/style>\n<div class=\"wp-block-kadence-spacer aligncenter kt-block-spacer-13099_35c286-76\"><div class=\"kt-block-spacer kt-block-spacer-halign-center\"><hr class=\"kt-divider\"\/><\/div><\/div>\n\n\n<style>.kb-row-layout-id13099_200ba0-4b > .kt-row-column-wrap{align-content:start;}:where(.kb-row-layout-id13099_200ba0-4b > .kt-row-column-wrap) > .wp-block-kadence-column{justify-content:start;}.kb-row-layout-id13099_200ba0-4b > .kt-row-column-wrap{column-gap:var(--global-kb-gap-md, 2rem);row-gap:var(--global-kb-gap-md, 2rem);padding-top:var(--global-kb-spacing-sm, 1.5rem);padding-bottom:var(--global-kb-spacing-sm, 1.5rem);}.kb-row-layout-id13099_200ba0-4b > .kt-row-column-wrap > div:not(.added-for-specificity){grid-column:initial;}.kb-row-layout-id13099_200ba0-4b > .kt-row-column-wrap{grid-template-columns:repeat(3, minmax(0, 1fr));}.kb-row-layout-id13099_200ba0-4b > .kt-row-layout-overlay{opacity:0.30;}@media all and (max-width: 1024px){.kb-row-layout-id13099_200ba0-4b > .kt-row-column-wrap > div:not(.added-for-specificity){grid-column:initial;}}@media all and (max-width: 1024px){.kb-row-layout-id13099_200ba0-4b > .kt-row-column-wrap{grid-template-columns:repeat(3, minmax(0, 1fr));}}@media all and (max-width: 767px){.kb-row-layout-id13099_200ba0-4b > .kt-row-column-wrap > div:not(.added-for-specificity){grid-column:initial;}.kb-row-layout-id13099_200ba0-4b > .kt-row-column-wrap{grid-template-columns:minmax(0, 1fr);}}<\/style><div class=\"kb-row-layout-wrap kb-row-layout-id13099_200ba0-4b alignnone wp-block-kadence-rowlayout\"><div class=\"kt-row-column-wrap kt-has-3-columns kt-row-layout-equal kt-tab-layout-inherit kt-mobile-layout-row kt-row-valign-top\">\n<style>.kadence-column13099_310e9c-d9 > .kt-inside-inner-col,.kadence-column13099_310e9c-d9 > .kt-inside-inner-col:before{border-top-left-radius:0px;border-top-right-radius:0px;border-bottom-right-radius:0px;border-bottom-left-radius:0px;}.kadence-column13099_310e9c-d9 > .kt-inside-inner-col{column-gap:var(--global-kb-gap-sm, 1rem);}.kadence-column13099_310e9c-d9 > .kt-inside-inner-col{flex-direction:column;}.kadence-column13099_310e9c-d9 > .kt-inside-inner-col > .aligncenter{width:100%;}.kadence-column13099_310e9c-d9 > .kt-inside-inner-col:before{opacity:0.3;}.kadence-column13099_310e9c-d9{position:relative;}@media all and (max-width: 1024px){.kadence-column13099_310e9c-d9 > .kt-inside-inner-col{flex-direction:column;justify-content:center;}}@media all and (max-width: 767px){.kadence-column13099_310e9c-d9 > .kt-inside-inner-col{flex-direction:column;justify-content:center;}}<\/style>\n<div class=\"wp-block-kadence-column kadence-column13099_310e9c-d9 inner-column-1\"><div class=\"kt-inside-inner-col\">\n<figure class=\"wp-block-image alignright size-full\"><a href=\"https:\/\/upjs-kosice.tematickemapy.sk\/mapa\/mapa.html\" target=\"_blank\" rel=\"noreferrer noopener\"><img loading=\"lazy\" decoding=\"async\" width=\"400\" height=\"240\" src=\"https:\/\/www.upjs.sk\/app\/uploads\/sites\/17\/2023\/01\/TematickaMapa.jpg\" alt=\"\" class=\"wp-image-14217\" style=\"box-shadow:var(--wp--preset--shadow--natural)\" srcset=\"https:\/\/www.upjs.sk\/app\/uploads\/sites\/17\/2023\/01\/TematickaMapa.jpg 400w, https:\/\/www.upjs.sk\/app\/uploads\/sites\/17\/2023\/01\/TematickaMapa-300x180.jpg 300w\" sizes=\"auto, (max-width: 400px) 100vw, 400px\" \/><\/a><\/figure>\n<\/div><\/div>\n\n\n<style>.kadence-column13099_c67008-a6 > .kt-inside-inner-col,.kadence-column13099_c67008-a6 > .kt-inside-inner-col:before{border-top-left-radius:0px;border-top-right-radius:0px;border-bottom-right-radius:0px;border-bottom-left-radius:0px;}.kadence-column13099_c67008-a6 > .kt-inside-inner-col{column-gap:var(--global-kb-gap-sm, 1rem);}.kadence-column13099_c67008-a6 > .kt-inside-inner-col{flex-direction:column;}.kadence-column13099_c67008-a6 > .kt-inside-inner-col > .aligncenter{width:100%;}.kadence-column13099_c67008-a6 > .kt-inside-inner-col:before{opacity:0.3;}.kadence-column13099_c67008-a6{position:relative;}@media all and (max-width: 1024px){.kadence-column13099_c67008-a6 > .kt-inside-inner-col{flex-direction:column;justify-content:center;}}@media all and (max-width: 767px){.kadence-column13099_c67008-a6 > .kt-inside-inner-col{flex-direction:column;justify-content:center;}}<\/style>\n<div class=\"wp-block-kadence-column kadence-column13099_c67008-a6 inner-column-2\"><div class=\"kt-inside-inner-col\"><\/div><\/div>\n\n\n<style>.kadence-column13099_a73263-0d > .kt-inside-inner-col,.kadence-column13099_a73263-0d > .kt-inside-inner-col:before{border-top-left-radius:0px;border-top-right-radius:0px;border-bottom-right-radius:0px;border-bottom-left-radius:0px;}.kadence-column13099_a73263-0d > .kt-inside-inner-col{column-gap:var(--global-kb-gap-sm, 1rem);}.kadence-column13099_a73263-0d > .kt-inside-inner-col{flex-direction:column;}.kadence-column13099_a73263-0d > .kt-inside-inner-col > .aligncenter{width:100%;}.kadence-column13099_a73263-0d > .kt-inside-inner-col:before{opacity:0.3;}.kadence-column13099_a73263-0d{position:relative;}@media all and (max-width: 1024px){.kadence-column13099_a73263-0d > .kt-inside-inner-col{flex-direction:column;justify-content:center;}}@media all and (max-width: 767px){.kadence-column13099_a73263-0d > .kt-inside-inner-col{flex-direction:column;justify-content:center;}}<\/style>\n<div class=\"wp-block-kadence-column kadence-column13099_a73263-0d inner-column-3\"><div class=\"kt-inside-inner-col\">\n<figure class=\"wp-block-image alignleft size-full\"><a href=\"https:\/\/upjs-kosice.tematickemapy.sk\/prezentacia\/index.html\" target=\"_blank\" rel=\"noreferrer noopener\"><img loading=\"lazy\" decoding=\"async\" width=\"400\" height=\"240\" src=\"https:\/\/www.upjs.sk\/app\/uploads\/sites\/17\/2022\/10\/VirtualnaPrehliadka.jpg\" alt=\"\" class=\"wp-image-12805\" style=\"box-shadow:var(--wp--preset--shadow--natural)\" srcset=\"https:\/\/www.upjs.sk\/app\/uploads\/sites\/17\/2022\/10\/VirtualnaPrehliadka.jpg 400w, https:\/\/www.upjs.sk\/app\/uploads\/sites\/17\/2022\/10\/VirtualnaPrehliadka-300x180.jpg 300w\" sizes=\"auto, (max-width: 400px) 100vw, 400px\" \/><\/a><\/figure>\n<\/div><\/div>\n\n<\/div><\/div>","protected":false},"excerpt":{"rendered":"<p>Univerzita Pavla Jozefa \u0160af\u00e1rika v Ko\u0161iciach &nbsp;Centrum informa\u010dn\u00fdch a komunika\u010dn\u00fdch technol\u00f3gi\u00ed \u0160rob\u00e1rova 2, 041 80 Ko\u0161iceVoIP:&nbsp;+421&nbsp;55 234 1633 Ing. Jozef Janto\u0161ovi\u010driadite\u013e CIaKTjozef.jantosovic@upjs.skVoIP: +421&nbsp;55 234 1501 Ing. Miroslav Pomikalaz\u00e1stupca riadite\u013ea CIaKTmiroslav.pomikala@upjs.skVoIP: +421&nbsp;55 234 1520 Telefonick\u00e9 a e-mailov\u00e9 kontakty zamestnancov CIaKT UPJ\u0160<\/p>\n","protected":false},"author":1,"featured_media":0,"parent":0,"menu_order":11,"comment_status":"closed","ping_status":"closed","template":"","meta":{"_acf_changed":false,"_editorskit_title_hidden":false,"_editorskit_reading_time":1,"_editorskit_is_block_options_detached":false,"_editorskit_block_options_position":"{}","footnotes":""},"categories":[],"tags":[],"class_list":["post-13099","page","type-page","status-publish","hentry"],"acf":{"acf_link_na_externy_obsah":""},"yoast_head":"<!-- This site is optimized with the Yoast SEO plugin v27.2 - https:\/\/yoast.com\/product\/yoast-seo-wordpress\/ -->\n<title>Kontakt CIaKT UPJ\u0160 - Centrum informa\u010dn\u00fdch a komunika\u010dn\u00fdch technol\u00f3gi\u00ed | UPJ\u0160<\/title>\n<meta name=\"robots\" content=\"index, follow, max-snippet:-1, max-image-preview:large, max-video-preview:-1\" \/>\n<link rel=\"canonical\" href=\"https:\/\/www.upjs.sk\/pracoviska\/ciakt\/kontakt-ciakt\/\" \/>\n<meta property=\"og:locale\" content=\"sk_SK\" \/>\n<meta property=\"og:type\" content=\"article\" \/>\n<meta property=\"og:title\" content=\"Kontakt CIaKT UPJ\u0160 - Centrum informa\u010dn\u00fdch a komunika\u010dn\u00fdch technol\u00f3gi\u00ed | UPJ\u0160\" \/>\n<meta property=\"og:description\" content=\"Univerzita Pavla Jozefa \u0160af\u00e1rika v Ko\u0161iciach &nbsp;Centrum informa\u010dn\u00fdch a komunika\u010dn\u00fdch technol\u00f3gi\u00ed \u0160rob\u00e1rova 2, 041 80 Ko\u0161iceVoIP:&nbsp;+421&nbsp;55 234 1633 Ing. Jozef Janto\u0161ovi\u010driadite\u013e CIaKTjozef.jantosovic@upjs.skVoIP: +421&nbsp;55 234 1501 Ing. Miroslav Pomikalaz\u00e1stupca riadite\u013ea CIaKTmiroslav.pomikala@upjs.skVoIP: +421&nbsp;55 234 1520 Telefonick\u00e9 a e-mailov\u00e9 kontakty zamestnancov CIaKT UPJ\u0160\" \/>\n<meta property=\"og:url\" content=\"https:\/\/www.upjs.sk\/pracoviska\/ciakt\/kontakt-ciakt\/\" \/>\n<meta property=\"og:site_name\" content=\"Centrum informa\u010dn\u00fdch a komunika\u010dn\u00fdch technol\u00f3gi\u00ed | UPJ\u0160\" \/>\n<meta property=\"article:modified_time\" content=\"2026-01-29T07:22:11+00:00\" \/>\n<meta property=\"og:image\" content=\"https:\/\/www.upjs.sk\/app\/uploads\/sites\/17\/2023\/01\/budova-rektoratu-upjs.jpg\" \/>\n\t<meta property=\"og:image:width\" content=\"300\" \/>\n\t<meta property=\"og:image:height\" content=\"225\" \/>\n\t<meta property=\"og:image:type\" content=\"image\/jpeg\" \/>\n<meta name=\"twitter:card\" content=\"summary_large_image\" \/>\n<meta name=\"twitter:label1\" content=\"Predpokladan\u00fd \u010das \u010d\u00edtania\" \/>\n\t<meta name=\"twitter:data1\" content=\"1 min\u00fata\" \/>\n<script type=\"application\/ld+json\" class=\"yoast-schema-graph\">{\"@context\":\"https:\/\/schema.org\",\"@graph\":[{\"@type\":\"WebPage\",\"@id\":\"https:\/\/www.upjs.sk\/pracoviska\/ciakt\/kontakt-ciakt\/\",\"url\":\"https:\/\/www.upjs.sk\/pracoviska\/ciakt\/kontakt-ciakt\/\",\"name\":\"Kontakt CIaKT UPJ\u0160 - Centrum informa\u010dn\u00fdch a komunika\u010dn\u00fdch technol\u00f3gi\u00ed | UPJ\u0160\",\"isPartOf\":{\"@id\":\"https:\/\/www.upjs.sk\/pracoviska\/ciakt\/#website\"},\"primaryImageOfPage\":{\"@id\":\"https:\/\/www.upjs.sk\/pracoviska\/ciakt\/kontakt-ciakt\/#primaryimage\"},\"image\":{\"@id\":\"https:\/\/www.upjs.sk\/pracoviska\/ciakt\/kontakt-ciakt\/#primaryimage\"},\"thumbnailUrl\":\"https:\/\/www.upjs.sk\/app\/uploads\/sites\/17\/2023\/01\/budova-rektoratu-upjs.jpg\",\"datePublished\":\"2021-02-17T14:42:46+00:00\",\"dateModified\":\"2026-01-29T07:22:11+00:00\",\"breadcrumb\":{\"@id\":\"https:\/\/www.upjs.sk\/pracoviska\/ciakt\/kontakt-ciakt\/#breadcrumb\"},\"inLanguage\":\"sk-SK\",\"potentialAction\":[{\"@type\":\"ReadAction\",\"target\":[\"https:\/\/www.upjs.sk\/pracoviska\/ciakt\/kontakt-ciakt\/\"]}]},{\"@type\":\"ImageObject\",\"inLanguage\":\"sk-SK\",\"@id\":\"https:\/\/www.upjs.sk\/pracoviska\/ciakt\/kontakt-ciakt\/#primaryimage\",\"url\":\"https:\/\/www.upjs.sk\/app\/uploads\/sites\/17\/2023\/01\/budova-rektoratu-upjs.jpg\",\"contentUrl\":\"https:\/\/www.upjs.sk\/app\/uploads\/sites\/17\/2023\/01\/budova-rektoratu-upjs.jpg\"},{\"@type\":\"BreadcrumbList\",\"@id\":\"https:\/\/www.upjs.sk\/pracoviska\/ciakt\/kontakt-ciakt\/#breadcrumb\",\"itemListElement\":[{\"@type\":\"ListItem\",\"position\":1,\"name\":\"Home\",\"item\":\"https:\/\/www.upjs.sk\/pracoviska\/ciakt\/\"},{\"@type\":\"ListItem\",\"position\":2,\"name\":\"Kontakt CIaKT UPJ\u0160\"}]},{\"@type\":\"WebSite\",\"@id\":\"https:\/\/www.upjs.sk\/pracoviska\/ciakt\/#website\",\"url\":\"https:\/\/www.upjs.sk\/pracoviska\/ciakt\/\",\"name\":\"Centrum informa\u010dn\u00fdch a komunika\u010dn\u00fdch technol\u00f3gi\u00ed | UPJ\u0160\",\"description\":\"\",\"publisher\":{\"@id\":\"https:\/\/www.upjs.sk\/pracoviska\/ciakt\/#organization\"},\"potentialAction\":[{\"@type\":\"SearchAction\",\"target\":{\"@type\":\"EntryPoint\",\"urlTemplate\":\"https:\/\/www.upjs.sk\/pracoviska\/ciakt\/?s={search_term_string}\"},\"query-input\":{\"@type\":\"PropertyValueSpecification\",\"valueRequired\":true,\"valueName\":\"search_term_string\"}}],\"inLanguage\":\"sk-SK\"},{\"@type\":\"Organization\",\"@id\":\"https:\/\/www.upjs.sk\/pracoviska\/ciakt\/#organization\",\"name\":\"Centrum informa\u010dn\u00fdch a komunika\u010dn\u00fdch technol\u00f3gi\u00ed | UPJ\u0160\",\"url\":\"https:\/\/www.upjs.sk\/pracoviska\/ciakt\/\",\"logo\":{\"@type\":\"ImageObject\",\"inLanguage\":\"sk-SK\",\"@id\":\"https:\/\/www.upjs.sk\/pracoviska\/ciakt\/#\/schema\/logo\/image\/\",\"url\":\"https:\/\/www.upjs.sk\/app\/uploads\/sites\/17\/2023\/01\/CIaKT-1.svg\",\"contentUrl\":\"https:\/\/www.upjs.sk\/app\/uploads\/sites\/17\/2023\/01\/CIaKT-1.svg\",\"width\":500,\"height\":138,\"caption\":\"Centrum informa\u010dn\u00fdch a komunika\u010dn\u00fdch technol\u00f3gi\u00ed | UPJ\u0160\"},\"image\":{\"@id\":\"https:\/\/www.upjs.sk\/pracoviska\/ciakt\/#\/schema\/logo\/image\/\"}}]}<\/script>\n<!-- \/ Yoast SEO plugin. -->","yoast_head_json":{"title":"Kontakt CIaKT UPJ\u0160 - Centrum informa\u010dn\u00fdch a komunika\u010dn\u00fdch technol\u00f3gi\u00ed | UPJ\u0160","robots":{"index":"index","follow":"follow","max-snippet":"max-snippet:-1","max-image-preview":"max-image-preview:large","max-video-preview":"max-video-preview:-1"},"canonical":"https:\/\/www.upjs.sk\/pracoviska\/ciakt\/kontakt-ciakt\/","og_locale":"sk_SK","og_type":"article","og_title":"Kontakt CIaKT UPJ\u0160 - Centrum informa\u010dn\u00fdch a komunika\u010dn\u00fdch technol\u00f3gi\u00ed | UPJ\u0160","og_description":"Univerzita Pavla Jozefa \u0160af\u00e1rika v Ko\u0161iciach &nbsp;Centrum informa\u010dn\u00fdch a komunika\u010dn\u00fdch technol\u00f3gi\u00ed \u0160rob\u00e1rova 2, 041 80 Ko\u0161iceVoIP:&nbsp;+421&nbsp;55 234 1633 Ing. Jozef Janto\u0161ovi\u010driadite\u013e CIaKTjozef.jantosovic@upjs.skVoIP: +421&nbsp;55 234 1501 Ing. Miroslav Pomikalaz\u00e1stupca riadite\u013ea CIaKTmiroslav.pomikala@upjs.skVoIP: +421&nbsp;55 234 1520 Telefonick\u00e9 a e-mailov\u00e9 kontakty zamestnancov CIaKT UPJ\u0160","og_url":"https:\/\/www.upjs.sk\/pracoviska\/ciakt\/kontakt-ciakt\/","og_site_name":"Centrum informa\u010dn\u00fdch a komunika\u010dn\u00fdch technol\u00f3gi\u00ed | UPJ\u0160","article_modified_time":"2026-01-29T07:22:11+00:00","og_image":[{"width":300,"height":225,"url":"https:\/\/www.upjs.sk\/app\/uploads\/sites\/17\/2023\/01\/budova-rektoratu-upjs.jpg","type":"image\/jpeg"}],"twitter_card":"summary_large_image","twitter_misc":{"Predpokladan\u00fd \u010das \u010d\u00edtania":"1 min\u00fata"},"schema":{"@context":"https:\/\/schema.org","@graph":[{"@type":"WebPage","@id":"https:\/\/www.upjs.sk\/pracoviska\/ciakt\/kontakt-ciakt\/","url":"https:\/\/www.upjs.sk\/pracoviska\/ciakt\/kontakt-ciakt\/","name":"Kontakt CIaKT UPJ\u0160 - Centrum informa\u010dn\u00fdch a komunika\u010dn\u00fdch technol\u00f3gi\u00ed | UPJ\u0160","isPartOf":{"@id":"https:\/\/www.upjs.sk\/pracoviska\/ciakt\/#website"},"primaryImageOfPage":{"@id":"https:\/\/www.upjs.sk\/pracoviska\/ciakt\/kontakt-ciakt\/#primaryimage"},"image":{"@id":"https:\/\/www.upjs.sk\/pracoviska\/ciakt\/kontakt-ciakt\/#primaryimage"},"thumbnailUrl":"https:\/\/www.upjs.sk\/app\/uploads\/sites\/17\/2023\/01\/budova-rektoratu-upjs.jpg","datePublished":"2021-02-17T14:42:46+00:00","dateModified":"2026-01-29T07:22:11+00:00","breadcrumb":{"@id":"https:\/\/www.upjs.sk\/pracoviska\/ciakt\/kontakt-ciakt\/#breadcrumb"},"inLanguage":"sk-SK","potentialAction":[{"@type":"ReadAction","target":["https:\/\/www.upjs.sk\/pracoviska\/ciakt\/kontakt-ciakt\/"]}]},{"@type":"ImageObject","inLanguage":"sk-SK","@id":"https:\/\/www.upjs.sk\/pracoviska\/ciakt\/kontakt-ciakt\/#primaryimage","url":"https:\/\/www.upjs.sk\/app\/uploads\/sites\/17\/2023\/01\/budova-rektoratu-upjs.jpg","contentUrl":"https:\/\/www.upjs.sk\/app\/uploads\/sites\/17\/2023\/01\/budova-rektoratu-upjs.jpg"},{"@type":"BreadcrumbList","@id":"https:\/\/www.upjs.sk\/pracoviska\/ciakt\/kontakt-ciakt\/#breadcrumb","itemListElement":[{"@type":"ListItem","position":1,"name":"Home","item":"https:\/\/www.upjs.sk\/pracoviska\/ciakt\/"},{"@type":"ListItem","position":2,"name":"Kontakt CIaKT UPJ\u0160"}]},{"@type":"WebSite","@id":"https:\/\/www.upjs.sk\/pracoviska\/ciakt\/#website","url":"https:\/\/www.upjs.sk\/pracoviska\/ciakt\/","name":"Centrum informa\u010dn\u00fdch a komunika\u010dn\u00fdch technol\u00f3gi\u00ed | UPJ\u0160","description":"","publisher":{"@id":"https:\/\/www.upjs.sk\/pracoviska\/ciakt\/#organization"},"potentialAction":[{"@type":"SearchAction","target":{"@type":"EntryPoint","urlTemplate":"https:\/\/www.upjs.sk\/pracoviska\/ciakt\/?s={search_term_string}"},"query-input":{"@type":"PropertyValueSpecification","valueRequired":true,"valueName":"search_term_string"}}],"inLanguage":"sk-SK"},{"@type":"Organization","@id":"https:\/\/www.upjs.sk\/pracoviska\/ciakt\/#organization","name":"Centrum informa\u010dn\u00fdch a komunika\u010dn\u00fdch technol\u00f3gi\u00ed | UPJ\u0160","url":"https:\/\/www.upjs.sk\/pracoviska\/ciakt\/","logo":{"@type":"ImageObject","inLanguage":"sk-SK","@id":"https:\/\/www.upjs.sk\/pracoviska\/ciakt\/#\/schema\/logo\/image\/","url":"https:\/\/www.upjs.sk\/app\/uploads\/sites\/17\/2023\/01\/CIaKT-1.svg","contentUrl":"https:\/\/www.upjs.sk\/app\/uploads\/sites\/17\/2023\/01\/CIaKT-1.svg","width":500,"height":138,"caption":"Centrum informa\u010dn\u00fdch a komunika\u010dn\u00fdch technol\u00f3gi\u00ed | UPJ\u0160"},"image":{"@id":"https:\/\/www.upjs.sk\/pracoviska\/ciakt\/#\/schema\/logo\/image\/"}}]}},"_links":{"self":[{"href":"https:\/\/www.upjs.sk\/pracoviska\/ciakt\/wp-json\/wp\/v2\/pages\/13099","targetHints":{"allow":["GET"]}}],"collection":[{"href":"https:\/\/www.upjs.sk\/pracoviska\/ciakt\/wp-json\/wp\/v2\/pages"}],"about":[{"href":"https:\/\/www.upjs.sk\/pracoviska\/ciakt\/wp-json\/wp\/v2\/types\/page"}],"author":[{"embeddable":true,"href":"https:\/\/www.upjs.sk\/pracoviska\/ciakt\/wp-json\/wp\/v2\/users\/1"}],"replies":[{"embeddable":true,"href":"https:\/\/www.upjs.sk\/pracoviska\/ciakt\/wp-json\/wp\/v2\/comments?post=13099"}],"version-history":[{"count":19,"href":"https:\/\/www.upjs.sk\/pracoviska\/ciakt\/wp-json\/wp\/v2\/pages\/13099\/revisions"}],"predecessor-version":[{"id":16519,"href":"https:\/\/www.upjs.sk\/pracoviska\/ciakt\/wp-json\/wp\/v2\/pages\/13099\/revisions\/16519"}],"wp:attachment":[{"href":"https:\/\/www.upjs.sk\/pracoviska\/ciakt\/wp-json\/wp\/v2\/media?parent=13099"}],"wp:term":[{"taxonomy":"category","embeddable":true,"href":"https:\/\/www.upjs.sk\/pracoviska\/ciakt\/wp-json\/wp\/v2\/categories?post=13099"},{"taxonomy":"post_tag","embeddable":true,"href":"https:\/\/www.upjs.sk\/pracoviska\/ciakt\/wp-json\/wp\/v2\/tags?post=13099"}],"curies":[{"name":"wp","href":"https:\/\/api.w.org\/{rel}","templated":true}]}}