{"id":13100,"date":"2022-10-03T10:13:53","date_gmt":"2022-10-03T10:13:53","guid":{"rendered":"https:\/\/www.upjs.sk\/pracoviska\/ciakt\/root\/kontakt-ciakt\/zamestnanci\/"},"modified":"2026-02-06T10:48:55","modified_gmt":"2026-02-06T10:48:55","slug":"zamestnanci","status":"publish","type":"page","link":"https:\/\/www.upjs.sk\/pracoviska\/ciakt\/zamestnanci\/","title":{"rendered":"Zamestnanci"},"content":{"rendered":"\n<figure class=\"wp-block-table is-style-stripes\"><table class=\"has-fixed-layout\"><thead><tr><th class=\"has-text-align-left\" data-align=\"left\"><mark style=\"background-color:rgba(0, 0, 0, 0)\" class=\"has-inline-color has-zakladna-zlata-color\">Riadite\u013e CIaKT<\/mark><\/th><th><\/th><\/tr><\/thead><tbody><tr><td class=\"has-text-align-left\" data-align=\"left\"><a href=\"https:\/\/www.upjs.sk\/UPJS\/zamestnanec\/jozef.jantosovic\" class=\"ek-link\">Ing. Jozef Janto\u0161ovi\u010d<\/a><\/td><td><strong>Riadite\u013e<\/strong><\/td><\/tr><\/tbody><\/table><\/figure>\n\n\n\n<figure class=\"wp-block-table is-style-stripes\"><table class=\"has-fixed-layout\"><thead><tr><th class=\"has-text-align-left\" data-align=\"left\"><mark style=\"background-color:rgba(0, 0, 0, 0)\" class=\"has-inline-color has-zakladna-zlata-color\">\u00dasek po\u010d\u00edta\u010dov\u00fdch siet\u00ed,&nbsp; lok\u00e1lnej podpory a AI <\/mark><\/th><th><\/th><\/tr><\/thead><tbody><tr><td class=\"has-text-align-left\" data-align=\"left\"><a class=\"ek-link\" href=\"https:\/\/www.upjs.sk\/UPJS\/zamestnanec\/miroslav.pomikala\">Ing. Miroslav Pomikala<\/a><\/td><td><strong>Ved\u00faci \u00faseku<\/strong><br>Spr\u00e1vca opera\u010dn\u00fdch&nbsp; syst\u00e9mov<\/td><\/tr><tr><td class=\"has-text-align-left\" data-align=\"left\"><a href=\"https:\/\/www.upjs.sk\/UPJS\/zamestnanec\/emil.hutnan\" class=\"ek-link\">RNDr. Emil Hut\u0148an<\/a><\/td><td>Projektant a analytik IS<\/td><\/tr><tr><td class=\"has-text-align-left\" data-align=\"left\"><a href=\"https:\/\/www.upjs.sk\/UPJS\/zamestnanec\/miroslav.baranko\" class=\"ek-link\">Mgr. Miroslav Baranko<\/a><\/td><td>Syst\u00e9mov\u00fd program\u00e1tor<\/td><\/tr><tr><td class=\"has-text-align-left\" data-align=\"left\"><a href=\"https:\/\/www.upjs.sk\/UPJS\/zamestnanec\/jan.ondrej\" class=\"ek-link\">Ing. J\u00e1n Ondrej<\/a><\/td><td>Syst\u00e9mov\u00fd program\u00e1tor \u0161pecialista<\/td><\/tr><tr><td class=\"has-text-align-left\" data-align=\"left\"><a href=\"https:\/\/www.upjs.sk\/UPJS\/zamestnanec\/jakub.nilabovic\" class=\"ek-link\">Mgr. Jakub Nilabovi\u010d<\/a><\/td><td>Syst\u00e9mov\u00fd program\u00e1tor<\/td><\/tr><tr><td class=\"has-text-align-left\" data-align=\"left\"><a href=\"https:\/\/www.upjs.sk\/UPJS\/zamestnanec\/radovan.fuska\">Mgr. Radovan Fuska<\/a><\/td><td>D\u00e1tov\u00fd analytik<\/td><\/tr><tr><td class=\"has-text-align-left\" data-align=\"left\"><a class=\"ek-link\" href=\"https:\/\/www.upjs.sk\/UPJS\/zamestnanec\/jana.bereznakova\">Bc. Jana Berez\u0148akov\u00e1<\/a><\/td><td>Odborn\u00fd zamestnanec IT<\/td><\/tr><tr><td class=\"has-text-align-left\" data-align=\"left\"><a class=\"ek-link\" href=\"https:\/\/www.upjs.sk\/UPJS\/zamestnanec\/marek.liptak\">Marek Lipt\u00e1k<\/a><\/td><td>Spr\u00e1vca informa\u010dn\u00fdch syst\u00e9mov<\/td><\/tr><tr><td class=\"has-text-align-left\" data-align=\"left\"><a class=\"ek-link\" href=\"https:\/\/www.upjs.sk\/UPJS\/zamestnanec\/martin.zrnik\">Martin Zrn\u00edk<\/a><\/td><td>Spr\u00e1vca informa\u010dn\u00fdch syst\u00e9mov<\/td><\/tr><\/tbody><\/table><\/figure>\n\n\n\n<figure class=\"wp-block-table is-style-stripes\"><table class=\"has-fixed-layout\"><thead><tr><th class=\"has-text-align-left\" data-align=\"left\"><mark style=\"background-color:rgba(0, 0, 0, 0)\" class=\"has-inline-color has-zakladna-zlata-color\">\u00dasek implement\u00e1cie a prev\u00e1dzky UIS<\/mark><\/th><th><\/th><\/tr><\/thead><tbody><tr><td class=\"has-text-align-left\" data-align=\"left\"><a href=\"https:\/\/www.upjs.sk\/UPJS\/zamestnanec\/maria.pankova\" class=\"ek-link\">Ing. M\u00e1ria Pa\u0148kov\u00e1<\/a><\/td><td><strong>Ved\u00faca \u00faseku<\/strong><br>Softv\u00e9rov\u00fd in\u017einier<\/td><\/tr><tr><td class=\"has-text-align-left\" data-align=\"left\"><a href=\"https:\/\/www.upjs.sk\/UPJS\/zamestnanec\/erika.ondrejova\" class=\"ek-link\">Ing. Erika Ondrejov\u00e1<\/a><\/td><td>Softv\u00e9rov\u00fd in\u017einier<\/td><\/tr><tr><td class=\"has-text-align-left\" data-align=\"left\"><a href=\"https:\/\/www.upjs.sk\/UPJS\/zamestnanec\/helena.sedlakova\" class=\"ek-link\">Helena Sedl\u00e1kov\u00e1<\/a><\/td><td>Odborn\u00fd zamestnanec IT<\/td><\/tr><tr><td class=\"has-text-align-left\" data-align=\"left\"><a href=\"https:\/\/www.upjs.sk\/UPJS\/zamestnanec\/jana.sninska\/\">Ing. Jana Sninsk\u00e1<\/a><\/td><td>Softv\u00e9rov\u00fd in\u017einier<\/td><\/tr><tr><td class=\"has-text-align-left\" data-align=\"left\"><a href=\"https:\/\/www.upjs.sk\/UPJS\/zamestnanec\/maria.velsmidova\" class=\"ek-link\">Ing. M\u00e1ria Vel\u0161midov\u00e1<\/a><\/td><td>Softv\u00e9rov\u00fd in\u017einier<\/td><\/tr><tr><td class=\"has-text-align-left\" data-align=\"left\"><a class=\"ek-link\" href=\"https:\/\/www.upjs.sk\/UPJS\/zamestnanec\/viktoria.yanochko\">Mgr. Viktoriya Yanochko<\/a><\/td><td>Spr\u00e1vca u\u017e\u00edvate\u013esk\u00fdch aplik\u00e1ci\u00ed<\/td><\/tr><\/tbody><\/table><\/figure>\n\n\n\n<figure class=\"wp-block-table is-style-stripes\"><table class=\"has-fixed-layout\"><thead><tr><th class=\"has-text-align-left\" data-align=\"left\"><mark style=\"background-color:rgba(0, 0, 0, 0)\" class=\"has-inline-color has-zakladna-zlata-color\">\u00dasek informa\u010dnej a kybernetickej bezpe\u010dnosti<\/mark><\/th><th><\/th><\/tr><\/thead><tbody><tr><td class=\"has-text-align-left\" data-align=\"left\"><a href=\"https:\/\/www.upjs.sk\/PF\/zamestnanec\/pavol.sokol\" class=\"ek-link\">doc. RNDr. JUDr. Pavol Sokol, PhD.<\/a><\/td><td><strong>Ved\u00faci \u00faseku<\/strong><br>Bezpe\u010dnostn\u00fd analytik<\/td><\/tr><tr><td class=\"has-text-align-left\" data-align=\"left\"><a href=\"https:\/\/www.upjs.sk\/vyhladavanie-zamestnancov\/?search=%C5%A0afranko\" class=\"ek-link\">Bc. Michal \u0160afranko<\/a><\/td><td>Odborn\u00fd zamestnanec IT<\/td><\/tr><tr><td class=\"has-text-align-left\" data-align=\"left\"><a href=\"https:\/\/www.upjs.sk\/UPJS\/zamestnanec\/patrik.pekarcik\" class=\"ek-link\">RNDr. Patrik Pekar\u010d\u00edk<\/a><\/td><td>Spr\u00e1vca opera\u010dn\u00fdch syst\u00e9mov<\/td><\/tr><tr><td class=\"has-text-align-left\" data-align=\"left\"><a href=\"https:\/\/www.upjs.sk\/UPJS\/zamestnanec\/filip.dvorsky\/\">Bc. Filip Dvorsk\u00fd<\/a><\/td><td>Odborn\u00fd zamestnanec IT<\/td><\/tr><tr><td class=\"has-text-align-left\" data-align=\"left\"><a class=\"ek-link\" href=\"https:\/\/www.upjs.sk\/UPJS\/zamestnanec\/jakub.mohler\">Mgr. Jakub Mohler<\/a><\/td><td>Odborn\u00fd zamestnanec IT<\/td><\/tr><tr><td class=\"has-text-align-left\" data-align=\"left\"><a href=\"https:\/\/www.upjs.sk\/UPJS\/zamestnanec\/monika.rapava\" class=\"ek-link\">Monika Rapav\u00e1<\/a><\/td><td>Odborn\u00fd zamestnanec IT<\/td><\/tr><tr><td class=\"has-text-align-left\" data-align=\"left\"><a href=\"https:\/\/www.upjs.sk\/UPJS\/zamestnanec\/lukas.zmuda\/\">Mgr. Luk\u00e1\u0161 Zmuda<\/a><\/td><td>Bezpe\u010dnostn\u00fd analytik<\/td><\/tr><tr><td class=\"has-text-align-left\" data-align=\"left\"><a href=\"https:\/\/www.upjs.sk\/UPJS\/zamestnanec\/sophia.hornakova\/\">Bc. Sophia Hor\u0148\u00e1kov\u00e1<\/a><\/td><td>Odborn\u00fd zamestnanec IT<\/td><\/tr><tr><td class=\"has-text-align-left\" data-align=\"left\"><a href=\"https:\/\/www.upjs.sk\/UPJS\/zamestnanec\/peter.matej\/\">Ing. Peter Matej<\/a><\/td><td>Bezpe\u010dnostn\u00fd analytik<\/td><\/tr><tr><td class=\"has-text-align-left\" data-align=\"left\"><a href=\"https:\/\/www.upjs.sk\/UPJS\/zamestnanec\/vanda.matusikova\/\">Bc. Matu\u0161ikov\u00e1 Vanda<\/a><\/td><td>Bezpe\u010dnostn\u00fd analytik<\/td><\/tr><\/tbody><\/table><\/figure>\n\n\n\n<figure class=\"wp-block-table is-style-stripes\"><table class=\"has-fixed-layout\"><thead><tr><th class=\"has-text-align-left\" data-align=\"left\"><mark style=\"background-color:rgba(0, 0, 0, 0)\" class=\"has-inline-color has-zakladna-zlata-color\">\u00dasek v\u00fdvoja informa\u010dn\u00fdch a znalostn\u00fdch syst\u00e9mov (AiS2)<\/mark><\/th><th><\/th><\/tr><\/thead><tbody><tr><td class=\"has-text-align-left\" data-align=\"left\"><a href=\"https:\/\/www.upjs.sk\/UPJS\/zamestnanec\/radovan.engel\" class=\"ek-link\">RNDr. Radovan Engel, PhD.<\/a><\/td><td><strong>Ved\u00faci \u00faseku<\/strong><br>Koordin\u00e1tor projektov<\/td><\/tr><tr><td class=\"has-text-align-left\" data-align=\"left\"><a href=\"https:\/\/www.upjs.sk\/UPJS\/zamestnanec\/patricia.kociscakova\" class=\"ek-link\">Ing. Patr\u00edcia Ko\u010di\u0161\u010d\u00e1kov\u00e1<\/a><\/td><td>Syst\u00e9mov\u00fd a datab\u00e1zov\u00fd administr\u00e1tor<\/td><\/tr><tr><td class=\"has-text-align-left\" data-align=\"left\"><a href=\"https:\/\/www.upjs.sk\/UPJS\/zamestnanec\/emilia.komendatova\" class=\"ek-link\">Mgr. Em\u00edlia Marinecov\u00e1<\/a><\/td><td>Oper\u00e1tor a obsluha v\u00fdpo\u010dtovej techniky<\/td><\/tr><tr><td class=\"has-text-align-left\" data-align=\"left\"><a href=\"https:\/\/www.upjs.sk\/UPJS\/zamestnanec\/timea.kirnakova\" class=\"ek-link\">T\u00edmea Kir\u0148\u00e1kov\u00e1<\/a><\/td><td>Tester softv\u00e9rov\u00fdch aplik\u00e1ci\u00ed<\/td><\/tr><tr><td class=\"has-text-align-left\" data-align=\"left\"><a href=\"https:\/\/www.upjs.sk\/UPJS\/zamestnanec\/martin.tkacik\" class=\"ek-link\">Martin Tk\u00e1\u010dik<\/a><\/td><td>Program\u00e1tor softv\u00e9rov\u00fdch aplik\u00e1ci\u00ed<\/td><\/tr><tr><td class=\"has-text-align-left\" data-align=\"left\"><a href=\"https:\/\/www.upjs.sk\/UPJS\/zamestnanec\/jozef.obrin\" class=\"ek-link\">Bc. Jozef Obrin<\/a><\/td><td>Program\u00e1tor softv\u00e9rov\u00fdch aplik\u00e1ci\u00ed<\/td><\/tr><tr><td class=\"has-text-align-left\" data-align=\"left\"><a href=\"https:\/\/www.upjs.sk\/UPJS\/zamestnanec\/katarina.varchulova\" class=\"ek-link\">Mgr. Katar\u00edna Varchulov\u00e1<\/a><\/td><td>\u0160pecialista z\u00e1kazn\u00edckej podpory<\/td><\/tr><tr><td class=\"has-text-align-left\" data-align=\"left\"><a href=\"https:\/\/www.upjs.sk\/UPJS\/zamestnanec\/nora.grondzelova\" class=\"ek-link\">Bc. Nora Grond\u017eelov\u00e1<\/a><\/td><td>Tester informa\u010dn\u00fdch syst\u00e9mov<\/td><\/tr><tr><td class=\"has-text-align-left\" data-align=\"left\"><a href=\"https:\/\/www.upjs.sk\/UPJS\/zamestnanec\/slavomir.varchula\" class=\"ek-link\">Mgr. Slavom\u00edr Varchula<\/a><\/td><td>Architekt informa\u010dn\u00fdch syst\u00e9mov<\/td><\/tr><tr><td class=\"has-text-align-left\" data-align=\"left\"><a href=\"https:\/\/www.upjs.sk\/UPJS\/zamestnanec\/martin.nemcek\" class=\"ek-link\">Mgr. Martin Nem\u010dek<\/a><\/td><td>Analytik informa\u010dn\u00fdch syst\u00e9mov<\/td><\/tr><tr><td class=\"has-text-align-left\" data-align=\"left\"><a href=\"https:\/\/www.upjs.sk\/UPJS\/zamestnanec\/peter.cizmar\" class=\"ek-link\">Mgr. Peter \u010ci\u017em\u00e1r<\/a><\/td><td>Konzultant informa\u010dn\u00fdch syst\u00e9mov<\/td><\/tr><tr><td class=\"has-text-align-left\" data-align=\"left\"><a href=\"https:\/\/www.upjs.sk\/UPJS\/zamestnanec\/peter.slaninka\" class=\"ek-link\">Mgr. Peter Slaninka<\/a><\/td><td>Program\u00e1tor informa\u010dn\u00fdch syst\u00e9mov<\/td><\/tr><tr><td class=\"has-text-align-left\" data-align=\"left\"><a href=\"https:\/\/www.upjs.sk\/UPJS\/zamestnanec\/lukas.mino\" class=\"ek-link\">RNDr. Luk\u00e1\u0161 Mi\u0148o, PhD.<\/a><\/td><td>Program\u00e1tor informa\u010dn\u00fdch syst\u00e9mov<\/td><\/tr><tr><td class=\"has-text-align-left\" data-align=\"left\"><a href=\"https:\/\/www.upjs.sk\/UPJS\/zamestnanec\/marcel.obrin\" class=\"ek-link\">Mgr. Marcel Obrin<\/a><\/td><td>Program\u00e1tor informa\u010dn\u00fdch syst\u00e9mov<\/td><\/tr><\/tbody><\/table><\/figure>\n","protected":false},"excerpt":{"rendered":"<p>Riadite\u013e CIaKT Ing. Jozef Janto\u0161ovi\u010d Riadite\u013e \u00dasek po\u010d\u00edta\u010dov\u00fdch siet\u00ed,&nbsp; lok\u00e1lnej podpory a AI Ing. Miroslav Pomikala Ved\u00faci \u00fasekuSpr\u00e1vca opera\u010dn\u00fdch&nbsp; syst\u00e9mov RNDr. Emil Hut\u0148an Projektant a analytik IS Mgr. Miroslav Baranko Syst\u00e9mov\u00fd program\u00e1tor Ing. J\u00e1n Ondrej Syst\u00e9mov\u00fd program\u00e1tor \u0161pecialista Mgr. Jakub Nilabovi\u010d Syst\u00e9mov\u00fd program\u00e1tor Mgr. Radovan Fuska D\u00e1tov\u00fd analytik Bc. Jana Berez\u0148akov\u00e1 Odborn\u00fd zamestnanec IT Marek &hellip; <a href=\"https:\/\/www.upjs.sk\/pracoviska\/ciakt\/zamestnanci\/\">\u010c\u00edta\u0165 \u010falej<\/a><\/p>\n","protected":false},"author":1,"featured_media":0,"parent":0,"menu_order":12,"comment_status":"closed","ping_status":"closed","template":"","meta":{"_acf_changed":false,"_editorskit_title_hidden":false,"_editorskit_reading_time":1,"_editorskit_is_block_options_detached":false,"_editorskit_block_options_position":"{}","footnotes":""},"categories":[],"tags":[],"class_list":["post-13100","page","type-page","status-publish","hentry"],"acf":{"acf_link_na_externy_obsah":""},"yoast_head":"<!-- This site is optimized with the Yoast SEO plugin v27.5 - https:\/\/yoast.com\/product\/yoast-seo-wordpress\/ -->\n<title>Zamestnanci - Centrum informa\u010dn\u00fdch a komunika\u010dn\u00fdch technol\u00f3gi\u00ed | UPJ\u0160<\/title>\n<meta name=\"robots\" content=\"index, follow, max-snippet:-1, max-image-preview:large, max-video-preview:-1\" \/>\n<link rel=\"canonical\" href=\"https:\/\/www.upjs.sk\/pracoviska\/ciakt\/zamestnanci\/\" \/>\n<meta property=\"og:locale\" content=\"sk_SK\" \/>\n<meta property=\"og:type\" content=\"article\" \/>\n<meta property=\"og:title\" content=\"Zamestnanci - Centrum informa\u010dn\u00fdch a komunika\u010dn\u00fdch technol\u00f3gi\u00ed | UPJ\u0160\" \/>\n<meta property=\"og:description\" content=\"Riadite\u013e CIaKT Ing. Jozef Janto\u0161ovi\u010d Riadite\u013e \u00dasek po\u010d\u00edta\u010dov\u00fdch siet\u00ed,&nbsp; lok\u00e1lnej podpory a AI Ing. Miroslav Pomikala Ved\u00faci \u00fasekuSpr\u00e1vca opera\u010dn\u00fdch&nbsp; syst\u00e9mov RNDr. Emil Hut\u0148an Projektant a analytik IS Mgr. Miroslav Baranko Syst\u00e9mov\u00fd program\u00e1tor Ing. J\u00e1n Ondrej Syst\u00e9mov\u00fd program\u00e1tor \u0161pecialista Mgr. Jakub Nilabovi\u010d Syst\u00e9mov\u00fd program\u00e1tor Mgr. Radovan Fuska D\u00e1tov\u00fd analytik Bc. Jana Berez\u0148akov\u00e1 Odborn\u00fd zamestnanec IT Marek &hellip; \u010c\u00edta\u0165 \u010falej\" \/>\n<meta property=\"og:url\" content=\"https:\/\/www.upjs.sk\/pracoviska\/ciakt\/zamestnanci\/\" \/>\n<meta property=\"og:site_name\" content=\"Centrum informa\u010dn\u00fdch a komunika\u010dn\u00fdch technol\u00f3gi\u00ed | UPJ\u0160\" \/>\n<meta property=\"article:modified_time\" content=\"2026-02-06T10:48:55+00:00\" \/>\n<meta name=\"twitter:card\" content=\"summary_large_image\" \/>\n<meta name=\"twitter:label1\" content=\"Predpokladan\u00fd \u010das \u010d\u00edtania\" \/>\n\t<meta name=\"twitter:data1\" content=\"2 min\u00faty\" \/>\n<script type=\"application\/ld+json\" class=\"yoast-schema-graph\">{\"@context\":\"https:\\\/\\\/schema.org\",\"@graph\":[{\"@type\":\"WebPage\",\"@id\":\"https:\\\/\\\/www.upjs.sk\\\/pracoviska\\\/ciakt\\\/zamestnanci\\\/\",\"url\":\"https:\\\/\\\/www.upjs.sk\\\/pracoviska\\\/ciakt\\\/zamestnanci\\\/\",\"name\":\"Zamestnanci - Centrum informa\u010dn\u00fdch a komunika\u010dn\u00fdch technol\u00f3gi\u00ed | UPJ\u0160\",\"isPartOf\":{\"@id\":\"https:\\\/\\\/www.upjs.sk\\\/pracoviska\\\/ciakt\\\/#website\"},\"datePublished\":\"2022-10-03T10:13:53+00:00\",\"dateModified\":\"2026-02-06T10:48:55+00:00\",\"breadcrumb\":{\"@id\":\"https:\\\/\\\/www.upjs.sk\\\/pracoviska\\\/ciakt\\\/zamestnanci\\\/#breadcrumb\"},\"inLanguage\":\"sk-SK\",\"potentialAction\":[{\"@type\":\"ReadAction\",\"target\":[\"https:\\\/\\\/www.upjs.sk\\\/pracoviska\\\/ciakt\\\/zamestnanci\\\/\"]}]},{\"@type\":\"BreadcrumbList\",\"@id\":\"https:\\\/\\\/www.upjs.sk\\\/pracoviska\\\/ciakt\\\/zamestnanci\\\/#breadcrumb\",\"itemListElement\":[{\"@type\":\"ListItem\",\"position\":1,\"name\":\"Home\",\"item\":\"https:\\\/\\\/www.upjs.sk\\\/pracoviska\\\/ciakt\\\/\"},{\"@type\":\"ListItem\",\"position\":2,\"name\":\"Zamestnanci\"}]},{\"@type\":\"WebSite\",\"@id\":\"https:\\\/\\\/www.upjs.sk\\\/pracoviska\\\/ciakt\\\/#website\",\"url\":\"https:\\\/\\\/www.upjs.sk\\\/pracoviska\\\/ciakt\\\/\",\"name\":\"Centrum informa\u010dn\u00fdch a komunika\u010dn\u00fdch technol\u00f3gi\u00ed | UPJ\u0160\",\"description\":\"\",\"publisher\":{\"@id\":\"https:\\\/\\\/www.upjs.sk\\\/pracoviska\\\/ciakt\\\/#organization\"},\"potentialAction\":[{\"@type\":\"SearchAction\",\"target\":{\"@type\":\"EntryPoint\",\"urlTemplate\":\"https:\\\/\\\/www.upjs.sk\\\/pracoviska\\\/ciakt\\\/?s={search_term_string}\"},\"query-input\":{\"@type\":\"PropertyValueSpecification\",\"valueRequired\":true,\"valueName\":\"search_term_string\"}}],\"inLanguage\":\"sk-SK\"},{\"@type\":\"Organization\",\"@id\":\"https:\\\/\\\/www.upjs.sk\\\/pracoviska\\\/ciakt\\\/#organization\",\"name\":\"Centrum informa\u010dn\u00fdch a komunika\u010dn\u00fdch technol\u00f3gi\u00ed | UPJ\u0160\",\"url\":\"https:\\\/\\\/www.upjs.sk\\\/pracoviska\\\/ciakt\\\/\",\"logo\":{\"@type\":\"ImageObject\",\"inLanguage\":\"sk-SK\",\"@id\":\"https:\\\/\\\/www.upjs.sk\\\/pracoviska\\\/ciakt\\\/#\\\/schema\\\/logo\\\/image\\\/\",\"url\":\"https:\\\/\\\/www.upjs.sk\\\/app\\\/uploads\\\/sites\\\/17\\\/2023\\\/01\\\/CIaKT-1.svg\",\"contentUrl\":\"https:\\\/\\\/www.upjs.sk\\\/app\\\/uploads\\\/sites\\\/17\\\/2023\\\/01\\\/CIaKT-1.svg\",\"width\":500,\"height\":138,\"caption\":\"Centrum informa\u010dn\u00fdch a komunika\u010dn\u00fdch technol\u00f3gi\u00ed | UPJ\u0160\"},\"image\":{\"@id\":\"https:\\\/\\\/www.upjs.sk\\\/pracoviska\\\/ciakt\\\/#\\\/schema\\\/logo\\\/image\\\/\"}}]}<\/script>\n<!-- \/ Yoast SEO plugin. -->","yoast_head_json":{"title":"Zamestnanci - Centrum informa\u010dn\u00fdch a komunika\u010dn\u00fdch technol\u00f3gi\u00ed | UPJ\u0160","robots":{"index":"index","follow":"follow","max-snippet":"max-snippet:-1","max-image-preview":"max-image-preview:large","max-video-preview":"max-video-preview:-1"},"canonical":"https:\/\/www.upjs.sk\/pracoviska\/ciakt\/zamestnanci\/","og_locale":"sk_SK","og_type":"article","og_title":"Zamestnanci - Centrum informa\u010dn\u00fdch a komunika\u010dn\u00fdch technol\u00f3gi\u00ed | UPJ\u0160","og_description":"Riadite\u013e CIaKT Ing. Jozef Janto\u0161ovi\u010d Riadite\u013e \u00dasek po\u010d\u00edta\u010dov\u00fdch siet\u00ed,&nbsp; lok\u00e1lnej podpory a AI Ing. Miroslav Pomikala Ved\u00faci \u00fasekuSpr\u00e1vca opera\u010dn\u00fdch&nbsp; syst\u00e9mov RNDr. Emil Hut\u0148an Projektant a analytik IS Mgr. Miroslav Baranko Syst\u00e9mov\u00fd program\u00e1tor Ing. J\u00e1n Ondrej Syst\u00e9mov\u00fd program\u00e1tor \u0161pecialista Mgr. Jakub Nilabovi\u010d Syst\u00e9mov\u00fd program\u00e1tor Mgr. Radovan Fuska D\u00e1tov\u00fd analytik Bc. Jana Berez\u0148akov\u00e1 Odborn\u00fd zamestnanec IT Marek &hellip; \u010c\u00edta\u0165 \u010falej","og_url":"https:\/\/www.upjs.sk\/pracoviska\/ciakt\/zamestnanci\/","og_site_name":"Centrum informa\u010dn\u00fdch a komunika\u010dn\u00fdch technol\u00f3gi\u00ed | UPJ\u0160","article_modified_time":"2026-02-06T10:48:55+00:00","twitter_card":"summary_large_image","twitter_misc":{"Predpokladan\u00fd \u010das \u010d\u00edtania":"2 min\u00faty"},"schema":{"@context":"https:\/\/schema.org","@graph":[{"@type":"WebPage","@id":"https:\/\/www.upjs.sk\/pracoviska\/ciakt\/zamestnanci\/","url":"https:\/\/www.upjs.sk\/pracoviska\/ciakt\/zamestnanci\/","name":"Zamestnanci - Centrum informa\u010dn\u00fdch a komunika\u010dn\u00fdch technol\u00f3gi\u00ed | UPJ\u0160","isPartOf":{"@id":"https:\/\/www.upjs.sk\/pracoviska\/ciakt\/#website"},"datePublished":"2022-10-03T10:13:53+00:00","dateModified":"2026-02-06T10:48:55+00:00","breadcrumb":{"@id":"https:\/\/www.upjs.sk\/pracoviska\/ciakt\/zamestnanci\/#breadcrumb"},"inLanguage":"sk-SK","potentialAction":[{"@type":"ReadAction","target":["https:\/\/www.upjs.sk\/pracoviska\/ciakt\/zamestnanci\/"]}]},{"@type":"BreadcrumbList","@id":"https:\/\/www.upjs.sk\/pracoviska\/ciakt\/zamestnanci\/#breadcrumb","itemListElement":[{"@type":"ListItem","position":1,"name":"Home","item":"https:\/\/www.upjs.sk\/pracoviska\/ciakt\/"},{"@type":"ListItem","position":2,"name":"Zamestnanci"}]},{"@type":"WebSite","@id":"https:\/\/www.upjs.sk\/pracoviska\/ciakt\/#website","url":"https:\/\/www.upjs.sk\/pracoviska\/ciakt\/","name":"Centrum informa\u010dn\u00fdch a komunika\u010dn\u00fdch technol\u00f3gi\u00ed | UPJ\u0160","description":"","publisher":{"@id":"https:\/\/www.upjs.sk\/pracoviska\/ciakt\/#organization"},"potentialAction":[{"@type":"SearchAction","target":{"@type":"EntryPoint","urlTemplate":"https:\/\/www.upjs.sk\/pracoviska\/ciakt\/?s={search_term_string}"},"query-input":{"@type":"PropertyValueSpecification","valueRequired":true,"valueName":"search_term_string"}}],"inLanguage":"sk-SK"},{"@type":"Organization","@id":"https:\/\/www.upjs.sk\/pracoviska\/ciakt\/#organization","name":"Centrum informa\u010dn\u00fdch a komunika\u010dn\u00fdch technol\u00f3gi\u00ed | UPJ\u0160","url":"https:\/\/www.upjs.sk\/pracoviska\/ciakt\/","logo":{"@type":"ImageObject","inLanguage":"sk-SK","@id":"https:\/\/www.upjs.sk\/pracoviska\/ciakt\/#\/schema\/logo\/image\/","url":"https:\/\/www.upjs.sk\/app\/uploads\/sites\/17\/2023\/01\/CIaKT-1.svg","contentUrl":"https:\/\/www.upjs.sk\/app\/uploads\/sites\/17\/2023\/01\/CIaKT-1.svg","width":500,"height":138,"caption":"Centrum informa\u010dn\u00fdch a komunika\u010dn\u00fdch technol\u00f3gi\u00ed | UPJ\u0160"},"image":{"@id":"https:\/\/www.upjs.sk\/pracoviska\/ciakt\/#\/schema\/logo\/image\/"}}]}},"_links":{"self":[{"href":"https:\/\/www.upjs.sk\/pracoviska\/ciakt\/wp-json\/wp\/v2\/pages\/13100","targetHints":{"allow":["GET"]}}],"collection":[{"href":"https:\/\/www.upjs.sk\/pracoviska\/ciakt\/wp-json\/wp\/v2\/pages"}],"about":[{"href":"https:\/\/www.upjs.sk\/pracoviska\/ciakt\/wp-json\/wp\/v2\/types\/page"}],"author":[{"embeddable":true,"href":"https:\/\/www.upjs.sk\/pracoviska\/ciakt\/wp-json\/wp\/v2\/users\/1"}],"replies":[{"embeddable":true,"href":"https:\/\/www.upjs.sk\/pracoviska\/ciakt\/wp-json\/wp\/v2\/comments?post=13100"}],"version-history":[{"count":19,"href":"https:\/\/www.upjs.sk\/pracoviska\/ciakt\/wp-json\/wp\/v2\/pages\/13100\/revisions"}],"predecessor-version":[{"id":16533,"href":"https:\/\/www.upjs.sk\/pracoviska\/ciakt\/wp-json\/wp\/v2\/pages\/13100\/revisions\/16533"}],"wp:attachment":[{"href":"https:\/\/www.upjs.sk\/pracoviska\/ciakt\/wp-json\/wp\/v2\/media?parent=13100"}],"wp:term":[{"taxonomy":"category","embeddable":true,"href":"https:\/\/www.upjs.sk\/pracoviska\/ciakt\/wp-json\/wp\/v2\/categories?post=13100"},{"taxonomy":"post_tag","embeddable":true,"href":"https:\/\/www.upjs.sk\/pracoviska\/ciakt\/wp-json\/wp\/v2\/tags?post=13100"}],"curies":[{"name":"wp","href":"https:\/\/api.w.org\/{rel}","templated":true}]}}