{"id":14733,"date":"2023-04-24T12:59:04","date_gmt":"2023-04-24T12:59:04","guid":{"rendered":"https:\/\/www.upjs.sk\/pracoviska\/ciakt\/?page_id=14733"},"modified":"2026-02-02T10:15:32","modified_gmt":"2026-02-02T10:15:32","slug":"kontakt-aio","status":"publish","type":"page","link":"https:\/\/www.upjs.sk\/pracoviska\/ciakt\/aio\/kontakt-aio\/","title":{"rendered":"Kontakt AIO"},"content":{"rendered":"<style>.kb-row-layout-id14733_298087-fe > .kt-row-column-wrap{align-content:start;}:where(.kb-row-layout-id14733_298087-fe > .kt-row-column-wrap) > .wp-block-kadence-column{justify-content:start;}.kb-row-layout-id14733_298087-fe > .kt-row-column-wrap{column-gap:var(--global-kb-gap-md, 2rem);row-gap:var(--global-kb-gap-md, 2rem);padding-top:var(--global-kb-spacing-xs, 1rem);padding-bottom:var(--global-kb-spacing-xs, 1rem);grid-template-columns:minmax(0, calc(60% - ((var(--global-kb-gap-md, 2rem) * 1 )\/2)))minmax(0, calc(40% - ((var(--global-kb-gap-md, 2rem) * 1 )\/2)));}.kb-row-layout-id14733_298087-fe > .kt-row-layout-overlay{opacity:0.30;}@media all and (max-width: 1024px){.kb-row-layout-id14733_298087-fe > .kt-row-column-wrap{grid-template-columns:minmax(0, 2fr) minmax(0, 1fr);}}@media all and (max-width: 767px){.kb-row-layout-id14733_298087-fe > .kt-row-column-wrap{grid-template-columns:minmax(0, 1fr);}}<\/style><div class=\"kb-row-layout-wrap kb-row-layout-id14733_298087-fe alignnone wp-block-kadence-rowlayout\"><div class=\"kt-row-column-wrap kt-has-2-columns kt-row-layout-left-golden kt-tab-layout-inherit kt-mobile-layout-row kt-row-valign-top\">\n<style>.kadence-column14733_a2a859-4c > .kt-inside-inner-col,.kadence-column14733_a2a859-4c > .kt-inside-inner-col:before{border-top-left-radius:0px;border-top-right-radius:0px;border-bottom-right-radius:0px;border-bottom-left-radius:0px;}.kadence-column14733_a2a859-4c > .kt-inside-inner-col{column-gap:var(--global-kb-gap-sm, 1rem);}.kadence-column14733_a2a859-4c > .kt-inside-inner-col{flex-direction:column;}.kadence-column14733_a2a859-4c > .kt-inside-inner-col > .aligncenter{width:100%;}.kadence-column14733_a2a859-4c > .kt-inside-inner-col:before{opacity:0.3;}.kadence-column14733_a2a859-4c{position:relative;}@media all and (max-width: 1024px){.kadence-column14733_a2a859-4c > .kt-inside-inner-col{flex-direction:column;justify-content:center;}}@media all and (max-width: 767px){.kadence-column14733_a2a859-4c > .kt-inside-inner-col{flex-direction:column;justify-content:center;}}<\/style>\n<div class=\"wp-block-kadence-column kadence-column14733_a2a859-4c\"><div class=\"kt-inside-inner-col\">\n<p><strong><mark style=\"background-color:#ffffff\" class=\"has-inline-color has-zakladna-modra-color\">Spr\u00e1va AIO,  CIaKT UPJ\u0160   v Ko\u0161iciach<\/mark><\/strong><br>\u0160rob\u00e1rova 2, 1. poschodie, \u010d. dver\u00ed 120<br> 041 80 Ko\u0161ice<br>e-mail: aio@upjs.sk <\/p>\n\n\n\n<p><strong><mark style=\"background-color:rgba(0, 0, 0, 0)\" class=\"has-inline-color has-zakladna-modra-color\">Zamestnanci:<\/mark><\/strong><br><strong>Ing. M\u00e1ria Vel\u0161midov\u00e1<\/strong><br>e-mail: maria.velsmidova@upjs.sk<br>Tel.: 055 234 1514<br><br><strong>Ing. Erika Ondrejov\u00e1<\/strong><br>e-mail: erika.ondrejova@upjs.sk<br>Tel.: 055 234 1512<\/p>\n\n\n\n<p><strong><a href=\"https:\/\/ais2.upjs.sk\/ais\/portal\/changeTab.do?tab=3\" target=\"_blank\" aria-label=\"Spr\u00e1vcovia AIS (opens in a new tab)\" rel=\"noreferrer noopener\" class=\"ek-link\">Spr\u00e1vcovia AIS<\/a><\/strong><\/p>\n\n\n\n<p><mark style=\"background-color:rgba(0, 0, 0, 0)\" class=\"has-inline-color has-utvas-color\">\u017diadame V\u00e1s o kontaktovanie emailom. <br>Pri komunik\u00e1cii uve\u010fte fakultu a \u010d\u00edslo \u010dipu V\u00e1\u0161ho preukazu.  \u010eakujeme za pochopenie.<\/mark><\/p>\n<\/div><\/div>\n\n\n<style>.kadence-column14733_50dd8d-48 > .kt-inside-inner-col,.kadence-column14733_50dd8d-48 > .kt-inside-inner-col:before{border-top-left-radius:0px;border-top-right-radius:0px;border-bottom-right-radius:0px;border-bottom-left-radius:0px;}.kadence-column14733_50dd8d-48 > .kt-inside-inner-col{column-gap:var(--global-kb-gap-sm, 1rem);}.kadence-column14733_50dd8d-48 > .kt-inside-inner-col{flex-direction:column;}.kadence-column14733_50dd8d-48 > .kt-inside-inner-col > .aligncenter{width:100%;}.kadence-column14733_50dd8d-48 > .kt-inside-inner-col:before{opacity:0.3;}.kadence-column14733_50dd8d-48{position:relative;}@media all and (max-width: 1024px){.kadence-column14733_50dd8d-48 > .kt-inside-inner-col{flex-direction:column;justify-content:center;}}@media all and (max-width: 767px){.kadence-column14733_50dd8d-48 > .kt-inside-inner-col{flex-direction:column;justify-content:center;}}<\/style>\n<div class=\"wp-block-kadence-column kadence-column14733_50dd8d-48\"><div class=\"kt-inside-inner-col\">\n<p><a href=\"https:\/\/upjs-kosice.tematickemapy.sk\/prezentacia\/index.html\">https:\/\/upjs-kosice.tematickemapy.sk\/prezentacia\/index.html<\/a><a class=\"ek-link\" href=\"https:\/\/tm3.co\/1P1ZhP\" target=\"_blank\" rel=\"noopener\"><img decoding=\"async\" style=\"width: 100%;\" src=\"http:\/\/www.upjs.sk\/\/app\/uploads\/sites\/17\/2022\/10\/VirtualnaPrehliadka.jpg\" alt=\"\"><\/a><\/p>\n<\/div><\/div>\n\n<\/div><\/div>\n\n\n<p><\/p>\n","protected":false},"excerpt":{"rendered":"<p>Spr\u00e1va AIO, CIaKT UPJ\u0160 v Ko\u0161iciach\u0160rob\u00e1rova 2, 1. poschodie, \u010d. dver\u00ed 120 041 80 Ko\u0161icee-mail: aio@upjs.sk Zamestnanci:Ing. M\u00e1ria Vel\u0161midov\u00e1e-mail: maria.velsmidova@upjs.skTel.: 055 234 1514 Ing. Erika Ondrejov\u00e1e-mail: erika.ondrejova@upjs.skTel.: 055 234 1512 Spr\u00e1vcovia AIS \u017diadame V\u00e1s o kontaktovanie emailom. Pri komunik\u00e1cii uve\u010fte fakultu a \u010d\u00edslo \u010dipu V\u00e1\u0161ho preukazu. \u010eakujeme za pochopenie. https:\/\/upjs-kosice.tematickemapy.sk\/prezentacia\/index.html<\/p>\n","protected":false},"author":16,"featured_media":0,"parent":12804,"menu_order":11,"comment_status":"closed","ping_status":"closed","template":"","meta":{"_acf_changed":false,"_editorskit_title_hidden":false,"_editorskit_reading_time":1,"_editorskit_is_block_options_detached":false,"_editorskit_block_options_position":"{}","footnotes":""},"categories":[],"tags":[],"class_list":["post-14733","page","type-page","status-publish","hentry"],"acf":{"acf_link_na_externy_obsah":""},"yoast_head":"<!-- This site is optimized with the Yoast SEO plugin v27.4 - https:\/\/yoast.com\/product\/yoast-seo-wordpress\/ -->\n<title>Kontakt AIO - Centrum informa\u010dn\u00fdch a komunika\u010dn\u00fdch technol\u00f3gi\u00ed | UPJ\u0160<\/title>\n<meta name=\"robots\" content=\"index, follow, max-snippet:-1, max-image-preview:large, max-video-preview:-1\" \/>\n<link rel=\"canonical\" href=\"https:\/\/www.upjs.sk\/pracoviska\/ciakt\/aio\/kontakt-aio\/\" \/>\n<meta property=\"og:locale\" content=\"sk_SK\" \/>\n<meta property=\"og:type\" content=\"article\" \/>\n<meta property=\"og:title\" content=\"Kontakt AIO - Centrum informa\u010dn\u00fdch a komunika\u010dn\u00fdch technol\u00f3gi\u00ed | UPJ\u0160\" \/>\n<meta property=\"og:description\" content=\"Spr\u00e1va AIO, CIaKT UPJ\u0160 v Ko\u0161iciach\u0160rob\u00e1rova 2, 1. poschodie, \u010d. dver\u00ed 120 041 80 Ko\u0161icee-mail: aio@upjs.sk Zamestnanci:Ing. M\u00e1ria Vel\u0161midov\u00e1e-mail: maria.velsmidova@upjs.skTel.: 055 234 1514 Ing. Erika Ondrejov\u00e1e-mail: erika.ondrejova@upjs.skTel.: 055 234 1512 Spr\u00e1vcovia AIS \u017diadame V\u00e1s o kontaktovanie emailom. Pri komunik\u00e1cii uve\u010fte fakultu a \u010d\u00edslo \u010dipu V\u00e1\u0161ho preukazu. \u010eakujeme za pochopenie. https:\/\/upjs-kosice.tematickemapy.sk\/prezentacia\/index.html\" \/>\n<meta property=\"og:url\" content=\"https:\/\/www.upjs.sk\/pracoviska\/ciakt\/aio\/kontakt-aio\/\" \/>\n<meta property=\"og:site_name\" content=\"Centrum informa\u010dn\u00fdch a komunika\u010dn\u00fdch technol\u00f3gi\u00ed | UPJ\u0160\" \/>\n<meta property=\"article:modified_time\" content=\"2026-02-02T10:15:32+00:00\" \/>\n<meta property=\"og:image\" content=\"http:\/\/www.upjs.sk\/\/app\/uploads\/sites\/17\/2022\/10\/VirtualnaPrehliadka.jpg\" \/>\n<meta name=\"twitter:card\" content=\"summary_large_image\" \/>\n<meta name=\"twitter:label1\" content=\"Predpokladan\u00fd \u010das \u010d\u00edtania\" \/>\n\t<meta name=\"twitter:data1\" content=\"1 min\u00fata\" \/>\n<script type=\"application\/ld+json\" class=\"yoast-schema-graph\">{\"@context\":\"https:\\\/\\\/schema.org\",\"@graph\":[{\"@type\":\"WebPage\",\"@id\":\"https:\\\/\\\/www.upjs.sk\\\/pracoviska\\\/ciakt\\\/aio\\\/kontakt-aio\\\/\",\"url\":\"https:\\\/\\\/www.upjs.sk\\\/pracoviska\\\/ciakt\\\/aio\\\/kontakt-aio\\\/\",\"name\":\"Kontakt AIO - Centrum informa\u010dn\u00fdch a komunika\u010dn\u00fdch technol\u00f3gi\u00ed | UPJ\u0160\",\"isPartOf\":{\"@id\":\"https:\\\/\\\/www.upjs.sk\\\/pracoviska\\\/ciakt\\\/#website\"},\"primaryImageOfPage\":{\"@id\":\"https:\\\/\\\/www.upjs.sk\\\/pracoviska\\\/ciakt\\\/aio\\\/kontakt-aio\\\/#primaryimage\"},\"image\":{\"@id\":\"https:\\\/\\\/www.upjs.sk\\\/pracoviska\\\/ciakt\\\/aio\\\/kontakt-aio\\\/#primaryimage\"},\"thumbnailUrl\":\"http:\\\/\\\/www.upjs.sk\\\/\\\/app\\\/uploads\\\/sites\\\/17\\\/2022\\\/10\\\/VirtualnaPrehliadka.jpg\",\"datePublished\":\"2023-04-24T12:59:04+00:00\",\"dateModified\":\"2026-02-02T10:15:32+00:00\",\"breadcrumb\":{\"@id\":\"https:\\\/\\\/www.upjs.sk\\\/pracoviska\\\/ciakt\\\/aio\\\/kontakt-aio\\\/#breadcrumb\"},\"inLanguage\":\"sk-SK\",\"potentialAction\":[{\"@type\":\"ReadAction\",\"target\":[\"https:\\\/\\\/www.upjs.sk\\\/pracoviska\\\/ciakt\\\/aio\\\/kontakt-aio\\\/\"]}]},{\"@type\":\"ImageObject\",\"inLanguage\":\"sk-SK\",\"@id\":\"https:\\\/\\\/www.upjs.sk\\\/pracoviska\\\/ciakt\\\/aio\\\/kontakt-aio\\\/#primaryimage\",\"url\":\"http:\\\/\\\/www.upjs.sk\\\/\\\/app\\\/uploads\\\/sites\\\/17\\\/2022\\\/10\\\/VirtualnaPrehliadka.jpg\",\"contentUrl\":\"http:\\\/\\\/www.upjs.sk\\\/\\\/app\\\/uploads\\\/sites\\\/17\\\/2022\\\/10\\\/VirtualnaPrehliadka.jpg\"},{\"@type\":\"BreadcrumbList\",\"@id\":\"https:\\\/\\\/www.upjs.sk\\\/pracoviska\\\/ciakt\\\/aio\\\/kontakt-aio\\\/#breadcrumb\",\"itemListElement\":[{\"@type\":\"ListItem\",\"position\":1,\"name\":\"Home\",\"item\":\"https:\\\/\\\/www.upjs.sk\\\/pracoviska\\\/ciakt\\\/\"},{\"@type\":\"ListItem\",\"position\":2,\"name\":\"Spr\u00e1va syst\u00e9mu Automatickej identifik\u00e1cie os\u00f4b UPJ\u0160 (AIO)\",\"item\":\"https:\\\/\\\/www.upjs.sk\\\/pracoviska\\\/ciakt\\\/aio\\\/\"},{\"@type\":\"ListItem\",\"position\":3,\"name\":\"Kontakt AIO\"}]},{\"@type\":\"WebSite\",\"@id\":\"https:\\\/\\\/www.upjs.sk\\\/pracoviska\\\/ciakt\\\/#website\",\"url\":\"https:\\\/\\\/www.upjs.sk\\\/pracoviska\\\/ciakt\\\/\",\"name\":\"Centrum informa\u010dn\u00fdch a komunika\u010dn\u00fdch technol\u00f3gi\u00ed | UPJ\u0160\",\"description\":\"\",\"publisher\":{\"@id\":\"https:\\\/\\\/www.upjs.sk\\\/pracoviska\\\/ciakt\\\/#organization\"},\"potentialAction\":[{\"@type\":\"SearchAction\",\"target\":{\"@type\":\"EntryPoint\",\"urlTemplate\":\"https:\\\/\\\/www.upjs.sk\\\/pracoviska\\\/ciakt\\\/?s={search_term_string}\"},\"query-input\":{\"@type\":\"PropertyValueSpecification\",\"valueRequired\":true,\"valueName\":\"search_term_string\"}}],\"inLanguage\":\"sk-SK\"},{\"@type\":\"Organization\",\"@id\":\"https:\\\/\\\/www.upjs.sk\\\/pracoviska\\\/ciakt\\\/#organization\",\"name\":\"Centrum informa\u010dn\u00fdch a komunika\u010dn\u00fdch technol\u00f3gi\u00ed | UPJ\u0160\",\"url\":\"https:\\\/\\\/www.upjs.sk\\\/pracoviska\\\/ciakt\\\/\",\"logo\":{\"@type\":\"ImageObject\",\"inLanguage\":\"sk-SK\",\"@id\":\"https:\\\/\\\/www.upjs.sk\\\/pracoviska\\\/ciakt\\\/#\\\/schema\\\/logo\\\/image\\\/\",\"url\":\"https:\\\/\\\/www.upjs.sk\\\/app\\\/uploads\\\/sites\\\/17\\\/2023\\\/01\\\/CIaKT-1.svg\",\"contentUrl\":\"https:\\\/\\\/www.upjs.sk\\\/app\\\/uploads\\\/sites\\\/17\\\/2023\\\/01\\\/CIaKT-1.svg\",\"width\":500,\"height\":138,\"caption\":\"Centrum informa\u010dn\u00fdch a komunika\u010dn\u00fdch technol\u00f3gi\u00ed | UPJ\u0160\"},\"image\":{\"@id\":\"https:\\\/\\\/www.upjs.sk\\\/pracoviska\\\/ciakt\\\/#\\\/schema\\\/logo\\\/image\\\/\"}}]}<\/script>\n<!-- \/ Yoast SEO plugin. -->","yoast_head_json":{"title":"Kontakt AIO - Centrum informa\u010dn\u00fdch a komunika\u010dn\u00fdch technol\u00f3gi\u00ed | UPJ\u0160","robots":{"index":"index","follow":"follow","max-snippet":"max-snippet:-1","max-image-preview":"max-image-preview:large","max-video-preview":"max-video-preview:-1"},"canonical":"https:\/\/www.upjs.sk\/pracoviska\/ciakt\/aio\/kontakt-aio\/","og_locale":"sk_SK","og_type":"article","og_title":"Kontakt AIO - Centrum informa\u010dn\u00fdch a komunika\u010dn\u00fdch technol\u00f3gi\u00ed | UPJ\u0160","og_description":"Spr\u00e1va AIO, CIaKT UPJ\u0160 v Ko\u0161iciach\u0160rob\u00e1rova 2, 1. poschodie, \u010d. dver\u00ed 120 041 80 Ko\u0161icee-mail: aio@upjs.sk Zamestnanci:Ing. M\u00e1ria Vel\u0161midov\u00e1e-mail: maria.velsmidova@upjs.skTel.: 055 234 1514 Ing. Erika Ondrejov\u00e1e-mail: erika.ondrejova@upjs.skTel.: 055 234 1512 Spr\u00e1vcovia AIS \u017diadame V\u00e1s o kontaktovanie emailom. Pri komunik\u00e1cii uve\u010fte fakultu a \u010d\u00edslo \u010dipu V\u00e1\u0161ho preukazu. \u010eakujeme za pochopenie. https:\/\/upjs-kosice.tematickemapy.sk\/prezentacia\/index.html","og_url":"https:\/\/www.upjs.sk\/pracoviska\/ciakt\/aio\/kontakt-aio\/","og_site_name":"Centrum informa\u010dn\u00fdch a komunika\u010dn\u00fdch technol\u00f3gi\u00ed | UPJ\u0160","article_modified_time":"2026-02-02T10:15:32+00:00","og_image":[{"url":"http:\/\/www.upjs.sk\/\/app\/uploads\/sites\/17\/2022\/10\/VirtualnaPrehliadka.jpg","type":"","width":"","height":""}],"twitter_card":"summary_large_image","twitter_misc":{"Predpokladan\u00fd \u010das \u010d\u00edtania":"1 min\u00fata"},"schema":{"@context":"https:\/\/schema.org","@graph":[{"@type":"WebPage","@id":"https:\/\/www.upjs.sk\/pracoviska\/ciakt\/aio\/kontakt-aio\/","url":"https:\/\/www.upjs.sk\/pracoviska\/ciakt\/aio\/kontakt-aio\/","name":"Kontakt AIO - Centrum informa\u010dn\u00fdch a komunika\u010dn\u00fdch technol\u00f3gi\u00ed | UPJ\u0160","isPartOf":{"@id":"https:\/\/www.upjs.sk\/pracoviska\/ciakt\/#website"},"primaryImageOfPage":{"@id":"https:\/\/www.upjs.sk\/pracoviska\/ciakt\/aio\/kontakt-aio\/#primaryimage"},"image":{"@id":"https:\/\/www.upjs.sk\/pracoviska\/ciakt\/aio\/kontakt-aio\/#primaryimage"},"thumbnailUrl":"http:\/\/www.upjs.sk\/\/app\/uploads\/sites\/17\/2022\/10\/VirtualnaPrehliadka.jpg","datePublished":"2023-04-24T12:59:04+00:00","dateModified":"2026-02-02T10:15:32+00:00","breadcrumb":{"@id":"https:\/\/www.upjs.sk\/pracoviska\/ciakt\/aio\/kontakt-aio\/#breadcrumb"},"inLanguage":"sk-SK","potentialAction":[{"@type":"ReadAction","target":["https:\/\/www.upjs.sk\/pracoviska\/ciakt\/aio\/kontakt-aio\/"]}]},{"@type":"ImageObject","inLanguage":"sk-SK","@id":"https:\/\/www.upjs.sk\/pracoviska\/ciakt\/aio\/kontakt-aio\/#primaryimage","url":"http:\/\/www.upjs.sk\/\/app\/uploads\/sites\/17\/2022\/10\/VirtualnaPrehliadka.jpg","contentUrl":"http:\/\/www.upjs.sk\/\/app\/uploads\/sites\/17\/2022\/10\/VirtualnaPrehliadka.jpg"},{"@type":"BreadcrumbList","@id":"https:\/\/www.upjs.sk\/pracoviska\/ciakt\/aio\/kontakt-aio\/#breadcrumb","itemListElement":[{"@type":"ListItem","position":1,"name":"Home","item":"https:\/\/www.upjs.sk\/pracoviska\/ciakt\/"},{"@type":"ListItem","position":2,"name":"Spr\u00e1va syst\u00e9mu Automatickej identifik\u00e1cie os\u00f4b UPJ\u0160 (AIO)","item":"https:\/\/www.upjs.sk\/pracoviska\/ciakt\/aio\/"},{"@type":"ListItem","position":3,"name":"Kontakt AIO"}]},{"@type":"WebSite","@id":"https:\/\/www.upjs.sk\/pracoviska\/ciakt\/#website","url":"https:\/\/www.upjs.sk\/pracoviska\/ciakt\/","name":"Centrum informa\u010dn\u00fdch a komunika\u010dn\u00fdch technol\u00f3gi\u00ed | UPJ\u0160","description":"","publisher":{"@id":"https:\/\/www.upjs.sk\/pracoviska\/ciakt\/#organization"},"potentialAction":[{"@type":"SearchAction","target":{"@type":"EntryPoint","urlTemplate":"https:\/\/www.upjs.sk\/pracoviska\/ciakt\/?s={search_term_string}"},"query-input":{"@type":"PropertyValueSpecification","valueRequired":true,"valueName":"search_term_string"}}],"inLanguage":"sk-SK"},{"@type":"Organization","@id":"https:\/\/www.upjs.sk\/pracoviska\/ciakt\/#organization","name":"Centrum informa\u010dn\u00fdch a komunika\u010dn\u00fdch technol\u00f3gi\u00ed | UPJ\u0160","url":"https:\/\/www.upjs.sk\/pracoviska\/ciakt\/","logo":{"@type":"ImageObject","inLanguage":"sk-SK","@id":"https:\/\/www.upjs.sk\/pracoviska\/ciakt\/#\/schema\/logo\/image\/","url":"https:\/\/www.upjs.sk\/app\/uploads\/sites\/17\/2023\/01\/CIaKT-1.svg","contentUrl":"https:\/\/www.upjs.sk\/app\/uploads\/sites\/17\/2023\/01\/CIaKT-1.svg","width":500,"height":138,"caption":"Centrum informa\u010dn\u00fdch a komunika\u010dn\u00fdch technol\u00f3gi\u00ed | UPJ\u0160"},"image":{"@id":"https:\/\/www.upjs.sk\/pracoviska\/ciakt\/#\/schema\/logo\/image\/"}}]}},"_links":{"self":[{"href":"https:\/\/www.upjs.sk\/pracoviska\/ciakt\/wp-json\/wp\/v2\/pages\/14733","targetHints":{"allow":["GET"]}}],"collection":[{"href":"https:\/\/www.upjs.sk\/pracoviska\/ciakt\/wp-json\/wp\/v2\/pages"}],"about":[{"href":"https:\/\/www.upjs.sk\/pracoviska\/ciakt\/wp-json\/wp\/v2\/types\/page"}],"author":[{"embeddable":true,"href":"https:\/\/www.upjs.sk\/pracoviska\/ciakt\/wp-json\/wp\/v2\/users\/16"}],"replies":[{"embeddable":true,"href":"https:\/\/www.upjs.sk\/pracoviska\/ciakt\/wp-json\/wp\/v2\/comments?post=14733"}],"version-history":[{"count":12,"href":"https:\/\/www.upjs.sk\/pracoviska\/ciakt\/wp-json\/wp\/v2\/pages\/14733\/revisions"}],"predecessor-version":[{"id":16527,"href":"https:\/\/www.upjs.sk\/pracoviska\/ciakt\/wp-json\/wp\/v2\/pages\/14733\/revisions\/16527"}],"up":[{"embeddable":true,"href":"https:\/\/www.upjs.sk\/pracoviska\/ciakt\/wp-json\/wp\/v2\/pages\/12804"}],"wp:attachment":[{"href":"https:\/\/www.upjs.sk\/pracoviska\/ciakt\/wp-json\/wp\/v2\/media?parent=14733"}],"wp:term":[{"taxonomy":"category","embeddable":true,"href":"https:\/\/www.upjs.sk\/pracoviska\/ciakt\/wp-json\/wp\/v2\/categories?post=14733"},{"taxonomy":"post_tag","embeddable":true,"href":"https:\/\/www.upjs.sk\/pracoviska\/ciakt\/wp-json\/wp\/v2\/tags?post=14733"}],"curies":[{"name":"wp","href":"https:\/\/api.w.org\/{rel}","templated":true}]}}