{"id":15472,"date":"2024-02-20T13:40:39","date_gmt":"2024-02-20T13:40:39","guid":{"rendered":"https:\/\/www.upjs.sk\/pracoviska\/ciakt\/?page_id=15472"},"modified":"2024-05-29T08:01:35","modified_gmt":"2024-05-29T08:01:35","slug":"ubytovanie","status":"publish","type":"page","link":"https:\/\/www.upjs.sk\/pracoviska\/ciakt\/uninfos-2024\/ubytovanie\/","title":{"rendered":"Ubytovanie"},"content":{"rendered":"<style>.kb-image15472_c4d939-11 .kb-image-has-overlay:after{opacity:0.3;border-top-left-radius:15px;border-top-right-radius:15px;border-bottom-right-radius:15px;border-bottom-left-radius:15px;}.kb-image15472_c4d939-11 img.kb-img, .kb-image15472_c4d939-11 .kb-img img{border-top-left-radius:15px;border-top-right-radius:15px;border-bottom-right-radius:15px;border-bottom-left-radius:15px;}<\/style>\n<div class=\"wp-block-kadence-image kb-image15472_c4d939-11\"><figure class=\"aligncenter\"><a href=\"https:\/\/www.upjs.sk\/pracoviska\/ciakt\/uninfos-2024\/\" class=\"kb-advanced-image-link\"><img loading=\"lazy\" decoding=\"async\" width=\"1024\" height=\"200\" src=\"https:\/\/www.upjs.sk\/app\/uploads\/sites\/17\/2024\/03\/banner-uninfos-1.png\" alt=\"\" class=\"kb-img wp-image-15670\" srcset=\"https:\/\/www.upjs.sk\/app\/uploads\/sites\/17\/2024\/03\/banner-uninfos-1.png 1024w, https:\/\/www.upjs.sk\/app\/uploads\/sites\/17\/2024\/03\/banner-uninfos-1-300x59.png 300w, https:\/\/www.upjs.sk\/app\/uploads\/sites\/17\/2024\/03\/banner-uninfos-1-768x150.png 768w\" sizes=\"auto, (max-width: 1024px) 100vw, 1024px\" \/><\/a><\/figure><\/div>\n\n\n<style>.wp-block-kadence-spacer.kt-block-spacer-15472_2741cb-78 .kt-block-spacer{height:6px;}.wp-block-kadence-spacer.kt-block-spacer-15472_2741cb-78 .kt-divider{border-top-width:1px;height:1px;border-top-color:#C19152;width:90%;border-top-style:solid;}<\/style>\n<div class=\"wp-block-kadence-spacer aligncenter kt-block-spacer-15472_2741cb-78\"><div class=\"kt-block-spacer kt-block-spacer-halign-center\"><hr class=\"kt-divider\"\/><\/div><\/div>\n\n\n\n<figure class=\"wp-block-table is-style-stripes\"><table><thead><tr><th class=\"has-text-align-left\" data-align=\"left\"><mark style=\"background-color:rgba(0, 0, 0, 0)\" class=\"has-inline-color has-zakladna-zlata-color\">\u0160D UPJ\u0160:<\/mark><\/th><\/tr><\/thead><tbody><tr><td class=\"has-text-align-left\" data-align=\"left\"><a href=\"http:\/\/www.upjs.sk\/pracoviska\/studentske-domovy-jedalne\/\" target=\"_blank\" rel=\"noreferrer noopener\">www.upjs.sk<\/a>&nbsp;&nbsp;&nbsp;&nbsp;&nbsp;&nbsp;<a href=\"http:\/\/forms.upjs.sk\/ubytovanie\/sdaj\" target=\"_blank\" rel=\"noreferrer noopener\">Objedn\u00e1vac\u00ed formul\u00e1r<\/a><\/td><\/tr><tr><td class=\"has-text-align-left\" data-align=\"left\">Hos\u0165ovsk\u00e1 jednoposte\u013eov\u00e1 izba \u2013 17,- \u20ac + 2,50 \u20ac l\u00f4\u017eko\/noc<\/td><\/tr><tr><td class=\"has-text-align-left\" data-align=\"left\">Hos\u0165ovsk\u00e1 dvojposte\u013eov\u00e1 izba \u2013 17,- \u20ac + 2,50 \u20ac l\u00f4\u017eko\/noc<\/td><\/tr><\/tbody><\/table><figcaption class=\"wp-element-caption\">Pri prihlasovan\u00ed na ubytovanie je potrebn\u00e9 uvies\u0165, \u017ee ste \u00fa\u010dastn\u00edkmi konferencie UNINFOS 2024. Ubytovanie odpor\u00fa\u010dame v \u0160D Medick\u00e1, ktor\u00e9 s\u00fa v pe\u0161ej vzdialenosti od konania konferencie.<\/figcaption><\/figure>\n\n\n\n<figure class=\"wp-block-table is-style-stripes\"><table><thead><tr><th class=\"has-text-align-left\" data-align=\"left\">\u010eal\u0161ie mo\u017enosti ubytovania v okol\u00ed konania konferencie:<\/th><\/tr><\/thead><tbody><tr><td class=\"has-text-align-left\" data-align=\"left\"><a href=\"https:\/\/penzionhradbova.sk\/\" target=\"_blank\" aria-label=\" (opens in a new tab)\" rel=\"noreferrer noopener\" class=\"ek-link\"><strong><mark style=\"background-color:rgba(0, 0, 0, 0)\" class=\"has-inline-color has-zakladna-zlata-color\">Penzi\u00f3n Hradbov\u00e1<\/mark><\/strong><\/a><\/td><\/tr><tr><td class=\"has-text-align-left\" data-align=\"left\"><a aria-label=\"Penzi\u00f3n Beryl (opens in a new tab)\" href=\"http:\/\/www.penzionberyl.sk\/\" target=\"_blank\" rel=\"noreferrer noopener\" class=\"ek-link\"><strong><mark style=\"background-color:rgba(0, 0, 0, 0)\" class=\"has-inline-color has-zakladna-zlata-color\">Penzi\u00f3n Beryl<\/mark><\/strong><\/a> &#8211; <a href=\"https:\/\/www.booking.com\/hotel\/sk\/penzion-beryl.sk.html?aid=356980&amp;label=gog235jc-1DCAsozQFCDXBlbnppb24tYmVyeWxIIlgDaM0BiAEBmAEiuAEXyAEP2AED6AEB-AECiAIBqAIDuALY6eevBsACAdICJDFhODQ3OWQwLWZjMmYtNDZjYi05Y2EzLTJiNzllZjc1NzQyZtgCBOACAQ&amp;sid=84a3b5c18e4277b07ea2af55965a8166&amp;age=0&amp;checkin=2024-06-13&amp;checkout=2024-06-14&amp;dest_id=-843247&amp;dest_type=city&amp;dist=0&amp;do_availability_check=1&amp;group_adults=1&amp;group_children=1&amp;hp_avform=1&amp;hp_group_set=0&amp;no_rooms=1&amp;origin=hp&amp;sb_price_type=total&amp;src=hotel&amp;type=total&amp;#group_recommendation\" class=\"ek-link\">Booking <\/a>&#8211; od 70,-\u20ac + 2,5 \u20ac l\u00f4\u017eko\/noc<\/td><\/tr><tr><td class=\"has-text-align-left\" data-align=\"left\"><strong><a href=\"https:\/\/www.hotelteledom.sk\/\" target=\"_blank\" aria-label=\" (opens in a new tab)\" rel=\"noreferrer noopener\" class=\"ek-link\"><mark style=\"background-color:rgba(0, 0, 0, 0)\" class=\"has-inline-color has-zakladna-zlata-color\">TeleDom Hotel<\/mark><\/a><\/strong> &#8211; <a href=\"https:\/\/www.booking.com\/hotel\/sk\/teledom-conference-center.sk.html\" class=\"ek-link\">Booking <\/a>&#8211; od 64,-\u20ac + 2,5 \u20ac l\u00f4\u017eko\/noc<\/td><\/tr><\/tbody><\/table><\/figure>\n\n\n\n<p class=\"has-medium-font-size\"><\/p>\n","protected":false},"excerpt":{"rendered":"<p>\u0160D UPJ\u0160: www.upjs.sk&nbsp;&nbsp;&nbsp;&nbsp;&nbsp;&nbsp;Objedn\u00e1vac\u00ed formul\u00e1r Hos\u0165ovsk\u00e1 jednoposte\u013eov\u00e1 izba \u2013 17,- \u20ac + 2,50 \u20ac l\u00f4\u017eko\/noc Hos\u0165ovsk\u00e1 dvojposte\u013eov\u00e1 izba \u2013 17,- \u20ac + 2,50 \u20ac l\u00f4\u017eko\/noc Pri prihlasovan\u00ed na ubytovanie je potrebn\u00e9 uvies\u0165, \u017ee ste \u00fa\u010dastn\u00edkmi konferencie UNINFOS 2024. Ubytovanie odpor\u00fa\u010dame v \u0160D Medick\u00e1, ktor\u00e9 s\u00fa v pe\u0161ej vzdialenosti od konania konferencie. \u010eal\u0161ie mo\u017enosti ubytovania v okol\u00ed &hellip; <a href=\"https:\/\/www.upjs.sk\/pracoviska\/ciakt\/uninfos-2024\/ubytovanie\/\">\u010c\u00edta\u0165 \u010falej<\/a><\/p>\n","protected":false},"author":14,"featured_media":0,"parent":15468,"menu_order":6,"comment_status":"closed","ping_status":"closed","template":"","meta":{"_acf_changed":false,"_editorskit_title_hidden":false,"_editorskit_reading_time":0,"_editorskit_is_block_options_detached":false,"_editorskit_block_options_position":"{}","footnotes":""},"categories":[],"tags":[],"class_list":["post-15472","page","type-page","status-publish","hentry"],"acf":{"acf_link_na_externy_obsah":""},"yoast_head":"<!-- This site is optimized with the Yoast SEO plugin v27.2 - https:\/\/yoast.com\/product\/yoast-seo-wordpress\/ -->\n<title>Ubytovanie - Centrum informa\u010dn\u00fdch a komunika\u010dn\u00fdch technol\u00f3gi\u00ed | UPJ\u0160<\/title>\n<meta name=\"robots\" content=\"index, follow, max-snippet:-1, max-image-preview:large, max-video-preview:-1\" \/>\n<link rel=\"canonical\" href=\"https:\/\/www.upjs.sk\/pracoviska\/ciakt\/uninfos-2024\/ubytovanie\/\" \/>\n<meta property=\"og:locale\" content=\"sk_SK\" \/>\n<meta property=\"og:type\" content=\"article\" \/>\n<meta property=\"og:title\" content=\"Ubytovanie - Centrum informa\u010dn\u00fdch a komunika\u010dn\u00fdch technol\u00f3gi\u00ed | UPJ\u0160\" \/>\n<meta property=\"og:description\" content=\"\u0160D UPJ\u0160: www.upjs.sk&nbsp;&nbsp;&nbsp;&nbsp;&nbsp;&nbsp;Objedn\u00e1vac\u00ed formul\u00e1r Hos\u0165ovsk\u00e1 jednoposte\u013eov\u00e1 izba \u2013 17,- \u20ac + 2,50 \u20ac l\u00f4\u017eko\/noc Hos\u0165ovsk\u00e1 dvojposte\u013eov\u00e1 izba \u2013 17,- \u20ac + 2,50 \u20ac l\u00f4\u017eko\/noc Pri prihlasovan\u00ed na ubytovanie je potrebn\u00e9 uvies\u0165, \u017ee ste \u00fa\u010dastn\u00edkmi konferencie UNINFOS 2024. Ubytovanie odpor\u00fa\u010dame v \u0160D Medick\u00e1, ktor\u00e9 s\u00fa v pe\u0161ej vzdialenosti od konania konferencie. \u010eal\u0161ie mo\u017enosti ubytovania v okol\u00ed &hellip; \u010c\u00edta\u0165 \u010falej\" \/>\n<meta property=\"og:url\" content=\"https:\/\/www.upjs.sk\/pracoviska\/ciakt\/uninfos-2024\/ubytovanie\/\" \/>\n<meta property=\"og:site_name\" content=\"Centrum informa\u010dn\u00fdch a komunika\u010dn\u00fdch technol\u00f3gi\u00ed | UPJ\u0160\" \/>\n<meta property=\"article:modified_time\" content=\"2024-05-29T08:01:35+00:00\" \/>\n<meta property=\"og:image\" content=\"https:\/\/www.upjs.sk\/app\/uploads\/sites\/17\/2024\/03\/banner-uninfos-1.png\" \/>\n<meta name=\"twitter:card\" content=\"summary_large_image\" \/>\n<meta name=\"twitter:label1\" content=\"Predpokladan\u00fd \u010das \u010d\u00edtania\" \/>\n\t<meta name=\"twitter:data1\" content=\"1 min\u00fata\" \/>\n<script type=\"application\/ld+json\" class=\"yoast-schema-graph\">{\"@context\":\"https:\/\/schema.org\",\"@graph\":[{\"@type\":\"WebPage\",\"@id\":\"https:\/\/www.upjs.sk\/pracoviska\/ciakt\/uninfos-2024\/ubytovanie\/\",\"url\":\"https:\/\/www.upjs.sk\/pracoviska\/ciakt\/uninfos-2024\/ubytovanie\/\",\"name\":\"Ubytovanie - Centrum informa\u010dn\u00fdch a komunika\u010dn\u00fdch technol\u00f3gi\u00ed | UPJ\u0160\",\"isPartOf\":{\"@id\":\"https:\/\/www.upjs.sk\/pracoviska\/ciakt\/#website\"},\"primaryImageOfPage\":{\"@id\":\"https:\/\/www.upjs.sk\/pracoviska\/ciakt\/uninfos-2024\/ubytovanie\/#primaryimage\"},\"image\":{\"@id\":\"https:\/\/www.upjs.sk\/pracoviska\/ciakt\/uninfos-2024\/ubytovanie\/#primaryimage\"},\"thumbnailUrl\":\"https:\/\/www.upjs.sk\/app\/uploads\/sites\/17\/2024\/03\/banner-uninfos-1.png\",\"datePublished\":\"2024-02-20T13:40:39+00:00\",\"dateModified\":\"2024-05-29T08:01:35+00:00\",\"breadcrumb\":{\"@id\":\"https:\/\/www.upjs.sk\/pracoviska\/ciakt\/uninfos-2024\/ubytovanie\/#breadcrumb\"},\"inLanguage\":\"sk-SK\",\"potentialAction\":[{\"@type\":\"ReadAction\",\"target\":[\"https:\/\/www.upjs.sk\/pracoviska\/ciakt\/uninfos-2024\/ubytovanie\/\"]}]},{\"@type\":\"ImageObject\",\"inLanguage\":\"sk-SK\",\"@id\":\"https:\/\/www.upjs.sk\/pracoviska\/ciakt\/uninfos-2024\/ubytovanie\/#primaryimage\",\"url\":\"https:\/\/www.upjs.sk\/app\/uploads\/sites\/17\/2024\/03\/banner-uninfos-1.png\",\"contentUrl\":\"https:\/\/www.upjs.sk\/app\/uploads\/sites\/17\/2024\/03\/banner-uninfos-1.png\"},{\"@type\":\"BreadcrumbList\",\"@id\":\"https:\/\/www.upjs.sk\/pracoviska\/ciakt\/uninfos-2024\/ubytovanie\/#breadcrumb\",\"itemListElement\":[{\"@type\":\"ListItem\",\"position\":1,\"name\":\"Home\",\"item\":\"https:\/\/www.upjs.sk\/pracoviska\/ciakt\/\"},{\"@type\":\"ListItem\",\"position\":2,\"name\":\"UNINFOS 2024\",\"item\":\"https:\/\/www.upjs.sk\/pracoviska\/ciakt\/uninfos-2024\/\"},{\"@type\":\"ListItem\",\"position\":3,\"name\":\"Ubytovanie\"}]},{\"@type\":\"WebSite\",\"@id\":\"https:\/\/www.upjs.sk\/pracoviska\/ciakt\/#website\",\"url\":\"https:\/\/www.upjs.sk\/pracoviska\/ciakt\/\",\"name\":\"Centrum informa\u010dn\u00fdch a komunika\u010dn\u00fdch technol\u00f3gi\u00ed | UPJ\u0160\",\"description\":\"\",\"publisher\":{\"@id\":\"https:\/\/www.upjs.sk\/pracoviska\/ciakt\/#organization\"},\"potentialAction\":[{\"@type\":\"SearchAction\",\"target\":{\"@type\":\"EntryPoint\",\"urlTemplate\":\"https:\/\/www.upjs.sk\/pracoviska\/ciakt\/?s={search_term_string}\"},\"query-input\":{\"@type\":\"PropertyValueSpecification\",\"valueRequired\":true,\"valueName\":\"search_term_string\"}}],\"inLanguage\":\"sk-SK\"},{\"@type\":\"Organization\",\"@id\":\"https:\/\/www.upjs.sk\/pracoviska\/ciakt\/#organization\",\"name\":\"Centrum informa\u010dn\u00fdch a komunika\u010dn\u00fdch technol\u00f3gi\u00ed | UPJ\u0160\",\"url\":\"https:\/\/www.upjs.sk\/pracoviska\/ciakt\/\",\"logo\":{\"@type\":\"ImageObject\",\"inLanguage\":\"sk-SK\",\"@id\":\"https:\/\/www.upjs.sk\/pracoviska\/ciakt\/#\/schema\/logo\/image\/\",\"url\":\"https:\/\/www.upjs.sk\/app\/uploads\/sites\/17\/2023\/01\/CIaKT-1.svg\",\"contentUrl\":\"https:\/\/www.upjs.sk\/app\/uploads\/sites\/17\/2023\/01\/CIaKT-1.svg\",\"width\":500,\"height\":138,\"caption\":\"Centrum informa\u010dn\u00fdch a komunika\u010dn\u00fdch technol\u00f3gi\u00ed | UPJ\u0160\"},\"image\":{\"@id\":\"https:\/\/www.upjs.sk\/pracoviska\/ciakt\/#\/schema\/logo\/image\/\"}}]}<\/script>\n<!-- \/ Yoast SEO plugin. -->","yoast_head_json":{"title":"Ubytovanie - Centrum informa\u010dn\u00fdch a komunika\u010dn\u00fdch technol\u00f3gi\u00ed | UPJ\u0160","robots":{"index":"index","follow":"follow","max-snippet":"max-snippet:-1","max-image-preview":"max-image-preview:large","max-video-preview":"max-video-preview:-1"},"canonical":"https:\/\/www.upjs.sk\/pracoviska\/ciakt\/uninfos-2024\/ubytovanie\/","og_locale":"sk_SK","og_type":"article","og_title":"Ubytovanie - Centrum informa\u010dn\u00fdch a komunika\u010dn\u00fdch technol\u00f3gi\u00ed | UPJ\u0160","og_description":"\u0160D UPJ\u0160: www.upjs.sk&nbsp;&nbsp;&nbsp;&nbsp;&nbsp;&nbsp;Objedn\u00e1vac\u00ed formul\u00e1r Hos\u0165ovsk\u00e1 jednoposte\u013eov\u00e1 izba \u2013 17,- \u20ac + 2,50 \u20ac l\u00f4\u017eko\/noc Hos\u0165ovsk\u00e1 dvojposte\u013eov\u00e1 izba \u2013 17,- \u20ac + 2,50 \u20ac l\u00f4\u017eko\/noc Pri prihlasovan\u00ed na ubytovanie je potrebn\u00e9 uvies\u0165, \u017ee ste \u00fa\u010dastn\u00edkmi konferencie UNINFOS 2024. Ubytovanie odpor\u00fa\u010dame v \u0160D Medick\u00e1, ktor\u00e9 s\u00fa v pe\u0161ej vzdialenosti od konania konferencie. \u010eal\u0161ie mo\u017enosti ubytovania v okol\u00ed &hellip; \u010c\u00edta\u0165 \u010falej","og_url":"https:\/\/www.upjs.sk\/pracoviska\/ciakt\/uninfos-2024\/ubytovanie\/","og_site_name":"Centrum informa\u010dn\u00fdch a komunika\u010dn\u00fdch technol\u00f3gi\u00ed | UPJ\u0160","article_modified_time":"2024-05-29T08:01:35+00:00","og_image":[{"url":"https:\/\/www.upjs.sk\/app\/uploads\/sites\/17\/2024\/03\/banner-uninfos-1.png","type":"","width":"","height":""}],"twitter_card":"summary_large_image","twitter_misc":{"Predpokladan\u00fd \u010das \u010d\u00edtania":"1 min\u00fata"},"schema":{"@context":"https:\/\/schema.org","@graph":[{"@type":"WebPage","@id":"https:\/\/www.upjs.sk\/pracoviska\/ciakt\/uninfos-2024\/ubytovanie\/","url":"https:\/\/www.upjs.sk\/pracoviska\/ciakt\/uninfos-2024\/ubytovanie\/","name":"Ubytovanie - Centrum informa\u010dn\u00fdch a komunika\u010dn\u00fdch technol\u00f3gi\u00ed | UPJ\u0160","isPartOf":{"@id":"https:\/\/www.upjs.sk\/pracoviska\/ciakt\/#website"},"primaryImageOfPage":{"@id":"https:\/\/www.upjs.sk\/pracoviska\/ciakt\/uninfos-2024\/ubytovanie\/#primaryimage"},"image":{"@id":"https:\/\/www.upjs.sk\/pracoviska\/ciakt\/uninfos-2024\/ubytovanie\/#primaryimage"},"thumbnailUrl":"https:\/\/www.upjs.sk\/app\/uploads\/sites\/17\/2024\/03\/banner-uninfos-1.png","datePublished":"2024-02-20T13:40:39+00:00","dateModified":"2024-05-29T08:01:35+00:00","breadcrumb":{"@id":"https:\/\/www.upjs.sk\/pracoviska\/ciakt\/uninfos-2024\/ubytovanie\/#breadcrumb"},"inLanguage":"sk-SK","potentialAction":[{"@type":"ReadAction","target":["https:\/\/www.upjs.sk\/pracoviska\/ciakt\/uninfos-2024\/ubytovanie\/"]}]},{"@type":"ImageObject","inLanguage":"sk-SK","@id":"https:\/\/www.upjs.sk\/pracoviska\/ciakt\/uninfos-2024\/ubytovanie\/#primaryimage","url":"https:\/\/www.upjs.sk\/app\/uploads\/sites\/17\/2024\/03\/banner-uninfos-1.png","contentUrl":"https:\/\/www.upjs.sk\/app\/uploads\/sites\/17\/2024\/03\/banner-uninfos-1.png"},{"@type":"BreadcrumbList","@id":"https:\/\/www.upjs.sk\/pracoviska\/ciakt\/uninfos-2024\/ubytovanie\/#breadcrumb","itemListElement":[{"@type":"ListItem","position":1,"name":"Home","item":"https:\/\/www.upjs.sk\/pracoviska\/ciakt\/"},{"@type":"ListItem","position":2,"name":"UNINFOS 2024","item":"https:\/\/www.upjs.sk\/pracoviska\/ciakt\/uninfos-2024\/"},{"@type":"ListItem","position":3,"name":"Ubytovanie"}]},{"@type":"WebSite","@id":"https:\/\/www.upjs.sk\/pracoviska\/ciakt\/#website","url":"https:\/\/www.upjs.sk\/pracoviska\/ciakt\/","name":"Centrum informa\u010dn\u00fdch a komunika\u010dn\u00fdch technol\u00f3gi\u00ed | UPJ\u0160","description":"","publisher":{"@id":"https:\/\/www.upjs.sk\/pracoviska\/ciakt\/#organization"},"potentialAction":[{"@type":"SearchAction","target":{"@type":"EntryPoint","urlTemplate":"https:\/\/www.upjs.sk\/pracoviska\/ciakt\/?s={search_term_string}"},"query-input":{"@type":"PropertyValueSpecification","valueRequired":true,"valueName":"search_term_string"}}],"inLanguage":"sk-SK"},{"@type":"Organization","@id":"https:\/\/www.upjs.sk\/pracoviska\/ciakt\/#organization","name":"Centrum informa\u010dn\u00fdch a komunika\u010dn\u00fdch technol\u00f3gi\u00ed | UPJ\u0160","url":"https:\/\/www.upjs.sk\/pracoviska\/ciakt\/","logo":{"@type":"ImageObject","inLanguage":"sk-SK","@id":"https:\/\/www.upjs.sk\/pracoviska\/ciakt\/#\/schema\/logo\/image\/","url":"https:\/\/www.upjs.sk\/app\/uploads\/sites\/17\/2023\/01\/CIaKT-1.svg","contentUrl":"https:\/\/www.upjs.sk\/app\/uploads\/sites\/17\/2023\/01\/CIaKT-1.svg","width":500,"height":138,"caption":"Centrum informa\u010dn\u00fdch a komunika\u010dn\u00fdch technol\u00f3gi\u00ed | UPJ\u0160"},"image":{"@id":"https:\/\/www.upjs.sk\/pracoviska\/ciakt\/#\/schema\/logo\/image\/"}}]}},"_links":{"self":[{"href":"https:\/\/www.upjs.sk\/pracoviska\/ciakt\/wp-json\/wp\/v2\/pages\/15472","targetHints":{"allow":["GET"]}}],"collection":[{"href":"https:\/\/www.upjs.sk\/pracoviska\/ciakt\/wp-json\/wp\/v2\/pages"}],"about":[{"href":"https:\/\/www.upjs.sk\/pracoviska\/ciakt\/wp-json\/wp\/v2\/types\/page"}],"author":[{"embeddable":true,"href":"https:\/\/www.upjs.sk\/pracoviska\/ciakt\/wp-json\/wp\/v2\/users\/14"}],"replies":[{"embeddable":true,"href":"https:\/\/www.upjs.sk\/pracoviska\/ciakt\/wp-json\/wp\/v2\/comments?post=15472"}],"version-history":[{"count":19,"href":"https:\/\/www.upjs.sk\/pracoviska\/ciakt\/wp-json\/wp\/v2\/pages\/15472\/revisions"}],"predecessor-version":[{"id":15901,"href":"https:\/\/www.upjs.sk\/pracoviska\/ciakt\/wp-json\/wp\/v2\/pages\/15472\/revisions\/15901"}],"up":[{"embeddable":true,"href":"https:\/\/www.upjs.sk\/pracoviska\/ciakt\/wp-json\/wp\/v2\/pages\/15468"}],"wp:attachment":[{"href":"https:\/\/www.upjs.sk\/pracoviska\/ciakt\/wp-json\/wp\/v2\/media?parent=15472"}],"wp:term":[{"taxonomy":"category","embeddable":true,"href":"https:\/\/www.upjs.sk\/pracoviska\/ciakt\/wp-json\/wp\/v2\/categories?post=15472"},{"taxonomy":"post_tag","embeddable":true,"href":"https:\/\/www.upjs.sk\/pracoviska\/ciakt\/wp-json\/wp\/v2\/tags?post=15472"}],"curies":[{"name":"wp","href":"https:\/\/api.w.org\/{rel}","templated":true}]}}