{"id":15474,"date":"2024-02-19T10:29:53","date_gmt":"2024-02-19T10:29:53","guid":{"rendered":"https:\/\/www.upjs.sk\/pracoviska\/ciakt\/?page_id=15474"},"modified":"2024-04-22T09:30:38","modified_gmt":"2024-04-22T09:30:38","slug":"uvod","status":"publish","type":"page","link":"https:\/\/www.upjs.sk\/pracoviska\/ciakt\/uninfos-2024\/uvod\/","title":{"rendered":"\u00davod"},"content":{"rendered":"<style>.kb-image15474_42539a-5a .kb-image-has-overlay:after{opacity:0.3;border-top-left-radius:15px;border-top-right-radius:15px;border-bottom-right-radius:15px;border-bottom-left-radius:15px;}.kb-image15474_42539a-5a img.kb-img, .kb-image15474_42539a-5a .kb-img img{border-top-left-radius:15px;border-top-right-radius:15px;border-bottom-right-radius:15px;border-bottom-left-radius:15px;}<\/style>\n<div class=\"wp-block-kadence-image kb-image15474_42539a-5a\"><figure class=\"aligncenter\"><a href=\"https:\/\/www.upjs.sk\/pracoviska\/ciakt\/uninfos-2024\/\" class=\"kb-advanced-image-link\"><img loading=\"lazy\" decoding=\"async\" width=\"1024\" height=\"200\" src=\"https:\/\/www.upjs.sk\/app\/uploads\/sites\/17\/2024\/03\/banner-uninfos-1.png\" alt=\"\" class=\"kb-img wp-image-15670\" srcset=\"https:\/\/www.upjs.sk\/app\/uploads\/sites\/17\/2024\/03\/banner-uninfos-1.png 1024w, https:\/\/www.upjs.sk\/app\/uploads\/sites\/17\/2024\/03\/banner-uninfos-1-300x59.png 300w, https:\/\/www.upjs.sk\/app\/uploads\/sites\/17\/2024\/03\/banner-uninfos-1-768x150.png 768w\" sizes=\"auto, (max-width: 1024px) 100vw, 1024px\" \/><\/a><\/figure><\/div>\n\n\n<style>.wp-block-kadence-spacer.kt-block-spacer-15474_851142-ab .kt-block-spacer{height:6px;}.wp-block-kadence-spacer.kt-block-spacer-15474_851142-ab .kt-divider{border-top-width:1px;height:1px;border-top-color:#C19152;width:90%;border-top-style:solid;}<\/style>\n<div class=\"wp-block-kadence-spacer aligncenter kt-block-spacer-15474_851142-ab\"><div class=\"kt-block-spacer kt-block-spacer-halign-center\"><hr class=\"kt-divider\"\/><\/div><\/div>\n\n\n\n<p class=\"has-text-align-center has-medium-font-size\"><mark style=\"background-color:rgba(0, 0, 0, 0)\" class=\"has-inline-color has-zakladna-modra-color\">Univerzita Pavla Jozef \u0160af\u00e1rika v Ko\u0161iciach<br>Centrum informa\u010dn\u00fdch a komunika\u010dn\u00fdch technol\u00f3gi\u00ed UPJ\u0160 v Ko\u0161iciach<br>a EUNIS Slovensko<\/mark><\/p>\n\n\n\n<p class=\"has-text-align-center has-medium-font-size\"><mark style=\"background-color:rgba(0, 0, 0, 0)\" class=\"has-inline-color has-zakladna-modra-color\">V\u00e1s poz\u00fdvaj\u00fa na<\/mark><\/p>\n\n\n\n<p class=\"has-text-align-center has-large-font-size\"><strong><mark style=\"background-color:rgba(0, 0, 0, 0)\" class=\"has-inline-color has-zakladna-zlata-color\">UNINFOS 2024<\/mark><\/strong><\/p>\n\n\n\n<p class=\"has-text-align-center has-medium-font-size\"><mark style=\"background-color:rgba(0, 0, 0, 0)\" class=\"has-inline-color has-zakladna-modra-color\">Univerzitn\u00e9 informa\u010dn\u00e9 syst\u00e9my<\/mark><\/p>\n\n\n\n<p class=\"has-text-align-center has-medium-font-size\"><mark style=\"background-color:rgba(0, 0, 0, 0)\" class=\"has-inline-color has-zakladna-modra-color\">Konferencia sa kon\u00e1 pod z\u00e1\u0161titou rektora prof. MUDr. Daniela Pellu, PhD.<\/mark><\/p>\n\n\n\n<p class=\"has-text-align-center has-medium-font-size\"><strong><mark style=\"background-color:rgba(0, 0, 0, 0)\" class=\"has-inline-color has-zakladna-modra-color\">12. a\u017e 14. j\u00fana 2024 v&nbsp;Ko\u0161iciach<\/mark><\/strong><\/p>\n\n\n<style>.wp-block-kadence-spacer.kt-block-spacer-15474_37182c-f5 .kt-block-spacer{height:20px;}.wp-block-kadence-spacer.kt-block-spacer-15474_37182c-f5 .kt-divider{border-top-width:1px;height:1px;border-top-color:#C19152;width:90%;border-top-style:solid;}<\/style>\n<div class=\"wp-block-kadence-spacer aligncenter kt-block-spacer-15474_37182c-f5\"><div class=\"kt-block-spacer kt-block-spacer-halign-center\"><hr class=\"kt-divider\"\/><\/div><\/div>\n\n\n<style>.kb-row-layout-id15474_eb686b-d1 > .kt-row-column-wrap{align-content:start;}:where(.kb-row-layout-id15474_eb686b-d1 > .kt-row-column-wrap) > .wp-block-kadence-column{justify-content:start;}.kb-row-layout-id15474_eb686b-d1 > .kt-row-column-wrap{column-gap:var(--global-kb-gap-md, 2rem);row-gap:var(--global-kb-gap-md, 2rem);padding-top:var(--global-kb-spacing-xxs, 0.5rem);padding-bottom:var(--global-kb-spacing-xxs, 0.5rem);grid-template-columns:repeat(2, minmax(0, 1fr));}.kb-row-layout-id15474_eb686b-d1 > .kt-row-layout-overlay{opacity:0.30;}@media all and (max-width: 1024px){.kb-row-layout-id15474_eb686b-d1 > .kt-row-column-wrap{grid-template-columns:repeat(2, minmax(0, 1fr));}}@media all and (max-width: 767px){.kb-row-layout-id15474_eb686b-d1 > .kt-row-column-wrap{grid-template-columns:minmax(0, 1fr);}}<\/style><div class=\"kb-row-layout-wrap kb-row-layout-id15474_eb686b-d1 alignnone wp-block-kadence-rowlayout\"><div class=\"kt-row-column-wrap kt-has-2-columns kt-row-layout-equal kt-tab-layout-inherit kt-mobile-layout-row kt-row-valign-top\">\n<style>.kadence-column15474_03ae6f-bb > .kt-inside-inner-col,.kadence-column15474_03ae6f-bb > .kt-inside-inner-col:before{border-top-left-radius:0px;border-top-right-radius:0px;border-bottom-right-radius:0px;border-bottom-left-radius:0px;}.kadence-column15474_03ae6f-bb > .kt-inside-inner-col{column-gap:var(--global-kb-gap-sm, 1rem);}.kadence-column15474_03ae6f-bb > .kt-inside-inner-col{flex-direction:column;}.kadence-column15474_03ae6f-bb > .kt-inside-inner-col > .aligncenter{width:100%;}.kadence-column15474_03ae6f-bb > .kt-inside-inner-col:before{opacity:0.3;}.kadence-column15474_03ae6f-bb{position:relative;}@media all and (max-width: 1024px){.kadence-column15474_03ae6f-bb > .kt-inside-inner-col{flex-direction:column;justify-content:center;}}@media all and (max-width: 767px){.kadence-column15474_03ae6f-bb > .kt-inside-inner-col{flex-direction:column;justify-content:center;}}<\/style>\n<div class=\"wp-block-kadence-column kadence-column15474_03ae6f-bb\"><div class=\"kt-inside-inner-col\">\n<p class=\"has-text-align-center has-medium-font-size\"><strong><mark style=\"background-color:rgba(0, 0, 0, 0)\" class=\"has-inline-color has-zakladna-zlata-color\">T\u00e9my konferencie:<\/mark><\/strong><\/p>\n\n\n\n<p class=\"has-text-align-center has-medium-font-size\"><mark style=\"background-color:rgba(0, 0, 0, 0)\" class=\"has-inline-color has-zakladna-modra-color\">\u25aa Kybernetick\u00e1 bezpe\u010dnos\u0165 univerzity<br>\u25aa Trendy IKT a\u00a0ich aplik\u00e1cia<\/mark><\/p>\n\n\n\n<p class=\"has-text-align-center\">Kontakt: <a href=\"mailto:uninfos2024@upjs.sk\" class=\"ek-link\">uninfos2024@upjs.sk<\/a><br>Web: <a href=\"http:\/\/uninfos2024.upjs.sk\" class=\"ek-link\">uninfos2024.upjs.sk<\/a><\/p>\n<\/div><\/div>\n\n\n<style>.kadence-column15474_5a0851-ca > .kt-inside-inner-col,.kadence-column15474_5a0851-ca > .kt-inside-inner-col:before{border-top-left-radius:0px;border-top-right-radius:0px;border-bottom-right-radius:0px;border-bottom-left-radius:0px;}.kadence-column15474_5a0851-ca > .kt-inside-inner-col{column-gap:var(--global-kb-gap-sm, 1rem);}.kadence-column15474_5a0851-ca > .kt-inside-inner-col{flex-direction:column;}.kadence-column15474_5a0851-ca > .kt-inside-inner-col > .aligncenter{width:100%;}.kadence-column15474_5a0851-ca > .kt-inside-inner-col:before{opacity:0.3;}.kadence-column15474_5a0851-ca{position:relative;}@media all and (max-width: 1024px){.kadence-column15474_5a0851-ca > .kt-inside-inner-col{flex-direction:column;justify-content:center;}}@media all and (max-width: 767px){.kadence-column15474_5a0851-ca > .kt-inside-inner-col{flex-direction:column;justify-content:center;}}<\/style>\n<div class=\"wp-block-kadence-column kadence-column15474_5a0851-ca\"><div class=\"kt-inside-inner-col\"><style>.kb-image15474_689cb4-e7.kb-image-is-ratio-size, .kb-image15474_689cb4-e7 .kb-image-is-ratio-size{max-width:352px;width:100%;}.wp-block-kadence-column > .kt-inside-inner-col > .kb-image15474_689cb4-e7.kb-image-is-ratio-size, .wp-block-kadence-column > .kt-inside-inner-col > .kb-image15474_689cb4-e7 .kb-image-is-ratio-size{align-self:unset;}.kb-image15474_689cb4-e7 figure{max-width:352px;}.kb-image15474_689cb4-e7 .image-is-svg, .kb-image15474_689cb4-e7 .image-is-svg img{width:100%;}.kb-image15474_689cb4-e7 .kb-image-has-overlay:after{opacity:0.3;}<\/style>\n<div class=\"wp-block-kadence-image kb-image15474_689cb4-e7\"><figure class=\"aligncenter size-large\"><a href=\"https:\/\/www.upjs.sk\/app\/uploads\/sites\/17\/2024\/03\/UNINFOS_plagat.png\" class=\"kb-advanced-image-link\" target=\"_blank\" rel=\"noopener noreferrer\"><img loading=\"lazy\" decoding=\"async\" width=\"724\" height=\"1024\" src=\"https:\/\/www.upjs.sk\/app\/uploads\/sites\/17\/2024\/03\/UNINFOS_plagat-724x1024.png\" alt=\"\" class=\"kb-img wp-image-15580\" srcset=\"https:\/\/www.upjs.sk\/app\/uploads\/sites\/17\/2024\/03\/UNINFOS_plagat-724x1024.png 724w, https:\/\/www.upjs.sk\/app\/uploads\/sites\/17\/2024\/03\/UNINFOS_plagat-212x300.png 212w, https:\/\/www.upjs.sk\/app\/uploads\/sites\/17\/2024\/03\/UNINFOS_plagat-768x1086.png 768w, https:\/\/www.upjs.sk\/app\/uploads\/sites\/17\/2024\/03\/UNINFOS_plagat-1086x1536.png 1086w, https:\/\/www.upjs.sk\/app\/uploads\/sites\/17\/2024\/03\/UNINFOS_plagat.png 1414w\" sizes=\"auto, (max-width: 724px) 100vw, 724px\" \/><\/a><\/figure><\/div>\n<\/div><\/div>\n\n<\/div><\/div>","protected":false},"excerpt":{"rendered":"<p>Univerzita Pavla Jozef \u0160af\u00e1rika v Ko\u0161iciachCentrum informa\u010dn\u00fdch a komunika\u010dn\u00fdch technol\u00f3gi\u00ed UPJ\u0160 v Ko\u0161iciacha EUNIS Slovensko V\u00e1s poz\u00fdvaj\u00fa na UNINFOS 2024 Univerzitn\u00e9 informa\u010dn\u00e9 syst\u00e9my Konferencia sa kon\u00e1 pod z\u00e1\u0161titou rektora prof. MUDr. Daniela Pellu, PhD. 12. a\u017e 14. j\u00fana 2024 v&nbsp;Ko\u0161iciach T\u00e9my konferencie: \u25aa Kybernetick\u00e1 bezpe\u010dnos\u0165 univerzity\u25aa Trendy IKT a\u00a0ich aplik\u00e1cia Kontakt: uninfos2024@upjs.skWeb: uninfos2024.upjs.sk<\/p>\n","protected":false},"author":14,"featured_media":0,"parent":15468,"menu_order":0,"comment_status":"closed","ping_status":"closed","template":"","meta":{"_acf_changed":false,"_editorskit_title_hidden":false,"_editorskit_reading_time":0,"_editorskit_is_block_options_detached":false,"_editorskit_block_options_position":"{}","footnotes":""},"categories":[],"tags":[],"class_list":["post-15474","page","type-page","status-publish","hentry"],"acf":{"acf_link_na_externy_obsah":""},"yoast_head":"<!-- This site is optimized with the Yoast SEO plugin v27.4 - https:\/\/yoast.com\/product\/yoast-seo-wordpress\/ -->\n<title>\u00davod - Centrum informa\u010dn\u00fdch a komunika\u010dn\u00fdch technol\u00f3gi\u00ed | UPJ\u0160<\/title>\n<meta name=\"robots\" content=\"index, follow, max-snippet:-1, max-image-preview:large, max-video-preview:-1\" \/>\n<link rel=\"canonical\" href=\"https:\/\/www.upjs.sk\/pracoviska\/ciakt\/uninfos-2024\/uvod\/\" \/>\n<meta property=\"og:locale\" content=\"sk_SK\" \/>\n<meta property=\"og:type\" content=\"article\" \/>\n<meta property=\"og:title\" content=\"\u00davod - Centrum informa\u010dn\u00fdch a komunika\u010dn\u00fdch technol\u00f3gi\u00ed | UPJ\u0160\" \/>\n<meta property=\"og:description\" content=\"Univerzita Pavla Jozef \u0160af\u00e1rika v Ko\u0161iciachCentrum informa\u010dn\u00fdch a komunika\u010dn\u00fdch technol\u00f3gi\u00ed UPJ\u0160 v Ko\u0161iciacha EUNIS Slovensko V\u00e1s poz\u00fdvaj\u00fa na UNINFOS 2024 Univerzitn\u00e9 informa\u010dn\u00e9 syst\u00e9my Konferencia sa kon\u00e1 pod z\u00e1\u0161titou rektora prof. MUDr. Daniela Pellu, PhD. 12. a\u017e 14. j\u00fana 2024 v&nbsp;Ko\u0161iciach T\u00e9my konferencie: \u25aa Kybernetick\u00e1 bezpe\u010dnos\u0165 univerzity\u25aa Trendy IKT a\u00a0ich aplik\u00e1cia Kontakt: uninfos2024@upjs.skWeb: uninfos2024.upjs.sk\" \/>\n<meta property=\"og:url\" content=\"https:\/\/www.upjs.sk\/pracoviska\/ciakt\/uninfos-2024\/uvod\/\" \/>\n<meta property=\"og:site_name\" content=\"Centrum informa\u010dn\u00fdch a komunika\u010dn\u00fdch technol\u00f3gi\u00ed | UPJ\u0160\" \/>\n<meta property=\"article:modified_time\" content=\"2024-04-22T09:30:38+00:00\" \/>\n<meta property=\"og:image\" content=\"https:\/\/www.upjs.sk\/app\/uploads\/sites\/17\/2024\/03\/banner-uninfos-1.png\" \/>\n<meta name=\"twitter:card\" content=\"summary_large_image\" \/>\n<meta name=\"twitter:label1\" content=\"Predpokladan\u00fd \u010das \u010d\u00edtania\" \/>\n\t<meta name=\"twitter:data1\" content=\"1 min\u00fata\" \/>\n<script type=\"application\/ld+json\" class=\"yoast-schema-graph\">{\"@context\":\"https:\\\/\\\/schema.org\",\"@graph\":[{\"@type\":\"WebPage\",\"@id\":\"https:\\\/\\\/www.upjs.sk\\\/pracoviska\\\/ciakt\\\/uninfos-2024\\\/uvod\\\/\",\"url\":\"https:\\\/\\\/www.upjs.sk\\\/pracoviska\\\/ciakt\\\/uninfos-2024\\\/uvod\\\/\",\"name\":\"\u00davod - Centrum informa\u010dn\u00fdch a komunika\u010dn\u00fdch technol\u00f3gi\u00ed | UPJ\u0160\",\"isPartOf\":{\"@id\":\"https:\\\/\\\/www.upjs.sk\\\/pracoviska\\\/ciakt\\\/#website\"},\"primaryImageOfPage\":{\"@id\":\"https:\\\/\\\/www.upjs.sk\\\/pracoviska\\\/ciakt\\\/uninfos-2024\\\/uvod\\\/#primaryimage\"},\"image\":{\"@id\":\"https:\\\/\\\/www.upjs.sk\\\/pracoviska\\\/ciakt\\\/uninfos-2024\\\/uvod\\\/#primaryimage\"},\"thumbnailUrl\":\"https:\\\/\\\/www.upjs.sk\\\/app\\\/uploads\\\/sites\\\/17\\\/2024\\\/03\\\/banner-uninfos-1.png\",\"datePublished\":\"2024-02-19T10:29:53+00:00\",\"dateModified\":\"2024-04-22T09:30:38+00:00\",\"breadcrumb\":{\"@id\":\"https:\\\/\\\/www.upjs.sk\\\/pracoviska\\\/ciakt\\\/uninfos-2024\\\/uvod\\\/#breadcrumb\"},\"inLanguage\":\"sk-SK\",\"potentialAction\":[{\"@type\":\"ReadAction\",\"target\":[\"https:\\\/\\\/www.upjs.sk\\\/pracoviska\\\/ciakt\\\/uninfos-2024\\\/uvod\\\/\"]}]},{\"@type\":\"ImageObject\",\"inLanguage\":\"sk-SK\",\"@id\":\"https:\\\/\\\/www.upjs.sk\\\/pracoviska\\\/ciakt\\\/uninfos-2024\\\/uvod\\\/#primaryimage\",\"url\":\"https:\\\/\\\/www.upjs.sk\\\/app\\\/uploads\\\/sites\\\/17\\\/2024\\\/03\\\/banner-uninfos-1.png\",\"contentUrl\":\"https:\\\/\\\/www.upjs.sk\\\/app\\\/uploads\\\/sites\\\/17\\\/2024\\\/03\\\/banner-uninfos-1.png\"},{\"@type\":\"BreadcrumbList\",\"@id\":\"https:\\\/\\\/www.upjs.sk\\\/pracoviska\\\/ciakt\\\/uninfos-2024\\\/uvod\\\/#breadcrumb\",\"itemListElement\":[{\"@type\":\"ListItem\",\"position\":1,\"name\":\"Home\",\"item\":\"https:\\\/\\\/www.upjs.sk\\\/pracoviska\\\/ciakt\\\/\"},{\"@type\":\"ListItem\",\"position\":2,\"name\":\"UNINFOS 2024\",\"item\":\"https:\\\/\\\/www.upjs.sk\\\/pracoviska\\\/ciakt\\\/uninfos-2024\\\/\"},{\"@type\":\"ListItem\",\"position\":3,\"name\":\"\u00davod\"}]},{\"@type\":\"WebSite\",\"@id\":\"https:\\\/\\\/www.upjs.sk\\\/pracoviska\\\/ciakt\\\/#website\",\"url\":\"https:\\\/\\\/www.upjs.sk\\\/pracoviska\\\/ciakt\\\/\",\"name\":\"Centrum informa\u010dn\u00fdch a komunika\u010dn\u00fdch technol\u00f3gi\u00ed | UPJ\u0160\",\"description\":\"\",\"publisher\":{\"@id\":\"https:\\\/\\\/www.upjs.sk\\\/pracoviska\\\/ciakt\\\/#organization\"},\"potentialAction\":[{\"@type\":\"SearchAction\",\"target\":{\"@type\":\"EntryPoint\",\"urlTemplate\":\"https:\\\/\\\/www.upjs.sk\\\/pracoviska\\\/ciakt\\\/?s={search_term_string}\"},\"query-input\":{\"@type\":\"PropertyValueSpecification\",\"valueRequired\":true,\"valueName\":\"search_term_string\"}}],\"inLanguage\":\"sk-SK\"},{\"@type\":\"Organization\",\"@id\":\"https:\\\/\\\/www.upjs.sk\\\/pracoviska\\\/ciakt\\\/#organization\",\"name\":\"Centrum informa\u010dn\u00fdch a komunika\u010dn\u00fdch technol\u00f3gi\u00ed | UPJ\u0160\",\"url\":\"https:\\\/\\\/www.upjs.sk\\\/pracoviska\\\/ciakt\\\/\",\"logo\":{\"@type\":\"ImageObject\",\"inLanguage\":\"sk-SK\",\"@id\":\"https:\\\/\\\/www.upjs.sk\\\/pracoviska\\\/ciakt\\\/#\\\/schema\\\/logo\\\/image\\\/\",\"url\":\"https:\\\/\\\/www.upjs.sk\\\/app\\\/uploads\\\/sites\\\/17\\\/2023\\\/01\\\/CIaKT-1.svg\",\"contentUrl\":\"https:\\\/\\\/www.upjs.sk\\\/app\\\/uploads\\\/sites\\\/17\\\/2023\\\/01\\\/CIaKT-1.svg\",\"width\":500,\"height\":138,\"caption\":\"Centrum informa\u010dn\u00fdch a komunika\u010dn\u00fdch technol\u00f3gi\u00ed | UPJ\u0160\"},\"image\":{\"@id\":\"https:\\\/\\\/www.upjs.sk\\\/pracoviska\\\/ciakt\\\/#\\\/schema\\\/logo\\\/image\\\/\"}}]}<\/script>\n<!-- \/ Yoast SEO plugin. -->","yoast_head_json":{"title":"\u00davod - Centrum informa\u010dn\u00fdch a komunika\u010dn\u00fdch technol\u00f3gi\u00ed | UPJ\u0160","robots":{"index":"index","follow":"follow","max-snippet":"max-snippet:-1","max-image-preview":"max-image-preview:large","max-video-preview":"max-video-preview:-1"},"canonical":"https:\/\/www.upjs.sk\/pracoviska\/ciakt\/uninfos-2024\/uvod\/","og_locale":"sk_SK","og_type":"article","og_title":"\u00davod - Centrum informa\u010dn\u00fdch a komunika\u010dn\u00fdch technol\u00f3gi\u00ed | UPJ\u0160","og_description":"Univerzita Pavla Jozef \u0160af\u00e1rika v Ko\u0161iciachCentrum informa\u010dn\u00fdch a komunika\u010dn\u00fdch technol\u00f3gi\u00ed UPJ\u0160 v Ko\u0161iciacha EUNIS Slovensko V\u00e1s poz\u00fdvaj\u00fa na UNINFOS 2024 Univerzitn\u00e9 informa\u010dn\u00e9 syst\u00e9my Konferencia sa kon\u00e1 pod z\u00e1\u0161titou rektora prof. MUDr. Daniela Pellu, PhD. 12. a\u017e 14. j\u00fana 2024 v&nbsp;Ko\u0161iciach T\u00e9my konferencie: \u25aa Kybernetick\u00e1 bezpe\u010dnos\u0165 univerzity\u25aa Trendy IKT a\u00a0ich aplik\u00e1cia Kontakt: uninfos2024@upjs.skWeb: uninfos2024.upjs.sk","og_url":"https:\/\/www.upjs.sk\/pracoviska\/ciakt\/uninfos-2024\/uvod\/","og_site_name":"Centrum informa\u010dn\u00fdch a komunika\u010dn\u00fdch technol\u00f3gi\u00ed | UPJ\u0160","article_modified_time":"2024-04-22T09:30:38+00:00","og_image":[{"url":"https:\/\/www.upjs.sk\/app\/uploads\/sites\/17\/2024\/03\/banner-uninfos-1.png","type":"","width":"","height":""}],"twitter_card":"summary_large_image","twitter_misc":{"Predpokladan\u00fd \u010das \u010d\u00edtania":"1 min\u00fata"},"schema":{"@context":"https:\/\/schema.org","@graph":[{"@type":"WebPage","@id":"https:\/\/www.upjs.sk\/pracoviska\/ciakt\/uninfos-2024\/uvod\/","url":"https:\/\/www.upjs.sk\/pracoviska\/ciakt\/uninfos-2024\/uvod\/","name":"\u00davod - Centrum informa\u010dn\u00fdch a komunika\u010dn\u00fdch technol\u00f3gi\u00ed | UPJ\u0160","isPartOf":{"@id":"https:\/\/www.upjs.sk\/pracoviska\/ciakt\/#website"},"primaryImageOfPage":{"@id":"https:\/\/www.upjs.sk\/pracoviska\/ciakt\/uninfos-2024\/uvod\/#primaryimage"},"image":{"@id":"https:\/\/www.upjs.sk\/pracoviska\/ciakt\/uninfos-2024\/uvod\/#primaryimage"},"thumbnailUrl":"https:\/\/www.upjs.sk\/app\/uploads\/sites\/17\/2024\/03\/banner-uninfos-1.png","datePublished":"2024-02-19T10:29:53+00:00","dateModified":"2024-04-22T09:30:38+00:00","breadcrumb":{"@id":"https:\/\/www.upjs.sk\/pracoviska\/ciakt\/uninfos-2024\/uvod\/#breadcrumb"},"inLanguage":"sk-SK","potentialAction":[{"@type":"ReadAction","target":["https:\/\/www.upjs.sk\/pracoviska\/ciakt\/uninfos-2024\/uvod\/"]}]},{"@type":"ImageObject","inLanguage":"sk-SK","@id":"https:\/\/www.upjs.sk\/pracoviska\/ciakt\/uninfos-2024\/uvod\/#primaryimage","url":"https:\/\/www.upjs.sk\/app\/uploads\/sites\/17\/2024\/03\/banner-uninfos-1.png","contentUrl":"https:\/\/www.upjs.sk\/app\/uploads\/sites\/17\/2024\/03\/banner-uninfos-1.png"},{"@type":"BreadcrumbList","@id":"https:\/\/www.upjs.sk\/pracoviska\/ciakt\/uninfos-2024\/uvod\/#breadcrumb","itemListElement":[{"@type":"ListItem","position":1,"name":"Home","item":"https:\/\/www.upjs.sk\/pracoviska\/ciakt\/"},{"@type":"ListItem","position":2,"name":"UNINFOS 2024","item":"https:\/\/www.upjs.sk\/pracoviska\/ciakt\/uninfos-2024\/"},{"@type":"ListItem","position":3,"name":"\u00davod"}]},{"@type":"WebSite","@id":"https:\/\/www.upjs.sk\/pracoviska\/ciakt\/#website","url":"https:\/\/www.upjs.sk\/pracoviska\/ciakt\/","name":"Centrum informa\u010dn\u00fdch a komunika\u010dn\u00fdch technol\u00f3gi\u00ed | UPJ\u0160","description":"","publisher":{"@id":"https:\/\/www.upjs.sk\/pracoviska\/ciakt\/#organization"},"potentialAction":[{"@type":"SearchAction","target":{"@type":"EntryPoint","urlTemplate":"https:\/\/www.upjs.sk\/pracoviska\/ciakt\/?s={search_term_string}"},"query-input":{"@type":"PropertyValueSpecification","valueRequired":true,"valueName":"search_term_string"}}],"inLanguage":"sk-SK"},{"@type":"Organization","@id":"https:\/\/www.upjs.sk\/pracoviska\/ciakt\/#organization","name":"Centrum informa\u010dn\u00fdch a komunika\u010dn\u00fdch technol\u00f3gi\u00ed | UPJ\u0160","url":"https:\/\/www.upjs.sk\/pracoviska\/ciakt\/","logo":{"@type":"ImageObject","inLanguage":"sk-SK","@id":"https:\/\/www.upjs.sk\/pracoviska\/ciakt\/#\/schema\/logo\/image\/","url":"https:\/\/www.upjs.sk\/app\/uploads\/sites\/17\/2023\/01\/CIaKT-1.svg","contentUrl":"https:\/\/www.upjs.sk\/app\/uploads\/sites\/17\/2023\/01\/CIaKT-1.svg","width":500,"height":138,"caption":"Centrum informa\u010dn\u00fdch a komunika\u010dn\u00fdch technol\u00f3gi\u00ed | UPJ\u0160"},"image":{"@id":"https:\/\/www.upjs.sk\/pracoviska\/ciakt\/#\/schema\/logo\/image\/"}}]}},"_links":{"self":[{"href":"https:\/\/www.upjs.sk\/pracoviska\/ciakt\/wp-json\/wp\/v2\/pages\/15474","targetHints":{"allow":["GET"]}}],"collection":[{"href":"https:\/\/www.upjs.sk\/pracoviska\/ciakt\/wp-json\/wp\/v2\/pages"}],"about":[{"href":"https:\/\/www.upjs.sk\/pracoviska\/ciakt\/wp-json\/wp\/v2\/types\/page"}],"author":[{"embeddable":true,"href":"https:\/\/www.upjs.sk\/pracoviska\/ciakt\/wp-json\/wp\/v2\/users\/14"}],"replies":[{"embeddable":true,"href":"https:\/\/www.upjs.sk\/pracoviska\/ciakt\/wp-json\/wp\/v2\/comments?post=15474"}],"version-history":[{"count":14,"href":"https:\/\/www.upjs.sk\/pracoviska\/ciakt\/wp-json\/wp\/v2\/pages\/15474\/revisions"}],"predecessor-version":[{"id":15779,"href":"https:\/\/www.upjs.sk\/pracoviska\/ciakt\/wp-json\/wp\/v2\/pages\/15474\/revisions\/15779"}],"up":[{"embeddable":true,"href":"https:\/\/www.upjs.sk\/pracoviska\/ciakt\/wp-json\/wp\/v2\/pages\/15468"}],"wp:attachment":[{"href":"https:\/\/www.upjs.sk\/pracoviska\/ciakt\/wp-json\/wp\/v2\/media?parent=15474"}],"wp:term":[{"taxonomy":"category","embeddable":true,"href":"https:\/\/www.upjs.sk\/pracoviska\/ciakt\/wp-json\/wp\/v2\/categories?post=15474"},{"taxonomy":"post_tag","embeddable":true,"href":"https:\/\/www.upjs.sk\/pracoviska\/ciakt\/wp-json\/wp\/v2\/tags?post=15474"}],"curies":[{"name":"wp","href":"https:\/\/api.w.org\/{rel}","templated":true}]}}