{"id":14350,"date":"2025-05-20T13:21:35","date_gmt":"2025-05-20T13:21:35","guid":{"rendered":"https:\/\/www.upjs.sk\/pracoviska\/materska-skola\/?page_id=14350"},"modified":"2026-04-13T12:23:58","modified_gmt":"2026-04-13T12:23:58","slug":"contacts","status":"publish","type":"page","link":"https:\/\/www.upjs.sk\/pracoviska\/materska-skola\/en\/contacts\/","title":{"rendered":"Contacts"},"content":{"rendered":"<style>.kb-image14350_0e5552-e0 .kb-image-has-overlay:after{opacity:0.3;}<\/style>\n<div class=\"wp-block-kadence-image kb-image14350_0e5552-e0\"><figure class=\"aligncenter size-medium\"><img loading=\"lazy\" decoding=\"async\" width=\"300\" height=\"66\" src=\"https:\/\/www.upjs.sk\/app\/uploads\/sites\/26\/2024\/06\/logo-ms-600x131-1-300x66.jpg\" alt=\"\" class=\"kb-img wp-image-13522\" srcset=\"https:\/\/www.upjs.sk\/app\/uploads\/sites\/26\/2024\/06\/logo-ms-600x131-1-300x66.jpg 300w, https:\/\/www.upjs.sk\/app\/uploads\/sites\/26\/2024\/06\/logo-ms-600x131-1.jpg 600w\" sizes=\"auto, (max-width: 300px) 100vw, 300px\" \/><\/figure><\/div>\n\n\n<style>.wp-block-kadence-spacer.kt-block-spacer-14350_f098ff-fd .kt-block-spacer{height:6px;}.wp-block-kadence-spacer.kt-block-spacer-14350_f098ff-fd .kt-divider{border-top-width:1px;height:1px;border-top-color:#C19152;width:100%;border-top-style:solid;}<\/style>\n<div class=\"wp-block-kadence-spacer aligncenter kt-block-spacer-14350_f098ff-fd\"><div class=\"kt-block-spacer kt-block-spacer-halign-center\"><hr class=\"kt-divider\"\/><\/div><\/div>\n\n\n<style>.kb-row-layout-id14350_16ddeb-d5 > .kt-row-column-wrap{align-content:start;}:where(.kb-row-layout-id14350_16ddeb-d5 > .kt-row-column-wrap) > .wp-block-kadence-column{justify-content:start;}.kb-row-layout-id14350_16ddeb-d5 > .kt-row-column-wrap{column-gap:var(--global-kb-gap-md, 2rem);row-gap:var(--global-kb-gap-md, 2rem);padding-top:var(--global-kb-spacing-xs, 1rem);padding-bottom:var(--global-kb-spacing-xxs, 0.5rem);grid-template-columns:minmax(0, calc(36.7% - ((var(--global-kb-gap-md, 2rem) * 2 )\/3)))minmax(0, calc(30% - ((var(--global-kb-gap-md, 2rem) * 2 )\/3)))minmax(0, calc(33.3% - ((var(--global-kb-gap-md, 2rem) * 2 )\/3)));}.kb-row-layout-id14350_16ddeb-d5{border-top-left-radius:10px;border-top-right-radius:10px;border-bottom-right-radius:10px;border-bottom-left-radius:10px;overflow:clip;isolation:isolate;}.kb-row-layout-id14350_16ddeb-d5 > .kt-row-layout-overlay{border-top-left-radius:10px;border-top-right-radius:10px;border-bottom-right-radius:10px;border-bottom-left-radius:10px;}.kb-row-layout-id14350_16ddeb-d5 > .kt-row-layout-overlay{opacity:0.30;}@media all and (max-width: 1024px){.kb-row-layout-id14350_16ddeb-d5 > .kt-row-column-wrap > div:not(.added-for-specificity){grid-column:initial;}}@media all and (max-width: 1024px){.kb-row-layout-id14350_16ddeb-d5 > .kt-row-column-wrap{grid-template-columns:repeat(3, minmax(0, 1fr));}}@media all and (max-width: 767px){.kb-row-layout-id14350_16ddeb-d5 > .kt-row-column-wrap > div:not(.added-for-specificity){grid-column:initial;}.kb-row-layout-id14350_16ddeb-d5 > .kt-row-column-wrap{grid-template-columns:minmax(0, 1fr);}}<\/style><div class=\"kb-row-layout-wrap kb-row-layout-id14350_16ddeb-d5 aligncenter has-bg-siva-background-color kt-row-has-bg wp-block-kadence-rowlayout\"><div class=\"kt-row-column-wrap kt-has-3-columns kt-row-layout-equal kt-tab-layout-inherit kt-mobile-layout-row kt-row-valign-top\">\n<style>.kadence-column14350_98c544-99 > .kt-inside-inner-col{display:flex;}.kadence-column14350_98c544-99 > .kt-inside-inner-col,.kadence-column14350_98c544-99 > .kt-inside-inner-col:before{border-top-left-radius:0px;border-top-right-radius:0px;border-bottom-right-radius:0px;border-bottom-left-radius:0px;}.kadence-column14350_98c544-99 > .kt-inside-inner-col{column-gap:var(--global-kb-gap-sm, 1rem);}.kadence-column14350_98c544-99 > .kt-inside-inner-col{flex-direction:column;justify-content:center;align-items:center;}.kadence-column14350_98c544-99 > .kt-inside-inner-col > .kb-image-is-ratio-size{align-self:stretch;}.kadence-column14350_98c544-99 > .kt-inside-inner-col > .wp-block-kadence-advancedgallery{align-self:stretch;}.kadence-column14350_98c544-99 > .kt-inside-inner-col > .aligncenter{width:100%;}.kt-row-column-wrap > .kadence-column14350_98c544-99{align-self:center;}.kt-inner-column-height-full:not(.kt-has-1-columns) > .wp-block-kadence-column.kadence-column14350_98c544-99{align-self:auto;}.kt-inner-column-height-full:not(.kt-has-1-columns) > .wp-block-kadence-column.kadence-column14350_98c544-99 > .kt-inside-inner-col{flex-direction:column;justify-content:center;}.kadence-column14350_98c544-99 > .kt-inside-inner-col:before{opacity:0.3;}.kadence-column14350_98c544-99{position:relative;}@media all and (max-width: 1024px){.kt-row-column-wrap > .kadence-column14350_98c544-99{align-self:center;}}@media all and (max-width: 1024px){.kt-inner-column-height-full:not(.kt-has-1-columns) > .wp-block-kadence-column.kadence-column14350_98c544-99{align-self:auto;}}@media all and (max-width: 1024px){.kt-inner-column-height-full:not(.kt-has-1-columns) > .wp-block-kadence-column.kadence-column14350_98c544-99 > .kt-inside-inner-col{flex-direction:column;justify-content:center;}}@media all and (max-width: 1024px){.kadence-column14350_98c544-99 > .kt-inside-inner-col{flex-direction:column;justify-content:center;align-items:center;}}@media all and (max-width: 767px){.kt-row-column-wrap > .kadence-column14350_98c544-99{align-self:center;}.kt-inner-column-height-full:not(.kt-has-1-columns) > .wp-block-kadence-column.kadence-column14350_98c544-99{align-self:auto;}.kt-inner-column-height-full:not(.kt-has-1-columns) > .wp-block-kadence-column.kadence-column14350_98c544-99 > .kt-inside-inner-col{flex-direction:column;justify-content:center;}.kadence-column14350_98c544-99 > .kt-inside-inner-col{flex-direction:column;justify-content:center;align-items:center;}}<\/style>\n<div class=\"wp-block-kadence-column kadence-column14350_98c544-99\"><div class=\"kt-inside-inner-col\">\n<p class=\"has-text-align-center\"><strong><mark style=\"background-color:rgba(0, 0, 0, 0)\" class=\"has-inline-color has-zakladna-modra-color\">The Nursery School of UPJ\u0160 in Ko\u0161ice<\/mark><\/strong><br>Moyzesova 9<br>041 01 Ko\u0161ice<\/p>\n<\/div><\/div>\n\n\n<style>.kadence-column14350_716765-d3 > .kt-inside-inner-col{display:flex;}.kadence-column14350_716765-d3 > .kt-inside-inner-col,.kadence-column14350_716765-d3 > .kt-inside-inner-col:before{border-top-left-radius:0px;border-top-right-radius:0px;border-bottom-right-radius:0px;border-bottom-left-radius:0px;}.kadence-column14350_716765-d3 > .kt-inside-inner-col{column-gap:var(--global-kb-gap-sm, 1rem);}.kadence-column14350_716765-d3 > .kt-inside-inner-col{flex-direction:column;justify-content:center;align-items:center;}.kadence-column14350_716765-d3 > .kt-inside-inner-col > .kb-image-is-ratio-size{align-self:stretch;}.kadence-column14350_716765-d3 > .kt-inside-inner-col > .wp-block-kadence-advancedgallery{align-self:stretch;}.kadence-column14350_716765-d3 > .kt-inside-inner-col > .aligncenter{width:100%;}.kt-row-column-wrap > .kadence-column14350_716765-d3{align-self:center;}.kt-inner-column-height-full:not(.kt-has-1-columns) > .wp-block-kadence-column.kadence-column14350_716765-d3{align-self:auto;}.kt-inner-column-height-full:not(.kt-has-1-columns) > .wp-block-kadence-column.kadence-column14350_716765-d3 > .kt-inside-inner-col{flex-direction:column;justify-content:center;}.kadence-column14350_716765-d3 > .kt-inside-inner-col:before{opacity:0.3;}.kadence-column14350_716765-d3{position:relative;}@media all and (max-width: 1024px){.kt-row-column-wrap > .kadence-column14350_716765-d3{align-self:center;}}@media all and (max-width: 1024px){.kt-inner-column-height-full:not(.kt-has-1-columns) > .wp-block-kadence-column.kadence-column14350_716765-d3{align-self:auto;}}@media all and (max-width: 1024px){.kt-inner-column-height-full:not(.kt-has-1-columns) > .wp-block-kadence-column.kadence-column14350_716765-d3 > .kt-inside-inner-col{flex-direction:column;justify-content:center;}}@media all and (max-width: 1024px){.kadence-column14350_716765-d3 > .kt-inside-inner-col{flex-direction:column;justify-content:center;align-items:center;}}@media all and (max-width: 767px){.kt-row-column-wrap > .kadence-column14350_716765-d3{align-self:center;}.kt-inner-column-height-full:not(.kt-has-1-columns) > .wp-block-kadence-column.kadence-column14350_716765-d3{align-self:auto;}.kt-inner-column-height-full:not(.kt-has-1-columns) > .wp-block-kadence-column.kadence-column14350_716765-d3 > .kt-inside-inner-col{flex-direction:column;justify-content:center;}.kadence-column14350_716765-d3 > .kt-inside-inner-col{flex-direction:column;justify-content:center;align-items:center;}}<\/style>\n<div class=\"wp-block-kadence-column kadence-column14350_716765-d3\"><div class=\"kt-inside-inner-col\">\n<p class=\"has-text-align-center\"><strong><mark style=\"background-color:rgba(0, 0, 0, 0)\" class=\"has-inline-color has-zakladna-modra-color\">Principal of the nursery school<\/mark><\/strong> <br>Michaela Pavlovsk\u00e1<br><a href=\"mailto:michaela.pavlovska@upjs.sk\">michaela.pavlovska@upjs.sk<\/a> <br>mob.: 0948 412 353<\/p>\n\n\n\n<p class=\"has-text-align-center\"><strong><mark style=\"background-color:rgba(0, 0, 0, 0)\" class=\"has-inline-color has-zakladna-modra-color\">Teachers:<\/mark><\/strong><br>Magdal\u00e9na Zahumensk\u00e1<br><a href=\"mailto:juliana.dolgosova@upjs.sk\" target=\"_blank\" rel=\"noreferrer noopener\">magdalena.zahumenska@upjs.sk<\/a><\/p>\n\n\n\n<p class=\"has-text-align-center\">Ing. Slavom\u00edra Psotkov\u00e1<br><a href=\"mailto:slavomira.psotkova@upjs.sk\">slavomira.psotkova@upjs.sk<\/a><\/p>\n<\/div><\/div>\n\n\n<style>.kadence-column14350_587cfd-9a > .kt-inside-inner-col{display:flex;}.kadence-column14350_587cfd-9a > .kt-inside-inner-col,.kadence-column14350_587cfd-9a > .kt-inside-inner-col:before{border-top-left-radius:0px;border-top-right-radius:0px;border-bottom-right-radius:0px;border-bottom-left-radius:0px;}.kadence-column14350_587cfd-9a > .kt-inside-inner-col{column-gap:var(--global-kb-gap-sm, 1rem);}.kadence-column14350_587cfd-9a > .kt-inside-inner-col{flex-direction:column;justify-content:center;align-items:center;}.kadence-column14350_587cfd-9a > .kt-inside-inner-col > .kb-image-is-ratio-size{align-self:stretch;}.kadence-column14350_587cfd-9a > .kt-inside-inner-col > .wp-block-kadence-advancedgallery{align-self:stretch;}.kadence-column14350_587cfd-9a > .kt-inside-inner-col > .aligncenter{width:100%;}.kt-row-column-wrap > .kadence-column14350_587cfd-9a{align-self:center;}.kt-inner-column-height-full:not(.kt-has-1-columns) > .wp-block-kadence-column.kadence-column14350_587cfd-9a{align-self:auto;}.kt-inner-column-height-full:not(.kt-has-1-columns) > .wp-block-kadence-column.kadence-column14350_587cfd-9a > .kt-inside-inner-col{flex-direction:column;justify-content:center;}.kadence-column14350_587cfd-9a > .kt-inside-inner-col:before{opacity:0.3;}.kadence-column14350_587cfd-9a{position:relative;}@media all and (max-width: 1024px){.kt-row-column-wrap > .kadence-column14350_587cfd-9a{align-self:center;}}@media all and (max-width: 1024px){.kt-inner-column-height-full:not(.kt-has-1-columns) > .wp-block-kadence-column.kadence-column14350_587cfd-9a{align-self:auto;}}@media all and (max-width: 1024px){.kt-inner-column-height-full:not(.kt-has-1-columns) > .wp-block-kadence-column.kadence-column14350_587cfd-9a > .kt-inside-inner-col{flex-direction:column;justify-content:center;}}@media all and (max-width: 1024px){.kadence-column14350_587cfd-9a > .kt-inside-inner-col{flex-direction:column;justify-content:center;align-items:center;}}@media all and (max-width: 767px){.kt-row-column-wrap > .kadence-column14350_587cfd-9a{align-self:center;}.kt-inner-column-height-full:not(.kt-has-1-columns) > .wp-block-kadence-column.kadence-column14350_587cfd-9a{align-self:auto;}.kt-inner-column-height-full:not(.kt-has-1-columns) > .wp-block-kadence-column.kadence-column14350_587cfd-9a > .kt-inside-inner-col{flex-direction:column;justify-content:center;}.kadence-column14350_587cfd-9a > .kt-inside-inner-col{flex-direction:column;justify-content:center;align-items:center;}}<\/style>\n<div class=\"wp-block-kadence-column kadence-column14350_587cfd-9a\"><div class=\"kt-inside-inner-col\">\n<p class=\"has-text-align-center\">web: <a class=\"ek-link\" href=\"https:\/\/www.upjs.sk\/pracoviska\/materska-skola\/\">www.upjs.sk\/pracoviska\/materska-skola<\/a><br>e-mail: <a href=\"mailto:upejesko@upjs.sk\">upejesko@upjs.sk<\/a><br>mob.:&nbsp;<strong>0948 207 255<\/strong> <br>(Reporting the child\u2019s absence and deregistering from meals)<\/p>\n<\/div><\/div>\n\n<\/div><\/div>\n\n\n<p><\/p>\n","protected":false},"excerpt":{"rendered":"<p>The Nursery School of UPJ\u0160 in Ko\u0161iceMoyzesova 9041 01 Ko\u0161ice Principal of the nursery school Michaela Pavlovsk\u00e1michaela.pavlovska@upjs.sk mob.: 0948 412 353 Teachers:Magdal\u00e9na Zahumensk\u00e1magdalena.zahumenska@upjs.sk Ing. Slavom\u00edra Psotkov\u00e1slavomira.psotkova@upjs.sk web: www.upjs.sk\/pracoviska\/materska-skolae-mail: upejesko@upjs.skmob.:&nbsp;0948 207 255 (Reporting the child\u2019s absence and deregistering from meals)<\/p>\n","protected":false},"author":16,"featured_media":0,"parent":0,"menu_order":5,"comment_status":"closed","ping_status":"closed","template":"","meta":{"_acf_changed":false,"_editorskit_title_hidden":false,"_editorskit_reading_time":0,"_editorskit_is_block_options_detached":false,"_editorskit_block_options_position":"{}","footnotes":""},"categories":[],"tags":[],"class_list":["post-14350","page","type-page","status-publish","hentry"],"acf":{"acf_link_na_externy_obsah":""},"yoast_head":"<!-- This site is optimized with the Yoast SEO plugin v27.4 - https:\/\/yoast.com\/product\/yoast-seo-wordpress\/ -->\n<title>Contacts - Matersk\u00e1 \u0161kola Univerzity Pavla Jozefa \u0160af\u00e1rika v Ko\u0161iciach<\/title>\n<meta name=\"robots\" content=\"index, follow, max-snippet:-1, max-image-preview:large, max-video-preview:-1\" \/>\n<link rel=\"canonical\" href=\"https:\/\/www.upjs.sk\/pracoviska\/materska-skola\/en\/contacts\/\" \/>\n<meta property=\"og:locale\" content=\"en_US\" \/>\n<meta property=\"og:type\" content=\"article\" \/>\n<meta property=\"og:title\" content=\"Contacts - Matersk\u00e1 \u0161kola Univerzity Pavla Jozefa \u0160af\u00e1rika v Ko\u0161iciach\" \/>\n<meta property=\"og:description\" content=\"The Nursery School of UPJ\u0160 in Ko\u0161iceMoyzesova 9041 01 Ko\u0161ice Principal of the nursery school Michaela Pavlovsk\u00e1michaela.pavlovska@upjs.sk mob.: 0948 412 353 Teachers:Magdal\u00e9na Zahumensk\u00e1magdalena.zahumenska@upjs.sk Ing. Slavom\u00edra Psotkov\u00e1slavomira.psotkova@upjs.sk web: www.upjs.sk\/pracoviska\/materska-skolae-mail: upejesko@upjs.skmob.:&nbsp;0948 207 255 (Reporting the child\u2019s absence and deregistering from meals)\" \/>\n<meta property=\"og:url\" content=\"https:\/\/www.upjs.sk\/pracoviska\/materska-skola\/en\/contacts\/\" \/>\n<meta property=\"og:site_name\" content=\"Matersk\u00e1 \u0161kola Univerzity Pavla Jozefa \u0160af\u00e1rika v Ko\u0161iciach\" \/>\n<meta property=\"article:modified_time\" content=\"2026-04-13T12:23:58+00:00\" \/>\n<meta property=\"og:image\" content=\"https:\/\/www.upjs.sk\/app\/uploads\/sites\/26\/2024\/06\/logo-ms-600x131-1.jpg\" \/>\n\t<meta property=\"og:image:width\" content=\"600\" \/>\n\t<meta property=\"og:image:height\" content=\"131\" \/>\n\t<meta property=\"og:image:type\" content=\"image\/jpeg\" \/>\n<meta name=\"twitter:card\" content=\"summary_large_image\" \/>\n<meta name=\"twitter:label1\" content=\"Est. reading time\" \/>\n\t<meta name=\"twitter:data1\" content=\"1 minute\" \/>\n<script type=\"application\/ld+json\" class=\"yoast-schema-graph\">{\"@context\":\"https:\\\/\\\/schema.org\",\"@graph\":[{\"@type\":\"WebPage\",\"@id\":\"https:\\\/\\\/www.upjs.sk\\\/pracoviska\\\/materska-skola\\\/en\\\/contacts\\\/\",\"url\":\"https:\\\/\\\/www.upjs.sk\\\/pracoviska\\\/materska-skola\\\/en\\\/contacts\\\/\",\"name\":\"Contacts - Matersk\u00e1 \u0161kola Univerzity Pavla Jozefa \u0160af\u00e1rika v Ko\u0161iciach\",\"isPartOf\":{\"@id\":\"https:\\\/\\\/www.upjs.sk\\\/pracoviska\\\/materska-skola\\\/en\\\/#website\"},\"primaryImageOfPage\":{\"@id\":\"https:\\\/\\\/www.upjs.sk\\\/pracoviska\\\/materska-skola\\\/en\\\/contacts\\\/#primaryimage\"},\"image\":{\"@id\":\"https:\\\/\\\/www.upjs.sk\\\/pracoviska\\\/materska-skola\\\/en\\\/contacts\\\/#primaryimage\"},\"thumbnailUrl\":\"https:\\\/\\\/www.upjs.sk\\\/app\\\/uploads\\\/sites\\\/26\\\/2024\\\/06\\\/logo-ms-600x131-1-300x66.jpg\",\"datePublished\":\"2025-05-20T13:21:35+00:00\",\"dateModified\":\"2026-04-13T12:23:58+00:00\",\"breadcrumb\":{\"@id\":\"https:\\\/\\\/www.upjs.sk\\\/pracoviska\\\/materska-skola\\\/en\\\/contacts\\\/#breadcrumb\"},\"inLanguage\":\"en-US\",\"potentialAction\":[{\"@type\":\"ReadAction\",\"target\":[\"https:\\\/\\\/www.upjs.sk\\\/pracoviska\\\/materska-skola\\\/en\\\/contacts\\\/\"]}]},{\"@type\":\"ImageObject\",\"inLanguage\":\"en-US\",\"@id\":\"https:\\\/\\\/www.upjs.sk\\\/pracoviska\\\/materska-skola\\\/en\\\/contacts\\\/#primaryimage\",\"url\":\"https:\\\/\\\/www.upjs.sk\\\/app\\\/uploads\\\/sites\\\/26\\\/2024\\\/06\\\/logo-ms-600x131-1-300x66.jpg\",\"contentUrl\":\"https:\\\/\\\/www.upjs.sk\\\/app\\\/uploads\\\/sites\\\/26\\\/2024\\\/06\\\/logo-ms-600x131-1-300x66.jpg\"},{\"@type\":\"BreadcrumbList\",\"@id\":\"https:\\\/\\\/www.upjs.sk\\\/pracoviska\\\/materska-skola\\\/en\\\/contacts\\\/#breadcrumb\",\"itemListElement\":[{\"@type\":\"ListItem\",\"position\":1,\"name\":\"Home\",\"item\":\"https:\\\/\\\/www.upjs.sk\\\/pracoviska\\\/materska-skola\\\/en\\\/\"},{\"@type\":\"ListItem\",\"position\":2,\"name\":\"Contacts\"}]},{\"@type\":\"WebSite\",\"@id\":\"https:\\\/\\\/www.upjs.sk\\\/pracoviska\\\/materska-skola\\\/en\\\/#website\",\"url\":\"https:\\\/\\\/www.upjs.sk\\\/pracoviska\\\/materska-skola\\\/en\\\/\",\"name\":\"Matersk\u00e1 \u0161kola Univerzity Pavla Jozefa \u0160af\u00e1rika v Ko\u0161iciach\",\"description\":\"\",\"publisher\":{\"@id\":\"https:\\\/\\\/www.upjs.sk\\\/pracoviska\\\/materska-skola\\\/en\\\/#organization\"},\"potentialAction\":[{\"@type\":\"SearchAction\",\"target\":{\"@type\":\"EntryPoint\",\"urlTemplate\":\"https:\\\/\\\/www.upjs.sk\\\/pracoviska\\\/materska-skola\\\/en\\\/?s={search_term_string}\"},\"query-input\":{\"@type\":\"PropertyValueSpecification\",\"valueRequired\":true,\"valueName\":\"search_term_string\"}}],\"inLanguage\":\"en-US\"},{\"@type\":\"Organization\",\"@id\":\"https:\\\/\\\/www.upjs.sk\\\/pracoviska\\\/materska-skola\\\/en\\\/#organization\",\"name\":\"Matersk\u00e1 \u0161kola Univerzity Pavla Jozefa \u0160af\u00e1rika v Ko\u0161iciach\",\"url\":\"https:\\\/\\\/www.upjs.sk\\\/pracoviska\\\/materska-skola\\\/en\\\/\",\"logo\":{\"@type\":\"ImageObject\",\"inLanguage\":\"en-US\",\"@id\":\"https:\\\/\\\/www.upjs.sk\\\/pracoviska\\\/materska-skola\\\/en\\\/#\\\/schema\\\/logo\\\/image\\\/\",\"url\":\"https:\\\/\\\/www.upjs.sk\\\/app\\\/uploads\\\/sites\\\/26\\\/2025\\\/04\\\/cropped-Materska-skola-s-upjs-logo-OK-01.jpg\",\"contentUrl\":\"https:\\\/\\\/www.upjs.sk\\\/app\\\/uploads\\\/sites\\\/26\\\/2025\\\/04\\\/cropped-Materska-skola-s-upjs-logo-OK-01.jpg\",\"width\":2082,\"height\":479,\"caption\":\"Matersk\u00e1 \u0161kola Univerzity Pavla Jozefa \u0160af\u00e1rika v Ko\u0161iciach\"},\"image\":{\"@id\":\"https:\\\/\\\/www.upjs.sk\\\/pracoviska\\\/materska-skola\\\/en\\\/#\\\/schema\\\/logo\\\/image\\\/\"}}]}<\/script>\n<!-- \/ Yoast SEO plugin. -->","yoast_head_json":{"title":"Contacts - Matersk\u00e1 \u0161kola Univerzity Pavla Jozefa \u0160af\u00e1rika v Ko\u0161iciach","robots":{"index":"index","follow":"follow","max-snippet":"max-snippet:-1","max-image-preview":"max-image-preview:large","max-video-preview":"max-video-preview:-1"},"canonical":"https:\/\/www.upjs.sk\/pracoviska\/materska-skola\/en\/contacts\/","og_locale":"en_US","og_type":"article","og_title":"Contacts - Matersk\u00e1 \u0161kola Univerzity Pavla Jozefa \u0160af\u00e1rika v Ko\u0161iciach","og_description":"The Nursery School of UPJ\u0160 in Ko\u0161iceMoyzesova 9041 01 Ko\u0161ice Principal of the nursery school Michaela Pavlovsk\u00e1michaela.pavlovska@upjs.sk mob.: 0948 412 353 Teachers:Magdal\u00e9na Zahumensk\u00e1magdalena.zahumenska@upjs.sk Ing. Slavom\u00edra Psotkov\u00e1slavomira.psotkova@upjs.sk web: www.upjs.sk\/pracoviska\/materska-skolae-mail: upejesko@upjs.skmob.:&nbsp;0948 207 255 (Reporting the child\u2019s absence and deregistering from meals)","og_url":"https:\/\/www.upjs.sk\/pracoviska\/materska-skola\/en\/contacts\/","og_site_name":"Matersk\u00e1 \u0161kola Univerzity Pavla Jozefa \u0160af\u00e1rika v Ko\u0161iciach","article_modified_time":"2026-04-13T12:23:58+00:00","og_image":[{"width":600,"height":131,"url":"https:\/\/www.upjs.sk\/app\/uploads\/sites\/26\/2024\/06\/logo-ms-600x131-1.jpg","type":"image\/jpeg"}],"twitter_card":"summary_large_image","twitter_misc":{"Est. reading time":"1 minute"},"schema":{"@context":"https:\/\/schema.org","@graph":[{"@type":"WebPage","@id":"https:\/\/www.upjs.sk\/pracoviska\/materska-skola\/en\/contacts\/","url":"https:\/\/www.upjs.sk\/pracoviska\/materska-skola\/en\/contacts\/","name":"Contacts - Matersk\u00e1 \u0161kola Univerzity Pavla Jozefa \u0160af\u00e1rika v Ko\u0161iciach","isPartOf":{"@id":"https:\/\/www.upjs.sk\/pracoviska\/materska-skola\/en\/#website"},"primaryImageOfPage":{"@id":"https:\/\/www.upjs.sk\/pracoviska\/materska-skola\/en\/contacts\/#primaryimage"},"image":{"@id":"https:\/\/www.upjs.sk\/pracoviska\/materska-skola\/en\/contacts\/#primaryimage"},"thumbnailUrl":"https:\/\/www.upjs.sk\/app\/uploads\/sites\/26\/2024\/06\/logo-ms-600x131-1-300x66.jpg","datePublished":"2025-05-20T13:21:35+00:00","dateModified":"2026-04-13T12:23:58+00:00","breadcrumb":{"@id":"https:\/\/www.upjs.sk\/pracoviska\/materska-skola\/en\/contacts\/#breadcrumb"},"inLanguage":"en-US","potentialAction":[{"@type":"ReadAction","target":["https:\/\/www.upjs.sk\/pracoviska\/materska-skola\/en\/contacts\/"]}]},{"@type":"ImageObject","inLanguage":"en-US","@id":"https:\/\/www.upjs.sk\/pracoviska\/materska-skola\/en\/contacts\/#primaryimage","url":"https:\/\/www.upjs.sk\/app\/uploads\/sites\/26\/2024\/06\/logo-ms-600x131-1-300x66.jpg","contentUrl":"https:\/\/www.upjs.sk\/app\/uploads\/sites\/26\/2024\/06\/logo-ms-600x131-1-300x66.jpg"},{"@type":"BreadcrumbList","@id":"https:\/\/www.upjs.sk\/pracoviska\/materska-skola\/en\/contacts\/#breadcrumb","itemListElement":[{"@type":"ListItem","position":1,"name":"Home","item":"https:\/\/www.upjs.sk\/pracoviska\/materska-skola\/en\/"},{"@type":"ListItem","position":2,"name":"Contacts"}]},{"@type":"WebSite","@id":"https:\/\/www.upjs.sk\/pracoviska\/materska-skola\/en\/#website","url":"https:\/\/www.upjs.sk\/pracoviska\/materska-skola\/en\/","name":"Matersk\u00e1 \u0161kola Univerzity Pavla Jozefa \u0160af\u00e1rika v Ko\u0161iciach","description":"","publisher":{"@id":"https:\/\/www.upjs.sk\/pracoviska\/materska-skola\/en\/#organization"},"potentialAction":[{"@type":"SearchAction","target":{"@type":"EntryPoint","urlTemplate":"https:\/\/www.upjs.sk\/pracoviska\/materska-skola\/en\/?s={search_term_string}"},"query-input":{"@type":"PropertyValueSpecification","valueRequired":true,"valueName":"search_term_string"}}],"inLanguage":"en-US"},{"@type":"Organization","@id":"https:\/\/www.upjs.sk\/pracoviska\/materska-skola\/en\/#organization","name":"Matersk\u00e1 \u0161kola Univerzity Pavla Jozefa \u0160af\u00e1rika v Ko\u0161iciach","url":"https:\/\/www.upjs.sk\/pracoviska\/materska-skola\/en\/","logo":{"@type":"ImageObject","inLanguage":"en-US","@id":"https:\/\/www.upjs.sk\/pracoviska\/materska-skola\/en\/#\/schema\/logo\/image\/","url":"https:\/\/www.upjs.sk\/app\/uploads\/sites\/26\/2025\/04\/cropped-Materska-skola-s-upjs-logo-OK-01.jpg","contentUrl":"https:\/\/www.upjs.sk\/app\/uploads\/sites\/26\/2025\/04\/cropped-Materska-skola-s-upjs-logo-OK-01.jpg","width":2082,"height":479,"caption":"Matersk\u00e1 \u0161kola Univerzity Pavla Jozefa \u0160af\u00e1rika v Ko\u0161iciach"},"image":{"@id":"https:\/\/www.upjs.sk\/pracoviska\/materska-skola\/en\/#\/schema\/logo\/image\/"}}]}},"_links":{"self":[{"href":"https:\/\/www.upjs.sk\/pracoviska\/materska-skola\/en\/wp-json\/wp\/v2\/pages\/14350","targetHints":{"allow":["GET"]}}],"collection":[{"href":"https:\/\/www.upjs.sk\/pracoviska\/materska-skola\/en\/wp-json\/wp\/v2\/pages"}],"about":[{"href":"https:\/\/www.upjs.sk\/pracoviska\/materska-skola\/en\/wp-json\/wp\/v2\/types\/page"}],"author":[{"embeddable":true,"href":"https:\/\/www.upjs.sk\/pracoviska\/materska-skola\/en\/wp-json\/wp\/v2\/users\/16"}],"replies":[{"embeddable":true,"href":"https:\/\/www.upjs.sk\/pracoviska\/materska-skola\/en\/wp-json\/wp\/v2\/comments?post=14350"}],"version-history":[{"count":6,"href":"https:\/\/www.upjs.sk\/pracoviska\/materska-skola\/en\/wp-json\/wp\/v2\/pages\/14350\/revisions"}],"predecessor-version":[{"id":14978,"href":"https:\/\/www.upjs.sk\/pracoviska\/materska-skola\/en\/wp-json\/wp\/v2\/pages\/14350\/revisions\/14978"}],"wp:attachment":[{"href":"https:\/\/www.upjs.sk\/pracoviska\/materska-skola\/en\/wp-json\/wp\/v2\/media?parent=14350"}],"wp:term":[{"taxonomy":"category","embeddable":true,"href":"https:\/\/www.upjs.sk\/pracoviska\/materska-skola\/en\/wp-json\/wp\/v2\/categories?post=14350"},{"taxonomy":"post_tag","embeddable":true,"href":"https:\/\/www.upjs.sk\/pracoviska\/materska-skola\/en\/wp-json\/wp\/v2\/tags?post=14350"}],"curies":[{"name":"wp","href":"https:\/\/api.w.org\/{rel}","templated":true}]}}