{"id":14357,"date":"2024-05-28T09:49:07","date_gmt":"2024-05-28T09:49:07","guid":{"rendered":"https:\/\/www.upjs.sk\/pracoviska\/materska-skola\/charakteristika-ms\/"},"modified":"2025-05-21T08:18:13","modified_gmt":"2025-05-21T08:18:13","slug":"characteristics-of-the-school","status":"publish","type":"page","link":"https:\/\/www.upjs.sk\/pracoviska\/materska-skola\/en\/school\/characteristics-of-the-school\/","title":{"rendered":"Characteristics of the school"},"content":{"rendered":"<style>.kb-image14357_2b8f9e-81 .kb-image-has-overlay:after{opacity:0.3;}<\/style>\n<div class=\"wp-block-kadence-image kb-image14357_2b8f9e-81\"><figure class=\"aligncenter size-medium\"><img loading=\"lazy\" decoding=\"async\" width=\"300\" height=\"66\" src=\"https:\/\/www.upjs.sk\/app\/uploads\/sites\/26\/2024\/06\/logo-ms-600x131-1-300x66.jpg\" alt=\"\" class=\"kb-img wp-image-13522\" srcset=\"https:\/\/www.upjs.sk\/app\/uploads\/sites\/26\/2024\/06\/logo-ms-600x131-1-300x66.jpg 300w, https:\/\/www.upjs.sk\/app\/uploads\/sites\/26\/2024\/06\/logo-ms-600x131-1.jpg 600w\" sizes=\"auto, (max-width: 300px) 100vw, 300px\" \/><\/figure><\/div>\n\n\n<style>.wp-block-kadence-spacer.kt-block-spacer-14357_c3f13a-a2 .kt-block-spacer{height:6px;}.wp-block-kadence-spacer.kt-block-spacer-14357_c3f13a-a2 .kt-divider{border-top-width:1px;height:1px;border-top-color:#C19152;width:100%;border-top-style:solid;}<\/style>\n<div class=\"wp-block-kadence-spacer aligncenter kt-block-spacer-14357_c3f13a-a2\"><div class=\"kt-block-spacer kt-block-spacer-halign-center\"><hr class=\"kt-divider\"\/><\/div><\/div>\n\n\n\n<p><strong>The Nursery School of Pavol Jozef \u0160af\u00e1rik University in Ko\u0161ice <\/strong>opens its doors to children on 1 September 2024. The history of the university dates back to the second half of the 17th century, but the history of the nursery school is just beginning to be written.<\/p>\n\n\n\n<p>Our aim is to create conditions for children for creative humanistic education and training with an emphasis on the development of key competencies for the 21st century while respecting the mental and physical aspects of each child.<\/p>\n\n\n\n<p>When the name of our university is mentioned, everyone thinks of a strong, stable and respected institution with a long history and a solid place in the 21st century. That is why we wanted to keep the initials for the name of the nursery school, from which <a href=\"https:\/\/www.upjs.sk\/app\/uploads\/sites\/26\/2024\/06\/logo-ms-600x131-1-300x66.jpg\" target=\"_blank\" rel=\"noreferrer noopener\"><strong>UPeJe\u0160ko<\/strong><\/a> was born.<\/p>\n\n\n\n<p>UPeJe\u0160ko is a one-class nursery school with a<strong> maximum number of 20 children<\/strong>, who develop and learn in premises designed and equipped for these purposes.<\/p>\n\n\n\n<p><strong>Objectives and mission of the nursery school:<\/strong><\/p>\n\n\n\n<ul class=\"wp-block-list\">\n<li>To use alternative and activating methods, elements and didactic aids in the educational process aimed at the development of literacy, communication skills, mathematical, informational and logical thinking.<\/li>\n\n\n\n<li>To take into account the different needs, interests of the children, their requirements, talents and abilities in different areas and their language abilities.<\/li>\n\n\n\n<li>To provide the children with contact with foreign languages.<\/li>\n\n\n\n<li>To support the development of the children through experiential learning, exploration, discovery, touch.<\/li>\n\n\n\n<li>To use the stimulating environment of the university in cooperation with individual faculties as an opportunity for the cognitive enrichment of the children.<\/li>\n\n\n\n<li>To form the children\u2019s habits in relation to a healthy lifestyle, to build their awareness about the need to protect their own health, the health of others and the environment in general.<\/li>\n\n\n\n<li>By actively involving the parents in school activities, to transfer the ideas of the nursery school to families.<\/li>\n<\/ul>\n\n\n\n<p><\/p>\n\n\n\n<p>The objectives of the school are in accordance with the objectives of the State Educational Programme for Pre-Primary Education in Nursery Schools and are adapted to the focus and conditions of the nursery school. The nursery school provides the support for achieving optimal cognitive, sensorimotor and social and emotional level as a basis for school education in primary school.<\/p>\n\n\n\n<p>The Nursery School of Pavol Jozef \u0160af\u00e1rik University in Ko\u0161ice and the School Canteen at Moyzesova 9 have been included in the network of schools and school facilities by decision of the Ministry of Education, Research, Development and Youth of the Slovak Republic.<\/p>\n\n\n<style>.wp-block-kadence-spacer.kt-block-spacer-14357_50ac0a-3e .kt-block-spacer{height:6px;}.wp-block-kadence-spacer.kt-block-spacer-14357_50ac0a-3e .kt-divider{border-top-width:1px;height:1px;border-top-color:#164082;width:100%;border-top-style:solid;}<\/style>\n<div class=\"wp-block-kadence-spacer aligncenter kt-block-spacer-14357_50ac0a-3e\"><div class=\"kt-block-spacer kt-block-spacer-halign-center\"><hr class=\"kt-divider\"\/><\/div><\/div>\n\n\n<style>.kb-row-layout-id14357_cfa1a4-ad > .kt-row-column-wrap{align-content:start;}:where(.kb-row-layout-id14357_cfa1a4-ad > .kt-row-column-wrap) > .wp-block-kadence-column{justify-content:start;}.kb-row-layout-id14357_cfa1a4-ad > .kt-row-column-wrap{column-gap:var(--global-kb-gap-md, 2rem);row-gap:var(--global-kb-gap-md, 2rem);padding-top:var(--global-kb-spacing-sm, 1.5rem);padding-bottom:var(--global-kb-spacing-xxs, 0.5rem);grid-template-columns:minmax(0, calc(30% - ((var(--global-kb-gap-md, 2rem) * 1 )\/2)))minmax(0, calc(70% - ((var(--global-kb-gap-md, 2rem) * 1 )\/2)));}.kb-row-layout-id14357_cfa1a4-ad > .kt-row-layout-overlay{opacity:0.30;}@media all and (max-width: 1024px){.kb-row-layout-id14357_cfa1a4-ad > .kt-row-column-wrap{grid-template-columns:minmax(0, 1fr) minmax(0, 2fr);}}@media all and (max-width: 767px){.kb-row-layout-id14357_cfa1a4-ad > .kt-row-column-wrap{grid-template-columns:minmax(0, 1fr);}}<\/style><div class=\"kb-row-layout-wrap kb-row-layout-id14357_cfa1a4-ad alignnone has-biela-background-color kt-row-has-bg wp-block-kadence-rowlayout\"><div class=\"kt-row-column-wrap kt-has-2-columns kt-row-layout-right-golden kt-tab-layout-inherit kt-mobile-layout-row kt-row-valign-top\">\n<style>.kadence-column14357_d8450d-2d > .kt-inside-inner-col{display:flex;}.kadence-column14357_d8450d-2d > .kt-inside-inner-col,.kadence-column14357_d8450d-2d > .kt-inside-inner-col:before{border-top-left-radius:0px;border-top-right-radius:0px;border-bottom-right-radius:0px;border-bottom-left-radius:0px;}.kadence-column14357_d8450d-2d > .kt-inside-inner-col{column-gap:var(--global-kb-gap-sm, 1rem);}.kadence-column14357_d8450d-2d > .kt-inside-inner-col{flex-direction:column;justify-content:flex-start;align-items:center;}.kadence-column14357_d8450d-2d > .kt-inside-inner-col > .kb-image-is-ratio-size{align-self:stretch;}.kadence-column14357_d8450d-2d > .kt-inside-inner-col > .wp-block-kadence-advancedgallery{align-self:stretch;}.kadence-column14357_d8450d-2d > .kt-inside-inner-col > .aligncenter{width:100%;}.kt-row-column-wrap > .kadence-column14357_d8450d-2d{align-self:flex-start;}.kt-inner-column-height-full:not(.kt-has-1-columns) > .wp-block-kadence-column.kadence-column14357_d8450d-2d{align-self:auto;}.kt-inner-column-height-full:not(.kt-has-1-columns) > .wp-block-kadence-column.kadence-column14357_d8450d-2d > .kt-inside-inner-col{flex-direction:column;justify-content:flex-start;}.kadence-column14357_d8450d-2d > .kt-inside-inner-col:before{opacity:0.3;}.kadence-column14357_d8450d-2d{position:relative;}@media all and (max-width: 1024px){.kt-row-column-wrap > .kadence-column14357_d8450d-2d{align-self:flex-start;}}@media all and (max-width: 1024px){.kt-inner-column-height-full:not(.kt-has-1-columns) > .wp-block-kadence-column.kadence-column14357_d8450d-2d{align-self:auto;}}@media all and (max-width: 1024px){.kt-inner-column-height-full:not(.kt-has-1-columns) > .wp-block-kadence-column.kadence-column14357_d8450d-2d > .kt-inside-inner-col{flex-direction:column;justify-content:flex-start;}}@media all and (max-width: 1024px){.kadence-column14357_d8450d-2d > .kt-inside-inner-col{flex-direction:column;justify-content:flex-start;align-items:center;}}@media all and (max-width: 767px){.kt-row-column-wrap > .kadence-column14357_d8450d-2d{align-self:flex-start;}.kt-inner-column-height-full:not(.kt-has-1-columns) > .wp-block-kadence-column.kadence-column14357_d8450d-2d{align-self:auto;}.kt-inner-column-height-full:not(.kt-has-1-columns) > .wp-block-kadence-column.kadence-column14357_d8450d-2d > .kt-inside-inner-col{flex-direction:column;justify-content:flex-start;}.kadence-column14357_d8450d-2d > .kt-inside-inner-col{flex-direction:column;justify-content:flex-start;align-items:center;}}<\/style>\n<div class=\"wp-block-kadence-column kadence-column14357_d8450d-2d kb-section-dir-vertical\"><div class=\"kt-inside-inner-col\"><style>.kb-image14357_ea9d1a-ba .kb-image-has-overlay:after{opacity:0.3;}<\/style>\n<div class=\"wp-block-kadence-image kb-image14357_ea9d1a-ba\"><figure class=\"alignright size-full\"><a href=\"https:\/\/www.minedu.sk\/\" class=\"kb-advanced-image-link\" target=\"_blank\" rel=\"noopener noreferrer\"><img decoding=\"async\" src=\"https:\/\/www.upjs.sk\/app\/uploads\/2024\/05\/logo-msvv-sr.jpg\" alt=\"\" class=\"kb-img wp-image-75663\"\/><\/a><\/figure><\/div>\n<\/div><\/div>\n\n\n<style>.kadence-column14357_176e4f-07 > .kt-inside-inner-col{display:flex;}.kadence-column14357_176e4f-07 > .kt-inside-inner-col,.kadence-column14357_176e4f-07 > .kt-inside-inner-col:before{border-top-left-radius:0px;border-top-right-radius:0px;border-bottom-right-radius:0px;border-bottom-left-radius:0px;}.kadence-column14357_176e4f-07 > .kt-inside-inner-col{column-gap:var(--global-kb-gap-sm, 1rem);}.kadence-column14357_176e4f-07 > .kt-inside-inner-col{flex-direction:column;justify-content:center;align-items:center;}.kadence-column14357_176e4f-07 > .kt-inside-inner-col > .kb-image-is-ratio-size{align-self:stretch;}.kadence-column14357_176e4f-07 > .kt-inside-inner-col > .wp-block-kadence-advancedgallery{align-self:stretch;}.kadence-column14357_176e4f-07 > .kt-inside-inner-col > .aligncenter{width:100%;}.kt-row-column-wrap > .kadence-column14357_176e4f-07{align-self:center;}.kt-inner-column-height-full:not(.kt-has-1-columns) > .wp-block-kadence-column.kadence-column14357_176e4f-07{align-self:auto;}.kt-inner-column-height-full:not(.kt-has-1-columns) > .wp-block-kadence-column.kadence-column14357_176e4f-07 > .kt-inside-inner-col{flex-direction:column;justify-content:center;}.kadence-column14357_176e4f-07 > .kt-inside-inner-col:before{opacity:0.3;}.kadence-column14357_176e4f-07{position:relative;}@media all and (max-width: 1024px){.kt-row-column-wrap > .kadence-column14357_176e4f-07{align-self:center;}}@media all and (max-width: 1024px){.kt-inner-column-height-full:not(.kt-has-1-columns) > .wp-block-kadence-column.kadence-column14357_176e4f-07{align-self:auto;}}@media all and (max-width: 1024px){.kt-inner-column-height-full:not(.kt-has-1-columns) > .wp-block-kadence-column.kadence-column14357_176e4f-07 > .kt-inside-inner-col{flex-direction:column;justify-content:center;}}@media all and (max-width: 1024px){.kadence-column14357_176e4f-07 > .kt-inside-inner-col{flex-direction:column;justify-content:center;align-items:center;}}@media all and (max-width: 767px){.kt-row-column-wrap > .kadence-column14357_176e4f-07{align-self:center;}.kt-inner-column-height-full:not(.kt-has-1-columns) > .wp-block-kadence-column.kadence-column14357_176e4f-07{align-self:auto;}.kt-inner-column-height-full:not(.kt-has-1-columns) > .wp-block-kadence-column.kadence-column14357_176e4f-07 > .kt-inside-inner-col{flex-direction:column;justify-content:center;}.kadence-column14357_176e4f-07 > .kt-inside-inner-col{flex-direction:column;justify-content:center;align-items:center;}}<\/style>\n<div class=\"wp-block-kadence-column kadence-column14357_176e4f-07\"><div class=\"kt-inside-inner-col\">\n<p class=\"has-text-align-left\"><\/p>\n<\/div><\/div>\n\n<\/div><\/div>\n\n<style>.wp-block-kadence-spacer.kt-block-spacer-14357_349815-a5 .kt-block-spacer{height:6px;}.wp-block-kadence-spacer.kt-block-spacer-14357_349815-a5 .kt-divider{border-top-width:1px;height:1px;border-top-color:#164082;width:100%;border-top-style:solid;}<\/style>\n<div class=\"wp-block-kadence-spacer aligncenter kt-block-spacer-14357_349815-a5\"><div class=\"kt-block-spacer kt-block-spacer-halign-center\"><hr class=\"kt-divider\"\/><\/div><\/div>\n\n\n\n<p><\/p>\n","protected":false},"excerpt":{"rendered":"<p>The Nursery School of Pavol Jozef \u0160af\u00e1rik University in Ko\u0161ice opens its doors to children on 1 September 2024. The history of the university dates back to the second half of the 17th century, but the history of the nursery school is just beginning to be written. Our aim is to create conditions for children &hellip; <a href=\"https:\/\/www.upjs.sk\/pracoviska\/materska-skola\/en\/school\/characteristics-of-the-school\/\">Continued<\/a><\/p>\n","protected":false},"author":1,"featured_media":0,"parent":14381,"menu_order":0,"comment_status":"closed","ping_status":"closed","template":"","meta":{"_acf_changed":false,"_editorskit_title_hidden":false,"_editorskit_reading_time":0,"_editorskit_is_block_options_detached":false,"_editorskit_block_options_position":"{}","footnotes":""},"categories":[],"tags":[],"class_list":["post-14357","page","type-page","status-publish","hentry"],"acf":{"acf_link_na_externy_obsah":""},"yoast_head":"<!-- This site is optimized with the Yoast SEO plugin v27.4 - https:\/\/yoast.com\/product\/yoast-seo-wordpress\/ -->\n<title>Characteristics of the school - Matersk\u00e1 \u0161kola Univerzity Pavla Jozefa \u0160af\u00e1rika v Ko\u0161iciach<\/title>\n<meta name=\"robots\" content=\"index, follow, max-snippet:-1, max-image-preview:large, max-video-preview:-1\" \/>\n<link rel=\"canonical\" href=\"https:\/\/www.upjs.sk\/pracoviska\/materska-skola\/en\/school\/characteristics-of-the-school\/\" \/>\n<meta property=\"og:locale\" content=\"en_US\" \/>\n<meta property=\"og:type\" content=\"article\" \/>\n<meta property=\"og:title\" content=\"Characteristics of the school - Matersk\u00e1 \u0161kola Univerzity Pavla Jozefa \u0160af\u00e1rika v Ko\u0161iciach\" \/>\n<meta property=\"og:description\" content=\"The Nursery School of Pavol Jozef \u0160af\u00e1rik University in Ko\u0161ice opens its doors to children on 1 September 2024. The history of the university dates back to the second half of the 17th century, but the history of the nursery school is just beginning to be written. Our aim is to create conditions for children &hellip; Continued\" \/>\n<meta property=\"og:url\" content=\"https:\/\/www.upjs.sk\/pracoviska\/materska-skola\/en\/school\/characteristics-of-the-school\/\" \/>\n<meta property=\"og:site_name\" content=\"Matersk\u00e1 \u0161kola Univerzity Pavla Jozefa \u0160af\u00e1rika v Ko\u0161iciach\" \/>\n<meta property=\"article:modified_time\" content=\"2025-05-21T08:18:13+00:00\" \/>\n<meta property=\"og:image\" content=\"https:\/\/www.upjs.sk\/app\/uploads\/sites\/26\/2024\/06\/logo-ms-600x131-1-300x66.jpg\" \/>\n<meta name=\"twitter:card\" content=\"summary_large_image\" \/>\n<meta name=\"twitter:label1\" content=\"Est. reading time\" \/>\n\t<meta name=\"twitter:data1\" content=\"3 minutes\" \/>\n<script type=\"application\/ld+json\" class=\"yoast-schema-graph\">{\"@context\":\"https:\\\/\\\/schema.org\",\"@graph\":[{\"@type\":\"WebPage\",\"@id\":\"https:\\\/\\\/www.upjs.sk\\\/pracoviska\\\/materska-skola\\\/en\\\/school\\\/characteristics-of-the-school\\\/\",\"url\":\"https:\\\/\\\/www.upjs.sk\\\/pracoviska\\\/materska-skola\\\/en\\\/school\\\/characteristics-of-the-school\\\/\",\"name\":\"Characteristics of the school - Matersk\u00e1 \u0161kola Univerzity Pavla Jozefa \u0160af\u00e1rika v Ko\u0161iciach\",\"isPartOf\":{\"@id\":\"https:\\\/\\\/www.upjs.sk\\\/pracoviska\\\/materska-skola\\\/en\\\/#website\"},\"primaryImageOfPage\":{\"@id\":\"https:\\\/\\\/www.upjs.sk\\\/pracoviska\\\/materska-skola\\\/en\\\/school\\\/characteristics-of-the-school\\\/#primaryimage\"},\"image\":{\"@id\":\"https:\\\/\\\/www.upjs.sk\\\/pracoviska\\\/materska-skola\\\/en\\\/school\\\/characteristics-of-the-school\\\/#primaryimage\"},\"thumbnailUrl\":\"https:\\\/\\\/www.upjs.sk\\\/app\\\/uploads\\\/sites\\\/26\\\/2024\\\/06\\\/logo-ms-600x131-1-300x66.jpg\",\"datePublished\":\"2024-05-28T09:49:07+00:00\",\"dateModified\":\"2025-05-21T08:18:13+00:00\",\"breadcrumb\":{\"@id\":\"https:\\\/\\\/www.upjs.sk\\\/pracoviska\\\/materska-skola\\\/en\\\/school\\\/characteristics-of-the-school\\\/#breadcrumb\"},\"inLanguage\":\"en-US\",\"potentialAction\":[{\"@type\":\"ReadAction\",\"target\":[\"https:\\\/\\\/www.upjs.sk\\\/pracoviska\\\/materska-skola\\\/en\\\/school\\\/characteristics-of-the-school\\\/\"]}]},{\"@type\":\"ImageObject\",\"inLanguage\":\"en-US\",\"@id\":\"https:\\\/\\\/www.upjs.sk\\\/pracoviska\\\/materska-skola\\\/en\\\/school\\\/characteristics-of-the-school\\\/#primaryimage\",\"url\":\"https:\\\/\\\/www.upjs.sk\\\/app\\\/uploads\\\/sites\\\/26\\\/2024\\\/06\\\/logo-ms-600x131-1-300x66.jpg\",\"contentUrl\":\"https:\\\/\\\/www.upjs.sk\\\/app\\\/uploads\\\/sites\\\/26\\\/2024\\\/06\\\/logo-ms-600x131-1-300x66.jpg\"},{\"@type\":\"BreadcrumbList\",\"@id\":\"https:\\\/\\\/www.upjs.sk\\\/pracoviska\\\/materska-skola\\\/en\\\/school\\\/characteristics-of-the-school\\\/#breadcrumb\",\"itemListElement\":[{\"@type\":\"ListItem\",\"position\":1,\"name\":\"Home\",\"item\":\"https:\\\/\\\/www.upjs.sk\\\/pracoviska\\\/materska-skola\\\/en\\\/\"},{\"@type\":\"ListItem\",\"position\":2,\"name\":\"School\",\"item\":\"https:\\\/\\\/www.upjs.sk\\\/pracoviska\\\/materska-skola\\\/en\\\/school\\\/\"},{\"@type\":\"ListItem\",\"position\":3,\"name\":\"Characteristics of the school\"}]},{\"@type\":\"WebSite\",\"@id\":\"https:\\\/\\\/www.upjs.sk\\\/pracoviska\\\/materska-skola\\\/en\\\/#website\",\"url\":\"https:\\\/\\\/www.upjs.sk\\\/pracoviska\\\/materska-skola\\\/en\\\/\",\"name\":\"Matersk\u00e1 \u0161kola Univerzity Pavla Jozefa \u0160af\u00e1rika v Ko\u0161iciach\",\"description\":\"\",\"publisher\":{\"@id\":\"https:\\\/\\\/www.upjs.sk\\\/pracoviska\\\/materska-skola\\\/en\\\/#organization\"},\"potentialAction\":[{\"@type\":\"SearchAction\",\"target\":{\"@type\":\"EntryPoint\",\"urlTemplate\":\"https:\\\/\\\/www.upjs.sk\\\/pracoviska\\\/materska-skola\\\/en\\\/?s={search_term_string}\"},\"query-input\":{\"@type\":\"PropertyValueSpecification\",\"valueRequired\":true,\"valueName\":\"search_term_string\"}}],\"inLanguage\":\"en-US\"},{\"@type\":\"Organization\",\"@id\":\"https:\\\/\\\/www.upjs.sk\\\/pracoviska\\\/materska-skola\\\/en\\\/#organization\",\"name\":\"Matersk\u00e1 \u0161kola Univerzity Pavla Jozefa \u0160af\u00e1rika v Ko\u0161iciach\",\"url\":\"https:\\\/\\\/www.upjs.sk\\\/pracoviska\\\/materska-skola\\\/en\\\/\",\"logo\":{\"@type\":\"ImageObject\",\"inLanguage\":\"en-US\",\"@id\":\"https:\\\/\\\/www.upjs.sk\\\/pracoviska\\\/materska-skola\\\/en\\\/#\\\/schema\\\/logo\\\/image\\\/\",\"url\":\"https:\\\/\\\/www.upjs.sk\\\/app\\\/uploads\\\/sites\\\/26\\\/2025\\\/04\\\/cropped-Materska-skola-s-upjs-logo-OK-01.jpg\",\"contentUrl\":\"https:\\\/\\\/www.upjs.sk\\\/app\\\/uploads\\\/sites\\\/26\\\/2025\\\/04\\\/cropped-Materska-skola-s-upjs-logo-OK-01.jpg\",\"width\":2082,\"height\":479,\"caption\":\"Matersk\u00e1 \u0161kola Univerzity Pavla Jozefa \u0160af\u00e1rika v Ko\u0161iciach\"},\"image\":{\"@id\":\"https:\\\/\\\/www.upjs.sk\\\/pracoviska\\\/materska-skola\\\/en\\\/#\\\/schema\\\/logo\\\/image\\\/\"}}]}<\/script>\n<!-- \/ Yoast SEO plugin. -->","yoast_head_json":{"title":"Characteristics of the school - Matersk\u00e1 \u0161kola Univerzity Pavla Jozefa \u0160af\u00e1rika v Ko\u0161iciach","robots":{"index":"index","follow":"follow","max-snippet":"max-snippet:-1","max-image-preview":"max-image-preview:large","max-video-preview":"max-video-preview:-1"},"canonical":"https:\/\/www.upjs.sk\/pracoviska\/materska-skola\/en\/school\/characteristics-of-the-school\/","og_locale":"en_US","og_type":"article","og_title":"Characteristics of the school - Matersk\u00e1 \u0161kola Univerzity Pavla Jozefa \u0160af\u00e1rika v Ko\u0161iciach","og_description":"The Nursery School of Pavol Jozef \u0160af\u00e1rik University in Ko\u0161ice opens its doors to children on 1 September 2024. The history of the university dates back to the second half of the 17th century, but the history of the nursery school is just beginning to be written. Our aim is to create conditions for children &hellip; Continued","og_url":"https:\/\/www.upjs.sk\/pracoviska\/materska-skola\/en\/school\/characteristics-of-the-school\/","og_site_name":"Matersk\u00e1 \u0161kola Univerzity Pavla Jozefa \u0160af\u00e1rika v Ko\u0161iciach","article_modified_time":"2025-05-21T08:18:13+00:00","og_image":[{"url":"https:\/\/www.upjs.sk\/app\/uploads\/sites\/26\/2024\/06\/logo-ms-600x131-1-300x66.jpg","type":"","width":"","height":""}],"twitter_card":"summary_large_image","twitter_misc":{"Est. reading time":"3 minutes"},"schema":{"@context":"https:\/\/schema.org","@graph":[{"@type":"WebPage","@id":"https:\/\/www.upjs.sk\/pracoviska\/materska-skola\/en\/school\/characteristics-of-the-school\/","url":"https:\/\/www.upjs.sk\/pracoviska\/materska-skola\/en\/school\/characteristics-of-the-school\/","name":"Characteristics of the school - Matersk\u00e1 \u0161kola Univerzity Pavla Jozefa \u0160af\u00e1rika v Ko\u0161iciach","isPartOf":{"@id":"https:\/\/www.upjs.sk\/pracoviska\/materska-skola\/en\/#website"},"primaryImageOfPage":{"@id":"https:\/\/www.upjs.sk\/pracoviska\/materska-skola\/en\/school\/characteristics-of-the-school\/#primaryimage"},"image":{"@id":"https:\/\/www.upjs.sk\/pracoviska\/materska-skola\/en\/school\/characteristics-of-the-school\/#primaryimage"},"thumbnailUrl":"https:\/\/www.upjs.sk\/app\/uploads\/sites\/26\/2024\/06\/logo-ms-600x131-1-300x66.jpg","datePublished":"2024-05-28T09:49:07+00:00","dateModified":"2025-05-21T08:18:13+00:00","breadcrumb":{"@id":"https:\/\/www.upjs.sk\/pracoviska\/materska-skola\/en\/school\/characteristics-of-the-school\/#breadcrumb"},"inLanguage":"en-US","potentialAction":[{"@type":"ReadAction","target":["https:\/\/www.upjs.sk\/pracoviska\/materska-skola\/en\/school\/characteristics-of-the-school\/"]}]},{"@type":"ImageObject","inLanguage":"en-US","@id":"https:\/\/www.upjs.sk\/pracoviska\/materska-skola\/en\/school\/characteristics-of-the-school\/#primaryimage","url":"https:\/\/www.upjs.sk\/app\/uploads\/sites\/26\/2024\/06\/logo-ms-600x131-1-300x66.jpg","contentUrl":"https:\/\/www.upjs.sk\/app\/uploads\/sites\/26\/2024\/06\/logo-ms-600x131-1-300x66.jpg"},{"@type":"BreadcrumbList","@id":"https:\/\/www.upjs.sk\/pracoviska\/materska-skola\/en\/school\/characteristics-of-the-school\/#breadcrumb","itemListElement":[{"@type":"ListItem","position":1,"name":"Home","item":"https:\/\/www.upjs.sk\/pracoviska\/materska-skola\/en\/"},{"@type":"ListItem","position":2,"name":"School","item":"https:\/\/www.upjs.sk\/pracoviska\/materska-skola\/en\/school\/"},{"@type":"ListItem","position":3,"name":"Characteristics of the school"}]},{"@type":"WebSite","@id":"https:\/\/www.upjs.sk\/pracoviska\/materska-skola\/en\/#website","url":"https:\/\/www.upjs.sk\/pracoviska\/materska-skola\/en\/","name":"Matersk\u00e1 \u0161kola Univerzity Pavla Jozefa \u0160af\u00e1rika v Ko\u0161iciach","description":"","publisher":{"@id":"https:\/\/www.upjs.sk\/pracoviska\/materska-skola\/en\/#organization"},"potentialAction":[{"@type":"SearchAction","target":{"@type":"EntryPoint","urlTemplate":"https:\/\/www.upjs.sk\/pracoviska\/materska-skola\/en\/?s={search_term_string}"},"query-input":{"@type":"PropertyValueSpecification","valueRequired":true,"valueName":"search_term_string"}}],"inLanguage":"en-US"},{"@type":"Organization","@id":"https:\/\/www.upjs.sk\/pracoviska\/materska-skola\/en\/#organization","name":"Matersk\u00e1 \u0161kola Univerzity Pavla Jozefa \u0160af\u00e1rika v Ko\u0161iciach","url":"https:\/\/www.upjs.sk\/pracoviska\/materska-skola\/en\/","logo":{"@type":"ImageObject","inLanguage":"en-US","@id":"https:\/\/www.upjs.sk\/pracoviska\/materska-skola\/en\/#\/schema\/logo\/image\/","url":"https:\/\/www.upjs.sk\/app\/uploads\/sites\/26\/2025\/04\/cropped-Materska-skola-s-upjs-logo-OK-01.jpg","contentUrl":"https:\/\/www.upjs.sk\/app\/uploads\/sites\/26\/2025\/04\/cropped-Materska-skola-s-upjs-logo-OK-01.jpg","width":2082,"height":479,"caption":"Matersk\u00e1 \u0161kola Univerzity Pavla Jozefa \u0160af\u00e1rika v Ko\u0161iciach"},"image":{"@id":"https:\/\/www.upjs.sk\/pracoviska\/materska-skola\/en\/#\/schema\/logo\/image\/"}}]}},"_links":{"self":[{"href":"https:\/\/www.upjs.sk\/pracoviska\/materska-skola\/en\/wp-json\/wp\/v2\/pages\/14357","targetHints":{"allow":["GET"]}}],"collection":[{"href":"https:\/\/www.upjs.sk\/pracoviska\/materska-skola\/en\/wp-json\/wp\/v2\/pages"}],"about":[{"href":"https:\/\/www.upjs.sk\/pracoviska\/materska-skola\/en\/wp-json\/wp\/v2\/types\/page"}],"author":[{"embeddable":true,"href":"https:\/\/www.upjs.sk\/pracoviska\/materska-skola\/en\/wp-json\/wp\/v2\/users\/1"}],"replies":[{"embeddable":true,"href":"https:\/\/www.upjs.sk\/pracoviska\/materska-skola\/en\/wp-json\/wp\/v2\/comments?post=14357"}],"version-history":[{"count":5,"href":"https:\/\/www.upjs.sk\/pracoviska\/materska-skola\/en\/wp-json\/wp\/v2\/pages\/14357\/revisions"}],"predecessor-version":[{"id":14408,"href":"https:\/\/www.upjs.sk\/pracoviska\/materska-skola\/en\/wp-json\/wp\/v2\/pages\/14357\/revisions\/14408"}],"up":[{"embeddable":true,"href":"https:\/\/www.upjs.sk\/pracoviska\/materska-skola\/en\/wp-json\/wp\/v2\/pages\/14381"}],"wp:attachment":[{"href":"https:\/\/www.upjs.sk\/pracoviska\/materska-skola\/en\/wp-json\/wp\/v2\/media?parent=14357"}],"wp:term":[{"taxonomy":"category","embeddable":true,"href":"https:\/\/www.upjs.sk\/pracoviska\/materska-skola\/en\/wp-json\/wp\/v2\/categories?post=14357"},{"taxonomy":"post_tag","embeddable":true,"href":"https:\/\/www.upjs.sk\/pracoviska\/materska-skola\/en\/wp-json\/wp\/v2\/tags?post=14357"}],"curies":[{"name":"wp","href":"https:\/\/api.w.org\/{rel}","templated":true}]}}