{"id":14358,"date":"2024-05-28T09:49:08","date_gmt":"2024-05-28T09:49:08","guid":{"rendered":"https:\/\/www.upjs.sk\/pracoviska\/materska-skola\/rezim-dna\/"},"modified":"2025-05-21T08:18:41","modified_gmt":"2025-05-21T08:18:41","slug":"daily-routine","status":"publish","type":"page","link":"https:\/\/www.upjs.sk\/pracoviska\/materska-skola\/en\/school\/daily-routine\/","title":{"rendered":"Daily routine"},"content":{"rendered":"<style>.kb-image14358_f86b56-e4 .kb-image-has-overlay:after{opacity:0.3;}<\/style>\n<div class=\"wp-block-kadence-image kb-image14358_f86b56-e4\"><figure class=\"aligncenter size-medium\"><img loading=\"lazy\" decoding=\"async\" width=\"300\" height=\"66\" src=\"https:\/\/www.upjs.sk\/app\/uploads\/sites\/26\/2024\/06\/logo-ms-600x131-1-300x66.jpg\" alt=\"\" class=\"kb-img wp-image-13522\" srcset=\"https:\/\/www.upjs.sk\/app\/uploads\/sites\/26\/2024\/06\/logo-ms-600x131-1-300x66.jpg 300w, https:\/\/www.upjs.sk\/app\/uploads\/sites\/26\/2024\/06\/logo-ms-600x131-1.jpg 600w\" sizes=\"auto, (max-width: 300px) 100vw, 300px\" \/><\/figure><\/div>\n\n\n<style>.wp-block-kadence-spacer.kt-block-spacer-14358_f9a424-4c .kt-block-spacer{height:6px;}.wp-block-kadence-spacer.kt-block-spacer-14358_f9a424-4c .kt-divider{border-top-width:1px;height:1px;border-top-color:#C19152;width:100%;border-top-style:solid;}<\/style>\n<div class=\"wp-block-kadence-spacer aligncenter kt-block-spacer-14358_f9a424-4c\"><div class=\"kt-block-spacer kt-block-spacer-halign-center\"><hr class=\"kt-divider\"\/><\/div><\/div>\n\n\n\n<figure class=\"wp-block-table caption-align-left is-style-stripes\"><table><thead><tr><th class=\"has-text-align-center\" data-align=\"center\"><mark style=\"background-color:rgba(0, 0, 0, 0)\" class=\"has-inline-color has-zakladna-modra-color\">Daily routine<\/mark><\/th><th><\/th><\/tr><\/thead><tbody><tr><td class=\"has-text-align-center\" data-align=\"center\"><strong>7:00 \u2013 8:30<\/strong><\/td><td>Games and activities of the children\u2019s choice<br>Morning Circle<br>Movement and relaxation activities<\/td><\/tr><tr><td class=\"has-text-align-center\" data-align=\"center\"><strong>8:30 \u2013 9:00<\/strong><\/td><td>Lifestyle education activities (personal hygiene, snack)<\/td><\/tr><tr><td class=\"has-text-align-center\" data-align=\"center\"><strong>9:00 \u2013 11:30<\/strong><\/td><td>Educational activity<br>Time outdoors<\/td><\/tr><tr><td class=\"has-text-align-center\" data-align=\"center\"><strong>11.30 \u2013 12.00<\/strong><\/td><td>Lifestyle education activities (personal hygiene, lunch)<\/td><\/tr><tr><td class=\"has-text-align-center\" data-align=\"center\"><strong>12:00 \u2013 14:30<\/strong>&nbsp;<\/td><td>Lifestyle education activities (personal hygiene)<br>Rest<\/td><\/tr><tr><td class=\"has-text-align-center\" data-align=\"center\"><strong>14:30 \u2013 15.00<\/strong>&nbsp;<\/td><td>Lifestyle education activities (personal hygiene, afternoon snack)<\/td><\/tr><tr><td class=\"has-text-align-center\" data-align=\"center\"><strong>15:00 \u2013 17:00<\/strong>&nbsp;<\/td><td>Educational activity<br>Games and activities of children\u2019s choice<br>Time outdoors<\/td><\/tr><\/tbody><\/table><\/figure>\n\n\n\n<p><\/p>\n","protected":false},"excerpt":{"rendered":"<p>Daily routine 7:00 \u2013 8:30 Games and activities of the children\u2019s choiceMorning CircleMovement and relaxation activities 8:30 \u2013 9:00 Lifestyle education activities (personal hygiene, snack) 9:00 \u2013 11:30 Educational activityTime outdoors 11.30 \u2013 12.00 Lifestyle education activities (personal hygiene, lunch) 12:00 \u2013 14:30&nbsp; Lifestyle education activities (personal hygiene)Rest 14:30 \u2013 15.00&nbsp; Lifestyle education activities (personal &hellip; <a href=\"https:\/\/www.upjs.sk\/pracoviska\/materska-skola\/en\/school\/daily-routine\/\">Continued<\/a><\/p>\n","protected":false},"author":1,"featured_media":0,"parent":14381,"menu_order":1,"comment_status":"closed","ping_status":"closed","template":"","meta":{"_acf_changed":false,"_editorskit_title_hidden":false,"_editorskit_reading_time":0,"_editorskit_is_block_options_detached":false,"_editorskit_block_options_position":"{}","footnotes":""},"categories":[],"tags":[],"class_list":["post-14358","page","type-page","status-publish","hentry"],"acf":{"acf_link_na_externy_obsah":""},"yoast_head":"<!-- This site is optimized with the Yoast SEO plugin v27.4 - https:\/\/yoast.com\/product\/yoast-seo-wordpress\/ -->\n<title>Daily routine - Matersk\u00e1 \u0161kola Univerzity Pavla Jozefa \u0160af\u00e1rika v Ko\u0161iciach<\/title>\n<meta name=\"robots\" content=\"index, follow, max-snippet:-1, max-image-preview:large, max-video-preview:-1\" \/>\n<link rel=\"canonical\" href=\"https:\/\/www.upjs.sk\/pracoviska\/materska-skola\/en\/school\/daily-routine\/\" \/>\n<meta property=\"og:locale\" content=\"en_US\" \/>\n<meta property=\"og:type\" content=\"article\" \/>\n<meta property=\"og:title\" content=\"Daily routine - Matersk\u00e1 \u0161kola Univerzity Pavla Jozefa \u0160af\u00e1rika v Ko\u0161iciach\" \/>\n<meta property=\"og:description\" content=\"Daily routine 7:00 \u2013 8:30 Games and activities of the children\u2019s choiceMorning CircleMovement and relaxation activities 8:30 \u2013 9:00 Lifestyle education activities (personal hygiene, snack) 9:00 \u2013 11:30 Educational activityTime outdoors 11.30 \u2013 12.00 Lifestyle education activities (personal hygiene, lunch) 12:00 \u2013 14:30&nbsp; Lifestyle education activities (personal hygiene)Rest 14:30 \u2013 15.00&nbsp; Lifestyle education activities (personal &hellip; Continued\" \/>\n<meta property=\"og:url\" content=\"https:\/\/www.upjs.sk\/pracoviska\/materska-skola\/en\/school\/daily-routine\/\" \/>\n<meta property=\"og:site_name\" content=\"Matersk\u00e1 \u0161kola Univerzity Pavla Jozefa \u0160af\u00e1rika v Ko\u0161iciach\" \/>\n<meta property=\"article:modified_time\" content=\"2025-05-21T08:18:41+00:00\" \/>\n<meta property=\"og:image\" content=\"https:\/\/www.upjs.sk\/app\/uploads\/sites\/26\/2024\/06\/logo-ms-600x131-1-300x66.jpg\" \/>\n<meta name=\"twitter:card\" content=\"summary_large_image\" \/>\n<meta name=\"twitter:label1\" content=\"Est. reading time\" \/>\n\t<meta name=\"twitter:data1\" content=\"1 minute\" \/>\n<script type=\"application\/ld+json\" class=\"yoast-schema-graph\">{\"@context\":\"https:\\\/\\\/schema.org\",\"@graph\":[{\"@type\":\"WebPage\",\"@id\":\"https:\\\/\\\/www.upjs.sk\\\/pracoviska\\\/materska-skola\\\/en\\\/school\\\/daily-routine\\\/\",\"url\":\"https:\\\/\\\/www.upjs.sk\\\/pracoviska\\\/materska-skola\\\/en\\\/school\\\/daily-routine\\\/\",\"name\":\"Daily routine - Matersk\u00e1 \u0161kola Univerzity Pavla Jozefa \u0160af\u00e1rika v Ko\u0161iciach\",\"isPartOf\":{\"@id\":\"https:\\\/\\\/www.upjs.sk\\\/pracoviska\\\/materska-skola\\\/en\\\/#website\"},\"primaryImageOfPage\":{\"@id\":\"https:\\\/\\\/www.upjs.sk\\\/pracoviska\\\/materska-skola\\\/en\\\/school\\\/daily-routine\\\/#primaryimage\"},\"image\":{\"@id\":\"https:\\\/\\\/www.upjs.sk\\\/pracoviska\\\/materska-skola\\\/en\\\/school\\\/daily-routine\\\/#primaryimage\"},\"thumbnailUrl\":\"https:\\\/\\\/www.upjs.sk\\\/app\\\/uploads\\\/sites\\\/26\\\/2024\\\/06\\\/logo-ms-600x131-1-300x66.jpg\",\"datePublished\":\"2024-05-28T09:49:08+00:00\",\"dateModified\":\"2025-05-21T08:18:41+00:00\",\"breadcrumb\":{\"@id\":\"https:\\\/\\\/www.upjs.sk\\\/pracoviska\\\/materska-skola\\\/en\\\/school\\\/daily-routine\\\/#breadcrumb\"},\"inLanguage\":\"en-US\",\"potentialAction\":[{\"@type\":\"ReadAction\",\"target\":[\"https:\\\/\\\/www.upjs.sk\\\/pracoviska\\\/materska-skola\\\/en\\\/school\\\/daily-routine\\\/\"]}]},{\"@type\":\"ImageObject\",\"inLanguage\":\"en-US\",\"@id\":\"https:\\\/\\\/www.upjs.sk\\\/pracoviska\\\/materska-skola\\\/en\\\/school\\\/daily-routine\\\/#primaryimage\",\"url\":\"https:\\\/\\\/www.upjs.sk\\\/app\\\/uploads\\\/sites\\\/26\\\/2024\\\/06\\\/logo-ms-600x131-1-300x66.jpg\",\"contentUrl\":\"https:\\\/\\\/www.upjs.sk\\\/app\\\/uploads\\\/sites\\\/26\\\/2024\\\/06\\\/logo-ms-600x131-1-300x66.jpg\"},{\"@type\":\"BreadcrumbList\",\"@id\":\"https:\\\/\\\/www.upjs.sk\\\/pracoviska\\\/materska-skola\\\/en\\\/school\\\/daily-routine\\\/#breadcrumb\",\"itemListElement\":[{\"@type\":\"ListItem\",\"position\":1,\"name\":\"Home\",\"item\":\"https:\\\/\\\/www.upjs.sk\\\/pracoviska\\\/materska-skola\\\/en\\\/\"},{\"@type\":\"ListItem\",\"position\":2,\"name\":\"School\",\"item\":\"https:\\\/\\\/www.upjs.sk\\\/pracoviska\\\/materska-skola\\\/en\\\/school\\\/\"},{\"@type\":\"ListItem\",\"position\":3,\"name\":\"Daily routine\"}]},{\"@type\":\"WebSite\",\"@id\":\"https:\\\/\\\/www.upjs.sk\\\/pracoviska\\\/materska-skola\\\/en\\\/#website\",\"url\":\"https:\\\/\\\/www.upjs.sk\\\/pracoviska\\\/materska-skola\\\/en\\\/\",\"name\":\"Matersk\u00e1 \u0161kola Univerzity Pavla Jozefa \u0160af\u00e1rika v Ko\u0161iciach\",\"description\":\"\",\"publisher\":{\"@id\":\"https:\\\/\\\/www.upjs.sk\\\/pracoviska\\\/materska-skola\\\/en\\\/#organization\"},\"potentialAction\":[{\"@type\":\"SearchAction\",\"target\":{\"@type\":\"EntryPoint\",\"urlTemplate\":\"https:\\\/\\\/www.upjs.sk\\\/pracoviska\\\/materska-skola\\\/en\\\/?s={search_term_string}\"},\"query-input\":{\"@type\":\"PropertyValueSpecification\",\"valueRequired\":true,\"valueName\":\"search_term_string\"}}],\"inLanguage\":\"en-US\"},{\"@type\":\"Organization\",\"@id\":\"https:\\\/\\\/www.upjs.sk\\\/pracoviska\\\/materska-skola\\\/en\\\/#organization\",\"name\":\"Matersk\u00e1 \u0161kola Univerzity Pavla Jozefa \u0160af\u00e1rika v Ko\u0161iciach\",\"url\":\"https:\\\/\\\/www.upjs.sk\\\/pracoviska\\\/materska-skola\\\/en\\\/\",\"logo\":{\"@type\":\"ImageObject\",\"inLanguage\":\"en-US\",\"@id\":\"https:\\\/\\\/www.upjs.sk\\\/pracoviska\\\/materska-skola\\\/en\\\/#\\\/schema\\\/logo\\\/image\\\/\",\"url\":\"https:\\\/\\\/www.upjs.sk\\\/app\\\/uploads\\\/sites\\\/26\\\/2025\\\/04\\\/cropped-Materska-skola-s-upjs-logo-OK-01.jpg\",\"contentUrl\":\"https:\\\/\\\/www.upjs.sk\\\/app\\\/uploads\\\/sites\\\/26\\\/2025\\\/04\\\/cropped-Materska-skola-s-upjs-logo-OK-01.jpg\",\"width\":2082,\"height\":479,\"caption\":\"Matersk\u00e1 \u0161kola Univerzity Pavla Jozefa \u0160af\u00e1rika v Ko\u0161iciach\"},\"image\":{\"@id\":\"https:\\\/\\\/www.upjs.sk\\\/pracoviska\\\/materska-skola\\\/en\\\/#\\\/schema\\\/logo\\\/image\\\/\"}}]}<\/script>\n<!-- \/ Yoast SEO plugin. -->","yoast_head_json":{"title":"Daily routine - Matersk\u00e1 \u0161kola Univerzity Pavla Jozefa \u0160af\u00e1rika v Ko\u0161iciach","robots":{"index":"index","follow":"follow","max-snippet":"max-snippet:-1","max-image-preview":"max-image-preview:large","max-video-preview":"max-video-preview:-1"},"canonical":"https:\/\/www.upjs.sk\/pracoviska\/materska-skola\/en\/school\/daily-routine\/","og_locale":"en_US","og_type":"article","og_title":"Daily routine - Matersk\u00e1 \u0161kola Univerzity Pavla Jozefa \u0160af\u00e1rika v Ko\u0161iciach","og_description":"Daily routine 7:00 \u2013 8:30 Games and activities of the children\u2019s choiceMorning CircleMovement and relaxation activities 8:30 \u2013 9:00 Lifestyle education activities (personal hygiene, snack) 9:00 \u2013 11:30 Educational activityTime outdoors 11.30 \u2013 12.00 Lifestyle education activities (personal hygiene, lunch) 12:00 \u2013 14:30&nbsp; Lifestyle education activities (personal hygiene)Rest 14:30 \u2013 15.00&nbsp; Lifestyle education activities (personal &hellip; Continued","og_url":"https:\/\/www.upjs.sk\/pracoviska\/materska-skola\/en\/school\/daily-routine\/","og_site_name":"Matersk\u00e1 \u0161kola Univerzity Pavla Jozefa \u0160af\u00e1rika v Ko\u0161iciach","article_modified_time":"2025-05-21T08:18:41+00:00","og_image":[{"url":"https:\/\/www.upjs.sk\/app\/uploads\/sites\/26\/2024\/06\/logo-ms-600x131-1-300x66.jpg","type":"","width":"","height":""}],"twitter_card":"summary_large_image","twitter_misc":{"Est. reading time":"1 minute"},"schema":{"@context":"https:\/\/schema.org","@graph":[{"@type":"WebPage","@id":"https:\/\/www.upjs.sk\/pracoviska\/materska-skola\/en\/school\/daily-routine\/","url":"https:\/\/www.upjs.sk\/pracoviska\/materska-skola\/en\/school\/daily-routine\/","name":"Daily routine - Matersk\u00e1 \u0161kola Univerzity Pavla Jozefa \u0160af\u00e1rika v Ko\u0161iciach","isPartOf":{"@id":"https:\/\/www.upjs.sk\/pracoviska\/materska-skola\/en\/#website"},"primaryImageOfPage":{"@id":"https:\/\/www.upjs.sk\/pracoviska\/materska-skola\/en\/school\/daily-routine\/#primaryimage"},"image":{"@id":"https:\/\/www.upjs.sk\/pracoviska\/materska-skola\/en\/school\/daily-routine\/#primaryimage"},"thumbnailUrl":"https:\/\/www.upjs.sk\/app\/uploads\/sites\/26\/2024\/06\/logo-ms-600x131-1-300x66.jpg","datePublished":"2024-05-28T09:49:08+00:00","dateModified":"2025-05-21T08:18:41+00:00","breadcrumb":{"@id":"https:\/\/www.upjs.sk\/pracoviska\/materska-skola\/en\/school\/daily-routine\/#breadcrumb"},"inLanguage":"en-US","potentialAction":[{"@type":"ReadAction","target":["https:\/\/www.upjs.sk\/pracoviska\/materska-skola\/en\/school\/daily-routine\/"]}]},{"@type":"ImageObject","inLanguage":"en-US","@id":"https:\/\/www.upjs.sk\/pracoviska\/materska-skola\/en\/school\/daily-routine\/#primaryimage","url":"https:\/\/www.upjs.sk\/app\/uploads\/sites\/26\/2024\/06\/logo-ms-600x131-1-300x66.jpg","contentUrl":"https:\/\/www.upjs.sk\/app\/uploads\/sites\/26\/2024\/06\/logo-ms-600x131-1-300x66.jpg"},{"@type":"BreadcrumbList","@id":"https:\/\/www.upjs.sk\/pracoviska\/materska-skola\/en\/school\/daily-routine\/#breadcrumb","itemListElement":[{"@type":"ListItem","position":1,"name":"Home","item":"https:\/\/www.upjs.sk\/pracoviska\/materska-skola\/en\/"},{"@type":"ListItem","position":2,"name":"School","item":"https:\/\/www.upjs.sk\/pracoviska\/materska-skola\/en\/school\/"},{"@type":"ListItem","position":3,"name":"Daily routine"}]},{"@type":"WebSite","@id":"https:\/\/www.upjs.sk\/pracoviska\/materska-skola\/en\/#website","url":"https:\/\/www.upjs.sk\/pracoviska\/materska-skola\/en\/","name":"Matersk\u00e1 \u0161kola Univerzity Pavla Jozefa \u0160af\u00e1rika v Ko\u0161iciach","description":"","publisher":{"@id":"https:\/\/www.upjs.sk\/pracoviska\/materska-skola\/en\/#organization"},"potentialAction":[{"@type":"SearchAction","target":{"@type":"EntryPoint","urlTemplate":"https:\/\/www.upjs.sk\/pracoviska\/materska-skola\/en\/?s={search_term_string}"},"query-input":{"@type":"PropertyValueSpecification","valueRequired":true,"valueName":"search_term_string"}}],"inLanguage":"en-US"},{"@type":"Organization","@id":"https:\/\/www.upjs.sk\/pracoviska\/materska-skola\/en\/#organization","name":"Matersk\u00e1 \u0161kola Univerzity Pavla Jozefa \u0160af\u00e1rika v Ko\u0161iciach","url":"https:\/\/www.upjs.sk\/pracoviska\/materska-skola\/en\/","logo":{"@type":"ImageObject","inLanguage":"en-US","@id":"https:\/\/www.upjs.sk\/pracoviska\/materska-skola\/en\/#\/schema\/logo\/image\/","url":"https:\/\/www.upjs.sk\/app\/uploads\/sites\/26\/2025\/04\/cropped-Materska-skola-s-upjs-logo-OK-01.jpg","contentUrl":"https:\/\/www.upjs.sk\/app\/uploads\/sites\/26\/2025\/04\/cropped-Materska-skola-s-upjs-logo-OK-01.jpg","width":2082,"height":479,"caption":"Matersk\u00e1 \u0161kola Univerzity Pavla Jozefa \u0160af\u00e1rika v Ko\u0161iciach"},"image":{"@id":"https:\/\/www.upjs.sk\/pracoviska\/materska-skola\/en\/#\/schema\/logo\/image\/"}}]}},"_links":{"self":[{"href":"https:\/\/www.upjs.sk\/pracoviska\/materska-skola\/en\/wp-json\/wp\/v2\/pages\/14358","targetHints":{"allow":["GET"]}}],"collection":[{"href":"https:\/\/www.upjs.sk\/pracoviska\/materska-skola\/en\/wp-json\/wp\/v2\/pages"}],"about":[{"href":"https:\/\/www.upjs.sk\/pracoviska\/materska-skola\/en\/wp-json\/wp\/v2\/types\/page"}],"author":[{"embeddable":true,"href":"https:\/\/www.upjs.sk\/pracoviska\/materska-skola\/en\/wp-json\/wp\/v2\/users\/1"}],"replies":[{"embeddable":true,"href":"https:\/\/www.upjs.sk\/pracoviska\/materska-skola\/en\/wp-json\/wp\/v2\/comments?post=14358"}],"version-history":[{"count":4,"href":"https:\/\/www.upjs.sk\/pracoviska\/materska-skola\/en\/wp-json\/wp\/v2\/pages\/14358\/revisions"}],"predecessor-version":[{"id":14409,"href":"https:\/\/www.upjs.sk\/pracoviska\/materska-skola\/en\/wp-json\/wp\/v2\/pages\/14358\/revisions\/14409"}],"up":[{"embeddable":true,"href":"https:\/\/www.upjs.sk\/pracoviska\/materska-skola\/en\/wp-json\/wp\/v2\/pages\/14381"}],"wp:attachment":[{"href":"https:\/\/www.upjs.sk\/pracoviska\/materska-skola\/en\/wp-json\/wp\/v2\/media?parent=14358"}],"wp:term":[{"taxonomy":"category","embeddable":true,"href":"https:\/\/www.upjs.sk\/pracoviska\/materska-skola\/en\/wp-json\/wp\/v2\/categories?post=14358"},{"taxonomy":"post_tag","embeddable":true,"href":"https:\/\/www.upjs.sk\/pracoviska\/materska-skola\/en\/wp-json\/wp\/v2\/tags?post=14358"}],"curies":[{"name":"wp","href":"https:\/\/api.w.org\/{rel}","templated":true}]}}