{"id":14360,"date":"2024-05-28T09:51:57","date_gmt":"2024-05-28T09:51:57","guid":{"rendered":"https:\/\/www.upjs.sk\/pracoviska\/materska-skola\/co-potrebuje-dieta-do-ms\/"},"modified":"2025-05-21T08:19:54","modified_gmt":"2025-05-21T08:19:54","slug":"co-potrebuje-dieta-do-ms","status":"publish","type":"page","link":"https:\/\/www.upjs.sk\/pracoviska\/materska-skola\/en\/parents\/co-potrebuje-dieta-do-ms\/","title":{"rendered":"What does a child need for nursery school"},"content":{"rendered":"<style>.kb-image14360_a55bea-8d .kb-image-has-overlay:after{opacity:0.3;}<\/style>\n<div class=\"wp-block-kadence-image kb-image14360_a55bea-8d\"><figure class=\"aligncenter size-medium\"><img loading=\"lazy\" decoding=\"async\" width=\"300\" height=\"66\" src=\"https:\/\/www.upjs.sk\/app\/uploads\/sites\/26\/2024\/06\/logo-ms-600x131-1-300x66.jpg\" alt=\"\" class=\"kb-img wp-image-13522\" srcset=\"https:\/\/www.upjs.sk\/app\/uploads\/sites\/26\/2024\/06\/logo-ms-600x131-1-300x66.jpg 300w, https:\/\/www.upjs.sk\/app\/uploads\/sites\/26\/2024\/06\/logo-ms-600x131-1.jpg 600w\" sizes=\"auto, (max-width: 300px) 100vw, 300px\" \/><\/figure><\/div>\n\n\n<style>.wp-block-kadence-spacer.kt-block-spacer-14360_64e09b-de .kt-block-spacer{height:6px;}.wp-block-kadence-spacer.kt-block-spacer-14360_64e09b-de .kt-divider{border-top-width:1px;height:1px;border-top-color:#C19152;width:100%;border-top-style:solid;}<\/style>\n<div class=\"wp-block-kadence-spacer aligncenter kt-block-spacer-14360_64e09b-de\"><div class=\"kt-block-spacer kt-block-spacer-halign-center\"><hr class=\"kt-divider\"\/><\/div><\/div>\n\n\n\n<ol class=\"wp-block-list\">\n<li>On the first day of starting nursery school, parents submit a \u201c<strong>Declaration of Non-Infectivity<\/strong>\u201d (the form is available in the \u201cForms\u201d section and also in the nursery school on the notice board)<\/li>\n\n\n\n<li><strong>Indoor shoes <\/strong>\u2013 footwear should be airy, comfortable, with a firm heel, not sandals or crocs-style shoes<\/li>\n\n\n\n<li><strong>Spare clothes <\/strong>\u2013 appropriate to the season (marked with the child\u2019s name), kept in a bag in the child\u2019s locker<\/li>\n\n\n\n<li><strong>Pyjamas <\/strong>\u2013 appropriate to the season (marked with the child\u2019s name). Every Friday the parent takes them home to be washed<\/li>\n\n\n\n<li><strong>Towel <\/strong>\u2013 child-size, marked with the child\u2019s name. Every Friday the parent takes it home to be washed<\/li>\n\n\n\n<li><strong>Bed linen <\/strong>(for a pillow 40 x 60 cm and a duvet 100 x 135 cm) \u2013 marked with the child\u2019s name. At the end of the month the parent takes them home to washed<\/li>\n\n\n\n<li><strong>Fitted sheet <\/strong>(waterproof for younger children) for a bed measuring 130 x 55 cm<\/li>\n\n\n\n<li><strong>Toothbrush, toothpaste and cup <\/strong>\u2013 in the case of 5-year-old children, marked with the child\u2019s name<\/li>\n\n\n\n<li><strong>Comb <\/strong>on a string<\/li>\n\n\n\n<li><strong>Toys <\/strong>from home do not belong in the nursery school<\/li>\n<\/ol>\n","protected":false},"excerpt":{"rendered":"","protected":false},"author":1,"featured_media":0,"parent":14383,"menu_order":0,"comment_status":"closed","ping_status":"closed","template":"","meta":{"_acf_changed":false,"_editorskit_title_hidden":false,"_editorskit_reading_time":0,"_editorskit_is_block_options_detached":false,"_editorskit_block_options_position":"{}","footnotes":""},"categories":[],"tags":[],"class_list":["post-14360","page","type-page","status-publish","hentry"],"acf":{"acf_link_na_externy_obsah":""},"yoast_head":"<!-- This site is optimized with the Yoast SEO plugin v27.4 - https:\/\/yoast.com\/product\/yoast-seo-wordpress\/ -->\n<title>What does a child need for nursery school - Matersk\u00e1 \u0161kola Univerzity Pavla Jozefa \u0160af\u00e1rika v Ko\u0161iciach<\/title>\n<meta name=\"robots\" content=\"index, follow, max-snippet:-1, max-image-preview:large, max-video-preview:-1\" \/>\n<link rel=\"canonical\" href=\"https:\/\/www.upjs.sk\/pracoviska\/materska-skola\/en\/parents\/co-potrebuje-dieta-do-ms\/\" \/>\n<meta property=\"og:locale\" content=\"en_US\" \/>\n<meta property=\"og:type\" content=\"article\" \/>\n<meta property=\"og:title\" content=\"What does a child need for nursery school - Matersk\u00e1 \u0161kola Univerzity Pavla Jozefa \u0160af\u00e1rika v Ko\u0161iciach\" \/>\n<meta property=\"og:url\" content=\"https:\/\/www.upjs.sk\/pracoviska\/materska-skola\/en\/parents\/co-potrebuje-dieta-do-ms\/\" \/>\n<meta property=\"og:site_name\" content=\"Matersk\u00e1 \u0161kola Univerzity Pavla Jozefa \u0160af\u00e1rika v Ko\u0161iciach\" \/>\n<meta property=\"article:modified_time\" content=\"2025-05-21T08:19:54+00:00\" \/>\n<meta property=\"og:image\" content=\"https:\/\/www.upjs.sk\/app\/uploads\/sites\/26\/2024\/06\/logo-ms-600x131-1-300x66.jpg\" \/>\n<meta name=\"twitter:card\" content=\"summary_large_image\" \/>\n<meta name=\"twitter:label1\" content=\"Est. reading time\" \/>\n\t<meta name=\"twitter:data1\" content=\"2 minutes\" \/>\n<script type=\"application\/ld+json\" class=\"yoast-schema-graph\">{\"@context\":\"https:\\\/\\\/schema.org\",\"@graph\":[{\"@type\":\"WebPage\",\"@id\":\"https:\\\/\\\/www.upjs.sk\\\/pracoviska\\\/materska-skola\\\/en\\\/parents\\\/co-potrebuje-dieta-do-ms\\\/\",\"url\":\"https:\\\/\\\/www.upjs.sk\\\/pracoviska\\\/materska-skola\\\/en\\\/parents\\\/co-potrebuje-dieta-do-ms\\\/\",\"name\":\"What does a child need for nursery school - Matersk\u00e1 \u0161kola Univerzity Pavla Jozefa \u0160af\u00e1rika v Ko\u0161iciach\",\"isPartOf\":{\"@id\":\"https:\\\/\\\/www.upjs.sk\\\/pracoviska\\\/materska-skola\\\/en\\\/#website\"},\"primaryImageOfPage\":{\"@id\":\"https:\\\/\\\/www.upjs.sk\\\/pracoviska\\\/materska-skola\\\/en\\\/parents\\\/co-potrebuje-dieta-do-ms\\\/#primaryimage\"},\"image\":{\"@id\":\"https:\\\/\\\/www.upjs.sk\\\/pracoviska\\\/materska-skola\\\/en\\\/parents\\\/co-potrebuje-dieta-do-ms\\\/#primaryimage\"},\"thumbnailUrl\":\"https:\\\/\\\/www.upjs.sk\\\/app\\\/uploads\\\/sites\\\/26\\\/2024\\\/06\\\/logo-ms-600x131-1-300x66.jpg\",\"datePublished\":\"2024-05-28T09:51:57+00:00\",\"dateModified\":\"2025-05-21T08:19:54+00:00\",\"breadcrumb\":{\"@id\":\"https:\\\/\\\/www.upjs.sk\\\/pracoviska\\\/materska-skola\\\/en\\\/parents\\\/co-potrebuje-dieta-do-ms\\\/#breadcrumb\"},\"inLanguage\":\"en-US\",\"potentialAction\":[{\"@type\":\"ReadAction\",\"target\":[\"https:\\\/\\\/www.upjs.sk\\\/pracoviska\\\/materska-skola\\\/en\\\/parents\\\/co-potrebuje-dieta-do-ms\\\/\"]}]},{\"@type\":\"ImageObject\",\"inLanguage\":\"en-US\",\"@id\":\"https:\\\/\\\/www.upjs.sk\\\/pracoviska\\\/materska-skola\\\/en\\\/parents\\\/co-potrebuje-dieta-do-ms\\\/#primaryimage\",\"url\":\"https:\\\/\\\/www.upjs.sk\\\/app\\\/uploads\\\/sites\\\/26\\\/2024\\\/06\\\/logo-ms-600x131-1-300x66.jpg\",\"contentUrl\":\"https:\\\/\\\/www.upjs.sk\\\/app\\\/uploads\\\/sites\\\/26\\\/2024\\\/06\\\/logo-ms-600x131-1-300x66.jpg\"},{\"@type\":\"BreadcrumbList\",\"@id\":\"https:\\\/\\\/www.upjs.sk\\\/pracoviska\\\/materska-skola\\\/en\\\/parents\\\/co-potrebuje-dieta-do-ms\\\/#breadcrumb\",\"itemListElement\":[{\"@type\":\"ListItem\",\"position\":1,\"name\":\"Home\",\"item\":\"https:\\\/\\\/www.upjs.sk\\\/pracoviska\\\/materska-skola\\\/en\\\/\"},{\"@type\":\"ListItem\",\"position\":2,\"name\":\"Parents\",\"item\":\"https:\\\/\\\/www.upjs.sk\\\/pracoviska\\\/materska-skola\\\/en\\\/parents\\\/\"},{\"@type\":\"ListItem\",\"position\":3,\"name\":\"What does a child need for nursery school\"}]},{\"@type\":\"WebSite\",\"@id\":\"https:\\\/\\\/www.upjs.sk\\\/pracoviska\\\/materska-skola\\\/en\\\/#website\",\"url\":\"https:\\\/\\\/www.upjs.sk\\\/pracoviska\\\/materska-skola\\\/en\\\/\",\"name\":\"Matersk\u00e1 \u0161kola Univerzity Pavla Jozefa \u0160af\u00e1rika v Ko\u0161iciach\",\"description\":\"\",\"publisher\":{\"@id\":\"https:\\\/\\\/www.upjs.sk\\\/pracoviska\\\/materska-skola\\\/en\\\/#organization\"},\"potentialAction\":[{\"@type\":\"SearchAction\",\"target\":{\"@type\":\"EntryPoint\",\"urlTemplate\":\"https:\\\/\\\/www.upjs.sk\\\/pracoviska\\\/materska-skola\\\/en\\\/?s={search_term_string}\"},\"query-input\":{\"@type\":\"PropertyValueSpecification\",\"valueRequired\":true,\"valueName\":\"search_term_string\"}}],\"inLanguage\":\"en-US\"},{\"@type\":\"Organization\",\"@id\":\"https:\\\/\\\/www.upjs.sk\\\/pracoviska\\\/materska-skola\\\/en\\\/#organization\",\"name\":\"Matersk\u00e1 \u0161kola Univerzity Pavla Jozefa \u0160af\u00e1rika v Ko\u0161iciach\",\"url\":\"https:\\\/\\\/www.upjs.sk\\\/pracoviska\\\/materska-skola\\\/en\\\/\",\"logo\":{\"@type\":\"ImageObject\",\"inLanguage\":\"en-US\",\"@id\":\"https:\\\/\\\/www.upjs.sk\\\/pracoviska\\\/materska-skola\\\/en\\\/#\\\/schema\\\/logo\\\/image\\\/\",\"url\":\"https:\\\/\\\/www.upjs.sk\\\/app\\\/uploads\\\/sites\\\/26\\\/2025\\\/04\\\/cropped-Materska-skola-s-upjs-logo-OK-01.jpg\",\"contentUrl\":\"https:\\\/\\\/www.upjs.sk\\\/app\\\/uploads\\\/sites\\\/26\\\/2025\\\/04\\\/cropped-Materska-skola-s-upjs-logo-OK-01.jpg\",\"width\":2082,\"height\":479,\"caption\":\"Matersk\u00e1 \u0161kola Univerzity Pavla Jozefa \u0160af\u00e1rika v Ko\u0161iciach\"},\"image\":{\"@id\":\"https:\\\/\\\/www.upjs.sk\\\/pracoviska\\\/materska-skola\\\/en\\\/#\\\/schema\\\/logo\\\/image\\\/\"}}]}<\/script>\n<!-- \/ Yoast SEO plugin. -->","yoast_head_json":{"title":"What does a child need for nursery school - Matersk\u00e1 \u0161kola Univerzity Pavla Jozefa \u0160af\u00e1rika v Ko\u0161iciach","robots":{"index":"index","follow":"follow","max-snippet":"max-snippet:-1","max-image-preview":"max-image-preview:large","max-video-preview":"max-video-preview:-1"},"canonical":"https:\/\/www.upjs.sk\/pracoviska\/materska-skola\/en\/parents\/co-potrebuje-dieta-do-ms\/","og_locale":"en_US","og_type":"article","og_title":"What does a child need for nursery school - Matersk\u00e1 \u0161kola Univerzity Pavla Jozefa \u0160af\u00e1rika v Ko\u0161iciach","og_url":"https:\/\/www.upjs.sk\/pracoviska\/materska-skola\/en\/parents\/co-potrebuje-dieta-do-ms\/","og_site_name":"Matersk\u00e1 \u0161kola Univerzity Pavla Jozefa \u0160af\u00e1rika v Ko\u0161iciach","article_modified_time":"2025-05-21T08:19:54+00:00","og_image":[{"url":"https:\/\/www.upjs.sk\/app\/uploads\/sites\/26\/2024\/06\/logo-ms-600x131-1-300x66.jpg","type":"","width":"","height":""}],"twitter_card":"summary_large_image","twitter_misc":{"Est. reading time":"2 minutes"},"schema":{"@context":"https:\/\/schema.org","@graph":[{"@type":"WebPage","@id":"https:\/\/www.upjs.sk\/pracoviska\/materska-skola\/en\/parents\/co-potrebuje-dieta-do-ms\/","url":"https:\/\/www.upjs.sk\/pracoviska\/materska-skola\/en\/parents\/co-potrebuje-dieta-do-ms\/","name":"What does a child need for nursery school - Matersk\u00e1 \u0161kola Univerzity Pavla Jozefa \u0160af\u00e1rika v Ko\u0161iciach","isPartOf":{"@id":"https:\/\/www.upjs.sk\/pracoviska\/materska-skola\/en\/#website"},"primaryImageOfPage":{"@id":"https:\/\/www.upjs.sk\/pracoviska\/materska-skola\/en\/parents\/co-potrebuje-dieta-do-ms\/#primaryimage"},"image":{"@id":"https:\/\/www.upjs.sk\/pracoviska\/materska-skola\/en\/parents\/co-potrebuje-dieta-do-ms\/#primaryimage"},"thumbnailUrl":"https:\/\/www.upjs.sk\/app\/uploads\/sites\/26\/2024\/06\/logo-ms-600x131-1-300x66.jpg","datePublished":"2024-05-28T09:51:57+00:00","dateModified":"2025-05-21T08:19:54+00:00","breadcrumb":{"@id":"https:\/\/www.upjs.sk\/pracoviska\/materska-skola\/en\/parents\/co-potrebuje-dieta-do-ms\/#breadcrumb"},"inLanguage":"en-US","potentialAction":[{"@type":"ReadAction","target":["https:\/\/www.upjs.sk\/pracoviska\/materska-skola\/en\/parents\/co-potrebuje-dieta-do-ms\/"]}]},{"@type":"ImageObject","inLanguage":"en-US","@id":"https:\/\/www.upjs.sk\/pracoviska\/materska-skola\/en\/parents\/co-potrebuje-dieta-do-ms\/#primaryimage","url":"https:\/\/www.upjs.sk\/app\/uploads\/sites\/26\/2024\/06\/logo-ms-600x131-1-300x66.jpg","contentUrl":"https:\/\/www.upjs.sk\/app\/uploads\/sites\/26\/2024\/06\/logo-ms-600x131-1-300x66.jpg"},{"@type":"BreadcrumbList","@id":"https:\/\/www.upjs.sk\/pracoviska\/materska-skola\/en\/parents\/co-potrebuje-dieta-do-ms\/#breadcrumb","itemListElement":[{"@type":"ListItem","position":1,"name":"Home","item":"https:\/\/www.upjs.sk\/pracoviska\/materska-skola\/en\/"},{"@type":"ListItem","position":2,"name":"Parents","item":"https:\/\/www.upjs.sk\/pracoviska\/materska-skola\/en\/parents\/"},{"@type":"ListItem","position":3,"name":"What does a child need for nursery school"}]},{"@type":"WebSite","@id":"https:\/\/www.upjs.sk\/pracoviska\/materska-skola\/en\/#website","url":"https:\/\/www.upjs.sk\/pracoviska\/materska-skola\/en\/","name":"Matersk\u00e1 \u0161kola Univerzity Pavla Jozefa \u0160af\u00e1rika v Ko\u0161iciach","description":"","publisher":{"@id":"https:\/\/www.upjs.sk\/pracoviska\/materska-skola\/en\/#organization"},"potentialAction":[{"@type":"SearchAction","target":{"@type":"EntryPoint","urlTemplate":"https:\/\/www.upjs.sk\/pracoviska\/materska-skola\/en\/?s={search_term_string}"},"query-input":{"@type":"PropertyValueSpecification","valueRequired":true,"valueName":"search_term_string"}}],"inLanguage":"en-US"},{"@type":"Organization","@id":"https:\/\/www.upjs.sk\/pracoviska\/materska-skola\/en\/#organization","name":"Matersk\u00e1 \u0161kola Univerzity Pavla Jozefa \u0160af\u00e1rika v Ko\u0161iciach","url":"https:\/\/www.upjs.sk\/pracoviska\/materska-skola\/en\/","logo":{"@type":"ImageObject","inLanguage":"en-US","@id":"https:\/\/www.upjs.sk\/pracoviska\/materska-skola\/en\/#\/schema\/logo\/image\/","url":"https:\/\/www.upjs.sk\/app\/uploads\/sites\/26\/2025\/04\/cropped-Materska-skola-s-upjs-logo-OK-01.jpg","contentUrl":"https:\/\/www.upjs.sk\/app\/uploads\/sites\/26\/2025\/04\/cropped-Materska-skola-s-upjs-logo-OK-01.jpg","width":2082,"height":479,"caption":"Matersk\u00e1 \u0161kola Univerzity Pavla Jozefa \u0160af\u00e1rika v Ko\u0161iciach"},"image":{"@id":"https:\/\/www.upjs.sk\/pracoviska\/materska-skola\/en\/#\/schema\/logo\/image\/"}}]}},"_links":{"self":[{"href":"https:\/\/www.upjs.sk\/pracoviska\/materska-skola\/en\/wp-json\/wp\/v2\/pages\/14360","targetHints":{"allow":["GET"]}}],"collection":[{"href":"https:\/\/www.upjs.sk\/pracoviska\/materska-skola\/en\/wp-json\/wp\/v2\/pages"}],"about":[{"href":"https:\/\/www.upjs.sk\/pracoviska\/materska-skola\/en\/wp-json\/wp\/v2\/types\/page"}],"author":[{"embeddable":true,"href":"https:\/\/www.upjs.sk\/pracoviska\/materska-skola\/en\/wp-json\/wp\/v2\/users\/1"}],"replies":[{"embeddable":true,"href":"https:\/\/www.upjs.sk\/pracoviska\/materska-skola\/en\/wp-json\/wp\/v2\/comments?post=14360"}],"version-history":[{"count":2,"href":"https:\/\/www.upjs.sk\/pracoviska\/materska-skola\/en\/wp-json\/wp\/v2\/pages\/14360\/revisions"}],"predecessor-version":[{"id":14411,"href":"https:\/\/www.upjs.sk\/pracoviska\/materska-skola\/en\/wp-json\/wp\/v2\/pages\/14360\/revisions\/14411"}],"up":[{"embeddable":true,"href":"https:\/\/www.upjs.sk\/pracoviska\/materska-skola\/en\/wp-json\/wp\/v2\/pages\/14383"}],"wp:attachment":[{"href":"https:\/\/www.upjs.sk\/pracoviska\/materska-skola\/en\/wp-json\/wp\/v2\/media?parent=14360"}],"wp:term":[{"taxonomy":"category","embeddable":true,"href":"https:\/\/www.upjs.sk\/pracoviska\/materska-skola\/en\/wp-json\/wp\/v2\/categories?post=14360"},{"taxonomy":"post_tag","embeddable":true,"href":"https:\/\/www.upjs.sk\/pracoviska\/materska-skola\/en\/wp-json\/wp\/v2\/tags?post=14360"}],"curies":[{"name":"wp","href":"https:\/\/api.w.org\/{rel}","templated":true}]}}