{"id":13431,"date":"2024-05-28T09:49:08","date_gmt":"2024-05-28T09:49:08","guid":{"rendered":"https:\/\/www.upjs.sk\/pracoviska\/materska-skola\/rezim-dna\/"},"modified":"2024-06-20T09:43:02","modified_gmt":"2024-06-20T09:43:02","slug":"rezim-dna","status":"publish","type":"page","link":"https:\/\/www.upjs.sk\/pracoviska\/materska-skola\/skola\/rezim-dna\/","title":{"rendered":"Re\u017eim d\u0148a"},"content":{"rendered":"<style>.kb-image13431_0dc3ce-fe .kb-image-has-overlay:after{opacity:0.3;}<\/style>\n<div class=\"wp-block-kadence-image kb-image13431_0dc3ce-fe\"><figure class=\"aligncenter size-medium\"><img loading=\"lazy\" decoding=\"async\" width=\"300\" height=\"66\" src=\"https:\/\/www.upjs.sk\/app\/uploads\/sites\/26\/2024\/06\/logo-ms-600x131-1-300x66.jpg\" alt=\"\" class=\"kb-img wp-image-13522\" srcset=\"https:\/\/www.upjs.sk\/app\/uploads\/sites\/26\/2024\/06\/logo-ms-600x131-1-300x66.jpg 300w, https:\/\/www.upjs.sk\/app\/uploads\/sites\/26\/2024\/06\/logo-ms-600x131-1.jpg 600w\" sizes=\"auto, (max-width: 300px) 100vw, 300px\" \/><\/figure><\/div>\n\n\n<style>.wp-block-kadence-spacer.kt-block-spacer-13431_3debff-0e .kt-block-spacer{height:6px;}.wp-block-kadence-spacer.kt-block-spacer-13431_3debff-0e .kt-divider{border-top-width:1px;height:1px;border-top-color:#C19152;width:100%;border-top-style:solid;}<\/style>\n<div class=\"wp-block-kadence-spacer aligncenter kt-block-spacer-13431_3debff-0e\"><div class=\"kt-block-spacer kt-block-spacer-halign-center\"><hr class=\"kt-divider\"\/><\/div><\/div>\n\n\n\n<figure class=\"wp-block-table caption-align-left is-style-stripes\"><table><thead><tr><th class=\"has-text-align-center\" data-align=\"center\"><mark style=\"background-color:rgba(0, 0, 0, 0)\" class=\"has-inline-color has-zakladna-modra-color\">Re\u017eim d\u0148a<\/mark><\/th><th><\/th><\/tr><\/thead><tbody><tr><td class=\"has-text-align-center\" data-align=\"center\"><strong>7:00 \u2013 8:30<\/strong><\/td><td>Hry a \u010dinnosti pod\u013ea v\u00fdberu det\u00ed<br>Rann\u00fd kruh<br>Pohybov\u00e9 a relaxa\u010dn\u00e9 cvi\u010denia<\/td><\/tr><tr><td class=\"has-text-align-center\" data-align=\"center\"><strong>8:30 \u2013 9:00<\/strong><\/td><td>\u010cinnosti zabezpe\u010duj\u00face \u017eivotospr\u00e1vu (osobn\u00e1 hygiena, desiata)<\/td><\/tr><tr><td class=\"has-text-align-center\" data-align=\"center\"><strong>9:00 \u2013 11:30<\/strong><\/td><td>Vzdel\u00e1vacia aktivita<br>Pobyt vonku<\/td><\/tr><tr><td class=\"has-text-align-center\" data-align=\"center\"><strong>11.30 \u2013 12.00<\/strong><\/td><td>\u010cinnosti zabezpe\u010duj\u00face \u017eivotospr\u00e1vu (osobn\u00e1 hygiena, obed)<\/td><\/tr><tr><td class=\"has-text-align-center\" data-align=\"center\"><strong>12:00 \u2013 14:30<\/strong>&nbsp;<\/td><td>\u010cinnosti zabezpe\u010duj\u00face \u017eivotospr\u00e1vu (osobn\u00e1 hygiena)<br>Odpo\u010dinok<\/td><\/tr><tr><td class=\"has-text-align-center\" data-align=\"center\"><strong>14:30 \u2013 15.00<\/strong>&nbsp;<\/td><td>\u010cinnosti zabezpe\u010duj\u00face \u017eivotospr\u00e1vu (osobn\u00e1 hygiena, olovrant)<\/td><\/tr><tr><td class=\"has-text-align-center\" data-align=\"center\"><strong>15:00 \u2013 17:00<\/strong>&nbsp;<\/td><td>Vzdel\u00e1vacia aktivita<br>Hry a \u010dinnosti pod\u013ea v\u00fdberu det\u00ed<br>Pobyt vonku<\/td><\/tr><\/tbody><\/table><\/figure>\n","protected":false},"excerpt":{"rendered":"<p>Re\u017eim d\u0148a 7:00 \u2013 8:30 Hry a \u010dinnosti pod\u013ea v\u00fdberu det\u00edRann\u00fd kruhPohybov\u00e9 a relaxa\u010dn\u00e9 cvi\u010denia 8:30 \u2013 9:00 \u010cinnosti zabezpe\u010duj\u00face \u017eivotospr\u00e1vu (osobn\u00e1 hygiena, desiata) 9:00 \u2013 11:30 Vzdel\u00e1vacia aktivitaPobyt vonku 11.30 \u2013 12.00 \u010cinnosti zabezpe\u010duj\u00face \u017eivotospr\u00e1vu (osobn\u00e1 hygiena, obed) 12:00 \u2013 14:30&nbsp; \u010cinnosti zabezpe\u010duj\u00face \u017eivotospr\u00e1vu (osobn\u00e1 hygiena)Odpo\u010dinok 14:30 \u2013 15.00&nbsp; \u010cinnosti zabezpe\u010duj\u00face \u017eivotospr\u00e1vu (osobn\u00e1 hygiena, &hellip; <a href=\"https:\/\/www.upjs.sk\/pracoviska\/materska-skola\/skola\/rezim-dna\/\">\u010c\u00edta\u0165 \u010falej<\/a><\/p>\n","protected":false},"author":1,"featured_media":0,"parent":13427,"menu_order":1,"comment_status":"closed","ping_status":"closed","template":"","meta":{"_acf_changed":false,"_editorskit_title_hidden":false,"_editorskit_reading_time":0,"_editorskit_is_block_options_detached":false,"_editorskit_block_options_position":"{}","footnotes":""},"categories":[],"tags":[],"class_list":["post-13431","page","type-page","status-publish","hentry"],"acf":{"acf_link_na_externy_obsah":""},"yoast_head":"<!-- This site is optimized with the Yoast SEO plugin v27.5 - https:\/\/yoast.com\/product\/yoast-seo-wordpress\/ -->\n<title>Re\u017eim d\u0148a - Matersk\u00e1 \u0161kola Univerzity Pavla Jozefa \u0160af\u00e1rika v Ko\u0161iciach<\/title>\n<meta name=\"robots\" content=\"index, follow, max-snippet:-1, max-image-preview:large, max-video-preview:-1\" \/>\n<link rel=\"canonical\" href=\"https:\/\/www.upjs.sk\/pracoviska\/materska-skola\/skola\/rezim-dna\/\" \/>\n<meta property=\"og:locale\" content=\"sk_SK\" \/>\n<meta property=\"og:type\" content=\"article\" \/>\n<meta property=\"og:title\" content=\"Re\u017eim d\u0148a - Matersk\u00e1 \u0161kola Univerzity Pavla Jozefa \u0160af\u00e1rika v Ko\u0161iciach\" \/>\n<meta property=\"og:description\" content=\"Re\u017eim d\u0148a 7:00 \u2013 8:30 Hry a \u010dinnosti pod\u013ea v\u00fdberu det\u00edRann\u00fd kruhPohybov\u00e9 a relaxa\u010dn\u00e9 cvi\u010denia 8:30 \u2013 9:00 \u010cinnosti zabezpe\u010duj\u00face \u017eivotospr\u00e1vu (osobn\u00e1 hygiena, desiata) 9:00 \u2013 11:30 Vzdel\u00e1vacia aktivitaPobyt vonku 11.30 \u2013 12.00 \u010cinnosti zabezpe\u010duj\u00face \u017eivotospr\u00e1vu (osobn\u00e1 hygiena, obed) 12:00 \u2013 14:30&nbsp; \u010cinnosti zabezpe\u010duj\u00face \u017eivotospr\u00e1vu (osobn\u00e1 hygiena)Odpo\u010dinok 14:30 \u2013 15.00&nbsp; \u010cinnosti zabezpe\u010duj\u00face \u017eivotospr\u00e1vu (osobn\u00e1 hygiena, &hellip; \u010c\u00edta\u0165 \u010falej\" \/>\n<meta property=\"og:url\" content=\"https:\/\/www.upjs.sk\/pracoviska\/materska-skola\/skola\/rezim-dna\/\" \/>\n<meta property=\"og:site_name\" content=\"Matersk\u00e1 \u0161kola Univerzity Pavla Jozefa \u0160af\u00e1rika v Ko\u0161iciach\" \/>\n<meta property=\"article:modified_time\" content=\"2024-06-20T09:43:02+00:00\" \/>\n<meta property=\"og:image\" content=\"https:\/\/www.upjs.sk\/app\/uploads\/sites\/26\/2024\/06\/logo-ms-600x131-1-300x66.jpg\" \/>\n<meta name=\"twitter:card\" content=\"summary_large_image\" \/>\n<meta name=\"twitter:label1\" content=\"Predpokladan\u00fd \u010das \u010d\u00edtania\" \/>\n\t<meta name=\"twitter:data1\" content=\"1 min\u00fata\" \/>\n<script type=\"application\/ld+json\" class=\"yoast-schema-graph\">{\"@context\":\"https:\\\/\\\/schema.org\",\"@graph\":[{\"@type\":\"WebPage\",\"@id\":\"https:\\\/\\\/www.upjs.sk\\\/pracoviska\\\/materska-skola\\\/skola\\\/rezim-dna\\\/\",\"url\":\"https:\\\/\\\/www.upjs.sk\\\/pracoviska\\\/materska-skola\\\/skola\\\/rezim-dna\\\/\",\"name\":\"Re\u017eim d\u0148a - Matersk\u00e1 \u0161kola Univerzity Pavla Jozefa \u0160af\u00e1rika v Ko\u0161iciach\",\"isPartOf\":{\"@id\":\"https:\\\/\\\/www.upjs.sk\\\/pracoviska\\\/materska-skola\\\/#website\"},\"primaryImageOfPage\":{\"@id\":\"https:\\\/\\\/www.upjs.sk\\\/pracoviska\\\/materska-skola\\\/skola\\\/rezim-dna\\\/#primaryimage\"},\"image\":{\"@id\":\"https:\\\/\\\/www.upjs.sk\\\/pracoviska\\\/materska-skola\\\/skola\\\/rezim-dna\\\/#primaryimage\"},\"thumbnailUrl\":\"https:\\\/\\\/www.upjs.sk\\\/app\\\/uploads\\\/sites\\\/26\\\/2024\\\/06\\\/logo-ms-600x131-1-300x66.jpg\",\"datePublished\":\"2024-05-28T09:49:08+00:00\",\"dateModified\":\"2024-06-20T09:43:02+00:00\",\"breadcrumb\":{\"@id\":\"https:\\\/\\\/www.upjs.sk\\\/pracoviska\\\/materska-skola\\\/skola\\\/rezim-dna\\\/#breadcrumb\"},\"inLanguage\":\"sk-SK\",\"potentialAction\":[{\"@type\":\"ReadAction\",\"target\":[\"https:\\\/\\\/www.upjs.sk\\\/pracoviska\\\/materska-skola\\\/skola\\\/rezim-dna\\\/\"]}]},{\"@type\":\"ImageObject\",\"inLanguage\":\"sk-SK\",\"@id\":\"https:\\\/\\\/www.upjs.sk\\\/pracoviska\\\/materska-skola\\\/skola\\\/rezim-dna\\\/#primaryimage\",\"url\":\"https:\\\/\\\/www.upjs.sk\\\/app\\\/uploads\\\/sites\\\/26\\\/2024\\\/06\\\/logo-ms-600x131-1-300x66.jpg\",\"contentUrl\":\"https:\\\/\\\/www.upjs.sk\\\/app\\\/uploads\\\/sites\\\/26\\\/2024\\\/06\\\/logo-ms-600x131-1-300x66.jpg\"},{\"@type\":\"BreadcrumbList\",\"@id\":\"https:\\\/\\\/www.upjs.sk\\\/pracoviska\\\/materska-skola\\\/skola\\\/rezim-dna\\\/#breadcrumb\",\"itemListElement\":[{\"@type\":\"ListItem\",\"position\":1,\"name\":\"Home\",\"item\":\"https:\\\/\\\/www.upjs.sk\\\/pracoviska\\\/materska-skola\\\/\"},{\"@type\":\"ListItem\",\"position\":2,\"name\":\"\u0160kola\",\"item\":\"https:\\\/\\\/www.upjs.sk\\\/pracoviska\\\/materska-skola\\\/skola\\\/\"},{\"@type\":\"ListItem\",\"position\":3,\"name\":\"Re\u017eim d\u0148a\"}]},{\"@type\":\"WebSite\",\"@id\":\"https:\\\/\\\/www.upjs.sk\\\/pracoviska\\\/materska-skola\\\/#website\",\"url\":\"https:\\\/\\\/www.upjs.sk\\\/pracoviska\\\/materska-skola\\\/\",\"name\":\"Matersk\u00e1 \u0161kola Univerzity Pavla Jozefa \u0160af\u00e1rika v Ko\u0161iciach\",\"description\":\"\",\"publisher\":{\"@id\":\"https:\\\/\\\/www.upjs.sk\\\/pracoviska\\\/materska-skola\\\/#organization\"},\"potentialAction\":[{\"@type\":\"SearchAction\",\"target\":{\"@type\":\"EntryPoint\",\"urlTemplate\":\"https:\\\/\\\/www.upjs.sk\\\/pracoviska\\\/materska-skola\\\/?s={search_term_string}\"},\"query-input\":{\"@type\":\"PropertyValueSpecification\",\"valueRequired\":true,\"valueName\":\"search_term_string\"}}],\"inLanguage\":\"sk-SK\"},{\"@type\":\"Organization\",\"@id\":\"https:\\\/\\\/www.upjs.sk\\\/pracoviska\\\/materska-skola\\\/#organization\",\"name\":\"Matersk\u00e1 \u0161kola Univerzity Pavla Jozefa \u0160af\u00e1rika v Ko\u0161iciach\",\"url\":\"https:\\\/\\\/www.upjs.sk\\\/pracoviska\\\/materska-skola\\\/\",\"logo\":{\"@type\":\"ImageObject\",\"inLanguage\":\"sk-SK\",\"@id\":\"https:\\\/\\\/www.upjs.sk\\\/pracoviska\\\/materska-skola\\\/#\\\/schema\\\/logo\\\/image\\\/\",\"url\":\"https:\\\/\\\/www.upjs.sk\\\/app\\\/uploads\\\/sites\\\/26\\\/2025\\\/04\\\/cropped-Materska-skola-s-upjs-logo-OK-01.jpg\",\"contentUrl\":\"https:\\\/\\\/www.upjs.sk\\\/app\\\/uploads\\\/sites\\\/26\\\/2025\\\/04\\\/cropped-Materska-skola-s-upjs-logo-OK-01.jpg\",\"width\":2082,\"height\":479,\"caption\":\"Matersk\u00e1 \u0161kola Univerzity Pavla Jozefa \u0160af\u00e1rika v Ko\u0161iciach\"},\"image\":{\"@id\":\"https:\\\/\\\/www.upjs.sk\\\/pracoviska\\\/materska-skola\\\/#\\\/schema\\\/logo\\\/image\\\/\"}}]}<\/script>\n<!-- \/ Yoast SEO plugin. -->","yoast_head_json":{"title":"Re\u017eim d\u0148a - Matersk\u00e1 \u0161kola Univerzity Pavla Jozefa \u0160af\u00e1rika v Ko\u0161iciach","robots":{"index":"index","follow":"follow","max-snippet":"max-snippet:-1","max-image-preview":"max-image-preview:large","max-video-preview":"max-video-preview:-1"},"canonical":"https:\/\/www.upjs.sk\/pracoviska\/materska-skola\/skola\/rezim-dna\/","og_locale":"sk_SK","og_type":"article","og_title":"Re\u017eim d\u0148a - Matersk\u00e1 \u0161kola Univerzity Pavla Jozefa \u0160af\u00e1rika v Ko\u0161iciach","og_description":"Re\u017eim d\u0148a 7:00 \u2013 8:30 Hry a \u010dinnosti pod\u013ea v\u00fdberu det\u00edRann\u00fd kruhPohybov\u00e9 a relaxa\u010dn\u00e9 cvi\u010denia 8:30 \u2013 9:00 \u010cinnosti zabezpe\u010duj\u00face \u017eivotospr\u00e1vu (osobn\u00e1 hygiena, desiata) 9:00 \u2013 11:30 Vzdel\u00e1vacia aktivitaPobyt vonku 11.30 \u2013 12.00 \u010cinnosti zabezpe\u010duj\u00face \u017eivotospr\u00e1vu (osobn\u00e1 hygiena, obed) 12:00 \u2013 14:30&nbsp; \u010cinnosti zabezpe\u010duj\u00face \u017eivotospr\u00e1vu (osobn\u00e1 hygiena)Odpo\u010dinok 14:30 \u2013 15.00&nbsp; \u010cinnosti zabezpe\u010duj\u00face \u017eivotospr\u00e1vu (osobn\u00e1 hygiena, &hellip; \u010c\u00edta\u0165 \u010falej","og_url":"https:\/\/www.upjs.sk\/pracoviska\/materska-skola\/skola\/rezim-dna\/","og_site_name":"Matersk\u00e1 \u0161kola Univerzity Pavla Jozefa \u0160af\u00e1rika v Ko\u0161iciach","article_modified_time":"2024-06-20T09:43:02+00:00","og_image":[{"url":"https:\/\/www.upjs.sk\/app\/uploads\/sites\/26\/2024\/06\/logo-ms-600x131-1-300x66.jpg","type":"","width":"","height":""}],"twitter_card":"summary_large_image","twitter_misc":{"Predpokladan\u00fd \u010das \u010d\u00edtania":"1 min\u00fata"},"schema":{"@context":"https:\/\/schema.org","@graph":[{"@type":"WebPage","@id":"https:\/\/www.upjs.sk\/pracoviska\/materska-skola\/skola\/rezim-dna\/","url":"https:\/\/www.upjs.sk\/pracoviska\/materska-skola\/skola\/rezim-dna\/","name":"Re\u017eim d\u0148a - Matersk\u00e1 \u0161kola Univerzity Pavla Jozefa \u0160af\u00e1rika v Ko\u0161iciach","isPartOf":{"@id":"https:\/\/www.upjs.sk\/pracoviska\/materska-skola\/#website"},"primaryImageOfPage":{"@id":"https:\/\/www.upjs.sk\/pracoviska\/materska-skola\/skola\/rezim-dna\/#primaryimage"},"image":{"@id":"https:\/\/www.upjs.sk\/pracoviska\/materska-skola\/skola\/rezim-dna\/#primaryimage"},"thumbnailUrl":"https:\/\/www.upjs.sk\/app\/uploads\/sites\/26\/2024\/06\/logo-ms-600x131-1-300x66.jpg","datePublished":"2024-05-28T09:49:08+00:00","dateModified":"2024-06-20T09:43:02+00:00","breadcrumb":{"@id":"https:\/\/www.upjs.sk\/pracoviska\/materska-skola\/skola\/rezim-dna\/#breadcrumb"},"inLanguage":"sk-SK","potentialAction":[{"@type":"ReadAction","target":["https:\/\/www.upjs.sk\/pracoviska\/materska-skola\/skola\/rezim-dna\/"]}]},{"@type":"ImageObject","inLanguage":"sk-SK","@id":"https:\/\/www.upjs.sk\/pracoviska\/materska-skola\/skola\/rezim-dna\/#primaryimage","url":"https:\/\/www.upjs.sk\/app\/uploads\/sites\/26\/2024\/06\/logo-ms-600x131-1-300x66.jpg","contentUrl":"https:\/\/www.upjs.sk\/app\/uploads\/sites\/26\/2024\/06\/logo-ms-600x131-1-300x66.jpg"},{"@type":"BreadcrumbList","@id":"https:\/\/www.upjs.sk\/pracoviska\/materska-skola\/skola\/rezim-dna\/#breadcrumb","itemListElement":[{"@type":"ListItem","position":1,"name":"Home","item":"https:\/\/www.upjs.sk\/pracoviska\/materska-skola\/"},{"@type":"ListItem","position":2,"name":"\u0160kola","item":"https:\/\/www.upjs.sk\/pracoviska\/materska-skola\/skola\/"},{"@type":"ListItem","position":3,"name":"Re\u017eim d\u0148a"}]},{"@type":"WebSite","@id":"https:\/\/www.upjs.sk\/pracoviska\/materska-skola\/#website","url":"https:\/\/www.upjs.sk\/pracoviska\/materska-skola\/","name":"Matersk\u00e1 \u0161kola Univerzity Pavla Jozefa \u0160af\u00e1rika v Ko\u0161iciach","description":"","publisher":{"@id":"https:\/\/www.upjs.sk\/pracoviska\/materska-skola\/#organization"},"potentialAction":[{"@type":"SearchAction","target":{"@type":"EntryPoint","urlTemplate":"https:\/\/www.upjs.sk\/pracoviska\/materska-skola\/?s={search_term_string}"},"query-input":{"@type":"PropertyValueSpecification","valueRequired":true,"valueName":"search_term_string"}}],"inLanguage":"sk-SK"},{"@type":"Organization","@id":"https:\/\/www.upjs.sk\/pracoviska\/materska-skola\/#organization","name":"Matersk\u00e1 \u0161kola Univerzity Pavla Jozefa \u0160af\u00e1rika v Ko\u0161iciach","url":"https:\/\/www.upjs.sk\/pracoviska\/materska-skola\/","logo":{"@type":"ImageObject","inLanguage":"sk-SK","@id":"https:\/\/www.upjs.sk\/pracoviska\/materska-skola\/#\/schema\/logo\/image\/","url":"https:\/\/www.upjs.sk\/app\/uploads\/sites\/26\/2025\/04\/cropped-Materska-skola-s-upjs-logo-OK-01.jpg","contentUrl":"https:\/\/www.upjs.sk\/app\/uploads\/sites\/26\/2025\/04\/cropped-Materska-skola-s-upjs-logo-OK-01.jpg","width":2082,"height":479,"caption":"Matersk\u00e1 \u0161kola Univerzity Pavla Jozefa \u0160af\u00e1rika v Ko\u0161iciach"},"image":{"@id":"https:\/\/www.upjs.sk\/pracoviska\/materska-skola\/#\/schema\/logo\/image\/"}}]}},"_links":{"self":[{"href":"https:\/\/www.upjs.sk\/pracoviska\/materska-skola\/wp-json\/wp\/v2\/pages\/13431","targetHints":{"allow":["GET"]}}],"collection":[{"href":"https:\/\/www.upjs.sk\/pracoviska\/materska-skola\/wp-json\/wp\/v2\/pages"}],"about":[{"href":"https:\/\/www.upjs.sk\/pracoviska\/materska-skola\/wp-json\/wp\/v2\/types\/page"}],"author":[{"embeddable":true,"href":"https:\/\/www.upjs.sk\/pracoviska\/materska-skola\/wp-json\/wp\/v2\/users\/1"}],"replies":[{"embeddable":true,"href":"https:\/\/www.upjs.sk\/pracoviska\/materska-skola\/wp-json\/wp\/v2\/comments?post=13431"}],"version-history":[{"count":6,"href":"https:\/\/www.upjs.sk\/pracoviska\/materska-skola\/wp-json\/wp\/v2\/pages\/13431\/revisions"}],"predecessor-version":[{"id":13553,"href":"https:\/\/www.upjs.sk\/pracoviska\/materska-skola\/wp-json\/wp\/v2\/pages\/13431\/revisions\/13553"}],"up":[{"embeddable":true,"href":"https:\/\/www.upjs.sk\/pracoviska\/materska-skola\/wp-json\/wp\/v2\/pages\/13427"}],"wp:attachment":[{"href":"https:\/\/www.upjs.sk\/pracoviska\/materska-skola\/wp-json\/wp\/v2\/media?parent=13431"}],"wp:term":[{"taxonomy":"category","embeddable":true,"href":"https:\/\/www.upjs.sk\/pracoviska\/materska-skola\/wp-json\/wp\/v2\/categories?post=13431"},{"taxonomy":"post_tag","embeddable":true,"href":"https:\/\/www.upjs.sk\/pracoviska\/materska-skola\/wp-json\/wp\/v2\/tags?post=13431"}],"curies":[{"name":"wp","href":"https:\/\/api.w.org\/{rel}","templated":true}]}}