{"id":13817,"date":"2024-12-17T13:46:55","date_gmt":"2024-12-17T13:46:55","guid":{"rendered":"https:\/\/www.upjs.sk\/pracoviska\/materska-skola\/?page_id=13817"},"modified":"2024-12-18T18:51:21","modified_gmt":"2024-12-18T18:51:21","slug":"vianocna-besiedka-materskej-skoly-upjesko","status":"publish","type":"page","link":"https:\/\/www.upjs.sk\/pracoviska\/materska-skola\/fotogaleria\/vianocna-besiedka-materskej-skoly-upjesko\/","title":{"rendered":"Viano\u010dn\u00e1 besiedka Materskej \u0161koly UPeJe\u0160ko"},"content":{"rendered":"<style>.kb-image13817_9921ed-51 .kb-image-has-overlay:after{opacity:0.3;}<\/style>\n<div class=\"wp-block-kadence-image kb-image13817_9921ed-51\"><figure class=\"aligncenter size-medium\"><img loading=\"lazy\" decoding=\"async\" width=\"300\" height=\"66\" src=\"https:\/\/www.upjs.sk\/app\/uploads\/sites\/26\/2024\/06\/logo-ms-600x131-1-300x66.jpg\" alt=\"\" class=\"kb-img wp-image-13522\" srcset=\"https:\/\/www.upjs.sk\/app\/uploads\/sites\/26\/2024\/06\/logo-ms-600x131-1-300x66.jpg 300w, https:\/\/www.upjs.sk\/app\/uploads\/sites\/26\/2024\/06\/logo-ms-600x131-1.jpg 600w\" sizes=\"auto, (max-width: 300px) 100vw, 300px\" \/><\/figure><\/div>\n\n\n<style>.wp-block-kadence-spacer.kt-block-spacer-13817_af4163-42 .kt-block-spacer{height:6px;}.wp-block-kadence-spacer.kt-block-spacer-13817_af4163-42 .kt-divider{border-top-width:1px;height:1px;border-top-color:#C19152;width:100%;border-top-style:solid;}<\/style>\n<div class=\"wp-block-kadence-spacer aligncenter kt-block-spacer-13817_af4163-42\"><div class=\"kt-block-spacer kt-block-spacer-halign-center\"><hr class=\"kt-divider\"\/><\/div><\/div>\n\n\n\n<p class=\"has-text-align-center has-medium-font-size\"><mark style=\"background-color:rgba(0, 0, 0, 0)\" class=\"has-inline-color has-zakladna-zlata-color\"><strong>Viano\u010dn\u00e1 besiedka M\u0160 UPeJe\u0160ko, 11.12.2024<\/strong><\/mark><\/p>\n\n\n\n<p>V stredu <strong><mark style=\"background-color:rgba(0, 0, 0, 0)\" class=\"has-inline-color has-zakladna-modra-color\">11. decembra 2024 <\/mark><\/strong>sa v priestoroch Minervy konalo viano\u010dn\u00e9 vyst\u00fapenie \u0161k\u00f4lkarov, ktor\u00e9 pote\u0161ilo rodi\u010dov, priate\u013eov a pr\u00edbuzn\u00fdch na\u0161ich najmen\u0161\u00edch Upeje\u0161k\u00e1rov. Deti v tematick\u00fdch kost\u00fdmoch s nad\u0161en\u00edm predviedli svoje talenty \u2013 zahrali si vesel\u00e9 sc\u00e9nky, zaspievali si aj zatancovali. S\u00fa\u010das\u0165ou programu bolo aj zdobenie viano\u010dn\u00e9ho strom\u010deka.&nbsp;<\/p>\n\n\n\n<figure class=\"wp-block-image size-full is-resized\"><img loading=\"lazy\" decoding=\"async\" width=\"640\" height=\"481\" src=\"https:\/\/www.upjs.sk\/app\/uploads\/sites\/26\/2024\/12\/IMG_20241211_150420.jpg\" alt=\"\" class=\"wp-image-13837\" style=\"width:493px;height:auto\" srcset=\"https:\/\/www.upjs.sk\/app\/uploads\/sites\/26\/2024\/12\/IMG_20241211_150420.jpg 640w, https:\/\/www.upjs.sk\/app\/uploads\/sites\/26\/2024\/12\/IMG_20241211_150420-300x225.jpg 300w\" sizes=\"auto, (max-width: 640px) 100vw, 640px\" \/><\/figure>\n\n\n\n<p>K pr\u00edjemnej atmosf\u00e9re prispel aj<strong> <mark style=\"background-color:rgba(0, 0, 0, 0)\" class=\"has-inline-color has-zakladna-modra-color\">spev\u00e1cky zbor Chorus Universitatis \u0160afarikianae<\/mark><\/strong>, ktor\u00fd zaplnil s\u00e1lu n\u00e1dhern\u00fdmi viano\u010dn\u00fdmi t\u00f3nmi a dotvoril neopakovate\u013en\u00fd umeleck\u00fd z\u00e1\u017eitok. Viano\u010dn\u00e1 tr\u017enica pon\u00fakla mo\u017enos\u0165 v\u00fdberu origin\u00e1lnych dar\u010dekov, v\u010faka \u010domu si n\u00e1v\u0161tevn\u00edci odniesli nielen mil\u00fd umeleck\u00fd z\u00e1\u017eitok, ale aj drobn\u00fd dar pre svojich najbli\u017e\u0161\u00edch.&nbsp;&nbsp;<\/p>\n\n\n\n<p>Podujatie prepojilo detsk\u00fa rados\u0165, umenie a trad\u00edcie, ktor\u00e9 prinieslo pr\u00edtomn\u00fdm sviato\u010dn\u00fa pohodu.<\/p>\n\n\n\n<p><\/p>\n","protected":false},"excerpt":{"rendered":"<p>Viano\u010dn\u00e1 besiedka M\u0160 UPeJe\u0160ko, 11.12.2024 V stredu 11. decembra 2024 sa v priestoroch Minervy konalo viano\u010dn\u00e9 vyst\u00fapenie \u0161k\u00f4lkarov, ktor\u00e9 pote\u0161ilo rodi\u010dov, priate\u013eov a pr\u00edbuzn\u00fdch na\u0161ich najmen\u0161\u00edch Upeje\u0161k\u00e1rov. Deti v tematick\u00fdch kost\u00fdmoch s nad\u0161en\u00edm predviedli svoje talenty \u2013 zahrali si vesel\u00e9 sc\u00e9nky, zaspievali si aj zatancovali. S\u00fa\u010das\u0165ou programu bolo aj zdobenie viano\u010dn\u00e9ho strom\u010deka.&nbsp; K pr\u00edjemnej atmosf\u00e9re &hellip; <a href=\"https:\/\/www.upjs.sk\/pracoviska\/materska-skola\/fotogaleria\/vianocna-besiedka-materskej-skoly-upjesko\/\">\u010c\u00edta\u0165 \u010falej<\/a><\/p>\n","protected":false},"author":99,"featured_media":0,"parent":13453,"menu_order":8,"comment_status":"closed","ping_status":"closed","template":"","meta":{"_acf_changed":false,"_editorskit_title_hidden":false,"_editorskit_reading_time":0,"_editorskit_is_block_options_detached":false,"_editorskit_block_options_position":"{}","footnotes":""},"categories":[],"tags":[],"class_list":["post-13817","page","type-page","status-publish","hentry"],"acf":{"acf_link_na_externy_obsah":""},"yoast_head":"<!-- This site is optimized with the Yoast SEO plugin v27.4 - https:\/\/yoast.com\/product\/yoast-seo-wordpress\/ -->\n<title>Viano\u010dn\u00e1 besiedka Materskej \u0161koly UPeJe\u0160ko - Matersk\u00e1 \u0161kola Univerzity Pavla Jozefa \u0160af\u00e1rika v Ko\u0161iciach<\/title>\n<meta name=\"robots\" content=\"index, follow, max-snippet:-1, max-image-preview:large, max-video-preview:-1\" \/>\n<link rel=\"canonical\" href=\"https:\/\/www.upjs.sk\/pracoviska\/materska-skola\/fotogaleria\/vianocna-besiedka-materskej-skoly-upjesko\/\" \/>\n<meta property=\"og:locale\" content=\"sk_SK\" \/>\n<meta property=\"og:type\" content=\"article\" \/>\n<meta property=\"og:title\" content=\"Viano\u010dn\u00e1 besiedka Materskej \u0161koly UPeJe\u0160ko - Matersk\u00e1 \u0161kola Univerzity Pavla Jozefa \u0160af\u00e1rika v Ko\u0161iciach\" \/>\n<meta property=\"og:description\" content=\"Viano\u010dn\u00e1 besiedka M\u0160 UPeJe\u0160ko, 11.12.2024 V stredu 11. decembra 2024 sa v priestoroch Minervy konalo viano\u010dn\u00e9 vyst\u00fapenie \u0161k\u00f4lkarov, ktor\u00e9 pote\u0161ilo rodi\u010dov, priate\u013eov a pr\u00edbuzn\u00fdch na\u0161ich najmen\u0161\u00edch Upeje\u0161k\u00e1rov. Deti v tematick\u00fdch kost\u00fdmoch s nad\u0161en\u00edm predviedli svoje talenty \u2013 zahrali si vesel\u00e9 sc\u00e9nky, zaspievali si aj zatancovali. S\u00fa\u010das\u0165ou programu bolo aj zdobenie viano\u010dn\u00e9ho strom\u010deka.&nbsp; K pr\u00edjemnej atmosf\u00e9re &hellip; \u010c\u00edta\u0165 \u010falej\" \/>\n<meta property=\"og:url\" content=\"https:\/\/www.upjs.sk\/pracoviska\/materska-skola\/fotogaleria\/vianocna-besiedka-materskej-skoly-upjesko\/\" \/>\n<meta property=\"og:site_name\" content=\"Matersk\u00e1 \u0161kola Univerzity Pavla Jozefa \u0160af\u00e1rika v Ko\u0161iciach\" \/>\n<meta property=\"article:modified_time\" content=\"2024-12-18T18:51:21+00:00\" \/>\n<meta property=\"og:image\" content=\"https:\/\/www.upjs.sk\/app\/uploads\/sites\/26\/2024\/06\/logo-ms-600x131-1-300x66.jpg\" \/>\n<meta name=\"twitter:card\" content=\"summary_large_image\" \/>\n<meta name=\"twitter:label1\" content=\"Predpokladan\u00fd \u010das \u010d\u00edtania\" \/>\n\t<meta name=\"twitter:data1\" content=\"1 min\u00fata\" \/>\n<script type=\"application\/ld+json\" class=\"yoast-schema-graph\">{\"@context\":\"https:\\\/\\\/schema.org\",\"@graph\":[{\"@type\":\"WebPage\",\"@id\":\"https:\\\/\\\/www.upjs.sk\\\/pracoviska\\\/materska-skola\\\/fotogaleria\\\/vianocna-besiedka-materskej-skoly-upjesko\\\/\",\"url\":\"https:\\\/\\\/www.upjs.sk\\\/pracoviska\\\/materska-skola\\\/fotogaleria\\\/vianocna-besiedka-materskej-skoly-upjesko\\\/\",\"name\":\"Viano\u010dn\u00e1 besiedka Materskej \u0161koly UPeJe\u0160ko - Matersk\u00e1 \u0161kola Univerzity Pavla Jozefa \u0160af\u00e1rika v Ko\u0161iciach\",\"isPartOf\":{\"@id\":\"https:\\\/\\\/www.upjs.sk\\\/pracoviska\\\/materska-skola\\\/#website\"},\"primaryImageOfPage\":{\"@id\":\"https:\\\/\\\/www.upjs.sk\\\/pracoviska\\\/materska-skola\\\/fotogaleria\\\/vianocna-besiedka-materskej-skoly-upjesko\\\/#primaryimage\"},\"image\":{\"@id\":\"https:\\\/\\\/www.upjs.sk\\\/pracoviska\\\/materska-skola\\\/fotogaleria\\\/vianocna-besiedka-materskej-skoly-upjesko\\\/#primaryimage\"},\"thumbnailUrl\":\"https:\\\/\\\/www.upjs.sk\\\/app\\\/uploads\\\/sites\\\/26\\\/2024\\\/06\\\/logo-ms-600x131-1-300x66.jpg\",\"datePublished\":\"2024-12-17T13:46:55+00:00\",\"dateModified\":\"2024-12-18T18:51:21+00:00\",\"breadcrumb\":{\"@id\":\"https:\\\/\\\/www.upjs.sk\\\/pracoviska\\\/materska-skola\\\/fotogaleria\\\/vianocna-besiedka-materskej-skoly-upjesko\\\/#breadcrumb\"},\"inLanguage\":\"sk-SK\",\"potentialAction\":[{\"@type\":\"ReadAction\",\"target\":[\"https:\\\/\\\/www.upjs.sk\\\/pracoviska\\\/materska-skola\\\/fotogaleria\\\/vianocna-besiedka-materskej-skoly-upjesko\\\/\"]}]},{\"@type\":\"ImageObject\",\"inLanguage\":\"sk-SK\",\"@id\":\"https:\\\/\\\/www.upjs.sk\\\/pracoviska\\\/materska-skola\\\/fotogaleria\\\/vianocna-besiedka-materskej-skoly-upjesko\\\/#primaryimage\",\"url\":\"https:\\\/\\\/www.upjs.sk\\\/app\\\/uploads\\\/sites\\\/26\\\/2024\\\/06\\\/logo-ms-600x131-1-300x66.jpg\",\"contentUrl\":\"https:\\\/\\\/www.upjs.sk\\\/app\\\/uploads\\\/sites\\\/26\\\/2024\\\/06\\\/logo-ms-600x131-1-300x66.jpg\"},{\"@type\":\"BreadcrumbList\",\"@id\":\"https:\\\/\\\/www.upjs.sk\\\/pracoviska\\\/materska-skola\\\/fotogaleria\\\/vianocna-besiedka-materskej-skoly-upjesko\\\/#breadcrumb\",\"itemListElement\":[{\"@type\":\"ListItem\",\"position\":1,\"name\":\"Home\",\"item\":\"https:\\\/\\\/www.upjs.sk\\\/pracoviska\\\/materska-skola\\\/\"},{\"@type\":\"ListItem\",\"position\":2,\"name\":\"Fotogal\u00e9ria\",\"item\":\"https:\\\/\\\/www.upjs.sk\\\/pracoviska\\\/materska-skola\\\/fotogaleria\\\/\"},{\"@type\":\"ListItem\",\"position\":3,\"name\":\"Viano\u010dn\u00e1 besiedka Materskej \u0161koly UPeJe\u0160ko\"}]},{\"@type\":\"WebSite\",\"@id\":\"https:\\\/\\\/www.upjs.sk\\\/pracoviska\\\/materska-skola\\\/#website\",\"url\":\"https:\\\/\\\/www.upjs.sk\\\/pracoviska\\\/materska-skola\\\/\",\"name\":\"Matersk\u00e1 \u0161kola Univerzity Pavla Jozefa \u0160af\u00e1rika v Ko\u0161iciach\",\"description\":\"\",\"publisher\":{\"@id\":\"https:\\\/\\\/www.upjs.sk\\\/pracoviska\\\/materska-skola\\\/#organization\"},\"potentialAction\":[{\"@type\":\"SearchAction\",\"target\":{\"@type\":\"EntryPoint\",\"urlTemplate\":\"https:\\\/\\\/www.upjs.sk\\\/pracoviska\\\/materska-skola\\\/?s={search_term_string}\"},\"query-input\":{\"@type\":\"PropertyValueSpecification\",\"valueRequired\":true,\"valueName\":\"search_term_string\"}}],\"inLanguage\":\"sk-SK\"},{\"@type\":\"Organization\",\"@id\":\"https:\\\/\\\/www.upjs.sk\\\/pracoviska\\\/materska-skola\\\/#organization\",\"name\":\"Matersk\u00e1 \u0161kola Univerzity Pavla Jozefa \u0160af\u00e1rika v Ko\u0161iciach\",\"url\":\"https:\\\/\\\/www.upjs.sk\\\/pracoviska\\\/materska-skola\\\/\",\"logo\":{\"@type\":\"ImageObject\",\"inLanguage\":\"sk-SK\",\"@id\":\"https:\\\/\\\/www.upjs.sk\\\/pracoviska\\\/materska-skola\\\/#\\\/schema\\\/logo\\\/image\\\/\",\"url\":\"https:\\\/\\\/www.upjs.sk\\\/app\\\/uploads\\\/sites\\\/26\\\/2025\\\/04\\\/cropped-Materska-skola-s-upjs-logo-OK-01.jpg\",\"contentUrl\":\"https:\\\/\\\/www.upjs.sk\\\/app\\\/uploads\\\/sites\\\/26\\\/2025\\\/04\\\/cropped-Materska-skola-s-upjs-logo-OK-01.jpg\",\"width\":2082,\"height\":479,\"caption\":\"Matersk\u00e1 \u0161kola Univerzity Pavla Jozefa \u0160af\u00e1rika v Ko\u0161iciach\"},\"image\":{\"@id\":\"https:\\\/\\\/www.upjs.sk\\\/pracoviska\\\/materska-skola\\\/#\\\/schema\\\/logo\\\/image\\\/\"}}]}<\/script>\n<!-- \/ Yoast SEO plugin. -->","yoast_head_json":{"title":"Viano\u010dn\u00e1 besiedka Materskej \u0161koly UPeJe\u0160ko - Matersk\u00e1 \u0161kola Univerzity Pavla Jozefa \u0160af\u00e1rika v Ko\u0161iciach","robots":{"index":"index","follow":"follow","max-snippet":"max-snippet:-1","max-image-preview":"max-image-preview:large","max-video-preview":"max-video-preview:-1"},"canonical":"https:\/\/www.upjs.sk\/pracoviska\/materska-skola\/fotogaleria\/vianocna-besiedka-materskej-skoly-upjesko\/","og_locale":"sk_SK","og_type":"article","og_title":"Viano\u010dn\u00e1 besiedka Materskej \u0161koly UPeJe\u0160ko - Matersk\u00e1 \u0161kola Univerzity Pavla Jozefa \u0160af\u00e1rika v Ko\u0161iciach","og_description":"Viano\u010dn\u00e1 besiedka M\u0160 UPeJe\u0160ko, 11.12.2024 V stredu 11. decembra 2024 sa v priestoroch Minervy konalo viano\u010dn\u00e9 vyst\u00fapenie \u0161k\u00f4lkarov, ktor\u00e9 pote\u0161ilo rodi\u010dov, priate\u013eov a pr\u00edbuzn\u00fdch na\u0161ich najmen\u0161\u00edch Upeje\u0161k\u00e1rov. Deti v tematick\u00fdch kost\u00fdmoch s nad\u0161en\u00edm predviedli svoje talenty \u2013 zahrali si vesel\u00e9 sc\u00e9nky, zaspievali si aj zatancovali. S\u00fa\u010das\u0165ou programu bolo aj zdobenie viano\u010dn\u00e9ho strom\u010deka.&nbsp; K pr\u00edjemnej atmosf\u00e9re &hellip; \u010c\u00edta\u0165 \u010falej","og_url":"https:\/\/www.upjs.sk\/pracoviska\/materska-skola\/fotogaleria\/vianocna-besiedka-materskej-skoly-upjesko\/","og_site_name":"Matersk\u00e1 \u0161kola Univerzity Pavla Jozefa \u0160af\u00e1rika v Ko\u0161iciach","article_modified_time":"2024-12-18T18:51:21+00:00","og_image":[{"url":"https:\/\/www.upjs.sk\/app\/uploads\/sites\/26\/2024\/06\/logo-ms-600x131-1-300x66.jpg","type":"","width":"","height":""}],"twitter_card":"summary_large_image","twitter_misc":{"Predpokladan\u00fd \u010das \u010d\u00edtania":"1 min\u00fata"},"schema":{"@context":"https:\/\/schema.org","@graph":[{"@type":"WebPage","@id":"https:\/\/www.upjs.sk\/pracoviska\/materska-skola\/fotogaleria\/vianocna-besiedka-materskej-skoly-upjesko\/","url":"https:\/\/www.upjs.sk\/pracoviska\/materska-skola\/fotogaleria\/vianocna-besiedka-materskej-skoly-upjesko\/","name":"Viano\u010dn\u00e1 besiedka Materskej \u0161koly UPeJe\u0160ko - Matersk\u00e1 \u0161kola Univerzity Pavla Jozefa \u0160af\u00e1rika v Ko\u0161iciach","isPartOf":{"@id":"https:\/\/www.upjs.sk\/pracoviska\/materska-skola\/#website"},"primaryImageOfPage":{"@id":"https:\/\/www.upjs.sk\/pracoviska\/materska-skola\/fotogaleria\/vianocna-besiedka-materskej-skoly-upjesko\/#primaryimage"},"image":{"@id":"https:\/\/www.upjs.sk\/pracoviska\/materska-skola\/fotogaleria\/vianocna-besiedka-materskej-skoly-upjesko\/#primaryimage"},"thumbnailUrl":"https:\/\/www.upjs.sk\/app\/uploads\/sites\/26\/2024\/06\/logo-ms-600x131-1-300x66.jpg","datePublished":"2024-12-17T13:46:55+00:00","dateModified":"2024-12-18T18:51:21+00:00","breadcrumb":{"@id":"https:\/\/www.upjs.sk\/pracoviska\/materska-skola\/fotogaleria\/vianocna-besiedka-materskej-skoly-upjesko\/#breadcrumb"},"inLanguage":"sk-SK","potentialAction":[{"@type":"ReadAction","target":["https:\/\/www.upjs.sk\/pracoviska\/materska-skola\/fotogaleria\/vianocna-besiedka-materskej-skoly-upjesko\/"]}]},{"@type":"ImageObject","inLanguage":"sk-SK","@id":"https:\/\/www.upjs.sk\/pracoviska\/materska-skola\/fotogaleria\/vianocna-besiedka-materskej-skoly-upjesko\/#primaryimage","url":"https:\/\/www.upjs.sk\/app\/uploads\/sites\/26\/2024\/06\/logo-ms-600x131-1-300x66.jpg","contentUrl":"https:\/\/www.upjs.sk\/app\/uploads\/sites\/26\/2024\/06\/logo-ms-600x131-1-300x66.jpg"},{"@type":"BreadcrumbList","@id":"https:\/\/www.upjs.sk\/pracoviska\/materska-skola\/fotogaleria\/vianocna-besiedka-materskej-skoly-upjesko\/#breadcrumb","itemListElement":[{"@type":"ListItem","position":1,"name":"Home","item":"https:\/\/www.upjs.sk\/pracoviska\/materska-skola\/"},{"@type":"ListItem","position":2,"name":"Fotogal\u00e9ria","item":"https:\/\/www.upjs.sk\/pracoviska\/materska-skola\/fotogaleria\/"},{"@type":"ListItem","position":3,"name":"Viano\u010dn\u00e1 besiedka Materskej \u0161koly UPeJe\u0160ko"}]},{"@type":"WebSite","@id":"https:\/\/www.upjs.sk\/pracoviska\/materska-skola\/#website","url":"https:\/\/www.upjs.sk\/pracoviska\/materska-skola\/","name":"Matersk\u00e1 \u0161kola Univerzity Pavla Jozefa \u0160af\u00e1rika v Ko\u0161iciach","description":"","publisher":{"@id":"https:\/\/www.upjs.sk\/pracoviska\/materska-skola\/#organization"},"potentialAction":[{"@type":"SearchAction","target":{"@type":"EntryPoint","urlTemplate":"https:\/\/www.upjs.sk\/pracoviska\/materska-skola\/?s={search_term_string}"},"query-input":{"@type":"PropertyValueSpecification","valueRequired":true,"valueName":"search_term_string"}}],"inLanguage":"sk-SK"},{"@type":"Organization","@id":"https:\/\/www.upjs.sk\/pracoviska\/materska-skola\/#organization","name":"Matersk\u00e1 \u0161kola Univerzity Pavla Jozefa \u0160af\u00e1rika v Ko\u0161iciach","url":"https:\/\/www.upjs.sk\/pracoviska\/materska-skola\/","logo":{"@type":"ImageObject","inLanguage":"sk-SK","@id":"https:\/\/www.upjs.sk\/pracoviska\/materska-skola\/#\/schema\/logo\/image\/","url":"https:\/\/www.upjs.sk\/app\/uploads\/sites\/26\/2025\/04\/cropped-Materska-skola-s-upjs-logo-OK-01.jpg","contentUrl":"https:\/\/www.upjs.sk\/app\/uploads\/sites\/26\/2025\/04\/cropped-Materska-skola-s-upjs-logo-OK-01.jpg","width":2082,"height":479,"caption":"Matersk\u00e1 \u0161kola Univerzity Pavla Jozefa \u0160af\u00e1rika v Ko\u0161iciach"},"image":{"@id":"https:\/\/www.upjs.sk\/pracoviska\/materska-skola\/#\/schema\/logo\/image\/"}}]}},"_links":{"self":[{"href":"https:\/\/www.upjs.sk\/pracoviska\/materska-skola\/wp-json\/wp\/v2\/pages\/13817","targetHints":{"allow":["GET"]}}],"collection":[{"href":"https:\/\/www.upjs.sk\/pracoviska\/materska-skola\/wp-json\/wp\/v2\/pages"}],"about":[{"href":"https:\/\/www.upjs.sk\/pracoviska\/materska-skola\/wp-json\/wp\/v2\/types\/page"}],"author":[{"embeddable":true,"href":"https:\/\/www.upjs.sk\/pracoviska\/materska-skola\/wp-json\/wp\/v2\/users\/99"}],"replies":[{"embeddable":true,"href":"https:\/\/www.upjs.sk\/pracoviska\/materska-skola\/wp-json\/wp\/v2\/comments?post=13817"}],"version-history":[{"count":5,"href":"https:\/\/www.upjs.sk\/pracoviska\/materska-skola\/wp-json\/wp\/v2\/pages\/13817\/revisions"}],"predecessor-version":[{"id":13839,"href":"https:\/\/www.upjs.sk\/pracoviska\/materska-skola\/wp-json\/wp\/v2\/pages\/13817\/revisions\/13839"}],"up":[{"embeddable":true,"href":"https:\/\/www.upjs.sk\/pracoviska\/materska-skola\/wp-json\/wp\/v2\/pages\/13453"}],"wp:attachment":[{"href":"https:\/\/www.upjs.sk\/pracoviska\/materska-skola\/wp-json\/wp\/v2\/media?parent=13817"}],"wp:term":[{"taxonomy":"category","embeddable":true,"href":"https:\/\/www.upjs.sk\/pracoviska\/materska-skola\/wp-json\/wp\/v2\/categories?post=13817"},{"taxonomy":"post_tag","embeddable":true,"href":"https:\/\/www.upjs.sk\/pracoviska\/materska-skola\/wp-json\/wp\/v2\/tags?post=13817"}],"curies":[{"name":"wp","href":"https:\/\/api.w.org\/{rel}","templated":true}]}}