{"id":14729,"date":"2025-12-19T07:51:31","date_gmt":"2025-12-19T07:51:31","guid":{"rendered":"https:\/\/www.upjs.sk\/pracoviska\/materska-skola\/?page_id=14729"},"modified":"2026-03-30T07:07:55","modified_gmt":"2026-03-30T07:07:55","slug":"vianocna-akademia","status":"publish","type":"page","link":"https:\/\/www.upjs.sk\/pracoviska\/materska-skola\/fotogaleria\/vianocna-akademia\/","title":{"rendered":"Viano\u010dn\u00e1 akad\u00e9mia"},"content":{"rendered":"\n<p>Vianoce s\u00fa obdob\u00edm pokoja, n\u00e1deje a vz\u00e1jomnej bl\u00edzkosti. S\u00fa to dni, ke\u010f sa na chv\u00ed\u013eu zastav\u00edme, spomal\u00edme a viac ne\u017e inokedy mysl\u00edme jeden na druh\u00e9ho<\/p>\n\n\n\n<p>Pr\u00e1ve tieto hodnoty \u2013 l\u00e1skavos\u0165, porozumenie a rados\u0165 zo spolo\u010dn\u00e9ho bytia \u2013 &nbsp;vyjadrili &nbsp; &nbsp;deti prostredn\u00edctvom b\u00e1sn\u00ed, hudby a tanca po\u010das viano\u010dnej akad\u00e9mie.<\/p>\n\n\n\n<p>Pr\u00edjemn\u00fa atmosf\u00e9ru umocnila svojimi koledami aj spev\u00e1cka zlo\u017eka folkl\u00f3rneho s\u00faboru Horn\u00e1d.<\/p>\n\n\n\n<p>Spolo\u010dne s rodi\u010dmi, star\u00fdmi rodi\u010dmi, priate\u013emi \u0161koly, p\u00e1nom kvestorom PhDr.Patrikom G\u00e9cim a poradcom kvestora Ing. Miroslavom Pomikalom sme str\u00e1vili pr\u00edjemn\u00e9 popoludnie a predviano\u010dn\u00fd \u010das.<\/p>\n\n\n\n<p>Pre v\u0161etk\u00fdch pr\u00edtomn\u00fdch boli pripraven\u00e9 aj viano\u010dn\u00e9 trhy s mno\u017estvom ru\u010dne vyroben\u00fdch produktov, tie\u017e viano\u010dn\u00fd pun\u010d &nbsp;a mal\u00e9 ob\u010derstvenie.<\/p>\n\n\n\n<p><\/p>\n","protected":false},"excerpt":{"rendered":"<p>Vianoce s\u00fa obdob\u00edm pokoja, n\u00e1deje a vz\u00e1jomnej bl\u00edzkosti. S\u00fa to dni, ke\u010f sa na chv\u00ed\u013eu zastav\u00edme, spomal\u00edme a viac ne\u017e inokedy mysl\u00edme jeden na druh\u00e9ho Pr\u00e1ve tieto hodnoty \u2013 l\u00e1skavos\u0165, porozumenie a rados\u0165 zo spolo\u010dn\u00e9ho bytia \u2013 &nbsp;vyjadrili &nbsp; &nbsp;deti prostredn\u00edctvom b\u00e1sn\u00ed, hudby a tanca po\u010das viano\u010dnej akad\u00e9mie. Pr\u00edjemn\u00fa atmosf\u00e9ru umocnila svojimi koledami aj spev\u00e1cka &hellip; <a href=\"https:\/\/www.upjs.sk\/pracoviska\/materska-skola\/fotogaleria\/vianocna-akademia\/\">\u010c\u00edta\u0165 \u010falej<\/a><\/p>\n","protected":false},"author":99,"featured_media":0,"parent":13453,"menu_order":0,"comment_status":"closed","ping_status":"closed","template":"","meta":{"_acf_changed":false,"_editorskit_title_hidden":false,"_editorskit_reading_time":0,"_editorskit_is_block_options_detached":false,"_editorskit_block_options_position":"{}","footnotes":""},"categories":[],"tags":[],"class_list":["post-14729","page","type-page","status-publish","hentry"],"acf":{"acf_link_na_externy_obsah":""},"yoast_head":"<!-- This site is optimized with the Yoast SEO plugin v27.4 - https:\/\/yoast.com\/product\/yoast-seo-wordpress\/ -->\n<title>Viano\u010dn\u00e1 akad\u00e9mia - Matersk\u00e1 \u0161kola Univerzity Pavla Jozefa \u0160af\u00e1rika v Ko\u0161iciach<\/title>\n<meta name=\"robots\" content=\"index, follow, max-snippet:-1, max-image-preview:large, max-video-preview:-1\" \/>\n<link rel=\"canonical\" href=\"https:\/\/www.upjs.sk\/pracoviska\/materska-skola\/fotogaleria\/vianocna-akademia\/\" \/>\n<meta property=\"og:locale\" content=\"sk_SK\" \/>\n<meta property=\"og:type\" content=\"article\" \/>\n<meta property=\"og:title\" content=\"Viano\u010dn\u00e1 akad\u00e9mia - Matersk\u00e1 \u0161kola Univerzity Pavla Jozefa \u0160af\u00e1rika v Ko\u0161iciach\" \/>\n<meta property=\"og:description\" content=\"Vianoce s\u00fa obdob\u00edm pokoja, n\u00e1deje a vz\u00e1jomnej bl\u00edzkosti. S\u00fa to dni, ke\u010f sa na chv\u00ed\u013eu zastav\u00edme, spomal\u00edme a viac ne\u017e inokedy mysl\u00edme jeden na druh\u00e9ho Pr\u00e1ve tieto hodnoty \u2013 l\u00e1skavos\u0165, porozumenie a rados\u0165 zo spolo\u010dn\u00e9ho bytia \u2013 &nbsp;vyjadrili &nbsp; &nbsp;deti prostredn\u00edctvom b\u00e1sn\u00ed, hudby a tanca po\u010das viano\u010dnej akad\u00e9mie. Pr\u00edjemn\u00fa atmosf\u00e9ru umocnila svojimi koledami aj spev\u00e1cka &hellip; \u010c\u00edta\u0165 \u010falej\" \/>\n<meta property=\"og:url\" content=\"https:\/\/www.upjs.sk\/pracoviska\/materska-skola\/fotogaleria\/vianocna-akademia\/\" \/>\n<meta property=\"og:site_name\" content=\"Matersk\u00e1 \u0161kola Univerzity Pavla Jozefa \u0160af\u00e1rika v Ko\u0161iciach\" \/>\n<meta property=\"article:modified_time\" content=\"2026-03-30T07:07:55+00:00\" \/>\n<meta name=\"twitter:card\" content=\"summary_large_image\" \/>\n<meta name=\"twitter:label1\" content=\"Predpokladan\u00fd \u010das \u010d\u00edtania\" \/>\n\t<meta name=\"twitter:data1\" content=\"1 min\u00fata\" \/>\n<script type=\"application\/ld+json\" class=\"yoast-schema-graph\">{\"@context\":\"https:\\\/\\\/schema.org\",\"@graph\":[{\"@type\":\"WebPage\",\"@id\":\"https:\\\/\\\/www.upjs.sk\\\/pracoviska\\\/materska-skola\\\/fotogaleria\\\/vianocna-akademia\\\/\",\"url\":\"https:\\\/\\\/www.upjs.sk\\\/pracoviska\\\/materska-skola\\\/fotogaleria\\\/vianocna-akademia\\\/\",\"name\":\"Viano\u010dn\u00e1 akad\u00e9mia - Matersk\u00e1 \u0161kola Univerzity Pavla Jozefa \u0160af\u00e1rika v Ko\u0161iciach\",\"isPartOf\":{\"@id\":\"https:\\\/\\\/www.upjs.sk\\\/pracoviska\\\/materska-skola\\\/#website\"},\"datePublished\":\"2025-12-19T07:51:31+00:00\",\"dateModified\":\"2026-03-30T07:07:55+00:00\",\"breadcrumb\":{\"@id\":\"https:\\\/\\\/www.upjs.sk\\\/pracoviska\\\/materska-skola\\\/fotogaleria\\\/vianocna-akademia\\\/#breadcrumb\"},\"inLanguage\":\"sk-SK\",\"potentialAction\":[{\"@type\":\"ReadAction\",\"target\":[\"https:\\\/\\\/www.upjs.sk\\\/pracoviska\\\/materska-skola\\\/fotogaleria\\\/vianocna-akademia\\\/\"]}]},{\"@type\":\"BreadcrumbList\",\"@id\":\"https:\\\/\\\/www.upjs.sk\\\/pracoviska\\\/materska-skola\\\/fotogaleria\\\/vianocna-akademia\\\/#breadcrumb\",\"itemListElement\":[{\"@type\":\"ListItem\",\"position\":1,\"name\":\"Home\",\"item\":\"https:\\\/\\\/www.upjs.sk\\\/pracoviska\\\/materska-skola\\\/\"},{\"@type\":\"ListItem\",\"position\":2,\"name\":\"Fotogal\u00e9ria\",\"item\":\"https:\\\/\\\/www.upjs.sk\\\/pracoviska\\\/materska-skola\\\/fotogaleria\\\/\"},{\"@type\":\"ListItem\",\"position\":3,\"name\":\"Viano\u010dn\u00e1 akad\u00e9mia\"}]},{\"@type\":\"WebSite\",\"@id\":\"https:\\\/\\\/www.upjs.sk\\\/pracoviska\\\/materska-skola\\\/#website\",\"url\":\"https:\\\/\\\/www.upjs.sk\\\/pracoviska\\\/materska-skola\\\/\",\"name\":\"Matersk\u00e1 \u0161kola Univerzity Pavla Jozefa \u0160af\u00e1rika v Ko\u0161iciach\",\"description\":\"\",\"publisher\":{\"@id\":\"https:\\\/\\\/www.upjs.sk\\\/pracoviska\\\/materska-skola\\\/#organization\"},\"potentialAction\":[{\"@type\":\"SearchAction\",\"target\":{\"@type\":\"EntryPoint\",\"urlTemplate\":\"https:\\\/\\\/www.upjs.sk\\\/pracoviska\\\/materska-skola\\\/?s={search_term_string}\"},\"query-input\":{\"@type\":\"PropertyValueSpecification\",\"valueRequired\":true,\"valueName\":\"search_term_string\"}}],\"inLanguage\":\"sk-SK\"},{\"@type\":\"Organization\",\"@id\":\"https:\\\/\\\/www.upjs.sk\\\/pracoviska\\\/materska-skola\\\/#organization\",\"name\":\"Matersk\u00e1 \u0161kola Univerzity Pavla Jozefa \u0160af\u00e1rika v Ko\u0161iciach\",\"url\":\"https:\\\/\\\/www.upjs.sk\\\/pracoviska\\\/materska-skola\\\/\",\"logo\":{\"@type\":\"ImageObject\",\"inLanguage\":\"sk-SK\",\"@id\":\"https:\\\/\\\/www.upjs.sk\\\/pracoviska\\\/materska-skola\\\/#\\\/schema\\\/logo\\\/image\\\/\",\"url\":\"https:\\\/\\\/www.upjs.sk\\\/app\\\/uploads\\\/sites\\\/26\\\/2025\\\/04\\\/cropped-Materska-skola-s-upjs-logo-OK-01.jpg\",\"contentUrl\":\"https:\\\/\\\/www.upjs.sk\\\/app\\\/uploads\\\/sites\\\/26\\\/2025\\\/04\\\/cropped-Materska-skola-s-upjs-logo-OK-01.jpg\",\"width\":2082,\"height\":479,\"caption\":\"Matersk\u00e1 \u0161kola Univerzity Pavla Jozefa \u0160af\u00e1rika v Ko\u0161iciach\"},\"image\":{\"@id\":\"https:\\\/\\\/www.upjs.sk\\\/pracoviska\\\/materska-skola\\\/#\\\/schema\\\/logo\\\/image\\\/\"}}]}<\/script>\n<!-- \/ Yoast SEO plugin. -->","yoast_head_json":{"title":"Viano\u010dn\u00e1 akad\u00e9mia - Matersk\u00e1 \u0161kola Univerzity Pavla Jozefa \u0160af\u00e1rika v Ko\u0161iciach","robots":{"index":"index","follow":"follow","max-snippet":"max-snippet:-1","max-image-preview":"max-image-preview:large","max-video-preview":"max-video-preview:-1"},"canonical":"https:\/\/www.upjs.sk\/pracoviska\/materska-skola\/fotogaleria\/vianocna-akademia\/","og_locale":"sk_SK","og_type":"article","og_title":"Viano\u010dn\u00e1 akad\u00e9mia - Matersk\u00e1 \u0161kola Univerzity Pavla Jozefa \u0160af\u00e1rika v Ko\u0161iciach","og_description":"Vianoce s\u00fa obdob\u00edm pokoja, n\u00e1deje a vz\u00e1jomnej bl\u00edzkosti. S\u00fa to dni, ke\u010f sa na chv\u00ed\u013eu zastav\u00edme, spomal\u00edme a viac ne\u017e inokedy mysl\u00edme jeden na druh\u00e9ho Pr\u00e1ve tieto hodnoty \u2013 l\u00e1skavos\u0165, porozumenie a rados\u0165 zo spolo\u010dn\u00e9ho bytia \u2013 &nbsp;vyjadrili &nbsp; &nbsp;deti prostredn\u00edctvom b\u00e1sn\u00ed, hudby a tanca po\u010das viano\u010dnej akad\u00e9mie. Pr\u00edjemn\u00fa atmosf\u00e9ru umocnila svojimi koledami aj spev\u00e1cka &hellip; \u010c\u00edta\u0165 \u010falej","og_url":"https:\/\/www.upjs.sk\/pracoviska\/materska-skola\/fotogaleria\/vianocna-akademia\/","og_site_name":"Matersk\u00e1 \u0161kola Univerzity Pavla Jozefa \u0160af\u00e1rika v Ko\u0161iciach","article_modified_time":"2026-03-30T07:07:55+00:00","twitter_card":"summary_large_image","twitter_misc":{"Predpokladan\u00fd \u010das \u010d\u00edtania":"1 min\u00fata"},"schema":{"@context":"https:\/\/schema.org","@graph":[{"@type":"WebPage","@id":"https:\/\/www.upjs.sk\/pracoviska\/materska-skola\/fotogaleria\/vianocna-akademia\/","url":"https:\/\/www.upjs.sk\/pracoviska\/materska-skola\/fotogaleria\/vianocna-akademia\/","name":"Viano\u010dn\u00e1 akad\u00e9mia - Matersk\u00e1 \u0161kola Univerzity Pavla Jozefa \u0160af\u00e1rika v Ko\u0161iciach","isPartOf":{"@id":"https:\/\/www.upjs.sk\/pracoviska\/materska-skola\/#website"},"datePublished":"2025-12-19T07:51:31+00:00","dateModified":"2026-03-30T07:07:55+00:00","breadcrumb":{"@id":"https:\/\/www.upjs.sk\/pracoviska\/materska-skola\/fotogaleria\/vianocna-akademia\/#breadcrumb"},"inLanguage":"sk-SK","potentialAction":[{"@type":"ReadAction","target":["https:\/\/www.upjs.sk\/pracoviska\/materska-skola\/fotogaleria\/vianocna-akademia\/"]}]},{"@type":"BreadcrumbList","@id":"https:\/\/www.upjs.sk\/pracoviska\/materska-skola\/fotogaleria\/vianocna-akademia\/#breadcrumb","itemListElement":[{"@type":"ListItem","position":1,"name":"Home","item":"https:\/\/www.upjs.sk\/pracoviska\/materska-skola\/"},{"@type":"ListItem","position":2,"name":"Fotogal\u00e9ria","item":"https:\/\/www.upjs.sk\/pracoviska\/materska-skola\/fotogaleria\/"},{"@type":"ListItem","position":3,"name":"Viano\u010dn\u00e1 akad\u00e9mia"}]},{"@type":"WebSite","@id":"https:\/\/www.upjs.sk\/pracoviska\/materska-skola\/#website","url":"https:\/\/www.upjs.sk\/pracoviska\/materska-skola\/","name":"Matersk\u00e1 \u0161kola Univerzity Pavla Jozefa \u0160af\u00e1rika v Ko\u0161iciach","description":"","publisher":{"@id":"https:\/\/www.upjs.sk\/pracoviska\/materska-skola\/#organization"},"potentialAction":[{"@type":"SearchAction","target":{"@type":"EntryPoint","urlTemplate":"https:\/\/www.upjs.sk\/pracoviska\/materska-skola\/?s={search_term_string}"},"query-input":{"@type":"PropertyValueSpecification","valueRequired":true,"valueName":"search_term_string"}}],"inLanguage":"sk-SK"},{"@type":"Organization","@id":"https:\/\/www.upjs.sk\/pracoviska\/materska-skola\/#organization","name":"Matersk\u00e1 \u0161kola Univerzity Pavla Jozefa \u0160af\u00e1rika v Ko\u0161iciach","url":"https:\/\/www.upjs.sk\/pracoviska\/materska-skola\/","logo":{"@type":"ImageObject","inLanguage":"sk-SK","@id":"https:\/\/www.upjs.sk\/pracoviska\/materska-skola\/#\/schema\/logo\/image\/","url":"https:\/\/www.upjs.sk\/app\/uploads\/sites\/26\/2025\/04\/cropped-Materska-skola-s-upjs-logo-OK-01.jpg","contentUrl":"https:\/\/www.upjs.sk\/app\/uploads\/sites\/26\/2025\/04\/cropped-Materska-skola-s-upjs-logo-OK-01.jpg","width":2082,"height":479,"caption":"Matersk\u00e1 \u0161kola Univerzity Pavla Jozefa \u0160af\u00e1rika v Ko\u0161iciach"},"image":{"@id":"https:\/\/www.upjs.sk\/pracoviska\/materska-skola\/#\/schema\/logo\/image\/"}}]}},"_links":{"self":[{"href":"https:\/\/www.upjs.sk\/pracoviska\/materska-skola\/wp-json\/wp\/v2\/pages\/14729","targetHints":{"allow":["GET"]}}],"collection":[{"href":"https:\/\/www.upjs.sk\/pracoviska\/materska-skola\/wp-json\/wp\/v2\/pages"}],"about":[{"href":"https:\/\/www.upjs.sk\/pracoviska\/materska-skola\/wp-json\/wp\/v2\/types\/page"}],"author":[{"embeddable":true,"href":"https:\/\/www.upjs.sk\/pracoviska\/materska-skola\/wp-json\/wp\/v2\/users\/99"}],"replies":[{"embeddable":true,"href":"https:\/\/www.upjs.sk\/pracoviska\/materska-skola\/wp-json\/wp\/v2\/comments?post=14729"}],"version-history":[{"count":4,"href":"https:\/\/www.upjs.sk\/pracoviska\/materska-skola\/wp-json\/wp\/v2\/pages\/14729\/revisions"}],"predecessor-version":[{"id":14923,"href":"https:\/\/www.upjs.sk\/pracoviska\/materska-skola\/wp-json\/wp\/v2\/pages\/14729\/revisions\/14923"}],"up":[{"embeddable":true,"href":"https:\/\/www.upjs.sk\/pracoviska\/materska-skola\/wp-json\/wp\/v2\/pages\/13453"}],"wp:attachment":[{"href":"https:\/\/www.upjs.sk\/pracoviska\/materska-skola\/wp-json\/wp\/v2\/media?parent=14729"}],"wp:term":[{"taxonomy":"category","embeddable":true,"href":"https:\/\/www.upjs.sk\/pracoviska\/materska-skola\/wp-json\/wp\/v2\/categories?post=14729"},{"taxonomy":"post_tag","embeddable":true,"href":"https:\/\/www.upjs.sk\/pracoviska\/materska-skola\/wp-json\/wp\/v2\/tags?post=14729"}],"curies":[{"name":"wp","href":"https:\/\/api.w.org\/{rel}","templated":true}]}}