{"id":15001,"date":"2026-05-04T13:40:43","date_gmt":"2026-05-04T13:40:43","guid":{"rendered":"https:\/\/www.upjs.sk\/pracoviska\/materska-skola\/?page_id=15001"},"modified":"2026-05-04T13:41:21","modified_gmt":"2026-05-04T13:41:21","slug":"vceli-chodnik-v-botanickej-zahrade-upjs","status":"publish","type":"page","link":"https:\/\/www.upjs.sk\/pracoviska\/materska-skola\/vceli-chodnik-v-botanickej-zahrade-upjs\/","title":{"rendered":"V\u010cEL\u00cd CHODN\u00cdK v Botanickej z\u00e1hrade UPJ\u0160"},"content":{"rendered":"\n<p>A<em>j tento \u0161kolsk\u00fd rok sme nav\u0161t\u00edvili \u00a0Botanick\u00fa z\u00e1hradu UPJ\u0160<\/em>.<br><em>Deti ve\u013emi zaujal v\u010del\u00ed chodn\u00edk\u00a0, cestou sme obdivovali kvietky aj font\u00e1ny\u00a0.Na konci n\u00e1s \u010dakalo mil\u00e9 prekvapenie &#8211; zaja\u010diky\u00a0.<\/em><br><em>Bol to n\u00e1u\u010dn\u00fd de\u0148, ktor\u00fd si deti u\u017eili.<\/em><\/p>\n","protected":false},"excerpt":{"rendered":"<p>Aj tento \u0161kolsk\u00fd rok sme nav\u0161t\u00edvili \u00a0Botanick\u00fa z\u00e1hradu UPJ\u0160.Deti ve\u013emi zaujal v\u010del\u00ed chodn\u00edk\u00a0, cestou sme obdivovali kvietky aj font\u00e1ny\u00a0.Na konci n\u00e1s \u010dakalo mil\u00e9 prekvapenie &#8211; zaja\u010diky\u00a0.Bol to n\u00e1u\u010dn\u00fd de\u0148, ktor\u00fd si deti u\u017eili.<\/p>\n","protected":false},"author":16,"featured_media":0,"parent":0,"menu_order":0,"comment_status":"closed","ping_status":"closed","template":"","meta":{"_acf_changed":false,"_editorskit_title_hidden":false,"_editorskit_reading_time":0,"_editorskit_is_block_options_detached":false,"_editorskit_block_options_position":"{}","footnotes":""},"categories":[],"tags":[],"class_list":["post-15001","page","type-page","status-publish","hentry"],"acf":{"acf_link_na_externy_obsah":""},"yoast_head":"<!-- This site is optimized with the Yoast SEO plugin v27.5 - https:\/\/yoast.com\/product\/yoast-seo-wordpress\/ -->\n<title>V\u010cEL\u00cd CHODN\u00cdK v Botanickej z\u00e1hrade UPJ\u0160 - Matersk\u00e1 \u0161kola Univerzity Pavla Jozefa \u0160af\u00e1rika v Ko\u0161iciach<\/title>\n<meta name=\"robots\" content=\"index, follow, max-snippet:-1, max-image-preview:large, max-video-preview:-1\" \/>\n<link rel=\"canonical\" href=\"https:\/\/www.upjs.sk\/pracoviska\/materska-skola\/vceli-chodnik-v-botanickej-zahrade-upjs\/\" \/>\n<meta property=\"og:locale\" content=\"sk_SK\" \/>\n<meta property=\"og:type\" content=\"article\" \/>\n<meta property=\"og:title\" content=\"V\u010cEL\u00cd CHODN\u00cdK v Botanickej z\u00e1hrade UPJ\u0160 - Matersk\u00e1 \u0161kola Univerzity Pavla Jozefa \u0160af\u00e1rika v Ko\u0161iciach\" \/>\n<meta property=\"og:description\" content=\"Aj tento \u0161kolsk\u00fd rok sme nav\u0161t\u00edvili \u00a0Botanick\u00fa z\u00e1hradu UPJ\u0160.Deti ve\u013emi zaujal v\u010del\u00ed chodn\u00edk\u00a0, cestou sme obdivovali kvietky aj font\u00e1ny\u00a0.Na konci n\u00e1s \u010dakalo mil\u00e9 prekvapenie &#8211; zaja\u010diky\u00a0.Bol to n\u00e1u\u010dn\u00fd de\u0148, ktor\u00fd si deti u\u017eili.\" \/>\n<meta property=\"og:url\" content=\"https:\/\/www.upjs.sk\/pracoviska\/materska-skola\/vceli-chodnik-v-botanickej-zahrade-upjs\/\" \/>\n<meta property=\"og:site_name\" content=\"Matersk\u00e1 \u0161kola Univerzity Pavla Jozefa \u0160af\u00e1rika v Ko\u0161iciach\" \/>\n<meta property=\"article:modified_time\" content=\"2026-05-04T13:41:21+00:00\" \/>\n<meta name=\"twitter:card\" content=\"summary_large_image\" \/>\n<meta name=\"twitter:label1\" content=\"Predpokladan\u00fd \u010das \u010d\u00edtania\" \/>\n\t<meta name=\"twitter:data1\" content=\"1 min\u00fata\" \/>\n<script type=\"application\/ld+json\" class=\"yoast-schema-graph\">{\"@context\":\"https:\\\/\\\/schema.org\",\"@graph\":[{\"@type\":\"WebPage\",\"@id\":\"https:\\\/\\\/www.upjs.sk\\\/pracoviska\\\/materska-skola\\\/vceli-chodnik-v-botanickej-zahrade-upjs\\\/\",\"url\":\"https:\\\/\\\/www.upjs.sk\\\/pracoviska\\\/materska-skola\\\/vceli-chodnik-v-botanickej-zahrade-upjs\\\/\",\"name\":\"V\u010cEL\u00cd CHODN\u00cdK v Botanickej z\u00e1hrade UPJ\u0160 - Matersk\u00e1 \u0161kola Univerzity Pavla Jozefa \u0160af\u00e1rika v Ko\u0161iciach\",\"isPartOf\":{\"@id\":\"https:\\\/\\\/www.upjs.sk\\\/pracoviska\\\/materska-skola\\\/#website\"},\"datePublished\":\"2026-05-04T13:40:43+00:00\",\"dateModified\":\"2026-05-04T13:41:21+00:00\",\"breadcrumb\":{\"@id\":\"https:\\\/\\\/www.upjs.sk\\\/pracoviska\\\/materska-skola\\\/vceli-chodnik-v-botanickej-zahrade-upjs\\\/#breadcrumb\"},\"inLanguage\":\"sk-SK\",\"potentialAction\":[{\"@type\":\"ReadAction\",\"target\":[\"https:\\\/\\\/www.upjs.sk\\\/pracoviska\\\/materska-skola\\\/vceli-chodnik-v-botanickej-zahrade-upjs\\\/\"]}]},{\"@type\":\"BreadcrumbList\",\"@id\":\"https:\\\/\\\/www.upjs.sk\\\/pracoviska\\\/materska-skola\\\/vceli-chodnik-v-botanickej-zahrade-upjs\\\/#breadcrumb\",\"itemListElement\":[{\"@type\":\"ListItem\",\"position\":1,\"name\":\"Home\",\"item\":\"https:\\\/\\\/www.upjs.sk\\\/pracoviska\\\/materska-skola\\\/\"},{\"@type\":\"ListItem\",\"position\":2,\"name\":\"V\u010cEL\u00cd CHODN\u00cdK v Botanickej z\u00e1hrade UPJ\u0160\"}]},{\"@type\":\"WebSite\",\"@id\":\"https:\\\/\\\/www.upjs.sk\\\/pracoviska\\\/materska-skola\\\/#website\",\"url\":\"https:\\\/\\\/www.upjs.sk\\\/pracoviska\\\/materska-skola\\\/\",\"name\":\"Matersk\u00e1 \u0161kola Univerzity Pavla Jozefa \u0160af\u00e1rika v Ko\u0161iciach\",\"description\":\"\",\"publisher\":{\"@id\":\"https:\\\/\\\/www.upjs.sk\\\/pracoviska\\\/materska-skola\\\/#organization\"},\"potentialAction\":[{\"@type\":\"SearchAction\",\"target\":{\"@type\":\"EntryPoint\",\"urlTemplate\":\"https:\\\/\\\/www.upjs.sk\\\/pracoviska\\\/materska-skola\\\/?s={search_term_string}\"},\"query-input\":{\"@type\":\"PropertyValueSpecification\",\"valueRequired\":true,\"valueName\":\"search_term_string\"}}],\"inLanguage\":\"sk-SK\"},{\"@type\":\"Organization\",\"@id\":\"https:\\\/\\\/www.upjs.sk\\\/pracoviska\\\/materska-skola\\\/#organization\",\"name\":\"Matersk\u00e1 \u0161kola Univerzity Pavla Jozefa \u0160af\u00e1rika v Ko\u0161iciach\",\"url\":\"https:\\\/\\\/www.upjs.sk\\\/pracoviska\\\/materska-skola\\\/\",\"logo\":{\"@type\":\"ImageObject\",\"inLanguage\":\"sk-SK\",\"@id\":\"https:\\\/\\\/www.upjs.sk\\\/pracoviska\\\/materska-skola\\\/#\\\/schema\\\/logo\\\/image\\\/\",\"url\":\"https:\\\/\\\/www.upjs.sk\\\/app\\\/uploads\\\/sites\\\/26\\\/2025\\\/04\\\/cropped-Materska-skola-s-upjs-logo-OK-01.jpg\",\"contentUrl\":\"https:\\\/\\\/www.upjs.sk\\\/app\\\/uploads\\\/sites\\\/26\\\/2025\\\/04\\\/cropped-Materska-skola-s-upjs-logo-OK-01.jpg\",\"width\":2082,\"height\":479,\"caption\":\"Matersk\u00e1 \u0161kola Univerzity Pavla Jozefa \u0160af\u00e1rika v Ko\u0161iciach\"},\"image\":{\"@id\":\"https:\\\/\\\/www.upjs.sk\\\/pracoviska\\\/materska-skola\\\/#\\\/schema\\\/logo\\\/image\\\/\"}}]}<\/script>\n<!-- \/ Yoast SEO plugin. -->","yoast_head_json":{"title":"V\u010cEL\u00cd CHODN\u00cdK v Botanickej z\u00e1hrade UPJ\u0160 - Matersk\u00e1 \u0161kola Univerzity Pavla Jozefa \u0160af\u00e1rika v Ko\u0161iciach","robots":{"index":"index","follow":"follow","max-snippet":"max-snippet:-1","max-image-preview":"max-image-preview:large","max-video-preview":"max-video-preview:-1"},"canonical":"https:\/\/www.upjs.sk\/pracoviska\/materska-skola\/vceli-chodnik-v-botanickej-zahrade-upjs\/","og_locale":"sk_SK","og_type":"article","og_title":"V\u010cEL\u00cd CHODN\u00cdK v Botanickej z\u00e1hrade UPJ\u0160 - Matersk\u00e1 \u0161kola Univerzity Pavla Jozefa \u0160af\u00e1rika v Ko\u0161iciach","og_description":"Aj tento \u0161kolsk\u00fd rok sme nav\u0161t\u00edvili \u00a0Botanick\u00fa z\u00e1hradu UPJ\u0160.Deti ve\u013emi zaujal v\u010del\u00ed chodn\u00edk\u00a0, cestou sme obdivovali kvietky aj font\u00e1ny\u00a0.Na konci n\u00e1s \u010dakalo mil\u00e9 prekvapenie &#8211; zaja\u010diky\u00a0.Bol to n\u00e1u\u010dn\u00fd de\u0148, ktor\u00fd si deti u\u017eili.","og_url":"https:\/\/www.upjs.sk\/pracoviska\/materska-skola\/vceli-chodnik-v-botanickej-zahrade-upjs\/","og_site_name":"Matersk\u00e1 \u0161kola Univerzity Pavla Jozefa \u0160af\u00e1rika v Ko\u0161iciach","article_modified_time":"2026-05-04T13:41:21+00:00","twitter_card":"summary_large_image","twitter_misc":{"Predpokladan\u00fd \u010das \u010d\u00edtania":"1 min\u00fata"},"schema":{"@context":"https:\/\/schema.org","@graph":[{"@type":"WebPage","@id":"https:\/\/www.upjs.sk\/pracoviska\/materska-skola\/vceli-chodnik-v-botanickej-zahrade-upjs\/","url":"https:\/\/www.upjs.sk\/pracoviska\/materska-skola\/vceli-chodnik-v-botanickej-zahrade-upjs\/","name":"V\u010cEL\u00cd CHODN\u00cdK v Botanickej z\u00e1hrade UPJ\u0160 - Matersk\u00e1 \u0161kola Univerzity Pavla Jozefa \u0160af\u00e1rika v Ko\u0161iciach","isPartOf":{"@id":"https:\/\/www.upjs.sk\/pracoviska\/materska-skola\/#website"},"datePublished":"2026-05-04T13:40:43+00:00","dateModified":"2026-05-04T13:41:21+00:00","breadcrumb":{"@id":"https:\/\/www.upjs.sk\/pracoviska\/materska-skola\/vceli-chodnik-v-botanickej-zahrade-upjs\/#breadcrumb"},"inLanguage":"sk-SK","potentialAction":[{"@type":"ReadAction","target":["https:\/\/www.upjs.sk\/pracoviska\/materska-skola\/vceli-chodnik-v-botanickej-zahrade-upjs\/"]}]},{"@type":"BreadcrumbList","@id":"https:\/\/www.upjs.sk\/pracoviska\/materska-skola\/vceli-chodnik-v-botanickej-zahrade-upjs\/#breadcrumb","itemListElement":[{"@type":"ListItem","position":1,"name":"Home","item":"https:\/\/www.upjs.sk\/pracoviska\/materska-skola\/"},{"@type":"ListItem","position":2,"name":"V\u010cEL\u00cd CHODN\u00cdK v Botanickej z\u00e1hrade UPJ\u0160"}]},{"@type":"WebSite","@id":"https:\/\/www.upjs.sk\/pracoviska\/materska-skola\/#website","url":"https:\/\/www.upjs.sk\/pracoviska\/materska-skola\/","name":"Matersk\u00e1 \u0161kola Univerzity Pavla Jozefa \u0160af\u00e1rika v Ko\u0161iciach","description":"","publisher":{"@id":"https:\/\/www.upjs.sk\/pracoviska\/materska-skola\/#organization"},"potentialAction":[{"@type":"SearchAction","target":{"@type":"EntryPoint","urlTemplate":"https:\/\/www.upjs.sk\/pracoviska\/materska-skola\/?s={search_term_string}"},"query-input":{"@type":"PropertyValueSpecification","valueRequired":true,"valueName":"search_term_string"}}],"inLanguage":"sk-SK"},{"@type":"Organization","@id":"https:\/\/www.upjs.sk\/pracoviska\/materska-skola\/#organization","name":"Matersk\u00e1 \u0161kola Univerzity Pavla Jozefa \u0160af\u00e1rika v Ko\u0161iciach","url":"https:\/\/www.upjs.sk\/pracoviska\/materska-skola\/","logo":{"@type":"ImageObject","inLanguage":"sk-SK","@id":"https:\/\/www.upjs.sk\/pracoviska\/materska-skola\/#\/schema\/logo\/image\/","url":"https:\/\/www.upjs.sk\/app\/uploads\/sites\/26\/2025\/04\/cropped-Materska-skola-s-upjs-logo-OK-01.jpg","contentUrl":"https:\/\/www.upjs.sk\/app\/uploads\/sites\/26\/2025\/04\/cropped-Materska-skola-s-upjs-logo-OK-01.jpg","width":2082,"height":479,"caption":"Matersk\u00e1 \u0161kola Univerzity Pavla Jozefa \u0160af\u00e1rika v Ko\u0161iciach"},"image":{"@id":"https:\/\/www.upjs.sk\/pracoviska\/materska-skola\/#\/schema\/logo\/image\/"}}]}},"_links":{"self":[{"href":"https:\/\/www.upjs.sk\/pracoviska\/materska-skola\/wp-json\/wp\/v2\/pages\/15001","targetHints":{"allow":["GET"]}}],"collection":[{"href":"https:\/\/www.upjs.sk\/pracoviska\/materska-skola\/wp-json\/wp\/v2\/pages"}],"about":[{"href":"https:\/\/www.upjs.sk\/pracoviska\/materska-skola\/wp-json\/wp\/v2\/types\/page"}],"author":[{"embeddable":true,"href":"https:\/\/www.upjs.sk\/pracoviska\/materska-skola\/wp-json\/wp\/v2\/users\/16"}],"replies":[{"embeddable":true,"href":"https:\/\/www.upjs.sk\/pracoviska\/materska-skola\/wp-json\/wp\/v2\/comments?post=15001"}],"version-history":[{"count":2,"href":"https:\/\/www.upjs.sk\/pracoviska\/materska-skola\/wp-json\/wp\/v2\/pages\/15001\/revisions"}],"predecessor-version":[{"id":15011,"href":"https:\/\/www.upjs.sk\/pracoviska\/materska-skola\/wp-json\/wp\/v2\/pages\/15001\/revisions\/15011"}],"wp:attachment":[{"href":"https:\/\/www.upjs.sk\/pracoviska\/materska-skola\/wp-json\/wp\/v2\/media?parent=15001"}],"wp:term":[{"taxonomy":"category","embeddable":true,"href":"https:\/\/www.upjs.sk\/pracoviska\/materska-skola\/wp-json\/wp\/v2\/categories?post=15001"},{"taxonomy":"post_tag","embeddable":true,"href":"https:\/\/www.upjs.sk\/pracoviska\/materska-skola\/wp-json\/wp\/v2\/tags?post=15001"}],"curies":[{"name":"wp","href":"https:\/\/api.w.org\/{rel}","templated":true}]}}