{"id":13542,"date":"2016-09-11T18:24:31","date_gmt":"2016-09-11T18:24:31","guid":{"rendered":"https:\/\/www.upjs.sk\/pracoviska\/studentske-domovy-jedalne\/contact\/"},"modified":"2025-09-25T10:41:10","modified_gmt":"2025-09-25T10:41:10","slug":"contact","status":"publish","type":"page","link":"https:\/\/www.upjs.sk\/pracoviska\/studentske-domovy-jedalne\/en\/contact\/","title":{"rendered":"Contact"},"content":{"rendered":"<style>.kb-row-layout-id13542_015aa1-b8 > .kt-row-column-wrap{align-content:center;}:where(.kb-row-layout-id13542_015aa1-b8 > .kt-row-column-wrap) > .wp-block-kadence-column{justify-content:center;}.kb-row-layout-id13542_015aa1-b8 > .kt-row-column-wrap{column-gap:var(--global-kb-gap-md, 2rem);row-gap:var(--global-kb-gap-md, 2rem);grid-template-columns:minmax(0, calc(50% - ((var(--global-kb-gap-md, 2rem) * 1 )\/2)))minmax(0, calc(50% - ((var(--global-kb-gap-md, 2rem) * 1 )\/2)));}.kb-row-layout-id13542_015aa1-b8 > .kt-row-layout-overlay{opacity:0.30;}@media all and (max-width: 1024px){.kb-row-layout-id13542_015aa1-b8 > .kt-row-column-wrap{grid-template-columns:repeat(2, minmax(0, 1fr));}}@media all and (max-width: 767px){.kb-row-layout-id13542_015aa1-b8 > .kt-row-column-wrap{grid-template-columns:minmax(0, 1fr);}}<\/style><div class=\"kb-row-layout-wrap kb-row-layout-id13542_015aa1-b8 alignnone wp-block-kadence-rowlayout\"><div class=\"kt-row-column-wrap kt-has-2-columns kt-row-layout-equal kt-tab-layout-inherit kt-mobile-layout-row kt-row-valign-middle\">\n<style>.kadence-column13542_24db15-d0 > .kt-inside-inner-col,.kadence-column13542_24db15-d0 > .kt-inside-inner-col:before{border-top-left-radius:0px;border-top-right-radius:0px;border-bottom-right-radius:0px;border-bottom-left-radius:0px;}.kadence-column13542_24db15-d0 > .kt-inside-inner-col{column-gap:var(--global-kb-gap-sm, 1rem);}.kadence-column13542_24db15-d0 > .kt-inside-inner-col{flex-direction:column;}.kadence-column13542_24db15-d0 > .kt-inside-inner-col > .aligncenter{width:100%;}.kadence-column13542_24db15-d0 > .kt-inside-inner-col:before{opacity:0.3;}.kadence-column13542_24db15-d0{position:relative;}@media all and (max-width: 1024px){.kadence-column13542_24db15-d0 > .kt-inside-inner-col{flex-direction:column;justify-content:center;}}@media all and (max-width: 767px){.kadence-column13542_24db15-d0 > .kt-inside-inner-col{flex-direction:column;justify-content:center;}}<\/style>\n<div class=\"wp-block-kadence-column kadence-column13542_24db15-d0\"><div class=\"kt-inside-inner-col\">\n<p><strong><mark style=\"background-color:rgba(0, 0, 0, 0)\" class=\"has-inline-color has-zakladna-modra-color\">Director<\/mark><mark style=\"background-color:rgba(0, 0, 0, 0)\" class=\"has-inline-color has-zakladna-zlata-color\">  \u0160DaJ UPJ\u0160 v Ko\u0161iciach<\/mark><mark style=\"background-color:rgba(0, 0, 0, 0)\" class=\"has-inline-color has-zakladna-modra-color\"><br>Ing. Jozef Maligda<\/mark><\/strong><br>E-mail: <a class=\"ek-link\" href=\"mailto:jozef.maligda@upjs.sk\">jozef.maligda@upjs.sk<\/a><br>Tel: 055 234 1680<br>Fax:\u00a0(+421 55) 643 1683<\/p>\n<\/div><\/div>\n\n\n<style>.kadence-column13542_160920-1b > .kt-inside-inner-col,.kadence-column13542_160920-1b > .kt-inside-inner-col:before{border-top-left-radius:0px;border-top-right-radius:0px;border-bottom-right-radius:0px;border-bottom-left-radius:0px;}.kadence-column13542_160920-1b > .kt-inside-inner-col{column-gap:var(--global-kb-gap-sm, 1rem);}.kadence-column13542_160920-1b > .kt-inside-inner-col{flex-direction:column;}.kadence-column13542_160920-1b > .kt-inside-inner-col > .aligncenter{width:100%;}.kadence-column13542_160920-1b > .kt-inside-inner-col:before{opacity:0.3;}.kadence-column13542_160920-1b{position:relative;}@media all and (max-width: 1024px){.kadence-column13542_160920-1b > .kt-inside-inner-col{flex-direction:column;justify-content:center;}}@media all and (max-width: 767px){.kadence-column13542_160920-1b > .kt-inside-inner-col{flex-direction:column;justify-content:center;}}<\/style>\n<div class=\"wp-block-kadence-column kadence-column13542_160920-1b\"><div class=\"kt-inside-inner-col\"><style>.kb-image13542_e0c44f-1b.kb-image-is-ratio-size, .kb-image13542_e0c44f-1b .kb-image-is-ratio-size{max-width:318px;width:100%;}.wp-block-kadence-column > .kt-inside-inner-col > .kb-image13542_e0c44f-1b.kb-image-is-ratio-size, .wp-block-kadence-column > .kt-inside-inner-col > .kb-image13542_e0c44f-1b .kb-image-is-ratio-size{align-self:unset;}.kb-image13542_e0c44f-1b figure{max-width:318px;}.kb-image13542_e0c44f-1b .image-is-svg, .kb-image13542_e0c44f-1b .image-is-svg img{width:100%;}.kb-image13542_e0c44f-1b .kb-image-has-overlay:after{opacity:0.3;}<\/style>\n<div class=\"wp-block-kadence-image kb-image13542_e0c44f-1b\"><figure class=\"aligncenter size-full\"><a href=\"https:\/\/upjs-kosice.tematickemapy.sk\/prezentacia\/index.html\" class=\"kb-advanced-image-link\" target=\"_blank\" rel=\"noopener noreferrer\"><img decoding=\"async\" src=\"https:\/\/www.upjs.sk\/app\/uploads\/2022\/07\/VirtualnaPrehliadka.jpg\" alt=\"\" class=\"kb-img wp-image-199\"\/><\/a><\/figure><\/div>\n<\/div><\/div>\n\n<\/div><\/div>\n\n\n<p><br><strong>Address:<\/strong><br>Halls of Residence and Students&#8217; Canteen<br>Medick\u00e1 Street\u00a0 4, 6<br>040 11 Ko\u0161ice<br>Phone: (+421 55) 643 1689<br>IP: 055 234 1684 <span style=\"font-size: xx-small;\">(Medick\u00e1 6)<\/span><\/p>\n\n\n\n<p><strong>Students&#8217; canteen manager:<\/strong><br>Iveta Adam\u010d\u00edkov\u00e1<br>Phone: (+421 55) 643 4384<\/p>\n\n\n\n<p><strong>Halls of Residence<\/strong><br><strong><mark style=\"background-color:rgba(0, 0, 0, 0)\" class=\"has-inline-color has-zakladna-zlata-color\">Popradsk\u00e1 Street 66,<\/mark><\/strong> 040 11 Ko\u0161ice<br>Facility manager: M\u00e1ria T\u00f3thov\u00e1<\/p>\n\n\n\n<p><strong><mark style=\"background-color:rgba(0, 0, 0, 0)\" class=\"has-inline-color has-zakladna-zlata-color\">Popradsk\u00e1 Street 76,<\/mark><\/strong> 040 11 Ko\u0161ice<br>Facility manager:\u00a0Dagmar \u0160imkaninov\u00e1<br>Phone: (+421 55) 622 74 21<\/p>\n\n\n\n<p><\/p>\n","protected":false},"excerpt":{"rendered":"<p>Director \u0160DaJ UPJ\u0160 v Ko\u0161iciachIng. Jozef MaligdaE-mail: jozef.maligda@upjs.skTel: 055 234 1680Fax:\u00a0(+421 55) 643 1683 Address:Halls of Residence and Students&#8217; CanteenMedick\u00e1 Street\u00a0 4, 6040 11 Ko\u0161icePhone: (+421 55) 643 1689IP: 055 234 1684 (Medick\u00e1 6) Students&#8217; canteen manager:Iveta Adam\u010d\u00edkov\u00e1Phone: (+421 55) 643 4384 Halls of ResidencePopradsk\u00e1 Street 66, 040 11 Ko\u0161iceFacility manager: M\u00e1ria T\u00f3thov\u00e1 Popradsk\u00e1 Street &hellip; <a href=\"https:\/\/www.upjs.sk\/pracoviska\/studentske-domovy-jedalne\/en\/contact\/\">Continued<\/a><\/p>\n","protected":false},"author":1,"featured_media":0,"parent":0,"menu_order":1,"comment_status":"closed","ping_status":"closed","template":"","meta":{"_acf_changed":false,"_editorskit_title_hidden":false,"_editorskit_reading_time":0,"_editorskit_is_block_options_detached":false,"_editorskit_block_options_position":"{}","footnotes":""},"categories":[],"tags":[],"class_list":["post-13542","page","type-page","status-publish","hentry"],"acf":{"acf_link_na_externy_obsah":""},"yoast_head":"<!-- This site is optimized with the Yoast SEO plugin v27.4 - https:\/\/yoast.com\/product\/yoast-seo-wordpress\/ -->\n<title>Contact - Student Hostel and Canteen | UPJ\u0160<\/title>\n<meta name=\"robots\" content=\"index, follow, max-snippet:-1, max-image-preview:large, max-video-preview:-1\" \/>\n<link rel=\"canonical\" href=\"https:\/\/www.upjs.sk\/pracoviska\/studentske-domovy-jedalne\/en\/contact\/\" \/>\n<meta property=\"og:locale\" content=\"en_US\" \/>\n<meta property=\"og:type\" content=\"article\" \/>\n<meta property=\"og:title\" content=\"Contact - Student Hostel and Canteen | UPJ\u0160\" \/>\n<meta property=\"og:description\" content=\"Director \u0160DaJ UPJ\u0160 v Ko\u0161iciachIng. Jozef MaligdaE-mail: jozef.maligda@upjs.skTel: 055 234 1680Fax:\u00a0(+421 55) 643 1683 Address:Halls of Residence and Students&#8217; CanteenMedick\u00e1 Street\u00a0 4, 6040 11 Ko\u0161icePhone: (+421 55) 643 1689IP: 055 234 1684 (Medick\u00e1 6) Students&#8217; canteen manager:Iveta Adam\u010d\u00edkov\u00e1Phone: (+421 55) 643 4384 Halls of ResidencePopradsk\u00e1 Street 66, 040 11 Ko\u0161iceFacility manager: M\u00e1ria T\u00f3thov\u00e1 Popradsk\u00e1 Street &hellip; Continued\" \/>\n<meta property=\"og:url\" content=\"https:\/\/www.upjs.sk\/pracoviska\/studentske-domovy-jedalne\/en\/contact\/\" \/>\n<meta property=\"og:site_name\" content=\"Student Hostel and Canteen | UPJ\u0160\" \/>\n<meta property=\"article:modified_time\" content=\"2025-09-25T10:41:10+00:00\" \/>\n<meta property=\"og:image\" content=\"https:\/\/www.upjs.sk\/app\/uploads\/2022\/07\/VirtualnaPrehliadka.jpg\" \/>\n<meta name=\"twitter:card\" content=\"summary_large_image\" \/>\n<meta name=\"twitter:label1\" content=\"Est. reading time\" \/>\n\t<meta name=\"twitter:data1\" content=\"1 minute\" \/>\n<script type=\"application\/ld+json\" class=\"yoast-schema-graph\">{\"@context\":\"https:\\\/\\\/schema.org\",\"@graph\":[{\"@type\":\"WebPage\",\"@id\":\"https:\\\/\\\/www.upjs.sk\\\/pracoviska\\\/studentske-domovy-jedalne\\\/en\\\/contact\\\/\",\"url\":\"https:\\\/\\\/www.upjs.sk\\\/pracoviska\\\/studentske-domovy-jedalne\\\/en\\\/contact\\\/\",\"name\":\"Contact - Student Hostel and Canteen | UPJ\u0160\",\"isPartOf\":{\"@id\":\"https:\\\/\\\/www.upjs.sk\\\/pracoviska\\\/studentske-domovy-jedalne\\\/en\\\/#website\"},\"primaryImageOfPage\":{\"@id\":\"https:\\\/\\\/www.upjs.sk\\\/pracoviska\\\/studentske-domovy-jedalne\\\/en\\\/contact\\\/#primaryimage\"},\"image\":{\"@id\":\"https:\\\/\\\/www.upjs.sk\\\/pracoviska\\\/studentske-domovy-jedalne\\\/en\\\/contact\\\/#primaryimage\"},\"thumbnailUrl\":\"https:\\\/\\\/www.upjs.sk\\\/app\\\/uploads\\\/2022\\\/07\\\/VirtualnaPrehliadka.jpg\",\"datePublished\":\"2016-09-11T18:24:31+00:00\",\"dateModified\":\"2025-09-25T10:41:10+00:00\",\"breadcrumb\":{\"@id\":\"https:\\\/\\\/www.upjs.sk\\\/pracoviska\\\/studentske-domovy-jedalne\\\/en\\\/contact\\\/#breadcrumb\"},\"inLanguage\":\"en-US\",\"potentialAction\":[{\"@type\":\"ReadAction\",\"target\":[\"https:\\\/\\\/www.upjs.sk\\\/pracoviska\\\/studentske-domovy-jedalne\\\/en\\\/contact\\\/\"]}]},{\"@type\":\"ImageObject\",\"inLanguage\":\"en-US\",\"@id\":\"https:\\\/\\\/www.upjs.sk\\\/pracoviska\\\/studentske-domovy-jedalne\\\/en\\\/contact\\\/#primaryimage\",\"url\":\"https:\\\/\\\/www.upjs.sk\\\/app\\\/uploads\\\/2022\\\/07\\\/VirtualnaPrehliadka.jpg\",\"contentUrl\":\"https:\\\/\\\/www.upjs.sk\\\/app\\\/uploads\\\/2022\\\/07\\\/VirtualnaPrehliadka.jpg\"},{\"@type\":\"BreadcrumbList\",\"@id\":\"https:\\\/\\\/www.upjs.sk\\\/pracoviska\\\/studentske-domovy-jedalne\\\/en\\\/contact\\\/#breadcrumb\",\"itemListElement\":[{\"@type\":\"ListItem\",\"position\":1,\"name\":\"Home\",\"item\":\"https:\\\/\\\/www.upjs.sk\\\/pracoviska\\\/studentske-domovy-jedalne\\\/en\\\/\"},{\"@type\":\"ListItem\",\"position\":2,\"name\":\"Contact\"}]},{\"@type\":\"WebSite\",\"@id\":\"https:\\\/\\\/www.upjs.sk\\\/pracoviska\\\/studentske-domovy-jedalne\\\/en\\\/#website\",\"url\":\"https:\\\/\\\/www.upjs.sk\\\/pracoviska\\\/studentske-domovy-jedalne\\\/en\\\/\",\"name\":\"Student Hostel and Canteen | UPJ\u0160\",\"description\":\"\",\"publisher\":{\"@id\":\"https:\\\/\\\/www.upjs.sk\\\/pracoviska\\\/studentske-domovy-jedalne\\\/en\\\/#organization\"},\"potentialAction\":[{\"@type\":\"SearchAction\",\"target\":{\"@type\":\"EntryPoint\",\"urlTemplate\":\"https:\\\/\\\/www.upjs.sk\\\/pracoviska\\\/studentske-domovy-jedalne\\\/en\\\/?s={search_term_string}\"},\"query-input\":{\"@type\":\"PropertyValueSpecification\",\"valueRequired\":true,\"valueName\":\"search_term_string\"}}],\"inLanguage\":\"en-US\"},{\"@type\":\"Organization\",\"@id\":\"https:\\\/\\\/www.upjs.sk\\\/pracoviska\\\/studentske-domovy-jedalne\\\/en\\\/#organization\",\"name\":\"Student Hostel and Canteen | UPJ\u0160\",\"url\":\"https:\\\/\\\/www.upjs.sk\\\/pracoviska\\\/studentske-domovy-jedalne\\\/en\\\/\",\"logo\":{\"@type\":\"ImageObject\",\"inLanguage\":\"en-US\",\"@id\":\"https:\\\/\\\/www.upjs.sk\\\/pracoviska\\\/studentske-domovy-jedalne\\\/en\\\/#\\\/schema\\\/logo\\\/image\\\/\",\"url\":\"https:\\\/\\\/www.upjs.sk\\\/app\\\/uploads\\\/sites\\\/18\\\/2023\\\/01\\\/SDAJ_ENG.svg\",\"contentUrl\":\"https:\\\/\\\/www.upjs.sk\\\/app\\\/uploads\\\/sites\\\/18\\\/2023\\\/01\\\/SDAJ_ENG.svg\",\"width\":500,\"height\":138,\"caption\":\"Student Hostel and Canteen | UPJ\u0160\"},\"image\":{\"@id\":\"https:\\\/\\\/www.upjs.sk\\\/pracoviska\\\/studentske-domovy-jedalne\\\/en\\\/#\\\/schema\\\/logo\\\/image\\\/\"}}]}<\/script>\n<!-- \/ Yoast SEO plugin. -->","yoast_head_json":{"title":"Contact - Student Hostel and Canteen | UPJ\u0160","robots":{"index":"index","follow":"follow","max-snippet":"max-snippet:-1","max-image-preview":"max-image-preview:large","max-video-preview":"max-video-preview:-1"},"canonical":"https:\/\/www.upjs.sk\/pracoviska\/studentske-domovy-jedalne\/en\/contact\/","og_locale":"en_US","og_type":"article","og_title":"Contact - Student Hostel and Canteen | UPJ\u0160","og_description":"Director \u0160DaJ UPJ\u0160 v Ko\u0161iciachIng. Jozef MaligdaE-mail: jozef.maligda@upjs.skTel: 055 234 1680Fax:\u00a0(+421 55) 643 1683 Address:Halls of Residence and Students&#8217; CanteenMedick\u00e1 Street\u00a0 4, 6040 11 Ko\u0161icePhone: (+421 55) 643 1689IP: 055 234 1684 (Medick\u00e1 6) Students&#8217; canteen manager:Iveta Adam\u010d\u00edkov\u00e1Phone: (+421 55) 643 4384 Halls of ResidencePopradsk\u00e1 Street 66, 040 11 Ko\u0161iceFacility manager: M\u00e1ria T\u00f3thov\u00e1 Popradsk\u00e1 Street &hellip; Continued","og_url":"https:\/\/www.upjs.sk\/pracoviska\/studentske-domovy-jedalne\/en\/contact\/","og_site_name":"Student Hostel and Canteen | UPJ\u0160","article_modified_time":"2025-09-25T10:41:10+00:00","og_image":[{"url":"https:\/\/www.upjs.sk\/app\/uploads\/2022\/07\/VirtualnaPrehliadka.jpg","type":"","width":"","height":""}],"twitter_card":"summary_large_image","twitter_misc":{"Est. reading time":"1 minute"},"schema":{"@context":"https:\/\/schema.org","@graph":[{"@type":"WebPage","@id":"https:\/\/www.upjs.sk\/pracoviska\/studentske-domovy-jedalne\/en\/contact\/","url":"https:\/\/www.upjs.sk\/pracoviska\/studentske-domovy-jedalne\/en\/contact\/","name":"Contact - Student Hostel and Canteen | UPJ\u0160","isPartOf":{"@id":"https:\/\/www.upjs.sk\/pracoviska\/studentske-domovy-jedalne\/en\/#website"},"primaryImageOfPage":{"@id":"https:\/\/www.upjs.sk\/pracoviska\/studentske-domovy-jedalne\/en\/contact\/#primaryimage"},"image":{"@id":"https:\/\/www.upjs.sk\/pracoviska\/studentske-domovy-jedalne\/en\/contact\/#primaryimage"},"thumbnailUrl":"https:\/\/www.upjs.sk\/app\/uploads\/2022\/07\/VirtualnaPrehliadka.jpg","datePublished":"2016-09-11T18:24:31+00:00","dateModified":"2025-09-25T10:41:10+00:00","breadcrumb":{"@id":"https:\/\/www.upjs.sk\/pracoviska\/studentske-domovy-jedalne\/en\/contact\/#breadcrumb"},"inLanguage":"en-US","potentialAction":[{"@type":"ReadAction","target":["https:\/\/www.upjs.sk\/pracoviska\/studentske-domovy-jedalne\/en\/contact\/"]}]},{"@type":"ImageObject","inLanguage":"en-US","@id":"https:\/\/www.upjs.sk\/pracoviska\/studentske-domovy-jedalne\/en\/contact\/#primaryimage","url":"https:\/\/www.upjs.sk\/app\/uploads\/2022\/07\/VirtualnaPrehliadka.jpg","contentUrl":"https:\/\/www.upjs.sk\/app\/uploads\/2022\/07\/VirtualnaPrehliadka.jpg"},{"@type":"BreadcrumbList","@id":"https:\/\/www.upjs.sk\/pracoviska\/studentske-domovy-jedalne\/en\/contact\/#breadcrumb","itemListElement":[{"@type":"ListItem","position":1,"name":"Home","item":"https:\/\/www.upjs.sk\/pracoviska\/studentske-domovy-jedalne\/en\/"},{"@type":"ListItem","position":2,"name":"Contact"}]},{"@type":"WebSite","@id":"https:\/\/www.upjs.sk\/pracoviska\/studentske-domovy-jedalne\/en\/#website","url":"https:\/\/www.upjs.sk\/pracoviska\/studentske-domovy-jedalne\/en\/","name":"Student Hostel and Canteen | UPJ\u0160","description":"","publisher":{"@id":"https:\/\/www.upjs.sk\/pracoviska\/studentske-domovy-jedalne\/en\/#organization"},"potentialAction":[{"@type":"SearchAction","target":{"@type":"EntryPoint","urlTemplate":"https:\/\/www.upjs.sk\/pracoviska\/studentske-domovy-jedalne\/en\/?s={search_term_string}"},"query-input":{"@type":"PropertyValueSpecification","valueRequired":true,"valueName":"search_term_string"}}],"inLanguage":"en-US"},{"@type":"Organization","@id":"https:\/\/www.upjs.sk\/pracoviska\/studentske-domovy-jedalne\/en\/#organization","name":"Student Hostel and Canteen | UPJ\u0160","url":"https:\/\/www.upjs.sk\/pracoviska\/studentske-domovy-jedalne\/en\/","logo":{"@type":"ImageObject","inLanguage":"en-US","@id":"https:\/\/www.upjs.sk\/pracoviska\/studentske-domovy-jedalne\/en\/#\/schema\/logo\/image\/","url":"https:\/\/www.upjs.sk\/app\/uploads\/sites\/18\/2023\/01\/SDAJ_ENG.svg","contentUrl":"https:\/\/www.upjs.sk\/app\/uploads\/sites\/18\/2023\/01\/SDAJ_ENG.svg","width":500,"height":138,"caption":"Student Hostel and Canteen | UPJ\u0160"},"image":{"@id":"https:\/\/www.upjs.sk\/pracoviska\/studentske-domovy-jedalne\/en\/#\/schema\/logo\/image\/"}}]}},"_links":{"self":[{"href":"https:\/\/www.upjs.sk\/pracoviska\/studentske-domovy-jedalne\/en\/wp-json\/wp\/v2\/pages\/13542","targetHints":{"allow":["GET"]}}],"collection":[{"href":"https:\/\/www.upjs.sk\/pracoviska\/studentske-domovy-jedalne\/en\/wp-json\/wp\/v2\/pages"}],"about":[{"href":"https:\/\/www.upjs.sk\/pracoviska\/studentske-domovy-jedalne\/en\/wp-json\/wp\/v2\/types\/page"}],"author":[{"embeddable":true,"href":"https:\/\/www.upjs.sk\/pracoviska\/studentske-domovy-jedalne\/en\/wp-json\/wp\/v2\/users\/1"}],"replies":[{"embeddable":true,"href":"https:\/\/www.upjs.sk\/pracoviska\/studentske-domovy-jedalne\/en\/wp-json\/wp\/v2\/comments?post=13542"}],"version-history":[{"count":7,"href":"https:\/\/www.upjs.sk\/pracoviska\/studentske-domovy-jedalne\/en\/wp-json\/wp\/v2\/pages\/13542\/revisions"}],"predecessor-version":[{"id":14338,"href":"https:\/\/www.upjs.sk\/pracoviska\/studentske-domovy-jedalne\/en\/wp-json\/wp\/v2\/pages\/13542\/revisions\/14338"}],"wp:attachment":[{"href":"https:\/\/www.upjs.sk\/pracoviska\/studentske-domovy-jedalne\/en\/wp-json\/wp\/v2\/media?parent=13542"}],"wp:term":[{"taxonomy":"category","embeddable":true,"href":"https:\/\/www.upjs.sk\/pracoviska\/studentske-domovy-jedalne\/en\/wp-json\/wp\/v2\/categories?post=13542"},{"taxonomy":"post_tag","embeddable":true,"href":"https:\/\/www.upjs.sk\/pracoviska\/studentske-domovy-jedalne\/en\/wp-json\/wp\/v2\/tags?post=13542"}],"curies":[{"name":"wp","href":"https:\/\/api.w.org\/{rel}","templated":true}]}}