{"id":13734,"date":"2023-05-11T12:59:43","date_gmt":"2023-05-11T12:59:43","guid":{"rendered":"https:\/\/www.upjs.sk\/pracoviska\/studentske-domovy-jedalne\/?page_id=13734"},"modified":"2025-04-09T05:42:37","modified_gmt":"2025-04-09T05:42:37","slug":"sitemap","status":"publish","type":"page","link":"https:\/\/www.upjs.sk\/pracoviska\/studentske-domovy-jedalne\/en\/sitemap\/","title":{"rendered":"Sitemap"},"content":{"rendered":"<div class=\"accordion-section\">\r\n      <h2 class=\"accordion-header mt-5 mb-1\">\r\n        Pages\r\n        <span class=\"accordion-icon\">+<\/span>\r\n      <\/h2>\r\n      <div class=\"accordion-content\">\r\n                    <ul><li><a href=\"https:\/\/www.upjs.sk\/pracoviska\/studentske-domovy-jedalne\/en\/accommodation\/\">Accommodation<\/a><ul><li><a href=\"https:\/\/www.upjs.sk\/pracoviska\/studentske-domovy-jedalne\/en\/accommodation\/registracia\/\">Registration<\/a><\/li><li><a href=\"https:\/\/www.upjs.sk\/pracoviska\/studentske-domovy-jedalne\/en\/accommodation\/accomodation-regulations\/\">Accomodation regulations and rules<\/a><\/li><\/ul><\/li><li><a href=\"https:\/\/www.upjs.sk\/pracoviska\/studentske-domovy-jedalne\/en\/contact\/\">Contact<\/a><\/li><li><a href=\"https:\/\/www.upjs.sk\/pracoviska\/studentske-domovy-jedalne\/en\/poplatky\/\">Poplatky<\/a><\/li><li><a href=\"https:\/\/www.upjs.sk\/pracoviska\/studentske-domovy-jedalne\/en\/buddy-program\/\">Buddy program<\/a><\/li><li><a href=\"https:\/\/www.upjs.sk\/pracoviska\/studentske-domovy-jedalne\/en\/koho-poziadat-pomoct\/\">Koho po\u017eiada\u0165 o pomoc?<\/a><\/li><li><a href=\"https:\/\/www.upjs.sk\/pracoviska\/studentske-domovy-jedalne\/en\/sitemap\/\">Sitemap<\/a><\/li><\/ul>              <\/div>\r\n    <\/div>\r\n        <div class=\"accordion-section\">\r\n      <h2 class=\"accordion-header mt-5 mb-1\">\r\n        News\r\n        <span class=\"accordion-icon\">+<\/span>\r\n      <\/h2>\r\n      <div class=\"accordion-content\">\r\n                    <ul class=\"mt-2\">\r\n                                    <li>\r\n                        <a href=\"https:\/\/www.upjs.sk\/pracoviska\/studentske-domovy-jedalne\/en\/actuality\/26437-2\/\">Current measures for the summer semester of the 2021\/2022 academic year effective from February 1, 2022<\/a>\r\n                    <\/li>\r\n                                    <li>\r\n                        <a href=\"https:\/\/www.upjs.sk\/pracoviska\/studentske-domovy-jedalne\/en\/actuality\/the-ordering-meals-in-canteen-faculty-of-medicine\/\">The ordering meals in Canteen, Faculty of Medicine<\/a>\r\n                    <\/li>\r\n                                    <li>\r\n                        <a href=\"https:\/\/www.upjs.sk\/pracoviska\/studentske-domovy-jedalne\/en\/actuality\/24209-2\/\">Winter semester of the Academic year &#8211; actual information<\/a>\r\n                    <\/li>\r\n                            <\/ul>\r\n              <\/div>\r\n    <\/div>\r\n\r\n\r\n\r\n<style type=\"text\/css\">\r\n    .content-single-content{\r\n        margin-top: 2em;\r\n    }\r\n    .content-single ul,\r\n    .content-single ul ul {\r\n    margin: inherit;\r\n    }\r\n    .accordion-header {\r\n    cursor: pointer;\r\n    background: #f1f1f1;\r\n    padding: 10px;\r\n    margin: 0;\r\n    transition: background 0.3s;\r\n    display: flex;\r\n    justify-content: space-between;\r\n    align-items: center;\r\n    }\r\n    .accordion-header:hover {\r\n    background: #e2e2e2;\r\n    }\r\n    .accordion-icon {\r\n    font-weight: bold;\r\n    margin-left: 10px;\r\n    }\r\n    .accordion-content {\r\n    overflow: hidden;\r\n    max-height: 0;\r\n    transition: max-height 0.35s ease;\r\n    }\r\n    .accordion-content ul,\r\n    .accordion-content ul ul {\r\n    margin: inherit;\r\n    }\r\n<\/style>\r\n\r\n<script>\r\n    document.addEventListener('DOMContentLoaded', function () {\r\n    const headers = document.querySelectorAll('.accordion-header');\r\n    \r\n    headers.forEach(header => {\r\n        header.addEventListener('click', function() {\r\n        \/\/ Zatvor\u00edme v\u0161etky otvoren\u00e9 sekcie okrem aktu\u00e1lnej\r\n        document.querySelectorAll('.accordion-content.active').forEach(content => {\r\n            if (content !== header.nextElementSibling) {\r\n            content.style.maxHeight = null;\r\n            content.classList.remove('active');\r\n            const otherHeader = content.previousElementSibling;\r\n            if (otherHeader) {\r\n                const otherIcon = otherHeader.querySelector('.accordion-icon');\r\n                if(otherIcon) {\r\n                otherIcon.textContent = '+';\r\n                }\r\n            }\r\n            }\r\n        });\r\n        \r\n        const content = header.nextElementSibling;\r\n        const icon = header.querySelector('.accordion-icon');\r\n        \/\/ Prepnutie aktu\u00e1lnej sekcie\r\n        if (content.classList.contains('active')) {\r\n            content.style.maxHeight = null;\r\n            content.classList.remove('active');\r\n            if (icon) {\r\n                icon.textContent = '+';\r\n            }\r\n        } else {\r\n            content.style.maxHeight = content.scrollHeight + 'px';\r\n            content.classList.add('active');\r\n            if (icon) {\r\n                icon.textContent = '-';\r\n            }\r\n        }\r\n        });\r\n    });\r\n    });\r\n<\/script>\r\n    \r\n","protected":false},"excerpt":{"rendered":"","protected":false},"author":14,"featured_media":0,"parent":0,"menu_order":6,"comment_status":"closed","ping_status":"closed","template":"","meta":{"_acf_changed":false,"_editorskit_title_hidden":false,"_editorskit_reading_time":1,"_editorskit_is_block_options_detached":false,"_editorskit_block_options_position":"{}","footnotes":""},"categories":[],"tags":[],"class_list":["post-13734","page","type-page","status-publish","hentry"],"acf":{"acf_link_na_externy_obsah":""},"yoast_head":"<!-- This site is optimized with the Yoast SEO plugin v27.4 - https:\/\/yoast.com\/product\/yoast-seo-wordpress\/ -->\n<title>Sitemap - Student Hostel and Canteen | UPJ\u0160<\/title>\n<meta name=\"robots\" content=\"index, follow, max-snippet:-1, max-image-preview:large, max-video-preview:-1\" \/>\n<link rel=\"canonical\" href=\"https:\/\/www.upjs.sk\/pracoviska\/studentske-domovy-jedalne\/en\/sitemap\/\" \/>\n<meta property=\"og:locale\" content=\"en_US\" \/>\n<meta property=\"og:type\" content=\"article\" \/>\n<meta property=\"og:title\" content=\"Sitemap - Student Hostel and Canteen | UPJ\u0160\" \/>\n<meta property=\"og:url\" content=\"https:\/\/www.upjs.sk\/pracoviska\/studentske-domovy-jedalne\/en\/sitemap\/\" \/>\n<meta property=\"og:site_name\" content=\"Student Hostel and Canteen | UPJ\u0160\" \/>\n<meta property=\"article:modified_time\" content=\"2025-04-09T05:42:37+00:00\" \/>\n<meta name=\"twitter:card\" content=\"summary_large_image\" \/>\n<script type=\"application\/ld+json\" class=\"yoast-schema-graph\">{\"@context\":\"https:\\\/\\\/schema.org\",\"@graph\":[{\"@type\":\"WebPage\",\"@id\":\"https:\\\/\\\/www.upjs.sk\\\/pracoviska\\\/studentske-domovy-jedalne\\\/en\\\/sitemap\\\/\",\"url\":\"https:\\\/\\\/www.upjs.sk\\\/pracoviska\\\/studentske-domovy-jedalne\\\/en\\\/sitemap\\\/\",\"name\":\"Sitemap - Student Hostel and Canteen | UPJ\u0160\",\"isPartOf\":{\"@id\":\"https:\\\/\\\/www.upjs.sk\\\/pracoviska\\\/studentske-domovy-jedalne\\\/en\\\/#website\"},\"datePublished\":\"2023-05-11T12:59:43+00:00\",\"dateModified\":\"2025-04-09T05:42:37+00:00\",\"breadcrumb\":{\"@id\":\"https:\\\/\\\/www.upjs.sk\\\/pracoviska\\\/studentske-domovy-jedalne\\\/en\\\/sitemap\\\/#breadcrumb\"},\"inLanguage\":\"en-US\",\"potentialAction\":[{\"@type\":\"ReadAction\",\"target\":[\"https:\\\/\\\/www.upjs.sk\\\/pracoviska\\\/studentske-domovy-jedalne\\\/en\\\/sitemap\\\/\"]}]},{\"@type\":\"BreadcrumbList\",\"@id\":\"https:\\\/\\\/www.upjs.sk\\\/pracoviska\\\/studentske-domovy-jedalne\\\/en\\\/sitemap\\\/#breadcrumb\",\"itemListElement\":[{\"@type\":\"ListItem\",\"position\":1,\"name\":\"Home\",\"item\":\"https:\\\/\\\/www.upjs.sk\\\/pracoviska\\\/studentske-domovy-jedalne\\\/en\\\/\"},{\"@type\":\"ListItem\",\"position\":2,\"name\":\"Sitemap\"}]},{\"@type\":\"WebSite\",\"@id\":\"https:\\\/\\\/www.upjs.sk\\\/pracoviska\\\/studentske-domovy-jedalne\\\/en\\\/#website\",\"url\":\"https:\\\/\\\/www.upjs.sk\\\/pracoviska\\\/studentske-domovy-jedalne\\\/en\\\/\",\"name\":\"Student Hostel and Canteen | UPJ\u0160\",\"description\":\"\",\"publisher\":{\"@id\":\"https:\\\/\\\/www.upjs.sk\\\/pracoviska\\\/studentske-domovy-jedalne\\\/en\\\/#organization\"},\"potentialAction\":[{\"@type\":\"SearchAction\",\"target\":{\"@type\":\"EntryPoint\",\"urlTemplate\":\"https:\\\/\\\/www.upjs.sk\\\/pracoviska\\\/studentske-domovy-jedalne\\\/en\\\/?s={search_term_string}\"},\"query-input\":{\"@type\":\"PropertyValueSpecification\",\"valueRequired\":true,\"valueName\":\"search_term_string\"}}],\"inLanguage\":\"en-US\"},{\"@type\":\"Organization\",\"@id\":\"https:\\\/\\\/www.upjs.sk\\\/pracoviska\\\/studentske-domovy-jedalne\\\/en\\\/#organization\",\"name\":\"Student Hostel and Canteen | UPJ\u0160\",\"url\":\"https:\\\/\\\/www.upjs.sk\\\/pracoviska\\\/studentske-domovy-jedalne\\\/en\\\/\",\"logo\":{\"@type\":\"ImageObject\",\"inLanguage\":\"en-US\",\"@id\":\"https:\\\/\\\/www.upjs.sk\\\/pracoviska\\\/studentske-domovy-jedalne\\\/en\\\/#\\\/schema\\\/logo\\\/image\\\/\",\"url\":\"https:\\\/\\\/www.upjs.sk\\\/app\\\/uploads\\\/sites\\\/18\\\/2023\\\/01\\\/SDAJ_ENG.svg\",\"contentUrl\":\"https:\\\/\\\/www.upjs.sk\\\/app\\\/uploads\\\/sites\\\/18\\\/2023\\\/01\\\/SDAJ_ENG.svg\",\"width\":500,\"height\":138,\"caption\":\"Student Hostel and Canteen | UPJ\u0160\"},\"image\":{\"@id\":\"https:\\\/\\\/www.upjs.sk\\\/pracoviska\\\/studentske-domovy-jedalne\\\/en\\\/#\\\/schema\\\/logo\\\/image\\\/\"}}]}<\/script>\n<!-- \/ Yoast SEO plugin. -->","yoast_head_json":{"title":"Sitemap - Student Hostel and Canteen | UPJ\u0160","robots":{"index":"index","follow":"follow","max-snippet":"max-snippet:-1","max-image-preview":"max-image-preview:large","max-video-preview":"max-video-preview:-1"},"canonical":"https:\/\/www.upjs.sk\/pracoviska\/studentske-domovy-jedalne\/en\/sitemap\/","og_locale":"en_US","og_type":"article","og_title":"Sitemap - Student Hostel and Canteen | UPJ\u0160","og_url":"https:\/\/www.upjs.sk\/pracoviska\/studentske-domovy-jedalne\/en\/sitemap\/","og_site_name":"Student Hostel and Canteen | UPJ\u0160","article_modified_time":"2025-04-09T05:42:37+00:00","twitter_card":"summary_large_image","schema":{"@context":"https:\/\/schema.org","@graph":[{"@type":"WebPage","@id":"https:\/\/www.upjs.sk\/pracoviska\/studentske-domovy-jedalne\/en\/sitemap\/","url":"https:\/\/www.upjs.sk\/pracoviska\/studentske-domovy-jedalne\/en\/sitemap\/","name":"Sitemap - Student Hostel and Canteen | UPJ\u0160","isPartOf":{"@id":"https:\/\/www.upjs.sk\/pracoviska\/studentske-domovy-jedalne\/en\/#website"},"datePublished":"2023-05-11T12:59:43+00:00","dateModified":"2025-04-09T05:42:37+00:00","breadcrumb":{"@id":"https:\/\/www.upjs.sk\/pracoviska\/studentske-domovy-jedalne\/en\/sitemap\/#breadcrumb"},"inLanguage":"en-US","potentialAction":[{"@type":"ReadAction","target":["https:\/\/www.upjs.sk\/pracoviska\/studentske-domovy-jedalne\/en\/sitemap\/"]}]},{"@type":"BreadcrumbList","@id":"https:\/\/www.upjs.sk\/pracoviska\/studentske-domovy-jedalne\/en\/sitemap\/#breadcrumb","itemListElement":[{"@type":"ListItem","position":1,"name":"Home","item":"https:\/\/www.upjs.sk\/pracoviska\/studentske-domovy-jedalne\/en\/"},{"@type":"ListItem","position":2,"name":"Sitemap"}]},{"@type":"WebSite","@id":"https:\/\/www.upjs.sk\/pracoviska\/studentske-domovy-jedalne\/en\/#website","url":"https:\/\/www.upjs.sk\/pracoviska\/studentske-domovy-jedalne\/en\/","name":"Student Hostel and Canteen | UPJ\u0160","description":"","publisher":{"@id":"https:\/\/www.upjs.sk\/pracoviska\/studentske-domovy-jedalne\/en\/#organization"},"potentialAction":[{"@type":"SearchAction","target":{"@type":"EntryPoint","urlTemplate":"https:\/\/www.upjs.sk\/pracoviska\/studentske-domovy-jedalne\/en\/?s={search_term_string}"},"query-input":{"@type":"PropertyValueSpecification","valueRequired":true,"valueName":"search_term_string"}}],"inLanguage":"en-US"},{"@type":"Organization","@id":"https:\/\/www.upjs.sk\/pracoviska\/studentske-domovy-jedalne\/en\/#organization","name":"Student Hostel and Canteen | UPJ\u0160","url":"https:\/\/www.upjs.sk\/pracoviska\/studentske-domovy-jedalne\/en\/","logo":{"@type":"ImageObject","inLanguage":"en-US","@id":"https:\/\/www.upjs.sk\/pracoviska\/studentske-domovy-jedalne\/en\/#\/schema\/logo\/image\/","url":"https:\/\/www.upjs.sk\/app\/uploads\/sites\/18\/2023\/01\/SDAJ_ENG.svg","contentUrl":"https:\/\/www.upjs.sk\/app\/uploads\/sites\/18\/2023\/01\/SDAJ_ENG.svg","width":500,"height":138,"caption":"Student Hostel and Canteen | UPJ\u0160"},"image":{"@id":"https:\/\/www.upjs.sk\/pracoviska\/studentske-domovy-jedalne\/en\/#\/schema\/logo\/image\/"}}]}},"_links":{"self":[{"href":"https:\/\/www.upjs.sk\/pracoviska\/studentske-domovy-jedalne\/en\/wp-json\/wp\/v2\/pages\/13734","targetHints":{"allow":["GET"]}}],"collection":[{"href":"https:\/\/www.upjs.sk\/pracoviska\/studentske-domovy-jedalne\/en\/wp-json\/wp\/v2\/pages"}],"about":[{"href":"https:\/\/www.upjs.sk\/pracoviska\/studentske-domovy-jedalne\/en\/wp-json\/wp\/v2\/types\/page"}],"author":[{"embeddable":true,"href":"https:\/\/www.upjs.sk\/pracoviska\/studentske-domovy-jedalne\/en\/wp-json\/wp\/v2\/users\/14"}],"replies":[{"embeddable":true,"href":"https:\/\/www.upjs.sk\/pracoviska\/studentske-domovy-jedalne\/en\/wp-json\/wp\/v2\/comments?post=13734"}],"version-history":[{"count":2,"href":"https:\/\/www.upjs.sk\/pracoviska\/studentske-domovy-jedalne\/en\/wp-json\/wp\/v2\/pages\/13734\/revisions"}],"predecessor-version":[{"id":14249,"href":"https:\/\/www.upjs.sk\/pracoviska\/studentske-domovy-jedalne\/en\/wp-json\/wp\/v2\/pages\/13734\/revisions\/14249"}],"wp:attachment":[{"href":"https:\/\/www.upjs.sk\/pracoviska\/studentske-domovy-jedalne\/en\/wp-json\/wp\/v2\/media?parent=13734"}],"wp:term":[{"taxonomy":"category","embeddable":true,"href":"https:\/\/www.upjs.sk\/pracoviska\/studentske-domovy-jedalne\/en\/wp-json\/wp\/v2\/categories?post=13734"},{"taxonomy":"post_tag","embeddable":true,"href":"https:\/\/www.upjs.sk\/pracoviska\/studentske-domovy-jedalne\/en\/wp-json\/wp\/v2\/tags?post=13734"}],"curies":[{"name":"wp","href":"https:\/\/api.w.org\/{rel}","templated":true}]}}