{"id":14084,"date":"2024-08-26T06:57:28","date_gmt":"2024-08-26T06:57:28","guid":{"rendered":"https:\/\/www.upjs.sk\/pracoviska\/studentske-domovy-jedalne\/ubytovanie\/"},"modified":"2024-09-04T07:56:57","modified_gmt":"2024-09-04T07:56:57","slug":"accommodation","status":"publish","type":"page","link":"https:\/\/www.upjs.sk\/pracoviska\/studentske-domovy-jedalne\/en\/accommodation\/","title":{"rendered":"Accommodation"},"content":{"rendered":"<style>.kb-image14084_a33de6-e5 .kb-image-has-overlay:after{opacity:0.3;}<\/style>\n<div class=\"wp-block-kadence-image kb-image14084_a33de6-e5\"><figure class=\"aligncenter size-full\"><img loading=\"lazy\" decoding=\"async\" width=\"800\" height=\"150\" src=\"https:\/\/www.upjs.sk\/app\/uploads\/sites\/18\/2024\/08\/SD-baner-en-uzky.jpg\" alt=\"\" class=\"kb-img wp-image-14087\" srcset=\"https:\/\/www.upjs.sk\/app\/uploads\/sites\/18\/2024\/08\/SD-baner-en-uzky.jpg 800w, https:\/\/www.upjs.sk\/app\/uploads\/sites\/18\/2024\/08\/SD-baner-en-uzky-300x56.jpg 300w, https:\/\/www.upjs.sk\/app\/uploads\/sites\/18\/2024\/08\/SD-baner-en-uzky-768x144.jpg 768w\" sizes=\"auto, (max-width: 800px) 100vw, 800px\" \/><\/figure><\/div>\n\n\n\n<p>Students of Pavol Jozef \u0160af\u00e1rik University in Ko\u0161ice have several accommodation options available to them:<\/p>\n\n\n<style>.kb-row-layout-id14084_4ad29a-e6 > .kt-row-column-wrap{align-content:start;}:where(.kb-row-layout-id14084_4ad29a-e6 > .kt-row-column-wrap) > .wp-block-kadence-column{justify-content:start;}.kb-row-layout-id14084_4ad29a-e6 > .kt-row-column-wrap{column-gap:var(--global-kb-gap-md, 2rem);row-gap:var(--global-kb-gap-md, 2rem);padding-top:var(--global-kb-spacing-xs, 1rem);}.kb-row-layout-id14084_4ad29a-e6 > .kt-row-column-wrap > div:not(.added-for-specificity){grid-column:initial;}.kb-row-layout-id14084_4ad29a-e6 > .kt-row-column-wrap{grid-template-columns:repeat(3, minmax(0, 1fr));}.kb-row-layout-id14084_4ad29a-e6 > .kt-row-layout-overlay{opacity:0.30;}@media all and (max-width: 1024px){.kb-row-layout-id14084_4ad29a-e6 > .kt-row-column-wrap > div:not(.added-for-specificity){grid-column:initial;}}@media all and (max-width: 1024px){.kb-row-layout-id14084_4ad29a-e6 > .kt-row-column-wrap{grid-template-columns:repeat(3, minmax(0, 1fr));}}@media all and (max-width: 767px){.kb-row-layout-id14084_4ad29a-e6 > .kt-row-column-wrap > div:not(.added-for-specificity){grid-column:initial;}.kb-row-layout-id14084_4ad29a-e6 > .kt-row-column-wrap{grid-template-columns:minmax(0, 1fr);}}<\/style><div class=\"kb-row-layout-wrap kb-row-layout-id14084_4ad29a-e6 alignnone has-bg-siva-background-color kt-row-has-bg wp-block-kadence-rowlayout\"><div class=\"kt-row-column-wrap kt-has-3-columns kt-row-layout-equal kt-tab-layout-inherit kt-mobile-layout-row kt-row-valign-top\">\n<style>.kadence-column14084_1d305f-27 > .kt-inside-inner-col,.kadence-column14084_1d305f-27 > .kt-inside-inner-col:before{border-top-left-radius:0px;border-top-right-radius:0px;border-bottom-right-radius:0px;border-bottom-left-radius:0px;}.kadence-column14084_1d305f-27 > .kt-inside-inner-col{column-gap:var(--global-kb-gap-sm, 1rem);}.kadence-column14084_1d305f-27 > .kt-inside-inner-col{flex-direction:column;}.kadence-column14084_1d305f-27 > .kt-inside-inner-col > .aligncenter{width:100%;}.kadence-column14084_1d305f-27 > .kt-inside-inner-col:before{opacity:0.3;}.kadence-column14084_1d305f-27{position:relative;}@media all and (max-width: 1024px){.kadence-column14084_1d305f-27 > .kt-inside-inner-col{flex-direction:column;justify-content:center;}}@media all and (max-width: 767px){.kadence-column14084_1d305f-27 > .kt-inside-inner-col{flex-direction:column;justify-content:center;}}<\/style>\n<div class=\"wp-block-kadence-column kadence-column14084_1d305f-27\"><div class=\"kt-inside-inner-col\">\n<p class=\"has-text-align-center\"><strong><mark style=\"background-color:rgba(0, 0, 0, 0)\" class=\"has-inline-color has-zakladna-modra-color\">Medick\u00e1 4 and Medick\u00e1 6: <\/mark><\/strong><br><strong><mark style=\"background-color:rgba(0, 0, 0, 0)\" class=\"has-inline-color has-zakladna-modra-color\">These dormitories have an accommodation capacity of 1,400 people<\/mark><\/strong><\/p>\n<\/div><\/div>\n\n\n<style>.kadence-column14084_7c8174-c6 > .kt-inside-inner-col,.kadence-column14084_7c8174-c6 > .kt-inside-inner-col:before{border-top-left-radius:0px;border-top-right-radius:0px;border-bottom-right-radius:0px;border-bottom-left-radius:0px;}.kadence-column14084_7c8174-c6 > .kt-inside-inner-col{column-gap:var(--global-kb-gap-sm, 1rem);}.kadence-column14084_7c8174-c6 > .kt-inside-inner-col{flex-direction:column;}.kadence-column14084_7c8174-c6 > .kt-inside-inner-col > .aligncenter{width:100%;}.kadence-column14084_7c8174-c6 > .kt-inside-inner-col:before{opacity:0.3;}.kadence-column14084_7c8174-c6{position:relative;}@media all and (max-width: 1024px){.kadence-column14084_7c8174-c6 > .kt-inside-inner-col{flex-direction:column;justify-content:center;}}@media all and (max-width: 767px){.kadence-column14084_7c8174-c6 > .kt-inside-inner-col{flex-direction:column;justify-content:center;}}<\/style>\n<div class=\"wp-block-kadence-column kadence-column14084_7c8174-c6\"><div class=\"kt-inside-inner-col\">\n<p class=\"has-text-align-center\"><strong><mark style=\"background-color:rgba(0, 0, 0, 0)\" class=\"has-inline-color has-zakladna-modra-color\">Popradsk\u00e1 66: <\/mark><\/strong><br><strong><mark style=\"background-color:rgba(0, 0, 0, 0)\" class=\"has-inline-color has-zakladna-modra-color\">This dormitory has an accommodation capacity of 155 people<\/mark><\/strong><\/p>\n<\/div><\/div>\n\n\n<style>.kadence-column14084_d37ef1-a3 > .kt-inside-inner-col,.kadence-column14084_d37ef1-a3 > .kt-inside-inner-col:before{border-top-left-radius:0px;border-top-right-radius:0px;border-bottom-right-radius:0px;border-bottom-left-radius:0px;}.kadence-column14084_d37ef1-a3 > .kt-inside-inner-col{column-gap:var(--global-kb-gap-sm, 1rem);}.kadence-column14084_d37ef1-a3 > .kt-inside-inner-col{flex-direction:column;}.kadence-column14084_d37ef1-a3 > .kt-inside-inner-col > .aligncenter{width:100%;}.kadence-column14084_d37ef1-a3 > .kt-inside-inner-col:before{opacity:0.3;}.kadence-column14084_d37ef1-a3{position:relative;}@media all and (max-width: 1024px){.kadence-column14084_d37ef1-a3 > .kt-inside-inner-col{flex-direction:column;justify-content:center;}}@media all and (max-width: 767px){.kadence-column14084_d37ef1-a3 > .kt-inside-inner-col{flex-direction:column;justify-content:center;}}<\/style>\n<div class=\"wp-block-kadence-column kadence-column14084_d37ef1-a3\"><div class=\"kt-inside-inner-col\">\n<p class=\"has-text-align-center\"><strong><mark style=\"background-color:rgba(0, 0, 0, 0)\" class=\"has-inline-color has-zakladna-modra-color\">Popradsk\u00e1 76: <\/mark><\/strong><br><strong><mark style=\"background-color:rgba(0, 0, 0, 0)\" class=\"has-inline-color has-zakladna-modra-color\">This dormitory can accommodate up to 200 people<\/mark><\/strong><\/p>\n<\/div><\/div>\n\n<\/div><\/div>\n\n\n<p class=\"has-text-align-center\"><strong><mark style=\"background-color:rgba(0, 0, 0, 0)\" class=\"has-inline-color has-zakladna-modra-color\">In total, Pavol Jozef \u0160af\u00e1rik University provides housing for 1,775 students.<\/mark><\/strong><\/p>\n\n\n<style>.wp-block-kadence-spacer.kt-block-spacer-14084_238703-df .kt-block-spacer{height:10px;}.wp-block-kadence-spacer.kt-block-spacer-14084_238703-df .kt-divider{border-top-width:1px;height:1px;border-top-color:#eee;width:100%;border-top-style:solid;}<\/style>\n<div class=\"wp-block-kadence-spacer aligncenter kt-block-spacer-14084_238703-df\"><div class=\"kt-block-spacer kt-block-spacer-halign-center\"><hr class=\"kt-divider\"\/><\/div><\/div>\n\n\n\n<p><strong><mark style=\"background-color:rgba(0, 0, 0, 0)\" class=\"has-inline-color has-zakladna-modra-color\">Accommodation Details:<\/mark><\/strong><br>Medick\u00e1 4 and Medick\u00e1 6 offer accommodation in double and triple rooms designed in a suite style. Each suite consists of two rooms\u2014one double and one triple\u2014sharing a common area with a toilet, shower, and sink, accommodating five residents in total.<\/p>\n\n\n\n<p>The allocation of student accommodation is managed by a commission established at the rectorate of Pavol Jozef \u0160af\u00e1rik University, based on a points system. Medick\u00e1 4 and Medick\u00e1 6 are equipped with a dining room, a buffet, social rooms, and sports fields located on campus. The convenient location near the city center allows students to enjoy various cultural, social, and sports activities in their free time and provides good transport connections to individual faculties.<\/p>\n\n\n\n<p>Students from the Faculty of Public Administration are primarily accommodated at Popradsk\u00e1 66, while international students are housed at Popradsk\u00e1 76.<\/p>\n\n\n\n<p><strong><mark style=\"background-color:rgba(0, 0, 0, 0)\" class=\"has-inline-color has-zakladna-modra-color\">Dining Facilities:<\/mark><\/strong><br>Student dining in Ko\u0161ice is managed by 55 employees working across four kitchens and two dining halls. Dining facilities are available at Medick\u00e1 4, Moyzesova 9, Tr. SNP 1, and Jesenn\u00e1 9, with an additional dining hall located on Popradsk\u00e1 Street and M\u00e1nesov\u00e1 Street. Since September 2015, a new cafeteria with a seating capacity of 60 has been opened in the Minerva building on Moyzesov\u00e1 Street, offering a modern dining experience for students.<\/p>\n\n\n\n<div style=\"height:4px\" aria-hidden=\"true\" class=\"wp-block-spacer\"><\/div>\n","protected":false},"excerpt":{"rendered":"<p>Students of Pavol Jozef \u0160af\u00e1rik University in Ko\u0161ice have several accommodation options available to them: Medick\u00e1 4 and Medick\u00e1 6: These dormitories have an accommodation capacity of 1,400 people Popradsk\u00e1 66: This dormitory has an accommodation capacity of 155 people Popradsk\u00e1 76: This dormitory can accommodate up to 200 people In total, Pavol Jozef \u0160af\u00e1rik &hellip; <a href=\"https:\/\/www.upjs.sk\/pracoviska\/studentske-domovy-jedalne\/en\/accommodation\/\">Continued<\/a><\/p>\n","protected":false},"author":14,"featured_media":0,"parent":0,"menu_order":0,"comment_status":"closed","ping_status":"closed","template":"","meta":{"_acf_changed":false,"_editorskit_title_hidden":false,"_editorskit_reading_time":0,"_editorskit_is_block_options_detached":false,"_editorskit_block_options_position":"{}","footnotes":""},"categories":[],"tags":[],"class_list":["post-14084","page","type-page","status-publish","hentry"],"acf":{"acf_link_na_externy_obsah":""},"yoast_head":"<!-- This site is optimized with the Yoast SEO plugin v27.4 - https:\/\/yoast.com\/product\/yoast-seo-wordpress\/ -->\n<title>Accommodation - Student Hostel and Canteen | UPJ\u0160<\/title>\n<meta name=\"robots\" content=\"index, follow, max-snippet:-1, max-image-preview:large, max-video-preview:-1\" \/>\n<link rel=\"canonical\" href=\"https:\/\/www.upjs.sk\/pracoviska\/studentske-domovy-jedalne\/en\/accommodation\/\" \/>\n<meta property=\"og:locale\" content=\"en_US\" \/>\n<meta property=\"og:type\" content=\"article\" \/>\n<meta property=\"og:title\" content=\"Accommodation - Student Hostel and Canteen | UPJ\u0160\" \/>\n<meta property=\"og:description\" content=\"Students of Pavol Jozef \u0160af\u00e1rik University in Ko\u0161ice have several accommodation options available to them: Medick\u00e1 4 and Medick\u00e1 6: These dormitories have an accommodation capacity of 1,400 people Popradsk\u00e1 66: This dormitory has an accommodation capacity of 155 people Popradsk\u00e1 76: This dormitory can accommodate up to 200 people In total, Pavol Jozef \u0160af\u00e1rik &hellip; Continued\" \/>\n<meta property=\"og:url\" content=\"https:\/\/www.upjs.sk\/pracoviska\/studentske-domovy-jedalne\/en\/accommodation\/\" \/>\n<meta property=\"og:site_name\" content=\"Student Hostel and Canteen | UPJ\u0160\" \/>\n<meta property=\"article:modified_time\" content=\"2024-09-04T07:56:57+00:00\" \/>\n<meta property=\"og:image\" content=\"https:\/\/www.upjs.sk\/app\/uploads\/sites\/18\/2024\/08\/SD-baner-en-uzky.jpg\" \/>\n<meta name=\"twitter:card\" content=\"summary_large_image\" \/>\n<meta name=\"twitter:label1\" content=\"Est. reading time\" \/>\n\t<meta name=\"twitter:data1\" content=\"2 minutes\" \/>\n<script type=\"application\/ld+json\" class=\"yoast-schema-graph\">{\"@context\":\"https:\\\/\\\/schema.org\",\"@graph\":[{\"@type\":\"WebPage\",\"@id\":\"https:\\\/\\\/www.upjs.sk\\\/pracoviska\\\/studentske-domovy-jedalne\\\/en\\\/accommodation\\\/\",\"url\":\"https:\\\/\\\/www.upjs.sk\\\/pracoviska\\\/studentske-domovy-jedalne\\\/en\\\/accommodation\\\/\",\"name\":\"Accommodation - Student Hostel and Canteen | UPJ\u0160\",\"isPartOf\":{\"@id\":\"https:\\\/\\\/www.upjs.sk\\\/pracoviska\\\/studentske-domovy-jedalne\\\/en\\\/#website\"},\"primaryImageOfPage\":{\"@id\":\"https:\\\/\\\/www.upjs.sk\\\/pracoviska\\\/studentske-domovy-jedalne\\\/en\\\/accommodation\\\/#primaryimage\"},\"image\":{\"@id\":\"https:\\\/\\\/www.upjs.sk\\\/pracoviska\\\/studentske-domovy-jedalne\\\/en\\\/accommodation\\\/#primaryimage\"},\"thumbnailUrl\":\"https:\\\/\\\/www.upjs.sk\\\/app\\\/uploads\\\/sites\\\/18\\\/2024\\\/08\\\/SD-baner-en-uzky.jpg\",\"datePublished\":\"2024-08-26T06:57:28+00:00\",\"dateModified\":\"2024-09-04T07:56:57+00:00\",\"breadcrumb\":{\"@id\":\"https:\\\/\\\/www.upjs.sk\\\/pracoviska\\\/studentske-domovy-jedalne\\\/en\\\/accommodation\\\/#breadcrumb\"},\"inLanguage\":\"en-US\",\"potentialAction\":[{\"@type\":\"ReadAction\",\"target\":[\"https:\\\/\\\/www.upjs.sk\\\/pracoviska\\\/studentske-domovy-jedalne\\\/en\\\/accommodation\\\/\"]}]},{\"@type\":\"ImageObject\",\"inLanguage\":\"en-US\",\"@id\":\"https:\\\/\\\/www.upjs.sk\\\/pracoviska\\\/studentske-domovy-jedalne\\\/en\\\/accommodation\\\/#primaryimage\",\"url\":\"https:\\\/\\\/www.upjs.sk\\\/app\\\/uploads\\\/sites\\\/18\\\/2024\\\/08\\\/SD-baner-en-uzky.jpg\",\"contentUrl\":\"https:\\\/\\\/www.upjs.sk\\\/app\\\/uploads\\\/sites\\\/18\\\/2024\\\/08\\\/SD-baner-en-uzky.jpg\"},{\"@type\":\"BreadcrumbList\",\"@id\":\"https:\\\/\\\/www.upjs.sk\\\/pracoviska\\\/studentske-domovy-jedalne\\\/en\\\/accommodation\\\/#breadcrumb\",\"itemListElement\":[{\"@type\":\"ListItem\",\"position\":1,\"name\":\"Home\",\"item\":\"https:\\\/\\\/www.upjs.sk\\\/pracoviska\\\/studentske-domovy-jedalne\\\/en\\\/\"},{\"@type\":\"ListItem\",\"position\":2,\"name\":\"Accommodation\"}]},{\"@type\":\"WebSite\",\"@id\":\"https:\\\/\\\/www.upjs.sk\\\/pracoviska\\\/studentske-domovy-jedalne\\\/en\\\/#website\",\"url\":\"https:\\\/\\\/www.upjs.sk\\\/pracoviska\\\/studentske-domovy-jedalne\\\/en\\\/\",\"name\":\"Student Hostel and Canteen | UPJ\u0160\",\"description\":\"\",\"publisher\":{\"@id\":\"https:\\\/\\\/www.upjs.sk\\\/pracoviska\\\/studentske-domovy-jedalne\\\/en\\\/#organization\"},\"potentialAction\":[{\"@type\":\"SearchAction\",\"target\":{\"@type\":\"EntryPoint\",\"urlTemplate\":\"https:\\\/\\\/www.upjs.sk\\\/pracoviska\\\/studentske-domovy-jedalne\\\/en\\\/?s={search_term_string}\"},\"query-input\":{\"@type\":\"PropertyValueSpecification\",\"valueRequired\":true,\"valueName\":\"search_term_string\"}}],\"inLanguage\":\"en-US\"},{\"@type\":\"Organization\",\"@id\":\"https:\\\/\\\/www.upjs.sk\\\/pracoviska\\\/studentske-domovy-jedalne\\\/en\\\/#organization\",\"name\":\"Student Hostel and Canteen | UPJ\u0160\",\"url\":\"https:\\\/\\\/www.upjs.sk\\\/pracoviska\\\/studentske-domovy-jedalne\\\/en\\\/\",\"logo\":{\"@type\":\"ImageObject\",\"inLanguage\":\"en-US\",\"@id\":\"https:\\\/\\\/www.upjs.sk\\\/pracoviska\\\/studentske-domovy-jedalne\\\/en\\\/#\\\/schema\\\/logo\\\/image\\\/\",\"url\":\"https:\\\/\\\/www.upjs.sk\\\/app\\\/uploads\\\/sites\\\/18\\\/2023\\\/01\\\/SDAJ_ENG.svg\",\"contentUrl\":\"https:\\\/\\\/www.upjs.sk\\\/app\\\/uploads\\\/sites\\\/18\\\/2023\\\/01\\\/SDAJ_ENG.svg\",\"width\":500,\"height\":138,\"caption\":\"Student Hostel and Canteen | UPJ\u0160\"},\"image\":{\"@id\":\"https:\\\/\\\/www.upjs.sk\\\/pracoviska\\\/studentske-domovy-jedalne\\\/en\\\/#\\\/schema\\\/logo\\\/image\\\/\"}}]}<\/script>\n<!-- \/ Yoast SEO plugin. -->","yoast_head_json":{"title":"Accommodation - Student Hostel and Canteen | UPJ\u0160","robots":{"index":"index","follow":"follow","max-snippet":"max-snippet:-1","max-image-preview":"max-image-preview:large","max-video-preview":"max-video-preview:-1"},"canonical":"https:\/\/www.upjs.sk\/pracoviska\/studentske-domovy-jedalne\/en\/accommodation\/","og_locale":"en_US","og_type":"article","og_title":"Accommodation - Student Hostel and Canteen | UPJ\u0160","og_description":"Students of Pavol Jozef \u0160af\u00e1rik University in Ko\u0161ice have several accommodation options available to them: Medick\u00e1 4 and Medick\u00e1 6: These dormitories have an accommodation capacity of 1,400 people Popradsk\u00e1 66: This dormitory has an accommodation capacity of 155 people Popradsk\u00e1 76: This dormitory can accommodate up to 200 people In total, Pavol Jozef \u0160af\u00e1rik &hellip; Continued","og_url":"https:\/\/www.upjs.sk\/pracoviska\/studentske-domovy-jedalne\/en\/accommodation\/","og_site_name":"Student Hostel and Canteen | UPJ\u0160","article_modified_time":"2024-09-04T07:56:57+00:00","og_image":[{"url":"https:\/\/www.upjs.sk\/app\/uploads\/sites\/18\/2024\/08\/SD-baner-en-uzky.jpg","type":"","width":"","height":""}],"twitter_card":"summary_large_image","twitter_misc":{"Est. reading time":"2 minutes"},"schema":{"@context":"https:\/\/schema.org","@graph":[{"@type":"WebPage","@id":"https:\/\/www.upjs.sk\/pracoviska\/studentske-domovy-jedalne\/en\/accommodation\/","url":"https:\/\/www.upjs.sk\/pracoviska\/studentske-domovy-jedalne\/en\/accommodation\/","name":"Accommodation - Student Hostel and Canteen | UPJ\u0160","isPartOf":{"@id":"https:\/\/www.upjs.sk\/pracoviska\/studentske-domovy-jedalne\/en\/#website"},"primaryImageOfPage":{"@id":"https:\/\/www.upjs.sk\/pracoviska\/studentske-domovy-jedalne\/en\/accommodation\/#primaryimage"},"image":{"@id":"https:\/\/www.upjs.sk\/pracoviska\/studentske-domovy-jedalne\/en\/accommodation\/#primaryimage"},"thumbnailUrl":"https:\/\/www.upjs.sk\/app\/uploads\/sites\/18\/2024\/08\/SD-baner-en-uzky.jpg","datePublished":"2024-08-26T06:57:28+00:00","dateModified":"2024-09-04T07:56:57+00:00","breadcrumb":{"@id":"https:\/\/www.upjs.sk\/pracoviska\/studentske-domovy-jedalne\/en\/accommodation\/#breadcrumb"},"inLanguage":"en-US","potentialAction":[{"@type":"ReadAction","target":["https:\/\/www.upjs.sk\/pracoviska\/studentske-domovy-jedalne\/en\/accommodation\/"]}]},{"@type":"ImageObject","inLanguage":"en-US","@id":"https:\/\/www.upjs.sk\/pracoviska\/studentske-domovy-jedalne\/en\/accommodation\/#primaryimage","url":"https:\/\/www.upjs.sk\/app\/uploads\/sites\/18\/2024\/08\/SD-baner-en-uzky.jpg","contentUrl":"https:\/\/www.upjs.sk\/app\/uploads\/sites\/18\/2024\/08\/SD-baner-en-uzky.jpg"},{"@type":"BreadcrumbList","@id":"https:\/\/www.upjs.sk\/pracoviska\/studentske-domovy-jedalne\/en\/accommodation\/#breadcrumb","itemListElement":[{"@type":"ListItem","position":1,"name":"Home","item":"https:\/\/www.upjs.sk\/pracoviska\/studentske-domovy-jedalne\/en\/"},{"@type":"ListItem","position":2,"name":"Accommodation"}]},{"@type":"WebSite","@id":"https:\/\/www.upjs.sk\/pracoviska\/studentske-domovy-jedalne\/en\/#website","url":"https:\/\/www.upjs.sk\/pracoviska\/studentske-domovy-jedalne\/en\/","name":"Student Hostel and Canteen | UPJ\u0160","description":"","publisher":{"@id":"https:\/\/www.upjs.sk\/pracoviska\/studentske-domovy-jedalne\/en\/#organization"},"potentialAction":[{"@type":"SearchAction","target":{"@type":"EntryPoint","urlTemplate":"https:\/\/www.upjs.sk\/pracoviska\/studentske-domovy-jedalne\/en\/?s={search_term_string}"},"query-input":{"@type":"PropertyValueSpecification","valueRequired":true,"valueName":"search_term_string"}}],"inLanguage":"en-US"},{"@type":"Organization","@id":"https:\/\/www.upjs.sk\/pracoviska\/studentske-domovy-jedalne\/en\/#organization","name":"Student Hostel and Canteen | UPJ\u0160","url":"https:\/\/www.upjs.sk\/pracoviska\/studentske-domovy-jedalne\/en\/","logo":{"@type":"ImageObject","inLanguage":"en-US","@id":"https:\/\/www.upjs.sk\/pracoviska\/studentske-domovy-jedalne\/en\/#\/schema\/logo\/image\/","url":"https:\/\/www.upjs.sk\/app\/uploads\/sites\/18\/2023\/01\/SDAJ_ENG.svg","contentUrl":"https:\/\/www.upjs.sk\/app\/uploads\/sites\/18\/2023\/01\/SDAJ_ENG.svg","width":500,"height":138,"caption":"Student Hostel and Canteen | UPJ\u0160"},"image":{"@id":"https:\/\/www.upjs.sk\/pracoviska\/studentske-domovy-jedalne\/en\/#\/schema\/logo\/image\/"}}]}},"_links":{"self":[{"href":"https:\/\/www.upjs.sk\/pracoviska\/studentske-domovy-jedalne\/en\/wp-json\/wp\/v2\/pages\/14084","targetHints":{"allow":["GET"]}}],"collection":[{"href":"https:\/\/www.upjs.sk\/pracoviska\/studentske-domovy-jedalne\/en\/wp-json\/wp\/v2\/pages"}],"about":[{"href":"https:\/\/www.upjs.sk\/pracoviska\/studentske-domovy-jedalne\/en\/wp-json\/wp\/v2\/types\/page"}],"author":[{"embeddable":true,"href":"https:\/\/www.upjs.sk\/pracoviska\/studentske-domovy-jedalne\/en\/wp-json\/wp\/v2\/users\/14"}],"replies":[{"embeddable":true,"href":"https:\/\/www.upjs.sk\/pracoviska\/studentske-domovy-jedalne\/en\/wp-json\/wp\/v2\/comments?post=14084"}],"version-history":[{"count":7,"href":"https:\/\/www.upjs.sk\/pracoviska\/studentske-domovy-jedalne\/en\/wp-json\/wp\/v2\/pages\/14084\/revisions"}],"predecessor-version":[{"id":14127,"href":"https:\/\/www.upjs.sk\/pracoviska\/studentske-domovy-jedalne\/en\/wp-json\/wp\/v2\/pages\/14084\/revisions\/14127"}],"wp:attachment":[{"href":"https:\/\/www.upjs.sk\/pracoviska\/studentske-domovy-jedalne\/en\/wp-json\/wp\/v2\/media?parent=14084"}],"wp:term":[{"taxonomy":"category","embeddable":true,"href":"https:\/\/www.upjs.sk\/pracoviska\/studentske-domovy-jedalne\/en\/wp-json\/wp\/v2\/categories?post=14084"},{"taxonomy":"post_tag","embeddable":true,"href":"https:\/\/www.upjs.sk\/pracoviska\/studentske-domovy-jedalne\/en\/wp-json\/wp\/v2\/tags?post=14084"}],"curies":[{"name":"wp","href":"https:\/\/api.w.org\/{rel}","templated":true}]}}