{"id":13112,"date":"2019-01-10T10:07:09","date_gmt":"2019-01-10T10:07:09","guid":{"rendered":"https:\/\/www.upjs.sk\/pracoviska\/studentske-domovy-jedalne\/root\/studentske-jedalne\/info-objednavanie-stravy\/"},"modified":"2022-11-13T21:41:00","modified_gmt":"2022-11-13T21:41:00","slug":"info-objednavanie-stravy","status":"publish","type":"page","link":"https:\/\/www.upjs.sk\/pracoviska\/studentske-domovy-jedalne\/studentske-jedalne\/info-objednavanie-stravy\/","title":{"rendered":"Objedn\u00e1vanie stravy, \u0160J UPJ\u0160"},"content":{"rendered":"<p>\u00a0<\/p>\n<p><strong>OBJEDN\u00c1VANIE:<\/strong><br \/> Stravu si m\u00f4\u017eete objedna\u0165 pomocou PIK \u010di inej B\u010cK zavedenej v stravovacom syst\u00e9me UPJ\u0160:<\/p>\n<ul>\n<li>Internetov\u00fdm objedn\u00e1van\u00edm.\u00a0 Pre \u0161tudentov od ro\u010dn\u00edka 2015\/2016 je loginom a heslom<br \/> \tposledn\u00fdch 10 miest zo 17-miestneho \u010d\u00edsla karty. Doporu\u010dujeme si heslo zmeni\u0165. \u00a0V\u017edy si zvo\u013ete jed\u00e1le\u0148 v ktorej chcete konzumova\u0165! Predvolen\u00e1 jed\u00e1le\u0148 sa nastavuje v menu v polo\u017eke NASTAVENIA.<\/li>\n<li>Objedn\u00e1vac\u00edm Termin\u00e1lom pri vstupe do jed\u00e1lne. Sch\u00e9ma: PRILO\u017d PIK &#8211; NAVO\u013d V\u00ddDAJ\u0147U &#8211; NAVO\u013d JEDLO &#8211; NAVO\u0139 KONIEC. Ovl\u00e1danie je intuit\u00edvne.<\/li>\n<li>Objedn\u00e1vac\u00edm kioskom vo vstupnej chodbe Medick\u00e1 4, pri pokladni. Ovl\u00e1danie je intuit\u00edvne.<br \/> \t\u00a0<\/li>\n<\/ul>\n<p>Uz\u00e1vierka objedn\u00e1vok je 14:00 hod.\u00a0d\u0148a predch\u00e1dzaj\u00faceho konzum\u00e1cii. Do uz\u00e1vierky m\u00f4\u017eete objedn\u00e1vku zru\u0161i\u0165. Do 13:30 hod.\u00a0d\u0148a konzum\u00e1cie m\u00f4\u017eete porciu pon\u00faknu\u0165 \/ vybra\u0165 z BURZY.<\/p>\n<p>\u00a0<\/p>\n","protected":false},"excerpt":{"rendered":"<p>\u00a0 OBJEDN\u00c1VANIE: Stravu si m\u00f4\u017eete objedna\u0165 pomocou PIK \u010di inej B\u010cK zavedenej v stravovacom syst\u00e9me UPJ\u0160: Internetov\u00fdm objedn\u00e1van\u00edm.\u00a0 Pre \u0161tudentov od ro\u010dn\u00edka 2015\/2016 je loginom a heslom posledn\u00fdch 10 miest zo 17-miestneho \u010d\u00edsla karty. Doporu\u010dujeme si heslo zmeni\u0165. \u00a0V\u017edy si zvo\u013ete jed\u00e1le\u0148 v ktorej chcete konzumova\u0165! Predvolen\u00e1 jed\u00e1le\u0148 sa nastavuje v menu v polo\u017eke NASTAVENIA. &hellip; <a href=\"https:\/\/www.upjs.sk\/pracoviska\/studentske-domovy-jedalne\/studentske-jedalne\/info-objednavanie-stravy\/\">\u010c\u00edta\u0165 \u010falej<\/a><\/p>\n","protected":false},"author":1,"featured_media":0,"parent":13109,"menu_order":0,"comment_status":"closed","ping_status":"closed","template":"","meta":{"_acf_changed":false,"_editorskit_title_hidden":false,"_editorskit_reading_time":0,"_editorskit_is_block_options_detached":false,"_editorskit_block_options_position":"{}","footnotes":""},"categories":[],"tags":[],"class_list":["post-13112","page","type-page","status-publish","hentry"],"acf":{"acf_link_na_externy_obsah":""},"yoast_head":"<!-- This site is optimized with the Yoast SEO plugin v27.4 - https:\/\/yoast.com\/product\/yoast-seo-wordpress\/ -->\n<title>Objedn\u00e1vanie stravy, \u0160J UPJ\u0160 - \u0160tudentsk\u00e9 domovy a jed\u00e1lne | UPJ\u0160<\/title>\n<meta name=\"robots\" content=\"index, follow, max-snippet:-1, max-image-preview:large, max-video-preview:-1\" \/>\n<link rel=\"canonical\" href=\"https:\/\/www.upjs.sk\/pracoviska\/studentske-domovy-jedalne\/studentske-jedalne\/info-objednavanie-stravy\/\" \/>\n<meta property=\"og:locale\" content=\"sk_SK\" \/>\n<meta property=\"og:type\" content=\"article\" \/>\n<meta property=\"og:title\" content=\"Objedn\u00e1vanie stravy, \u0160J UPJ\u0160 - \u0160tudentsk\u00e9 domovy a jed\u00e1lne | UPJ\u0160\" \/>\n<meta property=\"og:description\" content=\"\u00a0 OBJEDN\u00c1VANIE: Stravu si m\u00f4\u017eete objedna\u0165 pomocou PIK \u010di inej B\u010cK zavedenej v stravovacom syst\u00e9me UPJ\u0160: Internetov\u00fdm objedn\u00e1van\u00edm.\u00a0 Pre \u0161tudentov od ro\u010dn\u00edka 2015\/2016 je loginom a heslom posledn\u00fdch 10 miest zo 17-miestneho \u010d\u00edsla karty. Doporu\u010dujeme si heslo zmeni\u0165. \u00a0V\u017edy si zvo\u013ete jed\u00e1le\u0148 v ktorej chcete konzumova\u0165! Predvolen\u00e1 jed\u00e1le\u0148 sa nastavuje v menu v polo\u017eke NASTAVENIA. &hellip; \u010c\u00edta\u0165 \u010falej\" \/>\n<meta property=\"og:url\" content=\"https:\/\/www.upjs.sk\/pracoviska\/studentske-domovy-jedalne\/studentske-jedalne\/info-objednavanie-stravy\/\" \/>\n<meta property=\"og:site_name\" content=\"\u0160tudentsk\u00e9 domovy a jed\u00e1lne | UPJ\u0160\" \/>\n<meta property=\"article:modified_time\" content=\"2022-11-13T21:41:00+00:00\" \/>\n<meta name=\"twitter:card\" content=\"summary_large_image\" \/>\n<meta name=\"twitter:label1\" content=\"Predpokladan\u00fd \u010das \u010d\u00edtania\" \/>\n\t<meta name=\"twitter:data1\" content=\"1 min\u00fata\" \/>\n<script type=\"application\/ld+json\" class=\"yoast-schema-graph\">{\"@context\":\"https:\\\/\\\/schema.org\",\"@graph\":[{\"@type\":\"WebPage\",\"@id\":\"https:\\\/\\\/www.upjs.sk\\\/pracoviska\\\/studentske-domovy-jedalne\\\/studentske-jedalne\\\/info-objednavanie-stravy\\\/\",\"url\":\"https:\\\/\\\/www.upjs.sk\\\/pracoviska\\\/studentske-domovy-jedalne\\\/studentske-jedalne\\\/info-objednavanie-stravy\\\/\",\"name\":\"Objedn\u00e1vanie stravy, \u0160J UPJ\u0160 - \u0160tudentsk\u00e9 domovy a jed\u00e1lne | UPJ\u0160\",\"isPartOf\":{\"@id\":\"https:\\\/\\\/www.upjs.sk\\\/pracoviska\\\/studentske-domovy-jedalne\\\/#website\"},\"datePublished\":\"2019-01-10T10:07:09+00:00\",\"dateModified\":\"2022-11-13T21:41:00+00:00\",\"breadcrumb\":{\"@id\":\"https:\\\/\\\/www.upjs.sk\\\/pracoviska\\\/studentske-domovy-jedalne\\\/studentske-jedalne\\\/info-objednavanie-stravy\\\/#breadcrumb\"},\"inLanguage\":\"sk-SK\",\"potentialAction\":[{\"@type\":\"ReadAction\",\"target\":[\"https:\\\/\\\/www.upjs.sk\\\/pracoviska\\\/studentske-domovy-jedalne\\\/studentske-jedalne\\\/info-objednavanie-stravy\\\/\"]}]},{\"@type\":\"BreadcrumbList\",\"@id\":\"https:\\\/\\\/www.upjs.sk\\\/pracoviska\\\/studentske-domovy-jedalne\\\/studentske-jedalne\\\/info-objednavanie-stravy\\\/#breadcrumb\",\"itemListElement\":[{\"@type\":\"ListItem\",\"position\":1,\"name\":\"Home\",\"item\":\"https:\\\/\\\/www.upjs.sk\\\/pracoviska\\\/studentske-domovy-jedalne\\\/\"},{\"@type\":\"ListItem\",\"position\":2,\"name\":\"\u0160tudentsk\u00e9 jed\u00e1lne\",\"item\":\"https:\\\/\\\/www.upjs.sk\\\/pracoviska\\\/studentske-domovy-jedalne\\\/studentske-jedalne\\\/\"},{\"@type\":\"ListItem\",\"position\":3,\"name\":\"Objedn\u00e1vanie stravy, \u0160J UPJ\u0160\"}]},{\"@type\":\"WebSite\",\"@id\":\"https:\\\/\\\/www.upjs.sk\\\/pracoviska\\\/studentske-domovy-jedalne\\\/#website\",\"url\":\"https:\\\/\\\/www.upjs.sk\\\/pracoviska\\\/studentske-domovy-jedalne\\\/\",\"name\":\"\u0160tudentsk\u00e9 domovy a jed\u00e1lne | UPJ\u0160\",\"description\":\"\",\"publisher\":{\"@id\":\"https:\\\/\\\/www.upjs.sk\\\/pracoviska\\\/studentske-domovy-jedalne\\\/#organization\"},\"potentialAction\":[{\"@type\":\"SearchAction\",\"target\":{\"@type\":\"EntryPoint\",\"urlTemplate\":\"https:\\\/\\\/www.upjs.sk\\\/pracoviska\\\/studentske-domovy-jedalne\\\/?s={search_term_string}\"},\"query-input\":{\"@type\":\"PropertyValueSpecification\",\"valueRequired\":true,\"valueName\":\"search_term_string\"}}],\"inLanguage\":\"sk-SK\"},{\"@type\":\"Organization\",\"@id\":\"https:\\\/\\\/www.upjs.sk\\\/pracoviska\\\/studentske-domovy-jedalne\\\/#organization\",\"name\":\"\u0160tudentsk\u00e9 domovy a jed\u00e1lne | UPJ\u0160\",\"url\":\"https:\\\/\\\/www.upjs.sk\\\/pracoviska\\\/studentske-domovy-jedalne\\\/\",\"logo\":{\"@type\":\"ImageObject\",\"inLanguage\":\"sk-SK\",\"@id\":\"https:\\\/\\\/www.upjs.sk\\\/pracoviska\\\/studentske-domovy-jedalne\\\/#\\\/schema\\\/logo\\\/image\\\/\",\"url\":\"https:\\\/\\\/www.upjs.sk\\\/app\\\/uploads\\\/sites\\\/18\\\/2023\\\/01\\\/SDAJ.svg\",\"contentUrl\":\"https:\\\/\\\/www.upjs.sk\\\/app\\\/uploads\\\/sites\\\/18\\\/2023\\\/01\\\/SDAJ.svg\",\"width\":500,\"height\":138,\"caption\":\"\u0160tudentsk\u00e9 domovy a jed\u00e1lne | UPJ\u0160\"},\"image\":{\"@id\":\"https:\\\/\\\/www.upjs.sk\\\/pracoviska\\\/studentske-domovy-jedalne\\\/#\\\/schema\\\/logo\\\/image\\\/\"}}]}<\/script>\n<!-- \/ Yoast SEO plugin. -->","yoast_head_json":{"title":"Objedn\u00e1vanie stravy, \u0160J UPJ\u0160 - \u0160tudentsk\u00e9 domovy a jed\u00e1lne | UPJ\u0160","robots":{"index":"index","follow":"follow","max-snippet":"max-snippet:-1","max-image-preview":"max-image-preview:large","max-video-preview":"max-video-preview:-1"},"canonical":"https:\/\/www.upjs.sk\/pracoviska\/studentske-domovy-jedalne\/studentske-jedalne\/info-objednavanie-stravy\/","og_locale":"sk_SK","og_type":"article","og_title":"Objedn\u00e1vanie stravy, \u0160J UPJ\u0160 - \u0160tudentsk\u00e9 domovy a jed\u00e1lne | UPJ\u0160","og_description":"\u00a0 OBJEDN\u00c1VANIE: Stravu si m\u00f4\u017eete objedna\u0165 pomocou PIK \u010di inej B\u010cK zavedenej v stravovacom syst\u00e9me UPJ\u0160: Internetov\u00fdm objedn\u00e1van\u00edm.\u00a0 Pre \u0161tudentov od ro\u010dn\u00edka 2015\/2016 je loginom a heslom posledn\u00fdch 10 miest zo 17-miestneho \u010d\u00edsla karty. Doporu\u010dujeme si heslo zmeni\u0165. \u00a0V\u017edy si zvo\u013ete jed\u00e1le\u0148 v ktorej chcete konzumova\u0165! Predvolen\u00e1 jed\u00e1le\u0148 sa nastavuje v menu v polo\u017eke NASTAVENIA. &hellip; \u010c\u00edta\u0165 \u010falej","og_url":"https:\/\/www.upjs.sk\/pracoviska\/studentske-domovy-jedalne\/studentske-jedalne\/info-objednavanie-stravy\/","og_site_name":"\u0160tudentsk\u00e9 domovy a jed\u00e1lne | UPJ\u0160","article_modified_time":"2022-11-13T21:41:00+00:00","twitter_card":"summary_large_image","twitter_misc":{"Predpokladan\u00fd \u010das \u010d\u00edtania":"1 min\u00fata"},"schema":{"@context":"https:\/\/schema.org","@graph":[{"@type":"WebPage","@id":"https:\/\/www.upjs.sk\/pracoviska\/studentske-domovy-jedalne\/studentske-jedalne\/info-objednavanie-stravy\/","url":"https:\/\/www.upjs.sk\/pracoviska\/studentske-domovy-jedalne\/studentske-jedalne\/info-objednavanie-stravy\/","name":"Objedn\u00e1vanie stravy, \u0160J UPJ\u0160 - \u0160tudentsk\u00e9 domovy a jed\u00e1lne | UPJ\u0160","isPartOf":{"@id":"https:\/\/www.upjs.sk\/pracoviska\/studentske-domovy-jedalne\/#website"},"datePublished":"2019-01-10T10:07:09+00:00","dateModified":"2022-11-13T21:41:00+00:00","breadcrumb":{"@id":"https:\/\/www.upjs.sk\/pracoviska\/studentske-domovy-jedalne\/studentske-jedalne\/info-objednavanie-stravy\/#breadcrumb"},"inLanguage":"sk-SK","potentialAction":[{"@type":"ReadAction","target":["https:\/\/www.upjs.sk\/pracoviska\/studentske-domovy-jedalne\/studentske-jedalne\/info-objednavanie-stravy\/"]}]},{"@type":"BreadcrumbList","@id":"https:\/\/www.upjs.sk\/pracoviska\/studentske-domovy-jedalne\/studentske-jedalne\/info-objednavanie-stravy\/#breadcrumb","itemListElement":[{"@type":"ListItem","position":1,"name":"Home","item":"https:\/\/www.upjs.sk\/pracoviska\/studentske-domovy-jedalne\/"},{"@type":"ListItem","position":2,"name":"\u0160tudentsk\u00e9 jed\u00e1lne","item":"https:\/\/www.upjs.sk\/pracoviska\/studentske-domovy-jedalne\/studentske-jedalne\/"},{"@type":"ListItem","position":3,"name":"Objedn\u00e1vanie stravy, \u0160J UPJ\u0160"}]},{"@type":"WebSite","@id":"https:\/\/www.upjs.sk\/pracoviska\/studentske-domovy-jedalne\/#website","url":"https:\/\/www.upjs.sk\/pracoviska\/studentske-domovy-jedalne\/","name":"\u0160tudentsk\u00e9 domovy a jed\u00e1lne | UPJ\u0160","description":"","publisher":{"@id":"https:\/\/www.upjs.sk\/pracoviska\/studentske-domovy-jedalne\/#organization"},"potentialAction":[{"@type":"SearchAction","target":{"@type":"EntryPoint","urlTemplate":"https:\/\/www.upjs.sk\/pracoviska\/studentske-domovy-jedalne\/?s={search_term_string}"},"query-input":{"@type":"PropertyValueSpecification","valueRequired":true,"valueName":"search_term_string"}}],"inLanguage":"sk-SK"},{"@type":"Organization","@id":"https:\/\/www.upjs.sk\/pracoviska\/studentske-domovy-jedalne\/#organization","name":"\u0160tudentsk\u00e9 domovy a jed\u00e1lne | UPJ\u0160","url":"https:\/\/www.upjs.sk\/pracoviska\/studentske-domovy-jedalne\/","logo":{"@type":"ImageObject","inLanguage":"sk-SK","@id":"https:\/\/www.upjs.sk\/pracoviska\/studentske-domovy-jedalne\/#\/schema\/logo\/image\/","url":"https:\/\/www.upjs.sk\/app\/uploads\/sites\/18\/2023\/01\/SDAJ.svg","contentUrl":"https:\/\/www.upjs.sk\/app\/uploads\/sites\/18\/2023\/01\/SDAJ.svg","width":500,"height":138,"caption":"\u0160tudentsk\u00e9 domovy a jed\u00e1lne | UPJ\u0160"},"image":{"@id":"https:\/\/www.upjs.sk\/pracoviska\/studentske-domovy-jedalne\/#\/schema\/logo\/image\/"}}]}},"_links":{"self":[{"href":"https:\/\/www.upjs.sk\/pracoviska\/studentske-domovy-jedalne\/wp-json\/wp\/v2\/pages\/13112","targetHints":{"allow":["GET"]}}],"collection":[{"href":"https:\/\/www.upjs.sk\/pracoviska\/studentske-domovy-jedalne\/wp-json\/wp\/v2\/pages"}],"about":[{"href":"https:\/\/www.upjs.sk\/pracoviska\/studentske-domovy-jedalne\/wp-json\/wp\/v2\/types\/page"}],"author":[{"embeddable":true,"href":"https:\/\/www.upjs.sk\/pracoviska\/studentske-domovy-jedalne\/wp-json\/wp\/v2\/users\/1"}],"replies":[{"embeddable":true,"href":"https:\/\/www.upjs.sk\/pracoviska\/studentske-domovy-jedalne\/wp-json\/wp\/v2\/comments?post=13112"}],"version-history":[{"count":1,"href":"https:\/\/www.upjs.sk\/pracoviska\/studentske-domovy-jedalne\/wp-json\/wp\/v2\/pages\/13112\/revisions"}],"predecessor-version":[{"id":13182,"href":"https:\/\/www.upjs.sk\/pracoviska\/studentske-domovy-jedalne\/wp-json\/wp\/v2\/pages\/13112\/revisions\/13182"}],"up":[{"embeddable":true,"href":"https:\/\/www.upjs.sk\/pracoviska\/studentske-domovy-jedalne\/wp-json\/wp\/v2\/pages\/13109"}],"wp:attachment":[{"href":"https:\/\/www.upjs.sk\/pracoviska\/studentske-domovy-jedalne\/wp-json\/wp\/v2\/media?parent=13112"}],"wp:term":[{"taxonomy":"category","embeddable":true,"href":"https:\/\/www.upjs.sk\/pracoviska\/studentske-domovy-jedalne\/wp-json\/wp\/v2\/categories?post=13112"},{"taxonomy":"post_tag","embeddable":true,"href":"https:\/\/www.upjs.sk\/pracoviska\/studentske-domovy-jedalne\/wp-json\/wp\/v2\/tags?post=13112"}],"curies":[{"name":"wp","href":"https:\/\/api.w.org\/{rel}","templated":true}]}}