{"id":14057,"date":"2024-08-26T08:59:19","date_gmt":"2024-08-26T08:59:19","guid":{"rendered":"https:\/\/www.upjs.sk\/pracoviska\/studentske-domovy-jedalne\/?page_id=14057"},"modified":"2025-02-05T22:01:02","modified_gmt":"2025-02-05T22:01:02","slug":"buddy-program","status":"publish","type":"page","link":"https:\/\/www.upjs.sk\/pracoviska\/studentske-domovy-jedalne\/internaty\/buddy-program\/","title":{"rendered":"Buddy program"},"content":{"rendered":"<style>.kb-image14057_2d18c2-82 .kb-image-has-overlay:after{opacity:0.3;border-top-left-radius:5px;border-top-right-radius:5px;border-bottom-right-radius:5px;border-bottom-left-radius:5px;}.kb-image14057_2d18c2-82 img.kb-img, .kb-image14057_2d18c2-82 .kb-img img{border-top-left-radius:5px;border-top-right-radius:5px;border-bottom-right-radius:5px;border-bottom-left-radius:5px;}<\/style>\n<div class=\"wp-block-kadence-image kb-image14057_2d18c2-82\"><figure class=\"aligncenter size-full\"><img decoding=\"async\" src=\"https:\/\/www.upjs.sk\/app\/uploads\/sites\/18\/2025\/01\/SD-baner-sk-bv-uzky.jpg\" alt=\"\" class=\"kb-img wp-image-14077\"\/><\/figure><\/div>\n\n\n<style>.kb-row-layout-id14057_a84547-5d > .kt-row-column-wrap{align-content:start;}:where(.kb-row-layout-id14057_a84547-5d > .kt-row-column-wrap) > .wp-block-kadence-column{justify-content:start;}.kb-row-layout-id14057_a84547-5d > .kt-row-column-wrap{column-gap:var(--global-kb-gap-md, 2rem);row-gap:var(--global-kb-gap-md, 2rem);padding-top:var(--global-kb-spacing-xxs, 0.5rem);padding-bottom:var(--global-kb-spacing-xxs, 0.5rem);grid-template-columns:minmax(0, calc(30% - ((var(--global-kb-gap-md, 2rem) * 1 )\/2)))minmax(0, calc(70% - ((var(--global-kb-gap-md, 2rem) * 1 )\/2)));}.kb-row-layout-id14057_a84547-5d > .kt-row-layout-overlay{opacity:0.30;}@media all and (max-width: 1024px){.kb-row-layout-id14057_a84547-5d > .kt-row-column-wrap{grid-template-columns:minmax(0, 1fr) minmax(0, 2fr);}}@media all and (max-width: 767px){.kb-row-layout-id14057_a84547-5d > .kt-row-column-wrap{grid-template-columns:minmax(0, 1fr);}}<\/style><div class=\"kb-row-layout-wrap kb-row-layout-id14057_a84547-5d alignnone wp-block-kadence-rowlayout\"><div class=\"kt-row-column-wrap kt-has-2-columns kt-row-layout-right-golden kt-tab-layout-inherit kt-mobile-layout-row kt-row-valign-top\">\n<style>.kadence-column14057_3440d5-97 > .kt-inside-inner-col{display:flex;}.kadence-column14057_3440d5-97 > .kt-inside-inner-col,.kadence-column14057_3440d5-97 > .kt-inside-inner-col:before{border-top-left-radius:0px;border-top-right-radius:0px;border-bottom-right-radius:0px;border-bottom-left-radius:0px;}.kadence-column14057_3440d5-97 > .kt-inside-inner-col{column-gap:var(--global-kb-gap-sm, 1rem);}.kadence-column14057_3440d5-97 > .kt-inside-inner-col{flex-direction:column;justify-content:center;align-items:center;}.kadence-column14057_3440d5-97 > .kt-inside-inner-col > .kb-image-is-ratio-size{align-self:stretch;}.kadence-column14057_3440d5-97 > .kt-inside-inner-col > .wp-block-kadence-advancedgallery{align-self:stretch;}.kadence-column14057_3440d5-97 > .kt-inside-inner-col > .aligncenter{width:100%;}.kt-row-column-wrap > .kadence-column14057_3440d5-97{align-self:center;}.kt-inner-column-height-full:not(.kt-has-1-columns) > .wp-block-kadence-column.kadence-column14057_3440d5-97{align-self:auto;}.kt-inner-column-height-full:not(.kt-has-1-columns) > .wp-block-kadence-column.kadence-column14057_3440d5-97 > .kt-inside-inner-col{flex-direction:column;justify-content:center;}.kadence-column14057_3440d5-97 > .kt-inside-inner-col:before{opacity:0.3;}.kadence-column14057_3440d5-97{position:relative;}@media all and (max-width: 1024px){.kt-row-column-wrap > .kadence-column14057_3440d5-97{align-self:center;}}@media all and (max-width: 1024px){.kt-inner-column-height-full:not(.kt-has-1-columns) > .wp-block-kadence-column.kadence-column14057_3440d5-97{align-self:auto;}}@media all and (max-width: 1024px){.kt-inner-column-height-full:not(.kt-has-1-columns) > .wp-block-kadence-column.kadence-column14057_3440d5-97 > .kt-inside-inner-col{flex-direction:column;justify-content:center;}}@media all and (max-width: 1024px){.kadence-column14057_3440d5-97 > .kt-inside-inner-col{flex-direction:column;justify-content:center;align-items:center;}}@media all and (max-width: 767px){.kt-row-column-wrap > .kadence-column14057_3440d5-97{align-self:center;}.kt-inner-column-height-full:not(.kt-has-1-columns) > .wp-block-kadence-column.kadence-column14057_3440d5-97{align-self:auto;}.kt-inner-column-height-full:not(.kt-has-1-columns) > .wp-block-kadence-column.kadence-column14057_3440d5-97 > .kt-inside-inner-col{flex-direction:column;justify-content:center;}.kadence-column14057_3440d5-97 > .kt-inside-inner-col{flex-direction:column;justify-content:center;align-items:center;}}<\/style>\n<div class=\"wp-block-kadence-column kadence-column14057_3440d5-97\"><div class=\"kt-inside-inner-col\">\n<figure class=\"wp-block-image aligncenter size-medium is-resized\"><a href=\"https:\/\/www.upjs.sk\/pracoviska\/unipoc\/buddy-program\/\"><img loading=\"lazy\" decoding=\"async\" width=\"300\" height=\"98\" src=\"https:\/\/www.upjs.sk\/app\/uploads\/sites\/18\/2024\/08\/logo-unipoc-300x98.jpg\" alt=\"\" class=\"wp-image-14061\" style=\"width:260px\" srcset=\"https:\/\/www.upjs.sk\/app\/uploads\/sites\/18\/2024\/08\/logo-unipoc-300x98.jpg 300w, https:\/\/www.upjs.sk\/app\/uploads\/sites\/18\/2024\/08\/logo-unipoc.jpg 531w\" sizes=\"auto, (max-width: 300px) 100vw, 300px\" \/><\/a><\/figure>\n<\/div><\/div>\n\n\n<style>.kadence-column14057_1943f1-8c > .kt-inside-inner-col{display:flex;}.kadence-column14057_1943f1-8c > .kt-inside-inner-col,.kadence-column14057_1943f1-8c > .kt-inside-inner-col:before{border-top-left-radius:0px;border-top-right-radius:0px;border-bottom-right-radius:0px;border-bottom-left-radius:0px;}.kadence-column14057_1943f1-8c > .kt-inside-inner-col{column-gap:var(--global-kb-gap-sm, 1rem);}.kadence-column14057_1943f1-8c > .kt-inside-inner-col{flex-direction:column;justify-content:center;align-items:center;}.kadence-column14057_1943f1-8c > .kt-inside-inner-col > .kb-image-is-ratio-size{align-self:stretch;}.kadence-column14057_1943f1-8c > .kt-inside-inner-col > .wp-block-kadence-advancedgallery{align-self:stretch;}.kadence-column14057_1943f1-8c > .kt-inside-inner-col > .aligncenter{width:100%;}.kt-row-column-wrap > .kadence-column14057_1943f1-8c{align-self:center;}.kt-inner-column-height-full:not(.kt-has-1-columns) > .wp-block-kadence-column.kadence-column14057_1943f1-8c{align-self:auto;}.kt-inner-column-height-full:not(.kt-has-1-columns) > .wp-block-kadence-column.kadence-column14057_1943f1-8c > .kt-inside-inner-col{flex-direction:column;justify-content:center;}.kadence-column14057_1943f1-8c > .kt-inside-inner-col:before{opacity:0.3;}.kadence-column14057_1943f1-8c{text-align:left;}.kadence-column14057_1943f1-8c{position:relative;}@media all and (max-width: 1024px){.kt-row-column-wrap > .kadence-column14057_1943f1-8c{align-self:center;}}@media all and (max-width: 1024px){.kt-inner-column-height-full:not(.kt-has-1-columns) > .wp-block-kadence-column.kadence-column14057_1943f1-8c{align-self:auto;}}@media all and (max-width: 1024px){.kt-inner-column-height-full:not(.kt-has-1-columns) > .wp-block-kadence-column.kadence-column14057_1943f1-8c > .kt-inside-inner-col{flex-direction:column;justify-content:center;}}@media all and (max-width: 1024px){.kadence-column14057_1943f1-8c > .kt-inside-inner-col{flex-direction:column;justify-content:center;align-items:center;}}@media all and (max-width: 767px){.kt-row-column-wrap > .kadence-column14057_1943f1-8c{align-self:center;}.kt-inner-column-height-full:not(.kt-has-1-columns) > .wp-block-kadence-column.kadence-column14057_1943f1-8c{align-self:auto;}.kt-inner-column-height-full:not(.kt-has-1-columns) > .wp-block-kadence-column.kadence-column14057_1943f1-8c > .kt-inside-inner-col{flex-direction:column;justify-content:center;}.kadence-column14057_1943f1-8c > .kt-inside-inner-col{flex-direction:column;justify-content:center;align-items:center;}}<\/style>\n<div class=\"wp-block-kadence-column kadence-column14057_1943f1-8c\"><div class=\"kt-inside-inner-col\">\n<p>Cie\u013eom <strong><a href=\"https:\/\/www.upjs.sk\/pracoviska\/unipoc\/buddy-program\/\">BUDDY programu<\/a><\/strong> je podpori\u0165 v\u00e1s, \u0161tudentov, aby ste sa na univerzite c\u00edtili dobre a mali jednoduch\u0161\u00ed pr\u00edstup k inform\u00e1ci\u00e1m a slu\u017eb\u00e1m univerzity.<\/p>\n<\/div><\/div>\n\n<\/div><\/div>\n\n\n<p><strong><mark style=\"background-color:rgba(0, 0, 0, 0)\" class=\"has-inline-color has-zakladna-zlata-color\">Kto je to BUDDY?<\/mark><\/strong><br>BUDDIES s\u00fa dobrovo\u013en\u00edci z radov \u0161tudentov Univerzity Pavla Jozefa \u0160af\u00e1rika v Ko\u0161iciach, ktor\u00ed poskytuj\u00fa podporu a pomoc pre \u0161tudentov v oblasti adapt\u00e1cie na univerzitn\u00e9 prostredie a v oblasti podpory du\u0161evn\u00e9ho zdravia.<\/p>\n\n\n\n<p><strong><mark style=\"background-color:rgba(0, 0, 0, 0)\" class=\"has-inline-color has-zakladna-zlata-color\">S \u010d\u00edm v\u00e1m m\u00f4\u017ee BUDDY pom\u00f4c\u0165?<\/mark><\/strong><br>BUDDY v\u00e1m m\u00f4\u017ee pom\u00f4c\u0165 v nasleduj\u00facich ot\u00e1zkach:<\/p>\n\n\n\n<ul class=\"wp-block-list\">\n<li>poskytn\u00fa\u0165 v\u00e1m inform\u00e1cie o \u0161t\u00fadiu a sprostredkova\u0165 kontakty na r\u00f4zne univerzitn\u00e9 zdroje pomoci;<\/li>\n\n\n\n<li>podpori\u0165 v\u00e1s po\u010das n\u00e1ro\u010dn\u00fdch obdob\u00ed, ktor\u00e9 s\u00favisia so \u0161kolou (napr. sk\u00fa\u0161kov\u00e9 obdobie, z\u00e1po\u010dty, di\u0161tan\u010dn\u00e1 v\u00fdu\u010dba, zn\u00ed\u017een\u00e1 motiv\u00e1cia k u\u010deniu\u2026);<\/li>\n\n\n\n<li>poskytn\u00fa\u0165 v\u00e1m inform\u00e1cie o d\u00f4le\u017eit\u00fdch univerzitn\u00fdch \u0161trukt\u00farach;<\/li>\n\n\n\n<li>pom\u00f4c\u0165 v\u00e1m orientova\u0165 sa v informa\u010dn\u00fdch zdrojoch univerzity (web, soci\u00e1lne siete,\u2026) a v jej priestoroch;<\/li>\n\n\n\n<li>a in\u00e9.<\/li>\n<\/ul>\n\n\n\n<div style=\"height:20px\" aria-hidden=\"true\" class=\"wp-block-spacer\"><\/div>\n\n\n\n<p><strong><mark style=\"background-color:rgba(0, 0, 0, 0)\" class=\"has-inline-color has-zakladna-zlata-color\">Ako z\u00edska\u0165 BUDDYHO?<\/mark><\/strong><br>Ak m\u00e1te z\u00e1ujem z\u00edska\u0165 BUDDYHO, v nasleduj\u00facom formul\u00e1ri vypl\u0148te v\u00e1\u0161 email a fakultu, na ktorej \u0161tudujete: <a href=\"https:\/\/forms.office.com\/pages\/responsepage.aspx?id=8oy29VsDjUKH9vc4QWEwba856E3b9M5NnYF6Ez6E4qRURFkySTNIS0I0QVRUNEpONkJLQzg4Q0xYMi4u\">Formul\u00e1r Buddy program<\/a><\/p>\n\n\n\n<p>Pridelen\u00fd BUDDY (pod\u013ea mo\u017enost\u00ed z va\u0161ej fakulty) sa v\u00e1m v priebehu nieko\u013ek\u00fdch dn\u00ed ozve emailom.<br>Ak m\u00e1te z\u00e1ujem o viac inform\u00e1ci\u00ed, nap\u00ed\u0161te n\u00e1m do Univerzitn\u00e9ho poradensk\u00e9ho centra na&nbsp;<a href=\"mailto:unipoc@upjs.sk\">unipoc@upjs.sk<\/a>.<\/p>\n","protected":false},"excerpt":{"rendered":"<p>Cie\u013eom BUDDY programu je podpori\u0165 v\u00e1s, \u0161tudentov, aby ste sa na univerzite c\u00edtili dobre a mali jednoduch\u0161\u00ed pr\u00edstup k inform\u00e1ci\u00e1m a slu\u017eb\u00e1m univerzity. Kto je to BUDDY?BUDDIES s\u00fa dobrovo\u013en\u00edci z radov \u0161tudentov Univerzity Pavla Jozefa \u0160af\u00e1rika v Ko\u0161iciach, ktor\u00ed poskytuj\u00fa podporu a pomoc pre \u0161tudentov v oblasti adapt\u00e1cie na univerzitn\u00e9 prostredie a v oblasti podpory &hellip; <a href=\"https:\/\/www.upjs.sk\/pracoviska\/studentske-domovy-jedalne\/internaty\/buddy-program\/\">\u010c\u00edta\u0165 \u010falej<\/a><\/p>\n","protected":false},"author":14,"featured_media":0,"parent":13990,"menu_order":5,"comment_status":"closed","ping_status":"closed","template":"","meta":{"_acf_changed":false,"_editorskit_title_hidden":false,"_editorskit_reading_time":0,"_editorskit_is_block_options_detached":false,"_editorskit_block_options_position":"{}","footnotes":""},"categories":[],"tags":[],"class_list":["post-14057","page","type-page","status-publish","hentry"],"acf":{"acf_link_na_externy_obsah":""},"yoast_head":"<!-- This site is optimized with the Yoast SEO plugin v27.4 - https:\/\/yoast.com\/product\/yoast-seo-wordpress\/ -->\n<title>Buddy program - \u0160tudentsk\u00e9 domovy a jed\u00e1lne | UPJ\u0160<\/title>\n<meta name=\"robots\" content=\"index, follow, max-snippet:-1, max-image-preview:large, max-video-preview:-1\" \/>\n<link rel=\"canonical\" href=\"https:\/\/www.upjs.sk\/pracoviska\/studentske-domovy-jedalne\/internaty\/buddy-program\/\" \/>\n<meta property=\"og:locale\" content=\"sk_SK\" \/>\n<meta property=\"og:type\" content=\"article\" \/>\n<meta property=\"og:title\" content=\"Buddy program - \u0160tudentsk\u00e9 domovy a jed\u00e1lne | UPJ\u0160\" \/>\n<meta property=\"og:description\" content=\"Cie\u013eom BUDDY programu je podpori\u0165 v\u00e1s, \u0161tudentov, aby ste sa na univerzite c\u00edtili dobre a mali jednoduch\u0161\u00ed pr\u00edstup k inform\u00e1ci\u00e1m a slu\u017eb\u00e1m univerzity. Kto je to BUDDY?BUDDIES s\u00fa dobrovo\u013en\u00edci z radov \u0161tudentov Univerzity Pavla Jozefa \u0160af\u00e1rika v Ko\u0161iciach, ktor\u00ed poskytuj\u00fa podporu a pomoc pre \u0161tudentov v oblasti adapt\u00e1cie na univerzitn\u00e9 prostredie a v oblasti podpory &hellip; \u010c\u00edta\u0165 \u010falej\" \/>\n<meta property=\"og:url\" content=\"https:\/\/www.upjs.sk\/pracoviska\/studentske-domovy-jedalne\/internaty\/buddy-program\/\" \/>\n<meta property=\"og:site_name\" content=\"\u0160tudentsk\u00e9 domovy a jed\u00e1lne | UPJ\u0160\" \/>\n<meta property=\"article:modified_time\" content=\"2025-02-05T22:01:02+00:00\" \/>\n<meta property=\"og:image\" content=\"https:\/\/www.upjs.sk\/app\/uploads\/sites\/18\/2025\/01\/SD-baner-sk-bv-uzky.jpg\" \/>\n<meta name=\"twitter:card\" content=\"summary_large_image\" \/>\n<meta name=\"twitter:label1\" content=\"Predpokladan\u00fd \u010das \u010d\u00edtania\" \/>\n\t<meta name=\"twitter:data1\" content=\"2 min\u00faty\" \/>\n<script type=\"application\/ld+json\" class=\"yoast-schema-graph\">{\"@context\":\"https:\\\/\\\/schema.org\",\"@graph\":[{\"@type\":\"WebPage\",\"@id\":\"https:\\\/\\\/www.upjs.sk\\\/pracoviska\\\/studentske-domovy-jedalne\\\/internaty\\\/buddy-program\\\/\",\"url\":\"https:\\\/\\\/www.upjs.sk\\\/pracoviska\\\/studentske-domovy-jedalne\\\/internaty\\\/buddy-program\\\/\",\"name\":\"Buddy program - \u0160tudentsk\u00e9 domovy a jed\u00e1lne | UPJ\u0160\",\"isPartOf\":{\"@id\":\"https:\\\/\\\/www.upjs.sk\\\/pracoviska\\\/studentske-domovy-jedalne\\\/#website\"},\"primaryImageOfPage\":{\"@id\":\"https:\\\/\\\/www.upjs.sk\\\/pracoviska\\\/studentske-domovy-jedalne\\\/internaty\\\/buddy-program\\\/#primaryimage\"},\"image\":{\"@id\":\"https:\\\/\\\/www.upjs.sk\\\/pracoviska\\\/studentske-domovy-jedalne\\\/internaty\\\/buddy-program\\\/#primaryimage\"},\"thumbnailUrl\":\"https:\\\/\\\/www.upjs.sk\\\/app\\\/uploads\\\/sites\\\/18\\\/2025\\\/01\\\/SD-baner-sk-bv-uzky.jpg\",\"datePublished\":\"2024-08-26T08:59:19+00:00\",\"dateModified\":\"2025-02-05T22:01:02+00:00\",\"breadcrumb\":{\"@id\":\"https:\\\/\\\/www.upjs.sk\\\/pracoviska\\\/studentske-domovy-jedalne\\\/internaty\\\/buddy-program\\\/#breadcrumb\"},\"inLanguage\":\"sk-SK\",\"potentialAction\":[{\"@type\":\"ReadAction\",\"target\":[\"https:\\\/\\\/www.upjs.sk\\\/pracoviska\\\/studentske-domovy-jedalne\\\/internaty\\\/buddy-program\\\/\"]}]},{\"@type\":\"ImageObject\",\"inLanguage\":\"sk-SK\",\"@id\":\"https:\\\/\\\/www.upjs.sk\\\/pracoviska\\\/studentske-domovy-jedalne\\\/internaty\\\/buddy-program\\\/#primaryimage\",\"url\":\"https:\\\/\\\/www.upjs.sk\\\/app\\\/uploads\\\/sites\\\/18\\\/2025\\\/01\\\/SD-baner-sk-bv-uzky.jpg\",\"contentUrl\":\"https:\\\/\\\/www.upjs.sk\\\/app\\\/uploads\\\/sites\\\/18\\\/2025\\\/01\\\/SD-baner-sk-bv-uzky.jpg\"},{\"@type\":\"BreadcrumbList\",\"@id\":\"https:\\\/\\\/www.upjs.sk\\\/pracoviska\\\/studentske-domovy-jedalne\\\/internaty\\\/buddy-program\\\/#breadcrumb\",\"itemListElement\":[{\"@type\":\"ListItem\",\"position\":1,\"name\":\"Home\",\"item\":\"https:\\\/\\\/www.upjs.sk\\\/pracoviska\\\/studentske-domovy-jedalne\\\/\"},{\"@type\":\"ListItem\",\"position\":2,\"name\":\"\u0160tudentsk\u00e9 domovy\",\"item\":\"https:\\\/\\\/www.upjs.sk\\\/pracoviska\\\/studentske-domovy-jedalne\\\/internaty\\\/\"},{\"@type\":\"ListItem\",\"position\":3,\"name\":\"Buddy program\"}]},{\"@type\":\"WebSite\",\"@id\":\"https:\\\/\\\/www.upjs.sk\\\/pracoviska\\\/studentske-domovy-jedalne\\\/#website\",\"url\":\"https:\\\/\\\/www.upjs.sk\\\/pracoviska\\\/studentske-domovy-jedalne\\\/\",\"name\":\"\u0160tudentsk\u00e9 domovy a jed\u00e1lne | UPJ\u0160\",\"description\":\"\",\"publisher\":{\"@id\":\"https:\\\/\\\/www.upjs.sk\\\/pracoviska\\\/studentske-domovy-jedalne\\\/#organization\"},\"potentialAction\":[{\"@type\":\"SearchAction\",\"target\":{\"@type\":\"EntryPoint\",\"urlTemplate\":\"https:\\\/\\\/www.upjs.sk\\\/pracoviska\\\/studentske-domovy-jedalne\\\/?s={search_term_string}\"},\"query-input\":{\"@type\":\"PropertyValueSpecification\",\"valueRequired\":true,\"valueName\":\"search_term_string\"}}],\"inLanguage\":\"sk-SK\"},{\"@type\":\"Organization\",\"@id\":\"https:\\\/\\\/www.upjs.sk\\\/pracoviska\\\/studentske-domovy-jedalne\\\/#organization\",\"name\":\"\u0160tudentsk\u00e9 domovy a jed\u00e1lne | UPJ\u0160\",\"url\":\"https:\\\/\\\/www.upjs.sk\\\/pracoviska\\\/studentske-domovy-jedalne\\\/\",\"logo\":{\"@type\":\"ImageObject\",\"inLanguage\":\"sk-SK\",\"@id\":\"https:\\\/\\\/www.upjs.sk\\\/pracoviska\\\/studentske-domovy-jedalne\\\/#\\\/schema\\\/logo\\\/image\\\/\",\"url\":\"https:\\\/\\\/www.upjs.sk\\\/app\\\/uploads\\\/sites\\\/18\\\/2023\\\/01\\\/SDAJ.svg\",\"contentUrl\":\"https:\\\/\\\/www.upjs.sk\\\/app\\\/uploads\\\/sites\\\/18\\\/2023\\\/01\\\/SDAJ.svg\",\"width\":500,\"height\":138,\"caption\":\"\u0160tudentsk\u00e9 domovy a jed\u00e1lne | UPJ\u0160\"},\"image\":{\"@id\":\"https:\\\/\\\/www.upjs.sk\\\/pracoviska\\\/studentske-domovy-jedalne\\\/#\\\/schema\\\/logo\\\/image\\\/\"}}]}<\/script>\n<!-- \/ Yoast SEO plugin. -->","yoast_head_json":{"title":"Buddy program - \u0160tudentsk\u00e9 domovy a jed\u00e1lne | UPJ\u0160","robots":{"index":"index","follow":"follow","max-snippet":"max-snippet:-1","max-image-preview":"max-image-preview:large","max-video-preview":"max-video-preview:-1"},"canonical":"https:\/\/www.upjs.sk\/pracoviska\/studentske-domovy-jedalne\/internaty\/buddy-program\/","og_locale":"sk_SK","og_type":"article","og_title":"Buddy program - \u0160tudentsk\u00e9 domovy a jed\u00e1lne | UPJ\u0160","og_description":"Cie\u013eom BUDDY programu je podpori\u0165 v\u00e1s, \u0161tudentov, aby ste sa na univerzite c\u00edtili dobre a mali jednoduch\u0161\u00ed pr\u00edstup k inform\u00e1ci\u00e1m a slu\u017eb\u00e1m univerzity. Kto je to BUDDY?BUDDIES s\u00fa dobrovo\u013en\u00edci z radov \u0161tudentov Univerzity Pavla Jozefa \u0160af\u00e1rika v Ko\u0161iciach, ktor\u00ed poskytuj\u00fa podporu a pomoc pre \u0161tudentov v oblasti adapt\u00e1cie na univerzitn\u00e9 prostredie a v oblasti podpory &hellip; \u010c\u00edta\u0165 \u010falej","og_url":"https:\/\/www.upjs.sk\/pracoviska\/studentske-domovy-jedalne\/internaty\/buddy-program\/","og_site_name":"\u0160tudentsk\u00e9 domovy a jed\u00e1lne | UPJ\u0160","article_modified_time":"2025-02-05T22:01:02+00:00","og_image":[{"url":"https:\/\/www.upjs.sk\/app\/uploads\/sites\/18\/2025\/01\/SD-baner-sk-bv-uzky.jpg","type":"","width":"","height":""}],"twitter_card":"summary_large_image","twitter_misc":{"Predpokladan\u00fd \u010das \u010d\u00edtania":"2 min\u00faty"},"schema":{"@context":"https:\/\/schema.org","@graph":[{"@type":"WebPage","@id":"https:\/\/www.upjs.sk\/pracoviska\/studentske-domovy-jedalne\/internaty\/buddy-program\/","url":"https:\/\/www.upjs.sk\/pracoviska\/studentske-domovy-jedalne\/internaty\/buddy-program\/","name":"Buddy program - \u0160tudentsk\u00e9 domovy a jed\u00e1lne | UPJ\u0160","isPartOf":{"@id":"https:\/\/www.upjs.sk\/pracoviska\/studentske-domovy-jedalne\/#website"},"primaryImageOfPage":{"@id":"https:\/\/www.upjs.sk\/pracoviska\/studentske-domovy-jedalne\/internaty\/buddy-program\/#primaryimage"},"image":{"@id":"https:\/\/www.upjs.sk\/pracoviska\/studentske-domovy-jedalne\/internaty\/buddy-program\/#primaryimage"},"thumbnailUrl":"https:\/\/www.upjs.sk\/app\/uploads\/sites\/18\/2025\/01\/SD-baner-sk-bv-uzky.jpg","datePublished":"2024-08-26T08:59:19+00:00","dateModified":"2025-02-05T22:01:02+00:00","breadcrumb":{"@id":"https:\/\/www.upjs.sk\/pracoviska\/studentske-domovy-jedalne\/internaty\/buddy-program\/#breadcrumb"},"inLanguage":"sk-SK","potentialAction":[{"@type":"ReadAction","target":["https:\/\/www.upjs.sk\/pracoviska\/studentske-domovy-jedalne\/internaty\/buddy-program\/"]}]},{"@type":"ImageObject","inLanguage":"sk-SK","@id":"https:\/\/www.upjs.sk\/pracoviska\/studentske-domovy-jedalne\/internaty\/buddy-program\/#primaryimage","url":"https:\/\/www.upjs.sk\/app\/uploads\/sites\/18\/2025\/01\/SD-baner-sk-bv-uzky.jpg","contentUrl":"https:\/\/www.upjs.sk\/app\/uploads\/sites\/18\/2025\/01\/SD-baner-sk-bv-uzky.jpg"},{"@type":"BreadcrumbList","@id":"https:\/\/www.upjs.sk\/pracoviska\/studentske-domovy-jedalne\/internaty\/buddy-program\/#breadcrumb","itemListElement":[{"@type":"ListItem","position":1,"name":"Home","item":"https:\/\/www.upjs.sk\/pracoviska\/studentske-domovy-jedalne\/"},{"@type":"ListItem","position":2,"name":"\u0160tudentsk\u00e9 domovy","item":"https:\/\/www.upjs.sk\/pracoviska\/studentske-domovy-jedalne\/internaty\/"},{"@type":"ListItem","position":3,"name":"Buddy program"}]},{"@type":"WebSite","@id":"https:\/\/www.upjs.sk\/pracoviska\/studentske-domovy-jedalne\/#website","url":"https:\/\/www.upjs.sk\/pracoviska\/studentske-domovy-jedalne\/","name":"\u0160tudentsk\u00e9 domovy a jed\u00e1lne | UPJ\u0160","description":"","publisher":{"@id":"https:\/\/www.upjs.sk\/pracoviska\/studentske-domovy-jedalne\/#organization"},"potentialAction":[{"@type":"SearchAction","target":{"@type":"EntryPoint","urlTemplate":"https:\/\/www.upjs.sk\/pracoviska\/studentske-domovy-jedalne\/?s={search_term_string}"},"query-input":{"@type":"PropertyValueSpecification","valueRequired":true,"valueName":"search_term_string"}}],"inLanguage":"sk-SK"},{"@type":"Organization","@id":"https:\/\/www.upjs.sk\/pracoviska\/studentske-domovy-jedalne\/#organization","name":"\u0160tudentsk\u00e9 domovy a jed\u00e1lne | UPJ\u0160","url":"https:\/\/www.upjs.sk\/pracoviska\/studentske-domovy-jedalne\/","logo":{"@type":"ImageObject","inLanguage":"sk-SK","@id":"https:\/\/www.upjs.sk\/pracoviska\/studentske-domovy-jedalne\/#\/schema\/logo\/image\/","url":"https:\/\/www.upjs.sk\/app\/uploads\/sites\/18\/2023\/01\/SDAJ.svg","contentUrl":"https:\/\/www.upjs.sk\/app\/uploads\/sites\/18\/2023\/01\/SDAJ.svg","width":500,"height":138,"caption":"\u0160tudentsk\u00e9 domovy a jed\u00e1lne | UPJ\u0160"},"image":{"@id":"https:\/\/www.upjs.sk\/pracoviska\/studentske-domovy-jedalne\/#\/schema\/logo\/image\/"}}]}},"_links":{"self":[{"href":"https:\/\/www.upjs.sk\/pracoviska\/studentske-domovy-jedalne\/wp-json\/wp\/v2\/pages\/14057","targetHints":{"allow":["GET"]}}],"collection":[{"href":"https:\/\/www.upjs.sk\/pracoviska\/studentske-domovy-jedalne\/wp-json\/wp\/v2\/pages"}],"about":[{"href":"https:\/\/www.upjs.sk\/pracoviska\/studentske-domovy-jedalne\/wp-json\/wp\/v2\/types\/page"}],"author":[{"embeddable":true,"href":"https:\/\/www.upjs.sk\/pracoviska\/studentske-domovy-jedalne\/wp-json\/wp\/v2\/users\/14"}],"replies":[{"embeddable":true,"href":"https:\/\/www.upjs.sk\/pracoviska\/studentske-domovy-jedalne\/wp-json\/wp\/v2\/comments?post=14057"}],"version-history":[{"count":6,"href":"https:\/\/www.upjs.sk\/pracoviska\/studentske-domovy-jedalne\/wp-json\/wp\/v2\/pages\/14057\/revisions"}],"predecessor-version":[{"id":14235,"href":"https:\/\/www.upjs.sk\/pracoviska\/studentske-domovy-jedalne\/wp-json\/wp\/v2\/pages\/14057\/revisions\/14235"}],"up":[{"embeddable":true,"href":"https:\/\/www.upjs.sk\/pracoviska\/studentske-domovy-jedalne\/wp-json\/wp\/v2\/pages\/13990"}],"wp:attachment":[{"href":"https:\/\/www.upjs.sk\/pracoviska\/studentske-domovy-jedalne\/wp-json\/wp\/v2\/media?parent=14057"}],"wp:term":[{"taxonomy":"category","embeddable":true,"href":"https:\/\/www.upjs.sk\/pracoviska\/studentske-domovy-jedalne\/wp-json\/wp\/v2\/categories?post=14057"},{"taxonomy":"post_tag","embeddable":true,"href":"https:\/\/www.upjs.sk\/pracoviska\/studentske-domovy-jedalne\/wp-json\/wp\/v2\/tags?post=14057"}],"curies":[{"name":"wp","href":"https:\/\/api.w.org\/{rel}","templated":true}]}}