{"id":14476,"date":"2022-10-25T16:20:39","date_gmt":"2022-10-25T16:20:39","guid":{"rendered":"https:\/\/www.upjs.sk\/pracoviska\/tip\/sp\/casprot\/research\/publications\/"},"modified":"2024-02-13T08:33:29","modified_gmt":"2024-02-13T08:33:29","slug":"publications","status":"publish","type":"page","link":"https:\/\/www.upjs.sk\/pracoviska\/tip\/en\/sp\/casprot\/research\/publications\/","title":{"rendered":"PUBLICATIONS"},"content":{"rendered":"\n<hr class=\"wp-block-separator has-alpha-channel-opacity is-style-wide\"\/>\n\n\n\n<hr class=\"wp-block-separator has-alpha-channel-opacity is-style-wide\"\/>\n\n\n\n<div style=\"height:11px\" aria-hidden=\"true\" class=\"wp-block-spacer\"><\/div>\n\n\n\n<p class=\"has-text-align-left has-cierna-color has-zakladna-siva-background-color has-text-color has-background has-link-color has-medium-font-size wp-elements-81321e322324a3a998e65ac9b6b0a4b0\"><strong>For an actual and complete list of the CIB TIP-UPJ\u0160 publications, please visit <a aria-label=\"the corresponding website (opens in a new tab)\" href=\"https:\/\/cib-center.org\/publications\/\" target=\"_blank\" rel=\"noreferrer noopener\" class=\"ek-link\">the corresponding website<\/a>.<\/strong><\/p>\n\n\n\n<hr class=\"wp-block-separator has-alpha-channel-opacity is-style-wide\"\/>\n\n\n\n<hr class=\"wp-block-separator has-alpha-channel-opacity is-style-wide\"\/>\n\n\n\n<div style=\"height:11px\" aria-hidden=\"true\" class=\"wp-block-spacer\"><\/div>\n\n\n\n<p class=\"has-f-verejnej-s-color has-text-color has-link-color has-large-font-size wp-elements-590e13d0391abb15139ad108195ef93a\"><strong>Scientific papers published with the explicit acknowledgement of the CasProt project:<\/strong><\/p>\n\n\n\n<ol reversed class=\"has-medium-font-size wp-block-list\">\n<li>D\u017eupponov\u00e1 V., \u017dold\u00e1k G.: <a href=\"https:\/\/www.sciencedirect.com\/science\/article\/pii\/S0927776522006671\" class=\"ek-link\">Aggregation mechanism and branched 3D morphologies of pathological human light chain proteins under reducing conditions<\/a><em> Colloids and Surfaces B: Biointerfaces<\/em>&nbsp;221&nbsp;(<strong>2023<\/strong>) 112983.<br><strong><a aria-label=\" (opens in a new tab)\" href=\"https:\/\/zenodo.org\/records\/8033108\" target=\"_blank\" rel=\"noreferrer noopener\" class=\"ek-link\">Zenodo free access<\/a><\/strong>\n<ul class=\"is-style-none wp-block-list\">\n<li><\/li>\n<\/ul>\n<\/li>\n\n\n\n<li>Nemergut M., Sedl\u00e1kov\u00e1 D., Fabriciov\u00e1 G., Belej D., Jancura D., Sedl\u00e1k D.: <a href=\"https:\/\/www.sciencedirect.com\/science\/article\/abs\/pii\/S0141813023002659\" class=\"ek-link\">Explanation of inconsistencies in the determination of human serum albumin thermal stability<\/a><em> International Journal of Biological Macromolecules<\/em>&nbsp;232&nbsp;(<strong>2023<\/strong>) 123379.<br><strong><a href=\"https:\/\/zenodo.org\/records\/7821053\" target=\"_blank\" aria-label=\" (opens in a new tab)\" rel=\"noreferrer noopener\" class=\"ek-link\">Zenodo free access<\/a><\/strong>\n<ul class=\"is-style-none wp-block-list\">\n<li><\/li>\n<\/ul>\n<\/li>\n\n\n\n<li>Pevn\u00e1 V., M\u00e1\u010dajov\u00e1 M., Hovan A., B\u00e1n\u00f3 G., Meta M., Bil\u010d\u00edk B., Palkov\u00e1 J., Huntosova V: <a href=\"https:\/\/www.mdpi.com\/2227-9059\/10\/9\/2141\" class=\"ek-link\">Spheroidal Model of SKBR3 and U87MG Cancer Cells for Live Imaging of Caspase-3 during Apoptosis Induced by Singlet Oxygen in Photodynamic Therapy<\/a><em> Biomedicines<\/em>&nbsp;10(9)&nbsp;(<strong>2022<\/strong>) 2141.<br><strong><a href=\"https:\/\/zenodo.org\/records\/8038243\" target=\"_blank\" aria-label=\"Zenodo free access (opens in a new tab)\" rel=\"noreferrer noopener\" class=\"ek-link\">Zenodo free access<\/a><\/strong>\n<ul class=\"is-style-none wp-block-list\">\n<li><\/li>\n<\/ul>\n<\/li>\n\n\n\n<li>Pevna V., Horvath D., Wagnieres G., Huntosova V: <a href=\"https:\/\/doi.org\/10.1016\/j.jphotobiol.2022.112539\" class=\"ek-link\">Photobiomodulation and photodynamic therapy-induced switching of autophagy and apoptosis in human dermal fibroblasts<\/a><em> Journal of Photochemistry and Photobiology B: Biology<\/em>&nbsp;234&nbsp;(<strong>2022<\/strong>) 112539.<br><strong><a aria-label=\" (opens in a new tab)\" href=\"https:\/\/zenodo.org\/record\/8037407\" target=\"_blank\" rel=\"noreferrer noopener\" class=\"ek-link\">Zenodo free access<\/a><\/strong>\n<ul class=\"is-style-none wp-block-list\">\n<li><\/li>\n<\/ul>\n<\/li>\n\n\n\n<li>Rief M., \u017dold\u00e1k G.: <a href=\"https:\/\/aip.scitation.org\/doi\/10.1063\/5.0098033\" target=\"_blank\" rel=\"noopener\" class=\"ek-link\">Single-molecule mechanical studies of chaperones and their clients<\/a> <em>Biophysics Reviews<\/em> 3 (<strong>2022<\/strong>) 041301.<br><strong><a href=\"https:\/\/zenodo.org\/record\/7246100\" target=\"_blank\" aria-label=\" (opens in a new tab)\" rel=\"noreferrer noopener\" class=\"ek-link\">Zenodo free access<\/a><\/strong>\n<ul class=\"is-style-none wp-block-list\">\n<li><\/li>\n<\/ul>\n<\/li>\n\n\n\n<li>\u017dold\u00e1k G.: <a href=\"https:\/\/www.mdpi.com\/2079-4991\/12\/19\/3524\" target=\"_blank\" rel=\"noopener\">Protein Nanomechanics (Editorial) <\/a><em>Nanomaterials<\/em> 12(19) (<strong>2022<\/strong>) 3524.<br><strong><a aria-label=\" (opens in a new tab)\" href=\"https:\/\/zenodo.org\/record\/7248020\" target=\"_blank\" rel=\"noreferrer noopener\" class=\"ek-link\">Zenodo free access<\/a><\/strong>\n<ul class=\"is-style-none wp-block-list\">\n<li><\/li>\n<\/ul>\n<\/li>\n\n\n\n<li>Du\u0161ekov\u00e1 E., Garajov\u00e1 K., Yava\u015fer, R., Tomkov\u00e1 M., Sedl\u00e1kov\u00e1 D., Dzurillov\u00e1 V., Kulik N., Fadaei F., Shaposhnikova A., Minofar B., Sedl\u00e1k E.: <a href=\"https:\/\/www.sciencedirect.com\/science\/article\/pii\/S0301462222000989\" target=\"_blank\" rel=\"noopener\">Modulation of global stability, ligand binding and catalytic properties of trypsin by anions<\/a> <em>Biophysical Chemistry<\/em> 288 (<strong>2022<\/strong>) 106856.<br><strong><a href=\"https:\/\/zenodo.org\/records\/7110517\" target=\"_blank\" aria-label=\"Zenodo free access (opens in a new tab)\" rel=\"noreferrer noopener\" class=\"ek-link\">Zenodo free access<\/a><\/strong>\n<ul class=\"is-style-none wp-block-list\">\n<li><\/li>\n<\/ul>\n<\/li>\n\n\n\n<li>Du\u0161ekov\u00e1 E., Berta M., Sedl\u00e1kov\u00e1 D., \u0158eha D., Dzurillov\u00e1 V., Shaposhnikova A., Fadaei F., Tomkov\u00e1 M., Minofar B., Sedl\u00e1k E.:&nbsp;<a href=\"https:\/\/www.sciencedirect.com\/science\/article\/pii\/S0301462222000679\" target=\"_blank\" rel=\"noopener\">Specific anion effect on properties of HRV 3C protease<\/a> <em>Biophysical Chemistry<\/em> 287 (<strong>2022<\/strong>) 106825.<br><strong><a aria-label=\" (opens in a new tab)\" href=\"https:\/\/zenodo.org\/record\/6562032\" target=\"_blank\" rel=\"noreferrer noopener\" class=\"ek-link\">Zenodo free access<\/a><\/strong>\n<ul class=\"is-style-none wp-block-list\">\n<li><\/li>\n<\/ul>\n<\/li>\n\n\n\n<li>Gala M., Prista\u0161 P.; \u017dold\u00e1k G.: <a href=\"https:\/\/www.mdpi.com\/1422-0067\/23\/5\/2788\" target=\"_blank\" rel=\"noopener\">Allosteric Inter-Domain Contacts in Bacterial Hsp70 Are Located in Regions That Avoid Insertion and Deletion Events<\/a>. <em>International Journal of Molecular Sciences<\/em> 23(5) (<strong>2022<\/strong>) 2788.<br><strong><a aria-label=\" (opens in a new tab)\" href=\"https:\/\/zenodo.org\/record\/6403245\" target=\"_blank\" rel=\"noreferrer noopener\" class=\"ek-link\">Zenodo free access<\/a><\/strong>\n<ul class=\"is-style-none wp-block-list\">\n<li><\/li>\n<\/ul>\n<\/li>\n\n\n\n<li>Pevn\u00e1 V., Wagnieres G., Hunto\u0161ov\u00e1 V.: <a data-auth=\"NotApplicable\" data-linkindex=\"0\" href=\"https:\/\/www.mdpi.com\/2227-9059\/9\/11\/1703\" target=\"_blank\" rel=\"noopener noreferrer\" class=\"ek-link\">Autophagy and Apoptosis Induced in U87 MG Glioblastoma Cells by Hypericin-Mediated Photodynamic Therapy Can Be Photobiomodulated with 808 nm Light<\/a>. <em>Biomedicines <\/em>9(11) (<strong>2021<\/strong>) 1703.<br><strong><a aria-label=\" (opens in a new tab)\" href=\"https:\/\/zenodo.org\/record\/6258043\" target=\"_blank\" rel=\"noreferrer noopener\" class=\"ek-link\">Zenodo free access<\/a><\/strong>\n<ul class=\"is-style-none wp-block-list\">\n<li><\/li>\n<\/ul>\n<\/li>\n\n\n\n<li>Nemergut M., \u0160krabana R., Berta M., Pl\u00fcckthun A., Sedl\u00e1k E.: <a href=\"http:\/\/www.sciencedirect.com\/science\/article\/abs\/pii\/S0141813021015683\" target=\"_blank\" rel=\"noopener\">Purification of MBP fusion proteins using engineered DARPin affinity matrix<\/a>. <em>International Journal of Biological Macromolecules<\/em> 187 (<strong>2021<\/strong>) 105-112.<br><strong><a aria-label=\" (opens in a new tab)\" href=\"https:\/\/zenodo.org\/record\/6386786\" target=\"_blank\" rel=\"noreferrer noopener\" class=\"ek-link\">Zenodo free access<\/a><\/strong>\n<ul class=\"is-style-none wp-block-list\">\n<li><\/li>\n<\/ul>\n<\/li>\n\n\n\n<li>Sengupta A., Rognoni L.E., Merkel U., \u017dold\u00e1k G., Rief M.: <a href=\"https:\/\/pubs.acs.org\/doi\/full\/10.1021\/acs.jpcb.1c03648\" target=\"_blank\" rel=\"noopener\" class=\"ek-link\">SlyD Accelerates trans-to-cis Prolyl Isomerization in a Mechanosignaling Protein under Loadtrans-to-cis Prolyl Isomerization in a Mechanosignaling Protein under Load<\/a>. <em>The Journal of Physical Chemistry B<\/em> 25(31) (<strong>2021<\/strong>) 8712-8721.<br><strong><a aria-label=\" (opens in a new tab)\" href=\"https:\/\/zenodo.org\/record\/6383231\" target=\"_blank\" rel=\"noreferrer noopener\" class=\"ek-link\">Zenodo free access<\/a><\/strong>\n<ul class=\"is-style-none wp-block-list\">\n<li><\/li>\n<\/ul>\n<\/li>\n\n\n\n<li>Bauer J., \u017dold\u00e1k G.: <a href=\"https:\/\/www.mdpi.com\/2079-4991\/11\/11\/2795\" target=\"_blank\" rel=\"noopener\">Interpretation of Single-Molecule Force Experiments on Proteins Using Normal Mode Analysis<\/a>. <em>Nanomaterials<\/em> 11(11) (<strong>2021<\/strong>) 2795.<br><strong><a aria-label=\" (opens in a new tab)\" href=\"https:\/\/zenodo.org\/record\/6257886\" target=\"_blank\" rel=\"noreferrer noopener\" class=\"ek-link\">Zenodo free access<\/a><\/strong><\/li>\n<\/ol>\n","protected":false},"excerpt":{"rendered":"<p>For an actual and complete list of the CIB TIP-UPJ\u0160 publications, please visit the corresponding website. Scientific papers published with the explicit acknowledgement of the CasProt project:<\/p>\n","protected":false},"author":1,"featured_media":0,"parent":14451,"menu_order":0,"comment_status":"closed","ping_status":"closed","template":"","meta":{"_acf_changed":false,"_editorskit_title_hidden":false,"_editorskit_reading_time":1,"_editorskit_is_block_options_detached":false,"_editorskit_block_options_position":"{}","footnotes":""},"categories":[],"tags":[],"class_list":["post-14476","page","type-page","status-publish","hentry"],"acf":{"acf_link_na_externy_obsah":""},"yoast_head":"<!-- This site is optimized with the Yoast SEO plugin v27.5 - https:\/\/yoast.com\/product\/yoast-seo-wordpress\/ -->\n<title>PUBLICATIONS - Technologick\u00fd a inova\u010dn\u00fd park | UPJ\u0160<\/title>\n<meta name=\"robots\" content=\"index, follow, max-snippet:-1, max-image-preview:large, max-video-preview:-1\" \/>\n<link rel=\"canonical\" href=\"https:\/\/www.upjs.sk\/pracoviska\/tip\/en\/sp\/casprot\/research\/publications\/\" \/>\n<meta property=\"og:locale\" content=\"en_US\" \/>\n<meta property=\"og:type\" content=\"article\" \/>\n<meta property=\"og:title\" content=\"PUBLICATIONS - Technologick\u00fd a inova\u010dn\u00fd park | UPJ\u0160\" \/>\n<meta property=\"og:description\" content=\"For an actual and complete list of the CIB TIP-UPJ\u0160 publications, please visit the corresponding website. Scientific papers published with the explicit acknowledgement of the CasProt project:\" \/>\n<meta property=\"og:url\" content=\"https:\/\/www.upjs.sk\/pracoviska\/tip\/en\/sp\/casprot\/research\/publications\/\" \/>\n<meta property=\"og:site_name\" content=\"Technologick\u00fd a inova\u010dn\u00fd park | UPJ\u0160\" \/>\n<meta property=\"article:modified_time\" content=\"2024-02-13T08:33:29+00:00\" \/>\n<meta name=\"twitter:card\" content=\"summary_large_image\" \/>\n<meta name=\"twitter:label1\" content=\"Est. reading time\" \/>\n\t<meta name=\"twitter:data1\" content=\"3 minutes\" \/>\n<script type=\"application\/ld+json\" class=\"yoast-schema-graph\">{\"@context\":\"https:\\\/\\\/schema.org\",\"@graph\":[{\"@type\":\"WebPage\",\"@id\":\"https:\\\/\\\/www.upjs.sk\\\/pracoviska\\\/tip\\\/en\\\/sp\\\/casprot\\\/research\\\/publications\\\/\",\"url\":\"https:\\\/\\\/www.upjs.sk\\\/pracoviska\\\/tip\\\/en\\\/sp\\\/casprot\\\/research\\\/publications\\\/\",\"name\":\"PUBLICATIONS - Technologick\u00fd a inova\u010dn\u00fd park | UPJ\u0160\",\"isPartOf\":{\"@id\":\"https:\\\/\\\/www.upjs.sk\\\/pracoviska\\\/tip\\\/en\\\/#website\"},\"datePublished\":\"2022-10-25T16:20:39+00:00\",\"dateModified\":\"2024-02-13T08:33:29+00:00\",\"breadcrumb\":{\"@id\":\"https:\\\/\\\/www.upjs.sk\\\/pracoviska\\\/tip\\\/en\\\/sp\\\/casprot\\\/research\\\/publications\\\/#breadcrumb\"},\"inLanguage\":\"en-US\",\"potentialAction\":[{\"@type\":\"ReadAction\",\"target\":[\"https:\\\/\\\/www.upjs.sk\\\/pracoviska\\\/tip\\\/en\\\/sp\\\/casprot\\\/research\\\/publications\\\/\"]}]},{\"@type\":\"BreadcrumbList\",\"@id\":\"https:\\\/\\\/www.upjs.sk\\\/pracoviska\\\/tip\\\/en\\\/sp\\\/casprot\\\/research\\\/publications\\\/#breadcrumb\",\"itemListElement\":[{\"@type\":\"ListItem\",\"position\":1,\"name\":\"Home\",\"item\":\"https:\\\/\\\/www.upjs.sk\\\/pracoviska\\\/tip\\\/en\\\/\"},{\"@type\":\"ListItem\",\"position\":2,\"name\":\"Significant Projects\",\"item\":\"https:\\\/\\\/www.upjs.sk\\\/pracoviska\\\/tip\\\/en\\\/sp\\\/\"},{\"@type\":\"ListItem\",\"position\":3,\"name\":\"CasProt\",\"item\":\"https:\\\/\\\/www.upjs.sk\\\/pracoviska\\\/tip\\\/en\\\/sp\\\/casprot\\\/\"},{\"@type\":\"ListItem\",\"position\":4,\"name\":\"RESEARCH ACTIVITIES\",\"item\":\"https:\\\/\\\/www.upjs.sk\\\/pracoviska\\\/tip\\\/en\\\/sp\\\/casprot\\\/research\\\/\"},{\"@type\":\"ListItem\",\"position\":5,\"name\":\"PUBLICATIONS\"}]},{\"@type\":\"WebSite\",\"@id\":\"https:\\\/\\\/www.upjs.sk\\\/pracoviska\\\/tip\\\/en\\\/#website\",\"url\":\"https:\\\/\\\/www.upjs.sk\\\/pracoviska\\\/tip\\\/en\\\/\",\"name\":\"Technologick\u00fd a inova\u010dn\u00fd park | UPJ\u0160\",\"description\":\"\",\"publisher\":{\"@id\":\"https:\\\/\\\/www.upjs.sk\\\/pracoviska\\\/tip\\\/en\\\/#organization\"},\"potentialAction\":[{\"@type\":\"SearchAction\",\"target\":{\"@type\":\"EntryPoint\",\"urlTemplate\":\"https:\\\/\\\/www.upjs.sk\\\/pracoviska\\\/tip\\\/en\\\/?s={search_term_string}\"},\"query-input\":{\"@type\":\"PropertyValueSpecification\",\"valueRequired\":true,\"valueName\":\"search_term_string\"}}],\"inLanguage\":\"en-US\"},{\"@type\":\"Organization\",\"@id\":\"https:\\\/\\\/www.upjs.sk\\\/pracoviska\\\/tip\\\/en\\\/#organization\",\"name\":\"Technologick\u00fd a inova\u010dn\u00fd park | UPJ\u0160\",\"url\":\"https:\\\/\\\/www.upjs.sk\\\/pracoviska\\\/tip\\\/en\\\/\",\"logo\":{\"@type\":\"ImageObject\",\"inLanguage\":\"en-US\",\"@id\":\"https:\\\/\\\/www.upjs.sk\\\/pracoviska\\\/tip\\\/en\\\/#\\\/schema\\\/logo\\\/image\\\/\",\"url\":\"https:\\\/\\\/www.upjs.sk\\\/app\\\/uploads\\\/sites\\\/24\\\/2023\\\/02\\\/TIP_ENG.svg\",\"contentUrl\":\"https:\\\/\\\/www.upjs.sk\\\/app\\\/uploads\\\/sites\\\/24\\\/2023\\\/02\\\/TIP_ENG.svg\",\"width\":500,\"height\":138,\"caption\":\"Technologick\u00fd a inova\u010dn\u00fd park | UPJ\u0160\"},\"image\":{\"@id\":\"https:\\\/\\\/www.upjs.sk\\\/pracoviska\\\/tip\\\/en\\\/#\\\/schema\\\/logo\\\/image\\\/\"}}]}<\/script>\n<!-- \/ Yoast SEO plugin. -->","yoast_head_json":{"title":"PUBLICATIONS - Technologick\u00fd a inova\u010dn\u00fd park | UPJ\u0160","robots":{"index":"index","follow":"follow","max-snippet":"max-snippet:-1","max-image-preview":"max-image-preview:large","max-video-preview":"max-video-preview:-1"},"canonical":"https:\/\/www.upjs.sk\/pracoviska\/tip\/en\/sp\/casprot\/research\/publications\/","og_locale":"en_US","og_type":"article","og_title":"PUBLICATIONS - Technologick\u00fd a inova\u010dn\u00fd park | UPJ\u0160","og_description":"For an actual and complete list of the CIB TIP-UPJ\u0160 publications, please visit the corresponding website. Scientific papers published with the explicit acknowledgement of the CasProt project:","og_url":"https:\/\/www.upjs.sk\/pracoviska\/tip\/en\/sp\/casprot\/research\/publications\/","og_site_name":"Technologick\u00fd a inova\u010dn\u00fd park | UPJ\u0160","article_modified_time":"2024-02-13T08:33:29+00:00","twitter_card":"summary_large_image","twitter_misc":{"Est. reading time":"3 minutes"},"schema":{"@context":"https:\/\/schema.org","@graph":[{"@type":"WebPage","@id":"https:\/\/www.upjs.sk\/pracoviska\/tip\/en\/sp\/casprot\/research\/publications\/","url":"https:\/\/www.upjs.sk\/pracoviska\/tip\/en\/sp\/casprot\/research\/publications\/","name":"PUBLICATIONS - Technologick\u00fd a inova\u010dn\u00fd park | UPJ\u0160","isPartOf":{"@id":"https:\/\/www.upjs.sk\/pracoviska\/tip\/en\/#website"},"datePublished":"2022-10-25T16:20:39+00:00","dateModified":"2024-02-13T08:33:29+00:00","breadcrumb":{"@id":"https:\/\/www.upjs.sk\/pracoviska\/tip\/en\/sp\/casprot\/research\/publications\/#breadcrumb"},"inLanguage":"en-US","potentialAction":[{"@type":"ReadAction","target":["https:\/\/www.upjs.sk\/pracoviska\/tip\/en\/sp\/casprot\/research\/publications\/"]}]},{"@type":"BreadcrumbList","@id":"https:\/\/www.upjs.sk\/pracoviska\/tip\/en\/sp\/casprot\/research\/publications\/#breadcrumb","itemListElement":[{"@type":"ListItem","position":1,"name":"Home","item":"https:\/\/www.upjs.sk\/pracoviska\/tip\/en\/"},{"@type":"ListItem","position":2,"name":"Significant Projects","item":"https:\/\/www.upjs.sk\/pracoviska\/tip\/en\/sp\/"},{"@type":"ListItem","position":3,"name":"CasProt","item":"https:\/\/www.upjs.sk\/pracoviska\/tip\/en\/sp\/casprot\/"},{"@type":"ListItem","position":4,"name":"RESEARCH ACTIVITIES","item":"https:\/\/www.upjs.sk\/pracoviska\/tip\/en\/sp\/casprot\/research\/"},{"@type":"ListItem","position":5,"name":"PUBLICATIONS"}]},{"@type":"WebSite","@id":"https:\/\/www.upjs.sk\/pracoviska\/tip\/en\/#website","url":"https:\/\/www.upjs.sk\/pracoviska\/tip\/en\/","name":"Technologick\u00fd a inova\u010dn\u00fd park | UPJ\u0160","description":"","publisher":{"@id":"https:\/\/www.upjs.sk\/pracoviska\/tip\/en\/#organization"},"potentialAction":[{"@type":"SearchAction","target":{"@type":"EntryPoint","urlTemplate":"https:\/\/www.upjs.sk\/pracoviska\/tip\/en\/?s={search_term_string}"},"query-input":{"@type":"PropertyValueSpecification","valueRequired":true,"valueName":"search_term_string"}}],"inLanguage":"en-US"},{"@type":"Organization","@id":"https:\/\/www.upjs.sk\/pracoviska\/tip\/en\/#organization","name":"Technologick\u00fd a inova\u010dn\u00fd park | UPJ\u0160","url":"https:\/\/www.upjs.sk\/pracoviska\/tip\/en\/","logo":{"@type":"ImageObject","inLanguage":"en-US","@id":"https:\/\/www.upjs.sk\/pracoviska\/tip\/en\/#\/schema\/logo\/image\/","url":"https:\/\/www.upjs.sk\/app\/uploads\/sites\/24\/2023\/02\/TIP_ENG.svg","contentUrl":"https:\/\/www.upjs.sk\/app\/uploads\/sites\/24\/2023\/02\/TIP_ENG.svg","width":500,"height":138,"caption":"Technologick\u00fd a inova\u010dn\u00fd park | UPJ\u0160"},"image":{"@id":"https:\/\/www.upjs.sk\/pracoviska\/tip\/en\/#\/schema\/logo\/image\/"}}]}},"_links":{"self":[{"href":"https:\/\/www.upjs.sk\/pracoviska\/tip\/en\/wp-json\/wp\/v2\/pages\/14476","targetHints":{"allow":["GET"]}}],"collection":[{"href":"https:\/\/www.upjs.sk\/pracoviska\/tip\/en\/wp-json\/wp\/v2\/pages"}],"about":[{"href":"https:\/\/www.upjs.sk\/pracoviska\/tip\/en\/wp-json\/wp\/v2\/types\/page"}],"author":[{"embeddable":true,"href":"https:\/\/www.upjs.sk\/pracoviska\/tip\/en\/wp-json\/wp\/v2\/users\/1"}],"replies":[{"embeddable":true,"href":"https:\/\/www.upjs.sk\/pracoviska\/tip\/en\/wp-json\/wp\/v2\/comments?post=14476"}],"version-history":[{"count":20,"href":"https:\/\/www.upjs.sk\/pracoviska\/tip\/en\/wp-json\/wp\/v2\/pages\/14476\/revisions"}],"predecessor-version":[{"id":18357,"href":"https:\/\/www.upjs.sk\/pracoviska\/tip\/en\/wp-json\/wp\/v2\/pages\/14476\/revisions\/18357"}],"up":[{"embeddable":true,"href":"https:\/\/www.upjs.sk\/pracoviska\/tip\/en\/wp-json\/wp\/v2\/pages\/14451"}],"wp:attachment":[{"href":"https:\/\/www.upjs.sk\/pracoviska\/tip\/en\/wp-json\/wp\/v2\/media?parent=14476"}],"wp:term":[{"taxonomy":"category","embeddable":true,"href":"https:\/\/www.upjs.sk\/pracoviska\/tip\/en\/wp-json\/wp\/v2\/categories?post=14476"},{"taxonomy":"post_tag","embeddable":true,"href":"https:\/\/www.upjs.sk\/pracoviska\/tip\/en\/wp-json\/wp\/v2\/tags?post=14476"}],"curies":[{"name":"wp","href":"https:\/\/api.w.org\/{rel}","templated":true}]}}