{"id":14478,"date":"2022-07-08T09:32:22","date_gmt":"2022-07-08T09:32:46","guid":{"rendered":"https:\/\/www.upjs.sk\/pracoviska\/tip\/sp\/casprot\/events\/sumschool\/"},"modified":"2023-04-21T05:24:45","modified_gmt":"2023-04-21T05:24:45","slug":"protein-stability-folding","status":"publish","type":"page","link":"https:\/\/www.upjs.sk\/pracoviska\/tip\/en\/sp\/casprot\/events\/summer-schools\/protein-stability-folding\/","title":{"rendered":"Summer School on Protein Stability and Folding"},"content":{"rendered":"\n<figure class=\"wp-block-image aligncenter is-resized\"><img loading=\"lazy\" decoding=\"async\" src=\"https:\/\/www.upjs.sk\/app\/uploads\/sites\/24\/2022\/11\/Casprot_SumSchool.png\" alt=\"\" width=\"709\" height=\"311\"\/><\/figure>\n\n\n<style>.wp-block-kadence-spacer.kt-block-spacer-_84118c-fb .kt-block-spacer{height:20px;}.wp-block-kadence-spacer.kt-block-spacer-_84118c-fb .kt-divider{border-top-width:2px;border-top-color:#eee;width:100%;border-top-style:solid;}<\/style>\n<div class=\"wp-block-kadence-spacer aligncenter kt-block-spacer-_84118c-fb\"><div class=\"kt-block-spacer kt-block-spacer-halign-center\"><hr class=\"kt-divider\"\/><\/div><\/div>\n\n\n\n<ul class=\"has-zakladna-modra-color has-zakladna-siva-background-color has-text-color has-background has-medium-font-size has-list-bullet-color wp-block-list\" style=\"--ek-bullet-color:#164082\">\n<li><a href=\"\/public\/media\/27284\/CasProt_SummerSchool-PSF2022_poster.pdf\" target=\"_blank\" rel=\"noopener\" class=\"ek-link\"><strong>Poster<\/strong><\/a><\/li>\n\n\n\n<li><a href=\"\/public\/media\/27284\/CasProt_SummerSchool-PSF2022_leaflet.pdf\" target=\"_blank\" rel=\"noopener\" class=\"ek-link\"><strong>Leaflet<\/strong><\/a><\/li>\n\n\n\n<li><a href=\"\/public\/media\/27284\/CasProt_Summer_School_Programme.pdf\" target=\"_blank\" rel=\"noopener\" class=\"ek-link\"><strong>Program<\/strong><\/a><\/li>\n\n\n\n<li><a href=\"#foto\" class=\"ek-link\"><strong>Photogallery<\/strong><\/a><\/li>\n<\/ul>\n\n\n\n<div style=\"height:20px\" aria-hidden=\"true\" class=\"wp-block-spacer\"><\/div>\n\n\n\n<p><strong>Dear students of biological\/biochemical\/biophysical programs and enthusiastic bioscientists in protein research!<\/strong><\/p>\n\n\n\n<p>We are pleased to inform you about the CasProt <strong>Summer School on Protein Stability and Folding<\/strong>, which is planned in Kosice between the <strong>27th of June 2022 \u2013 the 7th of July 2022<\/strong>. You will hear keynote speakers talking about their research in biochemistry and biophysics. The summer school participants will also have the opportunity to work in laboratories and employ different experimental techniques to study proteins&#8217; stability, folding, and enzyme activity. During Summer School, the participants will learn the basics of theoretical data analysis and the application of machine learning in biosciences.<\/p>\n\n\n\n<p><strong>The number of participants is limited to 15.<\/strong><\/p>\n\n\n\n<p>Please reserve your spot by filling out an application form on the <a href=\"https:\/\/docs.google.com\/forms\/d\/1z9n-Ql7aWoEouqMRJhwZ-Ux-r-beKCNMJMq14fwIWes\/edit\" target=\"_blank\" rel=\"noopener\">website<\/a>.<\/p>\n\n\n\n<p>If you have questions, please feel free to contact us at: <a href=\"mailto: viktoria.masatova@upjs.sk\">viktoria.masatova@upjs.sk<\/a><\/p>\n\n\n\n<p>All the best,<br>Organisation team<\/p>\n\n\n\n<p>Assoc. prof. Gabriel \u017dold\u00e1k, Assoc. prof. Rastislav Varha\u010d, and MSc. Viktoria Ma\u0161atov\u00e1<\/p>\n\n\n\n<p>Center for interdisciplinary biosciences, Technology and Innovation Park, UPJ\u0160<br>Department of Biophysics, Institute of Physics, Faculty of Science, UPJ\u0160<br>Department of Biochemistry, Institute of Physics, Faculty of Science, UPJ\u0160<\/p>\n\n\n\n<p>&nbsp;<\/p>\n\n\n\n<p class=\"has-text-align-center\"><\/p>\n","protected":false},"excerpt":{"rendered":"<p>Dear students of biological\/biochemical\/biophysical programs and enthusiastic bioscientists in protein research! We are pleased to inform you about the CasProt Summer School on Protein Stability and Folding, which is planned in Kosice between the 27th of June 2022 \u2013 the 7th of July 2022. You will hear keynote speakers talking about their research in biochemistry &hellip; <a href=\"https:\/\/www.upjs.sk\/pracoviska\/tip\/en\/sp\/casprot\/events\/summer-schools\/protein-stability-folding\/\">Continued<\/a><\/p>\n","protected":false},"author":1,"featured_media":14479,"parent":15895,"menu_order":1,"comment_status":"closed","ping_status":"closed","template":"","meta":{"_acf_changed":false,"_editorskit_title_hidden":false,"_editorskit_reading_time":1,"_editorskit_is_block_options_detached":false,"_editorskit_block_options_position":"{}","footnotes":""},"categories":[],"tags":[],"class_list":["post-14478","page","type-page","status-publish","has-post-thumbnail","hentry"],"acf":{"acf_link_na_externy_obsah":""},"yoast_head":"<!-- This site is optimized with the Yoast SEO plugin v27.4 - https:\/\/yoast.com\/product\/yoast-seo-wordpress\/ -->\n<title>Summer School on Protein Stability and Folding - Technologick\u00fd a inova\u010dn\u00fd park | UPJ\u0160<\/title>\n<meta name=\"robots\" content=\"index, follow, max-snippet:-1, max-image-preview:large, max-video-preview:-1\" \/>\n<link rel=\"canonical\" href=\"https:\/\/www.upjs.sk\/pracoviska\/tip\/en\/sp\/casprot\/events\/summer-schools\/protein-stability-folding\/\" \/>\n<meta property=\"og:locale\" content=\"en_US\" \/>\n<meta property=\"og:type\" content=\"article\" \/>\n<meta property=\"og:title\" content=\"Summer School on Protein Stability and Folding - Technologick\u00fd a inova\u010dn\u00fd park | UPJ\u0160\" \/>\n<meta property=\"og:description\" content=\"Dear students of biological\/biochemical\/biophysical programs and enthusiastic bioscientists in protein research! We are pleased to inform you about the CasProt Summer School on Protein Stability and Folding, which is planned in Kosice between the 27th of June 2022 \u2013 the 7th of July 2022. You will hear keynote speakers talking about their research in biochemistry &hellip; Continued\" \/>\n<meta property=\"og:url\" content=\"https:\/\/www.upjs.sk\/pracoviska\/tip\/en\/sp\/casprot\/events\/summer-schools\/protein-stability-folding\/\" \/>\n<meta property=\"og:site_name\" content=\"Technologick\u00fd a inova\u010dn\u00fd park | UPJ\u0160\" \/>\n<meta property=\"article:modified_time\" content=\"2023-04-21T05:24:45+00:00\" \/>\n<meta property=\"og:image\" content=\"https:\/\/www.upjs.sk\/app\/uploads\/sites\/24\/2022\/11\/Casprot_SumSchool.png\" \/>\n\t<meta property=\"og:image:width\" content=\"1180\" \/>\n\t<meta property=\"og:image:height\" content=\"518\" \/>\n\t<meta property=\"og:image:type\" content=\"image\/png\" \/>\n<meta name=\"twitter:card\" content=\"summary_large_image\" \/>\n<meta name=\"twitter:label1\" content=\"Est. reading time\" \/>\n\t<meta name=\"twitter:data1\" content=\"2 minutes\" \/>\n<script type=\"application\/ld+json\" class=\"yoast-schema-graph\">{\"@context\":\"https:\\\/\\\/schema.org\",\"@graph\":[{\"@type\":\"WebPage\",\"@id\":\"https:\\\/\\\/www.upjs.sk\\\/pracoviska\\\/tip\\\/en\\\/sp\\\/casprot\\\/events\\\/summer-schools\\\/protein-stability-folding\\\/\",\"url\":\"https:\\\/\\\/www.upjs.sk\\\/pracoviska\\\/tip\\\/en\\\/sp\\\/casprot\\\/events\\\/summer-schools\\\/protein-stability-folding\\\/\",\"name\":\"Summer School on Protein Stability and Folding - Technologick\u00fd a inova\u010dn\u00fd park | UPJ\u0160\",\"isPartOf\":{\"@id\":\"https:\\\/\\\/www.upjs.sk\\\/pracoviska\\\/tip\\\/en\\\/#website\"},\"primaryImageOfPage\":{\"@id\":\"https:\\\/\\\/www.upjs.sk\\\/pracoviska\\\/tip\\\/en\\\/sp\\\/casprot\\\/events\\\/summer-schools\\\/protein-stability-folding\\\/#primaryimage\"},\"image\":{\"@id\":\"https:\\\/\\\/www.upjs.sk\\\/pracoviska\\\/tip\\\/en\\\/sp\\\/casprot\\\/events\\\/summer-schools\\\/protein-stability-folding\\\/#primaryimage\"},\"thumbnailUrl\":\"https:\\\/\\\/www.upjs.sk\\\/app\\\/uploads\\\/sites\\\/24\\\/2022\\\/11\\\/Casprot_SumSchool.png\",\"datePublished\":\"2022-07-08T09:32:46+00:00\",\"dateModified\":\"2023-04-21T05:24:45+00:00\",\"breadcrumb\":{\"@id\":\"https:\\\/\\\/www.upjs.sk\\\/pracoviska\\\/tip\\\/en\\\/sp\\\/casprot\\\/events\\\/summer-schools\\\/protein-stability-folding\\\/#breadcrumb\"},\"inLanguage\":\"en-US\",\"potentialAction\":[{\"@type\":\"ReadAction\",\"target\":[\"https:\\\/\\\/www.upjs.sk\\\/pracoviska\\\/tip\\\/en\\\/sp\\\/casprot\\\/events\\\/summer-schools\\\/protein-stability-folding\\\/\"]}]},{\"@type\":\"ImageObject\",\"inLanguage\":\"en-US\",\"@id\":\"https:\\\/\\\/www.upjs.sk\\\/pracoviska\\\/tip\\\/en\\\/sp\\\/casprot\\\/events\\\/summer-schools\\\/protein-stability-folding\\\/#primaryimage\",\"url\":\"https:\\\/\\\/www.upjs.sk\\\/app\\\/uploads\\\/sites\\\/24\\\/2022\\\/11\\\/Casprot_SumSchool.png\",\"contentUrl\":\"https:\\\/\\\/www.upjs.sk\\\/app\\\/uploads\\\/sites\\\/24\\\/2022\\\/11\\\/Casprot_SumSchool.png\",\"width\":1180,\"height\":518,\"caption\":\"sumschool\"},{\"@type\":\"BreadcrumbList\",\"@id\":\"https:\\\/\\\/www.upjs.sk\\\/pracoviska\\\/tip\\\/en\\\/sp\\\/casprot\\\/events\\\/summer-schools\\\/protein-stability-folding\\\/#breadcrumb\",\"itemListElement\":[{\"@type\":\"ListItem\",\"position\":1,\"name\":\"Home\",\"item\":\"https:\\\/\\\/www.upjs.sk\\\/pracoviska\\\/tip\\\/en\\\/\"},{\"@type\":\"ListItem\",\"position\":2,\"name\":\"Significant Projects\",\"item\":\"https:\\\/\\\/www.upjs.sk\\\/pracoviska\\\/tip\\\/en\\\/sp\\\/\"},{\"@type\":\"ListItem\",\"position\":3,\"name\":\"CasProt\",\"item\":\"https:\\\/\\\/www.upjs.sk\\\/pracoviska\\\/tip\\\/en\\\/sp\\\/casprot\\\/\"},{\"@type\":\"ListItem\",\"position\":4,\"name\":\"EVENTS\",\"item\":\"https:\\\/\\\/www.upjs.sk\\\/pracoviska\\\/tip\\\/en\\\/sp\\\/casprot\\\/events\\\/\"},{\"@type\":\"ListItem\",\"position\":5,\"name\":\"Summer Schools\",\"item\":\"https:\\\/\\\/www.upjs.sk\\\/pracoviska\\\/tip\\\/en\\\/sp\\\/casprot\\\/events\\\/summer-schools\\\/\"},{\"@type\":\"ListItem\",\"position\":6,\"name\":\"Summer School on Protein Stability and Folding\"}]},{\"@type\":\"WebSite\",\"@id\":\"https:\\\/\\\/www.upjs.sk\\\/pracoviska\\\/tip\\\/en\\\/#website\",\"url\":\"https:\\\/\\\/www.upjs.sk\\\/pracoviska\\\/tip\\\/en\\\/\",\"name\":\"Technologick\u00fd a inova\u010dn\u00fd park | UPJ\u0160\",\"description\":\"\",\"publisher\":{\"@id\":\"https:\\\/\\\/www.upjs.sk\\\/pracoviska\\\/tip\\\/en\\\/#organization\"},\"potentialAction\":[{\"@type\":\"SearchAction\",\"target\":{\"@type\":\"EntryPoint\",\"urlTemplate\":\"https:\\\/\\\/www.upjs.sk\\\/pracoviska\\\/tip\\\/en\\\/?s={search_term_string}\"},\"query-input\":{\"@type\":\"PropertyValueSpecification\",\"valueRequired\":true,\"valueName\":\"search_term_string\"}}],\"inLanguage\":\"en-US\"},{\"@type\":\"Organization\",\"@id\":\"https:\\\/\\\/www.upjs.sk\\\/pracoviska\\\/tip\\\/en\\\/#organization\",\"name\":\"Technologick\u00fd a inova\u010dn\u00fd park | UPJ\u0160\",\"url\":\"https:\\\/\\\/www.upjs.sk\\\/pracoviska\\\/tip\\\/en\\\/\",\"logo\":{\"@type\":\"ImageObject\",\"inLanguage\":\"en-US\",\"@id\":\"https:\\\/\\\/www.upjs.sk\\\/pracoviska\\\/tip\\\/en\\\/#\\\/schema\\\/logo\\\/image\\\/\",\"url\":\"https:\\\/\\\/www.upjs.sk\\\/app\\\/uploads\\\/sites\\\/24\\\/2023\\\/02\\\/TIP_ENG.svg\",\"contentUrl\":\"https:\\\/\\\/www.upjs.sk\\\/app\\\/uploads\\\/sites\\\/24\\\/2023\\\/02\\\/TIP_ENG.svg\",\"width\":500,\"height\":138,\"caption\":\"Technologick\u00fd a inova\u010dn\u00fd park | UPJ\u0160\"},\"image\":{\"@id\":\"https:\\\/\\\/www.upjs.sk\\\/pracoviska\\\/tip\\\/en\\\/#\\\/schema\\\/logo\\\/image\\\/\"}}]}<\/script>\n<!-- \/ Yoast SEO plugin. -->","yoast_head_json":{"title":"Summer School on Protein Stability and Folding - Technologick\u00fd a inova\u010dn\u00fd park | UPJ\u0160","robots":{"index":"index","follow":"follow","max-snippet":"max-snippet:-1","max-image-preview":"max-image-preview:large","max-video-preview":"max-video-preview:-1"},"canonical":"https:\/\/www.upjs.sk\/pracoviska\/tip\/en\/sp\/casprot\/events\/summer-schools\/protein-stability-folding\/","og_locale":"en_US","og_type":"article","og_title":"Summer School on Protein Stability and Folding - Technologick\u00fd a inova\u010dn\u00fd park | UPJ\u0160","og_description":"Dear students of biological\/biochemical\/biophysical programs and enthusiastic bioscientists in protein research! We are pleased to inform you about the CasProt Summer School on Protein Stability and Folding, which is planned in Kosice between the 27th of June 2022 \u2013 the 7th of July 2022. You will hear keynote speakers talking about their research in biochemistry &hellip; Continued","og_url":"https:\/\/www.upjs.sk\/pracoviska\/tip\/en\/sp\/casprot\/events\/summer-schools\/protein-stability-folding\/","og_site_name":"Technologick\u00fd a inova\u010dn\u00fd park | UPJ\u0160","article_modified_time":"2023-04-21T05:24:45+00:00","og_image":[{"width":1180,"height":518,"url":"https:\/\/www.upjs.sk\/app\/uploads\/sites\/24\/2022\/11\/Casprot_SumSchool.png","type":"image\/png"}],"twitter_card":"summary_large_image","twitter_misc":{"Est. reading time":"2 minutes"},"schema":{"@context":"https:\/\/schema.org","@graph":[{"@type":"WebPage","@id":"https:\/\/www.upjs.sk\/pracoviska\/tip\/en\/sp\/casprot\/events\/summer-schools\/protein-stability-folding\/","url":"https:\/\/www.upjs.sk\/pracoviska\/tip\/en\/sp\/casprot\/events\/summer-schools\/protein-stability-folding\/","name":"Summer School on Protein Stability and Folding - Technologick\u00fd a inova\u010dn\u00fd park | UPJ\u0160","isPartOf":{"@id":"https:\/\/www.upjs.sk\/pracoviska\/tip\/en\/#website"},"primaryImageOfPage":{"@id":"https:\/\/www.upjs.sk\/pracoviska\/tip\/en\/sp\/casprot\/events\/summer-schools\/protein-stability-folding\/#primaryimage"},"image":{"@id":"https:\/\/www.upjs.sk\/pracoviska\/tip\/en\/sp\/casprot\/events\/summer-schools\/protein-stability-folding\/#primaryimage"},"thumbnailUrl":"https:\/\/www.upjs.sk\/app\/uploads\/sites\/24\/2022\/11\/Casprot_SumSchool.png","datePublished":"2022-07-08T09:32:46+00:00","dateModified":"2023-04-21T05:24:45+00:00","breadcrumb":{"@id":"https:\/\/www.upjs.sk\/pracoviska\/tip\/en\/sp\/casprot\/events\/summer-schools\/protein-stability-folding\/#breadcrumb"},"inLanguage":"en-US","potentialAction":[{"@type":"ReadAction","target":["https:\/\/www.upjs.sk\/pracoviska\/tip\/en\/sp\/casprot\/events\/summer-schools\/protein-stability-folding\/"]}]},{"@type":"ImageObject","inLanguage":"en-US","@id":"https:\/\/www.upjs.sk\/pracoviska\/tip\/en\/sp\/casprot\/events\/summer-schools\/protein-stability-folding\/#primaryimage","url":"https:\/\/www.upjs.sk\/app\/uploads\/sites\/24\/2022\/11\/Casprot_SumSchool.png","contentUrl":"https:\/\/www.upjs.sk\/app\/uploads\/sites\/24\/2022\/11\/Casprot_SumSchool.png","width":1180,"height":518,"caption":"sumschool"},{"@type":"BreadcrumbList","@id":"https:\/\/www.upjs.sk\/pracoviska\/tip\/en\/sp\/casprot\/events\/summer-schools\/protein-stability-folding\/#breadcrumb","itemListElement":[{"@type":"ListItem","position":1,"name":"Home","item":"https:\/\/www.upjs.sk\/pracoviska\/tip\/en\/"},{"@type":"ListItem","position":2,"name":"Significant Projects","item":"https:\/\/www.upjs.sk\/pracoviska\/tip\/en\/sp\/"},{"@type":"ListItem","position":3,"name":"CasProt","item":"https:\/\/www.upjs.sk\/pracoviska\/tip\/en\/sp\/casprot\/"},{"@type":"ListItem","position":4,"name":"EVENTS","item":"https:\/\/www.upjs.sk\/pracoviska\/tip\/en\/sp\/casprot\/events\/"},{"@type":"ListItem","position":5,"name":"Summer Schools","item":"https:\/\/www.upjs.sk\/pracoviska\/tip\/en\/sp\/casprot\/events\/summer-schools\/"},{"@type":"ListItem","position":6,"name":"Summer School on Protein Stability and Folding"}]},{"@type":"WebSite","@id":"https:\/\/www.upjs.sk\/pracoviska\/tip\/en\/#website","url":"https:\/\/www.upjs.sk\/pracoviska\/tip\/en\/","name":"Technologick\u00fd a inova\u010dn\u00fd park | UPJ\u0160","description":"","publisher":{"@id":"https:\/\/www.upjs.sk\/pracoviska\/tip\/en\/#organization"},"potentialAction":[{"@type":"SearchAction","target":{"@type":"EntryPoint","urlTemplate":"https:\/\/www.upjs.sk\/pracoviska\/tip\/en\/?s={search_term_string}"},"query-input":{"@type":"PropertyValueSpecification","valueRequired":true,"valueName":"search_term_string"}}],"inLanguage":"en-US"},{"@type":"Organization","@id":"https:\/\/www.upjs.sk\/pracoviska\/tip\/en\/#organization","name":"Technologick\u00fd a inova\u010dn\u00fd park | UPJ\u0160","url":"https:\/\/www.upjs.sk\/pracoviska\/tip\/en\/","logo":{"@type":"ImageObject","inLanguage":"en-US","@id":"https:\/\/www.upjs.sk\/pracoviska\/tip\/en\/#\/schema\/logo\/image\/","url":"https:\/\/www.upjs.sk\/app\/uploads\/sites\/24\/2023\/02\/TIP_ENG.svg","contentUrl":"https:\/\/www.upjs.sk\/app\/uploads\/sites\/24\/2023\/02\/TIP_ENG.svg","width":500,"height":138,"caption":"Technologick\u00fd a inova\u010dn\u00fd park | UPJ\u0160"},"image":{"@id":"https:\/\/www.upjs.sk\/pracoviska\/tip\/en\/#\/schema\/logo\/image\/"}}]}},"_links":{"self":[{"href":"https:\/\/www.upjs.sk\/pracoviska\/tip\/en\/wp-json\/wp\/v2\/pages\/14478","targetHints":{"allow":["GET"]}}],"collection":[{"href":"https:\/\/www.upjs.sk\/pracoviska\/tip\/en\/wp-json\/wp\/v2\/pages"}],"about":[{"href":"https:\/\/www.upjs.sk\/pracoviska\/tip\/en\/wp-json\/wp\/v2\/types\/page"}],"author":[{"embeddable":true,"href":"https:\/\/www.upjs.sk\/pracoviska\/tip\/en\/wp-json\/wp\/v2\/users\/1"}],"replies":[{"embeddable":true,"href":"https:\/\/www.upjs.sk\/pracoviska\/tip\/en\/wp-json\/wp\/v2\/comments?post=14478"}],"version-history":[{"count":14,"href":"https:\/\/www.upjs.sk\/pracoviska\/tip\/en\/wp-json\/wp\/v2\/pages\/14478\/revisions"}],"predecessor-version":[{"id":16592,"href":"https:\/\/www.upjs.sk\/pracoviska\/tip\/en\/wp-json\/wp\/v2\/pages\/14478\/revisions\/16592"}],"up":[{"embeddable":true,"href":"https:\/\/www.upjs.sk\/pracoviska\/tip\/en\/wp-json\/wp\/v2\/pages\/15895"}],"wp:featuredmedia":[{"embeddable":true,"href":"https:\/\/www.upjs.sk\/pracoviska\/tip\/en\/wp-json\/wp\/v2\/media\/14479"}],"wp:attachment":[{"href":"https:\/\/www.upjs.sk\/pracoviska\/tip\/en\/wp-json\/wp\/v2\/media?parent=14478"}],"wp:term":[{"taxonomy":"category","embeddable":true,"href":"https:\/\/www.upjs.sk\/pracoviska\/tip\/en\/wp-json\/wp\/v2\/categories?post=14478"},{"taxonomy":"post_tag","embeddable":true,"href":"https:\/\/www.upjs.sk\/pracoviska\/tip\/en\/wp-json\/wp\/v2\/tags?post=14478"}],"curies":[{"name":"wp","href":"https:\/\/api.w.org\/{rel}","templated":true}]}}