{"id":15108,"date":"2018-09-26T15:45:31","date_gmt":"2018-09-26T15:45:31","guid":{"rendered":"https:\/\/www.upjs.sk\/pracoviska\/tip\/cib\/focus-of-research\/"},"modified":"2025-06-13T10:35:09","modified_gmt":"2025-06-13T10:35:09","slug":"focus-of-research","status":"publish","type":"page","link":"https:\/\/www.upjs.sk\/pracoviska\/tip\/en\/our-centers\/cib\/focus-of-research\/","title":{"rendered":"Focus of research"},"content":{"rendered":"\n<p><strong><a name=\"NAN\"><\/a><mark style=\"background-color:rgba(0, 0, 0, 0)\" class=\"has-inline-color has-zakladna-modra-color\">Nanomedicine <\/mark><\/strong><\/p>\n\n\n\n<p>Oncological diseases represent a serious health, psychological and social problem. Due to the aging of the population, changes in lifestyle and environment, their incidence is constantly increasing. Research in the field of nanomedicine at CIB focuses on mitigating the negative consequences of chemotherapy and making anti-cancer treatment more effective through two main approaches:<\/p>\n\n\n\n<ul class=\"wp-block-list\">\n<li><strong>Development of a selective nanotransport system for targeted drug transport:<\/strong> the aim is to create nanocarriers capable of targeted delivery of active agents directly to tumour cells. These systems have high affinity for specific receptors on the surface of tumor cells and the potential for personalizing treatment based on individual patient mutations.<\/li>\n\n\n\n<li><strong>Photodynamic therapy (PDT):<\/strong> Mechanisms of photodynamically induced cell death are being investigated to optimise this therapeutic modality. Research is being conducted at the cellular level, in the chorioallantoic membrane model system of the chick embryo and in vivo in animal models, with the aim of developing protocols applicable in clinical practice.<\/li>\n<\/ul>\n\n\n\n<p><\/p>\n\n\n\n<p><strong><mark style=\"background-color:rgba(0, 0, 0, 0)\" class=\"has-inline-color has-zakladna-modra-color\">Protein Engineering<\/mark><\/strong><\/p>\n\n\n\n<p>The protein engineering research area at CIB is focused on the development and characterization of biomacromolecules &#8211; primarily enzymes and binding proteins &#8211; with novel or improved properties for applications in biomedicine, diagnostics, biotechnology and synthetic biology. The development of new proteins employs advanced rational design technologies as well as directed evolution methods, including high-throughput screening, ribosome and yeast display.<\/p>\n\n\n\n<p><\/p>\n\n\n\n<p><\/p>\n\n\n\n<div class=\"wp-block-group is-layout-constrained wp-block-group-is-layout-constrained\">\n<p><strong><mark style=\"background-color:rgba(0, 0, 0, 0)\" class=\"has-inline-color has-zakladna-modra-color\">Development of staphylokinase as a next-generation thrombolytic agent<\/mark><\/strong><\/p>\n\n\n\n<p>One of the main lines of development is the engineering of staphylokinase, a bacterial protein with potential for thrombolytic therapy. The goal is to create variants of staphylokinase using directed evolution and structural design with:<\/p>\n\n\n\n<ul class=\"wp-block-list\">\n<li><strong>Higher specificity towards fibrin <\/strong>(to limit systemic adverse effects),<\/li>\n\n\n\n<li><strong>increased stability<\/strong> in serum,<\/li>\n\n\n\n<li><strong>reduced immunogenicity<\/strong> for safe clinical use<\/li>\n<\/ul>\n\n\n\n<p>The staphylokinase constructs under development represent promising biologics for acute thrombotic conditions such as heart attacks and strokes<\/p>\n<\/div>\n\n\n\n<p><\/p>\n\n\n\n<p><\/p>\n\n\n\n<p><strong><mark style=\"background-color:rgba(0, 0, 0, 0)\" class=\"has-inline-color has-zakladna-modra-color\">Engineering haloalkane dehalogenases for biocatalysis and biosensors<\/mark><\/strong><\/p>\n\n\n\n<p>CIB has a long-standing interest in protein engineering of haloalkane dehalogenases &#8211; enzymes capable of catalysing the removal of halogens from organic compounds. They are mainly used in the fields of:<\/p>\n\n\n\n<ul class=\"wp-block-list\">\n<li><strong>Biodegradation of environmental pollutants<\/strong> (e.g. chlorinated hydrocarbons),<\/li>\n\n\n\n<li><strong>the development of biosensors<\/strong> for the detection of environmental contaminants,<\/li>\n\n\n\n<li><strong>biocatalysis in organic synthesis.<\/strong><\/li>\n<\/ul>\n\n\n\n<p>Using <strong>directed evolution,<\/strong> structural analysis and modelling of enzyme-substrate interactions, variants with improved specificity, thermostability and substrate tolerance are generated.<\/p>\n\n\n\n<p><\/p>\n\n\n\n<p><strong><mark style=\"background-color:rgba(0, 0, 0, 0)\" class=\"has-inline-color has-zakladna-modra-color\">Development of photosensitizers based on the LOV2 domain<\/mark><\/strong><\/p>\n\n\n\n<p>Within <strong>optogenetics and photopharmacology,<\/strong> the CIB also develops <strong>photosensitizers based on the LOV2 domain<\/strong> (Light-Oxygen-Voltage domain 2), which is sensitive to blue light and allows the control of protein activity by illumination. The aim of the research is to:<\/p>\n\n\n\n<ul class=\"wp-block-list\">\n<li>To create <strong>modular, light-tunable constructs<\/strong> that allow the control of the activity of fused therapeutic or signaling proteins,<\/li>\n\n\n\n<li><strong>regulate intracellular processes<\/strong> (e.g. apoptosis, signalling) with light in real time,<\/li>\n\n\n\n<li>design <strong>photosensitizers<\/strong> with optimized dark-return kinetics and the ability to target selected cellular compartments.<\/li>\n<\/ul>\n\n\n\n<p>These research activities form the basis for the development of <strong>smart biomolecules <\/strong>with controlled activity that will find applications in precision <strong>medicine, cell biology and synthetic biology.<\/strong><\/p>\n\n\n\n<p><\/p>\n\n\n\n<p><strong><mark style=\"background-color:rgba(0, 0, 0, 0)\" class=\"has-inline-color has-zakladna-modra-color\">Ageing and oxidative stress<\/mark><\/strong><\/p>\n\n\n\n<p>This research area integrates the study of the molecular bioenergetics of cellular respiration and the regulation of oxidative stress. The mechanisms of electron and proton transfer in mitochondria, the production of reactive oxygen species, as well as cell death processes associated with mitochondrial dysfunction are investigated.<\/p>\n\n\n\n<p>The results of the research contribute to a deeper understanding of ageing processes and the mechanisms of neurodegenerative and cancer diseases, thus creating prerequisites for the development of new therapeutic strategies.<\/p>\n","protected":false},"excerpt":{"rendered":"<p>Nanomedicine Oncological diseases represent a serious health, psychological and social problem. Due to the aging of the population, changes in lifestyle and environment, their incidence is constantly increasing. Research in the field of nanomedicine at CIB focuses on mitigating the negative consequences of chemotherapy and making anti-cancer treatment more effective through two main approaches: Protein &hellip; <a href=\"https:\/\/www.upjs.sk\/pracoviska\/tip\/en\/our-centers\/cib\/focus-of-research\/\">Continued<\/a><\/p>\n","protected":false},"author":1,"featured_media":0,"parent":15101,"menu_order":2,"comment_status":"closed","ping_status":"closed","template":"","meta":{"_acf_changed":false,"_editorskit_title_hidden":false,"_editorskit_reading_time":0,"_editorskit_is_block_options_detached":false,"_editorskit_block_options_position":"{}","footnotes":""},"categories":[],"tags":[],"class_list":["post-15108","page","type-page","status-publish","hentry"],"acf":{"acf_link_na_externy_obsah":""},"yoast_head":"<!-- This site is optimized with the Yoast SEO plugin v27.4 - https:\/\/yoast.com\/product\/yoast-seo-wordpress\/ -->\n<title>Focus of research - Technologick\u00fd a inova\u010dn\u00fd park | UPJ\u0160<\/title>\n<meta name=\"robots\" content=\"index, follow, max-snippet:-1, max-image-preview:large, max-video-preview:-1\" \/>\n<link rel=\"canonical\" href=\"https:\/\/www.upjs.sk\/pracoviska\/tip\/en\/our-centers\/cib\/focus-of-research\/\" \/>\n<meta property=\"og:locale\" content=\"en_US\" \/>\n<meta property=\"og:type\" content=\"article\" \/>\n<meta property=\"og:title\" content=\"Focus of research - Technologick\u00fd a inova\u010dn\u00fd park | UPJ\u0160\" \/>\n<meta property=\"og:description\" content=\"Nanomedicine Oncological diseases represent a serious health, psychological and social problem. Due to the aging of the population, changes in lifestyle and environment, their incidence is constantly increasing. Research in the field of nanomedicine at CIB focuses on mitigating the negative consequences of chemotherapy and making anti-cancer treatment more effective through two main approaches: Protein &hellip; Continued\" \/>\n<meta property=\"og:url\" content=\"https:\/\/www.upjs.sk\/pracoviska\/tip\/en\/our-centers\/cib\/focus-of-research\/\" \/>\n<meta property=\"og:site_name\" content=\"Technologick\u00fd a inova\u010dn\u00fd park | UPJ\u0160\" \/>\n<meta property=\"article:modified_time\" content=\"2025-06-13T10:35:09+00:00\" \/>\n<meta name=\"twitter:card\" content=\"summary_large_image\" \/>\n<meta name=\"twitter:label1\" content=\"Est. reading time\" \/>\n\t<meta name=\"twitter:data1\" content=\"4 minutes\" \/>\n<script type=\"application\/ld+json\" class=\"yoast-schema-graph\">{\"@context\":\"https:\\\/\\\/schema.org\",\"@graph\":[{\"@type\":\"WebPage\",\"@id\":\"https:\\\/\\\/www.upjs.sk\\\/pracoviska\\\/tip\\\/en\\\/our-centers\\\/cib\\\/focus-of-research\\\/\",\"url\":\"https:\\\/\\\/www.upjs.sk\\\/pracoviska\\\/tip\\\/en\\\/our-centers\\\/cib\\\/focus-of-research\\\/\",\"name\":\"Focus of research - Technologick\u00fd a inova\u010dn\u00fd park | UPJ\u0160\",\"isPartOf\":{\"@id\":\"https:\\\/\\\/www.upjs.sk\\\/pracoviska\\\/tip\\\/en\\\/#website\"},\"datePublished\":\"2018-09-26T15:45:31+00:00\",\"dateModified\":\"2025-06-13T10:35:09+00:00\",\"breadcrumb\":{\"@id\":\"https:\\\/\\\/www.upjs.sk\\\/pracoviska\\\/tip\\\/en\\\/our-centers\\\/cib\\\/focus-of-research\\\/#breadcrumb\"},\"inLanguage\":\"en-US\",\"potentialAction\":[{\"@type\":\"ReadAction\",\"target\":[\"https:\\\/\\\/www.upjs.sk\\\/pracoviska\\\/tip\\\/en\\\/our-centers\\\/cib\\\/focus-of-research\\\/\"]}]},{\"@type\":\"BreadcrumbList\",\"@id\":\"https:\\\/\\\/www.upjs.sk\\\/pracoviska\\\/tip\\\/en\\\/our-centers\\\/cib\\\/focus-of-research\\\/#breadcrumb\",\"itemListElement\":[{\"@type\":\"ListItem\",\"position\":1,\"name\":\"Home\",\"item\":\"https:\\\/\\\/www.upjs.sk\\\/pracoviska\\\/tip\\\/en\\\/\"},{\"@type\":\"ListItem\",\"position\":2,\"name\":\"Our Centers\",\"item\":\"https:\\\/\\\/www.upjs.sk\\\/pracoviska\\\/tip\\\/en\\\/our-centers\\\/\"},{\"@type\":\"ListItem\",\"position\":3,\"name\":\"Center for Interdisciplinary Biosciences\",\"item\":\"https:\\\/\\\/www.upjs.sk\\\/pracoviska\\\/tip\\\/en\\\/our-centers\\\/cib\\\/\"},{\"@type\":\"ListItem\",\"position\":4,\"name\":\"Focus of research\"}]},{\"@type\":\"WebSite\",\"@id\":\"https:\\\/\\\/www.upjs.sk\\\/pracoviska\\\/tip\\\/en\\\/#website\",\"url\":\"https:\\\/\\\/www.upjs.sk\\\/pracoviska\\\/tip\\\/en\\\/\",\"name\":\"Technologick\u00fd a inova\u010dn\u00fd park | UPJ\u0160\",\"description\":\"\",\"publisher\":{\"@id\":\"https:\\\/\\\/www.upjs.sk\\\/pracoviska\\\/tip\\\/en\\\/#organization\"},\"potentialAction\":[{\"@type\":\"SearchAction\",\"target\":{\"@type\":\"EntryPoint\",\"urlTemplate\":\"https:\\\/\\\/www.upjs.sk\\\/pracoviska\\\/tip\\\/en\\\/?s={search_term_string}\"},\"query-input\":{\"@type\":\"PropertyValueSpecification\",\"valueRequired\":true,\"valueName\":\"search_term_string\"}}],\"inLanguage\":\"en-US\"},{\"@type\":\"Organization\",\"@id\":\"https:\\\/\\\/www.upjs.sk\\\/pracoviska\\\/tip\\\/en\\\/#organization\",\"name\":\"Technologick\u00fd a inova\u010dn\u00fd park | UPJ\u0160\",\"url\":\"https:\\\/\\\/www.upjs.sk\\\/pracoviska\\\/tip\\\/en\\\/\",\"logo\":{\"@type\":\"ImageObject\",\"inLanguage\":\"en-US\",\"@id\":\"https:\\\/\\\/www.upjs.sk\\\/pracoviska\\\/tip\\\/en\\\/#\\\/schema\\\/logo\\\/image\\\/\",\"url\":\"https:\\\/\\\/www.upjs.sk\\\/app\\\/uploads\\\/sites\\\/24\\\/2023\\\/02\\\/TIP_ENG.svg\",\"contentUrl\":\"https:\\\/\\\/www.upjs.sk\\\/app\\\/uploads\\\/sites\\\/24\\\/2023\\\/02\\\/TIP_ENG.svg\",\"width\":500,\"height\":138,\"caption\":\"Technologick\u00fd a inova\u010dn\u00fd park | UPJ\u0160\"},\"image\":{\"@id\":\"https:\\\/\\\/www.upjs.sk\\\/pracoviska\\\/tip\\\/en\\\/#\\\/schema\\\/logo\\\/image\\\/\"}}]}<\/script>\n<!-- \/ Yoast SEO plugin. -->","yoast_head_json":{"title":"Focus of research - Technologick\u00fd a inova\u010dn\u00fd park | UPJ\u0160","robots":{"index":"index","follow":"follow","max-snippet":"max-snippet:-1","max-image-preview":"max-image-preview:large","max-video-preview":"max-video-preview:-1"},"canonical":"https:\/\/www.upjs.sk\/pracoviska\/tip\/en\/our-centers\/cib\/focus-of-research\/","og_locale":"en_US","og_type":"article","og_title":"Focus of research - Technologick\u00fd a inova\u010dn\u00fd park | UPJ\u0160","og_description":"Nanomedicine Oncological diseases represent a serious health, psychological and social problem. Due to the aging of the population, changes in lifestyle and environment, their incidence is constantly increasing. Research in the field of nanomedicine at CIB focuses on mitigating the negative consequences of chemotherapy and making anti-cancer treatment more effective through two main approaches: Protein &hellip; Continued","og_url":"https:\/\/www.upjs.sk\/pracoviska\/tip\/en\/our-centers\/cib\/focus-of-research\/","og_site_name":"Technologick\u00fd a inova\u010dn\u00fd park | UPJ\u0160","article_modified_time":"2025-06-13T10:35:09+00:00","twitter_card":"summary_large_image","twitter_misc":{"Est. reading time":"4 minutes"},"schema":{"@context":"https:\/\/schema.org","@graph":[{"@type":"WebPage","@id":"https:\/\/www.upjs.sk\/pracoviska\/tip\/en\/our-centers\/cib\/focus-of-research\/","url":"https:\/\/www.upjs.sk\/pracoviska\/tip\/en\/our-centers\/cib\/focus-of-research\/","name":"Focus of research - Technologick\u00fd a inova\u010dn\u00fd park | UPJ\u0160","isPartOf":{"@id":"https:\/\/www.upjs.sk\/pracoviska\/tip\/en\/#website"},"datePublished":"2018-09-26T15:45:31+00:00","dateModified":"2025-06-13T10:35:09+00:00","breadcrumb":{"@id":"https:\/\/www.upjs.sk\/pracoviska\/tip\/en\/our-centers\/cib\/focus-of-research\/#breadcrumb"},"inLanguage":"en-US","potentialAction":[{"@type":"ReadAction","target":["https:\/\/www.upjs.sk\/pracoviska\/tip\/en\/our-centers\/cib\/focus-of-research\/"]}]},{"@type":"BreadcrumbList","@id":"https:\/\/www.upjs.sk\/pracoviska\/tip\/en\/our-centers\/cib\/focus-of-research\/#breadcrumb","itemListElement":[{"@type":"ListItem","position":1,"name":"Home","item":"https:\/\/www.upjs.sk\/pracoviska\/tip\/en\/"},{"@type":"ListItem","position":2,"name":"Our Centers","item":"https:\/\/www.upjs.sk\/pracoviska\/tip\/en\/our-centers\/"},{"@type":"ListItem","position":3,"name":"Center for Interdisciplinary Biosciences","item":"https:\/\/www.upjs.sk\/pracoviska\/tip\/en\/our-centers\/cib\/"},{"@type":"ListItem","position":4,"name":"Focus of research"}]},{"@type":"WebSite","@id":"https:\/\/www.upjs.sk\/pracoviska\/tip\/en\/#website","url":"https:\/\/www.upjs.sk\/pracoviska\/tip\/en\/","name":"Technologick\u00fd a inova\u010dn\u00fd park | UPJ\u0160","description":"","publisher":{"@id":"https:\/\/www.upjs.sk\/pracoviska\/tip\/en\/#organization"},"potentialAction":[{"@type":"SearchAction","target":{"@type":"EntryPoint","urlTemplate":"https:\/\/www.upjs.sk\/pracoviska\/tip\/en\/?s={search_term_string}"},"query-input":{"@type":"PropertyValueSpecification","valueRequired":true,"valueName":"search_term_string"}}],"inLanguage":"en-US"},{"@type":"Organization","@id":"https:\/\/www.upjs.sk\/pracoviska\/tip\/en\/#organization","name":"Technologick\u00fd a inova\u010dn\u00fd park | UPJ\u0160","url":"https:\/\/www.upjs.sk\/pracoviska\/tip\/en\/","logo":{"@type":"ImageObject","inLanguage":"en-US","@id":"https:\/\/www.upjs.sk\/pracoviska\/tip\/en\/#\/schema\/logo\/image\/","url":"https:\/\/www.upjs.sk\/app\/uploads\/sites\/24\/2023\/02\/TIP_ENG.svg","contentUrl":"https:\/\/www.upjs.sk\/app\/uploads\/sites\/24\/2023\/02\/TIP_ENG.svg","width":500,"height":138,"caption":"Technologick\u00fd a inova\u010dn\u00fd park | UPJ\u0160"},"image":{"@id":"https:\/\/www.upjs.sk\/pracoviska\/tip\/en\/#\/schema\/logo\/image\/"}}]}},"_links":{"self":[{"href":"https:\/\/www.upjs.sk\/pracoviska\/tip\/en\/wp-json\/wp\/v2\/pages\/15108","targetHints":{"allow":["GET"]}}],"collection":[{"href":"https:\/\/www.upjs.sk\/pracoviska\/tip\/en\/wp-json\/wp\/v2\/pages"}],"about":[{"href":"https:\/\/www.upjs.sk\/pracoviska\/tip\/en\/wp-json\/wp\/v2\/types\/page"}],"author":[{"embeddable":true,"href":"https:\/\/www.upjs.sk\/pracoviska\/tip\/en\/wp-json\/wp\/v2\/users\/1"}],"replies":[{"embeddable":true,"href":"https:\/\/www.upjs.sk\/pracoviska\/tip\/en\/wp-json\/wp\/v2\/comments?post=15108"}],"version-history":[{"count":2,"href":"https:\/\/www.upjs.sk\/pracoviska\/tip\/en\/wp-json\/wp\/v2\/pages\/15108\/revisions"}],"predecessor-version":[{"id":19102,"href":"https:\/\/www.upjs.sk\/pracoviska\/tip\/en\/wp-json\/wp\/v2\/pages\/15108\/revisions\/19102"}],"up":[{"embeddable":true,"href":"https:\/\/www.upjs.sk\/pracoviska\/tip\/en\/wp-json\/wp\/v2\/pages\/15101"}],"wp:attachment":[{"href":"https:\/\/www.upjs.sk\/pracoviska\/tip\/en\/wp-json\/wp\/v2\/media?parent=15108"}],"wp:term":[{"taxonomy":"category","embeddable":true,"href":"https:\/\/www.upjs.sk\/pracoviska\/tip\/en\/wp-json\/wp\/v2\/categories?post=15108"},{"taxonomy":"post_tag","embeddable":true,"href":"https:\/\/www.upjs.sk\/pracoviska\/tip\/en\/wp-json\/wp\/v2\/tags?post=15108"}],"curies":[{"name":"wp","href":"https:\/\/api.w.org\/{rel}","templated":true}]}}