{"id":16166,"date":"2023-04-04T05:18:53","date_gmt":"2023-04-04T05:18:53","guid":{"rendered":"https:\/\/www.upjs.sk\/pracoviska\/tip\/?page_id=16166"},"modified":"2023-05-09T08:05:00","modified_gmt":"2023-05-09T08:05:00","slug":"workshop-on-directed-evolution-of-proteins","status":"publish","type":"page","link":"https:\/\/www.upjs.sk\/pracoviska\/tip\/en\/sp\/casprot\/events\/workshops\/workshop-on-directed-evolution-of-proteins\/","title":{"rendered":"Workshop on directed evolution of proteins"},"content":{"rendered":"\n<div style=\"height:6px\" aria-hidden=\"true\" class=\"wp-block-spacer\"><\/div>\n\n\n\n<p class=\"has-medium-font-size\">Dear colleagues, dear students,<\/p>\n\n\n\n<p class=\"has-medium-font-size\">we would like to invite you to the <strong>Workshop on directed evolution of proteins<\/strong>, which will be held as part of the CasProt project <strong>from<\/strong> <strong>May 2<sup>nd<\/sup> to 5<sup>th<\/sup>, 2023<\/strong><\/p>\n\n\n\n<p class=\"has-medium-font-size\">in the <em>seminary room of the Department of Biophysics and the Center for Interdisciplinary Biosciences TIP-UPJ\u0160 at Jesenn\u00e1 5<\/em>.<\/p>\n\n\n\n<figure class=\"wp-block-image aligncenter size-medium is-resized is-style-editorskit-rounded\"><img loading=\"lazy\" decoding=\"async\" src=\"https:\/\/www.upjs.sk\/app\/uploads\/sites\/24\/2023\/04\/Workshop2023_final-titulka-300x181.png\" alt=\"\" class=\"wp-image-16477\" width=\"561\" height=\"338\" srcset=\"https:\/\/www.upjs.sk\/app\/uploads\/sites\/24\/2023\/04\/Workshop2023_final-titulka-300x181.png 300w, https:\/\/www.upjs.sk\/app\/uploads\/sites\/24\/2023\/04\/Workshop2023_final-titulka-1024x617.png 1024w, https:\/\/www.upjs.sk\/app\/uploads\/sites\/24\/2023\/04\/Workshop2023_final-titulka-768x463.png 768w, https:\/\/www.upjs.sk\/app\/uploads\/sites\/24\/2023\/04\/Workshop2023_final-titulka-1536x925.png 1536w, https:\/\/www.upjs.sk\/app\/uploads\/sites\/24\/2023\/04\/Workshop2023_final-titulka.png 1587w\" sizes=\"auto, (max-width: 561px) 100vw, 561px\" \/><\/figure>\n\n\n\n<div style=\"height:6px\" aria-hidden=\"true\" class=\"wp-block-spacer\"><\/div>\n\n\n\n<p class=\"has-medium-font-size\">This 4-day workshop will be devoted to the current state of computational and experimental methods of protein evolution, methods of protein expression and purification, as well as information on scientific projects dealt with at our workplaces. Lectures on the mentioned topics will be presented by leading foreign as well as domestic experts in the given fields.<\/p>\n\n\n\n<ul class=\"has-zakladna-modra-color has-zakladna-siva-background-color has-text-color has-background has-medium-font-size has-list-bullet-color wp-block-list\" style=\"--ek-bullet-color:#164082\">\n<li><strong><mark style=\"background-color:rgba(0, 0, 0, 0)\" class=\"has-inline-color has-zakladna-modra-color\"><a href=\"https:\/\/www.upjs.sk\/app\/uploads\/sites\/24\/2023\/04\/Workshop2023_final-program-2.pdf\" target=\"_blank\" aria-label=\"Program (opens in a new tab)\" rel=\"noreferrer noopener\" class=\"ek-link\">Program<\/a><\/mark><\/strong><\/li>\n\n\n\n<li><strong><a href=\"https:\/\/www.upjs.sk\/pracoviska\/tip\/en\/sp\/casprot\/events\/workshops\/workshop-on-directed-evolution-of-proteins\/#pid\" target=\"_blank\" aria-label=\"Photogalery (opens in a new tab)\" rel=\"noreferrer noopener\" class=\"ek-link\">Photogalery<\/a><\/strong><\/li>\n<\/ul>\n\n\n\n<div style=\"height:27px\" aria-hidden=\"true\" class=\"wp-block-spacer\"><\/div>\n\n\n\n<p class=\"has-medium-font-size\">We believe you will not miss this opportunity to discuss current topics in the study of proteins.<\/p>\n\n\n\n<p class=\"has-medium-font-size\">We are looking forward to your participation.<\/p>\n\n\n\n<p class=\"has-medium-font-size\">Sincerely,<\/p>\n\n\n\n<p class=\"has-medium-font-size\">Erik Sedl\u00e1k and organisation team<\/p>\n\n\n\n<div style=\"height:6px\" aria-hidden=\"true\" class=\"wp-block-spacer\"><\/div>\n","protected":false},"excerpt":{"rendered":"<p>Dear colleagues, dear students, we would like to invite you to the Workshop on directed evolution of proteins, which will be held as part of the CasProt project from May 2nd to 5th, 2023 in the seminary room of the Department of Biophysics and the Center for Interdisciplinary Biosciences TIP-UPJ\u0160 at Jesenn\u00e1 5. This 4-day &hellip; <a href=\"https:\/\/www.upjs.sk\/pracoviska\/tip\/en\/sp\/casprot\/events\/workshops\/workshop-on-directed-evolution-of-proteins\/\">Continued<\/a><\/p>\n","protected":false},"author":56,"featured_media":16945,"parent":14664,"menu_order":0,"comment_status":"closed","ping_status":"closed","template":"","meta":{"_acf_changed":false,"_editorskit_title_hidden":false,"_editorskit_reading_time":1,"_editorskit_is_block_options_detached":false,"_editorskit_block_options_position":"{}","footnotes":""},"categories":[],"tags":[],"class_list":["post-16166","page","type-page","status-publish","has-post-thumbnail","hentry"],"acf":{"acf_link_na_externy_obsah":""},"yoast_head":"<!-- This site is optimized with the Yoast SEO plugin v27.5 - https:\/\/yoast.com\/product\/yoast-seo-wordpress\/ -->\n<title>Workshop on directed evolution of proteins - Technologick\u00fd a inova\u010dn\u00fd park | UPJ\u0160<\/title>\n<meta name=\"robots\" content=\"index, follow, max-snippet:-1, max-image-preview:large, max-video-preview:-1\" \/>\n<link rel=\"canonical\" href=\"https:\/\/www.upjs.sk\/pracoviska\/tip\/en\/sp\/casprot\/events\/workshops\/workshop-on-directed-evolution-of-proteins\/\" \/>\n<meta property=\"og:locale\" content=\"en_US\" \/>\n<meta property=\"og:type\" content=\"article\" \/>\n<meta property=\"og:title\" content=\"Workshop on directed evolution of proteins - Technologick\u00fd a inova\u010dn\u00fd park | UPJ\u0160\" \/>\n<meta property=\"og:description\" content=\"Dear colleagues, dear students, we would like to invite you to the Workshop on directed evolution of proteins, which will be held as part of the CasProt project from May 2nd to 5th, 2023 in the seminary room of the Department of Biophysics and the Center for Interdisciplinary Biosciences TIP-UPJ\u0160 at Jesenn\u00e1 5. This 4-day &hellip; Continued\" \/>\n<meta property=\"og:url\" content=\"https:\/\/www.upjs.sk\/pracoviska\/tip\/en\/sp\/casprot\/events\/workshops\/workshop-on-directed-evolution-of-proteins\/\" \/>\n<meta property=\"og:site_name\" content=\"Technologick\u00fd a inova\u010dn\u00fd park | UPJ\u0160\" \/>\n<meta property=\"article:modified_time\" content=\"2023-05-09T08:05:00+00:00\" \/>\n<meta property=\"og:image\" content=\"https:\/\/www.upjs.sk\/app\/uploads\/sites\/24\/2023\/05\/W-Day1_2-scaled.jpg\" \/>\n\t<meta property=\"og:image:width\" content=\"2327\" \/>\n\t<meta property=\"og:image:height\" content=\"2560\" \/>\n\t<meta property=\"og:image:type\" content=\"image\/jpeg\" \/>\n<meta name=\"twitter:card\" content=\"summary_large_image\" \/>\n<meta name=\"twitter:label1\" content=\"Est. reading time\" \/>\n\t<meta name=\"twitter:data1\" content=\"1 minute\" \/>\n<script type=\"application\/ld+json\" class=\"yoast-schema-graph\">{\"@context\":\"https:\\\/\\\/schema.org\",\"@graph\":[{\"@type\":\"WebPage\",\"@id\":\"https:\\\/\\\/www.upjs.sk\\\/pracoviska\\\/tip\\\/en\\\/sp\\\/casprot\\\/events\\\/workshops\\\/workshop-on-directed-evolution-of-proteins\\\/\",\"url\":\"https:\\\/\\\/www.upjs.sk\\\/pracoviska\\\/tip\\\/en\\\/sp\\\/casprot\\\/events\\\/workshops\\\/workshop-on-directed-evolution-of-proteins\\\/\",\"name\":\"Workshop on directed evolution of proteins - Technologick\u00fd a inova\u010dn\u00fd park | UPJ\u0160\",\"isPartOf\":{\"@id\":\"https:\\\/\\\/www.upjs.sk\\\/pracoviska\\\/tip\\\/en\\\/#website\"},\"primaryImageOfPage\":{\"@id\":\"https:\\\/\\\/www.upjs.sk\\\/pracoviska\\\/tip\\\/en\\\/sp\\\/casprot\\\/events\\\/workshops\\\/workshop-on-directed-evolution-of-proteins\\\/#primaryimage\"},\"image\":{\"@id\":\"https:\\\/\\\/www.upjs.sk\\\/pracoviska\\\/tip\\\/en\\\/sp\\\/casprot\\\/events\\\/workshops\\\/workshop-on-directed-evolution-of-proteins\\\/#primaryimage\"},\"thumbnailUrl\":\"https:\\\/\\\/www.upjs.sk\\\/app\\\/uploads\\\/sites\\\/24\\\/2023\\\/05\\\/W-Day1_2-scaled.jpg\",\"datePublished\":\"2023-04-04T05:18:53+00:00\",\"dateModified\":\"2023-05-09T08:05:00+00:00\",\"breadcrumb\":{\"@id\":\"https:\\\/\\\/www.upjs.sk\\\/pracoviska\\\/tip\\\/en\\\/sp\\\/casprot\\\/events\\\/workshops\\\/workshop-on-directed-evolution-of-proteins\\\/#breadcrumb\"},\"inLanguage\":\"en-US\",\"potentialAction\":[{\"@type\":\"ReadAction\",\"target\":[\"https:\\\/\\\/www.upjs.sk\\\/pracoviska\\\/tip\\\/en\\\/sp\\\/casprot\\\/events\\\/workshops\\\/workshop-on-directed-evolution-of-proteins\\\/\"]}]},{\"@type\":\"ImageObject\",\"inLanguage\":\"en-US\",\"@id\":\"https:\\\/\\\/www.upjs.sk\\\/pracoviska\\\/tip\\\/en\\\/sp\\\/casprot\\\/events\\\/workshops\\\/workshop-on-directed-evolution-of-proteins\\\/#primaryimage\",\"url\":\"https:\\\/\\\/www.upjs.sk\\\/app\\\/uploads\\\/sites\\\/24\\\/2023\\\/05\\\/W-Day1_2-scaled.jpg\",\"contentUrl\":\"https:\\\/\\\/www.upjs.sk\\\/app\\\/uploads\\\/sites\\\/24\\\/2023\\\/05\\\/W-Day1_2-scaled.jpg\",\"width\":2327,\"height\":2560},{\"@type\":\"BreadcrumbList\",\"@id\":\"https:\\\/\\\/www.upjs.sk\\\/pracoviska\\\/tip\\\/en\\\/sp\\\/casprot\\\/events\\\/workshops\\\/workshop-on-directed-evolution-of-proteins\\\/#breadcrumb\",\"itemListElement\":[{\"@type\":\"ListItem\",\"position\":1,\"name\":\"Home\",\"item\":\"https:\\\/\\\/www.upjs.sk\\\/pracoviska\\\/tip\\\/en\\\/\"},{\"@type\":\"ListItem\",\"position\":2,\"name\":\"Significant Projects\",\"item\":\"https:\\\/\\\/www.upjs.sk\\\/pracoviska\\\/tip\\\/en\\\/sp\\\/\"},{\"@type\":\"ListItem\",\"position\":3,\"name\":\"CasProt\",\"item\":\"https:\\\/\\\/www.upjs.sk\\\/pracoviska\\\/tip\\\/en\\\/sp\\\/casprot\\\/\"},{\"@type\":\"ListItem\",\"position\":4,\"name\":\"EVENTS\",\"item\":\"https:\\\/\\\/www.upjs.sk\\\/pracoviska\\\/tip\\\/en\\\/sp\\\/casprot\\\/events\\\/\"},{\"@type\":\"ListItem\",\"position\":5,\"name\":\"WORKSHOPS\",\"item\":\"https:\\\/\\\/www.upjs.sk\\\/pracoviska\\\/tip\\\/en\\\/sp\\\/casprot\\\/events\\\/workshops\\\/\"},{\"@type\":\"ListItem\",\"position\":6,\"name\":\"Workshop on directed evolution of proteins\"}]},{\"@type\":\"WebSite\",\"@id\":\"https:\\\/\\\/www.upjs.sk\\\/pracoviska\\\/tip\\\/en\\\/#website\",\"url\":\"https:\\\/\\\/www.upjs.sk\\\/pracoviska\\\/tip\\\/en\\\/\",\"name\":\"Technologick\u00fd a inova\u010dn\u00fd park | UPJ\u0160\",\"description\":\"\",\"publisher\":{\"@id\":\"https:\\\/\\\/www.upjs.sk\\\/pracoviska\\\/tip\\\/en\\\/#organization\"},\"potentialAction\":[{\"@type\":\"SearchAction\",\"target\":{\"@type\":\"EntryPoint\",\"urlTemplate\":\"https:\\\/\\\/www.upjs.sk\\\/pracoviska\\\/tip\\\/en\\\/?s={search_term_string}\"},\"query-input\":{\"@type\":\"PropertyValueSpecification\",\"valueRequired\":true,\"valueName\":\"search_term_string\"}}],\"inLanguage\":\"en-US\"},{\"@type\":\"Organization\",\"@id\":\"https:\\\/\\\/www.upjs.sk\\\/pracoviska\\\/tip\\\/en\\\/#organization\",\"name\":\"Technologick\u00fd a inova\u010dn\u00fd park | UPJ\u0160\",\"url\":\"https:\\\/\\\/www.upjs.sk\\\/pracoviska\\\/tip\\\/en\\\/\",\"logo\":{\"@type\":\"ImageObject\",\"inLanguage\":\"en-US\",\"@id\":\"https:\\\/\\\/www.upjs.sk\\\/pracoviska\\\/tip\\\/en\\\/#\\\/schema\\\/logo\\\/image\\\/\",\"url\":\"https:\\\/\\\/www.upjs.sk\\\/app\\\/uploads\\\/sites\\\/24\\\/2023\\\/02\\\/TIP_ENG.svg\",\"contentUrl\":\"https:\\\/\\\/www.upjs.sk\\\/app\\\/uploads\\\/sites\\\/24\\\/2023\\\/02\\\/TIP_ENG.svg\",\"width\":500,\"height\":138,\"caption\":\"Technologick\u00fd a inova\u010dn\u00fd park | UPJ\u0160\"},\"image\":{\"@id\":\"https:\\\/\\\/www.upjs.sk\\\/pracoviska\\\/tip\\\/en\\\/#\\\/schema\\\/logo\\\/image\\\/\"}}]}<\/script>\n<!-- \/ Yoast SEO plugin. -->","yoast_head_json":{"title":"Workshop on directed evolution of proteins - Technologick\u00fd a inova\u010dn\u00fd park | UPJ\u0160","robots":{"index":"index","follow":"follow","max-snippet":"max-snippet:-1","max-image-preview":"max-image-preview:large","max-video-preview":"max-video-preview:-1"},"canonical":"https:\/\/www.upjs.sk\/pracoviska\/tip\/en\/sp\/casprot\/events\/workshops\/workshop-on-directed-evolution-of-proteins\/","og_locale":"en_US","og_type":"article","og_title":"Workshop on directed evolution of proteins - Technologick\u00fd a inova\u010dn\u00fd park | UPJ\u0160","og_description":"Dear colleagues, dear students, we would like to invite you to the Workshop on directed evolution of proteins, which will be held as part of the CasProt project from May 2nd to 5th, 2023 in the seminary room of the Department of Biophysics and the Center for Interdisciplinary Biosciences TIP-UPJ\u0160 at Jesenn\u00e1 5. This 4-day &hellip; Continued","og_url":"https:\/\/www.upjs.sk\/pracoviska\/tip\/en\/sp\/casprot\/events\/workshops\/workshop-on-directed-evolution-of-proteins\/","og_site_name":"Technologick\u00fd a inova\u010dn\u00fd park | UPJ\u0160","article_modified_time":"2023-05-09T08:05:00+00:00","og_image":[{"width":2327,"height":2560,"url":"https:\/\/www.upjs.sk\/app\/uploads\/sites\/24\/2023\/05\/W-Day1_2-scaled.jpg","type":"image\/jpeg"}],"twitter_card":"summary_large_image","twitter_misc":{"Est. reading time":"1 minute"},"schema":{"@context":"https:\/\/schema.org","@graph":[{"@type":"WebPage","@id":"https:\/\/www.upjs.sk\/pracoviska\/tip\/en\/sp\/casprot\/events\/workshops\/workshop-on-directed-evolution-of-proteins\/","url":"https:\/\/www.upjs.sk\/pracoviska\/tip\/en\/sp\/casprot\/events\/workshops\/workshop-on-directed-evolution-of-proteins\/","name":"Workshop on directed evolution of proteins - Technologick\u00fd a inova\u010dn\u00fd park | UPJ\u0160","isPartOf":{"@id":"https:\/\/www.upjs.sk\/pracoviska\/tip\/en\/#website"},"primaryImageOfPage":{"@id":"https:\/\/www.upjs.sk\/pracoviska\/tip\/en\/sp\/casprot\/events\/workshops\/workshop-on-directed-evolution-of-proteins\/#primaryimage"},"image":{"@id":"https:\/\/www.upjs.sk\/pracoviska\/tip\/en\/sp\/casprot\/events\/workshops\/workshop-on-directed-evolution-of-proteins\/#primaryimage"},"thumbnailUrl":"https:\/\/www.upjs.sk\/app\/uploads\/sites\/24\/2023\/05\/W-Day1_2-scaled.jpg","datePublished":"2023-04-04T05:18:53+00:00","dateModified":"2023-05-09T08:05:00+00:00","breadcrumb":{"@id":"https:\/\/www.upjs.sk\/pracoviska\/tip\/en\/sp\/casprot\/events\/workshops\/workshop-on-directed-evolution-of-proteins\/#breadcrumb"},"inLanguage":"en-US","potentialAction":[{"@type":"ReadAction","target":["https:\/\/www.upjs.sk\/pracoviska\/tip\/en\/sp\/casprot\/events\/workshops\/workshop-on-directed-evolution-of-proteins\/"]}]},{"@type":"ImageObject","inLanguage":"en-US","@id":"https:\/\/www.upjs.sk\/pracoviska\/tip\/en\/sp\/casprot\/events\/workshops\/workshop-on-directed-evolution-of-proteins\/#primaryimage","url":"https:\/\/www.upjs.sk\/app\/uploads\/sites\/24\/2023\/05\/W-Day1_2-scaled.jpg","contentUrl":"https:\/\/www.upjs.sk\/app\/uploads\/sites\/24\/2023\/05\/W-Day1_2-scaled.jpg","width":2327,"height":2560},{"@type":"BreadcrumbList","@id":"https:\/\/www.upjs.sk\/pracoviska\/tip\/en\/sp\/casprot\/events\/workshops\/workshop-on-directed-evolution-of-proteins\/#breadcrumb","itemListElement":[{"@type":"ListItem","position":1,"name":"Home","item":"https:\/\/www.upjs.sk\/pracoviska\/tip\/en\/"},{"@type":"ListItem","position":2,"name":"Significant Projects","item":"https:\/\/www.upjs.sk\/pracoviska\/tip\/en\/sp\/"},{"@type":"ListItem","position":3,"name":"CasProt","item":"https:\/\/www.upjs.sk\/pracoviska\/tip\/en\/sp\/casprot\/"},{"@type":"ListItem","position":4,"name":"EVENTS","item":"https:\/\/www.upjs.sk\/pracoviska\/tip\/en\/sp\/casprot\/events\/"},{"@type":"ListItem","position":5,"name":"WORKSHOPS","item":"https:\/\/www.upjs.sk\/pracoviska\/tip\/en\/sp\/casprot\/events\/workshops\/"},{"@type":"ListItem","position":6,"name":"Workshop on directed evolution of proteins"}]},{"@type":"WebSite","@id":"https:\/\/www.upjs.sk\/pracoviska\/tip\/en\/#website","url":"https:\/\/www.upjs.sk\/pracoviska\/tip\/en\/","name":"Technologick\u00fd a inova\u010dn\u00fd park | UPJ\u0160","description":"","publisher":{"@id":"https:\/\/www.upjs.sk\/pracoviska\/tip\/en\/#organization"},"potentialAction":[{"@type":"SearchAction","target":{"@type":"EntryPoint","urlTemplate":"https:\/\/www.upjs.sk\/pracoviska\/tip\/en\/?s={search_term_string}"},"query-input":{"@type":"PropertyValueSpecification","valueRequired":true,"valueName":"search_term_string"}}],"inLanguage":"en-US"},{"@type":"Organization","@id":"https:\/\/www.upjs.sk\/pracoviska\/tip\/en\/#organization","name":"Technologick\u00fd a inova\u010dn\u00fd park | UPJ\u0160","url":"https:\/\/www.upjs.sk\/pracoviska\/tip\/en\/","logo":{"@type":"ImageObject","inLanguage":"en-US","@id":"https:\/\/www.upjs.sk\/pracoviska\/tip\/en\/#\/schema\/logo\/image\/","url":"https:\/\/www.upjs.sk\/app\/uploads\/sites\/24\/2023\/02\/TIP_ENG.svg","contentUrl":"https:\/\/www.upjs.sk\/app\/uploads\/sites\/24\/2023\/02\/TIP_ENG.svg","width":500,"height":138,"caption":"Technologick\u00fd a inova\u010dn\u00fd park | UPJ\u0160"},"image":{"@id":"https:\/\/www.upjs.sk\/pracoviska\/tip\/en\/#\/schema\/logo\/image\/"}}]}},"_links":{"self":[{"href":"https:\/\/www.upjs.sk\/pracoviska\/tip\/en\/wp-json\/wp\/v2\/pages\/16166","targetHints":{"allow":["GET"]}}],"collection":[{"href":"https:\/\/www.upjs.sk\/pracoviska\/tip\/en\/wp-json\/wp\/v2\/pages"}],"about":[{"href":"https:\/\/www.upjs.sk\/pracoviska\/tip\/en\/wp-json\/wp\/v2\/types\/page"}],"author":[{"embeddable":true,"href":"https:\/\/www.upjs.sk\/pracoviska\/tip\/en\/wp-json\/wp\/v2\/users\/56"}],"replies":[{"embeddable":true,"href":"https:\/\/www.upjs.sk\/pracoviska\/tip\/en\/wp-json\/wp\/v2\/comments?post=16166"}],"version-history":[{"count":44,"href":"https:\/\/www.upjs.sk\/pracoviska\/tip\/en\/wp-json\/wp\/v2\/pages\/16166\/revisions"}],"predecessor-version":[{"id":17127,"href":"https:\/\/www.upjs.sk\/pracoviska\/tip\/en\/wp-json\/wp\/v2\/pages\/16166\/revisions\/17127"}],"up":[{"embeddable":true,"href":"https:\/\/www.upjs.sk\/pracoviska\/tip\/en\/wp-json\/wp\/v2\/pages\/14664"}],"wp:featuredmedia":[{"embeddable":true,"href":"https:\/\/www.upjs.sk\/pracoviska\/tip\/en\/wp-json\/wp\/v2\/media\/16945"}],"wp:attachment":[{"href":"https:\/\/www.upjs.sk\/pracoviska\/tip\/en\/wp-json\/wp\/v2\/media?parent=16166"}],"wp:term":[{"taxonomy":"category","embeddable":true,"href":"https:\/\/www.upjs.sk\/pracoviska\/tip\/en\/wp-json\/wp\/v2\/categories?post=16166"},{"taxonomy":"post_tag","embeddable":true,"href":"https:\/\/www.upjs.sk\/pracoviska\/tip\/en\/wp-json\/wp\/v2\/tags?post=16166"}],"curies":[{"name":"wp","href":"https:\/\/api.w.org\/{rel}","templated":true}]}}