{"id":18167,"date":"2023-12-12T13:07:32","date_gmt":"2023-12-12T13:07:32","guid":{"rendered":"https:\/\/www.upjs.sk\/pracoviska\/tip\/?page_id=18167"},"modified":"2025-04-29T07:53:55","modified_gmt":"2025-04-29T07:53:55","slug":"promotional-materials","status":"publish","type":"page","link":"https:\/\/www.upjs.sk\/pracoviska\/tip\/en\/sp\/casprot\/promotional-materials\/","title":{"rendered":"Promotional materials"},"content":{"rendered":"\n<hr class=\"wp-block-separator has-alpha-channel-opacity is-style-wide\"\/>\n\n\n<style>.wp-block-kadence-spacer.kt-block-spacer-18167_61a667-f6 .kt-block-spacer{height:20px;}.wp-block-kadence-spacer.kt-block-spacer-18167_61a667-f6 .kt-divider{border-top-width:1px;height:1px;border-top-color:#eee;width:80%;border-top-style:solid;}<\/style>\n<div class=\"wp-block-kadence-spacer aligncenter kt-block-spacer-18167_61a667-f6\"><div class=\"kt-block-spacer kt-block-spacer-halign-center\"><hr class=\"kt-divider\"\/><\/div><\/div>\n\n\n\n<p class=\"has-zakladna-zlata-color has-zakladna-siva-background-color has-text-color has-background has-medium-font-size\"><strong>Promotional materials<\/strong> &#8211; ExCaProt<\/p>\n\n\n\n<hr class=\"wp-block-separator has-alpha-channel-opacity is-style-wide\"\/>\n\n\n\n<ul class=\"wp-block-list\">\n<li class=\"has-medium-font-size\"><a href=\"https:\/\/www.upjs.sk\/app\/uploads\/sites\/24\/2025\/04\/ExCasPror-rollup-1.png\" target=\"_blank\" rel=\"noreferrer noopener\">Roll-up banner<\/a><\/li>\n<\/ul>\n\n\n\n<div style=\"height:19px\" aria-hidden=\"true\" class=\"wp-block-spacer\"><\/div>\n\n\n\n<hr class=\"wp-block-separator has-alpha-channel-opacity is-style-wide\"\/>\n\n\n<style>.wp-block-kadence-spacer.kt-block-spacer-18167_65023e-c8 .kt-block-spacer{height:20px;}.wp-block-kadence-spacer.kt-block-spacer-18167_65023e-c8 .kt-divider{border-top-width:1px;height:1px;border-top-color:#eee;width:80%;border-top-style:solid;}<\/style>\n<div class=\"wp-block-kadence-spacer aligncenter kt-block-spacer-18167_65023e-c8\"><div class=\"kt-block-spacer kt-block-spacer-halign-center\"><hr class=\"kt-divider\"\/><\/div><\/div>\n\n\n\n<p class=\"has-zakladna-modra-color has-zakladna-siva-background-color has-text-color has-background has-medium-font-size\"><strong>Promotional materials<\/strong> &#8211; CasProt<\/p>\n\n\n\n<ul class=\"wp-block-list\">\n<li class=\"has-medium-font-size\"><a aria-label=\"Logo (opens in a new tab)\" href=\"https:\/\/www.upjs.sk\/app\/uploads\/sites\/24\/2023\/12\/CasProt-Logo.png\" target=\"_blank\" rel=\"noreferrer noopener\" class=\"ek-link\">Logo<\/a><\/li>\n\n\n\n<li class=\"has-medium-font-size\"><a href=\"https:\/\/www.upjs.sk\/app\/uploads\/sites\/24\/2023\/12\/banner1.jpg\" target=\"_blank\" aria-label=\" (opens in a new tab)\" rel=\"noreferrer noopener\" class=\"ek-link\">Banner-1<\/a><\/li>\n\n\n\n<li class=\"has-medium-font-size\"><a href=\"https:\/\/www.upjs.sk\/app\/uploads\/sites\/24\/2023\/12\/banner2.jpg\" target=\"_blank\" aria-label=\" (opens in a new tab)\" rel=\"noreferrer noopener\" class=\"ek-link\">Banner-2<\/a><\/li>\n\n\n\n<li class=\"has-medium-font-size\"><a aria-label=\" (opens in a new tab)\" href=\"https:\/\/www.upjs.sk\/app\/uploads\/sites\/24\/2023\/12\/CasProt-Rollup-1.png\" target=\"_blank\" rel=\"noreferrer noopener\" class=\"ek-link\">Roll-up banner-1<\/a><\/li>\n\n\n\n<li class=\"has-medium-font-size\"><a aria-label=\" (opens in a new tab)\" href=\"https:\/\/www.upjs.sk\/app\/uploads\/sites\/24\/2023\/12\/CasProt-Rollup-2.png\" target=\"_blank\" rel=\"noreferrer noopener\" class=\"ek-link\">Roll-up banner-2<\/a><\/li>\n<\/ul>\n\n\n\n<div style=\"height:19px\" aria-hidden=\"true\" class=\"wp-block-spacer\"><\/div>\n\n\n\n<hr class=\"wp-block-separator has-alpha-channel-opacity is-style-wide\"\/>\n\n\n<style>.wp-block-kadence-spacer.kt-block-spacer-18167_facf0d-b7 .kt-block-spacer{height:20px;}.wp-block-kadence-spacer.kt-block-spacer-18167_facf0d-b7 .kt-divider{border-top-width:1px;height:1px;border-top-color:#eee;width:80%;border-top-style:solid;}<\/style>\n<div class=\"wp-block-kadence-spacer aligncenter kt-block-spacer-18167_facf0d-b7\"><div class=\"kt-block-spacer kt-block-spacer-halign-center\"><hr class=\"kt-divider\"\/><\/div><\/div>\n\n\n\n<p class=\"has-zakladna-modra-color has-zakladna-siva-background-color has-text-color has-background has-medium-font-size\"><strong>Templates<\/strong> &#8211; CasProt<\/p>\n\n\n\n<ul class=\"wp-block-list\">\n<li class=\"has-medium-font-size\"><a aria-label=\"PowerPoint template (opens in a new tab)\" href=\"https:\/\/www.upjs.sk\/app\/uploads\/sites\/24\/2023\/12\/PPT-template_CasProt_2-titulky.pptx\" target=\"_blank\" rel=\"noreferrer noopener\" class=\"ek-link\">PowerPoint template<\/a><\/li>\n\n\n\n<li class=\"has-medium-font-size\"><a aria-label=\" (opens in a new tab)\" href=\"https:\/\/www.upjs.sk\/app\/uploads\/sites\/24\/2023\/12\/List-of-participants_template.docx\" target=\"_blank\" rel=\"noreferrer noopener\" class=\"ek-link\">List of participants template<\/a><\/li>\n\n\n\n<li class=\"has-medium-font-size\"><a href=\"https:\/\/www.upjs.sk\/app\/uploads\/sites\/24\/2023\/12\/Journey-Report_CasProt.docx\" target=\"_blank\" aria-label=\" (opens in a new tab)\" rel=\"noreferrer noopener\" class=\"ek-link\">Journey report template<\/a><\/li>\n\n\n\n<li class=\"has-medium-font-size\"><a href=\"https:\/\/www.upjs.sk\/app\/uploads\/sites\/24\/2023\/12\/Internal-Report_-template.docx\" target=\"_blank\" aria-label=\" (opens in a new tab)\" rel=\"noreferrer noopener\" class=\"ek-link\">Internal report template<\/a><\/li>\n\n\n\n<li class=\"has-medium-font-size\"><a href=\"https:\/\/www.upjs.sk\/app\/uploads\/sites\/24\/2023\/12\/CasProt_Deliverable-Template.docx\" target=\"_blank\" aria-label=\" (opens in a new tab)\" rel=\"noreferrer noopener\" class=\"ek-link\">Deliverable template<\/a><\/li>\n<\/ul>\n\n\n\n<div style=\"height:19px\" aria-hidden=\"true\" class=\"wp-block-spacer\"><\/div>\n\n\n\n<hr class=\"wp-block-separator has-alpha-channel-opacity is-style-wide\"\/>\n","protected":false},"excerpt":{"rendered":"<p>Promotional materials &#8211; ExCaProt Promotional materials &#8211; CasProt Templates &#8211; CasProt<\/p>\n","protected":false},"author":56,"featured_media":0,"parent":14370,"menu_order":8,"comment_status":"closed","ping_status":"closed","template":"","meta":{"_acf_changed":false,"_editorskit_title_hidden":false,"_editorskit_reading_time":0,"_editorskit_is_block_options_detached":false,"_editorskit_block_options_position":"{}","footnotes":""},"categories":[],"tags":[],"class_list":["post-18167","page","type-page","status-publish","hentry"],"acf":{"acf_link_na_externy_obsah":""},"yoast_head":"<!-- This site is optimized with the Yoast SEO plugin v27.2 - https:\/\/yoast.com\/product\/yoast-seo-wordpress\/ -->\n<title>Promotional materials - Technologick\u00fd a inova\u010dn\u00fd park | UPJ\u0160<\/title>\n<meta name=\"robots\" content=\"index, follow, max-snippet:-1, max-image-preview:large, max-video-preview:-1\" \/>\n<link rel=\"canonical\" href=\"https:\/\/www.upjs.sk\/pracoviska\/tip\/en\/sp\/casprot\/promotional-materials\/\" \/>\n<meta property=\"og:locale\" content=\"en_US\" \/>\n<meta property=\"og:type\" content=\"article\" \/>\n<meta property=\"og:title\" content=\"Promotional materials - Technologick\u00fd a inova\u010dn\u00fd park | UPJ\u0160\" \/>\n<meta property=\"og:description\" content=\"Promotional materials &#8211; ExCaProt Promotional materials &#8211; CasProt Templates &#8211; CasProt\" \/>\n<meta property=\"og:url\" content=\"https:\/\/www.upjs.sk\/pracoviska\/tip\/en\/sp\/casprot\/promotional-materials\/\" \/>\n<meta property=\"og:site_name\" content=\"Technologick\u00fd a inova\u010dn\u00fd park | UPJ\u0160\" \/>\n<meta property=\"article:modified_time\" content=\"2025-04-29T07:53:55+00:00\" \/>\n<meta name=\"twitter:card\" content=\"summary_large_image\" \/>\n<meta name=\"twitter:label1\" content=\"Est. reading time\" \/>\n\t<meta name=\"twitter:data1\" content=\"1 minute\" \/>\n<script type=\"application\/ld+json\" class=\"yoast-schema-graph\">{\"@context\":\"https:\/\/schema.org\",\"@graph\":[{\"@type\":\"WebPage\",\"@id\":\"https:\/\/www.upjs.sk\/pracoviska\/tip\/en\/sp\/casprot\/promotional-materials\/\",\"url\":\"https:\/\/www.upjs.sk\/pracoviska\/tip\/en\/sp\/casprot\/promotional-materials\/\",\"name\":\"Promotional materials - Technologick\u00fd a inova\u010dn\u00fd park | UPJ\u0160\",\"isPartOf\":{\"@id\":\"https:\/\/www.upjs.sk\/pracoviska\/tip\/en\/#website\"},\"datePublished\":\"2023-12-12T13:07:32+00:00\",\"dateModified\":\"2025-04-29T07:53:55+00:00\",\"breadcrumb\":{\"@id\":\"https:\/\/www.upjs.sk\/pracoviska\/tip\/en\/sp\/casprot\/promotional-materials\/#breadcrumb\"},\"inLanguage\":\"en-US\",\"potentialAction\":[{\"@type\":\"ReadAction\",\"target\":[\"https:\/\/www.upjs.sk\/pracoviska\/tip\/en\/sp\/casprot\/promotional-materials\/\"]}]},{\"@type\":\"BreadcrumbList\",\"@id\":\"https:\/\/www.upjs.sk\/pracoviska\/tip\/en\/sp\/casprot\/promotional-materials\/#breadcrumb\",\"itemListElement\":[{\"@type\":\"ListItem\",\"position\":1,\"name\":\"Home\",\"item\":\"https:\/\/www.upjs.sk\/pracoviska\/tip\/en\/\"},{\"@type\":\"ListItem\",\"position\":2,\"name\":\"Significant Projects\",\"item\":\"https:\/\/www.upjs.sk\/pracoviska\/tip\/en\/sp\/\"},{\"@type\":\"ListItem\",\"position\":3,\"name\":\"CasProt\",\"item\":\"https:\/\/www.upjs.sk\/pracoviska\/tip\/en\/sp\/casprot\/\"},{\"@type\":\"ListItem\",\"position\":4,\"name\":\"Promotional materials\"}]},{\"@type\":\"WebSite\",\"@id\":\"https:\/\/www.upjs.sk\/pracoviska\/tip\/en\/#website\",\"url\":\"https:\/\/www.upjs.sk\/pracoviska\/tip\/en\/\",\"name\":\"Technologick\u00fd a inova\u010dn\u00fd park | UPJ\u0160\",\"description\":\"\",\"publisher\":{\"@id\":\"https:\/\/www.upjs.sk\/pracoviska\/tip\/en\/#organization\"},\"potentialAction\":[{\"@type\":\"SearchAction\",\"target\":{\"@type\":\"EntryPoint\",\"urlTemplate\":\"https:\/\/www.upjs.sk\/pracoviska\/tip\/en\/?s={search_term_string}\"},\"query-input\":{\"@type\":\"PropertyValueSpecification\",\"valueRequired\":true,\"valueName\":\"search_term_string\"}}],\"inLanguage\":\"en-US\"},{\"@type\":\"Organization\",\"@id\":\"https:\/\/www.upjs.sk\/pracoviska\/tip\/en\/#organization\",\"name\":\"Technologick\u00fd a inova\u010dn\u00fd park | UPJ\u0160\",\"url\":\"https:\/\/www.upjs.sk\/pracoviska\/tip\/en\/\",\"logo\":{\"@type\":\"ImageObject\",\"inLanguage\":\"en-US\",\"@id\":\"https:\/\/www.upjs.sk\/pracoviska\/tip\/en\/#\/schema\/logo\/image\/\",\"url\":\"https:\/\/www.upjs.sk\/app\/uploads\/sites\/24\/2023\/02\/TIP_ENG.svg\",\"contentUrl\":\"https:\/\/www.upjs.sk\/app\/uploads\/sites\/24\/2023\/02\/TIP_ENG.svg\",\"width\":500,\"height\":138,\"caption\":\"Technologick\u00fd a inova\u010dn\u00fd park | UPJ\u0160\"},\"image\":{\"@id\":\"https:\/\/www.upjs.sk\/pracoviska\/tip\/en\/#\/schema\/logo\/image\/\"}}]}<\/script>\n<!-- \/ Yoast SEO plugin. -->","yoast_head_json":{"title":"Promotional materials - Technologick\u00fd a inova\u010dn\u00fd park | UPJ\u0160","robots":{"index":"index","follow":"follow","max-snippet":"max-snippet:-1","max-image-preview":"max-image-preview:large","max-video-preview":"max-video-preview:-1"},"canonical":"https:\/\/www.upjs.sk\/pracoviska\/tip\/en\/sp\/casprot\/promotional-materials\/","og_locale":"en_US","og_type":"article","og_title":"Promotional materials - Technologick\u00fd a inova\u010dn\u00fd park | UPJ\u0160","og_description":"Promotional materials &#8211; ExCaProt Promotional materials &#8211; CasProt Templates &#8211; CasProt","og_url":"https:\/\/www.upjs.sk\/pracoviska\/tip\/en\/sp\/casprot\/promotional-materials\/","og_site_name":"Technologick\u00fd a inova\u010dn\u00fd park | UPJ\u0160","article_modified_time":"2025-04-29T07:53:55+00:00","twitter_card":"summary_large_image","twitter_misc":{"Est. reading time":"1 minute"},"schema":{"@context":"https:\/\/schema.org","@graph":[{"@type":"WebPage","@id":"https:\/\/www.upjs.sk\/pracoviska\/tip\/en\/sp\/casprot\/promotional-materials\/","url":"https:\/\/www.upjs.sk\/pracoviska\/tip\/en\/sp\/casprot\/promotional-materials\/","name":"Promotional materials - Technologick\u00fd a inova\u010dn\u00fd park | UPJ\u0160","isPartOf":{"@id":"https:\/\/www.upjs.sk\/pracoviska\/tip\/en\/#website"},"datePublished":"2023-12-12T13:07:32+00:00","dateModified":"2025-04-29T07:53:55+00:00","breadcrumb":{"@id":"https:\/\/www.upjs.sk\/pracoviska\/tip\/en\/sp\/casprot\/promotional-materials\/#breadcrumb"},"inLanguage":"en-US","potentialAction":[{"@type":"ReadAction","target":["https:\/\/www.upjs.sk\/pracoviska\/tip\/en\/sp\/casprot\/promotional-materials\/"]}]},{"@type":"BreadcrumbList","@id":"https:\/\/www.upjs.sk\/pracoviska\/tip\/en\/sp\/casprot\/promotional-materials\/#breadcrumb","itemListElement":[{"@type":"ListItem","position":1,"name":"Home","item":"https:\/\/www.upjs.sk\/pracoviska\/tip\/en\/"},{"@type":"ListItem","position":2,"name":"Significant Projects","item":"https:\/\/www.upjs.sk\/pracoviska\/tip\/en\/sp\/"},{"@type":"ListItem","position":3,"name":"CasProt","item":"https:\/\/www.upjs.sk\/pracoviska\/tip\/en\/sp\/casprot\/"},{"@type":"ListItem","position":4,"name":"Promotional materials"}]},{"@type":"WebSite","@id":"https:\/\/www.upjs.sk\/pracoviska\/tip\/en\/#website","url":"https:\/\/www.upjs.sk\/pracoviska\/tip\/en\/","name":"Technologick\u00fd a inova\u010dn\u00fd park | UPJ\u0160","description":"","publisher":{"@id":"https:\/\/www.upjs.sk\/pracoviska\/tip\/en\/#organization"},"potentialAction":[{"@type":"SearchAction","target":{"@type":"EntryPoint","urlTemplate":"https:\/\/www.upjs.sk\/pracoviska\/tip\/en\/?s={search_term_string}"},"query-input":{"@type":"PropertyValueSpecification","valueRequired":true,"valueName":"search_term_string"}}],"inLanguage":"en-US"},{"@type":"Organization","@id":"https:\/\/www.upjs.sk\/pracoviska\/tip\/en\/#organization","name":"Technologick\u00fd a inova\u010dn\u00fd park | UPJ\u0160","url":"https:\/\/www.upjs.sk\/pracoviska\/tip\/en\/","logo":{"@type":"ImageObject","inLanguage":"en-US","@id":"https:\/\/www.upjs.sk\/pracoviska\/tip\/en\/#\/schema\/logo\/image\/","url":"https:\/\/www.upjs.sk\/app\/uploads\/sites\/24\/2023\/02\/TIP_ENG.svg","contentUrl":"https:\/\/www.upjs.sk\/app\/uploads\/sites\/24\/2023\/02\/TIP_ENG.svg","width":500,"height":138,"caption":"Technologick\u00fd a inova\u010dn\u00fd park | UPJ\u0160"},"image":{"@id":"https:\/\/www.upjs.sk\/pracoviska\/tip\/en\/#\/schema\/logo\/image\/"}}]}},"_links":{"self":[{"href":"https:\/\/www.upjs.sk\/pracoviska\/tip\/en\/wp-json\/wp\/v2\/pages\/18167","targetHints":{"allow":["GET"]}}],"collection":[{"href":"https:\/\/www.upjs.sk\/pracoviska\/tip\/en\/wp-json\/wp\/v2\/pages"}],"about":[{"href":"https:\/\/www.upjs.sk\/pracoviska\/tip\/en\/wp-json\/wp\/v2\/types\/page"}],"author":[{"embeddable":true,"href":"https:\/\/www.upjs.sk\/pracoviska\/tip\/en\/wp-json\/wp\/v2\/users\/56"}],"replies":[{"embeddable":true,"href":"https:\/\/www.upjs.sk\/pracoviska\/tip\/en\/wp-json\/wp\/v2\/comments?post=18167"}],"version-history":[{"count":20,"href":"https:\/\/www.upjs.sk\/pracoviska\/tip\/en\/wp-json\/wp\/v2\/pages\/18167\/revisions"}],"predecessor-version":[{"id":18549,"href":"https:\/\/www.upjs.sk\/pracoviska\/tip\/en\/wp-json\/wp\/v2\/pages\/18167\/revisions\/18549"}],"up":[{"embeddable":true,"href":"https:\/\/www.upjs.sk\/pracoviska\/tip\/en\/wp-json\/wp\/v2\/pages\/14370"}],"wp:attachment":[{"href":"https:\/\/www.upjs.sk\/pracoviska\/tip\/en\/wp-json\/wp\/v2\/media?parent=18167"}],"wp:term":[{"taxonomy":"category","embeddable":true,"href":"https:\/\/www.upjs.sk\/pracoviska\/tip\/en\/wp-json\/wp\/v2\/categories?post=18167"},{"taxonomy":"post_tag","embeddable":true,"href":"https:\/\/www.upjs.sk\/pracoviska\/tip\/en\/wp-json\/wp\/v2\/tags?post=18167"}],"curies":[{"name":"wp","href":"https:\/\/api.w.org\/{rel}","templated":true}]}}