{"id":18747,"date":"2025-05-29T22:47:14","date_gmt":"2025-05-29T22:47:14","guid":{"rendered":"https:\/\/www.upjs.sk\/pracoviska\/tip\/tim-a-vedenie\/"},"modified":"2025-06-06T07:34:52","modified_gmt":"2025-06-06T07:34:52","slug":"tim-a-vedenie","status":"publish","type":"page","link":"https:\/\/www.upjs.sk\/pracoviska\/tip\/en\/tim-a-vedenie\/","title":{"rendered":"Team and Management"},"content":{"rendered":"<style>.kb-row-layout-id18747_383195-22 > .kt-row-column-wrap{align-content:start;}:where(.kb-row-layout-id18747_383195-22 > .kt-row-column-wrap) > .wp-block-kadence-column{justify-content:start;}.kb-row-layout-id18747_383195-22 > .kt-row-column-wrap{column-gap:var(--global-kb-gap-md, 2rem);row-gap:var(--global-kb-gap-md, 2rem);padding-top:var(--global-kb-spacing-sm, 1.5rem);padding-bottom:var(--global-kb-spacing-md, 2rem);grid-template-columns:repeat(2, minmax(0, 1fr));}.kb-row-layout-id18747_383195-22 > .kt-row-layout-overlay{opacity:0.30;}@media all and (max-width: 1024px){.kb-row-layout-id18747_383195-22 > .kt-row-column-wrap{grid-template-columns:repeat(2, minmax(0, 1fr));}}@media all and (max-width: 767px){.kb-row-layout-id18747_383195-22 > .kt-row-column-wrap{grid-template-columns:minmax(0, 1fr);}}<\/style><div class=\"kb-row-layout-wrap kb-row-layout-id18747_383195-22 alignnone wp-block-kadence-rowlayout\"><div class=\"kt-row-column-wrap kt-has-2-columns kt-row-layout-equal kt-tab-layout-inherit kt-mobile-layout-row kt-row-valign-top\">\n<style>.kadence-column18747_47c811-5e > .kt-inside-inner-col,.kadence-column18747_47c811-5e > .kt-inside-inner-col:before{border-top-left-radius:0px;border-top-right-radius:0px;border-bottom-right-radius:0px;border-bottom-left-radius:0px;}.kadence-column18747_47c811-5e > .kt-inside-inner-col{column-gap:var(--global-kb-gap-sm, 1rem);}.kadence-column18747_47c811-5e > .kt-inside-inner-col{flex-direction:column;}.kadence-column18747_47c811-5e > .kt-inside-inner-col > .aligncenter{width:100%;}.kadence-column18747_47c811-5e > .kt-inside-inner-col:before{opacity:0.3;}.kadence-column18747_47c811-5e{position:relative;}@media all and (max-width: 1024px){.kadence-column18747_47c811-5e > .kt-inside-inner-col{flex-direction:column;justify-content:center;}}@media all and (max-width: 767px){.kadence-column18747_47c811-5e > .kt-inside-inner-col{flex-direction:column;justify-content:center;}}<\/style>\n<div class=\"wp-block-kadence-column kadence-column18747_47c811-5e\"><div class=\"kt-inside-inner-col\">\n<figure class=\"wp-block-image alignleft size-full is-resized\"><img loading=\"lazy\" decoding=\"async\" width=\"300\" height=\"401\" src=\"https:\/\/www.upjs.sk\/app\/uploads\/sites\/24\/2025\/06\/riaditel-TIP.jpg\" alt=\"\" class=\"wp-image-18763\" style=\"width:139px;height:auto\" srcset=\"https:\/\/www.upjs.sk\/app\/uploads\/sites\/24\/2025\/06\/riaditel-TIP.jpg 300w, https:\/\/www.upjs.sk\/app\/uploads\/sites\/24\/2025\/06\/riaditel-TIP-224x300.jpg 224w\" sizes=\"auto, (max-width: 300px) 100vw, 300px\" \/><\/figure>\n\n\n\n<p><\/p>\n\n\n\n<p><strong>RNDr. Andrej Miro\u0161\u0161ay, PhD.<\/strong><br><mark style=\"background-color:rgba(0, 0, 0, 0)\" class=\"has-inline-color has-zakladna-modra-color\"><strong>Chief Science Officer TIP-UPJ\u0160<\/strong><\/mark><br>email:&nbsp;<a href=\"mailto:%20andrej.mirossay@upjs.sk\">andrej.mirossay@upjs.sk<\/a><br>phone: +421 55234 3528<\/p>\n<\/div><\/div>\n\n\n<style>.kadence-column18747_d959e6-26 > .kt-inside-inner-col,.kadence-column18747_d959e6-26 > .kt-inside-inner-col:before{border-top-left-radius:0px;border-top-right-radius:0px;border-bottom-right-radius:0px;border-bottom-left-radius:0px;}.kadence-column18747_d959e6-26 > .kt-inside-inner-col{column-gap:var(--global-kb-gap-sm, 1rem);}.kadence-column18747_d959e6-26 > .kt-inside-inner-col{flex-direction:column;}.kadence-column18747_d959e6-26 > .kt-inside-inner-col > .aligncenter{width:100%;}.kadence-column18747_d959e6-26 > .kt-inside-inner-col:before{opacity:0.3;}.kadence-column18747_d959e6-26{position:relative;}@media all and (max-width: 1024px){.kadence-column18747_d959e6-26 > .kt-inside-inner-col{flex-direction:column;justify-content:center;}}@media all and (max-width: 767px){.kadence-column18747_d959e6-26 > .kt-inside-inner-col{flex-direction:column;justify-content:center;}}<\/style>\n<div class=\"wp-block-kadence-column kadence-column18747_d959e6-26\"><div class=\"kt-inside-inner-col\">\n<figure class=\"wp-block-image alignleft size-full is-resized\"><img loading=\"lazy\" decoding=\"async\" width=\"180\" height=\"238\" src=\"https:\/\/www.upjs.sk\/app\/uploads\/sites\/24\/2023\/06\/Svorenova-TIP.jpg\" alt=\"\" class=\"wp-image-17760\" style=\"width:138px;height:auto\"\/><\/figure>\n\n\n\n<p><\/p>\n\n\n\n<p><strong>Ing. Zuzana<\/strong> <strong>Svore\u0148ov\u00e1<\/strong><br><mark style=\"background-color:rgba(0, 0, 0, 0)\" class=\"has-inline-color has-zakladna-modra-color\"><strong>Ecomist, Chief Financial Officer<\/strong><\/mark><br>email:&nbsp;<a href=\"mailto:%20andrej.mirossay@upjs.sk\">zuzana.svorenova@upjs.sk<\/a><br><\/p>\n<\/div><\/div>\n\n<\/div><\/div>\n\n\n<p><\/p>\n\n\n<style>.kb-row-layout-id18747_807b01-b8 > .kt-row-column-wrap{align-content:start;}:where(.kb-row-layout-id18747_807b01-b8 > .kt-row-column-wrap) > .wp-block-kadence-column{justify-content:start;}.kb-row-layout-id18747_807b01-b8 > .kt-row-column-wrap{column-gap:var(--global-kb-gap-md, 2rem);row-gap:var(--global-kb-gap-md, 2rem);padding-top:var(--global-kb-spacing-sm, 1.5rem);padding-bottom:var(--global-kb-spacing-sm, 1.5rem);grid-template-columns:repeat(2, minmax(0, 1fr));}.kb-row-layout-id18747_807b01-b8 > .kt-row-layout-overlay{opacity:0.30;}@media all and (max-width: 1024px){.kb-row-layout-id18747_807b01-b8 > .kt-row-column-wrap{grid-template-columns:repeat(2, minmax(0, 1fr));}}@media all and (max-width: 767px){.kb-row-layout-id18747_807b01-b8 > .kt-row-column-wrap{grid-template-columns:minmax(0, 1fr);}}<\/style><div class=\"kb-row-layout-wrap kb-row-layout-id18747_807b01-b8 alignnone wp-block-kadence-rowlayout\"><div class=\"kt-row-column-wrap kt-has-6-columns kt-row-layout-two-grid kt-tab-layout-inherit kt-mobile-layout-row kt-row-valign-top\">\n<style>.kadence-column18747_84de7c-7c > .kt-inside-inner-col,.kadence-column18747_84de7c-7c > .kt-inside-inner-col:before{border-top-left-radius:0px;border-top-right-radius:0px;border-bottom-right-radius:0px;border-bottom-left-radius:0px;}.kadence-column18747_84de7c-7c > .kt-inside-inner-col{column-gap:var(--global-kb-gap-sm, 1rem);}.kadence-column18747_84de7c-7c > .kt-inside-inner-col{flex-direction:column;}.kadence-column18747_84de7c-7c > .kt-inside-inner-col > .aligncenter{width:100%;}.kadence-column18747_84de7c-7c > .kt-inside-inner-col:before{opacity:0.3;}.kadence-column18747_84de7c-7c{position:relative;}@media all and (max-width: 1024px){.kadence-column18747_84de7c-7c > .kt-inside-inner-col{flex-direction:column;justify-content:center;}}@media all and (max-width: 767px){.kadence-column18747_84de7c-7c > .kt-inside-inner-col{flex-direction:column;justify-content:center;}}<\/style>\n<div class=\"wp-block-kadence-column kadence-column18747_84de7c-7c\"><div class=\"kt-inside-inner-col\"><style>.kadence-column18747_c9ed5d-1f > .kt-inside-inner-col,.kadence-column18747_c9ed5d-1f > .kt-inside-inner-col:before{border-top-left-radius:0px;border-top-right-radius:0px;border-bottom-right-radius:0px;border-bottom-left-radius:0px;}.kadence-column18747_c9ed5d-1f > .kt-inside-inner-col{column-gap:var(--global-kb-gap-sm, 1rem);}.kadence-column18747_c9ed5d-1f > .kt-inside-inner-col{flex-direction:column;}.kadence-column18747_c9ed5d-1f > .kt-inside-inner-col > .aligncenter{width:100%;}.kadence-column18747_c9ed5d-1f > .kt-inside-inner-col:before{opacity:0.3;}.kadence-column18747_c9ed5d-1f{position:relative;}@media all and (max-width: 1024px){.kadence-column18747_c9ed5d-1f > .kt-inside-inner-col{flex-direction:column;justify-content:center;}}@media all and (max-width: 767px){.kadence-column18747_c9ed5d-1f > .kt-inside-inner-col{flex-direction:column;justify-content:center;}}<\/style>\n<div class=\"wp-block-kadence-column kadence-column18747_c9ed5d-1f\"><div class=\"kt-inside-inner-col\">\n\n\n<p><\/p>\n\n\n\n<p><strong>RNDr. M\u00e1ria Sol\u00e1rov\u00e1, PhD.<\/strong><br><mark style=\"background-color:rgba(0, 0, 0, 0)\" class=\"has-inline-color has-zakladna-modra-color\"><strong>Project administration<\/strong><\/mark><br>email:&nbsp;<a href=\"mailto:%20andrej.mirossay@upjs.sk\">maria.solarova@upjs.sk<\/a><br><\/p>\n<\/div><\/div>\n<\/div><\/div>\n\n\n<style>.kadence-column18747_f2ea09-c1 > .kt-inside-inner-col,.kadence-column18747_f2ea09-c1 > .kt-inside-inner-col:before{border-top-left-radius:0px;border-top-right-radius:0px;border-bottom-right-radius:0px;border-bottom-left-radius:0px;}.kadence-column18747_f2ea09-c1 > .kt-inside-inner-col{column-gap:var(--global-kb-gap-sm, 1rem);}.kadence-column18747_f2ea09-c1 > .kt-inside-inner-col{flex-direction:column;}.kadence-column18747_f2ea09-c1 > .kt-inside-inner-col > .aligncenter{width:100%;}.kadence-column18747_f2ea09-c1 > .kt-inside-inner-col:before{opacity:0.3;}.kadence-column18747_f2ea09-c1{position:relative;}@media all and (max-width: 1024px){.kadence-column18747_f2ea09-c1 > .kt-inside-inner-col{flex-direction:column;justify-content:center;}}@media all and (max-width: 767px){.kadence-column18747_f2ea09-c1 > .kt-inside-inner-col{flex-direction:column;justify-content:center;}}<\/style>\n<div class=\"wp-block-kadence-column kadence-column18747_f2ea09-c1\"><div class=\"kt-inside-inner-col\">\n\n\n<p><\/p>\n\n\n\n<p><strong>Ren\u00e1ta Li\u0161kov\u00e1<\/strong><br><mark style=\"background-color:rgba(0, 0, 0, 0)\" class=\"has-inline-color has-zakladna-modra-color\"><strong>Administrative Assistant<\/strong><\/mark><br>email:&nbsp;<a href=\"mailto:%20andrej.mirossay@upjs.sk\">renata.liskova@upjs.sk<\/a><br><\/p>\n<\/div><\/div>\n\n\n<style>.kadence-column18747_8e78a0-15 > .kt-inside-inner-col,.kadence-column18747_8e78a0-15 > .kt-inside-inner-col:before{border-top-left-radius:0px;border-top-right-radius:0px;border-bottom-right-radius:0px;border-bottom-left-radius:0px;}.kadence-column18747_8e78a0-15 > .kt-inside-inner-col{column-gap:var(--global-kb-gap-sm, 1rem);}.kadence-column18747_8e78a0-15 > .kt-inside-inner-col{flex-direction:column;}.kadence-column18747_8e78a0-15 > .kt-inside-inner-col > .aligncenter{width:100%;}.kadence-column18747_8e78a0-15 > .kt-inside-inner-col:before{opacity:0.3;}.kadence-column18747_8e78a0-15{position:relative;}@media all and (max-width: 1024px){.kadence-column18747_8e78a0-15 > .kt-inside-inner-col{flex-direction:column;justify-content:center;}}@media all and (max-width: 767px){.kadence-column18747_8e78a0-15 > .kt-inside-inner-col{flex-direction:column;justify-content:center;}}<\/style>\n<div class=\"wp-block-kadence-column kadence-column18747_8e78a0-15\"><div class=\"kt-inside-inner-col\">\n\n\n<p><\/p>\n\n\n\n<p><strong>Mgr. Slavom\u00edra Hrabovsk\u00e1<\/strong><br><mark style=\"background-color:rgba(0, 0, 0, 0)\" class=\"has-inline-color has-zakladna-modra-color\"><strong>Marketing and PR Specialist<\/strong><\/mark><br>email:&nbsp;<a href=\"mailto:%20andrej.mirossay@upjs.sk\">slavomira.hrabovska@upjs.sk<\/a><br><\/p>\n<\/div><\/div>\n\n\n<style>.kadence-column18747_5e6f2e-a9 > .kt-inside-inner-col,.kadence-column18747_5e6f2e-a9 > .kt-inside-inner-col:before{border-top-left-radius:0px;border-top-right-radius:0px;border-bottom-right-radius:0px;border-bottom-left-radius:0px;}.kadence-column18747_5e6f2e-a9 > .kt-inside-inner-col{column-gap:var(--global-kb-gap-sm, 1rem);}.kadence-column18747_5e6f2e-a9 > .kt-inside-inner-col{flex-direction:column;}.kadence-column18747_5e6f2e-a9 > .kt-inside-inner-col > .aligncenter{width:100%;}.kadence-column18747_5e6f2e-a9 > .kt-inside-inner-col:before{opacity:0.3;}.kadence-column18747_5e6f2e-a9{position:relative;}@media all and (max-width: 1024px){.kadence-column18747_5e6f2e-a9 > .kt-inside-inner-col{flex-direction:column;justify-content:center;}}@media all and (max-width: 767px){.kadence-column18747_5e6f2e-a9 > .kt-inside-inner-col{flex-direction:column;justify-content:center;}}<\/style>\n<div class=\"wp-block-kadence-column kadence-column18747_5e6f2e-a9\"><div class=\"kt-inside-inner-col\"><style>.kadence-column18747_aa7e57-8b > .kt-inside-inner-col,.kadence-column18747_aa7e57-8b > .kt-inside-inner-col:before{border-top-left-radius:0px;border-top-right-radius:0px;border-bottom-right-radius:0px;border-bottom-left-radius:0px;}.kadence-column18747_aa7e57-8b > .kt-inside-inner-col{column-gap:var(--global-kb-gap-sm, 1rem);}.kadence-column18747_aa7e57-8b > .kt-inside-inner-col{flex-direction:column;}.kadence-column18747_aa7e57-8b > .kt-inside-inner-col > .aligncenter{width:100%;}.kadence-column18747_aa7e57-8b > .kt-inside-inner-col:before{opacity:0.3;}.kadence-column18747_aa7e57-8b{position:relative;}@media all and (max-width: 1024px){.kadence-column18747_aa7e57-8b > .kt-inside-inner-col{flex-direction:column;justify-content:center;}}@media all and (max-width: 767px){.kadence-column18747_aa7e57-8b > .kt-inside-inner-col{flex-direction:column;justify-content:center;}}<\/style>\n<div class=\"wp-block-kadence-column kadence-column18747_aa7e57-8b\"><div class=\"kt-inside-inner-col\">\n\n\n<p><\/p>\n\n\n\n<p><strong>Krist\u00edna Basov\u00e1<\/strong><br><mark style=\"background-color:rgba(0, 0, 0, 0)\" class=\"has-inline-color has-zakladna-modra-color\"><strong>PR and Graphic Specialist<\/strong><\/mark><br>email:\u00a0<a href=\"mailto:%20andrej.mirossay@upjs.sk\">kristina.basova@upjs.sk<\/a><br><\/p>\n<\/div><\/div>\n<\/div><\/div>\n\n\n<style>.kadence-column18747_179da0-5c > .kt-inside-inner-col,.kadence-column18747_179da0-5c > .kt-inside-inner-col:before{border-top-left-radius:0px;border-top-right-radius:0px;border-bottom-right-radius:0px;border-bottom-left-radius:0px;}.kadence-column18747_179da0-5c > .kt-inside-inner-col{column-gap:var(--global-kb-gap-sm, 1rem);}.kadence-column18747_179da0-5c > .kt-inside-inner-col{flex-direction:column;}.kadence-column18747_179da0-5c > .kt-inside-inner-col > .aligncenter{width:100%;}.kadence-column18747_179da0-5c > .kt-inside-inner-col:before{opacity:0.3;}.kadence-column18747_179da0-5c{position:relative;}@media all and (max-width: 1024px){.kadence-column18747_179da0-5c > .kt-inside-inner-col{flex-direction:column;justify-content:center;}}@media all and (max-width: 767px){.kadence-column18747_179da0-5c > .kt-inside-inner-col{flex-direction:column;justify-content:center;}}<\/style>\n<div class=\"wp-block-kadence-column kadence-column18747_179da0-5c\"><div class=\"kt-inside-inner-col\"><\/div><\/div>\n\n\n<style>.kadence-column18747_e0ac53-b2 > .kt-inside-inner-col,.kadence-column18747_e0ac53-b2 > .kt-inside-inner-col:before{border-top-left-radius:0px;border-top-right-radius:0px;border-bottom-right-radius:0px;border-bottom-left-radius:0px;}.kadence-column18747_e0ac53-b2 > .kt-inside-inner-col{column-gap:var(--global-kb-gap-sm, 1rem);}.kadence-column18747_e0ac53-b2 > .kt-inside-inner-col{flex-direction:column;}.kadence-column18747_e0ac53-b2 > .kt-inside-inner-col > .aligncenter{width:100%;}.kadence-column18747_e0ac53-b2 > .kt-inside-inner-col:before{opacity:0.3;}.kadence-column18747_e0ac53-b2{position:relative;}@media all and (max-width: 1024px){.kadence-column18747_e0ac53-b2 > .kt-inside-inner-col{flex-direction:column;justify-content:center;}}@media all and (max-width: 767px){.kadence-column18747_e0ac53-b2 > .kt-inside-inner-col{flex-direction:column;justify-content:center;}}<\/style>\n<div class=\"wp-block-kadence-column kadence-column18747_e0ac53-b2\"><div class=\"kt-inside-inner-col\"><\/div><\/div>\n\n<\/div><\/div>\n\n\n<p><\/p>\n\n\n\n<p><\/p>\n\n\n\n<p><\/p>\n","protected":false},"excerpt":{"rendered":"<p>RNDr. Andrej Miro\u0161\u0161ay, PhD.Chief Science Officer TIP-UPJ\u0160email:&nbsp;andrej.mirossay@upjs.skphone: +421 55234 3528 Ing. Zuzana Svore\u0148ov\u00e1Ecomist, Chief Financial Officeremail:&nbsp;zuzana.svorenova@upjs.sk RNDr. M\u00e1ria Sol\u00e1rov\u00e1, PhD.Project administrationemail:&nbsp;maria.solarova@upjs.sk Ren\u00e1ta Li\u0161kov\u00e1Administrative Assistantemail:&nbsp;renata.liskova@upjs.sk Mgr. Slavom\u00edra Hrabovsk\u00e1Marketing and PR Specialistemail:&nbsp;slavomira.hrabovska@upjs.sk Krist\u00edna Basov\u00e1PR and Graphic Specialistemail:\u00a0kristina.basova@upjs.sk<\/p>\n","protected":false},"author":111,"featured_media":0,"parent":0,"menu_order":5,"comment_status":"closed","ping_status":"closed","template":"","meta":{"_acf_changed":false,"_editorskit_title_hidden":false,"_editorskit_reading_time":0,"_editorskit_is_block_options_detached":false,"_editorskit_block_options_position":"{}","footnotes":""},"categories":[],"tags":[],"class_list":["post-18747","page","type-page","status-publish","hentry"],"acf":{"acf_link_na_externy_obsah":""},"yoast_head":"<!-- This site is optimized with the Yoast SEO plugin v27.2 - https:\/\/yoast.com\/product\/yoast-seo-wordpress\/ -->\n<title>Team and Management - Technologick\u00fd a inova\u010dn\u00fd park | UPJ\u0160<\/title>\n<meta name=\"robots\" content=\"index, follow, max-snippet:-1, max-image-preview:large, max-video-preview:-1\" \/>\n<link rel=\"canonical\" href=\"https:\/\/www.upjs.sk\/pracoviska\/tip\/en\/tim-a-vedenie\/\" \/>\n<meta property=\"og:locale\" content=\"en_US\" \/>\n<meta property=\"og:type\" content=\"article\" \/>\n<meta property=\"og:title\" content=\"Team and Management - Technologick\u00fd a inova\u010dn\u00fd park | UPJ\u0160\" \/>\n<meta property=\"og:description\" content=\"RNDr. Andrej Miro\u0161\u0161ay, PhD.Chief Science Officer TIP-UPJ\u0160email:&nbsp;andrej.mirossay@upjs.skphone: +421 55234 3528 Ing. Zuzana Svore\u0148ov\u00e1Ecomist, Chief Financial Officeremail:&nbsp;zuzana.svorenova@upjs.sk RNDr. M\u00e1ria Sol\u00e1rov\u00e1, PhD.Project administrationemail:&nbsp;maria.solarova@upjs.sk Ren\u00e1ta Li\u0161kov\u00e1Administrative Assistantemail:&nbsp;renata.liskova@upjs.sk Mgr. Slavom\u00edra Hrabovsk\u00e1Marketing and PR Specialistemail:&nbsp;slavomira.hrabovska@upjs.sk Krist\u00edna Basov\u00e1PR and Graphic Specialistemail:\u00a0kristina.basova@upjs.sk\" \/>\n<meta property=\"og:url\" content=\"https:\/\/www.upjs.sk\/pracoviska\/tip\/en\/tim-a-vedenie\/\" \/>\n<meta property=\"og:site_name\" content=\"Technologick\u00fd a inova\u010dn\u00fd park | UPJ\u0160\" \/>\n<meta property=\"article:modified_time\" content=\"2025-06-06T07:34:52+00:00\" \/>\n<meta property=\"og:image\" content=\"https:\/\/www.upjs.sk\/app\/uploads\/sites\/24\/2025\/06\/riaditel-TIP.jpg\" \/>\n<meta name=\"twitter:card\" content=\"summary_large_image\" \/>\n<meta name=\"twitter:label1\" content=\"Est. reading time\" \/>\n\t<meta name=\"twitter:data1\" content=\"2 minutes\" \/>\n<script type=\"application\/ld+json\" class=\"yoast-schema-graph\">{\"@context\":\"https:\/\/schema.org\",\"@graph\":[{\"@type\":\"WebPage\",\"@id\":\"https:\/\/www.upjs.sk\/pracoviska\/tip\/en\/tim-a-vedenie\/\",\"url\":\"https:\/\/www.upjs.sk\/pracoviska\/tip\/en\/tim-a-vedenie\/\",\"name\":\"Team and Management - Technologick\u00fd a inova\u010dn\u00fd park | UPJ\u0160\",\"isPartOf\":{\"@id\":\"https:\/\/www.upjs.sk\/pracoviska\/tip\/en\/#website\"},\"primaryImageOfPage\":{\"@id\":\"https:\/\/www.upjs.sk\/pracoviska\/tip\/en\/tim-a-vedenie\/#primaryimage\"},\"image\":{\"@id\":\"https:\/\/www.upjs.sk\/pracoviska\/tip\/en\/tim-a-vedenie\/#primaryimage\"},\"thumbnailUrl\":\"https:\/\/www.upjs.sk\/app\/uploads\/sites\/24\/2025\/06\/riaditel-TIP.jpg\",\"datePublished\":\"2025-05-29T22:47:14+00:00\",\"dateModified\":\"2025-06-06T07:34:52+00:00\",\"breadcrumb\":{\"@id\":\"https:\/\/www.upjs.sk\/pracoviska\/tip\/en\/tim-a-vedenie\/#breadcrumb\"},\"inLanguage\":\"en-US\",\"potentialAction\":[{\"@type\":\"ReadAction\",\"target\":[\"https:\/\/www.upjs.sk\/pracoviska\/tip\/en\/tim-a-vedenie\/\"]}]},{\"@type\":\"ImageObject\",\"inLanguage\":\"en-US\",\"@id\":\"https:\/\/www.upjs.sk\/pracoviska\/tip\/en\/tim-a-vedenie\/#primaryimage\",\"url\":\"https:\/\/www.upjs.sk\/app\/uploads\/sites\/24\/2025\/06\/riaditel-TIP.jpg\",\"contentUrl\":\"https:\/\/www.upjs.sk\/app\/uploads\/sites\/24\/2025\/06\/riaditel-TIP.jpg\"},{\"@type\":\"BreadcrumbList\",\"@id\":\"https:\/\/www.upjs.sk\/pracoviska\/tip\/en\/tim-a-vedenie\/#breadcrumb\",\"itemListElement\":[{\"@type\":\"ListItem\",\"position\":1,\"name\":\"Home\",\"item\":\"https:\/\/www.upjs.sk\/pracoviska\/tip\/en\/\"},{\"@type\":\"ListItem\",\"position\":2,\"name\":\"Team and Management\"}]},{\"@type\":\"WebSite\",\"@id\":\"https:\/\/www.upjs.sk\/pracoviska\/tip\/en\/#website\",\"url\":\"https:\/\/www.upjs.sk\/pracoviska\/tip\/en\/\",\"name\":\"Technologick\u00fd a inova\u010dn\u00fd park | UPJ\u0160\",\"description\":\"\",\"publisher\":{\"@id\":\"https:\/\/www.upjs.sk\/pracoviska\/tip\/en\/#organization\"},\"potentialAction\":[{\"@type\":\"SearchAction\",\"target\":{\"@type\":\"EntryPoint\",\"urlTemplate\":\"https:\/\/www.upjs.sk\/pracoviska\/tip\/en\/?s={search_term_string}\"},\"query-input\":{\"@type\":\"PropertyValueSpecification\",\"valueRequired\":true,\"valueName\":\"search_term_string\"}}],\"inLanguage\":\"en-US\"},{\"@type\":\"Organization\",\"@id\":\"https:\/\/www.upjs.sk\/pracoviska\/tip\/en\/#organization\",\"name\":\"Technologick\u00fd a inova\u010dn\u00fd park | UPJ\u0160\",\"url\":\"https:\/\/www.upjs.sk\/pracoviska\/tip\/en\/\",\"logo\":{\"@type\":\"ImageObject\",\"inLanguage\":\"en-US\",\"@id\":\"https:\/\/www.upjs.sk\/pracoviska\/tip\/en\/#\/schema\/logo\/image\/\",\"url\":\"https:\/\/www.upjs.sk\/app\/uploads\/sites\/24\/2023\/02\/TIP_ENG.svg\",\"contentUrl\":\"https:\/\/www.upjs.sk\/app\/uploads\/sites\/24\/2023\/02\/TIP_ENG.svg\",\"width\":500,\"height\":138,\"caption\":\"Technologick\u00fd a inova\u010dn\u00fd park | UPJ\u0160\"},\"image\":{\"@id\":\"https:\/\/www.upjs.sk\/pracoviska\/tip\/en\/#\/schema\/logo\/image\/\"}}]}<\/script>\n<!-- \/ Yoast SEO plugin. -->","yoast_head_json":{"title":"Team and Management - Technologick\u00fd a inova\u010dn\u00fd park | UPJ\u0160","robots":{"index":"index","follow":"follow","max-snippet":"max-snippet:-1","max-image-preview":"max-image-preview:large","max-video-preview":"max-video-preview:-1"},"canonical":"https:\/\/www.upjs.sk\/pracoviska\/tip\/en\/tim-a-vedenie\/","og_locale":"en_US","og_type":"article","og_title":"Team and Management - Technologick\u00fd a inova\u010dn\u00fd park | UPJ\u0160","og_description":"RNDr. Andrej Miro\u0161\u0161ay, PhD.Chief Science Officer TIP-UPJ\u0160email:&nbsp;andrej.mirossay@upjs.skphone: +421 55234 3528 Ing. Zuzana Svore\u0148ov\u00e1Ecomist, Chief Financial Officeremail:&nbsp;zuzana.svorenova@upjs.sk RNDr. M\u00e1ria Sol\u00e1rov\u00e1, PhD.Project administrationemail:&nbsp;maria.solarova@upjs.sk Ren\u00e1ta Li\u0161kov\u00e1Administrative Assistantemail:&nbsp;renata.liskova@upjs.sk Mgr. Slavom\u00edra Hrabovsk\u00e1Marketing and PR Specialistemail:&nbsp;slavomira.hrabovska@upjs.sk Krist\u00edna Basov\u00e1PR and Graphic Specialistemail:\u00a0kristina.basova@upjs.sk","og_url":"https:\/\/www.upjs.sk\/pracoviska\/tip\/en\/tim-a-vedenie\/","og_site_name":"Technologick\u00fd a inova\u010dn\u00fd park | UPJ\u0160","article_modified_time":"2025-06-06T07:34:52+00:00","og_image":[{"url":"https:\/\/www.upjs.sk\/app\/uploads\/sites\/24\/2025\/06\/riaditel-TIP.jpg","type":"","width":"","height":""}],"twitter_card":"summary_large_image","twitter_misc":{"Est. reading time":"2 minutes"},"schema":{"@context":"https:\/\/schema.org","@graph":[{"@type":"WebPage","@id":"https:\/\/www.upjs.sk\/pracoviska\/tip\/en\/tim-a-vedenie\/","url":"https:\/\/www.upjs.sk\/pracoviska\/tip\/en\/tim-a-vedenie\/","name":"Team and Management - Technologick\u00fd a inova\u010dn\u00fd park | UPJ\u0160","isPartOf":{"@id":"https:\/\/www.upjs.sk\/pracoviska\/tip\/en\/#website"},"primaryImageOfPage":{"@id":"https:\/\/www.upjs.sk\/pracoviska\/tip\/en\/tim-a-vedenie\/#primaryimage"},"image":{"@id":"https:\/\/www.upjs.sk\/pracoviska\/tip\/en\/tim-a-vedenie\/#primaryimage"},"thumbnailUrl":"https:\/\/www.upjs.sk\/app\/uploads\/sites\/24\/2025\/06\/riaditel-TIP.jpg","datePublished":"2025-05-29T22:47:14+00:00","dateModified":"2025-06-06T07:34:52+00:00","breadcrumb":{"@id":"https:\/\/www.upjs.sk\/pracoviska\/tip\/en\/tim-a-vedenie\/#breadcrumb"},"inLanguage":"en-US","potentialAction":[{"@type":"ReadAction","target":["https:\/\/www.upjs.sk\/pracoviska\/tip\/en\/tim-a-vedenie\/"]}]},{"@type":"ImageObject","inLanguage":"en-US","@id":"https:\/\/www.upjs.sk\/pracoviska\/tip\/en\/tim-a-vedenie\/#primaryimage","url":"https:\/\/www.upjs.sk\/app\/uploads\/sites\/24\/2025\/06\/riaditel-TIP.jpg","contentUrl":"https:\/\/www.upjs.sk\/app\/uploads\/sites\/24\/2025\/06\/riaditel-TIP.jpg"},{"@type":"BreadcrumbList","@id":"https:\/\/www.upjs.sk\/pracoviska\/tip\/en\/tim-a-vedenie\/#breadcrumb","itemListElement":[{"@type":"ListItem","position":1,"name":"Home","item":"https:\/\/www.upjs.sk\/pracoviska\/tip\/en\/"},{"@type":"ListItem","position":2,"name":"Team and Management"}]},{"@type":"WebSite","@id":"https:\/\/www.upjs.sk\/pracoviska\/tip\/en\/#website","url":"https:\/\/www.upjs.sk\/pracoviska\/tip\/en\/","name":"Technologick\u00fd a inova\u010dn\u00fd park | UPJ\u0160","description":"","publisher":{"@id":"https:\/\/www.upjs.sk\/pracoviska\/tip\/en\/#organization"},"potentialAction":[{"@type":"SearchAction","target":{"@type":"EntryPoint","urlTemplate":"https:\/\/www.upjs.sk\/pracoviska\/tip\/en\/?s={search_term_string}"},"query-input":{"@type":"PropertyValueSpecification","valueRequired":true,"valueName":"search_term_string"}}],"inLanguage":"en-US"},{"@type":"Organization","@id":"https:\/\/www.upjs.sk\/pracoviska\/tip\/en\/#organization","name":"Technologick\u00fd a inova\u010dn\u00fd park | UPJ\u0160","url":"https:\/\/www.upjs.sk\/pracoviska\/tip\/en\/","logo":{"@type":"ImageObject","inLanguage":"en-US","@id":"https:\/\/www.upjs.sk\/pracoviska\/tip\/en\/#\/schema\/logo\/image\/","url":"https:\/\/www.upjs.sk\/app\/uploads\/sites\/24\/2023\/02\/TIP_ENG.svg","contentUrl":"https:\/\/www.upjs.sk\/app\/uploads\/sites\/24\/2023\/02\/TIP_ENG.svg","width":500,"height":138,"caption":"Technologick\u00fd a inova\u010dn\u00fd park | UPJ\u0160"},"image":{"@id":"https:\/\/www.upjs.sk\/pracoviska\/tip\/en\/#\/schema\/logo\/image\/"}}]}},"_links":{"self":[{"href":"https:\/\/www.upjs.sk\/pracoviska\/tip\/en\/wp-json\/wp\/v2\/pages\/18747","targetHints":{"allow":["GET"]}}],"collection":[{"href":"https:\/\/www.upjs.sk\/pracoviska\/tip\/en\/wp-json\/wp\/v2\/pages"}],"about":[{"href":"https:\/\/www.upjs.sk\/pracoviska\/tip\/en\/wp-json\/wp\/v2\/types\/page"}],"author":[{"embeddable":true,"href":"https:\/\/www.upjs.sk\/pracoviska\/tip\/en\/wp-json\/wp\/v2\/users\/111"}],"replies":[{"embeddable":true,"href":"https:\/\/www.upjs.sk\/pracoviska\/tip\/en\/wp-json\/wp\/v2\/comments?post=18747"}],"version-history":[{"count":8,"href":"https:\/\/www.upjs.sk\/pracoviska\/tip\/en\/wp-json\/wp\/v2\/pages\/18747\/revisions"}],"predecessor-version":[{"id":19023,"href":"https:\/\/www.upjs.sk\/pracoviska\/tip\/en\/wp-json\/wp\/v2\/pages\/18747\/revisions\/19023"}],"wp:attachment":[{"href":"https:\/\/www.upjs.sk\/pracoviska\/tip\/en\/wp-json\/wp\/v2\/media?parent=18747"}],"wp:term":[{"taxonomy":"category","embeddable":true,"href":"https:\/\/www.upjs.sk\/pracoviska\/tip\/en\/wp-json\/wp\/v2\/categories?post=18747"},{"taxonomy":"post_tag","embeddable":true,"href":"https:\/\/www.upjs.sk\/pracoviska\/tip\/en\/wp-json\/wp\/v2\/tags?post=18747"}],"curies":[{"name":"wp","href":"https:\/\/api.w.org\/{rel}","templated":true}]}}