{"id":21387,"date":"2026-03-26T08:29:55","date_gmt":"2026-03-26T08:29:55","guid":{"rendered":"https:\/\/www.upjs.sk\/pracoviska\/tip\/apbc\/research-activities-apbc\/vyskumne-oblasti\/"},"modified":"2026-03-26T13:49:38","modified_gmt":"2026-03-26T13:49:38","slug":"research-areas","status":"publish","type":"page","link":"https:\/\/www.upjs.sk\/pracoviska\/tip\/en\/apbc\/research-activities-apbc\/research-areas\/","title":{"rendered":"Research Areas"},"content":{"rendered":"\n<figure class=\"wp-block-table is-style-stripes\"><table class=\"has-fixed-layout\"><tbody><tr><td><\/td><td class=\"has-text-align-center\" data-align=\"center\"><br><strong><strong>Protein Engineering of Staphylokinases as New Promising Thrombolytics<\/strong><\/strong><\/td><td><\/td><\/tr><\/tbody><tfoot><tr><td><\/td><td class=\"has-text-align-center\" data-align=\"center\"><\/td><td><\/td><\/tr><\/tfoot><\/table><\/figure>\n\n\n\n<p>This activity involves the modification and optimization of staphylokinases with the aim of developing more effective thrombolytic agents for medical applications.<\/p>\n\n\n\n<figure class=\"wp-block-image size-large is-resized\"><img loading=\"lazy\" decoding=\"async\" width=\"1024\" height=\"446\" src=\"https:\/\/www.upjs.sk\/app\/uploads\/sites\/24\/2025\/10\/SAK-1024x446.png\" alt=\"\" class=\"wp-image-20032\" style=\"width:275px;height:auto\" srcset=\"https:\/\/www.upjs.sk\/app\/uploads\/sites\/24\/2025\/10\/SAK-1024x446.png 1024w, https:\/\/www.upjs.sk\/app\/uploads\/sites\/24\/2025\/10\/SAK-300x131.png 300w, https:\/\/www.upjs.sk\/app\/uploads\/sites\/24\/2025\/10\/SAK-768x335.png 768w, https:\/\/www.upjs.sk\/app\/uploads\/sites\/24\/2025\/10\/SAK-1536x670.png 1536w, https:\/\/www.upjs.sk\/app\/uploads\/sites\/24\/2025\/10\/SAK-2048x893.png 2048w\" sizes=\"auto, (max-width: 1024px) 100vw, 1024px\" \/><\/figure>\n\n\n\n<figure class=\"wp-block-table is-style-stripes\"><table class=\"has-fixed-layout\"><tbody><tr><td><\/td><td class=\"has-text-align-center\" data-align=\"center\"><strong><strong><strong>Protein Engineering of Dehalogenases and Development of a New Generation of Stable Fibroblast Growth Factor 2<\/strong><\/strong><\/strong><\/td><td><\/td><\/tr><\/tbody><tfoot><tr><td><\/td><td class=\"has-text-align-center\" data-align=\"center\"><\/td><td><\/td><\/tr><\/tfoot><\/table><\/figure>\n\n\n\n<p>This activity focuses on engineering dehalogenase enzymes and stabilizing fibroblast growth factor 2 (FGF2) to enhance its therapeutic potential.<\/p>\n\n\n\n<figure class=\"wp-block-image size-full is-resized\"><img loading=\"lazy\" decoding=\"async\" width=\"436\" height=\"234\" src=\"https:\/\/www.upjs.sk\/app\/uploads\/sites\/24\/2025\/11\/Screenshot-2025-10-02-073025-1-e1763046394722.jpg\" alt=\"\" class=\"wp-image-20501\" style=\"width:276px;height:auto\" srcset=\"https:\/\/www.upjs.sk\/app\/uploads\/sites\/24\/2025\/11\/Screenshot-2025-10-02-073025-1-e1763046394722.jpg 436w, https:\/\/www.upjs.sk\/app\/uploads\/sites\/24\/2025\/11\/Screenshot-2025-10-02-073025-1-e1763046394722-300x161.jpg 300w\" sizes=\"auto, (max-width: 436px) 100vw, 436px\" \/><\/figure>\n\n\n\n<figure class=\"wp-block-table is-style-stripes\"><table class=\"has-fixed-layout\"><tbody><tr><td><\/td><td class=\"has-text-align-center\" data-align=\"center\"><br><strong><strong><strong><strong>Development of New Genetically Encoded Photosensitizers<\/strong><\/strong><\/strong><\/strong><\/td><td><\/td><\/tr><\/tbody><tfoot><tr><td><\/td><td class=\"has-text-align-center\" data-align=\"center\"><\/td><td><\/td><\/tr><\/tfoot><\/table><\/figure>\n\n\n\n<p>This activity aims to create novel genetically encoded photosensitizers for applications in photodynamic therapy and imaging.<\/p>\n\n\n\n<figure class=\"wp-block-image size-full is-resized\"><img loading=\"lazy\" decoding=\"async\" width=\"372\" height=\"186\" src=\"https:\/\/www.upjs.sk\/app\/uploads\/sites\/24\/2025\/11\/Screenshot-2025-11-13-161316.jpg\" alt=\"\" class=\"wp-image-20497\" style=\"width:306px;height:auto\" srcset=\"https:\/\/www.upjs.sk\/app\/uploads\/sites\/24\/2025\/11\/Screenshot-2025-11-13-161316.jpg 372w, https:\/\/www.upjs.sk\/app\/uploads\/sites\/24\/2025\/11\/Screenshot-2025-11-13-161316-300x150.jpg 300w\" sizes=\"auto, (max-width: 372px) 100vw, 372px\" \/><\/figure>\n\n\n\n<figure class=\"wp-block-table is-style-stripes\"><table class=\"has-fixed-layout\"><tbody><tr><td><\/td><td class=\"has-text-align-center\" data-align=\"center\"><br><strong><strong><strong><strong><strong>Bioinformatics Approaches to New Photosensitive Molecules<\/strong><\/strong><\/strong><\/strong><\/strong><\/td><td><\/td><\/tr><\/tbody><tfoot><tr><td><\/td><td class=\"has-text-align-center\" data-align=\"center\"><\/td><td><\/td><\/tr><\/tfoot><\/table><\/figure>\n\n\n\n<p>This activity uses bioinformatics to analyze and predict the properties of newly developed photosensitive molecules.<\/p>\n\n\n\n<figure class=\"wp-block-table is-style-stripes\"><table class=\"has-fixed-layout\"><tbody><tr><td><\/td><td class=\"has-text-align-center\" data-align=\"center\"><br><strong><strong><strong><strong><strong><strong>Spider Silk as a Promising Biomaterial<\/strong><\/strong><\/strong><\/strong><\/strong><\/strong><br><\/td><td><\/td><\/tr><\/tbody><tfoot><tr><td><\/td><td class=\"has-text-align-center\" data-align=\"center\"><\/td><td><\/td><\/tr><\/tfoot><\/table><\/figure>\n\n\n\n<p>This activity explores the potential of spider silk as a biomaterial for various applications, including tissue engineering and drug delivery.<\/p>\n\n\n\n<figure class=\"wp-block-table is-style-stripes\"><table class=\"has-fixed-layout\"><tbody><tr><td><\/td><td class=\"has-text-align-center\" data-align=\"center\"><br><strong><strong><strong><strong><strong><strong><strong>Molecular Mechanism of Amyloidosis<\/strong><\/strong><\/strong><\/strong><\/strong><\/strong><\/strong><br><\/td><td><\/td><\/tr><\/tbody><tfoot><tr><td><\/td><td class=\"has-text-align-center\" data-align=\"center\"><\/td><td><\/td><\/tr><\/tfoot><\/table><\/figure>\n\n\n\n<p>This activity focuses on studying amyloidosis, a group of disorders characterized by abnormal protein aggregation, to gain insights into disease mechanisms and potential therapeutic interventions.<\/p>\n\n\n\n<figure class=\"wp-block-table is-style-stripes\"><table class=\"has-fixed-layout\"><tbody><tr><td><\/td><td class=\"has-text-align-center\" data-align=\"center\"><strong><strong><strong><strong><strong><strong><strong><strong>Conformational and Colloidal Stability of Immunoglobulins and Pathological Light Chains of IgGs<\/strong><\/strong><\/strong><\/strong><\/strong><\/strong><\/strong><\/strong><\/td><td><\/td><\/tr><\/tbody><tfoot><tr><td><\/td><td class=\"has-text-align-center\" data-align=\"center\"><\/td><td><\/td><\/tr><\/tfoot><\/table><\/figure>\n\n\n\n<p>This activity investigates the stability of immunoglobulins and pathological light chains to better understand their conformational and colloidal properties.<\/p>\n\n\n\n<figure class=\"wp-block-image size-large is-resized\"><img loading=\"lazy\" decoding=\"async\" width=\"1024\" height=\"550\" src=\"https:\/\/www.upjs.sk\/app\/uploads\/sites\/24\/2025\/10\/IgG-human-1024x550.png\" alt=\"\" class=\"wp-image-20029\" style=\"width:270px;height:auto\" srcset=\"https:\/\/www.upjs.sk\/app\/uploads\/sites\/24\/2025\/10\/IgG-human-1024x550.png 1024w, https:\/\/www.upjs.sk\/app\/uploads\/sites\/24\/2025\/10\/IgG-human-300x161.png 300w, https:\/\/www.upjs.sk\/app\/uploads\/sites\/24\/2025\/10\/IgG-human-768x413.png 768w, https:\/\/www.upjs.sk\/app\/uploads\/sites\/24\/2025\/10\/IgG-human-1536x825.png 1536w, https:\/\/www.upjs.sk\/app\/uploads\/sites\/24\/2025\/10\/IgG-human-2048x1100.png 2048w\" sizes=\"auto, (max-width: 1024px) 100vw, 1024px\" \/><\/figure>\n\n\n\n<figure class=\"wp-block-table is-style-stripes\"><table class=\"has-fixed-layout\"><tbody><tr><td><\/td><td class=\"has-text-align-center\" data-align=\"center\"><br><strong><strong><strong><strong><strong><strong><strong><strong><strong>Development of Antibodies Against Difficult Targets<\/strong><\/strong><\/strong><\/strong><\/strong><\/strong><\/strong><\/strong><\/strong><br><\/td><td><\/td><\/tr><\/tbody><tfoot><tr><td><\/td><td class=\"has-text-align-center\" data-align=\"center\"><\/td><td><\/td><\/tr><\/tfoot><\/table><\/figure>\n\n\n\n<p>This activity aims to deliver specific molecular binders for research applications, with potential use as diagnostic and\/or therapeutic tools in human diseases.<\/p>\n\n\n\n<figure class=\"wp-block-image size-large is-resized\"><img loading=\"lazy\" decoding=\"async\" width=\"1024\" height=\"446\" src=\"https:\/\/www.upjs.sk\/app\/uploads\/sites\/24\/2025\/10\/Nanobody-8XLD-1024x446.png\" alt=\"\" class=\"wp-image-20026\" style=\"width:282px;height:auto\" srcset=\"https:\/\/www.upjs.sk\/app\/uploads\/sites\/24\/2025\/10\/Nanobody-8XLD-1024x446.png 1024w, https:\/\/www.upjs.sk\/app\/uploads\/sites\/24\/2025\/10\/Nanobody-8XLD-300x131.png 300w, https:\/\/www.upjs.sk\/app\/uploads\/sites\/24\/2025\/10\/Nanobody-8XLD-768x335.png 768w, https:\/\/www.upjs.sk\/app\/uploads\/sites\/24\/2025\/10\/Nanobody-8XLD-1536x670.png 1536w, https:\/\/www.upjs.sk\/app\/uploads\/sites\/24\/2025\/10\/Nanobody-8XLD-2048x893.png 2048w\" sizes=\"auto, (max-width: 1024px) 100vw, 1024px\" \/><\/figure>\n\n\n\n<figure class=\"wp-block-table is-style-stripes\"><table class=\"has-fixed-layout\"><tbody><tr><td><\/td><td class=\"has-text-align-center\" data-align=\"center\"><strong><strong><strong><strong><strong><strong><strong><strong><strong><strong>Production of Proteins in Mammalian Cell Lines<\/strong><\/strong><\/strong><\/strong><\/strong><\/strong><\/strong><\/strong><\/strong><\/strong><\/td><td><br><br><\/td><\/tr><\/tbody><tfoot><tr><td><\/td><td class=\"has-text-align-center\" data-align=\"center\"><\/td><td><\/td><\/tr><\/tfoot><\/table><\/figure>\n\n\n\n<p>This activity seeks to establish conditions for small- and medium-scale production of proteins developed in previous tasks, as a first step toward their commercial application.<\/p>\n","protected":false},"excerpt":{"rendered":"<p>Protein Engineering of Staphylokinases as New Promising Thrombolytics This activity involves the modification and optimization of staphylokinases with the aim of developing more effective thrombolytic agents for medical applications. Protein Engineering of Dehalogenases and Development of a New Generation of Stable Fibroblast Growth Factor 2 This activity focuses on engineering dehalogenase enzymes and stabilizing fibroblast &hellip; <a href=\"https:\/\/www.upjs.sk\/pracoviska\/tip\/en\/apbc\/research-activities-apbc\/research-areas\/\">Continued<\/a><\/p>\n","protected":false},"author":116,"featured_media":0,"parent":18986,"menu_order":0,"comment_status":"closed","ping_status":"closed","template":"","meta":{"_acf_changed":false,"_editorskit_title_hidden":false,"_editorskit_reading_time":0,"_editorskit_is_block_options_detached":false,"_editorskit_block_options_position":"{}","footnotes":""},"categories":[487],"tags":[],"class_list":["post-21387","page","type-page","status-publish","hentry","category-apbc"],"acf":{"acf_link_na_externy_obsah":""},"yoast_head":"<!-- This site is optimized with the Yoast SEO plugin v27.2 - https:\/\/yoast.com\/product\/yoast-seo-wordpress\/ -->\n<title>Research Areas - Technologick\u00fd a inova\u010dn\u00fd park | UPJ\u0160<\/title>\n<meta name=\"robots\" content=\"index, follow, max-snippet:-1, max-image-preview:large, max-video-preview:-1\" \/>\n<link rel=\"canonical\" href=\"https:\/\/www.upjs.sk\/pracoviska\/tip\/en\/apbc\/research-activities-apbc\/research-areas\/\" \/>\n<meta property=\"og:locale\" content=\"en_US\" \/>\n<meta property=\"og:type\" content=\"article\" \/>\n<meta property=\"og:title\" content=\"Research Areas - Technologick\u00fd a inova\u010dn\u00fd park | UPJ\u0160\" \/>\n<meta property=\"og:description\" content=\"Protein Engineering of Staphylokinases as New Promising Thrombolytics This activity involves the modification and optimization of staphylokinases with the aim of developing more effective thrombolytic agents for medical applications. Protein Engineering of Dehalogenases and Development of a New Generation of Stable Fibroblast Growth Factor 2 This activity focuses on engineering dehalogenase enzymes and stabilizing fibroblast &hellip; Continued\" \/>\n<meta property=\"og:url\" content=\"https:\/\/www.upjs.sk\/pracoviska\/tip\/en\/apbc\/research-activities-apbc\/research-areas\/\" \/>\n<meta property=\"og:site_name\" content=\"Technologick\u00fd a inova\u010dn\u00fd park | UPJ\u0160\" \/>\n<meta property=\"article:modified_time\" content=\"2026-03-26T13:49:38+00:00\" \/>\n<meta property=\"og:image\" content=\"https:\/\/www.upjs.sk\/app\/uploads\/sites\/24\/2025\/10\/SAK.png\" \/>\n\t<meta property=\"og:image:width\" content=\"3280\" \/>\n\t<meta property=\"og:image:height\" content=\"1430\" \/>\n\t<meta property=\"og:image:type\" content=\"image\/png\" \/>\n<meta name=\"twitter:card\" content=\"summary_large_image\" \/>\n<meta name=\"twitter:label1\" content=\"Est. reading time\" \/>\n\t<meta name=\"twitter:data1\" content=\"3 minutes\" \/>\n<script type=\"application\/ld+json\" class=\"yoast-schema-graph\">{\"@context\":\"https:\/\/schema.org\",\"@graph\":[{\"@type\":\"WebPage\",\"@id\":\"https:\/\/www.upjs.sk\/pracoviska\/tip\/en\/apbc\/research-activities-apbc\/research-areas\/\",\"url\":\"https:\/\/www.upjs.sk\/pracoviska\/tip\/en\/apbc\/research-activities-apbc\/research-areas\/\",\"name\":\"Research Areas - Technologick\u00fd a inova\u010dn\u00fd park | UPJ\u0160\",\"isPartOf\":{\"@id\":\"https:\/\/www.upjs.sk\/pracoviska\/tip\/en\/#website\"},\"primaryImageOfPage\":{\"@id\":\"https:\/\/www.upjs.sk\/pracoviska\/tip\/en\/apbc\/research-activities-apbc\/research-areas\/#primaryimage\"},\"image\":{\"@id\":\"https:\/\/www.upjs.sk\/pracoviska\/tip\/en\/apbc\/research-activities-apbc\/research-areas\/#primaryimage\"},\"thumbnailUrl\":\"https:\/\/www.upjs.sk\/app\/uploads\/sites\/24\/2025\/10\/SAK-1024x446.png\",\"datePublished\":\"2026-03-26T08:29:55+00:00\",\"dateModified\":\"2026-03-26T13:49:38+00:00\",\"breadcrumb\":{\"@id\":\"https:\/\/www.upjs.sk\/pracoviska\/tip\/en\/apbc\/research-activities-apbc\/research-areas\/#breadcrumb\"},\"inLanguage\":\"en-US\",\"potentialAction\":[{\"@type\":\"ReadAction\",\"target\":[\"https:\/\/www.upjs.sk\/pracoviska\/tip\/en\/apbc\/research-activities-apbc\/research-areas\/\"]}]},{\"@type\":\"ImageObject\",\"inLanguage\":\"en-US\",\"@id\":\"https:\/\/www.upjs.sk\/pracoviska\/tip\/en\/apbc\/research-activities-apbc\/research-areas\/#primaryimage\",\"url\":\"https:\/\/www.upjs.sk\/app\/uploads\/sites\/24\/2025\/10\/SAK-1024x446.png\",\"contentUrl\":\"https:\/\/www.upjs.sk\/app\/uploads\/sites\/24\/2025\/10\/SAK-1024x446.png\"},{\"@type\":\"BreadcrumbList\",\"@id\":\"https:\/\/www.upjs.sk\/pracoviska\/tip\/en\/apbc\/research-activities-apbc\/research-areas\/#breadcrumb\",\"itemListElement\":[{\"@type\":\"ListItem\",\"position\":1,\"name\":\"Home\",\"item\":\"https:\/\/www.upjs.sk\/pracoviska\/tip\/en\/\"},{\"@type\":\"ListItem\",\"position\":2,\"name\":\"APBC\",\"item\":\"https:\/\/www.upjs.sk\/pracoviska\/tip\/en\/apbc\/\"},{\"@type\":\"ListItem\",\"position\":3,\"name\":\"RESEARCH ACTIVITIES APBC\",\"item\":\"https:\/\/www.upjs.sk\/pracoviska\/tip\/en\/apbc\/research-activities-apbc\/\"},{\"@type\":\"ListItem\",\"position\":4,\"name\":\"Research Areas\"}]},{\"@type\":\"WebSite\",\"@id\":\"https:\/\/www.upjs.sk\/pracoviska\/tip\/en\/#website\",\"url\":\"https:\/\/www.upjs.sk\/pracoviska\/tip\/en\/\",\"name\":\"Technologick\u00fd a inova\u010dn\u00fd park | UPJ\u0160\",\"description\":\"\",\"publisher\":{\"@id\":\"https:\/\/www.upjs.sk\/pracoviska\/tip\/en\/#organization\"},\"potentialAction\":[{\"@type\":\"SearchAction\",\"target\":{\"@type\":\"EntryPoint\",\"urlTemplate\":\"https:\/\/www.upjs.sk\/pracoviska\/tip\/en\/?s={search_term_string}\"},\"query-input\":{\"@type\":\"PropertyValueSpecification\",\"valueRequired\":true,\"valueName\":\"search_term_string\"}}],\"inLanguage\":\"en-US\"},{\"@type\":\"Organization\",\"@id\":\"https:\/\/www.upjs.sk\/pracoviska\/tip\/en\/#organization\",\"name\":\"Technologick\u00fd a inova\u010dn\u00fd park | UPJ\u0160\",\"url\":\"https:\/\/www.upjs.sk\/pracoviska\/tip\/en\/\",\"logo\":{\"@type\":\"ImageObject\",\"inLanguage\":\"en-US\",\"@id\":\"https:\/\/www.upjs.sk\/pracoviska\/tip\/en\/#\/schema\/logo\/image\/\",\"url\":\"https:\/\/www.upjs.sk\/app\/uploads\/sites\/24\/2023\/02\/TIP_ENG.svg\",\"contentUrl\":\"https:\/\/www.upjs.sk\/app\/uploads\/sites\/24\/2023\/02\/TIP_ENG.svg\",\"width\":500,\"height\":138,\"caption\":\"Technologick\u00fd a inova\u010dn\u00fd park | UPJ\u0160\"},\"image\":{\"@id\":\"https:\/\/www.upjs.sk\/pracoviska\/tip\/en\/#\/schema\/logo\/image\/\"}}]}<\/script>\n<!-- \/ Yoast SEO plugin. -->","yoast_head_json":{"title":"Research Areas - Technologick\u00fd a inova\u010dn\u00fd park | UPJ\u0160","robots":{"index":"index","follow":"follow","max-snippet":"max-snippet:-1","max-image-preview":"max-image-preview:large","max-video-preview":"max-video-preview:-1"},"canonical":"https:\/\/www.upjs.sk\/pracoviska\/tip\/en\/apbc\/research-activities-apbc\/research-areas\/","og_locale":"en_US","og_type":"article","og_title":"Research Areas - Technologick\u00fd a inova\u010dn\u00fd park | UPJ\u0160","og_description":"Protein Engineering of Staphylokinases as New Promising Thrombolytics This activity involves the modification and optimization of staphylokinases with the aim of developing more effective thrombolytic agents for medical applications. Protein Engineering of Dehalogenases and Development of a New Generation of Stable Fibroblast Growth Factor 2 This activity focuses on engineering dehalogenase enzymes and stabilizing fibroblast &hellip; Continued","og_url":"https:\/\/www.upjs.sk\/pracoviska\/tip\/en\/apbc\/research-activities-apbc\/research-areas\/","og_site_name":"Technologick\u00fd a inova\u010dn\u00fd park | UPJ\u0160","article_modified_time":"2026-03-26T13:49:38+00:00","og_image":[{"width":3280,"height":1430,"url":"https:\/\/www.upjs.sk\/app\/uploads\/sites\/24\/2025\/10\/SAK.png","type":"image\/png"}],"twitter_card":"summary_large_image","twitter_misc":{"Est. reading time":"3 minutes"},"schema":{"@context":"https:\/\/schema.org","@graph":[{"@type":"WebPage","@id":"https:\/\/www.upjs.sk\/pracoviska\/tip\/en\/apbc\/research-activities-apbc\/research-areas\/","url":"https:\/\/www.upjs.sk\/pracoviska\/tip\/en\/apbc\/research-activities-apbc\/research-areas\/","name":"Research Areas - Technologick\u00fd a inova\u010dn\u00fd park | UPJ\u0160","isPartOf":{"@id":"https:\/\/www.upjs.sk\/pracoviska\/tip\/en\/#website"},"primaryImageOfPage":{"@id":"https:\/\/www.upjs.sk\/pracoviska\/tip\/en\/apbc\/research-activities-apbc\/research-areas\/#primaryimage"},"image":{"@id":"https:\/\/www.upjs.sk\/pracoviska\/tip\/en\/apbc\/research-activities-apbc\/research-areas\/#primaryimage"},"thumbnailUrl":"https:\/\/www.upjs.sk\/app\/uploads\/sites\/24\/2025\/10\/SAK-1024x446.png","datePublished":"2026-03-26T08:29:55+00:00","dateModified":"2026-03-26T13:49:38+00:00","breadcrumb":{"@id":"https:\/\/www.upjs.sk\/pracoviska\/tip\/en\/apbc\/research-activities-apbc\/research-areas\/#breadcrumb"},"inLanguage":"en-US","potentialAction":[{"@type":"ReadAction","target":["https:\/\/www.upjs.sk\/pracoviska\/tip\/en\/apbc\/research-activities-apbc\/research-areas\/"]}]},{"@type":"ImageObject","inLanguage":"en-US","@id":"https:\/\/www.upjs.sk\/pracoviska\/tip\/en\/apbc\/research-activities-apbc\/research-areas\/#primaryimage","url":"https:\/\/www.upjs.sk\/app\/uploads\/sites\/24\/2025\/10\/SAK-1024x446.png","contentUrl":"https:\/\/www.upjs.sk\/app\/uploads\/sites\/24\/2025\/10\/SAK-1024x446.png"},{"@type":"BreadcrumbList","@id":"https:\/\/www.upjs.sk\/pracoviska\/tip\/en\/apbc\/research-activities-apbc\/research-areas\/#breadcrumb","itemListElement":[{"@type":"ListItem","position":1,"name":"Home","item":"https:\/\/www.upjs.sk\/pracoviska\/tip\/en\/"},{"@type":"ListItem","position":2,"name":"APBC","item":"https:\/\/www.upjs.sk\/pracoviska\/tip\/en\/apbc\/"},{"@type":"ListItem","position":3,"name":"RESEARCH ACTIVITIES APBC","item":"https:\/\/www.upjs.sk\/pracoviska\/tip\/en\/apbc\/research-activities-apbc\/"},{"@type":"ListItem","position":4,"name":"Research Areas"}]},{"@type":"WebSite","@id":"https:\/\/www.upjs.sk\/pracoviska\/tip\/en\/#website","url":"https:\/\/www.upjs.sk\/pracoviska\/tip\/en\/","name":"Technologick\u00fd a inova\u010dn\u00fd park | UPJ\u0160","description":"","publisher":{"@id":"https:\/\/www.upjs.sk\/pracoviska\/tip\/en\/#organization"},"potentialAction":[{"@type":"SearchAction","target":{"@type":"EntryPoint","urlTemplate":"https:\/\/www.upjs.sk\/pracoviska\/tip\/en\/?s={search_term_string}"},"query-input":{"@type":"PropertyValueSpecification","valueRequired":true,"valueName":"search_term_string"}}],"inLanguage":"en-US"},{"@type":"Organization","@id":"https:\/\/www.upjs.sk\/pracoviska\/tip\/en\/#organization","name":"Technologick\u00fd a inova\u010dn\u00fd park | UPJ\u0160","url":"https:\/\/www.upjs.sk\/pracoviska\/tip\/en\/","logo":{"@type":"ImageObject","inLanguage":"en-US","@id":"https:\/\/www.upjs.sk\/pracoviska\/tip\/en\/#\/schema\/logo\/image\/","url":"https:\/\/www.upjs.sk\/app\/uploads\/sites\/24\/2023\/02\/TIP_ENG.svg","contentUrl":"https:\/\/www.upjs.sk\/app\/uploads\/sites\/24\/2023\/02\/TIP_ENG.svg","width":500,"height":138,"caption":"Technologick\u00fd a inova\u010dn\u00fd park | UPJ\u0160"},"image":{"@id":"https:\/\/www.upjs.sk\/pracoviska\/tip\/en\/#\/schema\/logo\/image\/"}}]}},"_links":{"self":[{"href":"https:\/\/www.upjs.sk\/pracoviska\/tip\/en\/wp-json\/wp\/v2\/pages\/21387","targetHints":{"allow":["GET"]}}],"collection":[{"href":"https:\/\/www.upjs.sk\/pracoviska\/tip\/en\/wp-json\/wp\/v2\/pages"}],"about":[{"href":"https:\/\/www.upjs.sk\/pracoviska\/tip\/en\/wp-json\/wp\/v2\/types\/page"}],"author":[{"embeddable":true,"href":"https:\/\/www.upjs.sk\/pracoviska\/tip\/en\/wp-json\/wp\/v2\/users\/116"}],"replies":[{"embeddable":true,"href":"https:\/\/www.upjs.sk\/pracoviska\/tip\/en\/wp-json\/wp\/v2\/comments?post=21387"}],"version-history":[{"count":1,"href":"https:\/\/www.upjs.sk\/pracoviska\/tip\/en\/wp-json\/wp\/v2\/pages\/21387\/revisions"}],"predecessor-version":[{"id":21389,"href":"https:\/\/www.upjs.sk\/pracoviska\/tip\/en\/wp-json\/wp\/v2\/pages\/21387\/revisions\/21389"}],"up":[{"embeddable":true,"href":"https:\/\/www.upjs.sk\/pracoviska\/tip\/en\/wp-json\/wp\/v2\/pages\/18986"}],"wp:attachment":[{"href":"https:\/\/www.upjs.sk\/pracoviska\/tip\/en\/wp-json\/wp\/v2\/media?parent=21387"}],"wp:term":[{"taxonomy":"category","embeddable":true,"href":"https:\/\/www.upjs.sk\/pracoviska\/tip\/en\/wp-json\/wp\/v2\/categories?post=21387"},{"taxonomy":"post_tag","embeddable":true,"href":"https:\/\/www.upjs.sk\/pracoviska\/tip\/en\/wp-json\/wp\/v2\/tags?post=21387"}],"curies":[{"name":"wp","href":"https:\/\/api.w.org\/{rel}","templated":true}]}}