{"id":17931,"date":"2023-08-02T07:55:28","date_gmt":"2023-08-02T07:55:28","guid":{"rendered":"https:\/\/www.upjs.sk\/pracoviska\/tip\/?page_id=17931"},"modified":"2025-06-02T15:18:13","modified_gmt":"2025-06-02T15:18:13","slug":"kontakt-tip","status":"publish","type":"page","link":"https:\/\/www.upjs.sk\/pracoviska\/tip\/kontakt-tip\/","title":{"rendered":"Kontakt TIP"},"content":{"rendered":"<style>.kb-row-layout-id17931_571717-3c > .kt-row-column-wrap{align-content:start;}:where(.kb-row-layout-id17931_571717-3c > .kt-row-column-wrap) > .wp-block-kadence-column{justify-content:start;}.kb-row-layout-id17931_571717-3c > .kt-row-column-wrap{column-gap:var(--global-kb-gap-md, 2rem);row-gap:var(--global-kb-gap-md, 2rem);padding-top:25px;padding-bottom:0px;}.kb-row-layout-id17931_571717-3c > .kt-row-column-wrap > div:not(.added-for-specificity){grid-column:initial;}.kb-row-layout-id17931_571717-3c > .kt-row-column-wrap{grid-template-columns:repeat(3, minmax(0, 1fr));}.kb-row-layout-id17931_571717-3c > .kt-row-layout-overlay{opacity:0.30;}@media all and (max-width: 1024px){.kb-row-layout-id17931_571717-3c > .kt-row-column-wrap > div:not(.added-for-specificity){grid-column:initial;}}@media all and (max-width: 1024px){.kb-row-layout-id17931_571717-3c > .kt-row-column-wrap{grid-template-columns:repeat(3, minmax(0, 1fr));}}@media all and (max-width: 767px){.kb-row-layout-id17931_571717-3c > .kt-row-column-wrap > div:not(.added-for-specificity){grid-column:initial;}.kb-row-layout-id17931_571717-3c > .kt-row-column-wrap{grid-template-columns:minmax(0, 1fr);}}<\/style><div class=\"kb-row-layout-wrap kb-row-layout-id17931_571717-3c alignnone wp-block-kadence-rowlayout\"><div class=\"kt-row-column-wrap kt-has-3-columns kt-row-layout-equal kt-tab-layout-inherit kt-mobile-layout-row kt-row-valign-top\">\n<style>.kadence-column17931_1cdd65-8c > .kt-inside-inner-col,.kadence-column17931_1cdd65-8c > .kt-inside-inner-col:before{border-top-left-radius:0px;border-top-right-radius:0px;border-bottom-right-radius:0px;border-bottom-left-radius:0px;}.kadence-column17931_1cdd65-8c > .kt-inside-inner-col{column-gap:var(--global-kb-gap-sm, 1rem);}.kadence-column17931_1cdd65-8c > .kt-inside-inner-col{flex-direction:column;}.kadence-column17931_1cdd65-8c > .kt-inside-inner-col > .aligncenter{width:100%;}.kadence-column17931_1cdd65-8c > .kt-inside-inner-col:before{opacity:0.3;}.kadence-column17931_1cdd65-8c{position:relative;}@media all and (max-width: 1024px){.kadence-column17931_1cdd65-8c > .kt-inside-inner-col{flex-direction:column;justify-content:center;}}@media all and (max-width: 767px){.kadence-column17931_1cdd65-8c > .kt-inside-inner-col{flex-direction:column;justify-content:center;}}<\/style>\n<div class=\"wp-block-kadence-column kadence-column17931_1cdd65-8c inner-column-1\"><div class=\"kt-inside-inner-col\">\n<figure class=\"wp-block-image aligncenter size-full is-resized\"><a href=\"https:\/\/www.upjs.sk\/pracoviska\/tip\/\"><img loading=\"lazy\" decoding=\"async\" width=\"190\" height=\"106\" src=\"https:\/\/www.upjs.sk\/app\/uploads\/sites\/24\/2025\/06\/Logo-TIP-UPJS.png\" alt=\"\" class=\"wp-image-18770\" style=\"width:265px;height:auto\"\/><\/a><\/figure>\n<\/div><\/div>\n\n\n<style>.kadence-column17931_850643-2b > .kt-inside-inner-col,.kadence-column17931_850643-2b > .kt-inside-inner-col:before{border-top-left-radius:0px;border-top-right-radius:0px;border-bottom-right-radius:0px;border-bottom-left-radius:0px;}.kadence-column17931_850643-2b > .kt-inside-inner-col{column-gap:var(--global-kb-gap-sm, 1rem);}.kadence-column17931_850643-2b > .kt-inside-inner-col{flex-direction:column;}.kadence-column17931_850643-2b > .kt-inside-inner-col > .aligncenter{width:100%;}.kadence-column17931_850643-2b > .kt-inside-inner-col:before{opacity:0.3;}.kadence-column17931_850643-2b{position:relative;}@media all and (max-width: 1024px){.kadence-column17931_850643-2b > .kt-inside-inner-col{flex-direction:column;justify-content:center;}}@media all and (max-width: 767px){.kadence-column17931_850643-2b > .kt-inside-inner-col{flex-direction:column;justify-content:center;}}<\/style>\n<div class=\"wp-block-kadence-column kadence-column17931_850643-2b inner-column-2\"><div class=\"kt-inside-inner-col\"><style>.kadence-column17931_4764fa-95 > .kt-inside-inner-col,.kadence-column17931_4764fa-95 > .kt-inside-inner-col:before{border-top-left-radius:0px;border-top-right-radius:0px;border-bottom-right-radius:0px;border-bottom-left-radius:0px;}.kadence-column17931_4764fa-95 > .kt-inside-inner-col{column-gap:var(--global-kb-gap-sm, 1rem);}.kadence-column17931_4764fa-95 > .kt-inside-inner-col{flex-direction:column;}.kadence-column17931_4764fa-95 > .kt-inside-inner-col > .aligncenter{width:100%;}.kadence-column17931_4764fa-95 > .kt-inside-inner-col:before{opacity:0.3;}.kadence-column17931_4764fa-95{position:relative;}@media all and (max-width: 1024px){.kadence-column17931_4764fa-95 > .kt-inside-inner-col{flex-direction:column;justify-content:center;}}@media all and (max-width: 767px){.kadence-column17931_4764fa-95 > .kt-inside-inner-col{flex-direction:column;justify-content:center;}}<\/style>\n<div class=\"wp-block-kadence-column kadence-column17931_4764fa-95 inner-column-2\"><div class=\"kt-inside-inner-col\">\n<p><\/p>\n<\/div><\/div>\n\n\n<style>.kadence-column17931_62aac8-e5 > .kt-inside-inner-col,.kadence-column17931_62aac8-e5 > .kt-inside-inner-col:before{border-top-left-radius:0px;border-top-right-radius:0px;border-bottom-right-radius:0px;border-bottom-left-radius:0px;}.kadence-column17931_62aac8-e5 > .kt-inside-inner-col{column-gap:var(--global-kb-gap-sm, 1rem);}.kadence-column17931_62aac8-e5 > .kt-inside-inner-col{flex-direction:column;}.kadence-column17931_62aac8-e5 > .kt-inside-inner-col > .aligncenter{width:100%;}.kadence-column17931_62aac8-e5 > .kt-inside-inner-col:before{opacity:0.3;}.kadence-column17931_62aac8-e5{position:relative;}@media all and (max-width: 1024px){.kadence-column17931_62aac8-e5 > .kt-inside-inner-col{flex-direction:column;justify-content:center;}}@media all and (max-width: 767px){.kadence-column17931_62aac8-e5 > .kt-inside-inner-col{flex-direction:column;justify-content:center;}}<\/style>\n<div class=\"wp-block-kadence-column kadence-column17931_62aac8-e5 inner-column-3\"><div class=\"kt-inside-inner-col\">\n<p><strong><strong><mark style=\"background-color:rgba(0, 0, 0, 0)\" class=\"has-inline-color has-zakladna-modra-color\">Technologick\u00fd a inova\u010dn\u00fd park TIP-UPJ\u0160<\/mark><\/strong><\/strong><br>Trieda SNP 457\/1<br>040 11 Ko\u0161ice<br>tel. \u010d\u00edslo: +42155\/ 234 3537<\/p>\n<\/div><\/div>\n\n\n<style>.kb-image17931_176c22-bd.kb-image-is-ratio-size, .kb-image17931_176c22-bd .kb-image-is-ratio-size{max-width:130px;width:100%;}.wp-block-kadence-column > .kt-inside-inner-col > .kb-image17931_176c22-bd.kb-image-is-ratio-size, .wp-block-kadence-column > .kt-inside-inner-col > .kb-image17931_176c22-bd .kb-image-is-ratio-size{align-self:unset;}.kb-image17931_176c22-bd{max-width:130px;}.image-is-svg.kb-image17931_176c22-bd{-webkit-flex:0 1 100%;flex:0 1 100%;}.image-is-svg.kb-image17931_176c22-bd img{width:100%;}.kb-image17931_176c22-bd .kb-image-has-overlay:after{opacity:0.3;}<\/style>\n<figure class=\"wp-block-kadence-image kb-image17931_176c22-bd size-medium\"><a href=\"https:\/\/sk.linkedin.com\/company\/technology-and-innovation-park-upj%C5%A1-tip-upj%C5%A1\" class=\"kb-advanced-image-link\"><img loading=\"lazy\" decoding=\"async\" width=\"300\" height=\"73\" src=\"https:\/\/www.upjs.sk\/app\/uploads\/sites\/24\/2025\/06\/LI-Logo-300x73.png\" alt=\"\" class=\"kb-img wp-image-18795\" srcset=\"https:\/\/www.upjs.sk\/app\/uploads\/sites\/24\/2025\/06\/LI-Logo-300x73.png 300w, https:\/\/www.upjs.sk\/app\/uploads\/sites\/24\/2025\/06\/LI-Logo-1024x250.png 1024w, https:\/\/www.upjs.sk\/app\/uploads\/sites\/24\/2025\/06\/LI-Logo-768x187.png 768w, https:\/\/www.upjs.sk\/app\/uploads\/sites\/24\/2025\/06\/LI-Logo-1536x375.png 1536w, https:\/\/www.upjs.sk\/app\/uploads\/sites\/24\/2025\/06\/LI-Logo-2048x500.png 2048w\" sizes=\"auto, (max-width: 300px) 100vw, 300px\" \/><\/a><\/figure>\n\n\n\n<p><\/p>\n<\/div><\/div>\n\n\n<style>.kadence-column17931_6bee87-94 > .kt-inside-inner-col,.kadence-column17931_6bee87-94 > .kt-inside-inner-col:before{border-top-left-radius:0px;border-top-right-radius:0px;border-bottom-right-radius:0px;border-bottom-left-radius:0px;}.kadence-column17931_6bee87-94 > .kt-inside-inner-col{column-gap:var(--global-kb-gap-sm, 1rem);}.kadence-column17931_6bee87-94 > .kt-inside-inner-col{flex-direction:column;}.kadence-column17931_6bee87-94 > .kt-inside-inner-col > .aligncenter{width:100%;}.kadence-column17931_6bee87-94 > .kt-inside-inner-col:before{opacity:0.3;}.kadence-column17931_6bee87-94{position:relative;}@media all and (max-width: 1024px){.kadence-column17931_6bee87-94 > .kt-inside-inner-col{flex-direction:column;justify-content:center;}}@media all and (max-width: 767px){.kadence-column17931_6bee87-94 > .kt-inside-inner-col{flex-direction:column;justify-content:center;}}<\/style>\n<div class=\"wp-block-kadence-column kadence-column17931_6bee87-94 inner-column-3\"><div class=\"kt-inside-inner-col\">\n<p><\/p>\n\n\n\n<p><strong>RNDr. Andrej Miro\u0161\u0161ay, PhD.<\/strong><br>riadite\u013e TIP-UPJ\u0160<br>e-mail: <a class=\"ek-link\" href=\"mailto:%20andrej.mirossay@upjs.sk\">andrej.mirossay@upjs.sk<\/a><br>tel. \u010d\u00edslo: +42155\/ 234 3537<\/p>\n<\/div><\/div>\n\n<\/div><\/div>\n\n\n<figure class=\"wp-block-image aligncenter size-full\"><a href=\"https:\/\/upjs-kosice.tematickemapy.sk\/mapa\/mapa.html\"><img loading=\"lazy\" decoding=\"async\" width=\"400\" height=\"240\" src=\"https:\/\/www.upjs.sk\/app\/uploads\/sites\/24\/2023\/08\/image.png\" alt=\"\" class=\"wp-image-17932\" srcset=\"https:\/\/www.upjs.sk\/app\/uploads\/sites\/24\/2023\/08\/image.png 400w, https:\/\/www.upjs.sk\/app\/uploads\/sites\/24\/2023\/08\/image-300x180.png 300w\" sizes=\"auto, (max-width: 400px) 100vw, 400px\" \/><\/a><\/figure>\n\n\n\n<p><\/p>\n","protected":false},"excerpt":{"rendered":"<p>Technologick\u00fd a inova\u010dn\u00fd park TIP-UPJ\u0160Trieda SNP 457\/1040 11 Ko\u0161icetel. \u010d\u00edslo: +42155\/ 234 3537 RNDr. Andrej Miro\u0161\u0161ay, PhD.riadite\u013e TIP-UPJ\u0160e-mail: andrej.mirossay@upjs.sktel. \u010d\u00edslo: +42155\/ 234 3537<\/p>\n","protected":false},"author":16,"featured_media":0,"parent":0,"menu_order":20,"comment_status":"closed","ping_status":"closed","template":"","meta":{"_acf_changed":false,"_editorskit_title_hidden":false,"_editorskit_reading_time":0,"_editorskit_is_block_options_detached":false,"_editorskit_block_options_position":"{}","footnotes":""},"categories":[],"tags":[],"class_list":["post-17931","page","type-page","status-publish","hentry"],"acf":{"acf_link_na_externy_obsah":""},"yoast_head":"<!-- This site is optimized with the Yoast SEO plugin v27.4 - https:\/\/yoast.com\/product\/yoast-seo-wordpress\/ -->\n<title>Kontakt TIP - Technologick\u00fd a inova\u010dn\u00fd park | UPJ\u0160<\/title>\n<meta name=\"robots\" content=\"index, follow, max-snippet:-1, max-image-preview:large, max-video-preview:-1\" \/>\n<link rel=\"canonical\" href=\"https:\/\/www.upjs.sk\/pracoviska\/tip\/kontakt-tip\/\" \/>\n<meta property=\"og:locale\" content=\"sk_SK\" \/>\n<meta property=\"og:type\" content=\"article\" \/>\n<meta property=\"og:title\" content=\"Kontakt TIP - Technologick\u00fd a inova\u010dn\u00fd park | UPJ\u0160\" \/>\n<meta property=\"og:description\" content=\"Technologick\u00fd a inova\u010dn\u00fd park TIP-UPJ\u0160Trieda SNP 457\/1040 11 Ko\u0161icetel. \u010d\u00edslo: +42155\/ 234 3537 RNDr. Andrej Miro\u0161\u0161ay, PhD.riadite\u013e TIP-UPJ\u0160e-mail: andrej.mirossay@upjs.sktel. \u010d\u00edslo: +42155\/ 234 3537\" \/>\n<meta property=\"og:url\" content=\"https:\/\/www.upjs.sk\/pracoviska\/tip\/kontakt-tip\/\" \/>\n<meta property=\"og:site_name\" content=\"Technologick\u00fd a inova\u010dn\u00fd park | UPJ\u0160\" \/>\n<meta property=\"article:modified_time\" content=\"2025-06-02T15:18:13+00:00\" \/>\n<meta property=\"og:image\" content=\"https:\/\/www.upjs.sk\/app\/uploads\/sites\/24\/2025\/06\/Logo-TIP-UPJS.png\" \/>\n<meta name=\"twitter:card\" content=\"summary_large_image\" \/>\n<meta name=\"twitter:label1\" content=\"Predpokladan\u00fd \u010das \u010d\u00edtania\" \/>\n\t<meta name=\"twitter:data1\" content=\"1 min\u00fata\" \/>\n<script type=\"application\/ld+json\" class=\"yoast-schema-graph\">{\"@context\":\"https:\\\/\\\/schema.org\",\"@graph\":[{\"@type\":\"WebPage\",\"@id\":\"https:\\\/\\\/www.upjs.sk\\\/pracoviska\\\/tip\\\/kontakt-tip\\\/\",\"url\":\"https:\\\/\\\/www.upjs.sk\\\/pracoviska\\\/tip\\\/kontakt-tip\\\/\",\"name\":\"Kontakt TIP - Technologick\u00fd a inova\u010dn\u00fd park | UPJ\u0160\",\"isPartOf\":{\"@id\":\"https:\\\/\\\/www.upjs.sk\\\/pracoviska\\\/tip\\\/#website\"},\"primaryImageOfPage\":{\"@id\":\"https:\\\/\\\/www.upjs.sk\\\/pracoviska\\\/tip\\\/kontakt-tip\\\/#primaryimage\"},\"image\":{\"@id\":\"https:\\\/\\\/www.upjs.sk\\\/pracoviska\\\/tip\\\/kontakt-tip\\\/#primaryimage\"},\"thumbnailUrl\":\"https:\\\/\\\/www.upjs.sk\\\/app\\\/uploads\\\/sites\\\/24\\\/2025\\\/06\\\/Logo-TIP-UPJS.png\",\"datePublished\":\"2023-08-02T07:55:28+00:00\",\"dateModified\":\"2025-06-02T15:18:13+00:00\",\"breadcrumb\":{\"@id\":\"https:\\\/\\\/www.upjs.sk\\\/pracoviska\\\/tip\\\/kontakt-tip\\\/#breadcrumb\"},\"inLanguage\":\"sk-SK\",\"potentialAction\":[{\"@type\":\"ReadAction\",\"target\":[\"https:\\\/\\\/www.upjs.sk\\\/pracoviska\\\/tip\\\/kontakt-tip\\\/\"]}]},{\"@type\":\"ImageObject\",\"inLanguage\":\"sk-SK\",\"@id\":\"https:\\\/\\\/www.upjs.sk\\\/pracoviska\\\/tip\\\/kontakt-tip\\\/#primaryimage\",\"url\":\"https:\\\/\\\/www.upjs.sk\\\/app\\\/uploads\\\/sites\\\/24\\\/2025\\\/06\\\/Logo-TIP-UPJS.png\",\"contentUrl\":\"https:\\\/\\\/www.upjs.sk\\\/app\\\/uploads\\\/sites\\\/24\\\/2025\\\/06\\\/Logo-TIP-UPJS.png\"},{\"@type\":\"BreadcrumbList\",\"@id\":\"https:\\\/\\\/www.upjs.sk\\\/pracoviska\\\/tip\\\/kontakt-tip\\\/#breadcrumb\",\"itemListElement\":[{\"@type\":\"ListItem\",\"position\":1,\"name\":\"Home\",\"item\":\"https:\\\/\\\/www.upjs.sk\\\/pracoviska\\\/tip\\\/\"},{\"@type\":\"ListItem\",\"position\":2,\"name\":\"Kontakt TIP\"}]},{\"@type\":\"WebSite\",\"@id\":\"https:\\\/\\\/www.upjs.sk\\\/pracoviska\\\/tip\\\/#website\",\"url\":\"https:\\\/\\\/www.upjs.sk\\\/pracoviska\\\/tip\\\/\",\"name\":\"Technologick\u00fd a inova\u010dn\u00fd park | UPJ\u0160\",\"description\":\"\",\"publisher\":{\"@id\":\"https:\\\/\\\/www.upjs.sk\\\/pracoviska\\\/tip\\\/#organization\"},\"potentialAction\":[{\"@type\":\"SearchAction\",\"target\":{\"@type\":\"EntryPoint\",\"urlTemplate\":\"https:\\\/\\\/www.upjs.sk\\\/pracoviska\\\/tip\\\/?s={search_term_string}\"},\"query-input\":{\"@type\":\"PropertyValueSpecification\",\"valueRequired\":true,\"valueName\":\"search_term_string\"}}],\"inLanguage\":\"sk-SK\"},{\"@type\":\"Organization\",\"@id\":\"https:\\\/\\\/www.upjs.sk\\\/pracoviska\\\/tip\\\/#organization\",\"name\":\"Technologick\u00fd a inova\u010dn\u00fd park | UPJ\u0160\",\"url\":\"https:\\\/\\\/www.upjs.sk\\\/pracoviska\\\/tip\\\/\",\"logo\":{\"@type\":\"ImageObject\",\"inLanguage\":\"sk-SK\",\"@id\":\"https:\\\/\\\/www.upjs.sk\\\/pracoviska\\\/tip\\\/#\\\/schema\\\/logo\\\/image\\\/\",\"url\":\"https:\\\/\\\/www.upjs.sk\\\/app\\\/uploads\\\/sites\\\/24\\\/2023\\\/02\\\/TIP.svg\",\"contentUrl\":\"https:\\\/\\\/www.upjs.sk\\\/app\\\/uploads\\\/sites\\\/24\\\/2023\\\/02\\\/TIP.svg\",\"width\":500,\"height\":138,\"caption\":\"Technologick\u00fd a inova\u010dn\u00fd park | UPJ\u0160\"},\"image\":{\"@id\":\"https:\\\/\\\/www.upjs.sk\\\/pracoviska\\\/tip\\\/#\\\/schema\\\/logo\\\/image\\\/\"}}]}<\/script>\n<!-- \/ Yoast SEO plugin. -->","yoast_head_json":{"title":"Kontakt TIP - Technologick\u00fd a inova\u010dn\u00fd park | UPJ\u0160","robots":{"index":"index","follow":"follow","max-snippet":"max-snippet:-1","max-image-preview":"max-image-preview:large","max-video-preview":"max-video-preview:-1"},"canonical":"https:\/\/www.upjs.sk\/pracoviska\/tip\/kontakt-tip\/","og_locale":"sk_SK","og_type":"article","og_title":"Kontakt TIP - Technologick\u00fd a inova\u010dn\u00fd park | UPJ\u0160","og_description":"Technologick\u00fd a inova\u010dn\u00fd park TIP-UPJ\u0160Trieda SNP 457\/1040 11 Ko\u0161icetel. \u010d\u00edslo: +42155\/ 234 3537 RNDr. Andrej Miro\u0161\u0161ay, PhD.riadite\u013e TIP-UPJ\u0160e-mail: andrej.mirossay@upjs.sktel. \u010d\u00edslo: +42155\/ 234 3537","og_url":"https:\/\/www.upjs.sk\/pracoviska\/tip\/kontakt-tip\/","og_site_name":"Technologick\u00fd a inova\u010dn\u00fd park | UPJ\u0160","article_modified_time":"2025-06-02T15:18:13+00:00","og_image":[{"url":"https:\/\/www.upjs.sk\/app\/uploads\/sites\/24\/2025\/06\/Logo-TIP-UPJS.png","type":"","width":"","height":""}],"twitter_card":"summary_large_image","twitter_misc":{"Predpokladan\u00fd \u010das \u010d\u00edtania":"1 min\u00fata"},"schema":{"@context":"https:\/\/schema.org","@graph":[{"@type":"WebPage","@id":"https:\/\/www.upjs.sk\/pracoviska\/tip\/kontakt-tip\/","url":"https:\/\/www.upjs.sk\/pracoviska\/tip\/kontakt-tip\/","name":"Kontakt TIP - Technologick\u00fd a inova\u010dn\u00fd park | UPJ\u0160","isPartOf":{"@id":"https:\/\/www.upjs.sk\/pracoviska\/tip\/#website"},"primaryImageOfPage":{"@id":"https:\/\/www.upjs.sk\/pracoviska\/tip\/kontakt-tip\/#primaryimage"},"image":{"@id":"https:\/\/www.upjs.sk\/pracoviska\/tip\/kontakt-tip\/#primaryimage"},"thumbnailUrl":"https:\/\/www.upjs.sk\/app\/uploads\/sites\/24\/2025\/06\/Logo-TIP-UPJS.png","datePublished":"2023-08-02T07:55:28+00:00","dateModified":"2025-06-02T15:18:13+00:00","breadcrumb":{"@id":"https:\/\/www.upjs.sk\/pracoviska\/tip\/kontakt-tip\/#breadcrumb"},"inLanguage":"sk-SK","potentialAction":[{"@type":"ReadAction","target":["https:\/\/www.upjs.sk\/pracoviska\/tip\/kontakt-tip\/"]}]},{"@type":"ImageObject","inLanguage":"sk-SK","@id":"https:\/\/www.upjs.sk\/pracoviska\/tip\/kontakt-tip\/#primaryimage","url":"https:\/\/www.upjs.sk\/app\/uploads\/sites\/24\/2025\/06\/Logo-TIP-UPJS.png","contentUrl":"https:\/\/www.upjs.sk\/app\/uploads\/sites\/24\/2025\/06\/Logo-TIP-UPJS.png"},{"@type":"BreadcrumbList","@id":"https:\/\/www.upjs.sk\/pracoviska\/tip\/kontakt-tip\/#breadcrumb","itemListElement":[{"@type":"ListItem","position":1,"name":"Home","item":"https:\/\/www.upjs.sk\/pracoviska\/tip\/"},{"@type":"ListItem","position":2,"name":"Kontakt TIP"}]},{"@type":"WebSite","@id":"https:\/\/www.upjs.sk\/pracoviska\/tip\/#website","url":"https:\/\/www.upjs.sk\/pracoviska\/tip\/","name":"Technologick\u00fd a inova\u010dn\u00fd park | UPJ\u0160","description":"","publisher":{"@id":"https:\/\/www.upjs.sk\/pracoviska\/tip\/#organization"},"potentialAction":[{"@type":"SearchAction","target":{"@type":"EntryPoint","urlTemplate":"https:\/\/www.upjs.sk\/pracoviska\/tip\/?s={search_term_string}"},"query-input":{"@type":"PropertyValueSpecification","valueRequired":true,"valueName":"search_term_string"}}],"inLanguage":"sk-SK"},{"@type":"Organization","@id":"https:\/\/www.upjs.sk\/pracoviska\/tip\/#organization","name":"Technologick\u00fd a inova\u010dn\u00fd park | UPJ\u0160","url":"https:\/\/www.upjs.sk\/pracoviska\/tip\/","logo":{"@type":"ImageObject","inLanguage":"sk-SK","@id":"https:\/\/www.upjs.sk\/pracoviska\/tip\/#\/schema\/logo\/image\/","url":"https:\/\/www.upjs.sk\/app\/uploads\/sites\/24\/2023\/02\/TIP.svg","contentUrl":"https:\/\/www.upjs.sk\/app\/uploads\/sites\/24\/2023\/02\/TIP.svg","width":500,"height":138,"caption":"Technologick\u00fd a inova\u010dn\u00fd park | UPJ\u0160"},"image":{"@id":"https:\/\/www.upjs.sk\/pracoviska\/tip\/#\/schema\/logo\/image\/"}}]}},"_links":{"self":[{"href":"https:\/\/www.upjs.sk\/pracoviska\/tip\/wp-json\/wp\/v2\/pages\/17931","targetHints":{"allow":["GET"]}}],"collection":[{"href":"https:\/\/www.upjs.sk\/pracoviska\/tip\/wp-json\/wp\/v2\/pages"}],"about":[{"href":"https:\/\/www.upjs.sk\/pracoviska\/tip\/wp-json\/wp\/v2\/types\/page"}],"author":[{"embeddable":true,"href":"https:\/\/www.upjs.sk\/pracoviska\/tip\/wp-json\/wp\/v2\/users\/16"}],"replies":[{"embeddable":true,"href":"https:\/\/www.upjs.sk\/pracoviska\/tip\/wp-json\/wp\/v2\/comments?post=17931"}],"version-history":[{"count":21,"href":"https:\/\/www.upjs.sk\/pracoviska\/tip\/wp-json\/wp\/v2\/pages\/17931\/revisions"}],"predecessor-version":[{"id":19186,"href":"https:\/\/www.upjs.sk\/pracoviska\/tip\/wp-json\/wp\/v2\/pages\/17931\/revisions\/19186"}],"wp:attachment":[{"href":"https:\/\/www.upjs.sk\/pracoviska\/tip\/wp-json\/wp\/v2\/media?parent=17931"}],"wp:term":[{"taxonomy":"category","embeddable":true,"href":"https:\/\/www.upjs.sk\/pracoviska\/tip\/wp-json\/wp\/v2\/categories?post=17931"},{"taxonomy":"post_tag","embeddable":true,"href":"https:\/\/www.upjs.sk\/pracoviska\/tip\/wp-json\/wp\/v2\/tags?post=17931"}],"curies":[{"name":"wp","href":"https:\/\/api.w.org\/{rel}","templated":true}]}}