{"id":18909,"date":"2025-06-05T06:51:14","date_gmt":"2025-06-05T06:51:14","guid":{"rendered":"https:\/\/www.upjs.sk\/pracoviska\/tip\/?page_id=18909"},"modified":"2025-06-05T08:51:54","modified_gmt":"2025-06-05T08:51:54","slug":"centrum-aplikovanej-biomediciny-cam","status":"publish","type":"page","link":"https:\/\/www.upjs.sk\/pracoviska\/tip\/centrum-aplikovanej-biomediciny-cam\/","title":{"rendered":"Centrum aplikovanej biomedic\u00edny (CAM)"},"content":{"rendered":"\n<p><strong>Centrum aplikovanej biomedic\u00edny (CAM)<\/strong> predstavuje dynamick\u00fa v\u00fdskumn\u00fa a inova\u010dn\u00fa platformu zameran\u00fa na transl\u00e1ciu poznatkov biomedic\u00ednskeho v\u00fdskumu do klinickej praxe. Jeho poslan\u00edm je rozv\u00edja\u0165 interdisciplin\u00e1rne prepojenie medzi lek\u00e1rskou vedou, technol\u00f3giami a inovat\u00edvnymi pr\u00edstupmi k lie\u010dbe, diagnostike a regener\u00e1cii.<\/p>\n\n\n\n<p><strong>Poslanie a v\u00edzia:<\/strong><\/p>\n\n\n\n<p>CAM m\u00e1 amb\u00edciu sta\u0165 sa centrom excelentnosti v oblasti aplikovan\u00e9ho biomedic\u00ednskeho v\u00fdskumu vo v\u00fdchodnej Eur\u00f3pe, s d\u00f4razom na:<\/p>\n\n\n\n<ul class=\"wp-block-list\">\n<li>podporu v\u00fdskumno-v\u00fdvojov\u00fdch projektov s klinick\u00fdm a spolo\u010densk\u00fdm dopadom,<\/li>\n\n\n\n<li>rozvoj partnerstiev s nemocnicami, priemyslom a medzin\u00e1rodn\u00fdmi akademick\u00fdmi in\u0161tit\u00faciami,<\/li>\n\n\n\n<li>inkub\u00e1ciu inov\u00e1ci\u00ed s cie\u013eom ur\u00fdchli\u0165 prenos biomedic\u00ednskych technol\u00f3gi\u00ed do praxe.<\/li>\n<\/ul>\n\n\n\n<p><\/p>\n\n\n\n<p><strong>Hlavn\u00e9 smery v\u00fdskumu CAM:<\/strong><\/p>\n\n\n\n<ul class=\"wp-block-list\">\n<li><strong>Regenerat\u00edvna a personalizovan\u00e1 medic\u00edna:<\/strong> V\u00fdvoj nov\u00fdch terapi\u00ed vyu\u017e\u00edvaj\u00facich kme\u0148ov\u00e9 bunky, biomateri\u00e1ly, g\u00e9nov\u00e9 in\u017einierstvo a 3D biotla\u010d.<\/li>\n\n\n\n<li><strong>Experiment\u00e1lna farmakol\u00f3gia a farmakogenomika:<\/strong> Testovanie nov\u00fdch liekov, ich \u00fa\u010dinnosti a toxicity na bunkov\u00fdch a zvierac\u00edch modeloch s d\u00f4razom na individualizovan\u00fd pr\u00edstup k pacientom.<\/li>\n\n\n\n<li><strong>Molekul\u00e1rna a klinick\u00e1 bioch\u00e9mia:<\/strong> Identifik\u00e1cia a valid\u00e1cia nov\u00fdch biomarkerov, v\u00fdvoj neinvaz\u00edvnych diagnostick\u00fdch met\u00f3d.<\/li>\n\n\n\n<li><strong>Transla\u010dn\u00fd v\u00fdskum:<\/strong> Prepojenie z\u00e1kladn\u00e9ho v\u00fdskumu s klinickou aplik\u00e1ciou prostredn\u00edctvom v\u00fdvoja prototypov, testovania \u00fa\u010dinnosti lie\u010div a vytv\u00e1rania podmienok pre klinick\u00e9 sk\u00fa\u0161ky.<\/li>\n\n\n\n<li><strong>Tkanivov\u00e9 in\u017einierstvo:<\/strong> Spolupr\u00e1ca s tkanivovou bankou na v\u00fdvoji n\u00e1hradn\u00fdch tkan\u00edv pre ortopedick\u00e9, kardiologick\u00e9 a chirurgick\u00e9 aplik\u00e1cie.<\/li>\n<\/ul>\n\n\n\n<p><\/p>\n\n\n\n<p><strong>CAM ako akceler\u00e1tor inov\u00e1ci\u00ed:<\/strong><\/p>\n\n\n\n<p>Centrum z\u00e1rove\u0148 vytv\u00e1ra z\u00e1zemie pre startupy, spin-off spolo\u010dnosti a akademick\u00e9 t\u00edmy, ktor\u00e9 sa venuj\u00fa v\u00fdvoju nov\u00fdch lie\u010debn\u00fdch pr\u00edstupov. V synergii s Technologick\u00fdm a inova\u010dn\u00fdm parkom UPJ\u0160 pon\u00faka infra\u0161trukt\u00faru, mentoring a pr\u00edstup k odborn\u00fdm sie\u0165am na n\u00e1rodnej aj medzin\u00e1rodnej \u00farovni.<\/p>\n","protected":false},"excerpt":{"rendered":"<p>Centrum aplikovanej biomedic\u00edny (CAM) predstavuje dynamick\u00fa v\u00fdskumn\u00fa a inova\u010dn\u00fa platformu zameran\u00fa na transl\u00e1ciu poznatkov biomedic\u00ednskeho v\u00fdskumu do klinickej praxe. Jeho poslan\u00edm je rozv\u00edja\u0165 interdisciplin\u00e1rne prepojenie medzi lek\u00e1rskou vedou, technol\u00f3giami a inovat\u00edvnymi pr\u00edstupmi k lie\u010dbe, diagnostike a regener\u00e1cii. Poslanie a v\u00edzia: CAM m\u00e1 amb\u00edciu sta\u0165 sa centrom excelentnosti v oblasti aplikovan\u00e9ho biomedic\u00ednskeho v\u00fdskumu vo v\u00fdchodnej Eur\u00f3pe, &hellip; <a href=\"https:\/\/www.upjs.sk\/pracoviska\/tip\/centrum-aplikovanej-biomediciny-cam\/\">\u010c\u00edta\u0165 \u010falej<\/a><\/p>\n","protected":false},"author":111,"featured_media":0,"parent":0,"menu_order":3,"comment_status":"closed","ping_status":"closed","template":"","meta":{"_acf_changed":false,"_editorskit_title_hidden":false,"_editorskit_reading_time":0,"_editorskit_is_block_options_detached":false,"_editorskit_block_options_position":"{}","footnotes":""},"categories":[],"tags":[],"class_list":["post-18909","page","type-page","status-publish","hentry"],"acf":{"acf_link_na_externy_obsah":""},"yoast_head":"<!-- This site is optimized with the Yoast SEO plugin v27.5 - https:\/\/yoast.com\/product\/yoast-seo-wordpress\/ -->\n<title>Centrum aplikovanej biomedic\u00edny (CAM) - Technologick\u00fd a inova\u010dn\u00fd park | UPJ\u0160<\/title>\n<meta name=\"robots\" content=\"index, follow, max-snippet:-1, max-image-preview:large, max-video-preview:-1\" \/>\n<link rel=\"canonical\" href=\"https:\/\/www.upjs.sk\/pracoviska\/tip\/centrum-aplikovanej-biomediciny-cam\/\" \/>\n<meta property=\"og:locale\" content=\"sk_SK\" \/>\n<meta property=\"og:type\" content=\"article\" \/>\n<meta property=\"og:title\" content=\"Centrum aplikovanej biomedic\u00edny (CAM) - Technologick\u00fd a inova\u010dn\u00fd park | UPJ\u0160\" \/>\n<meta property=\"og:description\" content=\"Centrum aplikovanej biomedic\u00edny (CAM) predstavuje dynamick\u00fa v\u00fdskumn\u00fa a inova\u010dn\u00fa platformu zameran\u00fa na transl\u00e1ciu poznatkov biomedic\u00ednskeho v\u00fdskumu do klinickej praxe. Jeho poslan\u00edm je rozv\u00edja\u0165 interdisciplin\u00e1rne prepojenie medzi lek\u00e1rskou vedou, technol\u00f3giami a inovat\u00edvnymi pr\u00edstupmi k lie\u010dbe, diagnostike a regener\u00e1cii. Poslanie a v\u00edzia: CAM m\u00e1 amb\u00edciu sta\u0165 sa centrom excelentnosti v oblasti aplikovan\u00e9ho biomedic\u00ednskeho v\u00fdskumu vo v\u00fdchodnej Eur\u00f3pe, &hellip; \u010c\u00edta\u0165 \u010falej\" \/>\n<meta property=\"og:url\" content=\"https:\/\/www.upjs.sk\/pracoviska\/tip\/centrum-aplikovanej-biomediciny-cam\/\" \/>\n<meta property=\"og:site_name\" content=\"Technologick\u00fd a inova\u010dn\u00fd park | UPJ\u0160\" \/>\n<meta property=\"article:modified_time\" content=\"2025-06-05T08:51:54+00:00\" \/>\n<meta name=\"twitter:card\" content=\"summary_large_image\" \/>\n<meta name=\"twitter:label1\" content=\"Predpokladan\u00fd \u010das \u010d\u00edtania\" \/>\n\t<meta name=\"twitter:data1\" content=\"2 min\u00faty\" \/>\n<script type=\"application\/ld+json\" class=\"yoast-schema-graph\">{\"@context\":\"https:\\\/\\\/schema.org\",\"@graph\":[{\"@type\":\"WebPage\",\"@id\":\"https:\\\/\\\/www.upjs.sk\\\/pracoviska\\\/tip\\\/centrum-aplikovanej-biomediciny-cam\\\/\",\"url\":\"https:\\\/\\\/www.upjs.sk\\\/pracoviska\\\/tip\\\/centrum-aplikovanej-biomediciny-cam\\\/\",\"name\":\"Centrum aplikovanej biomedic\u00edny (CAM) - Technologick\u00fd a inova\u010dn\u00fd park | UPJ\u0160\",\"isPartOf\":{\"@id\":\"https:\\\/\\\/www.upjs.sk\\\/pracoviska\\\/tip\\\/#website\"},\"datePublished\":\"2025-06-05T06:51:14+00:00\",\"dateModified\":\"2025-06-05T08:51:54+00:00\",\"breadcrumb\":{\"@id\":\"https:\\\/\\\/www.upjs.sk\\\/pracoviska\\\/tip\\\/centrum-aplikovanej-biomediciny-cam\\\/#breadcrumb\"},\"inLanguage\":\"sk-SK\",\"potentialAction\":[{\"@type\":\"ReadAction\",\"target\":[\"https:\\\/\\\/www.upjs.sk\\\/pracoviska\\\/tip\\\/centrum-aplikovanej-biomediciny-cam\\\/\"]}]},{\"@type\":\"BreadcrumbList\",\"@id\":\"https:\\\/\\\/www.upjs.sk\\\/pracoviska\\\/tip\\\/centrum-aplikovanej-biomediciny-cam\\\/#breadcrumb\",\"itemListElement\":[{\"@type\":\"ListItem\",\"position\":1,\"name\":\"Home\",\"item\":\"https:\\\/\\\/www.upjs.sk\\\/pracoviska\\\/tip\\\/\"},{\"@type\":\"ListItem\",\"position\":2,\"name\":\"Centrum aplikovanej biomedic\u00edny (CAM)\"}]},{\"@type\":\"WebSite\",\"@id\":\"https:\\\/\\\/www.upjs.sk\\\/pracoviska\\\/tip\\\/#website\",\"url\":\"https:\\\/\\\/www.upjs.sk\\\/pracoviska\\\/tip\\\/\",\"name\":\"Technologick\u00fd a inova\u010dn\u00fd park | UPJ\u0160\",\"description\":\"\",\"publisher\":{\"@id\":\"https:\\\/\\\/www.upjs.sk\\\/pracoviska\\\/tip\\\/#organization\"},\"potentialAction\":[{\"@type\":\"SearchAction\",\"target\":{\"@type\":\"EntryPoint\",\"urlTemplate\":\"https:\\\/\\\/www.upjs.sk\\\/pracoviska\\\/tip\\\/?s={search_term_string}\"},\"query-input\":{\"@type\":\"PropertyValueSpecification\",\"valueRequired\":true,\"valueName\":\"search_term_string\"}}],\"inLanguage\":\"sk-SK\"},{\"@type\":\"Organization\",\"@id\":\"https:\\\/\\\/www.upjs.sk\\\/pracoviska\\\/tip\\\/#organization\",\"name\":\"Technologick\u00fd a inova\u010dn\u00fd park | UPJ\u0160\",\"url\":\"https:\\\/\\\/www.upjs.sk\\\/pracoviska\\\/tip\\\/\",\"logo\":{\"@type\":\"ImageObject\",\"inLanguage\":\"sk-SK\",\"@id\":\"https:\\\/\\\/www.upjs.sk\\\/pracoviska\\\/tip\\\/#\\\/schema\\\/logo\\\/image\\\/\",\"url\":\"https:\\\/\\\/www.upjs.sk\\\/app\\\/uploads\\\/sites\\\/24\\\/2023\\\/02\\\/TIP.svg\",\"contentUrl\":\"https:\\\/\\\/www.upjs.sk\\\/app\\\/uploads\\\/sites\\\/24\\\/2023\\\/02\\\/TIP.svg\",\"width\":500,\"height\":138,\"caption\":\"Technologick\u00fd a inova\u010dn\u00fd park | UPJ\u0160\"},\"image\":{\"@id\":\"https:\\\/\\\/www.upjs.sk\\\/pracoviska\\\/tip\\\/#\\\/schema\\\/logo\\\/image\\\/\"}}]}<\/script>\n<!-- \/ Yoast SEO plugin. -->","yoast_head_json":{"title":"Centrum aplikovanej biomedic\u00edny (CAM) - Technologick\u00fd a inova\u010dn\u00fd park | UPJ\u0160","robots":{"index":"index","follow":"follow","max-snippet":"max-snippet:-1","max-image-preview":"max-image-preview:large","max-video-preview":"max-video-preview:-1"},"canonical":"https:\/\/www.upjs.sk\/pracoviska\/tip\/centrum-aplikovanej-biomediciny-cam\/","og_locale":"sk_SK","og_type":"article","og_title":"Centrum aplikovanej biomedic\u00edny (CAM) - Technologick\u00fd a inova\u010dn\u00fd park | UPJ\u0160","og_description":"Centrum aplikovanej biomedic\u00edny (CAM) predstavuje dynamick\u00fa v\u00fdskumn\u00fa a inova\u010dn\u00fa platformu zameran\u00fa na transl\u00e1ciu poznatkov biomedic\u00ednskeho v\u00fdskumu do klinickej praxe. Jeho poslan\u00edm je rozv\u00edja\u0165 interdisciplin\u00e1rne prepojenie medzi lek\u00e1rskou vedou, technol\u00f3giami a inovat\u00edvnymi pr\u00edstupmi k lie\u010dbe, diagnostike a regener\u00e1cii. Poslanie a v\u00edzia: CAM m\u00e1 amb\u00edciu sta\u0165 sa centrom excelentnosti v oblasti aplikovan\u00e9ho biomedic\u00ednskeho v\u00fdskumu vo v\u00fdchodnej Eur\u00f3pe, &hellip; \u010c\u00edta\u0165 \u010falej","og_url":"https:\/\/www.upjs.sk\/pracoviska\/tip\/centrum-aplikovanej-biomediciny-cam\/","og_site_name":"Technologick\u00fd a inova\u010dn\u00fd park | UPJ\u0160","article_modified_time":"2025-06-05T08:51:54+00:00","twitter_card":"summary_large_image","twitter_misc":{"Predpokladan\u00fd \u010das \u010d\u00edtania":"2 min\u00faty"},"schema":{"@context":"https:\/\/schema.org","@graph":[{"@type":"WebPage","@id":"https:\/\/www.upjs.sk\/pracoviska\/tip\/centrum-aplikovanej-biomediciny-cam\/","url":"https:\/\/www.upjs.sk\/pracoviska\/tip\/centrum-aplikovanej-biomediciny-cam\/","name":"Centrum aplikovanej biomedic\u00edny (CAM) - Technologick\u00fd a inova\u010dn\u00fd park | UPJ\u0160","isPartOf":{"@id":"https:\/\/www.upjs.sk\/pracoviska\/tip\/#website"},"datePublished":"2025-06-05T06:51:14+00:00","dateModified":"2025-06-05T08:51:54+00:00","breadcrumb":{"@id":"https:\/\/www.upjs.sk\/pracoviska\/tip\/centrum-aplikovanej-biomediciny-cam\/#breadcrumb"},"inLanguage":"sk-SK","potentialAction":[{"@type":"ReadAction","target":["https:\/\/www.upjs.sk\/pracoviska\/tip\/centrum-aplikovanej-biomediciny-cam\/"]}]},{"@type":"BreadcrumbList","@id":"https:\/\/www.upjs.sk\/pracoviska\/tip\/centrum-aplikovanej-biomediciny-cam\/#breadcrumb","itemListElement":[{"@type":"ListItem","position":1,"name":"Home","item":"https:\/\/www.upjs.sk\/pracoviska\/tip\/"},{"@type":"ListItem","position":2,"name":"Centrum aplikovanej biomedic\u00edny (CAM)"}]},{"@type":"WebSite","@id":"https:\/\/www.upjs.sk\/pracoviska\/tip\/#website","url":"https:\/\/www.upjs.sk\/pracoviska\/tip\/","name":"Technologick\u00fd a inova\u010dn\u00fd park | UPJ\u0160","description":"","publisher":{"@id":"https:\/\/www.upjs.sk\/pracoviska\/tip\/#organization"},"potentialAction":[{"@type":"SearchAction","target":{"@type":"EntryPoint","urlTemplate":"https:\/\/www.upjs.sk\/pracoviska\/tip\/?s={search_term_string}"},"query-input":{"@type":"PropertyValueSpecification","valueRequired":true,"valueName":"search_term_string"}}],"inLanguage":"sk-SK"},{"@type":"Organization","@id":"https:\/\/www.upjs.sk\/pracoviska\/tip\/#organization","name":"Technologick\u00fd a inova\u010dn\u00fd park | UPJ\u0160","url":"https:\/\/www.upjs.sk\/pracoviska\/tip\/","logo":{"@type":"ImageObject","inLanguage":"sk-SK","@id":"https:\/\/www.upjs.sk\/pracoviska\/tip\/#\/schema\/logo\/image\/","url":"https:\/\/www.upjs.sk\/app\/uploads\/sites\/24\/2023\/02\/TIP.svg","contentUrl":"https:\/\/www.upjs.sk\/app\/uploads\/sites\/24\/2023\/02\/TIP.svg","width":500,"height":138,"caption":"Technologick\u00fd a inova\u010dn\u00fd park | UPJ\u0160"},"image":{"@id":"https:\/\/www.upjs.sk\/pracoviska\/tip\/#\/schema\/logo\/image\/"}}]}},"_links":{"self":[{"href":"https:\/\/www.upjs.sk\/pracoviska\/tip\/wp-json\/wp\/v2\/pages\/18909","targetHints":{"allow":["GET"]}}],"collection":[{"href":"https:\/\/www.upjs.sk\/pracoviska\/tip\/wp-json\/wp\/v2\/pages"}],"about":[{"href":"https:\/\/www.upjs.sk\/pracoviska\/tip\/wp-json\/wp\/v2\/types\/page"}],"author":[{"embeddable":true,"href":"https:\/\/www.upjs.sk\/pracoviska\/tip\/wp-json\/wp\/v2\/users\/111"}],"replies":[{"embeddable":true,"href":"https:\/\/www.upjs.sk\/pracoviska\/tip\/wp-json\/wp\/v2\/comments?post=18909"}],"version-history":[{"count":4,"href":"https:\/\/www.upjs.sk\/pracoviska\/tip\/wp-json\/wp\/v2\/pages\/18909\/revisions"}],"predecessor-version":[{"id":18914,"href":"https:\/\/www.upjs.sk\/pracoviska\/tip\/wp-json\/wp\/v2\/pages\/18909\/revisions\/18914"}],"wp:attachment":[{"href":"https:\/\/www.upjs.sk\/pracoviska\/tip\/wp-json\/wp\/v2\/media?parent=18909"}],"wp:term":[{"taxonomy":"category","embeddable":true,"href":"https:\/\/www.upjs.sk\/pracoviska\/tip\/wp-json\/wp\/v2\/categories?post=18909"},{"taxonomy":"post_tag","embeddable":true,"href":"https:\/\/www.upjs.sk\/pracoviska\/tip\/wp-json\/wp\/v2\/tags?post=18909"}],"curies":[{"name":"wp","href":"https:\/\/api.w.org\/{rel}","templated":true}]}}