{"id":19057,"date":"2025-06-05T11:20:41","date_gmt":"2025-06-05T11:20:41","guid":{"rendered":"https:\/\/www.upjs.sk\/pracoviska\/tip\/apbc\/promotional-materials-apbc\/"},"modified":"2025-10-27T19:31:43","modified_gmt":"2025-10-27T19:31:43","slug":"propagacne-materialy-apbc","status":"publish","type":"page","link":"https:\/\/www.upjs.sk\/pracoviska\/tip\/apbc\/propagacne-materialy-apbc\/","title":{"rendered":"Propaga\u010dn\u00e9 materi\u00e1ly APBC"},"content":{"rendered":"\n<hr class=\"wp-block-separator has-alpha-channel-opacity is-style-wide\"\/>\n\n\n<style>.wp-block-kadence-spacer.kt-block-spacer-19057_0eb77f-12 .kt-block-spacer{height:20px;}.wp-block-kadence-spacer.kt-block-spacer-19057_0eb77f-12 .kt-divider{border-top-width:1px;height:1px;border-top-color:#eee;width:80%;border-top-style:solid;}<\/style>\n<div class=\"wp-block-kadence-spacer aligncenter kt-block-spacer-19057_0eb77f-12\"><div class=\"kt-block-spacer kt-block-spacer-halign-center\"><hr class=\"kt-divider\"\/><\/div><\/div>\n\n\n\n<p class=\"has-zakladna-zlata-color has-zakladna-siva-background-color has-text-color has-background has-medium-font-size\"><strong>Propaga\u010dn\u00e9 materi\u00e1ly <\/strong>&#8211; APBC<\/p>\n\n\n\n<hr class=\"wp-block-separator has-alpha-channel-opacity is-style-wide\"\/>\n\n\n\n<hr class=\"wp-block-separator has-alpha-channel-opacity is-style-wide\"\/>\n\n\n\n<hr class=\"wp-block-separator has-alpha-channel-opacity is-style-wide\"\/>\n\n\n\n<p class=\"has-medium-font-size\"><\/p>\n\n\n\n<div style=\"height:19px\" aria-hidden=\"true\" class=\"wp-block-spacer\"><\/div>\n\n\n\n<hr class=\"wp-block-separator has-alpha-channel-opacity is-style-wide\"\/>\n\n\n<style>.wp-block-kadence-spacer.kt-block-spacer-19057_210345-f1 .kt-block-spacer{height:20px;}.wp-block-kadence-spacer.kt-block-spacer-19057_210345-f1 .kt-divider{border-top-width:1px;height:1px;border-top-color:#eee;width:80%;border-top-style:solid;}<\/style>\n<div class=\"wp-block-kadence-spacer aligncenter kt-block-spacer-19057_210345-f1\"><div class=\"kt-block-spacer kt-block-spacer-halign-center\"><hr class=\"kt-divider\"\/><\/div><\/div>\n\n\n\n<p class=\"has-zakladna-modra-color has-zakladna-siva-background-color has-text-color has-background has-medium-font-size\"><strong>Propaga\u010dn\u00e9 materi\u00e1ly<\/strong> &#8211; APBC<\/p>\n\n\n\n<ul class=\"wp-block-list\">\n<li class=\"has-medium-font-size\"><a href=\"https:\/\/www.upjs.sk\/app\/uploads\/sites\/24\/2025\/06\/color_transparent_APBC.jpg\">Logo<\/a><\/li>\n\n\n\n<li class=\"has-medium-font-size\"><a href=\"https:\/\/www.upjs.sk\/app\/uploads\/sites\/24\/2025\/09\/BANNER_eng_APBP_2.png\">Banner<\/a><\/li>\n\n\n\n<li class=\"has-medium-font-size\"><a href=\"https:\/\/intranet.upjs.sk\/op\/op.Public.php?documentid=10504\">Roll-up banner<\/a><\/li>\n\n\n\n<li class=\"has-medium-font-size\"><a href=\"https:\/\/www.upjs.sk\/app\/uploads\/sites\/24\/2025\/09\/Loga-2025-aktualizovane_SK.png\">Povinn\u00e9 log\u00e1<\/a><\/li>\n<\/ul>\n\n\n\n<div style=\"height:19px\" aria-hidden=\"true\" class=\"wp-block-spacer\"><\/div>\n\n\n\n<hr class=\"wp-block-separator has-alpha-channel-opacity is-style-wide\"\/>\n\n\n<style>.wp-block-kadence-spacer.kt-block-spacer-19057_ce4aa9-36 .kt-block-spacer{height:20px;}.wp-block-kadence-spacer.kt-block-spacer-19057_ce4aa9-36 .kt-divider{border-top-width:1px;height:1px;border-top-color:#eee;width:80%;border-top-style:solid;}<\/style>\n<div class=\"wp-block-kadence-spacer aligncenter kt-block-spacer-19057_ce4aa9-36\"><div class=\"kt-block-spacer kt-block-spacer-halign-center\"><hr class=\"kt-divider\"\/><\/div><\/div>\n\n\n\n<p class=\"has-zakladna-modra-color has-zakladna-siva-background-color has-text-color has-background has-medium-font-size\">\u0160abl\u00f3ny &#8211; APBC<\/p>\n\n\n\n<ul class=\"wp-block-list\">\n<li class=\"has-medium-font-size\"><a href=\"https:\/\/intranet.upjs.sk\/op\/op.Public.php?documentid=10502\">PowerPoint \u0161abl\u00f3na<\/a><\/li>\n\n\n\n<li class=\"has-medium-font-size\"><a href=\"https:\/\/www.upjs.sk\/app\/uploads\/sites\/24\/2025\/10\/List-of-participants_template_SVK_APBC.docx\">\u0160abl\u00f3na zoznamu \u00fa\u010dastn\u00edkov<\/a><\/li>\n\n\n\n<li class=\"has-medium-font-size\"><a href=\"https:\/\/www.upjs.sk\/app\/uploads\/sites\/24\/2025\/10\/Journey-Report_template_SVK-ENG_APBC.docx\" target=\"_blank\" rel=\"noreferrer noopener\">\u0160abl\u00f3na spr\u00e1vy o ceste<\/a><\/li>\n\n\n\n<li>\u0160abl\u00f3na internej spr\u00e1vy<\/li>\n\n\n\n<li class=\"has-medium-font-size\"><a href=\"https:\/\/www.upjs.sk\/app\/uploads\/sites\/24\/2025\/10\/Deliverable-template_ENG_APBC.docx\">\u0160abl\u00f3na v\u00fdstupu<\/a><\/li>\n\n\n\n<li class=\"has-medium-font-size\"><a href=\"https:\/\/www.upjs.sk\/app\/uploads\/sites\/24\/2025\/10\/Project-acknowledgement-statement_SVK-1.pdf\" target=\"_blank\" rel=\"noreferrer noopener\">Po\u010fakovanie za projekt<\/a><\/li>\n<\/ul>\n\n\n\n<p><\/p>\n","protected":false},"excerpt":{"rendered":"<p>Propaga\u010dn\u00e9 materi\u00e1ly &#8211; APBC Propaga\u010dn\u00e9 materi\u00e1ly &#8211; APBC \u0160abl\u00f3ny &#8211; APBC<\/p>\n","protected":false},"author":16,"featured_media":0,"parent":19037,"menu_order":8,"comment_status":"closed","ping_status":"closed","template":"","meta":{"_acf_changed":false,"_editorskit_title_hidden":false,"_editorskit_reading_time":0,"_editorskit_is_block_options_detached":false,"_editorskit_block_options_position":"{}","footnotes":""},"categories":[],"tags":[],"class_list":["post-19057","page","type-page","status-publish","hentry"],"acf":{"acf_link_na_externy_obsah":""},"yoast_head":"<!-- This site is optimized with the Yoast SEO plugin v27.5 - https:\/\/yoast.com\/product\/yoast-seo-wordpress\/ -->\n<title>Propaga\u010dn\u00e9 materi\u00e1ly APBC - Technologick\u00fd a inova\u010dn\u00fd park | UPJ\u0160<\/title>\n<meta name=\"robots\" content=\"index, follow, max-snippet:-1, max-image-preview:large, max-video-preview:-1\" \/>\n<link rel=\"canonical\" href=\"https:\/\/www.upjs.sk\/pracoviska\/tip\/apbc\/propagacne-materialy-apbc\/\" \/>\n<meta property=\"og:locale\" content=\"sk_SK\" \/>\n<meta property=\"og:type\" content=\"article\" \/>\n<meta property=\"og:title\" content=\"Propaga\u010dn\u00e9 materi\u00e1ly APBC - Technologick\u00fd a inova\u010dn\u00fd park | UPJ\u0160\" \/>\n<meta property=\"og:description\" content=\"Propaga\u010dn\u00e9 materi\u00e1ly &#8211; APBC Propaga\u010dn\u00e9 materi\u00e1ly &#8211; APBC \u0160abl\u00f3ny &#8211; APBC\" \/>\n<meta property=\"og:url\" content=\"https:\/\/www.upjs.sk\/pracoviska\/tip\/apbc\/propagacne-materialy-apbc\/\" \/>\n<meta property=\"og:site_name\" content=\"Technologick\u00fd a inova\u010dn\u00fd park | UPJ\u0160\" \/>\n<meta property=\"article:modified_time\" content=\"2025-10-27T19:31:43+00:00\" \/>\n<meta name=\"twitter:card\" content=\"summary_large_image\" \/>\n<meta name=\"twitter:label1\" content=\"Predpokladan\u00fd \u010das \u010d\u00edtania\" \/>\n\t<meta name=\"twitter:data1\" content=\"1 min\u00fata\" \/>\n<script type=\"application\/ld+json\" class=\"yoast-schema-graph\">{\"@context\":\"https:\\\/\\\/schema.org\",\"@graph\":[{\"@type\":\"WebPage\",\"@id\":\"https:\\\/\\\/www.upjs.sk\\\/pracoviska\\\/tip\\\/apbc\\\/propagacne-materialy-apbc\\\/\",\"url\":\"https:\\\/\\\/www.upjs.sk\\\/pracoviska\\\/tip\\\/apbc\\\/propagacne-materialy-apbc\\\/\",\"name\":\"Propaga\u010dn\u00e9 materi\u00e1ly APBC - Technologick\u00fd a inova\u010dn\u00fd park | UPJ\u0160\",\"isPartOf\":{\"@id\":\"https:\\\/\\\/www.upjs.sk\\\/pracoviska\\\/tip\\\/#website\"},\"datePublished\":\"2025-06-05T11:20:41+00:00\",\"dateModified\":\"2025-10-27T19:31:43+00:00\",\"breadcrumb\":{\"@id\":\"https:\\\/\\\/www.upjs.sk\\\/pracoviska\\\/tip\\\/apbc\\\/propagacne-materialy-apbc\\\/#breadcrumb\"},\"inLanguage\":\"sk-SK\",\"potentialAction\":[{\"@type\":\"ReadAction\",\"target\":[\"https:\\\/\\\/www.upjs.sk\\\/pracoviska\\\/tip\\\/apbc\\\/propagacne-materialy-apbc\\\/\"]}]},{\"@type\":\"BreadcrumbList\",\"@id\":\"https:\\\/\\\/www.upjs.sk\\\/pracoviska\\\/tip\\\/apbc\\\/propagacne-materialy-apbc\\\/#breadcrumb\",\"itemListElement\":[{\"@type\":\"ListItem\",\"position\":1,\"name\":\"Home\",\"item\":\"https:\\\/\\\/www.upjs.sk\\\/pracoviska\\\/tip\\\/\"},{\"@type\":\"ListItem\",\"position\":2,\"name\":\"APBC\",\"item\":\"https:\\\/\\\/www.upjs.sk\\\/pracoviska\\\/tip\\\/apbc\\\/\"},{\"@type\":\"ListItem\",\"position\":3,\"name\":\"Propaga\u010dn\u00e9 materi\u00e1ly APBC\"}]},{\"@type\":\"WebSite\",\"@id\":\"https:\\\/\\\/www.upjs.sk\\\/pracoviska\\\/tip\\\/#website\",\"url\":\"https:\\\/\\\/www.upjs.sk\\\/pracoviska\\\/tip\\\/\",\"name\":\"Technologick\u00fd a inova\u010dn\u00fd park | UPJ\u0160\",\"description\":\"\",\"publisher\":{\"@id\":\"https:\\\/\\\/www.upjs.sk\\\/pracoviska\\\/tip\\\/#organization\"},\"potentialAction\":[{\"@type\":\"SearchAction\",\"target\":{\"@type\":\"EntryPoint\",\"urlTemplate\":\"https:\\\/\\\/www.upjs.sk\\\/pracoviska\\\/tip\\\/?s={search_term_string}\"},\"query-input\":{\"@type\":\"PropertyValueSpecification\",\"valueRequired\":true,\"valueName\":\"search_term_string\"}}],\"inLanguage\":\"sk-SK\"},{\"@type\":\"Organization\",\"@id\":\"https:\\\/\\\/www.upjs.sk\\\/pracoviska\\\/tip\\\/#organization\",\"name\":\"Technologick\u00fd a inova\u010dn\u00fd park | UPJ\u0160\",\"url\":\"https:\\\/\\\/www.upjs.sk\\\/pracoviska\\\/tip\\\/\",\"logo\":{\"@type\":\"ImageObject\",\"inLanguage\":\"sk-SK\",\"@id\":\"https:\\\/\\\/www.upjs.sk\\\/pracoviska\\\/tip\\\/#\\\/schema\\\/logo\\\/image\\\/\",\"url\":\"https:\\\/\\\/www.upjs.sk\\\/app\\\/uploads\\\/sites\\\/24\\\/2023\\\/02\\\/TIP.svg\",\"contentUrl\":\"https:\\\/\\\/www.upjs.sk\\\/app\\\/uploads\\\/sites\\\/24\\\/2023\\\/02\\\/TIP.svg\",\"width\":500,\"height\":138,\"caption\":\"Technologick\u00fd a inova\u010dn\u00fd park | UPJ\u0160\"},\"image\":{\"@id\":\"https:\\\/\\\/www.upjs.sk\\\/pracoviska\\\/tip\\\/#\\\/schema\\\/logo\\\/image\\\/\"}}]}<\/script>\n<!-- \/ Yoast SEO plugin. -->","yoast_head_json":{"title":"Propaga\u010dn\u00e9 materi\u00e1ly APBC - Technologick\u00fd a inova\u010dn\u00fd park | UPJ\u0160","robots":{"index":"index","follow":"follow","max-snippet":"max-snippet:-1","max-image-preview":"max-image-preview:large","max-video-preview":"max-video-preview:-1"},"canonical":"https:\/\/www.upjs.sk\/pracoviska\/tip\/apbc\/propagacne-materialy-apbc\/","og_locale":"sk_SK","og_type":"article","og_title":"Propaga\u010dn\u00e9 materi\u00e1ly APBC - Technologick\u00fd a inova\u010dn\u00fd park | UPJ\u0160","og_description":"Propaga\u010dn\u00e9 materi\u00e1ly &#8211; APBC Propaga\u010dn\u00e9 materi\u00e1ly &#8211; APBC \u0160abl\u00f3ny &#8211; APBC","og_url":"https:\/\/www.upjs.sk\/pracoviska\/tip\/apbc\/propagacne-materialy-apbc\/","og_site_name":"Technologick\u00fd a inova\u010dn\u00fd park | UPJ\u0160","article_modified_time":"2025-10-27T19:31:43+00:00","twitter_card":"summary_large_image","twitter_misc":{"Predpokladan\u00fd \u010das \u010d\u00edtania":"1 min\u00fata"},"schema":{"@context":"https:\/\/schema.org","@graph":[{"@type":"WebPage","@id":"https:\/\/www.upjs.sk\/pracoviska\/tip\/apbc\/propagacne-materialy-apbc\/","url":"https:\/\/www.upjs.sk\/pracoviska\/tip\/apbc\/propagacne-materialy-apbc\/","name":"Propaga\u010dn\u00e9 materi\u00e1ly APBC - Technologick\u00fd a inova\u010dn\u00fd park | UPJ\u0160","isPartOf":{"@id":"https:\/\/www.upjs.sk\/pracoviska\/tip\/#website"},"datePublished":"2025-06-05T11:20:41+00:00","dateModified":"2025-10-27T19:31:43+00:00","breadcrumb":{"@id":"https:\/\/www.upjs.sk\/pracoviska\/tip\/apbc\/propagacne-materialy-apbc\/#breadcrumb"},"inLanguage":"sk-SK","potentialAction":[{"@type":"ReadAction","target":["https:\/\/www.upjs.sk\/pracoviska\/tip\/apbc\/propagacne-materialy-apbc\/"]}]},{"@type":"BreadcrumbList","@id":"https:\/\/www.upjs.sk\/pracoviska\/tip\/apbc\/propagacne-materialy-apbc\/#breadcrumb","itemListElement":[{"@type":"ListItem","position":1,"name":"Home","item":"https:\/\/www.upjs.sk\/pracoviska\/tip\/"},{"@type":"ListItem","position":2,"name":"APBC","item":"https:\/\/www.upjs.sk\/pracoviska\/tip\/apbc\/"},{"@type":"ListItem","position":3,"name":"Propaga\u010dn\u00e9 materi\u00e1ly APBC"}]},{"@type":"WebSite","@id":"https:\/\/www.upjs.sk\/pracoviska\/tip\/#website","url":"https:\/\/www.upjs.sk\/pracoviska\/tip\/","name":"Technologick\u00fd a inova\u010dn\u00fd park | UPJ\u0160","description":"","publisher":{"@id":"https:\/\/www.upjs.sk\/pracoviska\/tip\/#organization"},"potentialAction":[{"@type":"SearchAction","target":{"@type":"EntryPoint","urlTemplate":"https:\/\/www.upjs.sk\/pracoviska\/tip\/?s={search_term_string}"},"query-input":{"@type":"PropertyValueSpecification","valueRequired":true,"valueName":"search_term_string"}}],"inLanguage":"sk-SK"},{"@type":"Organization","@id":"https:\/\/www.upjs.sk\/pracoviska\/tip\/#organization","name":"Technologick\u00fd a inova\u010dn\u00fd park | UPJ\u0160","url":"https:\/\/www.upjs.sk\/pracoviska\/tip\/","logo":{"@type":"ImageObject","inLanguage":"sk-SK","@id":"https:\/\/www.upjs.sk\/pracoviska\/tip\/#\/schema\/logo\/image\/","url":"https:\/\/www.upjs.sk\/app\/uploads\/sites\/24\/2023\/02\/TIP.svg","contentUrl":"https:\/\/www.upjs.sk\/app\/uploads\/sites\/24\/2023\/02\/TIP.svg","width":500,"height":138,"caption":"Technologick\u00fd a inova\u010dn\u00fd park | UPJ\u0160"},"image":{"@id":"https:\/\/www.upjs.sk\/pracoviska\/tip\/#\/schema\/logo\/image\/"}}]}},"_links":{"self":[{"href":"https:\/\/www.upjs.sk\/pracoviska\/tip\/wp-json\/wp\/v2\/pages\/19057","targetHints":{"allow":["GET"]}}],"collection":[{"href":"https:\/\/www.upjs.sk\/pracoviska\/tip\/wp-json\/wp\/v2\/pages"}],"about":[{"href":"https:\/\/www.upjs.sk\/pracoviska\/tip\/wp-json\/wp\/v2\/types\/page"}],"author":[{"embeddable":true,"href":"https:\/\/www.upjs.sk\/pracoviska\/tip\/wp-json\/wp\/v2\/users\/16"}],"replies":[{"embeddable":true,"href":"https:\/\/www.upjs.sk\/pracoviska\/tip\/wp-json\/wp\/v2\/comments?post=19057"}],"version-history":[{"count":14,"href":"https:\/\/www.upjs.sk\/pracoviska\/tip\/wp-json\/wp\/v2\/pages\/19057\/revisions"}],"predecessor-version":[{"id":20327,"href":"https:\/\/www.upjs.sk\/pracoviska\/tip\/wp-json\/wp\/v2\/pages\/19057\/revisions\/20327"}],"up":[{"embeddable":true,"href":"https:\/\/www.upjs.sk\/pracoviska\/tip\/wp-json\/wp\/v2\/pages\/19037"}],"wp:attachment":[{"href":"https:\/\/www.upjs.sk\/pracoviska\/tip\/wp-json\/wp\/v2\/media?parent=19057"}],"wp:term":[{"taxonomy":"category","embeddable":true,"href":"https:\/\/www.upjs.sk\/pracoviska\/tip\/wp-json\/wp\/v2\/categories?post=19057"},{"taxonomy":"post_tag","embeddable":true,"href":"https:\/\/www.upjs.sk\/pracoviska\/tip\/wp-json\/wp\/v2\/tags?post=19057"}],"curies":[{"name":"wp","href":"https:\/\/api.w.org\/{rel}","templated":true}]}}