{"id":19145,"date":"2025-07-14T19:00:32","date_gmt":"2025-07-14T19:00:32","guid":{"rendered":"https:\/\/www.upjs.sk\/pracoviska\/tip\/?page_id=19145"},"modified":"2026-02-27T15:22:35","modified_gmt":"2026-02-27T15:22:35","slug":"ako-ochranit-vysledok-vyskumu","status":"publish","type":"page","link":"https:\/\/www.upjs.sk\/pracoviska\/tip\/ako-ochranit-vysledok-vyskumu\/","title":{"rendered":"Ochrana v\u00fdsledkov v\u00fdskumu"},"content":{"rendered":"\n<p><\/p>\n\n\n\n<p>V pr\u00edpade, \u017ee ste ako zamestnanec UPJ\u0160 vytvorili predmet priemyseln\u00e9ho vlastn\u00edctva v s\u00favislosti s plnen\u00edm pracovn\u00fdch povinnost\u00ed alebo na z\u00e1klade osobitnej zmluvy (napr. NFP, APVV, KEGA, VEGA, \u010di zmluvy o spolupr\u00e1ci s&nbsp;partnerskou organiz\u00e1ciou), ozn\u00e1mte n\u00e1m t\u00fato skuto\u010dnos\u0165.<\/p>\n\n\n\n<p>Odkaz na <strong>Formul\u00e1r na opis predmetu priemyseln\u00e9ho vlastn\u00edctva<\/strong> n\u00e1jdete ni\u017e\u0161ie na tejto webovej str\u00e1nke (v sekcii intern\u00e9 predpisy) alebo priamo kontaktujte&nbsp;<strong><a href=\"mailto:ctt@upjs.sk\">ctt@upjs.sk<\/a><\/strong>.<\/p>\n\n\n\n<p><\/p>\n\n\n\n<p><strong>Intern\u00e9 predpisy<\/strong><\/p>\n\n\n\n<ul class=\"wp-block-list\">\n<li><a href=\"\/pracoviska\/tip\/ctt\/priority\/\">Priority a n\u00e1pl\u0148 \u010dinnosti CTT<\/a><\/li>\n\n\n\n<li><a href=\"\/public\/media\/21607\/Smernica_3_2019_ochrana_dus_vlastnictva.pdf\" target=\"_blank\" rel=\"noopener\">Smernica \u010d. 3\/2019 o&nbsp;ochrane du\u0161evn\u00e9ho vlastn\u00edctva na UPJ\u0160 v&nbsp;Ko\u0161iciach a&nbsp;jej s\u00fa\u010dastiach<\/a><\/li>\n\n\n\n<li><a href=\"\/public\/media\/21607\/Priloha_1_Smernica_3_2019_Formular_opisu_DV.docx\" target=\"_blank\" rel=\"noopener\"><strong>Formul\u00e1r na opis predmetu priemyseln\u00e9ho vlastn\u00edctva<\/strong><\/a><br>Formul\u00e1r \u2013 Pr\u00edloha \u010d.1 sl\u00fa\u017ei ako podklad pre vypracovanie opisu predmetu priemyseln\u00e9ho vlastn\u00edctva, ktor\u00fd je s\u00fa\u010das\u0165ou Smernice \u010d. 3\/2019 o&nbsp;ochrane du\u0161evn\u00e9ho vlastn\u00edctva na UPJ\u0160 v&nbsp;Ko\u0161iciach a&nbsp;jej s\u00fa\u010dastiach.<\/li>\n<\/ul>\n\n\n\n<p><\/p>\n\n\n\n<p><strong>Register pr\u00e1v priemyseln\u00e9ho vlastn\u00edct<strong>va (ponuka technol\u00f3gi\u00ed)<\/strong><br><\/strong><a href=\"https:\/\/forms.upjs.sk\/ctt-form\" target=\"_blank\" rel=\"noreferrer noopener\">Ponuka transferu du\u0161evn\u00e9ho vlastn\u00edctva UPJ\u0160<\/a><strong><br><\/strong><\/p>\n\n\n\n<p><\/p>\n","protected":false},"excerpt":{"rendered":"<p>V pr\u00edpade, \u017ee ste ako zamestnanec UPJ\u0160 vytvorili predmet priemyseln\u00e9ho vlastn\u00edctva v s\u00favislosti s plnen\u00edm pracovn\u00fdch povinnost\u00ed alebo na z\u00e1klade osobitnej zmluvy (napr. NFP, APVV, KEGA, VEGA, \u010di zmluvy o spolupr\u00e1ci s&nbsp;partnerskou organiz\u00e1ciou), ozn\u00e1mte n\u00e1m t\u00fato skuto\u010dnos\u0165. Odkaz na Formul\u00e1r na opis predmetu priemyseln\u00e9ho vlastn\u00edctva n\u00e1jdete ni\u017e\u0161ie na tejto webovej str\u00e1nke (v sekcii intern\u00e9 predpisy) &hellip; <a href=\"https:\/\/www.upjs.sk\/pracoviska\/tip\/ako-ochranit-vysledok-vyskumu\/\">\u010c\u00edta\u0165 \u010falej<\/a><\/p>\n","protected":false},"author":111,"featured_media":0,"parent":0,"menu_order":4,"comment_status":"closed","ping_status":"closed","template":"","meta":{"_acf_changed":false,"_editorskit_title_hidden":false,"_editorskit_reading_time":0,"_editorskit_is_block_options_detached":false,"_editorskit_block_options_position":"{}","footnotes":""},"categories":[],"tags":[],"class_list":["post-19145","page","type-page","status-publish","hentry"],"acf":{"acf_link_na_externy_obsah":""},"yoast_head":"<!-- This site is optimized with the Yoast SEO plugin v27.5 - https:\/\/yoast.com\/product\/yoast-seo-wordpress\/ -->\n<title>Ochrana v\u00fdsledkov v\u00fdskumu - Technologick\u00fd a inova\u010dn\u00fd park | UPJ\u0160<\/title>\n<meta name=\"robots\" content=\"index, follow, max-snippet:-1, max-image-preview:large, max-video-preview:-1\" \/>\n<link rel=\"canonical\" href=\"https:\/\/www.upjs.sk\/pracoviska\/tip\/ako-ochranit-vysledok-vyskumu\/\" \/>\n<meta property=\"og:locale\" content=\"sk_SK\" \/>\n<meta property=\"og:type\" content=\"article\" \/>\n<meta property=\"og:title\" content=\"Ochrana v\u00fdsledkov v\u00fdskumu - Technologick\u00fd a inova\u010dn\u00fd park | UPJ\u0160\" \/>\n<meta property=\"og:description\" content=\"V pr\u00edpade, \u017ee ste ako zamestnanec UPJ\u0160 vytvorili predmet priemyseln\u00e9ho vlastn\u00edctva v s\u00favislosti s plnen\u00edm pracovn\u00fdch povinnost\u00ed alebo na z\u00e1klade osobitnej zmluvy (napr. NFP, APVV, KEGA, VEGA, \u010di zmluvy o spolupr\u00e1ci s&nbsp;partnerskou organiz\u00e1ciou), ozn\u00e1mte n\u00e1m t\u00fato skuto\u010dnos\u0165. Odkaz na Formul\u00e1r na opis predmetu priemyseln\u00e9ho vlastn\u00edctva n\u00e1jdete ni\u017e\u0161ie na tejto webovej str\u00e1nke (v sekcii intern\u00e9 predpisy) &hellip; \u010c\u00edta\u0165 \u010falej\" \/>\n<meta property=\"og:url\" content=\"https:\/\/www.upjs.sk\/pracoviska\/tip\/ako-ochranit-vysledok-vyskumu\/\" \/>\n<meta property=\"og:site_name\" content=\"Technologick\u00fd a inova\u010dn\u00fd park | UPJ\u0160\" \/>\n<meta property=\"article:modified_time\" content=\"2026-02-27T15:22:35+00:00\" \/>\n<meta name=\"twitter:card\" content=\"summary_large_image\" \/>\n<meta name=\"twitter:label1\" content=\"Predpokladan\u00fd \u010das \u010d\u00edtania\" \/>\n\t<meta name=\"twitter:data1\" content=\"1 min\u00fata\" \/>\n<script type=\"application\/ld+json\" class=\"yoast-schema-graph\">{\"@context\":\"https:\\\/\\\/schema.org\",\"@graph\":[{\"@type\":\"WebPage\",\"@id\":\"https:\\\/\\\/www.upjs.sk\\\/pracoviska\\\/tip\\\/ako-ochranit-vysledok-vyskumu\\\/\",\"url\":\"https:\\\/\\\/www.upjs.sk\\\/pracoviska\\\/tip\\\/ako-ochranit-vysledok-vyskumu\\\/\",\"name\":\"Ochrana v\u00fdsledkov v\u00fdskumu - Technologick\u00fd a inova\u010dn\u00fd park | UPJ\u0160\",\"isPartOf\":{\"@id\":\"https:\\\/\\\/www.upjs.sk\\\/pracoviska\\\/tip\\\/#website\"},\"datePublished\":\"2025-07-14T19:00:32+00:00\",\"dateModified\":\"2026-02-27T15:22:35+00:00\",\"breadcrumb\":{\"@id\":\"https:\\\/\\\/www.upjs.sk\\\/pracoviska\\\/tip\\\/ako-ochranit-vysledok-vyskumu\\\/#breadcrumb\"},\"inLanguage\":\"sk-SK\",\"potentialAction\":[{\"@type\":\"ReadAction\",\"target\":[\"https:\\\/\\\/www.upjs.sk\\\/pracoviska\\\/tip\\\/ako-ochranit-vysledok-vyskumu\\\/\"]}]},{\"@type\":\"BreadcrumbList\",\"@id\":\"https:\\\/\\\/www.upjs.sk\\\/pracoviska\\\/tip\\\/ako-ochranit-vysledok-vyskumu\\\/#breadcrumb\",\"itemListElement\":[{\"@type\":\"ListItem\",\"position\":1,\"name\":\"Home\",\"item\":\"https:\\\/\\\/www.upjs.sk\\\/pracoviska\\\/tip\\\/\"},{\"@type\":\"ListItem\",\"position\":2,\"name\":\"Ochrana v\u00fdsledkov v\u00fdskumu\"}]},{\"@type\":\"WebSite\",\"@id\":\"https:\\\/\\\/www.upjs.sk\\\/pracoviska\\\/tip\\\/#website\",\"url\":\"https:\\\/\\\/www.upjs.sk\\\/pracoviska\\\/tip\\\/\",\"name\":\"Technologick\u00fd a inova\u010dn\u00fd park | UPJ\u0160\",\"description\":\"\",\"publisher\":{\"@id\":\"https:\\\/\\\/www.upjs.sk\\\/pracoviska\\\/tip\\\/#organization\"},\"potentialAction\":[{\"@type\":\"SearchAction\",\"target\":{\"@type\":\"EntryPoint\",\"urlTemplate\":\"https:\\\/\\\/www.upjs.sk\\\/pracoviska\\\/tip\\\/?s={search_term_string}\"},\"query-input\":{\"@type\":\"PropertyValueSpecification\",\"valueRequired\":true,\"valueName\":\"search_term_string\"}}],\"inLanguage\":\"sk-SK\"},{\"@type\":\"Organization\",\"@id\":\"https:\\\/\\\/www.upjs.sk\\\/pracoviska\\\/tip\\\/#organization\",\"name\":\"Technologick\u00fd a inova\u010dn\u00fd park | UPJ\u0160\",\"url\":\"https:\\\/\\\/www.upjs.sk\\\/pracoviska\\\/tip\\\/\",\"logo\":{\"@type\":\"ImageObject\",\"inLanguage\":\"sk-SK\",\"@id\":\"https:\\\/\\\/www.upjs.sk\\\/pracoviska\\\/tip\\\/#\\\/schema\\\/logo\\\/image\\\/\",\"url\":\"https:\\\/\\\/www.upjs.sk\\\/app\\\/uploads\\\/sites\\\/24\\\/2023\\\/02\\\/TIP.svg\",\"contentUrl\":\"https:\\\/\\\/www.upjs.sk\\\/app\\\/uploads\\\/sites\\\/24\\\/2023\\\/02\\\/TIP.svg\",\"width\":500,\"height\":138,\"caption\":\"Technologick\u00fd a inova\u010dn\u00fd park | UPJ\u0160\"},\"image\":{\"@id\":\"https:\\\/\\\/www.upjs.sk\\\/pracoviska\\\/tip\\\/#\\\/schema\\\/logo\\\/image\\\/\"}}]}<\/script>\n<!-- \/ Yoast SEO plugin. -->","yoast_head_json":{"title":"Ochrana v\u00fdsledkov v\u00fdskumu - Technologick\u00fd a inova\u010dn\u00fd park | UPJ\u0160","robots":{"index":"index","follow":"follow","max-snippet":"max-snippet:-1","max-image-preview":"max-image-preview:large","max-video-preview":"max-video-preview:-1"},"canonical":"https:\/\/www.upjs.sk\/pracoviska\/tip\/ako-ochranit-vysledok-vyskumu\/","og_locale":"sk_SK","og_type":"article","og_title":"Ochrana v\u00fdsledkov v\u00fdskumu - Technologick\u00fd a inova\u010dn\u00fd park | UPJ\u0160","og_description":"V pr\u00edpade, \u017ee ste ako zamestnanec UPJ\u0160 vytvorili predmet priemyseln\u00e9ho vlastn\u00edctva v s\u00favislosti s plnen\u00edm pracovn\u00fdch povinnost\u00ed alebo na z\u00e1klade osobitnej zmluvy (napr. NFP, APVV, KEGA, VEGA, \u010di zmluvy o spolupr\u00e1ci s&nbsp;partnerskou organiz\u00e1ciou), ozn\u00e1mte n\u00e1m t\u00fato skuto\u010dnos\u0165. Odkaz na Formul\u00e1r na opis predmetu priemyseln\u00e9ho vlastn\u00edctva n\u00e1jdete ni\u017e\u0161ie na tejto webovej str\u00e1nke (v sekcii intern\u00e9 predpisy) &hellip; \u010c\u00edta\u0165 \u010falej","og_url":"https:\/\/www.upjs.sk\/pracoviska\/tip\/ako-ochranit-vysledok-vyskumu\/","og_site_name":"Technologick\u00fd a inova\u010dn\u00fd park | UPJ\u0160","article_modified_time":"2026-02-27T15:22:35+00:00","twitter_card":"summary_large_image","twitter_misc":{"Predpokladan\u00fd \u010das \u010d\u00edtania":"1 min\u00fata"},"schema":{"@context":"https:\/\/schema.org","@graph":[{"@type":"WebPage","@id":"https:\/\/www.upjs.sk\/pracoviska\/tip\/ako-ochranit-vysledok-vyskumu\/","url":"https:\/\/www.upjs.sk\/pracoviska\/tip\/ako-ochranit-vysledok-vyskumu\/","name":"Ochrana v\u00fdsledkov v\u00fdskumu - Technologick\u00fd a inova\u010dn\u00fd park | UPJ\u0160","isPartOf":{"@id":"https:\/\/www.upjs.sk\/pracoviska\/tip\/#website"},"datePublished":"2025-07-14T19:00:32+00:00","dateModified":"2026-02-27T15:22:35+00:00","breadcrumb":{"@id":"https:\/\/www.upjs.sk\/pracoviska\/tip\/ako-ochranit-vysledok-vyskumu\/#breadcrumb"},"inLanguage":"sk-SK","potentialAction":[{"@type":"ReadAction","target":["https:\/\/www.upjs.sk\/pracoviska\/tip\/ako-ochranit-vysledok-vyskumu\/"]}]},{"@type":"BreadcrumbList","@id":"https:\/\/www.upjs.sk\/pracoviska\/tip\/ako-ochranit-vysledok-vyskumu\/#breadcrumb","itemListElement":[{"@type":"ListItem","position":1,"name":"Home","item":"https:\/\/www.upjs.sk\/pracoviska\/tip\/"},{"@type":"ListItem","position":2,"name":"Ochrana v\u00fdsledkov v\u00fdskumu"}]},{"@type":"WebSite","@id":"https:\/\/www.upjs.sk\/pracoviska\/tip\/#website","url":"https:\/\/www.upjs.sk\/pracoviska\/tip\/","name":"Technologick\u00fd a inova\u010dn\u00fd park | UPJ\u0160","description":"","publisher":{"@id":"https:\/\/www.upjs.sk\/pracoviska\/tip\/#organization"},"potentialAction":[{"@type":"SearchAction","target":{"@type":"EntryPoint","urlTemplate":"https:\/\/www.upjs.sk\/pracoviska\/tip\/?s={search_term_string}"},"query-input":{"@type":"PropertyValueSpecification","valueRequired":true,"valueName":"search_term_string"}}],"inLanguage":"sk-SK"},{"@type":"Organization","@id":"https:\/\/www.upjs.sk\/pracoviska\/tip\/#organization","name":"Technologick\u00fd a inova\u010dn\u00fd park | UPJ\u0160","url":"https:\/\/www.upjs.sk\/pracoviska\/tip\/","logo":{"@type":"ImageObject","inLanguage":"sk-SK","@id":"https:\/\/www.upjs.sk\/pracoviska\/tip\/#\/schema\/logo\/image\/","url":"https:\/\/www.upjs.sk\/app\/uploads\/sites\/24\/2023\/02\/TIP.svg","contentUrl":"https:\/\/www.upjs.sk\/app\/uploads\/sites\/24\/2023\/02\/TIP.svg","width":500,"height":138,"caption":"Technologick\u00fd a inova\u010dn\u00fd park | UPJ\u0160"},"image":{"@id":"https:\/\/www.upjs.sk\/pracoviska\/tip\/#\/schema\/logo\/image\/"}}]}},"_links":{"self":[{"href":"https:\/\/www.upjs.sk\/pracoviska\/tip\/wp-json\/wp\/v2\/pages\/19145","targetHints":{"allow":["GET"]}}],"collection":[{"href":"https:\/\/www.upjs.sk\/pracoviska\/tip\/wp-json\/wp\/v2\/pages"}],"about":[{"href":"https:\/\/www.upjs.sk\/pracoviska\/tip\/wp-json\/wp\/v2\/types\/page"}],"author":[{"embeddable":true,"href":"https:\/\/www.upjs.sk\/pracoviska\/tip\/wp-json\/wp\/v2\/users\/111"}],"replies":[{"embeddable":true,"href":"https:\/\/www.upjs.sk\/pracoviska\/tip\/wp-json\/wp\/v2\/comments?post=19145"}],"version-history":[{"count":15,"href":"https:\/\/www.upjs.sk\/pracoviska\/tip\/wp-json\/wp\/v2\/pages\/19145\/revisions"}],"predecessor-version":[{"id":21243,"href":"https:\/\/www.upjs.sk\/pracoviska\/tip\/wp-json\/wp\/v2\/pages\/19145\/revisions\/21243"}],"wp:attachment":[{"href":"https:\/\/www.upjs.sk\/pracoviska\/tip\/wp-json\/wp\/v2\/media?parent=19145"}],"wp:term":[{"taxonomy":"category","embeddable":true,"href":"https:\/\/www.upjs.sk\/pracoviska\/tip\/wp-json\/wp\/v2\/categories?post=19145"},{"taxonomy":"post_tag","embeddable":true,"href":"https:\/\/www.upjs.sk\/pracoviska\/tip\/wp-json\/wp\/v2\/tags?post=19145"}],"curies":[{"name":"wp","href":"https:\/\/api.w.org\/{rel}","templated":true}]}}