{"id":19612,"date":"2022-09-22T09:12:45","date_gmt":"2022-09-22T09:12:45","guid":{"rendered":"https:\/\/www.upjs.sk\/pracoviska\/unipoc\/counselling\/"},"modified":"2023-03-01T20:26:10","modified_gmt":"2023-03-01T20:26:10","slug":"counselling","status":"publish","type":"page","link":"https:\/\/www.upjs.sk\/pracoviska\/unipoc\/en\/counselling\/","title":{"rendered":"Counselling"},"content":{"rendered":"\n<p>University Counselling Centre (Pavol Jozef \u0160af\u00e1rik University in Ko\u0161ice) with abbreviation \u201cUNIPOC\u201d is a specialized institute established by rector, that operates on the university level in accordance with \u00a7 21 section 1b) of the Act No.131 \/ 2002 on universities and on amendments to certain laws, for providing counselling for students of Pavol Jozef \u0160af\u00e1rik University in Ko\u0161ice.<\/p>\n\n\n\n<p>Centre staff are specialists from departments, institutes of the faculties, and rectorate of the university, who guide students in certain issues, help them with problem solving and overcoming difficulties, that may encounter in personal or university life.<\/p>\n\n\n<style>#kt-layout-id_6d797d-f4 > .kt-row-column-wrap{align-content:start;}:where(#kt-layout-id_6d797d-f4 > .kt-row-column-wrap) > .wp-block-kadence-column{justify-content:start;}#kt-layout-id_6d797d-f4 > .kt-row-column-wrap{column-gap:var(--global-kb-gap-md, 2rem);row-gap:var(--global-kb-gap-md, 2rem);padding-top:var( --global-kb-row-default-top, 25px );padding-bottom:var( --global-kb-row-default-bottom, 25px );padding-top:9px;padding-bottom:0px;}#kt-layout-id_6d797d-f4 > .kt-row-column-wrap > div:not(.added-for-specificity){grid-column:initial;}#kt-layout-id_6d797d-f4 > .kt-row-column-wrap{grid-template-columns:repeat(5, minmax(0, 1fr));}#kt-layout-id_6d797d-f4 > .kt-row-layout-overlay{opacity:0.30;}@media all and (max-width: 1024px){#kt-layout-id_6d797d-f4 > .kt-row-column-wrap > div:not(.added-for-specificity){grid-column:initial;}}@media all and (max-width: 1024px){#kt-layout-id_6d797d-f4 > .kt-row-column-wrap{grid-template-columns:repeat(5, minmax(0, 1fr));}}@media all and (max-width: 767px){#kt-layout-id_6d797d-f4 > .kt-row-column-wrap > div:not(.added-for-specificity){grid-column:initial;}#kt-layout-id_6d797d-f4 > .kt-row-column-wrap{grid-template-columns:minmax(0, 1fr);}}<\/style>\n<div class=\"wp-block-kadence-rowlayout alignnone\"><div id=\"kt-layout-id_6d797d-f4\" class=\"kt-row-layout-inner kt-layout-id_6d797d-f4\"><div class=\"kt-row-column-wrap kt-has-5-columns kt-gutter-default kt-v-gutter-default kt-row-valign-top kt-row-layout-equal kt-tab-layout-inherit kt-m-colapse-left-to-right kt-mobile-layout-row\"><style>.kadence-column_437690-93 > .kt-inside-inner-col{border-top-width:0px;border-right-width:0px;border-bottom-width:0px;border-left-width:0px;}.kadence-column_437690-93 > .kt-inside-inner-col,.kadence-column_437690-93 > .kt-inside-inner-col:before{border-top-left-radius:0px;border-top-right-radius:0px;border-bottom-right-radius:0px;border-bottom-left-radius:0px;}.kadence-column_437690-93 > .kt-inside-inner-col{column-gap:var(--global-kb-gap-sm, 1rem);}.kadence-column_437690-93 > .kt-inside-inner-col{flex-direction:column;}.kadence-column_437690-93 > .kt-inside-inner-col > .aligncenter{width:100%;}.kadence-column_437690-93 > .kt-inside-inner-col:before{opacity:0.3;}.kadence-column_437690-93{position:relative;}@media all and (max-width: 1024px){.kadence-column_437690-93 > .kt-inside-inner-col{flex-direction:column;justify-content:center;}}@media all and (max-width: 767px){.kadence-column_437690-93 > .kt-inside-inner-col{flex-direction:column;justify-content:center;}}<\/style>\n<div class=\"wp-block-kadence-column inner-column-1 kadence-column_437690-93\"><div class=\"kt-inside-inner-col\">\n<figure class=\"wp-block-image size-full is-style-editorskit-rounded\"><a href=\"https:\/\/www.upjs.sk\/pracoviska\/unipoc\/en\/counselling\/psychological\/\"><img loading=\"lazy\" decoding=\"async\" width=\"300\" height=\"300\" src=\"https:\/\/www.upjs.sk\/app\/uploads\/sites\/20\/2022\/11\/psychological.jpg\" alt=\"\" class=\"wp-image-19613\" srcset=\"https:\/\/www.upjs.sk\/app\/uploads\/sites\/20\/2022\/11\/psychological.jpg 300w, https:\/\/www.upjs.sk\/app\/uploads\/sites\/20\/2022\/11\/psychological-150x150.jpg 150w\" sizes=\"auto, (max-width: 300px) 100vw, 300px\" \/><\/a><\/figure>\n<\/div><\/div>\n\n\n<style>.kadence-column_3c4566-6c > .kt-inside-inner-col{border-top-width:0px;border-right-width:0px;border-bottom-width:0px;border-left-width:0px;}.kadence-column_3c4566-6c > .kt-inside-inner-col,.kadence-column_3c4566-6c > .kt-inside-inner-col:before{border-top-left-radius:0px;border-top-right-radius:0px;border-bottom-right-radius:0px;border-bottom-left-radius:0px;}.kadence-column_3c4566-6c > .kt-inside-inner-col{column-gap:var(--global-kb-gap-sm, 1rem);}.kadence-column_3c4566-6c > .kt-inside-inner-col{flex-direction:column;}.kadence-column_3c4566-6c > .kt-inside-inner-col > .aligncenter{width:100%;}.kadence-column_3c4566-6c > .kt-inside-inner-col:before{opacity:0.3;}.kadence-column_3c4566-6c{position:relative;}@media all and (max-width: 1024px){.kadence-column_3c4566-6c > .kt-inside-inner-col{flex-direction:column;justify-content:center;}}@media all and (max-width: 767px){.kadence-column_3c4566-6c > .kt-inside-inner-col{flex-direction:column;justify-content:center;}}<\/style>\n<div class=\"wp-block-kadence-column inner-column-2 kadence-column_3c4566-6c\"><div class=\"kt-inside-inner-col\">\n<figure class=\"wp-block-image size-full is-style-editorskit-rounded\"><a href=\"https:\/\/www.upjs.sk\/pracoviska\/unipoc\/en\/counselling\/career-services\/\"><img loading=\"lazy\" decoding=\"async\" width=\"300\" height=\"300\" src=\"https:\/\/www.upjs.sk\/app\/uploads\/sites\/20\/2022\/11\/career.jpg\" alt=\"\" class=\"wp-image-19616\" srcset=\"https:\/\/www.upjs.sk\/app\/uploads\/sites\/20\/2022\/11\/career.jpg 300w, https:\/\/www.upjs.sk\/app\/uploads\/sites\/20\/2022\/11\/career-150x150.jpg 150w\" sizes=\"auto, (max-width: 300px) 100vw, 300px\" \/><\/a><\/figure>\n<\/div><\/div>\n\n\n<style>.kadence-column_c04310-ec > .kt-inside-inner-col{border-top-width:0px;border-right-width:0px;border-bottom-width:0px;border-left-width:0px;}.kadence-column_c04310-ec > .kt-inside-inner-col,.kadence-column_c04310-ec > .kt-inside-inner-col:before{border-top-left-radius:0px;border-top-right-radius:0px;border-bottom-right-radius:0px;border-bottom-left-radius:0px;}.kadence-column_c04310-ec > .kt-inside-inner-col{column-gap:var(--global-kb-gap-sm, 1rem);}.kadence-column_c04310-ec > .kt-inside-inner-col{flex-direction:column;}.kadence-column_c04310-ec > .kt-inside-inner-col > .aligncenter{width:100%;}.kadence-column_c04310-ec > .kt-inside-inner-col:before{opacity:0.3;}.kadence-column_c04310-ec{position:relative;}@media all and (max-width: 1024px){.kadence-column_c04310-ec > .kt-inside-inner-col{flex-direction:column;justify-content:center;}}@media all and (max-width: 767px){.kadence-column_c04310-ec > .kt-inside-inner-col{flex-direction:column;justify-content:center;}}<\/style>\n<div class=\"wp-block-kadence-column inner-column-3 kadence-column_c04310-ec\"><div class=\"kt-inside-inner-col\">\n<figure class=\"wp-block-image size-full is-style-editorskit-rounded\"><a href=\"https:\/\/www.upjs.sk\/pracoviska\/unipoc\/en\/counselling\/effective-learning\/\"><img loading=\"lazy\" decoding=\"async\" width=\"300\" height=\"300\" src=\"https:\/\/www.upjs.sk\/app\/uploads\/sites\/20\/2022\/11\/effective-learning.jpg\" alt=\"counselling\" class=\"wp-image-19619\" srcset=\"https:\/\/www.upjs.sk\/app\/uploads\/sites\/20\/2022\/11\/effective-learning.jpg 300w, https:\/\/www.upjs.sk\/app\/uploads\/sites\/20\/2022\/11\/effective-learning-150x150.jpg 150w\" sizes=\"auto, (max-width: 300px) 100vw, 300px\" \/><\/a><\/figure>\n<\/div><\/div>\n\n\n<style>.kadence-column_4d1ebc-d6 > .kt-inside-inner-col{border-top-width:0px;border-right-width:0px;border-bottom-width:0px;border-left-width:0px;}.kadence-column_4d1ebc-d6 > .kt-inside-inner-col,.kadence-column_4d1ebc-d6 > .kt-inside-inner-col:before{border-top-left-radius:0px;border-top-right-radius:0px;border-bottom-right-radius:0px;border-bottom-left-radius:0px;}.kadence-column_4d1ebc-d6 > .kt-inside-inner-col{column-gap:var(--global-kb-gap-sm, 1rem);}.kadence-column_4d1ebc-d6 > .kt-inside-inner-col{flex-direction:column;}.kadence-column_4d1ebc-d6 > .kt-inside-inner-col > .aligncenter{width:100%;}.kadence-column_4d1ebc-d6 > .kt-inside-inner-col:before{opacity:0.3;}.kadence-column_4d1ebc-d6{position:relative;}@media all and (max-width: 1024px){.kadence-column_4d1ebc-d6 > .kt-inside-inner-col{flex-direction:column;justify-content:center;}}@media all and (max-width: 767px){.kadence-column_4d1ebc-d6 > .kt-inside-inner-col{flex-direction:column;justify-content:center;}}<\/style>\n<div class=\"wp-block-kadence-column inner-column-4 kadence-column_4d1ebc-d6\"><div class=\"kt-inside-inner-col\">\n<figure class=\"wp-block-image size-full is-style-editorskit-rounded\"><a href=\"https:\/\/www.upjs.sk\/pracoviska\/unipoc\/en\/counselling\/legal\/\"><img loading=\"lazy\" decoding=\"async\" width=\"300\" height=\"300\" src=\"https:\/\/www.upjs.sk\/app\/uploads\/sites\/20\/2022\/11\/legal.jpg\" alt=\"\" class=\"wp-image-19622\" srcset=\"https:\/\/www.upjs.sk\/app\/uploads\/sites\/20\/2022\/11\/legal.jpg 300w, https:\/\/www.upjs.sk\/app\/uploads\/sites\/20\/2022\/11\/legal-150x150.jpg 150w\" sizes=\"auto, (max-width: 300px) 100vw, 300px\" \/><\/a><\/figure>\n<\/div><\/div>\n\n\n<style>.kadence-column_72fe30-25 > .kt-inside-inner-col{border-top-width:0px;border-right-width:0px;border-bottom-width:0px;border-left-width:0px;}.kadence-column_72fe30-25 > .kt-inside-inner-col,.kadence-column_72fe30-25 > .kt-inside-inner-col:before{border-top-left-radius:0px;border-top-right-radius:0px;border-bottom-right-radius:0px;border-bottom-left-radius:0px;}.kadence-column_72fe30-25 > .kt-inside-inner-col{column-gap:var(--global-kb-gap-sm, 1rem);}.kadence-column_72fe30-25 > .kt-inside-inner-col{flex-direction:column;}.kadence-column_72fe30-25 > .kt-inside-inner-col > .aligncenter{width:100%;}.kadence-column_72fe30-25 > .kt-inside-inner-col:before{opacity:0.3;}.kadence-column_72fe30-25{position:relative;}@media all and (max-width: 1024px){.kadence-column_72fe30-25 > .kt-inside-inner-col{flex-direction:column;justify-content:center;}}@media all and (max-width: 767px){.kadence-column_72fe30-25 > .kt-inside-inner-col{flex-direction:column;justify-content:center;}}<\/style>\n<div class=\"wp-block-kadence-column inner-column-5 kadence-column_72fe30-25\"><div class=\"kt-inside-inner-col\">\n<figure class=\"wp-block-image size-full is-style-editorskit-rounded\"><a href=\"https:\/\/www.upjs.sk\/pracoviska\/unipoc\/en\/counselling\/social\/\"><img loading=\"lazy\" decoding=\"async\" width=\"300\" height=\"300\" src=\"https:\/\/www.upjs.sk\/app\/uploads\/sites\/20\/2022\/11\/social.jpg\" alt=\"\" class=\"wp-image-19625\" srcset=\"https:\/\/www.upjs.sk\/app\/uploads\/sites\/20\/2022\/11\/social.jpg 300w, https:\/\/www.upjs.sk\/app\/uploads\/sites\/20\/2022\/11\/social-150x150.jpg 150w\" sizes=\"auto, (max-width: 300px) 100vw, 300px\" \/><\/a><\/figure>\n<\/div><\/div>\n<\/div><\/div><\/div>\n","protected":false},"excerpt":{"rendered":"<p>University Counselling Centre (Pavol Jozef \u0160af\u00e1rik University in Ko\u0161ice) with abbreviation \u201cUNIPOC\u201d is a specialized institute established by rector, that operates on the university level in accordance with \u00a7 21 section 1b) of the Act No.131 \/ 2002 on universities and on amendments to certain laws, for providing counselling for students of Pavol Jozef \u0160af\u00e1rik &hellip; <a href=\"https:\/\/www.upjs.sk\/pracoviska\/unipoc\/en\/counselling\/\">Continued<\/a><\/p>\n","protected":false},"author":1,"featured_media":19619,"parent":0,"menu_order":1,"comment_status":"closed","ping_status":"closed","template":"","meta":{"_acf_changed":false,"_editorskit_title_hidden":false,"_editorskit_reading_time":1,"_editorskit_is_block_options_detached":false,"_editorskit_block_options_position":"{}","footnotes":""},"categories":[],"tags":[],"class_list":["post-19612","page","type-page","status-publish","has-post-thumbnail","hentry"],"acf":{"acf_link_na_externy_obsah":""},"yoast_head":"<!-- This site is optimized with the Yoast SEO plugin v27.4 - https:\/\/yoast.com\/product\/yoast-seo-wordpress\/ -->\n<title>Counselling - Univerzitn\u00e9 poradensk\u00e9 centrum (UNIPOC) | UPJ\u0160<\/title>\n<meta name=\"robots\" content=\"index, follow, max-snippet:-1, max-image-preview:large, max-video-preview:-1\" \/>\n<link rel=\"canonical\" href=\"https:\/\/www.upjs.sk\/pracoviska\/unipoc\/en\/counselling\/\" \/>\n<meta property=\"og:locale\" content=\"en_US\" \/>\n<meta property=\"og:type\" content=\"article\" \/>\n<meta property=\"og:title\" content=\"Counselling - Univerzitn\u00e9 poradensk\u00e9 centrum (UNIPOC) | UPJ\u0160\" \/>\n<meta property=\"og:description\" content=\"University Counselling Centre (Pavol Jozef \u0160af\u00e1rik University in Ko\u0161ice) with abbreviation \u201cUNIPOC\u201d is a specialized institute established by rector, that operates on the university level in accordance with \u00a7 21 section 1b) of the Act No.131 \/ 2002 on universities and on amendments to certain laws, for providing counselling for students of Pavol Jozef \u0160af\u00e1rik &hellip; Continued\" \/>\n<meta property=\"og:url\" content=\"https:\/\/www.upjs.sk\/pracoviska\/unipoc\/en\/counselling\/\" \/>\n<meta property=\"og:site_name\" content=\"Univerzitn\u00e9 poradensk\u00e9 centrum (UNIPOC) | UPJ\u0160\" \/>\n<meta property=\"article:modified_time\" content=\"2023-03-01T20:26:10+00:00\" \/>\n<meta property=\"og:image\" content=\"https:\/\/www.upjs.sk\/app\/uploads\/sites\/20\/2022\/11\/effective-learning.jpg\" \/>\n\t<meta property=\"og:image:width\" content=\"300\" \/>\n\t<meta property=\"og:image:height\" content=\"300\" \/>\n\t<meta property=\"og:image:type\" content=\"image\/jpeg\" \/>\n<meta name=\"twitter:card\" content=\"summary_large_image\" \/>\n<meta name=\"twitter:label1\" content=\"Est. reading time\" \/>\n\t<meta name=\"twitter:data1\" content=\"2 minutes\" \/>\n<script type=\"application\/ld+json\" class=\"yoast-schema-graph\">{\"@context\":\"https:\\\/\\\/schema.org\",\"@graph\":[{\"@type\":\"WebPage\",\"@id\":\"https:\\\/\\\/www.upjs.sk\\\/pracoviska\\\/unipoc\\\/en\\\/counselling\\\/\",\"url\":\"https:\\\/\\\/www.upjs.sk\\\/pracoviska\\\/unipoc\\\/en\\\/counselling\\\/\",\"name\":\"Counselling - Univerzitn\u00e9 poradensk\u00e9 centrum (UNIPOC) | UPJ\u0160\",\"isPartOf\":{\"@id\":\"https:\\\/\\\/www.upjs.sk\\\/pracoviska\\\/unipoc\\\/en\\\/#website\"},\"primaryImageOfPage\":{\"@id\":\"https:\\\/\\\/www.upjs.sk\\\/pracoviska\\\/unipoc\\\/en\\\/counselling\\\/#primaryimage\"},\"image\":{\"@id\":\"https:\\\/\\\/www.upjs.sk\\\/pracoviska\\\/unipoc\\\/en\\\/counselling\\\/#primaryimage\"},\"thumbnailUrl\":\"https:\\\/\\\/www.upjs.sk\\\/app\\\/uploads\\\/sites\\\/20\\\/2022\\\/11\\\/effective-learning.jpg\",\"datePublished\":\"2022-09-22T09:12:45+00:00\",\"dateModified\":\"2023-03-01T20:26:10+00:00\",\"breadcrumb\":{\"@id\":\"https:\\\/\\\/www.upjs.sk\\\/pracoviska\\\/unipoc\\\/en\\\/counselling\\\/#breadcrumb\"},\"inLanguage\":\"en-US\",\"potentialAction\":[{\"@type\":\"ReadAction\",\"target\":[\"https:\\\/\\\/www.upjs.sk\\\/pracoviska\\\/unipoc\\\/en\\\/counselling\\\/\"]}]},{\"@type\":\"ImageObject\",\"inLanguage\":\"en-US\",\"@id\":\"https:\\\/\\\/www.upjs.sk\\\/pracoviska\\\/unipoc\\\/en\\\/counselling\\\/#primaryimage\",\"url\":\"https:\\\/\\\/www.upjs.sk\\\/app\\\/uploads\\\/sites\\\/20\\\/2022\\\/11\\\/effective-learning.jpg\",\"contentUrl\":\"https:\\\/\\\/www.upjs.sk\\\/app\\\/uploads\\\/sites\\\/20\\\/2022\\\/11\\\/effective-learning.jpg\",\"width\":300,\"height\":300,\"caption\":\"counselling\"},{\"@type\":\"BreadcrumbList\",\"@id\":\"https:\\\/\\\/www.upjs.sk\\\/pracoviska\\\/unipoc\\\/en\\\/counselling\\\/#breadcrumb\",\"itemListElement\":[{\"@type\":\"ListItem\",\"position\":1,\"name\":\"Home\",\"item\":\"https:\\\/\\\/www.upjs.sk\\\/pracoviska\\\/unipoc\\\/en\\\/\"},{\"@type\":\"ListItem\",\"position\":2,\"name\":\"Counselling\"}]},{\"@type\":\"WebSite\",\"@id\":\"https:\\\/\\\/www.upjs.sk\\\/pracoviska\\\/unipoc\\\/en\\\/#website\",\"url\":\"https:\\\/\\\/www.upjs.sk\\\/pracoviska\\\/unipoc\\\/en\\\/\",\"name\":\"Univerzitn\u00e9 poradensk\u00e9 centrum (UNIPOC) | UPJ\u0160\",\"description\":\"\",\"publisher\":{\"@id\":\"https:\\\/\\\/www.upjs.sk\\\/pracoviska\\\/unipoc\\\/en\\\/#organization\"},\"potentialAction\":[{\"@type\":\"SearchAction\",\"target\":{\"@type\":\"EntryPoint\",\"urlTemplate\":\"https:\\\/\\\/www.upjs.sk\\\/pracoviska\\\/unipoc\\\/en\\\/?s={search_term_string}\"},\"query-input\":{\"@type\":\"PropertyValueSpecification\",\"valueRequired\":true,\"valueName\":\"search_term_string\"}}],\"inLanguage\":\"en-US\"},{\"@type\":\"Organization\",\"@id\":\"https:\\\/\\\/www.upjs.sk\\\/pracoviska\\\/unipoc\\\/en\\\/#organization\",\"name\":\"Univerzitn\u00e9 poradensk\u00e9 centrum (UNIPOC) | UPJ\u0160\",\"url\":\"https:\\\/\\\/www.upjs.sk\\\/pracoviska\\\/unipoc\\\/en\\\/\",\"logo\":{\"@type\":\"ImageObject\",\"inLanguage\":\"en-US\",\"@id\":\"https:\\\/\\\/www.upjs.sk\\\/pracoviska\\\/unipoc\\\/en\\\/#\\\/schema\\\/logo\\\/image\\\/\",\"url\":\"https:\\\/\\\/www.upjs.sk\\\/app\\\/uploads\\\/sites\\\/20\\\/2023\\\/01\\\/UNIPOC_ENG.svg\",\"contentUrl\":\"https:\\\/\\\/www.upjs.sk\\\/app\\\/uploads\\\/sites\\\/20\\\/2023\\\/01\\\/UNIPOC_ENG.svg\",\"width\":500,\"height\":138,\"caption\":\"Univerzitn\u00e9 poradensk\u00e9 centrum (UNIPOC) | UPJ\u0160\"},\"image\":{\"@id\":\"https:\\\/\\\/www.upjs.sk\\\/pracoviska\\\/unipoc\\\/en\\\/#\\\/schema\\\/logo\\\/image\\\/\"}}]}<\/script>\n<!-- \/ Yoast SEO plugin. -->","yoast_head_json":{"title":"Counselling - Univerzitn\u00e9 poradensk\u00e9 centrum (UNIPOC) | UPJ\u0160","robots":{"index":"index","follow":"follow","max-snippet":"max-snippet:-1","max-image-preview":"max-image-preview:large","max-video-preview":"max-video-preview:-1"},"canonical":"https:\/\/www.upjs.sk\/pracoviska\/unipoc\/en\/counselling\/","og_locale":"en_US","og_type":"article","og_title":"Counselling - Univerzitn\u00e9 poradensk\u00e9 centrum (UNIPOC) | UPJ\u0160","og_description":"University Counselling Centre (Pavol Jozef \u0160af\u00e1rik University in Ko\u0161ice) with abbreviation \u201cUNIPOC\u201d is a specialized institute established by rector, that operates on the university level in accordance with \u00a7 21 section 1b) of the Act No.131 \/ 2002 on universities and on amendments to certain laws, for providing counselling for students of Pavol Jozef \u0160af\u00e1rik &hellip; Continued","og_url":"https:\/\/www.upjs.sk\/pracoviska\/unipoc\/en\/counselling\/","og_site_name":"Univerzitn\u00e9 poradensk\u00e9 centrum (UNIPOC) | UPJ\u0160","article_modified_time":"2023-03-01T20:26:10+00:00","og_image":[{"width":300,"height":300,"url":"https:\/\/www.upjs.sk\/app\/uploads\/sites\/20\/2022\/11\/effective-learning.jpg","type":"image\/jpeg"}],"twitter_card":"summary_large_image","twitter_misc":{"Est. reading time":"2 minutes"},"schema":{"@context":"https:\/\/schema.org","@graph":[{"@type":"WebPage","@id":"https:\/\/www.upjs.sk\/pracoviska\/unipoc\/en\/counselling\/","url":"https:\/\/www.upjs.sk\/pracoviska\/unipoc\/en\/counselling\/","name":"Counselling - Univerzitn\u00e9 poradensk\u00e9 centrum (UNIPOC) | UPJ\u0160","isPartOf":{"@id":"https:\/\/www.upjs.sk\/pracoviska\/unipoc\/en\/#website"},"primaryImageOfPage":{"@id":"https:\/\/www.upjs.sk\/pracoviska\/unipoc\/en\/counselling\/#primaryimage"},"image":{"@id":"https:\/\/www.upjs.sk\/pracoviska\/unipoc\/en\/counselling\/#primaryimage"},"thumbnailUrl":"https:\/\/www.upjs.sk\/app\/uploads\/sites\/20\/2022\/11\/effective-learning.jpg","datePublished":"2022-09-22T09:12:45+00:00","dateModified":"2023-03-01T20:26:10+00:00","breadcrumb":{"@id":"https:\/\/www.upjs.sk\/pracoviska\/unipoc\/en\/counselling\/#breadcrumb"},"inLanguage":"en-US","potentialAction":[{"@type":"ReadAction","target":["https:\/\/www.upjs.sk\/pracoviska\/unipoc\/en\/counselling\/"]}]},{"@type":"ImageObject","inLanguage":"en-US","@id":"https:\/\/www.upjs.sk\/pracoviska\/unipoc\/en\/counselling\/#primaryimage","url":"https:\/\/www.upjs.sk\/app\/uploads\/sites\/20\/2022\/11\/effective-learning.jpg","contentUrl":"https:\/\/www.upjs.sk\/app\/uploads\/sites\/20\/2022\/11\/effective-learning.jpg","width":300,"height":300,"caption":"counselling"},{"@type":"BreadcrumbList","@id":"https:\/\/www.upjs.sk\/pracoviska\/unipoc\/en\/counselling\/#breadcrumb","itemListElement":[{"@type":"ListItem","position":1,"name":"Home","item":"https:\/\/www.upjs.sk\/pracoviska\/unipoc\/en\/"},{"@type":"ListItem","position":2,"name":"Counselling"}]},{"@type":"WebSite","@id":"https:\/\/www.upjs.sk\/pracoviska\/unipoc\/en\/#website","url":"https:\/\/www.upjs.sk\/pracoviska\/unipoc\/en\/","name":"Univerzitn\u00e9 poradensk\u00e9 centrum (UNIPOC) | UPJ\u0160","description":"","publisher":{"@id":"https:\/\/www.upjs.sk\/pracoviska\/unipoc\/en\/#organization"},"potentialAction":[{"@type":"SearchAction","target":{"@type":"EntryPoint","urlTemplate":"https:\/\/www.upjs.sk\/pracoviska\/unipoc\/en\/?s={search_term_string}"},"query-input":{"@type":"PropertyValueSpecification","valueRequired":true,"valueName":"search_term_string"}}],"inLanguage":"en-US"},{"@type":"Organization","@id":"https:\/\/www.upjs.sk\/pracoviska\/unipoc\/en\/#organization","name":"Univerzitn\u00e9 poradensk\u00e9 centrum (UNIPOC) | UPJ\u0160","url":"https:\/\/www.upjs.sk\/pracoviska\/unipoc\/en\/","logo":{"@type":"ImageObject","inLanguage":"en-US","@id":"https:\/\/www.upjs.sk\/pracoviska\/unipoc\/en\/#\/schema\/logo\/image\/","url":"https:\/\/www.upjs.sk\/app\/uploads\/sites\/20\/2023\/01\/UNIPOC_ENG.svg","contentUrl":"https:\/\/www.upjs.sk\/app\/uploads\/sites\/20\/2023\/01\/UNIPOC_ENG.svg","width":500,"height":138,"caption":"Univerzitn\u00e9 poradensk\u00e9 centrum (UNIPOC) | UPJ\u0160"},"image":{"@id":"https:\/\/www.upjs.sk\/pracoviska\/unipoc\/en\/#\/schema\/logo\/image\/"}}]}},"_links":{"self":[{"href":"https:\/\/www.upjs.sk\/pracoviska\/unipoc\/en\/wp-json\/wp\/v2\/pages\/19612","targetHints":{"allow":["GET"]}}],"collection":[{"href":"https:\/\/www.upjs.sk\/pracoviska\/unipoc\/en\/wp-json\/wp\/v2\/pages"}],"about":[{"href":"https:\/\/www.upjs.sk\/pracoviska\/unipoc\/en\/wp-json\/wp\/v2\/types\/page"}],"author":[{"embeddable":true,"href":"https:\/\/www.upjs.sk\/pracoviska\/unipoc\/en\/wp-json\/wp\/v2\/users\/1"}],"replies":[{"embeddable":true,"href":"https:\/\/www.upjs.sk\/pracoviska\/unipoc\/en\/wp-json\/wp\/v2\/comments?post=19612"}],"version-history":[{"count":10,"href":"https:\/\/www.upjs.sk\/pracoviska\/unipoc\/en\/wp-json\/wp\/v2\/pages\/19612\/revisions"}],"predecessor-version":[{"id":20595,"href":"https:\/\/www.upjs.sk\/pracoviska\/unipoc\/en\/wp-json\/wp\/v2\/pages\/19612\/revisions\/20595"}],"wp:featuredmedia":[{"embeddable":true,"href":"https:\/\/www.upjs.sk\/pracoviska\/unipoc\/en\/wp-json\/wp\/v2\/media\/19619"}],"wp:attachment":[{"href":"https:\/\/www.upjs.sk\/pracoviska\/unipoc\/en\/wp-json\/wp\/v2\/media?parent=19612"}],"wp:term":[{"taxonomy":"category","embeddable":true,"href":"https:\/\/www.upjs.sk\/pracoviska\/unipoc\/en\/wp-json\/wp\/v2\/categories?post=19612"},{"taxonomy":"post_tag","embeddable":true,"href":"https:\/\/www.upjs.sk\/pracoviska\/unipoc\/en\/wp-json\/wp\/v2\/tags?post=19612"}],"curies":[{"name":"wp","href":"https:\/\/api.w.org\/{rel}","templated":true}]}}