{"id":19631,"date":"2022-10-05T09:13:38","date_gmt":"2022-10-05T09:13:38","guid":{"rendered":"https:\/\/www.upjs.sk\/pracoviska\/unipoc\/counselling\/effective-learning\/"},"modified":"2025-09-11T14:07:45","modified_gmt":"2025-09-11T14:07:45","slug":"effective-learning","status":"publish","type":"page","link":"https:\/\/www.upjs.sk\/pracoviska\/unipoc\/en\/counselling\/effective-learning\/","title":{"rendered":"Counselling in effective learning"},"content":{"rendered":"\n<p>It is necessary to book a counselling session in advance. Please use the portal UNIPOC to book a session.<\/p>\n\n\n<style>.kb-row-layout-id19631_6110aa-3c > .kt-row-column-wrap{align-content:start;}:where(.kb-row-layout-id19631_6110aa-3c > .kt-row-column-wrap) > .wp-block-kadence-column{justify-content:start;}.kb-row-layout-id19631_6110aa-3c > .kt-row-column-wrap{column-gap:var(--global-kb-gap-md, 2rem);row-gap:var(--global-kb-gap-md, 2rem);padding-top:9px;padding-bottom:8px;grid-template-columns:repeat(2, minmax(0, 1fr));}.kb-row-layout-id19631_6110aa-3c > .kt-row-layout-overlay{opacity:0.30;}@media all and (max-width: 1024px){.kb-row-layout-id19631_6110aa-3c > .kt-row-column-wrap{grid-template-columns:repeat(2, minmax(0, 1fr));}}@media all and (max-width: 767px){.kb-row-layout-id19631_6110aa-3c > .kt-row-column-wrap{grid-template-columns:minmax(0, 1fr);}}<\/style><div class=\"kb-row-layout-wrap kb-row-layout-id19631_6110aa-3c alignnone wp-block-kadence-rowlayout\"><div class=\"kt-row-column-wrap kt-has-2-columns kt-row-layout-equal kt-tab-layout-inherit kt-mobile-layout-row kt-row-valign-top\">\n<style>.kadence-column19631_0f5e02-a3 > .kt-inside-inner-col,.kadence-column19631_0f5e02-a3 > .kt-inside-inner-col:before{border-top-left-radius:0px;border-top-right-radius:0px;border-bottom-right-radius:0px;border-bottom-left-radius:0px;}.kadence-column19631_0f5e02-a3 > .kt-inside-inner-col{column-gap:var(--global-kb-gap-sm, 1rem);}.kadence-column19631_0f5e02-a3 > .kt-inside-inner-col{flex-direction:column;}.kadence-column19631_0f5e02-a3 > .kt-inside-inner-col > .aligncenter{width:100%;}.kadence-column19631_0f5e02-a3 > .kt-inside-inner-col:before{opacity:0.3;}.kadence-column19631_0f5e02-a3{position:relative;}@media all and (max-width: 1024px){.kadence-column19631_0f5e02-a3 > .kt-inside-inner-col{flex-direction:column;justify-content:center;}}@media all and (max-width: 767px){.kadence-column19631_0f5e02-a3 > .kt-inside-inner-col{flex-direction:column;justify-content:center;}}<\/style>\n<div class=\"wp-block-kadence-column kadence-column19631_0f5e02-a3 inner-column-1\"><div class=\"kt-inside-inner-col\"><style>.wp-block-kadence-advancedbtn.kb-btns19631_8c6bae-37{gap:var(--global-kb-gap-xs, 0.5rem );justify-content:center;align-items:center;}.kt-btns19631_8c6bae-37 .kt-button{font-weight:normal;font-style:normal;}<\/style>\n<div class=\"wp-block-kadence-advancedbtn kb-buttons-wrap kb-btns19631_8c6bae-37\"><style>ul.menu .wp-block-kadence-advancedbtn .kb-btn19631_24700d-22.kb-button{width:initial;}.wp-block-kadence-advancedbtn .kb-btn19631_24700d-22.kb-button{color:#ffffff;background:#164082;border-top-left-radius:15px;border-top-right-radius:15px;border-bottom-right-radius:15px;border-bottom-left-radius:15px;border-top:0px solid #ffffff;border-right:0px solid #ffffff;border-bottom:0px solid #ffffff;border-left:0px solid #ffffff;}.wp-block-kadence-advancedbtn .kb-btn19631_24700d-22.kb-button:hover, .wp-block-kadence-advancedbtn .kb-btn19631_24700d-22.kb-button:focus{color:#ffffff;background:#7f7f7f;border-top-color:#ffffff;border-top-style:solid;border-right-color:#ffffff;border-right-style:solid;border-bottom-color:#ffffff;border-bottom-style:solid;border-left-color:#ffffff;border-left-style:solid;}@media all and (max-width: 1024px){.wp-block-kadence-advancedbtn .kb-btn19631_24700d-22.kb-button{border-top:0px solid #ffffff;border-right:0px solid #ffffff;border-bottom:0px solid #ffffff;border-left:0px solid #ffffff;}}@media all and (max-width: 1024px){.wp-block-kadence-advancedbtn .kb-btn19631_24700d-22.kb-button:hover, .wp-block-kadence-advancedbtn .kb-btn19631_24700d-22.kb-button:focus{border-top-color:#ffffff;border-top-style:solid;border-right-color:#ffffff;border-right-style:solid;border-bottom-color:#ffffff;border-bottom-style:solid;border-left-color:#ffffff;border-left-style:solid;}}@media all and (max-width: 767px){.wp-block-kadence-advancedbtn .kb-btn19631_24700d-22.kb-button{border-top:0px solid #ffffff;border-right:0px solid #ffffff;border-bottom:0px solid #ffffff;border-left:0px solid #ffffff;}.wp-block-kadence-advancedbtn .kb-btn19631_24700d-22.kb-button:hover, .wp-block-kadence-advancedbtn .kb-btn19631_24700d-22.kb-button:focus{border-top-color:#ffffff;border-top-style:solid;border-right-color:#ffffff;border-right-style:solid;border-bottom-color:#ffffff;border-bottom-style:solid;border-left-color:#ffffff;border-left-style:solid;}}<\/style><a class=\"kb-button kt-button button kb-btn19631_24700d-22 kt-btn-size-standard kt-btn-width-type-full kb-btn-global-fill kt-btn-has-text-true kt-btn-has-svg-false wp-block-kadence-singlebtn\" href=\"https:\/\/portal.ccvapp.upjs.sk\/ticket-page\/poradenstvo-pre-studentov\/31?_locale=en\" rel=\" nofollow\"><span class=\"kt-btn-inner-text\">Book a session<\/span><\/a><\/div>\n<\/div><\/div>\n\n\n<style>.kadence-column19631_53528e-fc > .kt-inside-inner-col,.kadence-column19631_53528e-fc > .kt-inside-inner-col:before{border-top-left-radius:0px;border-top-right-radius:0px;border-bottom-right-radius:0px;border-bottom-left-radius:0px;}.kadence-column19631_53528e-fc > .kt-inside-inner-col{column-gap:var(--global-kb-gap-sm, 1rem);}.kadence-column19631_53528e-fc > .kt-inside-inner-col{flex-direction:column;}.kadence-column19631_53528e-fc > .kt-inside-inner-col > .aligncenter{width:100%;}.kadence-column19631_53528e-fc > .kt-inside-inner-col:before{opacity:0.3;}.kadence-column19631_53528e-fc{position:relative;}@media all and (max-width: 1024px){.kadence-column19631_53528e-fc > .kt-inside-inner-col{flex-direction:column;justify-content:center;}}@media all and (max-width: 767px){.kadence-column19631_53528e-fc > .kt-inside-inner-col{flex-direction:column;justify-content:center;}}<\/style>\n<div class=\"wp-block-kadence-column kadence-column19631_53528e-fc inner-column-2\"><div class=\"kt-inside-inner-col\"><style>.wp-block-kadence-advancedbtn.kb-btns19631_647e20-87{gap:var(--global-kb-gap-xs, 0.5rem );justify-content:center;align-items:center;}.kt-btns19631_647e20-87 .kt-button{font-weight:normal;font-style:normal;}<\/style>\n<div class=\"wp-block-kadence-advancedbtn kb-buttons-wrap kb-btns19631_647e20-87\"><style>ul.menu .wp-block-kadence-advancedbtn .kb-btn19631_7bf311-c7.kb-button{width:initial;}.wp-block-kadence-advancedbtn .kb-btn19631_7bf311-c7.kb-button{color:#ffffff;background:#164082;border-top-left-radius:15px;border-top-right-radius:15px;border-bottom-right-radius:15px;border-bottom-left-radius:15px;border-top:0px solid #ffffff;border-right:0px solid #ffffff;border-bottom:0px solid #ffffff;border-left:0px solid #ffffff;}.wp-block-kadence-advancedbtn .kb-btn19631_7bf311-c7.kb-button:hover, .wp-block-kadence-advancedbtn .kb-btn19631_7bf311-c7.kb-button:focus{color:#ffffff;background:#7f7f7f;border-top-color:#ffffff;border-top-style:solid;border-right-color:#ffffff;border-right-style:solid;border-bottom-color:#ffffff;border-bottom-style:solid;border-left-color:#ffffff;border-left-style:solid;}@media all and (max-width: 1024px){.wp-block-kadence-advancedbtn .kb-btn19631_7bf311-c7.kb-button{border-top:0px solid #ffffff;border-right:0px solid #ffffff;border-bottom:0px solid #ffffff;border-left:0px solid #ffffff;}}@media all and (max-width: 1024px){.wp-block-kadence-advancedbtn .kb-btn19631_7bf311-c7.kb-button:hover, .wp-block-kadence-advancedbtn .kb-btn19631_7bf311-c7.kb-button:focus{border-top-color:#ffffff;border-top-style:solid;border-right-color:#ffffff;border-right-style:solid;border-bottom-color:#ffffff;border-bottom-style:solid;border-left-color:#ffffff;border-left-style:solid;}}@media all and (max-width: 767px){.wp-block-kadence-advancedbtn .kb-btn19631_7bf311-c7.kb-button{border-top:0px solid #ffffff;border-right:0px solid #ffffff;border-bottom:0px solid #ffffff;border-left:0px solid #ffffff;}.wp-block-kadence-advancedbtn .kb-btn19631_7bf311-c7.kb-button:hover, .wp-block-kadence-advancedbtn .kb-btn19631_7bf311-c7.kb-button:focus{border-top-color:#ffffff;border-top-style:solid;border-right-color:#ffffff;border-right-style:solid;border-bottom-color:#ffffff;border-bottom-style:solid;border-left-color:#ffffff;border-left-style:solid;}}<\/style><a class=\"kb-button kt-button button kb-btn19631_7bf311-c7 kt-btn-size-standard kt-btn-width-type-full kb-btn-global-fill kt-btn-has-text-true kt-btn-has-svg-false wp-block-kadence-singlebtn\" href=\"https:\/\/www.upjs.sk\/app\/uploads\/sites\/20\/2023\/03\/manual-for-sign-up.pdf\" rel=\" nofollow\"><span class=\"kt-btn-inner-text\">How to book a session in the portal<\/span><\/a><\/div>\n<\/div><\/div>\n\n<\/div><\/div>\n\n\n<p>To enter the portal and book a session, use your AiS2 login and password.<br>If you would like to ask our counsellors a question regarding psychological, career, social or legal counselling, you may use our <strong><a href=\"https:\/\/portal.ccvapp.upjs.sk\/admin\/selectgroup\" target=\"_blank\" rel=\"noopener\">e-counselling<\/a><\/strong>. We also answer questions of students with special needs within e-counseling.<br>The portal is currently translated to English only partially. Please excuse the inconvenience, we are working on the improvement.<\/p>\n\n\n<style>.wp-block-kadence-spacer.kt-block-spacer-19631_984ca5-e6 .kt-block-spacer{height:20px;}.wp-block-kadence-spacer.kt-block-spacer-19631_984ca5-e6 .kt-divider{border-top-width:1px;height:1px;border-top-color:#eee;width:100%;border-top-style:solid;}<\/style>\n<div class=\"wp-block-kadence-spacer aligncenter kt-block-spacer-19631_984ca5-e6\"><div class=\"kt-block-spacer kt-block-spacer-halign-center\"><hr class=\"kt-divider\"\/><\/div><\/div>\n\n\n\n<p>This type of counselling helps students:<\/p>\n\n\n\n<ul class=\"wp-block-list\">\n<li>identify bad learning habits<\/li>\n\n\n\n<li>adopt effective learning techniques in accordance with the principles of brain-compatible learning<\/li>\n\n\n\n<li>get to know your individual learning style.<\/li>\n<\/ul>\n\n\n\n<div style=\"height:15px\" aria-hidden=\"true\" class=\"wp-block-spacer\"><\/div>\n\n\n\n<p>Counseling also focuses on:<\/p>\n\n\n\n<ul class=\"wp-block-list\">\n<li>motivation,<\/li>\n\n\n\n<li>improvement of time-management,<\/li>\n\n\n\n<li>limiting procrastination.<\/li>\n<\/ul>\n\n\n\n<div style=\"height:15px\" aria-hidden=\"true\" class=\"wp-block-spacer\"><\/div>\n\n\n\n<p>Individual counseling regarding effective learning is provided by the UNIPOC.<\/p>\n\n\n\n<p>Contact: VoIP: 055\u00a0234 1218<\/p>\n\n\n\n<p>For students who experience learning problems, the Learn to Learn workshop is usually held at the beginning of the semester.<\/p>\n","protected":false},"excerpt":{"rendered":"<p>It is necessary to book a counselling session in advance. Please use the portal UNIPOC to book a session. To enter the portal and book a session, use your AiS2 login and password.If you would like to ask our counsellors a question regarding psychological, career, social or legal counselling, you may use our e-counselling. We &hellip; <a href=\"https:\/\/www.upjs.sk\/pracoviska\/unipoc\/en\/counselling\/effective-learning\/\">Continued<\/a><\/p>\n","protected":false},"author":1,"featured_media":0,"parent":19612,"menu_order":2,"comment_status":"closed","ping_status":"closed","template":"","meta":{"_acf_changed":false,"_editorskit_title_hidden":false,"_editorskit_reading_time":1,"_editorskit_is_block_options_detached":false,"_editorskit_block_options_position":"{}","footnotes":""},"categories":[],"tags":[],"class_list":["post-19631","page","type-page","status-publish","hentry"],"acf":{"acf_link_na_externy_obsah":""},"yoast_head":"<!-- This site is optimized with the Yoast SEO plugin v27.4 - https:\/\/yoast.com\/product\/yoast-seo-wordpress\/ -->\n<title>Counselling in effective learning - Univerzitn\u00e9 poradensk\u00e9 centrum (UNIPOC) | UPJ\u0160<\/title>\n<meta name=\"robots\" content=\"index, follow, max-snippet:-1, max-image-preview:large, max-video-preview:-1\" \/>\n<link rel=\"canonical\" href=\"https:\/\/www.upjs.sk\/pracoviska\/unipoc\/en\/counselling\/effective-learning\/\" \/>\n<meta property=\"og:locale\" content=\"en_US\" \/>\n<meta property=\"og:type\" content=\"article\" \/>\n<meta property=\"og:title\" content=\"Counselling in effective learning - Univerzitn\u00e9 poradensk\u00e9 centrum (UNIPOC) | UPJ\u0160\" \/>\n<meta property=\"og:description\" content=\"It is necessary to book a counselling session in advance. Please use the portal UNIPOC to book a session. To enter the portal and book a session, use your AiS2 login and password.If you would like to ask our counsellors a question regarding psychological, career, social or legal counselling, you may use our e-counselling. We &hellip; Continued\" \/>\n<meta property=\"og:url\" content=\"https:\/\/www.upjs.sk\/pracoviska\/unipoc\/en\/counselling\/effective-learning\/\" \/>\n<meta property=\"og:site_name\" content=\"Univerzitn\u00e9 poradensk\u00e9 centrum (UNIPOC) | UPJ\u0160\" \/>\n<meta property=\"article:modified_time\" content=\"2025-09-11T14:07:45+00:00\" \/>\n<meta name=\"twitter:card\" content=\"summary_large_image\" \/>\n<meta name=\"twitter:label1\" content=\"Est. reading time\" \/>\n\t<meta name=\"twitter:data1\" content=\"1 minute\" \/>\n<script type=\"application\/ld+json\" class=\"yoast-schema-graph\">{\"@context\":\"https:\\\/\\\/schema.org\",\"@graph\":[{\"@type\":\"WebPage\",\"@id\":\"https:\\\/\\\/www.upjs.sk\\\/pracoviska\\\/unipoc\\\/en\\\/counselling\\\/effective-learning\\\/\",\"url\":\"https:\\\/\\\/www.upjs.sk\\\/pracoviska\\\/unipoc\\\/en\\\/counselling\\\/effective-learning\\\/\",\"name\":\"Counselling in effective learning - Univerzitn\u00e9 poradensk\u00e9 centrum (UNIPOC) | UPJ\u0160\",\"isPartOf\":{\"@id\":\"https:\\\/\\\/www.upjs.sk\\\/pracoviska\\\/unipoc\\\/en\\\/#website\"},\"datePublished\":\"2022-10-05T09:13:38+00:00\",\"dateModified\":\"2025-09-11T14:07:45+00:00\",\"breadcrumb\":{\"@id\":\"https:\\\/\\\/www.upjs.sk\\\/pracoviska\\\/unipoc\\\/en\\\/counselling\\\/effective-learning\\\/#breadcrumb\"},\"inLanguage\":\"en-US\",\"potentialAction\":[{\"@type\":\"ReadAction\",\"target\":[\"https:\\\/\\\/www.upjs.sk\\\/pracoviska\\\/unipoc\\\/en\\\/counselling\\\/effective-learning\\\/\"]}]},{\"@type\":\"BreadcrumbList\",\"@id\":\"https:\\\/\\\/www.upjs.sk\\\/pracoviska\\\/unipoc\\\/en\\\/counselling\\\/effective-learning\\\/#breadcrumb\",\"itemListElement\":[{\"@type\":\"ListItem\",\"position\":1,\"name\":\"Home\",\"item\":\"https:\\\/\\\/www.upjs.sk\\\/pracoviska\\\/unipoc\\\/en\\\/\"},{\"@type\":\"ListItem\",\"position\":2,\"name\":\"Counselling\",\"item\":\"https:\\\/\\\/www.upjs.sk\\\/pracoviska\\\/unipoc\\\/en\\\/counselling\\\/\"},{\"@type\":\"ListItem\",\"position\":3,\"name\":\"Counselling in effective learning\"}]},{\"@type\":\"WebSite\",\"@id\":\"https:\\\/\\\/www.upjs.sk\\\/pracoviska\\\/unipoc\\\/en\\\/#website\",\"url\":\"https:\\\/\\\/www.upjs.sk\\\/pracoviska\\\/unipoc\\\/en\\\/\",\"name\":\"Univerzitn\u00e9 poradensk\u00e9 centrum (UNIPOC) | UPJ\u0160\",\"description\":\"\",\"publisher\":{\"@id\":\"https:\\\/\\\/www.upjs.sk\\\/pracoviska\\\/unipoc\\\/en\\\/#organization\"},\"potentialAction\":[{\"@type\":\"SearchAction\",\"target\":{\"@type\":\"EntryPoint\",\"urlTemplate\":\"https:\\\/\\\/www.upjs.sk\\\/pracoviska\\\/unipoc\\\/en\\\/?s={search_term_string}\"},\"query-input\":{\"@type\":\"PropertyValueSpecification\",\"valueRequired\":true,\"valueName\":\"search_term_string\"}}],\"inLanguage\":\"en-US\"},{\"@type\":\"Organization\",\"@id\":\"https:\\\/\\\/www.upjs.sk\\\/pracoviska\\\/unipoc\\\/en\\\/#organization\",\"name\":\"Univerzitn\u00e9 poradensk\u00e9 centrum (UNIPOC) | UPJ\u0160\",\"url\":\"https:\\\/\\\/www.upjs.sk\\\/pracoviska\\\/unipoc\\\/en\\\/\",\"logo\":{\"@type\":\"ImageObject\",\"inLanguage\":\"en-US\",\"@id\":\"https:\\\/\\\/www.upjs.sk\\\/pracoviska\\\/unipoc\\\/en\\\/#\\\/schema\\\/logo\\\/image\\\/\",\"url\":\"https:\\\/\\\/www.upjs.sk\\\/app\\\/uploads\\\/sites\\\/20\\\/2023\\\/01\\\/UNIPOC_ENG.svg\",\"contentUrl\":\"https:\\\/\\\/www.upjs.sk\\\/app\\\/uploads\\\/sites\\\/20\\\/2023\\\/01\\\/UNIPOC_ENG.svg\",\"width\":500,\"height\":138,\"caption\":\"Univerzitn\u00e9 poradensk\u00e9 centrum (UNIPOC) | UPJ\u0160\"},\"image\":{\"@id\":\"https:\\\/\\\/www.upjs.sk\\\/pracoviska\\\/unipoc\\\/en\\\/#\\\/schema\\\/logo\\\/image\\\/\"}}]}<\/script>\n<!-- \/ Yoast SEO plugin. -->","yoast_head_json":{"title":"Counselling in effective learning - Univerzitn\u00e9 poradensk\u00e9 centrum (UNIPOC) | UPJ\u0160","robots":{"index":"index","follow":"follow","max-snippet":"max-snippet:-1","max-image-preview":"max-image-preview:large","max-video-preview":"max-video-preview:-1"},"canonical":"https:\/\/www.upjs.sk\/pracoviska\/unipoc\/en\/counselling\/effective-learning\/","og_locale":"en_US","og_type":"article","og_title":"Counselling in effective learning - Univerzitn\u00e9 poradensk\u00e9 centrum (UNIPOC) | UPJ\u0160","og_description":"It is necessary to book a counselling session in advance. Please use the portal UNIPOC to book a session. To enter the portal and book a session, use your AiS2 login and password.If you would like to ask our counsellors a question regarding psychological, career, social or legal counselling, you may use our e-counselling. We &hellip; Continued","og_url":"https:\/\/www.upjs.sk\/pracoviska\/unipoc\/en\/counselling\/effective-learning\/","og_site_name":"Univerzitn\u00e9 poradensk\u00e9 centrum (UNIPOC) | UPJ\u0160","article_modified_time":"2025-09-11T14:07:45+00:00","twitter_card":"summary_large_image","twitter_misc":{"Est. reading time":"1 minute"},"schema":{"@context":"https:\/\/schema.org","@graph":[{"@type":"WebPage","@id":"https:\/\/www.upjs.sk\/pracoviska\/unipoc\/en\/counselling\/effective-learning\/","url":"https:\/\/www.upjs.sk\/pracoviska\/unipoc\/en\/counselling\/effective-learning\/","name":"Counselling in effective learning - Univerzitn\u00e9 poradensk\u00e9 centrum (UNIPOC) | UPJ\u0160","isPartOf":{"@id":"https:\/\/www.upjs.sk\/pracoviska\/unipoc\/en\/#website"},"datePublished":"2022-10-05T09:13:38+00:00","dateModified":"2025-09-11T14:07:45+00:00","breadcrumb":{"@id":"https:\/\/www.upjs.sk\/pracoviska\/unipoc\/en\/counselling\/effective-learning\/#breadcrumb"},"inLanguage":"en-US","potentialAction":[{"@type":"ReadAction","target":["https:\/\/www.upjs.sk\/pracoviska\/unipoc\/en\/counselling\/effective-learning\/"]}]},{"@type":"BreadcrumbList","@id":"https:\/\/www.upjs.sk\/pracoviska\/unipoc\/en\/counselling\/effective-learning\/#breadcrumb","itemListElement":[{"@type":"ListItem","position":1,"name":"Home","item":"https:\/\/www.upjs.sk\/pracoviska\/unipoc\/en\/"},{"@type":"ListItem","position":2,"name":"Counselling","item":"https:\/\/www.upjs.sk\/pracoviska\/unipoc\/en\/counselling\/"},{"@type":"ListItem","position":3,"name":"Counselling in effective learning"}]},{"@type":"WebSite","@id":"https:\/\/www.upjs.sk\/pracoviska\/unipoc\/en\/#website","url":"https:\/\/www.upjs.sk\/pracoviska\/unipoc\/en\/","name":"Univerzitn\u00e9 poradensk\u00e9 centrum (UNIPOC) | UPJ\u0160","description":"","publisher":{"@id":"https:\/\/www.upjs.sk\/pracoviska\/unipoc\/en\/#organization"},"potentialAction":[{"@type":"SearchAction","target":{"@type":"EntryPoint","urlTemplate":"https:\/\/www.upjs.sk\/pracoviska\/unipoc\/en\/?s={search_term_string}"},"query-input":{"@type":"PropertyValueSpecification","valueRequired":true,"valueName":"search_term_string"}}],"inLanguage":"en-US"},{"@type":"Organization","@id":"https:\/\/www.upjs.sk\/pracoviska\/unipoc\/en\/#organization","name":"Univerzitn\u00e9 poradensk\u00e9 centrum (UNIPOC) | UPJ\u0160","url":"https:\/\/www.upjs.sk\/pracoviska\/unipoc\/en\/","logo":{"@type":"ImageObject","inLanguage":"en-US","@id":"https:\/\/www.upjs.sk\/pracoviska\/unipoc\/en\/#\/schema\/logo\/image\/","url":"https:\/\/www.upjs.sk\/app\/uploads\/sites\/20\/2023\/01\/UNIPOC_ENG.svg","contentUrl":"https:\/\/www.upjs.sk\/app\/uploads\/sites\/20\/2023\/01\/UNIPOC_ENG.svg","width":500,"height":138,"caption":"Univerzitn\u00e9 poradensk\u00e9 centrum (UNIPOC) | UPJ\u0160"},"image":{"@id":"https:\/\/www.upjs.sk\/pracoviska\/unipoc\/en\/#\/schema\/logo\/image\/"}}]}},"_links":{"self":[{"href":"https:\/\/www.upjs.sk\/pracoviska\/unipoc\/en\/wp-json\/wp\/v2\/pages\/19631","targetHints":{"allow":["GET"]}}],"collection":[{"href":"https:\/\/www.upjs.sk\/pracoviska\/unipoc\/en\/wp-json\/wp\/v2\/pages"}],"about":[{"href":"https:\/\/www.upjs.sk\/pracoviska\/unipoc\/en\/wp-json\/wp\/v2\/types\/page"}],"author":[{"embeddable":true,"href":"https:\/\/www.upjs.sk\/pracoviska\/unipoc\/en\/wp-json\/wp\/v2\/users\/1"}],"replies":[{"embeddable":true,"href":"https:\/\/www.upjs.sk\/pracoviska\/unipoc\/en\/wp-json\/wp\/v2\/comments?post=19631"}],"version-history":[{"count":9,"href":"https:\/\/www.upjs.sk\/pracoviska\/unipoc\/en\/wp-json\/wp\/v2\/pages\/19631\/revisions"}],"predecessor-version":[{"id":23401,"href":"https:\/\/www.upjs.sk\/pracoviska\/unipoc\/en\/wp-json\/wp\/v2\/pages\/19631\/revisions\/23401"}],"up":[{"embeddable":true,"href":"https:\/\/www.upjs.sk\/pracoviska\/unipoc\/en\/wp-json\/wp\/v2\/pages\/19612"}],"wp:attachment":[{"href":"https:\/\/www.upjs.sk\/pracoviska\/unipoc\/en\/wp-json\/wp\/v2\/media?parent=19631"}],"wp:term":[{"taxonomy":"category","embeddable":true,"href":"https:\/\/www.upjs.sk\/pracoviska\/unipoc\/en\/wp-json\/wp\/v2\/categories?post=19631"},{"taxonomy":"post_tag","embeddable":true,"href":"https:\/\/www.upjs.sk\/pracoviska\/unipoc\/en\/wp-json\/wp\/v2\/tags?post=19631"}],"curies":[{"name":"wp","href":"https:\/\/api.w.org\/{rel}","templated":true}]}}