{"id":19632,"date":"2022-10-05T09:14:43","date_gmt":"2022-10-05T09:14:43","guid":{"rendered":"https:\/\/www.upjs.sk\/pracoviska\/unipoc\/counselling\/career-services\/"},"modified":"2025-03-01T14:43:12","modified_gmt":"2025-03-01T14:43:12","slug":"career-services","status":"publish","type":"page","link":"https:\/\/www.upjs.sk\/pracoviska\/unipoc\/en\/counselling\/career-services\/","title":{"rendered":"Career services"},"content":{"rendered":"\n<p>UPJ\u0160 University Career Centre in Ko\u0161ice renders free-of-charge career services to all the UPJ\u0160 students. Within these services, we build on four bases (see Figure 1). First of all, we provide students with information (on the situation in the labour market, opportunities to work, correct CVs and motivation letters preparation, etc.), working with them in improving their self-knowledge (identification of strengths and weaknesses, awareness of their own competencies) and offering them opportunities for developing their competencies (taking into account the career management skills). The natural continuation of these services results in the getting in contact with practice, with employers, and with job opportunities (placements, job offers, volunteering).<\/p>\n\n\n\n<figure class=\"wp-block-image aligncenter is-resized\"><img decoding=\"async\" src=\"https:\/\/www.upjs.sk\/app\/uploads\/sites\/20\/2022\/11\/ponuka-unipoc-en.jpg\" alt=\"\" style=\"width:273px;height:271px\"\/><\/figure>\n\n\n\n<p class=\"has-text-align-center\"><em>Figure 1 Careers Service at UPJ\u0160 in Ko\u0161ice<\/em><\/p>\n\n\n\n<p><strong><mark style=\"background-color:rgba(0, 0, 0, 0)\" class=\"has-inline-color has-zakladna-zlata-color\">Information<\/mark> <\/strong><\/p>\n\n\n\n<p>First of all, we provide students with information about the situation in the labor market, employment opportunities, correct preparation of CV, cover letters, etc. On social networks as Facebook (unipocUPJS) or Instagram (unipoc_UPJS) we share various informative content from the labor market. We also regularly publish a newsletter about unemployment of UPJ\u0160 students.<\/p>\n\n\n\n<p>Tailor-made information can be obtained through individual career counselling.<\/p>\n\n\n\n<p><strong>Practical advice when applying for a job<\/strong><\/p>\n\n\n\n<p>CV<br>\u25b8 <a href=\"https:\/\/www.upjs.sk\/app\/uploads\/sites\/20\/2023\/04\/Key-tips-when-writing-CV.pdf\" target=\"_blank\" aria-label=\"Key tips for writing a resume (opens in a new tab)\" rel=\"noreferrer noopener\" class=\"ek-link\">Key tips for writing a resume<\/a><br>\u25b8 <a href=\"https:\/\/www.upjs.sk\/app\/uploads\/sites\/20\/2023\/04\/Structure-and-content-of-CV.pdf\" target=\"_blank\" aria-label=\"CV structure and content (opens in a new tab)\" rel=\"noreferrer noopener\" class=\"ek-link\">CV structure and content<\/a><\/p>\n\n\n\n<p><strong><mark style=\"background-color:rgba(0, 0, 0, 0)\" class=\"has-inline-color has-zakladna-zlata-color\">Self-knowledge<\/mark> <\/strong><\/p>\n\n\n\n<p>We work with students to improve their self-knowledge, e.g. identification of strengths and weaknesses, awareness of their own competences. The service is available to students in the form of individual career counseling or in the form of e-learning My Career, respectively combinations of both.<\/p>\n\n\n\n<p><strong><mark style=\"background-color:rgba(0, 0, 0, 0)\" class=\"has-inline-color has-zakladna-zlata-color\">Development of competences<\/mark><\/strong><\/p>\n\n\n\n<p>We also provide students a number of opportunities to develop key competences. Develop your own career management skills in the training program \u201eCompetence Kaleidoscope\u201c, improve your ability to learn effectively at the workshop \u201eLearning How to Learn\u201d and develop entrepreneurial thinking at workshop \u201eDo something!\u201c.<\/p>\n\n\n\n<p><strong><mark style=\"background-color:rgba(0, 0, 0, 0)\" class=\"has-inline-color has-zakladna-zlata-color\">Job opportunities<\/mark><\/strong><\/p>\n\n\n\n<p>The natural continuation of these services results in the getting in contact with practice, with employers, and with job opportunities (placements, job offers, volunteering). Students can apply for an internship or a job position at events such as Internship Fair (winter term) or Career Day (summer term). Moreover, job offers we receive from employers are filtered by faculty, field of study, year, employers&#8217; requirements and regularly published in AiS2 &#8211; Labor Market.<\/p>\n\n\n\n<p><\/p>\n\n\n<style>.wp-block-kadence-spacer.kt-block-spacer-19632_625ed0-ed .kt-block-spacer{height:6px;}.wp-block-kadence-spacer.kt-block-spacer-19632_625ed0-ed .kt-divider{border-top-width:2px;border-top-color:#eee;width:100%;border-top-style:solid;}<\/style>\n<div class=\"wp-block-kadence-spacer aligncenter kt-block-spacer-19632_625ed0-ed\"><div class=\"kt-block-spacer kt-block-spacer-halign-center\"><hr class=\"kt-divider\"\/><\/div><\/div>\n\n\n\n<p><strong>Career Counselling<\/strong><\/p>\n\n\n\n<p>All four areas are intertwined in individual career counselling, which is currently held by:<br>\u25cf <strong><mark style=\"background-color:rgba(0, 0, 0, 0)\" class=\"has-inline-color has-zakladna-modra-color\">Mgr. Zuzana Ko\u017e\u00e1rov\u00e1, PhD.<\/mark><\/strong>,\u00a0<a href=\"mailto:zuzana.kozarova@upjs.sk\">zuzana.kozarova@upjs.sk<\/a><\/p>\n\n\n\n<p><\/p>\n\n\n\n<div style=\"height:10px\" aria-hidden=\"true\" class=\"wp-block-spacer\"><\/div>\n\n\n\n<p>It is necessary to book a&nbsp;counselling session in advance. Please use the <a href=\"https:\/\/portal.ccvapp.upjs.sk\/activity\/counselling-in-english\" target=\"_blank\" rel=\"noopener\">portal<\/a> UNIPOC to book a&nbsp;session.<\/p>\n\n\n<style>.kb-row-layout-id19632_651a94-f0 > .kt-row-column-wrap{align-content:start;}:where(.kb-row-layout-id19632_651a94-f0 > .kt-row-column-wrap) > .wp-block-kadence-column{justify-content:start;}.kb-row-layout-id19632_651a94-f0 > .kt-row-column-wrap{column-gap:var(--global-kb-gap-md, 2rem);row-gap:var(--global-kb-gap-md, 2rem);padding-top:var(--global-kb-spacing-xxs, 0.5rem);padding-bottom:var(--global-kb-spacing-xxs, 0.5rem);grid-template-columns:repeat(2, minmax(0, 1fr));}.kb-row-layout-id19632_651a94-f0 > .kt-row-layout-overlay{opacity:0.30;}@media all and (max-width: 1024px){.kb-row-layout-id19632_651a94-f0 > .kt-row-column-wrap{grid-template-columns:repeat(2, minmax(0, 1fr));}}@media all and (max-width: 767px){.kb-row-layout-id19632_651a94-f0 > .kt-row-column-wrap{grid-template-columns:minmax(0, 1fr);}}<\/style><div class=\"kb-row-layout-wrap kb-row-layout-id19632_651a94-f0 alignnone wp-block-kadence-rowlayout\"><div class=\"kt-row-column-wrap kt-has-2-columns kt-row-layout-equal kt-tab-layout-inherit kt-mobile-layout-row kt-row-valign-top\">\n<style>.kadence-column19632_2b3209-e2 > .kt-inside-inner-col,.kadence-column19632_2b3209-e2 > .kt-inside-inner-col:before{border-top-left-radius:0px;border-top-right-radius:0px;border-bottom-right-radius:0px;border-bottom-left-radius:0px;}.kadence-column19632_2b3209-e2 > .kt-inside-inner-col{column-gap:var(--global-kb-gap-sm, 1rem);}.kadence-column19632_2b3209-e2 > .kt-inside-inner-col{flex-direction:column;}.kadence-column19632_2b3209-e2 > .kt-inside-inner-col > .aligncenter{width:100%;}.kadence-column19632_2b3209-e2 > .kt-inside-inner-col:before{opacity:0.3;}.kadence-column19632_2b3209-e2{position:relative;}@media all and (max-width: 1024px){.kadence-column19632_2b3209-e2 > .kt-inside-inner-col{flex-direction:column;justify-content:center;}}@media all and (max-width: 767px){.kadence-column19632_2b3209-e2 > .kt-inside-inner-col{flex-direction:column;justify-content:center;}}<\/style>\n<div class=\"wp-block-kadence-column kadence-column19632_2b3209-e2\"><div class=\"kt-inside-inner-col\"><style>.wp-block-kadence-advancedbtn.kb-btns19632_cae7b4-3c{gap:var(--global-kb-gap-xs, 0.5rem );justify-content:center;align-items:center;}.kt-btns19632_cae7b4-3c .kt-button{font-weight:normal;font-style:normal;}.kt-btns19632_cae7b4-3c .kt-btn-wrap-0{margin-right:5px;}.wp-block-kadence-advancedbtn.kt-btns19632_cae7b4-3c .kt-btn-wrap-0 .kt-button{color:#555555;border-color:#555555;}.wp-block-kadence-advancedbtn.kt-btns19632_cae7b4-3c .kt-btn-wrap-0 .kt-button:hover, .wp-block-kadence-advancedbtn.kt-btns19632_cae7b4-3c .kt-btn-wrap-0 .kt-button:focus{color:#ffffff;border-color:#444444;}.wp-block-kadence-advancedbtn.kt-btns19632_cae7b4-3c .kt-btn-wrap-0 .kt-button::before{display:none;}.wp-block-kadence-advancedbtn.kt-btns19632_cae7b4-3c .kt-btn-wrap-0 .kt-button:hover, .wp-block-kadence-advancedbtn.kt-btns19632_cae7b4-3c .kt-btn-wrap-0 .kt-button:focus{background:#444444;}<\/style>\n<div class=\"wp-block-kadence-advancedbtn kb-buttons-wrap kb-btns19632_cae7b4-3c\"><style>ul.menu .wp-block-kadence-advancedbtn .kb-btn19632_7e6f1a-78.kb-button{width:initial;}.wp-block-kadence-advancedbtn .kb-btn19632_7e6f1a-78.kb-button{color:#ffffff;background:#164082;border-top-left-radius:15px;border-top-right-radius:15px;border-bottom-right-radius:15px;border-bottom-left-radius:15px;}.wp-block-kadence-advancedbtn .kb-btn19632_7e6f1a-78.kb-button:hover, .wp-block-kadence-advancedbtn .kb-btn19632_7e6f1a-78.kb-button:focus{background:#7f7f7f;}<\/style><a class=\"kb-button kt-button button kb-btn19632_7e6f1a-78 kt-btn-size-standard kt-btn-width-type-full kb-btn-global-fill kt-btn-has-text-true kt-btn-has-svg-false wp-block-kadence-singlebtn\" href=\"https:\/\/portal.ccvapp.upjs.sk\/ticket-page\/poradenstvo-pre-studentov\/31?_locale=en\" target=\"_blank\" rel=\"noreferrer noopener nofollow\"><span class=\"kt-btn-inner-text\">Book a session<\/span><\/a><\/div>\n<\/div><\/div>\n\n\n<style>.kadence-column19632_2b0625-79 > .kt-inside-inner-col,.kadence-column19632_2b0625-79 > .kt-inside-inner-col:before{border-top-left-radius:0px;border-top-right-radius:0px;border-bottom-right-radius:0px;border-bottom-left-radius:0px;}.kadence-column19632_2b0625-79 > .kt-inside-inner-col{column-gap:var(--global-kb-gap-sm, 1rem);}.kadence-column19632_2b0625-79 > .kt-inside-inner-col{flex-direction:column;}.kadence-column19632_2b0625-79 > .kt-inside-inner-col > .aligncenter{width:100%;}.kadence-column19632_2b0625-79 > .kt-inside-inner-col:before{opacity:0.3;}.kadence-column19632_2b0625-79{position:relative;}@media all and (max-width: 1024px){.kadence-column19632_2b0625-79 > .kt-inside-inner-col{flex-direction:column;justify-content:center;}}@media all and (max-width: 767px){.kadence-column19632_2b0625-79 > .kt-inside-inner-col{flex-direction:column;justify-content:center;}}<\/style>\n<div class=\"wp-block-kadence-column kadence-column19632_2b0625-79\"><div class=\"kt-inside-inner-col\"><style>.wp-block-kadence-advancedbtn.kb-btns19632_9040e5-8b{gap:var(--global-kb-gap-xs, 0.5rem );justify-content:center;align-items:center;}.kt-btns19632_9040e5-8b .kt-button{font-weight:normal;font-style:normal;}.kt-btns19632_9040e5-8b .kt-btn-wrap-0{margin-right:5px;}.wp-block-kadence-advancedbtn.kt-btns19632_9040e5-8b .kt-btn-wrap-0 .kt-button{color:#555555;border-color:#555555;}.wp-block-kadence-advancedbtn.kt-btns19632_9040e5-8b .kt-btn-wrap-0 .kt-button:hover, .wp-block-kadence-advancedbtn.kt-btns19632_9040e5-8b .kt-btn-wrap-0 .kt-button:focus{color:#ffffff;border-color:#444444;}.wp-block-kadence-advancedbtn.kt-btns19632_9040e5-8b .kt-btn-wrap-0 .kt-button::before{display:none;}.wp-block-kadence-advancedbtn.kt-btns19632_9040e5-8b .kt-btn-wrap-0 .kt-button:hover, .wp-block-kadence-advancedbtn.kt-btns19632_9040e5-8b .kt-btn-wrap-0 .kt-button:focus{background:#444444;}<\/style>\n<div class=\"wp-block-kadence-advancedbtn kb-buttons-wrap kb-btns19632_9040e5-8b\"><style>ul.menu .wp-block-kadence-advancedbtn .kb-btn19632_9b3d8a-fc.kb-button{width:initial;}.wp-block-kadence-advancedbtn .kb-btn19632_9b3d8a-fc.kb-button{color:#ffffff;background:#164082;border-top-left-radius:15px;border-top-right-radius:15px;border-bottom-right-radius:15px;border-bottom-left-radius:15px;}.wp-block-kadence-advancedbtn .kb-btn19632_9b3d8a-fc.kb-button:hover, .wp-block-kadence-advancedbtn .kb-btn19632_9b3d8a-fc.kb-button:focus{background:#7f7f7f;}<\/style><a class=\"kb-button kt-button button kb-btn19632_9b3d8a-fc kt-btn-size-standard kt-btn-width-type-full kb-btn-global-fill kt-btn-has-text-true kt-btn-has-svg-false wp-block-kadence-singlebtn\" href=\"https:\/\/www.upjs.sk\/app\/uploads\/sites\/20\/2023\/03\/manual-for-sign-up.pdf\" target=\"_blank\" rel=\"noreferrer noopener\"><span class=\"kt-btn-inner-text\">How to book a session in the portal<\/span><\/a><\/div>\n<\/div><\/div>\n\n<\/div><\/div>\n\n\n<p>To enter the portal and book a&nbsp;session, use your AiS2 login and password.<\/p>\n\n\n\n<p>If you would like to ask our counsellors a question regarding psychological, career, social or legal counselling, you may use our <a href=\"https:\/\/portal.ccvapp.upjs.sk\/admin\/selectgroup\" target=\"_blank\" rel=\"noopener\"><strong>e-counselling<\/strong><\/a>. We also answer questions of students with special needs within e-counseling.<\/p>\n\n\n\n<p>The portal is currently translated to English only partially. Please excuse the inconvenience, we are working on the improvement.<\/p>\n","protected":false},"excerpt":{"rendered":"<p>UPJ\u0160 University Career Centre in Ko\u0161ice renders free-of-charge career services to all the UPJ\u0160 students. Within these services, we build on four bases (see Figure 1). First of all, we provide students with information (on the situation in the labour market, opportunities to work, correct CVs and motivation letters preparation, etc.), working with them in &hellip; <a href=\"https:\/\/www.upjs.sk\/pracoviska\/unipoc\/en\/counselling\/career-services\/\">Continued<\/a><\/p>\n","protected":false},"author":1,"featured_media":19633,"parent":19612,"menu_order":1,"comment_status":"closed","ping_status":"closed","template":"","meta":{"_acf_changed":false,"_editorskit_title_hidden":false,"_editorskit_reading_time":2,"_editorskit_is_block_options_detached":false,"_editorskit_block_options_position":"{}","footnotes":""},"categories":[],"tags":[],"class_list":["post-19632","page","type-page","status-publish","has-post-thumbnail","hentry"],"acf":{"acf_link_na_externy_obsah":""},"yoast_head":"<!-- This site is optimized with the Yoast SEO plugin v27.2 - https:\/\/yoast.com\/product\/yoast-seo-wordpress\/ -->\n<title>Career services - Univerzitn\u00e9 poradensk\u00e9 centrum (UNIPOC) | UPJ\u0160<\/title>\n<meta name=\"robots\" content=\"index, follow, max-snippet:-1, max-image-preview:large, max-video-preview:-1\" \/>\n<link rel=\"canonical\" href=\"https:\/\/www.upjs.sk\/pracoviska\/unipoc\/en\/counselling\/career-services\/\" \/>\n<meta property=\"og:locale\" content=\"en_US\" \/>\n<meta property=\"og:type\" content=\"article\" \/>\n<meta property=\"og:title\" content=\"Career services - Univerzitn\u00e9 poradensk\u00e9 centrum (UNIPOC) | UPJ\u0160\" \/>\n<meta property=\"og:description\" content=\"UPJ\u0160 University Career Centre in Ko\u0161ice renders free-of-charge career services to all the UPJ\u0160 students. Within these services, we build on four bases (see Figure 1). First of all, we provide students with information (on the situation in the labour market, opportunities to work, correct CVs and motivation letters preparation, etc.), working with them in &hellip; Continued\" \/>\n<meta property=\"og:url\" content=\"https:\/\/www.upjs.sk\/pracoviska\/unipoc\/en\/counselling\/career-services\/\" \/>\n<meta property=\"og:site_name\" content=\"Univerzitn\u00e9 poradensk\u00e9 centrum (UNIPOC) | UPJ\u0160\" \/>\n<meta property=\"article:modified_time\" content=\"2025-03-01T14:43:12+00:00\" \/>\n<meta property=\"og:image\" content=\"https:\/\/www.upjs.sk\/app\/uploads\/sites\/20\/2022\/11\/ponuka-unipoc-en.jpg\" \/>\n\t<meta property=\"og:image:width\" content=\"320\" \/>\n\t<meta property=\"og:image:height\" content=\"317\" \/>\n\t<meta property=\"og:image:type\" content=\"image\/jpeg\" \/>\n<meta name=\"twitter:card\" content=\"summary_large_image\" \/>\n<meta name=\"twitter:label1\" content=\"Est. reading time\" \/>\n\t<meta name=\"twitter:data1\" content=\"3 minutes\" \/>\n<script type=\"application\/ld+json\" class=\"yoast-schema-graph\">{\"@context\":\"https:\/\/schema.org\",\"@graph\":[{\"@type\":\"WebPage\",\"@id\":\"https:\/\/www.upjs.sk\/pracoviska\/unipoc\/en\/counselling\/career-services\/\",\"url\":\"https:\/\/www.upjs.sk\/pracoviska\/unipoc\/en\/counselling\/career-services\/\",\"name\":\"Career services - Univerzitn\u00e9 poradensk\u00e9 centrum (UNIPOC) | UPJ\u0160\",\"isPartOf\":{\"@id\":\"https:\/\/www.upjs.sk\/pracoviska\/unipoc\/en\/#website\"},\"primaryImageOfPage\":{\"@id\":\"https:\/\/www.upjs.sk\/pracoviska\/unipoc\/en\/counselling\/career-services\/#primaryimage\"},\"image\":{\"@id\":\"https:\/\/www.upjs.sk\/pracoviska\/unipoc\/en\/counselling\/career-services\/#primaryimage\"},\"thumbnailUrl\":\"https:\/\/www.upjs.sk\/app\/uploads\/sites\/20\/2022\/11\/ponuka-unipoc-en.jpg\",\"datePublished\":\"2022-10-05T09:14:43+00:00\",\"dateModified\":\"2025-03-01T14:43:12+00:00\",\"breadcrumb\":{\"@id\":\"https:\/\/www.upjs.sk\/pracoviska\/unipoc\/en\/counselling\/career-services\/#breadcrumb\"},\"inLanguage\":\"en-US\",\"potentialAction\":[{\"@type\":\"ReadAction\",\"target\":[\"https:\/\/www.upjs.sk\/pracoviska\/unipoc\/en\/counselling\/career-services\/\"]}]},{\"@type\":\"ImageObject\",\"inLanguage\":\"en-US\",\"@id\":\"https:\/\/www.upjs.sk\/pracoviska\/unipoc\/en\/counselling\/career-services\/#primaryimage\",\"url\":\"https:\/\/www.upjs.sk\/app\/uploads\/sites\/20\/2022\/11\/ponuka-unipoc-en.jpg\",\"contentUrl\":\"https:\/\/www.upjs.sk\/app\/uploads\/sites\/20\/2022\/11\/ponuka-unipoc-en.jpg\",\"width\":320,\"height\":317,\"caption\":\"career-services\"},{\"@type\":\"BreadcrumbList\",\"@id\":\"https:\/\/www.upjs.sk\/pracoviska\/unipoc\/en\/counselling\/career-services\/#breadcrumb\",\"itemListElement\":[{\"@type\":\"ListItem\",\"position\":1,\"name\":\"Home\",\"item\":\"https:\/\/www.upjs.sk\/pracoviska\/unipoc\/en\/\"},{\"@type\":\"ListItem\",\"position\":2,\"name\":\"Counselling\",\"item\":\"https:\/\/www.upjs.sk\/pracoviska\/unipoc\/en\/counselling\/\"},{\"@type\":\"ListItem\",\"position\":3,\"name\":\"Career services\"}]},{\"@type\":\"WebSite\",\"@id\":\"https:\/\/www.upjs.sk\/pracoviska\/unipoc\/en\/#website\",\"url\":\"https:\/\/www.upjs.sk\/pracoviska\/unipoc\/en\/\",\"name\":\"Univerzitn\u00e9 poradensk\u00e9 centrum (UNIPOC) | UPJ\u0160\",\"description\":\"\",\"publisher\":{\"@id\":\"https:\/\/www.upjs.sk\/pracoviska\/unipoc\/en\/#organization\"},\"potentialAction\":[{\"@type\":\"SearchAction\",\"target\":{\"@type\":\"EntryPoint\",\"urlTemplate\":\"https:\/\/www.upjs.sk\/pracoviska\/unipoc\/en\/?s={search_term_string}\"},\"query-input\":{\"@type\":\"PropertyValueSpecification\",\"valueRequired\":true,\"valueName\":\"search_term_string\"}}],\"inLanguage\":\"en-US\"},{\"@type\":\"Organization\",\"@id\":\"https:\/\/www.upjs.sk\/pracoviska\/unipoc\/en\/#organization\",\"name\":\"Univerzitn\u00e9 poradensk\u00e9 centrum (UNIPOC) | UPJ\u0160\",\"url\":\"https:\/\/www.upjs.sk\/pracoviska\/unipoc\/en\/\",\"logo\":{\"@type\":\"ImageObject\",\"inLanguage\":\"en-US\",\"@id\":\"https:\/\/www.upjs.sk\/pracoviska\/unipoc\/en\/#\/schema\/logo\/image\/\",\"url\":\"https:\/\/www.upjs.sk\/app\/uploads\/sites\/20\/2023\/01\/UNIPOC_ENG.svg\",\"contentUrl\":\"https:\/\/www.upjs.sk\/app\/uploads\/sites\/20\/2023\/01\/UNIPOC_ENG.svg\",\"width\":500,\"height\":138,\"caption\":\"Univerzitn\u00e9 poradensk\u00e9 centrum (UNIPOC) | UPJ\u0160\"},\"image\":{\"@id\":\"https:\/\/www.upjs.sk\/pracoviska\/unipoc\/en\/#\/schema\/logo\/image\/\"}}]}<\/script>\n<!-- \/ Yoast SEO plugin. -->","yoast_head_json":{"title":"Career services - Univerzitn\u00e9 poradensk\u00e9 centrum (UNIPOC) | UPJ\u0160","robots":{"index":"index","follow":"follow","max-snippet":"max-snippet:-1","max-image-preview":"max-image-preview:large","max-video-preview":"max-video-preview:-1"},"canonical":"https:\/\/www.upjs.sk\/pracoviska\/unipoc\/en\/counselling\/career-services\/","og_locale":"en_US","og_type":"article","og_title":"Career services - Univerzitn\u00e9 poradensk\u00e9 centrum (UNIPOC) | UPJ\u0160","og_description":"UPJ\u0160 University Career Centre in Ko\u0161ice renders free-of-charge career services to all the UPJ\u0160 students. Within these services, we build on four bases (see Figure 1). First of all, we provide students with information (on the situation in the labour market, opportunities to work, correct CVs and motivation letters preparation, etc.), working with them in &hellip; Continued","og_url":"https:\/\/www.upjs.sk\/pracoviska\/unipoc\/en\/counselling\/career-services\/","og_site_name":"Univerzitn\u00e9 poradensk\u00e9 centrum (UNIPOC) | UPJ\u0160","article_modified_time":"2025-03-01T14:43:12+00:00","og_image":[{"width":320,"height":317,"url":"https:\/\/www.upjs.sk\/app\/uploads\/sites\/20\/2022\/11\/ponuka-unipoc-en.jpg","type":"image\/jpeg"}],"twitter_card":"summary_large_image","twitter_misc":{"Est. reading time":"3 minutes"},"schema":{"@context":"https:\/\/schema.org","@graph":[{"@type":"WebPage","@id":"https:\/\/www.upjs.sk\/pracoviska\/unipoc\/en\/counselling\/career-services\/","url":"https:\/\/www.upjs.sk\/pracoviska\/unipoc\/en\/counselling\/career-services\/","name":"Career services - Univerzitn\u00e9 poradensk\u00e9 centrum (UNIPOC) | UPJ\u0160","isPartOf":{"@id":"https:\/\/www.upjs.sk\/pracoviska\/unipoc\/en\/#website"},"primaryImageOfPage":{"@id":"https:\/\/www.upjs.sk\/pracoviska\/unipoc\/en\/counselling\/career-services\/#primaryimage"},"image":{"@id":"https:\/\/www.upjs.sk\/pracoviska\/unipoc\/en\/counselling\/career-services\/#primaryimage"},"thumbnailUrl":"https:\/\/www.upjs.sk\/app\/uploads\/sites\/20\/2022\/11\/ponuka-unipoc-en.jpg","datePublished":"2022-10-05T09:14:43+00:00","dateModified":"2025-03-01T14:43:12+00:00","breadcrumb":{"@id":"https:\/\/www.upjs.sk\/pracoviska\/unipoc\/en\/counselling\/career-services\/#breadcrumb"},"inLanguage":"en-US","potentialAction":[{"@type":"ReadAction","target":["https:\/\/www.upjs.sk\/pracoviska\/unipoc\/en\/counselling\/career-services\/"]}]},{"@type":"ImageObject","inLanguage":"en-US","@id":"https:\/\/www.upjs.sk\/pracoviska\/unipoc\/en\/counselling\/career-services\/#primaryimage","url":"https:\/\/www.upjs.sk\/app\/uploads\/sites\/20\/2022\/11\/ponuka-unipoc-en.jpg","contentUrl":"https:\/\/www.upjs.sk\/app\/uploads\/sites\/20\/2022\/11\/ponuka-unipoc-en.jpg","width":320,"height":317,"caption":"career-services"},{"@type":"BreadcrumbList","@id":"https:\/\/www.upjs.sk\/pracoviska\/unipoc\/en\/counselling\/career-services\/#breadcrumb","itemListElement":[{"@type":"ListItem","position":1,"name":"Home","item":"https:\/\/www.upjs.sk\/pracoviska\/unipoc\/en\/"},{"@type":"ListItem","position":2,"name":"Counselling","item":"https:\/\/www.upjs.sk\/pracoviska\/unipoc\/en\/counselling\/"},{"@type":"ListItem","position":3,"name":"Career services"}]},{"@type":"WebSite","@id":"https:\/\/www.upjs.sk\/pracoviska\/unipoc\/en\/#website","url":"https:\/\/www.upjs.sk\/pracoviska\/unipoc\/en\/","name":"Univerzitn\u00e9 poradensk\u00e9 centrum (UNIPOC) | UPJ\u0160","description":"","publisher":{"@id":"https:\/\/www.upjs.sk\/pracoviska\/unipoc\/en\/#organization"},"potentialAction":[{"@type":"SearchAction","target":{"@type":"EntryPoint","urlTemplate":"https:\/\/www.upjs.sk\/pracoviska\/unipoc\/en\/?s={search_term_string}"},"query-input":{"@type":"PropertyValueSpecification","valueRequired":true,"valueName":"search_term_string"}}],"inLanguage":"en-US"},{"@type":"Organization","@id":"https:\/\/www.upjs.sk\/pracoviska\/unipoc\/en\/#organization","name":"Univerzitn\u00e9 poradensk\u00e9 centrum (UNIPOC) | UPJ\u0160","url":"https:\/\/www.upjs.sk\/pracoviska\/unipoc\/en\/","logo":{"@type":"ImageObject","inLanguage":"en-US","@id":"https:\/\/www.upjs.sk\/pracoviska\/unipoc\/en\/#\/schema\/logo\/image\/","url":"https:\/\/www.upjs.sk\/app\/uploads\/sites\/20\/2023\/01\/UNIPOC_ENG.svg","contentUrl":"https:\/\/www.upjs.sk\/app\/uploads\/sites\/20\/2023\/01\/UNIPOC_ENG.svg","width":500,"height":138,"caption":"Univerzitn\u00e9 poradensk\u00e9 centrum (UNIPOC) | UPJ\u0160"},"image":{"@id":"https:\/\/www.upjs.sk\/pracoviska\/unipoc\/en\/#\/schema\/logo\/image\/"}}]}},"_links":{"self":[{"href":"https:\/\/www.upjs.sk\/pracoviska\/unipoc\/en\/wp-json\/wp\/v2\/pages\/19632","targetHints":{"allow":["GET"]}}],"collection":[{"href":"https:\/\/www.upjs.sk\/pracoviska\/unipoc\/en\/wp-json\/wp\/v2\/pages"}],"about":[{"href":"https:\/\/www.upjs.sk\/pracoviska\/unipoc\/en\/wp-json\/wp\/v2\/types\/page"}],"author":[{"embeddable":true,"href":"https:\/\/www.upjs.sk\/pracoviska\/unipoc\/en\/wp-json\/wp\/v2\/users\/1"}],"replies":[{"embeddable":true,"href":"https:\/\/www.upjs.sk\/pracoviska\/unipoc\/en\/wp-json\/wp\/v2\/comments?post=19632"}],"version-history":[{"count":14,"href":"https:\/\/www.upjs.sk\/pracoviska\/unipoc\/en\/wp-json\/wp\/v2\/pages\/19632\/revisions"}],"predecessor-version":[{"id":22848,"href":"https:\/\/www.upjs.sk\/pracoviska\/unipoc\/en\/wp-json\/wp\/v2\/pages\/19632\/revisions\/22848"}],"up":[{"embeddable":true,"href":"https:\/\/www.upjs.sk\/pracoviska\/unipoc\/en\/wp-json\/wp\/v2\/pages\/19612"}],"wp:featuredmedia":[{"embeddable":true,"href":"https:\/\/www.upjs.sk\/pracoviska\/unipoc\/en\/wp-json\/wp\/v2\/media\/19633"}],"wp:attachment":[{"href":"https:\/\/www.upjs.sk\/pracoviska\/unipoc\/en\/wp-json\/wp\/v2\/media?parent=19632"}],"wp:term":[{"taxonomy":"category","embeddable":true,"href":"https:\/\/www.upjs.sk\/pracoviska\/unipoc\/en\/wp-json\/wp\/v2\/categories?post=19632"},{"taxonomy":"post_tag","embeddable":true,"href":"https:\/\/www.upjs.sk\/pracoviska\/unipoc\/en\/wp-json\/wp\/v2\/tags?post=19632"}],"curies":[{"name":"wp","href":"https:\/\/api.w.org\/{rel}","templated":true}]}}