{"id":19637,"date":"2022-10-05T09:12:31","date_gmt":"2022-10-05T09:12:31","guid":{"rendered":"https:\/\/www.upjs.sk\/pracoviska\/unipoc\/counselling\/psychological\/"},"modified":"2023-03-13T14:46:47","modified_gmt":"2023-03-13T14:46:47","slug":"psychological","status":"publish","type":"page","link":"https:\/\/www.upjs.sk\/pracoviska\/unipoc\/en\/counselling\/psychological\/","title":{"rendered":"Psychological counselling"},"content":{"rendered":"\n<p>It is necessary to book a counselling session in advance. Please use the portal UNIPOC to book a session.<\/p>\n\n\n<style>.kb-row-layout-id_b251fb-dc > .kt-row-column-wrap{align-content:start;}:where(.kb-row-layout-id_b251fb-dc > .kt-row-column-wrap) > .wp-block-kadence-column{justify-content:start;}.kb-row-layout-id_b251fb-dc > .kt-row-column-wrap{column-gap:var(--global-kb-gap-md, 2rem);row-gap:var(--global-kb-gap-md, 2rem);padding-top:9px;padding-bottom:8px;grid-template-columns:repeat(2, minmax(0, 1fr));}.kb-row-layout-id_b251fb-dc > .kt-row-layout-overlay{opacity:0.30;}@media all and (max-width: 1024px){.kb-row-layout-id_b251fb-dc > .kt-row-column-wrap{grid-template-columns:repeat(2, minmax(0, 1fr));}}@media all and (max-width: 767px){.kb-row-layout-id_b251fb-dc > .kt-row-column-wrap{grid-template-columns:minmax(0, 1fr);}}<\/style><div class=\"kb-row-layout-wrap kb-row-layout-id_b251fb-dc alignnone wp-block-kadence-rowlayout\"><div class=\"kt-row-column-wrap kt-has-2-columns kt-row-layout-equal kt-tab-layout-inherit kt-mobile-layout-row kt-row-valign-top\">\n<style>.kadence-column_4e7039-5a > .kt-inside-inner-col,.kadence-column_4e7039-5a > .kt-inside-inner-col:before{border-top-left-radius:0px;border-top-right-radius:0px;border-bottom-right-radius:0px;border-bottom-left-radius:0px;}.kadence-column_4e7039-5a > .kt-inside-inner-col{column-gap:var(--global-kb-gap-sm, 1rem);}.kadence-column_4e7039-5a > .kt-inside-inner-col{flex-direction:column;}.kadence-column_4e7039-5a > .kt-inside-inner-col > .aligncenter{width:100%;}.kadence-column_4e7039-5a > .kt-inside-inner-col:before{opacity:0.3;}.kadence-column_4e7039-5a{position:relative;}@media all and (max-width: 1024px){.kadence-column_4e7039-5a > .kt-inside-inner-col{flex-direction:column;justify-content:center;}}@media all and (max-width: 767px){.kadence-column_4e7039-5a > .kt-inside-inner-col{flex-direction:column;justify-content:center;}}<\/style>\n<div class=\"wp-block-kadence-column kadence-column_4e7039-5a inner-column-1\"><div class=\"kt-inside-inner-col\"><style>.wp-block-kadence-advancedbtn.kb-btns_cb65e5-dc{gap:var(--global-kb-gap-xs, 0.5rem );justify-content:center;align-items:center;}.kt-btns_cb65e5-dc .kt-button{font-weight:normal;font-style:normal;}<\/style>\n<div class=\"wp-block-kadence-advancedbtn kb-buttons-wrap kb-btns_cb65e5-dc\"><style>ul.menu .wp-block-kadence-advancedbtn .kb-btn_3a71e8-42.kb-button{width:initial;}.wp-block-kadence-advancedbtn .kb-btn_3a71e8-42.kb-button{color:#ffffff;background:#164082;border-top-left-radius:15px;border-top-right-radius:15px;border-bottom-right-radius:15px;border-bottom-left-radius:15px;border-top:0px solid #ffffff;border-right:0px solid #ffffff;border-bottom:0px solid #ffffff;border-left:0px solid #ffffff;}.wp-block-kadence-advancedbtn .kb-btn_3a71e8-42.kb-button:hover, .wp-block-kadence-advancedbtn .kb-btn_3a71e8-42.kb-button:focus{color:#ffffff;background:#7f7f7f;border-top-color:#ffffff;border-top-style:solid;border-right-color:#ffffff;border-right-style:solid;border-bottom-color:#ffffff;border-bottom-style:solid;border-left-color:#ffffff;border-left-style:solid;}@media all and (max-width: 1024px){.wp-block-kadence-advancedbtn .kb-btn_3a71e8-42.kb-button{border-top:0px solid #ffffff;border-right:0px solid #ffffff;border-bottom:0px solid #ffffff;border-left:0px solid #ffffff;}}@media all and (max-width: 1024px){.wp-block-kadence-advancedbtn .kb-btn_3a71e8-42.kb-button:hover, .wp-block-kadence-advancedbtn .kb-btn_3a71e8-42.kb-button:focus{border-top-color:#ffffff;border-top-style:solid;border-right-color:#ffffff;border-right-style:solid;border-bottom-color:#ffffff;border-bottom-style:solid;border-left-color:#ffffff;border-left-style:solid;}}@media all and (max-width: 767px){.wp-block-kadence-advancedbtn .kb-btn_3a71e8-42.kb-button{border-top:0px solid #ffffff;border-right:0px solid #ffffff;border-bottom:0px solid #ffffff;border-left:0px solid #ffffff;}.wp-block-kadence-advancedbtn .kb-btn_3a71e8-42.kb-button:hover, .wp-block-kadence-advancedbtn .kb-btn_3a71e8-42.kb-button:focus{border-top-color:#ffffff;border-top-style:solid;border-right-color:#ffffff;border-right-style:solid;border-bottom-color:#ffffff;border-bottom-style:solid;border-left-color:#ffffff;border-left-style:solid;}}<\/style><a class=\"kb-button kt-button button kb-btn_3a71e8-42 kt-btn-size-standard kt-btn-width-type-full kb-btn-global-fill kt-btn-has-text-true kt-btn-has-svg-false wp-block-kadence-singlebtn\" href=\"https:\/\/portal.ccvapp.upjs.sk\/ticket-page\/poradenstvo-pre-studentov\/31?_locale=en\" rel=\" nofollow\"><span class=\"kt-btn-inner-text\">Book a session<\/span><\/a><\/div>\n<\/div><\/div>\n\n\n<style>.kadence-column_0b4023-93 > .kt-inside-inner-col,.kadence-column_0b4023-93 > .kt-inside-inner-col:before{border-top-left-radius:0px;border-top-right-radius:0px;border-bottom-right-radius:0px;border-bottom-left-radius:0px;}.kadence-column_0b4023-93 > .kt-inside-inner-col{column-gap:var(--global-kb-gap-sm, 1rem);}.kadence-column_0b4023-93 > .kt-inside-inner-col{flex-direction:column;}.kadence-column_0b4023-93 > .kt-inside-inner-col > .aligncenter{width:100%;}.kadence-column_0b4023-93 > .kt-inside-inner-col:before{opacity:0.3;}.kadence-column_0b4023-93{position:relative;}@media all and (max-width: 1024px){.kadence-column_0b4023-93 > .kt-inside-inner-col{flex-direction:column;justify-content:center;}}@media all and (max-width: 767px){.kadence-column_0b4023-93 > .kt-inside-inner-col{flex-direction:column;justify-content:center;}}<\/style>\n<div class=\"wp-block-kadence-column kadence-column_0b4023-93 inner-column-2\"><div class=\"kt-inside-inner-col\"><style>.wp-block-kadence-advancedbtn.kb-btns_04176e-de{gap:var(--global-kb-gap-xs, 0.5rem );justify-content:center;align-items:center;}.kt-btns_04176e-de .kt-button{font-weight:normal;font-style:normal;}<\/style>\n<div class=\"wp-block-kadence-advancedbtn kb-buttons-wrap kb-btns_04176e-de\"><style>ul.menu .wp-block-kadence-advancedbtn .kb-btn_9d9c89-b7.kb-button{width:initial;}.wp-block-kadence-advancedbtn .kb-btn_9d9c89-b7.kb-button{color:#ffffff;background:#164082;border-top-left-radius:15px;border-top-right-radius:15px;border-bottom-right-radius:15px;border-bottom-left-radius:15px;border-top:0px solid #ffffff;border-right:0px solid #ffffff;border-bottom:0px solid #ffffff;border-left:0px solid #ffffff;}.wp-block-kadence-advancedbtn .kb-btn_9d9c89-b7.kb-button:hover, .wp-block-kadence-advancedbtn .kb-btn_9d9c89-b7.kb-button:focus{color:#ffffff;background:#7f7f7f;border-top-color:#ffffff;border-top-style:solid;border-right-color:#ffffff;border-right-style:solid;border-bottom-color:#ffffff;border-bottom-style:solid;border-left-color:#ffffff;border-left-style:solid;}@media all and (max-width: 1024px){.wp-block-kadence-advancedbtn .kb-btn_9d9c89-b7.kb-button{border-top:0px solid #ffffff;border-right:0px solid #ffffff;border-bottom:0px solid #ffffff;border-left:0px solid #ffffff;}}@media all and (max-width: 1024px){.wp-block-kadence-advancedbtn .kb-btn_9d9c89-b7.kb-button:hover, .wp-block-kadence-advancedbtn .kb-btn_9d9c89-b7.kb-button:focus{border-top-color:#ffffff;border-top-style:solid;border-right-color:#ffffff;border-right-style:solid;border-bottom-color:#ffffff;border-bottom-style:solid;border-left-color:#ffffff;border-left-style:solid;}}@media all and (max-width: 767px){.wp-block-kadence-advancedbtn .kb-btn_9d9c89-b7.kb-button{border-top:0px solid #ffffff;border-right:0px solid #ffffff;border-bottom:0px solid #ffffff;border-left:0px solid #ffffff;}.wp-block-kadence-advancedbtn .kb-btn_9d9c89-b7.kb-button:hover, .wp-block-kadence-advancedbtn .kb-btn_9d9c89-b7.kb-button:focus{border-top-color:#ffffff;border-top-style:solid;border-right-color:#ffffff;border-right-style:solid;border-bottom-color:#ffffff;border-bottom-style:solid;border-left-color:#ffffff;border-left-style:solid;}}<\/style><a class=\"kb-button kt-button button kb-btn_9d9c89-b7 kt-btn-size-standard kt-btn-width-type-full kb-btn-global-fill kt-btn-has-text-true kt-btn-has-svg-false wp-block-kadence-singlebtn\" href=\"https:\/\/www.upjs.sk\/app\/uploads\/sites\/20\/2023\/03\/manual-for-sign-up.pdf%20\" rel=\" nofollow\"><span class=\"kt-btn-inner-text\">How to book a session in the portal<\/span><\/a><\/div>\n<\/div><\/div>\n\n<\/div><\/div>\n\n\n<p>To enter the portal and book a session, use your AiS2 login and password.<\/p>\n\n\n\n<p>If you would like to ask our counsellors a question regarding psychological, career, social or legal counselling, you may use our e-counselling. We also answer questions of students with special needs within e-counseling.<br>The portal is currently translated to English only partially. Please excuse the inconvenience, we are working on the improvement.<\/p>\n\n\n<style>.wp-block-kadence-spacer.kt-block-spacer-_1c4298-13 .kt-block-spacer{height:20px;}.wp-block-kadence-spacer.kt-block-spacer-_1c4298-13 .kt-divider{border-top-width:1px;height:1px;border-top-color:#eee;width:100%;border-top-style:solid;}<\/style>\n<div class=\"wp-block-kadence-spacer aligncenter kt-block-spacer-_1c4298-13\"><div class=\"kt-block-spacer kt-block-spacer-halign-center\"><hr class=\"kt-divider\"\/><\/div><\/div>\n\n\n\n<p>\u2666 Psychological counselling is focused on academic and personal problems of students. It is specifically concerned with the following learning issues:<\/p>\n\n\n\n<ul class=\"wp-block-list\">\n<li>Difficulty in concentrating when learning &#8211; learning optimization, stage fright and others;<\/li>\n\n\n\n<li>Coping with the burden and crisis situations;<\/li>\n\n\n\n<li>Problems in relationships (in the school group, the family, in a partnership, or in relationship to oneself).<\/li>\n<\/ul>\n\n\n\n<div style=\"height:15px\" aria-hidden=\"true\" class=\"wp-block-spacer\"><\/div>\n\n\n\n<p>The consultants shall also provide consultation and guidance on a variety of psychological difficulties:<\/p>\n\n\n\n<ul class=\"wp-block-list\">\n<li>Neurotic symptoms;<\/li>\n\n\n\n<li>Insomnia;<\/li>\n\n\n\n<li>Depression;<\/li>\n\n\n\n<li>Problems with food intake;<\/li>\n\n\n\n<li>Sexual issues;<\/li>\n\n\n\n<li>Problems with the use of psychoactive substances.<\/li>\n<\/ul>\n\n\n\n<div style=\"height:10px\" aria-hidden=\"true\" class=\"wp-block-spacer\"><\/div>\n\n\n\n<p> Psychological consultations for students without previous booking are available on Thursday from 10 am to 12 am at the University Counselling Centre (Minerva building, Moyzesova 9) and are targeted at students with simple easy to formulate issues that required direct advice with no requirement of deeper inquiry for up to 15 mins. If you feel like your issue or problem might require deeper inquiry or it is something that you experience for a longer period of time, or if you in the past encountered any psychological or psychiatric treatment or consultations, it is recommended to book a regular appointment with your AiS2 login here:<br><a href=\"https:\/\/portal.ccvapp.upjs.sk\/activity\/counselling-in-english\">https:\/\/portal.ccvapp.upjs.sk\/activity\/counselling-in-english<\/a><br>Online counselling appointments are meant for students not currently present in Kosice, usually after first face-to-face counselling, and can be booked with your AiS2 login here:<br><a href=\"https:\/\/portal.ccvapp.upjs.sk\/activity\/online-counselling-in-english\">https:\/\/portal.ccvapp.upjs.sk\/activity\/online-counselling-in-english<\/a><br>All forms of on-site counselling are held in the University Counselling Centre in Minerva building, Faculty of Arts on Moyzesova street nr. 9.<br>All counselling services are free of charge for all students of UPJS.<\/p>\n","protected":false},"excerpt":{"rendered":"<p>It is necessary to book a counselling session in advance. Please use the portal UNIPOC to book a session. To enter the portal and book a session, use your AiS2 login and password. If you would like to ask our counsellors a question regarding psychological, career, social or legal counselling, you may use our e-counselling. &hellip; <a href=\"https:\/\/www.upjs.sk\/pracoviska\/unipoc\/en\/counselling\/psychological\/\">Continued<\/a><\/p>\n","protected":false},"author":1,"featured_media":0,"parent":19612,"menu_order":0,"comment_status":"closed","ping_status":"closed","template":"","meta":{"_acf_changed":false,"_editorskit_title_hidden":false,"_editorskit_reading_time":1,"_editorskit_is_block_options_detached":false,"_editorskit_block_options_position":"{}","footnotes":""},"categories":[],"tags":[],"class_list":["post-19637","page","type-page","status-publish","hentry"],"acf":{"acf_link_na_externy_obsah":""},"yoast_head":"<!-- This site is optimized with the Yoast SEO plugin v27.5 - https:\/\/yoast.com\/product\/yoast-seo-wordpress\/ -->\n<title>Psychological counselling - Univerzitn\u00e9 poradensk\u00e9 centrum (UNIPOC) | UPJ\u0160<\/title>\n<meta name=\"robots\" content=\"index, follow, max-snippet:-1, max-image-preview:large, max-video-preview:-1\" \/>\n<link rel=\"canonical\" href=\"https:\/\/www.upjs.sk\/pracoviska\/unipoc\/en\/counselling\/psychological\/\" \/>\n<meta property=\"og:locale\" content=\"en_US\" \/>\n<meta property=\"og:type\" content=\"article\" \/>\n<meta property=\"og:title\" content=\"Psychological counselling - Univerzitn\u00e9 poradensk\u00e9 centrum (UNIPOC) | UPJ\u0160\" \/>\n<meta property=\"og:description\" content=\"It is necessary to book a counselling session in advance. Please use the portal UNIPOC to book a session. To enter the portal and book a session, use your AiS2 login and password. If you would like to ask our counsellors a question regarding psychological, career, social or legal counselling, you may use our e-counselling. &hellip; Continued\" \/>\n<meta property=\"og:url\" content=\"https:\/\/www.upjs.sk\/pracoviska\/unipoc\/en\/counselling\/psychological\/\" \/>\n<meta property=\"og:site_name\" content=\"Univerzitn\u00e9 poradensk\u00e9 centrum (UNIPOC) | UPJ\u0160\" \/>\n<meta property=\"article:modified_time\" content=\"2023-03-13T14:46:47+00:00\" \/>\n<meta name=\"twitter:card\" content=\"summary_large_image\" \/>\n<meta name=\"twitter:label1\" content=\"Est. reading time\" \/>\n\t<meta name=\"twitter:data1\" content=\"2 minutes\" \/>\n<script type=\"application\/ld+json\" class=\"yoast-schema-graph\">{\"@context\":\"https:\\\/\\\/schema.org\",\"@graph\":[{\"@type\":\"WebPage\",\"@id\":\"https:\\\/\\\/www.upjs.sk\\\/pracoviska\\\/unipoc\\\/en\\\/counselling\\\/psychological\\\/\",\"url\":\"https:\\\/\\\/www.upjs.sk\\\/pracoviska\\\/unipoc\\\/en\\\/counselling\\\/psychological\\\/\",\"name\":\"Psychological counselling - Univerzitn\u00e9 poradensk\u00e9 centrum (UNIPOC) | UPJ\u0160\",\"isPartOf\":{\"@id\":\"https:\\\/\\\/www.upjs.sk\\\/pracoviska\\\/unipoc\\\/en\\\/#website\"},\"datePublished\":\"2022-10-05T09:12:31+00:00\",\"dateModified\":\"2023-03-13T14:46:47+00:00\",\"breadcrumb\":{\"@id\":\"https:\\\/\\\/www.upjs.sk\\\/pracoviska\\\/unipoc\\\/en\\\/counselling\\\/psychological\\\/#breadcrumb\"},\"inLanguage\":\"en-US\",\"potentialAction\":[{\"@type\":\"ReadAction\",\"target\":[\"https:\\\/\\\/www.upjs.sk\\\/pracoviska\\\/unipoc\\\/en\\\/counselling\\\/psychological\\\/\"]}]},{\"@type\":\"BreadcrumbList\",\"@id\":\"https:\\\/\\\/www.upjs.sk\\\/pracoviska\\\/unipoc\\\/en\\\/counselling\\\/psychological\\\/#breadcrumb\",\"itemListElement\":[{\"@type\":\"ListItem\",\"position\":1,\"name\":\"Home\",\"item\":\"https:\\\/\\\/www.upjs.sk\\\/pracoviska\\\/unipoc\\\/en\\\/\"},{\"@type\":\"ListItem\",\"position\":2,\"name\":\"Counselling\",\"item\":\"https:\\\/\\\/www.upjs.sk\\\/pracoviska\\\/unipoc\\\/en\\\/counselling\\\/\"},{\"@type\":\"ListItem\",\"position\":3,\"name\":\"Psychological counselling\"}]},{\"@type\":\"WebSite\",\"@id\":\"https:\\\/\\\/www.upjs.sk\\\/pracoviska\\\/unipoc\\\/en\\\/#website\",\"url\":\"https:\\\/\\\/www.upjs.sk\\\/pracoviska\\\/unipoc\\\/en\\\/\",\"name\":\"Univerzitn\u00e9 poradensk\u00e9 centrum (UNIPOC) | UPJ\u0160\",\"description\":\"\",\"publisher\":{\"@id\":\"https:\\\/\\\/www.upjs.sk\\\/pracoviska\\\/unipoc\\\/en\\\/#organization\"},\"potentialAction\":[{\"@type\":\"SearchAction\",\"target\":{\"@type\":\"EntryPoint\",\"urlTemplate\":\"https:\\\/\\\/www.upjs.sk\\\/pracoviska\\\/unipoc\\\/en\\\/?s={search_term_string}\"},\"query-input\":{\"@type\":\"PropertyValueSpecification\",\"valueRequired\":true,\"valueName\":\"search_term_string\"}}],\"inLanguage\":\"en-US\"},{\"@type\":\"Organization\",\"@id\":\"https:\\\/\\\/www.upjs.sk\\\/pracoviska\\\/unipoc\\\/en\\\/#organization\",\"name\":\"Univerzitn\u00e9 poradensk\u00e9 centrum (UNIPOC) | UPJ\u0160\",\"url\":\"https:\\\/\\\/www.upjs.sk\\\/pracoviska\\\/unipoc\\\/en\\\/\",\"logo\":{\"@type\":\"ImageObject\",\"inLanguage\":\"en-US\",\"@id\":\"https:\\\/\\\/www.upjs.sk\\\/pracoviska\\\/unipoc\\\/en\\\/#\\\/schema\\\/logo\\\/image\\\/\",\"url\":\"https:\\\/\\\/www.upjs.sk\\\/app\\\/uploads\\\/sites\\\/20\\\/2023\\\/01\\\/UNIPOC_ENG.svg\",\"contentUrl\":\"https:\\\/\\\/www.upjs.sk\\\/app\\\/uploads\\\/sites\\\/20\\\/2023\\\/01\\\/UNIPOC_ENG.svg\",\"width\":500,\"height\":138,\"caption\":\"Univerzitn\u00e9 poradensk\u00e9 centrum (UNIPOC) | UPJ\u0160\"},\"image\":{\"@id\":\"https:\\\/\\\/www.upjs.sk\\\/pracoviska\\\/unipoc\\\/en\\\/#\\\/schema\\\/logo\\\/image\\\/\"}}]}<\/script>\n<!-- \/ Yoast SEO plugin. -->","yoast_head_json":{"title":"Psychological counselling - Univerzitn\u00e9 poradensk\u00e9 centrum (UNIPOC) | UPJ\u0160","robots":{"index":"index","follow":"follow","max-snippet":"max-snippet:-1","max-image-preview":"max-image-preview:large","max-video-preview":"max-video-preview:-1"},"canonical":"https:\/\/www.upjs.sk\/pracoviska\/unipoc\/en\/counselling\/psychological\/","og_locale":"en_US","og_type":"article","og_title":"Psychological counselling - Univerzitn\u00e9 poradensk\u00e9 centrum (UNIPOC) | UPJ\u0160","og_description":"It is necessary to book a counselling session in advance. Please use the portal UNIPOC to book a session. To enter the portal and book a session, use your AiS2 login and password. If you would like to ask our counsellors a question regarding psychological, career, social or legal counselling, you may use our e-counselling. &hellip; Continued","og_url":"https:\/\/www.upjs.sk\/pracoviska\/unipoc\/en\/counselling\/psychological\/","og_site_name":"Univerzitn\u00e9 poradensk\u00e9 centrum (UNIPOC) | UPJ\u0160","article_modified_time":"2023-03-13T14:46:47+00:00","twitter_card":"summary_large_image","twitter_misc":{"Est. reading time":"2 minutes"},"schema":{"@context":"https:\/\/schema.org","@graph":[{"@type":"WebPage","@id":"https:\/\/www.upjs.sk\/pracoviska\/unipoc\/en\/counselling\/psychological\/","url":"https:\/\/www.upjs.sk\/pracoviska\/unipoc\/en\/counselling\/psychological\/","name":"Psychological counselling - Univerzitn\u00e9 poradensk\u00e9 centrum (UNIPOC) | UPJ\u0160","isPartOf":{"@id":"https:\/\/www.upjs.sk\/pracoviska\/unipoc\/en\/#website"},"datePublished":"2022-10-05T09:12:31+00:00","dateModified":"2023-03-13T14:46:47+00:00","breadcrumb":{"@id":"https:\/\/www.upjs.sk\/pracoviska\/unipoc\/en\/counselling\/psychological\/#breadcrumb"},"inLanguage":"en-US","potentialAction":[{"@type":"ReadAction","target":["https:\/\/www.upjs.sk\/pracoviska\/unipoc\/en\/counselling\/psychological\/"]}]},{"@type":"BreadcrumbList","@id":"https:\/\/www.upjs.sk\/pracoviska\/unipoc\/en\/counselling\/psychological\/#breadcrumb","itemListElement":[{"@type":"ListItem","position":1,"name":"Home","item":"https:\/\/www.upjs.sk\/pracoviska\/unipoc\/en\/"},{"@type":"ListItem","position":2,"name":"Counselling","item":"https:\/\/www.upjs.sk\/pracoviska\/unipoc\/en\/counselling\/"},{"@type":"ListItem","position":3,"name":"Psychological counselling"}]},{"@type":"WebSite","@id":"https:\/\/www.upjs.sk\/pracoviska\/unipoc\/en\/#website","url":"https:\/\/www.upjs.sk\/pracoviska\/unipoc\/en\/","name":"Univerzitn\u00e9 poradensk\u00e9 centrum (UNIPOC) | UPJ\u0160","description":"","publisher":{"@id":"https:\/\/www.upjs.sk\/pracoviska\/unipoc\/en\/#organization"},"potentialAction":[{"@type":"SearchAction","target":{"@type":"EntryPoint","urlTemplate":"https:\/\/www.upjs.sk\/pracoviska\/unipoc\/en\/?s={search_term_string}"},"query-input":{"@type":"PropertyValueSpecification","valueRequired":true,"valueName":"search_term_string"}}],"inLanguage":"en-US"},{"@type":"Organization","@id":"https:\/\/www.upjs.sk\/pracoviska\/unipoc\/en\/#organization","name":"Univerzitn\u00e9 poradensk\u00e9 centrum (UNIPOC) | UPJ\u0160","url":"https:\/\/www.upjs.sk\/pracoviska\/unipoc\/en\/","logo":{"@type":"ImageObject","inLanguage":"en-US","@id":"https:\/\/www.upjs.sk\/pracoviska\/unipoc\/en\/#\/schema\/logo\/image\/","url":"https:\/\/www.upjs.sk\/app\/uploads\/sites\/20\/2023\/01\/UNIPOC_ENG.svg","contentUrl":"https:\/\/www.upjs.sk\/app\/uploads\/sites\/20\/2023\/01\/UNIPOC_ENG.svg","width":500,"height":138,"caption":"Univerzitn\u00e9 poradensk\u00e9 centrum (UNIPOC) | UPJ\u0160"},"image":{"@id":"https:\/\/www.upjs.sk\/pracoviska\/unipoc\/en\/#\/schema\/logo\/image\/"}}]}},"_links":{"self":[{"href":"https:\/\/www.upjs.sk\/pracoviska\/unipoc\/en\/wp-json\/wp\/v2\/pages\/19637","targetHints":{"allow":["GET"]}}],"collection":[{"href":"https:\/\/www.upjs.sk\/pracoviska\/unipoc\/en\/wp-json\/wp\/v2\/pages"}],"about":[{"href":"https:\/\/www.upjs.sk\/pracoviska\/unipoc\/en\/wp-json\/wp\/v2\/types\/page"}],"author":[{"embeddable":true,"href":"https:\/\/www.upjs.sk\/pracoviska\/unipoc\/en\/wp-json\/wp\/v2\/users\/1"}],"replies":[{"embeddable":true,"href":"https:\/\/www.upjs.sk\/pracoviska\/unipoc\/en\/wp-json\/wp\/v2\/comments?post=19637"}],"version-history":[{"count":8,"href":"https:\/\/www.upjs.sk\/pracoviska\/unipoc\/en\/wp-json\/wp\/v2\/pages\/19637\/revisions"}],"predecessor-version":[{"id":20712,"href":"https:\/\/www.upjs.sk\/pracoviska\/unipoc\/en\/wp-json\/wp\/v2\/pages\/19637\/revisions\/20712"}],"up":[{"embeddable":true,"href":"https:\/\/www.upjs.sk\/pracoviska\/unipoc\/en\/wp-json\/wp\/v2\/pages\/19612"}],"wp:attachment":[{"href":"https:\/\/www.upjs.sk\/pracoviska\/unipoc\/en\/wp-json\/wp\/v2\/media?parent=19637"}],"wp:term":[{"taxonomy":"category","embeddable":true,"href":"https:\/\/www.upjs.sk\/pracoviska\/unipoc\/en\/wp-json\/wp\/v2\/categories?post=19637"},{"taxonomy":"post_tag","embeddable":true,"href":"https:\/\/www.upjs.sk\/pracoviska\/unipoc\/en\/wp-json\/wp\/v2\/tags?post=19637"}],"curies":[{"name":"wp","href":"https:\/\/api.w.org\/{rel}","templated":true}]}}