{"id":19652,"date":"2019-07-31T10:04:00","date_gmt":"2019-07-31T10:04:00","guid":{"rendered":"https:\/\/www.upjs.sk\/pracoviska\/unipoc\/buddy-program\/mgr-zibrinyiova\/"},"modified":"2022-11-22T12:36:48","modified_gmt":"2022-11-22T12:36:48","slug":"mgr-zibrinyiova","status":"publish","type":"page","link":"https:\/\/www.upjs.sk\/pracoviska\/unipoc\/en\/counselling\/mgr-zibrinyiova\/","title":{"rendered":"Mgr. Veronika Zibr\u00ednyiov\u00e1, PhD."},"content":{"rendered":"<p style=\"text-align: justify;\">She is currently Director of UNIPOC University Counselling Center. She is a graduate of a single-discipline master&#8217;s degree in Psychology and PhD in Social Psychology and Organizational Psychology. She is a member of the Society for the Study of Emerging Adulthood, has attended conferences in Prague, Vilnius, and Washington, DC. In her continuing education, she attended a training program at the University of Iceland in Reykjavik (a career management training, information technology in career guidance and networking) and visited Career Centers at the University of Oxford and the University of Aberdeen. <strong>She provides individual career counselling and is in charge of organizing events such as UPJ\u0160 Career Day, Career Half Hour or \u017divoToP\u00ed\u0161. She addresses issues such as difficulties in moving from a higher education to a labor market, preparing a career plan, identifying student skills, writing a CV or motivational letter, preparing for an interview, and specializing in the career of students in European institutions.<\/strong><\/p>\n<p style=\"text-align: justify;\">She likes creative work, working with active students and believes that if a person wants to change something, they have to start working on themselves first.<\/p>\n","protected":false},"excerpt":{"rendered":"<p>She is currently Director of UNIPOC University Counselling Center. She is a graduate of a single-discipline master&#8217;s degree in Psychology and PhD in Social Psychology and Organizational Psychology. She is a member of the Society for the Study of Emerging Adulthood, has attended conferences in Prague, Vilnius, and Washington, DC. In her continuing education, she &hellip; <a href=\"https:\/\/www.upjs.sk\/pracoviska\/unipoc\/en\/counselling\/mgr-zibrinyiova\/\">Continued<\/a><\/p>\n","protected":false},"author":1,"featured_media":0,"parent":19612,"menu_order":6,"comment_status":"closed","ping_status":"closed","template":"","meta":{"_acf_changed":false,"_editorskit_title_hidden":false,"_editorskit_reading_time":0,"_editorskit_is_block_options_detached":false,"_editorskit_block_options_position":"{}","footnotes":""},"categories":[],"tags":[],"class_list":["post-19652","page","type-page","status-publish","hentry"],"acf":{"acf_link_na_externy_obsah":""},"yoast_head":"<!-- This site is optimized with the Yoast SEO plugin v27.4 - https:\/\/yoast.com\/product\/yoast-seo-wordpress\/ -->\n<title>Mgr. Veronika Zibr\u00ednyiov\u00e1, PhD. - Univerzitn\u00e9 poradensk\u00e9 centrum (UNIPOC) | UPJ\u0160<\/title>\n<meta name=\"robots\" content=\"index, follow, max-snippet:-1, max-image-preview:large, max-video-preview:-1\" \/>\n<link rel=\"canonical\" href=\"https:\/\/www.upjs.sk\/pracoviska\/unipoc\/en\/counselling\/mgr-zibrinyiova\/\" \/>\n<meta property=\"og:locale\" content=\"en_US\" \/>\n<meta property=\"og:type\" content=\"article\" \/>\n<meta property=\"og:title\" content=\"Mgr. Veronika Zibr\u00ednyiov\u00e1, PhD. - Univerzitn\u00e9 poradensk\u00e9 centrum (UNIPOC) | UPJ\u0160\" \/>\n<meta property=\"og:description\" content=\"She is currently Director of UNIPOC University Counselling Center. She is a graduate of a single-discipline master&#8217;s degree in Psychology and PhD in Social Psychology and Organizational Psychology. She is a member of the Society for the Study of Emerging Adulthood, has attended conferences in Prague, Vilnius, and Washington, DC. In her continuing education, she &hellip; Continued\" \/>\n<meta property=\"og:url\" content=\"https:\/\/www.upjs.sk\/pracoviska\/unipoc\/en\/counselling\/mgr-zibrinyiova\/\" \/>\n<meta property=\"og:site_name\" content=\"Univerzitn\u00e9 poradensk\u00e9 centrum (UNIPOC) | UPJ\u0160\" \/>\n<meta property=\"article:modified_time\" content=\"2022-11-22T12:36:48+00:00\" \/>\n<meta name=\"twitter:card\" content=\"summary_large_image\" \/>\n<meta name=\"twitter:label1\" content=\"Est. reading time\" \/>\n\t<meta name=\"twitter:data1\" content=\"1 minute\" \/>\n<script type=\"application\/ld+json\" class=\"yoast-schema-graph\">{\"@context\":\"https:\\\/\\\/schema.org\",\"@graph\":[{\"@type\":\"WebPage\",\"@id\":\"https:\\\/\\\/www.upjs.sk\\\/pracoviska\\\/unipoc\\\/en\\\/counselling\\\/mgr-zibrinyiova\\\/\",\"url\":\"https:\\\/\\\/www.upjs.sk\\\/pracoviska\\\/unipoc\\\/en\\\/counselling\\\/mgr-zibrinyiova\\\/\",\"name\":\"Mgr. Veronika Zibr\u00ednyiov\u00e1, PhD. - Univerzitn\u00e9 poradensk\u00e9 centrum (UNIPOC) | UPJ\u0160\",\"isPartOf\":{\"@id\":\"https:\\\/\\\/www.upjs.sk\\\/pracoviska\\\/unipoc\\\/en\\\/#website\"},\"datePublished\":\"2019-07-31T10:04:00+00:00\",\"dateModified\":\"2022-11-22T12:36:48+00:00\",\"breadcrumb\":{\"@id\":\"https:\\\/\\\/www.upjs.sk\\\/pracoviska\\\/unipoc\\\/en\\\/counselling\\\/mgr-zibrinyiova\\\/#breadcrumb\"},\"inLanguage\":\"en-US\",\"potentialAction\":[{\"@type\":\"ReadAction\",\"target\":[\"https:\\\/\\\/www.upjs.sk\\\/pracoviska\\\/unipoc\\\/en\\\/counselling\\\/mgr-zibrinyiova\\\/\"]}]},{\"@type\":\"BreadcrumbList\",\"@id\":\"https:\\\/\\\/www.upjs.sk\\\/pracoviska\\\/unipoc\\\/en\\\/counselling\\\/mgr-zibrinyiova\\\/#breadcrumb\",\"itemListElement\":[{\"@type\":\"ListItem\",\"position\":1,\"name\":\"Home\",\"item\":\"https:\\\/\\\/www.upjs.sk\\\/pracoviska\\\/unipoc\\\/en\\\/\"},{\"@type\":\"ListItem\",\"position\":2,\"name\":\"Counselling\",\"item\":\"https:\\\/\\\/www.upjs.sk\\\/pracoviska\\\/unipoc\\\/en\\\/counselling\\\/\"},{\"@type\":\"ListItem\",\"position\":3,\"name\":\"Mgr. Veronika Zibr\u00ednyiov\u00e1, PhD.\"}]},{\"@type\":\"WebSite\",\"@id\":\"https:\\\/\\\/www.upjs.sk\\\/pracoviska\\\/unipoc\\\/en\\\/#website\",\"url\":\"https:\\\/\\\/www.upjs.sk\\\/pracoviska\\\/unipoc\\\/en\\\/\",\"name\":\"Univerzitn\u00e9 poradensk\u00e9 centrum (UNIPOC) | UPJ\u0160\",\"description\":\"\",\"publisher\":{\"@id\":\"https:\\\/\\\/www.upjs.sk\\\/pracoviska\\\/unipoc\\\/en\\\/#organization\"},\"potentialAction\":[{\"@type\":\"SearchAction\",\"target\":{\"@type\":\"EntryPoint\",\"urlTemplate\":\"https:\\\/\\\/www.upjs.sk\\\/pracoviska\\\/unipoc\\\/en\\\/?s={search_term_string}\"},\"query-input\":{\"@type\":\"PropertyValueSpecification\",\"valueRequired\":true,\"valueName\":\"search_term_string\"}}],\"inLanguage\":\"en-US\"},{\"@type\":\"Organization\",\"@id\":\"https:\\\/\\\/www.upjs.sk\\\/pracoviska\\\/unipoc\\\/en\\\/#organization\",\"name\":\"Univerzitn\u00e9 poradensk\u00e9 centrum (UNIPOC) | UPJ\u0160\",\"url\":\"https:\\\/\\\/www.upjs.sk\\\/pracoviska\\\/unipoc\\\/en\\\/\",\"logo\":{\"@type\":\"ImageObject\",\"inLanguage\":\"en-US\",\"@id\":\"https:\\\/\\\/www.upjs.sk\\\/pracoviska\\\/unipoc\\\/en\\\/#\\\/schema\\\/logo\\\/image\\\/\",\"url\":\"https:\\\/\\\/www.upjs.sk\\\/app\\\/uploads\\\/sites\\\/20\\\/2023\\\/01\\\/UNIPOC_ENG.svg\",\"contentUrl\":\"https:\\\/\\\/www.upjs.sk\\\/app\\\/uploads\\\/sites\\\/20\\\/2023\\\/01\\\/UNIPOC_ENG.svg\",\"width\":500,\"height\":138,\"caption\":\"Univerzitn\u00e9 poradensk\u00e9 centrum (UNIPOC) | UPJ\u0160\"},\"image\":{\"@id\":\"https:\\\/\\\/www.upjs.sk\\\/pracoviska\\\/unipoc\\\/en\\\/#\\\/schema\\\/logo\\\/image\\\/\"}}]}<\/script>\n<!-- \/ Yoast SEO plugin. -->","yoast_head_json":{"title":"Mgr. Veronika Zibr\u00ednyiov\u00e1, PhD. - Univerzitn\u00e9 poradensk\u00e9 centrum (UNIPOC) | UPJ\u0160","robots":{"index":"index","follow":"follow","max-snippet":"max-snippet:-1","max-image-preview":"max-image-preview:large","max-video-preview":"max-video-preview:-1"},"canonical":"https:\/\/www.upjs.sk\/pracoviska\/unipoc\/en\/counselling\/mgr-zibrinyiova\/","og_locale":"en_US","og_type":"article","og_title":"Mgr. Veronika Zibr\u00ednyiov\u00e1, PhD. - Univerzitn\u00e9 poradensk\u00e9 centrum (UNIPOC) | UPJ\u0160","og_description":"She is currently Director of UNIPOC University Counselling Center. She is a graduate of a single-discipline master&#8217;s degree in Psychology and PhD in Social Psychology and Organizational Psychology. She is a member of the Society for the Study of Emerging Adulthood, has attended conferences in Prague, Vilnius, and Washington, DC. In her continuing education, she &hellip; Continued","og_url":"https:\/\/www.upjs.sk\/pracoviska\/unipoc\/en\/counselling\/mgr-zibrinyiova\/","og_site_name":"Univerzitn\u00e9 poradensk\u00e9 centrum (UNIPOC) | UPJ\u0160","article_modified_time":"2022-11-22T12:36:48+00:00","twitter_card":"summary_large_image","twitter_misc":{"Est. reading time":"1 minute"},"schema":{"@context":"https:\/\/schema.org","@graph":[{"@type":"WebPage","@id":"https:\/\/www.upjs.sk\/pracoviska\/unipoc\/en\/counselling\/mgr-zibrinyiova\/","url":"https:\/\/www.upjs.sk\/pracoviska\/unipoc\/en\/counselling\/mgr-zibrinyiova\/","name":"Mgr. Veronika Zibr\u00ednyiov\u00e1, PhD. - Univerzitn\u00e9 poradensk\u00e9 centrum (UNIPOC) | UPJ\u0160","isPartOf":{"@id":"https:\/\/www.upjs.sk\/pracoviska\/unipoc\/en\/#website"},"datePublished":"2019-07-31T10:04:00+00:00","dateModified":"2022-11-22T12:36:48+00:00","breadcrumb":{"@id":"https:\/\/www.upjs.sk\/pracoviska\/unipoc\/en\/counselling\/mgr-zibrinyiova\/#breadcrumb"},"inLanguage":"en-US","potentialAction":[{"@type":"ReadAction","target":["https:\/\/www.upjs.sk\/pracoviska\/unipoc\/en\/counselling\/mgr-zibrinyiova\/"]}]},{"@type":"BreadcrumbList","@id":"https:\/\/www.upjs.sk\/pracoviska\/unipoc\/en\/counselling\/mgr-zibrinyiova\/#breadcrumb","itemListElement":[{"@type":"ListItem","position":1,"name":"Home","item":"https:\/\/www.upjs.sk\/pracoviska\/unipoc\/en\/"},{"@type":"ListItem","position":2,"name":"Counselling","item":"https:\/\/www.upjs.sk\/pracoviska\/unipoc\/en\/counselling\/"},{"@type":"ListItem","position":3,"name":"Mgr. Veronika Zibr\u00ednyiov\u00e1, PhD."}]},{"@type":"WebSite","@id":"https:\/\/www.upjs.sk\/pracoviska\/unipoc\/en\/#website","url":"https:\/\/www.upjs.sk\/pracoviska\/unipoc\/en\/","name":"Univerzitn\u00e9 poradensk\u00e9 centrum (UNIPOC) | UPJ\u0160","description":"","publisher":{"@id":"https:\/\/www.upjs.sk\/pracoviska\/unipoc\/en\/#organization"},"potentialAction":[{"@type":"SearchAction","target":{"@type":"EntryPoint","urlTemplate":"https:\/\/www.upjs.sk\/pracoviska\/unipoc\/en\/?s={search_term_string}"},"query-input":{"@type":"PropertyValueSpecification","valueRequired":true,"valueName":"search_term_string"}}],"inLanguage":"en-US"},{"@type":"Organization","@id":"https:\/\/www.upjs.sk\/pracoviska\/unipoc\/en\/#organization","name":"Univerzitn\u00e9 poradensk\u00e9 centrum (UNIPOC) | UPJ\u0160","url":"https:\/\/www.upjs.sk\/pracoviska\/unipoc\/en\/","logo":{"@type":"ImageObject","inLanguage":"en-US","@id":"https:\/\/www.upjs.sk\/pracoviska\/unipoc\/en\/#\/schema\/logo\/image\/","url":"https:\/\/www.upjs.sk\/app\/uploads\/sites\/20\/2023\/01\/UNIPOC_ENG.svg","contentUrl":"https:\/\/www.upjs.sk\/app\/uploads\/sites\/20\/2023\/01\/UNIPOC_ENG.svg","width":500,"height":138,"caption":"Univerzitn\u00e9 poradensk\u00e9 centrum (UNIPOC) | UPJ\u0160"},"image":{"@id":"https:\/\/www.upjs.sk\/pracoviska\/unipoc\/en\/#\/schema\/logo\/image\/"}}]}},"_links":{"self":[{"href":"https:\/\/www.upjs.sk\/pracoviska\/unipoc\/en\/wp-json\/wp\/v2\/pages\/19652","targetHints":{"allow":["GET"]}}],"collection":[{"href":"https:\/\/www.upjs.sk\/pracoviska\/unipoc\/en\/wp-json\/wp\/v2\/pages"}],"about":[{"href":"https:\/\/www.upjs.sk\/pracoviska\/unipoc\/en\/wp-json\/wp\/v2\/types\/page"}],"author":[{"embeddable":true,"href":"https:\/\/www.upjs.sk\/pracoviska\/unipoc\/en\/wp-json\/wp\/v2\/users\/1"}],"replies":[{"embeddable":true,"href":"https:\/\/www.upjs.sk\/pracoviska\/unipoc\/en\/wp-json\/wp\/v2\/comments?post=19652"}],"version-history":[{"count":1,"href":"https:\/\/www.upjs.sk\/pracoviska\/unipoc\/en\/wp-json\/wp\/v2\/pages\/19652\/revisions"}],"predecessor-version":[{"id":19931,"href":"https:\/\/www.upjs.sk\/pracoviska\/unipoc\/en\/wp-json\/wp\/v2\/pages\/19652\/revisions\/19931"}],"up":[{"embeddable":true,"href":"https:\/\/www.upjs.sk\/pracoviska\/unipoc\/en\/wp-json\/wp\/v2\/pages\/19612"}],"wp:attachment":[{"href":"https:\/\/www.upjs.sk\/pracoviska\/unipoc\/en\/wp-json\/wp\/v2\/media?parent=19652"}],"wp:term":[{"taxonomy":"category","embeddable":true,"href":"https:\/\/www.upjs.sk\/pracoviska\/unipoc\/en\/wp-json\/wp\/v2\/categories?post=19652"},{"taxonomy":"post_tag","embeddable":true,"href":"https:\/\/www.upjs.sk\/pracoviska\/unipoc\/en\/wp-json\/wp\/v2\/tags?post=19652"}],"curies":[{"name":"wp","href":"https:\/\/api.w.org\/{rel}","templated":true}]}}