{"id":19653,"date":"2022-09-22T15:18:11","date_gmt":"2022-09-22T15:18:11","guid":{"rendered":"https:\/\/www.upjs.sk\/pracoviska\/unipoc\/support-for-students-with-special-needs\/"},"modified":"2026-02-04T12:31:56","modified_gmt":"2026-02-04T12:31:56","slug":"support-for-students-with-special-needs","status":"publish","type":"page","link":"https:\/\/www.upjs.sk\/pracoviska\/unipoc\/en\/support-for-students-with-special-needs\/","title":{"rendered":"Support for students with special needs"},"content":{"rendered":"\n<p>Pursuant to provision of Section 100 of Law Act No. 131\/2002 Book of Statutes on universities and amending and supplementing certain law acts as amended by later regulations (hereinafter referred to as ZV\u0160), Pavol Jozef \u0160af\u00e1rik University in Ko\u0161ice creates a universally accessible academic milieu and appropriate policies of the study for the prospective students having specific needs without reducing the requirements for their study performance. In accordance with stipulation of Section 100 (2) ZV\u0160, the following student will be considered a student with special needs:<\/p>\n\n\n\n<p>a) with sensory, physical and multiple disabilities;<br>b) with chronic disease;<br>c) with a health weakening;<br>d) with mental illness;<br>e) with autism or other pervasive developmental disorders;<br>f) with learning disabilities;<\/p>\n\n\n\n<p>by reason of which s\/he needs appropriate adjustment of and support in education.<\/p>\n\n\n\n<div style=\"height:8px\" aria-hidden=\"true\" class=\"wp-block-spacer\"><\/div>\n\n\n\n<p><strong>For prospective students at Pavol Jozef \u0160af\u00e1rik University in Ko\u0161ice<\/strong><\/p>\n\n\n\n<p>UPJ\u0160 provides support in connection with the modification of admittance examinations to prospective students with specific needs. Before the admission procedure, the following steps should be made:<\/p>\n\n\n\n<ol class=\"wp-block-list\">\n<li>Contact the coordinator of the relevant Faculty;<\/li>\n\n\n\n<li>Submit a report from an expert psychologist, speech therapist, school psychologist, school speech therapist or specialist educator (see the <a href=\"https:\/\/intranet.upjs.sk\/op\/op.Public.php?documentid=9270\" target=\"_blank\" aria-label=\"Rector\u00b4s Decree No. 4\/2024 (opens in a new tab)\" rel=\"noreferrer noopener\" class=\"ek-link\">Rector\u00b4s Decree No. 4\/2024<\/a> for more details);<\/li>\n\n\n\n<li>Fill out the Application Form for Modification of the Admittance Examination (its model is <a aria-label=\"in the Annex No. 2, 4, and 5  (opens in a new tab)\" href=\"https:\/\/intranet.upjs.sk\/op\/op.Public.php?documentid=9271\" target=\"_blank\" rel=\"noreferrer noopener\" class=\"ek-link\">in the Annex No. 1, 3, and 4 <\/a>hereto). The application shall be approved by the Dean of the Faculty on the recommendation of the coordinator.<\/li>\n<\/ol>\n\n\n\n<div style=\"height:17px\" aria-hidden=\"true\" class=\"wp-block-spacer\"><\/div>\n\n\n\n<p><strong>For students of Pavol Jozef \u0160af\u00e1rik University in Ko\u0161ice<\/strong><\/p>\n\n\n\n<p>To obtain support in education and reasonable modification of the study, the following steps should be taken:<\/p>\n\n\n\n<ol class=\"wp-block-list\">\n<li>Contact the coordinator at the relevant Faculty;<\/li>\n\n\n\n<li>Submit a report from a professional \u2013 physician, psychologist, speech therapist, school psychologist, school speech therapist or a special educator (see the <a href=\"https:\/\/intranet.upjs.sk\/op\/op.Public.php?documentid=9270\" target=\"_blank\" aria-label=\"Rector\u00b4s Decree No. 4\/2024 (opens in a new tab)\" rel=\"noreferrer noopener\" class=\"ek-link\">Rector\u00b4s Decree No. 4\/2024<\/a> for more details);<\/li>\n\n\n\n<li>Fill out the Application Form for Obtaining the Status of Student with Special Needs (its model&nbsp;<a href=\"https:\/\/intranet.upjs.sk\/op\/op.Public.php?documentid=9190\" class=\"ek-link\"><\/a><a aria-label=\"in the Annex No. 3, 6, and 7 (opens in a new tab)\" href=\"https:\/\/intranet.upjs.sk\/op\/op.Public.php?documentid=9271\" target=\"_blank\" rel=\"noreferrer noopener\" class=\"ek-link\">in the Annex No. 2, 5, and 6<\/a> hereto). The application shall be approved by the Dean of the Faculty on the recommendation of the coordinator.<\/li>\n<\/ol>\n\n\n\n<div style=\"height:15px\" aria-hidden=\"true\" class=\"wp-block-spacer\"><\/div>\n\n\n\n<p>In their work with the students with special needs, the coordinators shall provide the students with information on the relevant Faculty, on the study, information on the admittance examinations, evaluate the specific needs of applicants and students, help in addressing the modification of the form of the admittance examination or that of their semester tests and other educational issues.<\/p>\n\n\n\n<p>Contacts:<\/p>\n\n\n\n<ul class=\"wp-block-list\">\n<li><u>Faculty of Public Administration:<br><\/u><a href=\"https:\/\/www.upjs.sk\/en\/FVS\/employee\/lenka.pcolinska\/\" class=\"ek-link\">Ing. Lenka P\u010dolinsk\u00e1, PhD.<\/a><span style=\"color: initial;\">, <\/span><a href=\"mailto:lenka.pcolinska@upjs.sk\">lenka.pcolinska@upjs.sk<\/a><span style=\"color: initial;\">, Phone Nr.: 055 234 5141<\/span><\/li>\n\n\n\n<li><u>Faculty of Arts and Faculty of Science:<\/u><br><a href=\"mailto:lucia.tothova1@upjs.sk\" class=\"ek-link\"><\/a><a href=\"https:\/\/www.upjs.sk\/en\/FF\/employee\/lucia.tothova1\/\" class=\"ek-link\">Mgr. Lucia T\u00f3thov\u00e1, PhD.<\/a>, <a href=\"mailto:lucia.tothova1@upjs.sk\" class=\"ek-link\">lucia.tothova1@upjs.sk<\/a>,&nbsp;VoIP: 055&nbsp;234 7125<\/li>\n\n\n\n<li><u>Faculty of Medicine:<\/u><br><a href=\"https:\/\/www.upjs.sk\/en\/LF\/employee\/zuzana.orsagova.kralova\/\">RNDr. Zuzana Ors\u00e1gov\u00e1 Kr\u00e1lov\u00e1, PhD.<\/a>, <a href=\"mailto:zuzana.orsagova.kralova@upjs.sk\">zuzana.orsagova.kralova@upjs.sk<\/a> VoIP: 055 234 3565<\/li>\n\n\n\n<li><u>Faculty of Law:<\/u><br><a href=\"https:\/\/www.upjs.sk\/en\/PrF\/employee\/jana.zulova\/\" target=\"_blank\" rel=\"noreferrer noopener\">doc. JUDr. Jana \u017du\u013eov\u00e1, PhD.<\/a>, <a href=\"mailto:jana.zulova@upjs.sk\">jana.zulova@upjs.sk<\/a>, Phone Nr.: 055&nbsp;234 4134<\/li>\n\n\n\n<li><u>Institute of Physical Education and Sport:<\/u><br><a href=\"http:\/\/www.upjs.sk\/en\/UPJS\/employee\/veronika.zibrinyiova\/\" target=\"_blank\" rel=\"noreferrer noopener\">Mgr. Veronika Zibrinyiov\u00e1, PhD.<\/a>,\u00a0<a href=\"mailto:lenka.hudakova@upjs.sk\"><\/a><a href=\"mailto: veronika.zibrinyiova@upjs.sk\">veronika.zibrinyiova@upjs.sk<\/a>, Phone Nr.: 055\u00a0234 1218<\/li>\n<\/ul>\n\n\n\n<div style=\"height:20px\" aria-hidden=\"true\" class=\"wp-block-spacer\"><\/div>\n\n\n\n<p>&nbsp;<strong>Support services<\/strong><\/p>\n\n\n\n<p>Students with special needs shall have the following support services available:<\/p>\n\n\n\n<ol class=\"wp-block-list\">\n<li><strong>Counselling<\/strong>: psychological, social, legal, career &#8211; <a href=\"https:\/\/portal.ccvapp.upjs.sk\/admin\/selectgroup\" target=\"_blank\" rel=\"noopener\">e-counselling<\/a>.<\/li>\n\n\n\n<li><strong>Technical support<\/strong> (special devices and aids): students with special needs shall have these devices available (<a href=\"https:\/\/www.upjs.sk\/en\/departments\/university-counselling-center\/photos\/devices-for-students\/\">photos<\/a>)<br>&#8211; electronic reading magnifier with speech output;<br>&#8211; scanning pen;<br>&#8211; computer set with a touch screen monitor with the NVDA programme installed (application for voice reading the text from the screen for blind students), with an ergonomic mouse, a keyboard adapted for the partially sighted students, and armrests.<br>These devices are available at the Philosophical Library at Moyzesova street No. 9. We recommend that you book this facility in advance by e-mail at the address <a href=\"mailto:unipoc@upjs.sk\">unipoc@upjs.sk<\/a>.<\/li>\n\n\n\n<li><strong>IT consulting<\/strong> (<a href=\"https:\/\/www.upjs.sk\/en\/PF\/zamestnanec\/juraj.sebej\">RNDr. Juraj \u0160ebej, PhD.<\/a>, <a href=\"mailto:juraj.sebej@upjs.sk\">juraj.sebej@upjs.sk<\/a>, Phone Nr.: 055 234 2434): assistance and support in the use of IT resources. Advice for setting up the AIS for the visually impaired students. The settings of the PC for the visually impaired students.<\/li>\n\n\n\n<li><strong>Library and lending services<\/strong> (<a href=\"https:\/\/www.upjs.sk\/en\/UPJS\/employee\/jana.zakutanska\/\">Mgr. Jana Zaku\u0165ansk\u00e1<\/a>,\u00a0<a href=\"mailto: jana.zakutanska@upjs.sk\">jana.zakutanska@upjs.sk<\/a>):<br>&#8211; Free registration<br>&#8211; Longer loan period (6 months) with the possibility of a one-time extension (i.e., for\u00a0the next 6 months).<br>&#8211; Copying and scanning services. Students have the option to print on every workplace of the Library (these services are charged according to the valid price list).<br>&#8211; In the Medical Library and the Faculty of Public Administration Library, the self-service high-quality library scanner is available at (free of charge).<br>&#8211; E-reading room: the most frequently required collection of sources in the electronic format (pdf). The number of titles is constantly expanding.<br>&#8211; Obtaining the titles, which are not included in the University Library from any other of the Slovak and foreign libraries through the interlibrary loan service and the international interlibrary loan service.<br>&#8211; Free provision of reference and research services for students with special needs.<br>&#8211; Information education: the University Library teaches the students how to work with specialized electronic resources, as well as with its own online library catalogue and search for the necessary documents.<\/li>\n\n\n\n<li><strong>Erasmus+<\/strong>; the UPJ\u0160 student with special needs may apply for a grant, which is used to cover the expenses associated with special needs during the implementation of the mobility period abroad. More information available at the <a href=\"http:\/\/www.upjs.sk\/en\/university\/international-relations\/\">Department for International Affairs<\/a>.<\/li>\n<\/ol>\n","protected":false},"excerpt":{"rendered":"<p>Pursuant to provision of Section 100 of Law Act No. 131\/2002 Book of Statutes on universities and amending and supplementing certain law acts as amended by later regulations (hereinafter referred to as ZV\u0160), Pavol Jozef \u0160af\u00e1rik University in Ko\u0161ice creates a universally accessible academic milieu and appropriate policies of the study for the prospective students &hellip; <a href=\"https:\/\/www.upjs.sk\/pracoviska\/unipoc\/en\/support-for-students-with-special-needs\/\">Continued<\/a><\/p>\n","protected":false},"author":1,"featured_media":0,"parent":0,"menu_order":3,"comment_status":"closed","ping_status":"closed","template":"","meta":{"_acf_changed":false,"_editorskit_title_hidden":false,"_editorskit_reading_time":3,"_editorskit_is_block_options_detached":false,"_editorskit_block_options_position":"{}","footnotes":""},"categories":[],"tags":[],"class_list":["post-19653","page","type-page","status-publish","hentry"],"acf":{"acf_link_na_externy_obsah":""},"yoast_head":"<!-- This site is optimized with the Yoast SEO plugin v27.4 - https:\/\/yoast.com\/product\/yoast-seo-wordpress\/ -->\n<title>Support for students with special needs - Univerzitn\u00e9 poradensk\u00e9 centrum (UNIPOC) | UPJ\u0160<\/title>\n<meta name=\"robots\" content=\"index, follow, max-snippet:-1, max-image-preview:large, max-video-preview:-1\" \/>\n<link rel=\"canonical\" href=\"https:\/\/www.upjs.sk\/pracoviska\/unipoc\/en\/support-for-students-with-special-needs\/\" \/>\n<meta property=\"og:locale\" content=\"en_US\" \/>\n<meta property=\"og:type\" content=\"article\" \/>\n<meta property=\"og:title\" content=\"Support for students with special needs - Univerzitn\u00e9 poradensk\u00e9 centrum (UNIPOC) | UPJ\u0160\" \/>\n<meta property=\"og:description\" content=\"Pursuant to provision of Section 100 of Law Act No. 131\/2002 Book of Statutes on universities and amending and supplementing certain law acts as amended by later regulations (hereinafter referred to as ZV\u0160), Pavol Jozef \u0160af\u00e1rik University in Ko\u0161ice creates a universally accessible academic milieu and appropriate policies of the study for the prospective students &hellip; Continued\" \/>\n<meta property=\"og:url\" content=\"https:\/\/www.upjs.sk\/pracoviska\/unipoc\/en\/support-for-students-with-special-needs\/\" \/>\n<meta property=\"og:site_name\" content=\"Univerzitn\u00e9 poradensk\u00e9 centrum (UNIPOC) | UPJ\u0160\" \/>\n<meta property=\"article:modified_time\" content=\"2026-02-04T12:31:56+00:00\" \/>\n<meta name=\"twitter:card\" content=\"summary_large_image\" \/>\n<meta name=\"twitter:label1\" content=\"Est. reading time\" \/>\n\t<meta name=\"twitter:data1\" content=\"5 minutes\" \/>\n<script type=\"application\/ld+json\" class=\"yoast-schema-graph\">{\"@context\":\"https:\\\/\\\/schema.org\",\"@graph\":[{\"@type\":\"WebPage\",\"@id\":\"https:\\\/\\\/www.upjs.sk\\\/pracoviska\\\/unipoc\\\/en\\\/support-for-students-with-special-needs\\\/\",\"url\":\"https:\\\/\\\/www.upjs.sk\\\/pracoviska\\\/unipoc\\\/en\\\/support-for-students-with-special-needs\\\/\",\"name\":\"Support for students with special needs - Univerzitn\u00e9 poradensk\u00e9 centrum (UNIPOC) | UPJ\u0160\",\"isPartOf\":{\"@id\":\"https:\\\/\\\/www.upjs.sk\\\/pracoviska\\\/unipoc\\\/en\\\/#website\"},\"datePublished\":\"2022-09-22T15:18:11+00:00\",\"dateModified\":\"2026-02-04T12:31:56+00:00\",\"breadcrumb\":{\"@id\":\"https:\\\/\\\/www.upjs.sk\\\/pracoviska\\\/unipoc\\\/en\\\/support-for-students-with-special-needs\\\/#breadcrumb\"},\"inLanguage\":\"en-US\",\"potentialAction\":[{\"@type\":\"ReadAction\",\"target\":[\"https:\\\/\\\/www.upjs.sk\\\/pracoviska\\\/unipoc\\\/en\\\/support-for-students-with-special-needs\\\/\"]}]},{\"@type\":\"BreadcrumbList\",\"@id\":\"https:\\\/\\\/www.upjs.sk\\\/pracoviska\\\/unipoc\\\/en\\\/support-for-students-with-special-needs\\\/#breadcrumb\",\"itemListElement\":[{\"@type\":\"ListItem\",\"position\":1,\"name\":\"Home\",\"item\":\"https:\\\/\\\/www.upjs.sk\\\/pracoviska\\\/unipoc\\\/en\\\/\"},{\"@type\":\"ListItem\",\"position\":2,\"name\":\"Support for students with special needs\"}]},{\"@type\":\"WebSite\",\"@id\":\"https:\\\/\\\/www.upjs.sk\\\/pracoviska\\\/unipoc\\\/en\\\/#website\",\"url\":\"https:\\\/\\\/www.upjs.sk\\\/pracoviska\\\/unipoc\\\/en\\\/\",\"name\":\"Univerzitn\u00e9 poradensk\u00e9 centrum (UNIPOC) | UPJ\u0160\",\"description\":\"\",\"publisher\":{\"@id\":\"https:\\\/\\\/www.upjs.sk\\\/pracoviska\\\/unipoc\\\/en\\\/#organization\"},\"potentialAction\":[{\"@type\":\"SearchAction\",\"target\":{\"@type\":\"EntryPoint\",\"urlTemplate\":\"https:\\\/\\\/www.upjs.sk\\\/pracoviska\\\/unipoc\\\/en\\\/?s={search_term_string}\"},\"query-input\":{\"@type\":\"PropertyValueSpecification\",\"valueRequired\":true,\"valueName\":\"search_term_string\"}}],\"inLanguage\":\"en-US\"},{\"@type\":\"Organization\",\"@id\":\"https:\\\/\\\/www.upjs.sk\\\/pracoviska\\\/unipoc\\\/en\\\/#organization\",\"name\":\"Univerzitn\u00e9 poradensk\u00e9 centrum (UNIPOC) | UPJ\u0160\",\"url\":\"https:\\\/\\\/www.upjs.sk\\\/pracoviska\\\/unipoc\\\/en\\\/\",\"logo\":{\"@type\":\"ImageObject\",\"inLanguage\":\"en-US\",\"@id\":\"https:\\\/\\\/www.upjs.sk\\\/pracoviska\\\/unipoc\\\/en\\\/#\\\/schema\\\/logo\\\/image\\\/\",\"url\":\"https:\\\/\\\/www.upjs.sk\\\/app\\\/uploads\\\/sites\\\/20\\\/2023\\\/01\\\/UNIPOC_ENG.svg\",\"contentUrl\":\"https:\\\/\\\/www.upjs.sk\\\/app\\\/uploads\\\/sites\\\/20\\\/2023\\\/01\\\/UNIPOC_ENG.svg\",\"width\":500,\"height\":138,\"caption\":\"Univerzitn\u00e9 poradensk\u00e9 centrum (UNIPOC) | UPJ\u0160\"},\"image\":{\"@id\":\"https:\\\/\\\/www.upjs.sk\\\/pracoviska\\\/unipoc\\\/en\\\/#\\\/schema\\\/logo\\\/image\\\/\"}}]}<\/script>\n<!-- \/ Yoast SEO plugin. -->","yoast_head_json":{"title":"Support for students with special needs - Univerzitn\u00e9 poradensk\u00e9 centrum (UNIPOC) | UPJ\u0160","robots":{"index":"index","follow":"follow","max-snippet":"max-snippet:-1","max-image-preview":"max-image-preview:large","max-video-preview":"max-video-preview:-1"},"canonical":"https:\/\/www.upjs.sk\/pracoviska\/unipoc\/en\/support-for-students-with-special-needs\/","og_locale":"en_US","og_type":"article","og_title":"Support for students with special needs - Univerzitn\u00e9 poradensk\u00e9 centrum (UNIPOC) | UPJ\u0160","og_description":"Pursuant to provision of Section 100 of Law Act No. 131\/2002 Book of Statutes on universities and amending and supplementing certain law acts as amended by later regulations (hereinafter referred to as ZV\u0160), Pavol Jozef \u0160af\u00e1rik University in Ko\u0161ice creates a universally accessible academic milieu and appropriate policies of the study for the prospective students &hellip; Continued","og_url":"https:\/\/www.upjs.sk\/pracoviska\/unipoc\/en\/support-for-students-with-special-needs\/","og_site_name":"Univerzitn\u00e9 poradensk\u00e9 centrum (UNIPOC) | UPJ\u0160","article_modified_time":"2026-02-04T12:31:56+00:00","twitter_card":"summary_large_image","twitter_misc":{"Est. reading time":"5 minutes"},"schema":{"@context":"https:\/\/schema.org","@graph":[{"@type":"WebPage","@id":"https:\/\/www.upjs.sk\/pracoviska\/unipoc\/en\/support-for-students-with-special-needs\/","url":"https:\/\/www.upjs.sk\/pracoviska\/unipoc\/en\/support-for-students-with-special-needs\/","name":"Support for students with special needs - Univerzitn\u00e9 poradensk\u00e9 centrum (UNIPOC) | UPJ\u0160","isPartOf":{"@id":"https:\/\/www.upjs.sk\/pracoviska\/unipoc\/en\/#website"},"datePublished":"2022-09-22T15:18:11+00:00","dateModified":"2026-02-04T12:31:56+00:00","breadcrumb":{"@id":"https:\/\/www.upjs.sk\/pracoviska\/unipoc\/en\/support-for-students-with-special-needs\/#breadcrumb"},"inLanguage":"en-US","potentialAction":[{"@type":"ReadAction","target":["https:\/\/www.upjs.sk\/pracoviska\/unipoc\/en\/support-for-students-with-special-needs\/"]}]},{"@type":"BreadcrumbList","@id":"https:\/\/www.upjs.sk\/pracoviska\/unipoc\/en\/support-for-students-with-special-needs\/#breadcrumb","itemListElement":[{"@type":"ListItem","position":1,"name":"Home","item":"https:\/\/www.upjs.sk\/pracoviska\/unipoc\/en\/"},{"@type":"ListItem","position":2,"name":"Support for students with special needs"}]},{"@type":"WebSite","@id":"https:\/\/www.upjs.sk\/pracoviska\/unipoc\/en\/#website","url":"https:\/\/www.upjs.sk\/pracoviska\/unipoc\/en\/","name":"Univerzitn\u00e9 poradensk\u00e9 centrum (UNIPOC) | UPJ\u0160","description":"","publisher":{"@id":"https:\/\/www.upjs.sk\/pracoviska\/unipoc\/en\/#organization"},"potentialAction":[{"@type":"SearchAction","target":{"@type":"EntryPoint","urlTemplate":"https:\/\/www.upjs.sk\/pracoviska\/unipoc\/en\/?s={search_term_string}"},"query-input":{"@type":"PropertyValueSpecification","valueRequired":true,"valueName":"search_term_string"}}],"inLanguage":"en-US"},{"@type":"Organization","@id":"https:\/\/www.upjs.sk\/pracoviska\/unipoc\/en\/#organization","name":"Univerzitn\u00e9 poradensk\u00e9 centrum (UNIPOC) | UPJ\u0160","url":"https:\/\/www.upjs.sk\/pracoviska\/unipoc\/en\/","logo":{"@type":"ImageObject","inLanguage":"en-US","@id":"https:\/\/www.upjs.sk\/pracoviska\/unipoc\/en\/#\/schema\/logo\/image\/","url":"https:\/\/www.upjs.sk\/app\/uploads\/sites\/20\/2023\/01\/UNIPOC_ENG.svg","contentUrl":"https:\/\/www.upjs.sk\/app\/uploads\/sites\/20\/2023\/01\/UNIPOC_ENG.svg","width":500,"height":138,"caption":"Univerzitn\u00e9 poradensk\u00e9 centrum (UNIPOC) | UPJ\u0160"},"image":{"@id":"https:\/\/www.upjs.sk\/pracoviska\/unipoc\/en\/#\/schema\/logo\/image\/"}}]}},"_links":{"self":[{"href":"https:\/\/www.upjs.sk\/pracoviska\/unipoc\/en\/wp-json\/wp\/v2\/pages\/19653","targetHints":{"allow":["GET"]}}],"collection":[{"href":"https:\/\/www.upjs.sk\/pracoviska\/unipoc\/en\/wp-json\/wp\/v2\/pages"}],"about":[{"href":"https:\/\/www.upjs.sk\/pracoviska\/unipoc\/en\/wp-json\/wp\/v2\/types\/page"}],"author":[{"embeddable":true,"href":"https:\/\/www.upjs.sk\/pracoviska\/unipoc\/en\/wp-json\/wp\/v2\/users\/1"}],"replies":[{"embeddable":true,"href":"https:\/\/www.upjs.sk\/pracoviska\/unipoc\/en\/wp-json\/wp\/v2\/comments?post=19653"}],"version-history":[{"count":19,"href":"https:\/\/www.upjs.sk\/pracoviska\/unipoc\/en\/wp-json\/wp\/v2\/pages\/19653\/revisions"}],"predecessor-version":[{"id":23997,"href":"https:\/\/www.upjs.sk\/pracoviska\/unipoc\/en\/wp-json\/wp\/v2\/pages\/19653\/revisions\/23997"}],"wp:attachment":[{"href":"https:\/\/www.upjs.sk\/pracoviska\/unipoc\/en\/wp-json\/wp\/v2\/media?parent=19653"}],"wp:term":[{"taxonomy":"category","embeddable":true,"href":"https:\/\/www.upjs.sk\/pracoviska\/unipoc\/en\/wp-json\/wp\/v2\/categories?post=19653"},{"taxonomy":"post_tag","embeddable":true,"href":"https:\/\/www.upjs.sk\/pracoviska\/unipoc\/en\/wp-json\/wp\/v2\/tags?post=19653"}],"curies":[{"name":"wp","href":"https:\/\/api.w.org\/{rel}","templated":true}]}}