{"id":20370,"date":"2023-01-09T14:05:11","date_gmt":"2023-01-09T14:05:11","guid":{"rendered":"https:\/\/www.upjs.sk\/pracoviska\/unipoc\/?page_id=20370"},"modified":"2026-02-04T12:29:23","modified_gmt":"2026-02-04T12:29:23","slug":"events-2","status":"publish","type":"page","link":"https:\/\/www.upjs.sk\/pracoviska\/unipoc\/en\/events-2\/","title":{"rendered":"Events"},"content":{"rendered":"\n<p>We organize various <strong>offline and online events<\/strong> for students throughout the academic year, where they can <strong>develop their competences<\/strong>, <strong>establish contacts with employers<\/strong>, <strong>gain important information<\/strong> in the field of mental health, or <strong>find employment in the labor market<\/strong>. We start the winter semester with a workshop on effective learning, and in October we traditionally hold the World Mental Health Day, which is followed by various workshops and webinars on stress management and relaxation. November focuses on career topics. The summer semester is dominated by the Career Day, which takes place annually in April and is an ideal place to establish contacts with employers and get an internship or job. At the end of the summer semester, we organize the Graduate Starter-Pack event for all graduating students. Every year we also supplement the offer with other events in cooperation with employers and our partners.<\/p>\n\n\n\n<p>Students can view the current offer of events on the UNIPOC website in the &#8220;events&#8221; section, on UNIPOC social networks or on the\u00a0<a href=\"https:\/\/portal.ccvapp.upjs.sk\/activity\/unipoc-aktivity-studenti\" target=\"_blank\" rel=\"noreferrer noopener\" class=\"ek-link\">CCVaPP &#8211; Activities portal.<\/a><\/p>\n\n\n\n<ul class=\"wp-block-list\">\n<li><strong>Career day<\/strong><\/li>\n<\/ul>\n\n\n\n<p>For students, <a href=\"https:\/\/www.upjs.sk\/pracoviska\/unipoc\/en\/career-day\/\" type=\"page\" id=\"21970\">Career Day<\/a> is an ideal place to make contacts with employers and get internships or jobs. It is a great opportunity for employers to meet quality students and future graduates of our university. Career Day is held annually in April and, as a rule, Rector&#8217;s leave is granted to students at the time of the event.<\/p>\n\n\n\n<ul class=\"wp-block-list\">\n<li><strong>CV check<\/strong><\/li>\n<\/ul>\n\n\n\n<p>During the semester, students have an opportunity to come and get advice on how to write an interesting CV or cover letter. We will provide more information about the date of the event later.<\/p>\n\n\n\n<p><\/p>\n\n\n\n<ul class=\"wp-block-list\">\n<li><strong>Relaxation Techniques<\/strong><\/li>\n<\/ul>\n\n\n\n<p>We invite you on Wednesday May 20, 2026 to join our webinar. Pause and Breathe \u2013 Discover the Power of Relaxation Techniques. Join our webinar and learn simple yet effective ways to release stress, find inner calm, and recharge your energy. You&#8217;ll get practical tips, guided relaxation exercises, and time for questions. Treat yourself to a moment of peace \u2013 your body and mind will thank you.\u00a0Online \u2013 from the comfort of your home.<\/p>\n\n\n\n<p>Link for registration:&nbsp;<a href=\"https:\/\/portal.ccvapp.upjs.sk\/activity\/unipoc-aktivity-studenti\">https:\/\/portal.ccvapp.upjs.sk\/activity\/unipoc-aktivity-studenti<\/a><\/p>\n\n\n\n<p><\/p>\n\n\n\n<ul class=\"wp-block-list\">\n<li>and <strong>other events<\/strong> <\/li>\n<\/ul>\n\n\n\n<p><\/p>\n\n\n<style>.wp-block-kadence-spacer.kt-block-spacer-20370_282589-cd .kt-block-spacer{height:6px;}.wp-block-kadence-spacer.kt-block-spacer-20370_282589-cd .kt-divider{border-top-width:1px;height:1px;border-top-color:#eee;width:100%;border-top-style:solid;}<\/style>\n<div class=\"wp-block-kadence-spacer aligncenter kt-block-spacer-20370_282589-cd\"><div class=\"kt-block-spacer kt-block-spacer-halign-center\"><hr class=\"kt-divider\"\/><\/div><\/div>\n\n\n\n<figure class=\"wp-block-gallery has-nested-images columns-default is-cropped wp-block-gallery-1 is-layout-flex wp-block-gallery-is-layout-flex\">\n<figure class=\"wp-block-image size-large\"><img loading=\"lazy\" decoding=\"async\" width=\"1024\" height=\"683\" data-id=\"23242\" src=\"https:\/\/www.upjs.sk\/app\/uploads\/sites\/20\/2025\/08\/UNIPOC_UPJS_KE_sj1905_5165-1024x683.jpg\" alt=\"\" class=\"wp-image-23242\" srcset=\"https:\/\/www.upjs.sk\/app\/uploads\/sites\/20\/2025\/08\/UNIPOC_UPJS_KE_sj1905_5165-1024x683.jpg 1024w, https:\/\/www.upjs.sk\/app\/uploads\/sites\/20\/2025\/08\/UNIPOC_UPJS_KE_sj1905_5165-300x200.jpg 300w, https:\/\/www.upjs.sk\/app\/uploads\/sites\/20\/2025\/08\/UNIPOC_UPJS_KE_sj1905_5165-768x512.jpg 768w, https:\/\/www.upjs.sk\/app\/uploads\/sites\/20\/2025\/08\/UNIPOC_UPJS_KE_sj1905_5165-1536x1024.jpg 1536w, https:\/\/www.upjs.sk\/app\/uploads\/sites\/20\/2025\/08\/UNIPOC_UPJS_KE_sj1905_5165-2048x1365.jpg 2048w\" sizes=\"auto, (max-width: 1024px) 100vw, 1024px\" \/><\/figure>\n\n\n\n<figure class=\"wp-block-image size-large\"><img loading=\"lazy\" decoding=\"async\" width=\"600\" height=\"400\" data-id=\"23305\" src=\"https:\/\/www.upjs.sk\/app\/uploads\/sites\/20\/2025\/08\/37DK2017.jpg\" alt=\"\" class=\"wp-image-23305\" srcset=\"https:\/\/www.upjs.sk\/app\/uploads\/sites\/20\/2025\/08\/37DK2017.jpg 600w, https:\/\/www.upjs.sk\/app\/uploads\/sites\/20\/2025\/08\/37DK2017-300x200.jpg 300w\" sizes=\"auto, (max-width: 600px) 100vw, 600px\" \/><\/figure>\n\n\n\n<figure class=\"wp-block-image size-large\"><img loading=\"lazy\" decoding=\"async\" width=\"800\" height=\"533\" data-id=\"22975\" src=\"https:\/\/www.upjs.sk\/app\/uploads\/sites\/20\/2025\/03\/IMG_9795.jpg\" alt=\"\" class=\"wp-image-22975\" srcset=\"https:\/\/www.upjs.sk\/app\/uploads\/sites\/20\/2025\/03\/IMG_9795.jpg 800w, https:\/\/www.upjs.sk\/app\/uploads\/sites\/20\/2025\/03\/IMG_9795-300x200.jpg 300w, https:\/\/www.upjs.sk\/app\/uploads\/sites\/20\/2025\/03\/IMG_9795-768x512.jpg 768w\" sizes=\"auto, (max-width: 800px) 100vw, 800px\" \/><\/figure>\n\n\n\n<figure class=\"wp-block-image size-large\"><img loading=\"lazy\" decoding=\"async\" width=\"800\" height=\"533\" data-id=\"21146\" src=\"https:\/\/www.upjs.sk\/app\/uploads\/sites\/20\/2023\/04\/DK2023UPJS25.jpg\" alt=\"\" class=\"wp-image-21146\" srcset=\"https:\/\/www.upjs.sk\/app\/uploads\/sites\/20\/2023\/04\/DK2023UPJS25.jpg 800w, https:\/\/www.upjs.sk\/app\/uploads\/sites\/20\/2023\/04\/DK2023UPJS25-300x200.jpg 300w, https:\/\/www.upjs.sk\/app\/uploads\/sites\/20\/2023\/04\/DK2023UPJS25-768x512.jpg 768w\" sizes=\"auto, (max-width: 800px) 100vw, 800px\" \/><\/figure>\n\n\n\n<figure class=\"wp-block-image size-large\"><img loading=\"lazy\" decoding=\"async\" width=\"600\" height=\"400\" data-id=\"19486\" src=\"https:\/\/www.upjs.sk\/app\/uploads\/sites\/20\/2022\/10\/DS271119unipoc2.jpg\" alt=\"\" class=\"wp-image-19486\" srcset=\"https:\/\/www.upjs.sk\/app\/uploads\/sites\/20\/2022\/10\/DS271119unipoc2.jpg 600w, https:\/\/www.upjs.sk\/app\/uploads\/sites\/20\/2022\/10\/DS271119unipoc2-300x200.jpg 300w\" sizes=\"auto, (max-width: 600px) 100vw, 600px\" \/><\/figure>\n\n\n\n<figure class=\"wp-block-image size-large\"><img loading=\"lazy\" decoding=\"async\" width=\"600\" height=\"400\" data-id=\"19490\" src=\"https:\/\/www.upjs.sk\/app\/uploads\/sites\/20\/2022\/10\/DS271119unipoc3.jpg\" alt=\"\" class=\"wp-image-19490\" srcset=\"https:\/\/www.upjs.sk\/app\/uploads\/sites\/20\/2022\/10\/DS271119unipoc3.jpg 600w, https:\/\/www.upjs.sk\/app\/uploads\/sites\/20\/2022\/10\/DS271119unipoc3-300x200.jpg 300w\" sizes=\"auto, (max-width: 600px) 100vw, 600px\" \/><\/figure>\n<\/figure>\n\n\n\n<p><\/p>\n","protected":false},"excerpt":{"rendered":"<p>We organize various offline and online events for students throughout the academic year, where they can develop their competences, establish contacts with employers, gain important information in the field of mental health, or find employment in the labor market. We start the winter semester with a workshop on effective learning, and in October we traditionally &hellip; <a href=\"https:\/\/www.upjs.sk\/pracoviska\/unipoc\/en\/events-2\/\">Continued<\/a><\/p>\n","protected":false},"author":14,"featured_media":0,"parent":0,"menu_order":7,"comment_status":"closed","ping_status":"closed","template":"","meta":{"_acf_changed":false,"_editorskit_title_hidden":false,"_editorskit_reading_time":1,"_editorskit_is_block_options_detached":false,"_editorskit_block_options_position":"{}","footnotes":"[]"},"categories":[],"tags":[],"class_list":["post-20370","page","type-page","status-publish","hentry"],"acf":{"acf_link_na_externy_obsah":""},"yoast_head":"<!-- This site is optimized with the Yoast SEO plugin v27.4 - https:\/\/yoast.com\/product\/yoast-seo-wordpress\/ -->\n<title>Events - Univerzitn\u00e9 poradensk\u00e9 centrum (UNIPOC) | UPJ\u0160<\/title>\n<meta name=\"robots\" content=\"index, follow, max-snippet:-1, max-image-preview:large, max-video-preview:-1\" \/>\n<link rel=\"canonical\" href=\"https:\/\/www.upjs.sk\/pracoviska\/unipoc\/en\/events-2\/\" \/>\n<meta property=\"og:locale\" content=\"en_US\" \/>\n<meta property=\"og:type\" content=\"article\" \/>\n<meta property=\"og:title\" content=\"Events - Univerzitn\u00e9 poradensk\u00e9 centrum (UNIPOC) | UPJ\u0160\" \/>\n<meta property=\"og:description\" content=\"We organize various offline and online events for students throughout the academic year, where they can develop their competences, establish contacts with employers, gain important information in the field of mental health, or find employment in the labor market. We start the winter semester with a workshop on effective learning, and in October we traditionally &hellip; Continued\" \/>\n<meta property=\"og:url\" content=\"https:\/\/www.upjs.sk\/pracoviska\/unipoc\/en\/events-2\/\" \/>\n<meta property=\"og:site_name\" content=\"Univerzitn\u00e9 poradensk\u00e9 centrum (UNIPOC) | UPJ\u0160\" \/>\n<meta property=\"article:modified_time\" content=\"2026-02-04T12:29:23+00:00\" \/>\n<meta property=\"og:image\" content=\"https:\/\/www.upjs.sk\/app\/uploads\/sites\/20\/2025\/08\/UNIPOC_UPJS_KE_sj1905_5165.jpg\" \/>\n\t<meta property=\"og:image:width\" content=\"3000\" \/>\n\t<meta property=\"og:image:height\" content=\"2000\" \/>\n\t<meta property=\"og:image:type\" content=\"image\/jpeg\" \/>\n<meta name=\"twitter:card\" content=\"summary_large_image\" \/>\n<meta name=\"twitter:label1\" content=\"Est. reading time\" \/>\n\t<meta name=\"twitter:data1\" content=\"4 minutes\" \/>\n<script type=\"application\/ld+json\" class=\"yoast-schema-graph\">{\"@context\":\"https:\\\/\\\/schema.org\",\"@graph\":[{\"@type\":\"WebPage\",\"@id\":\"https:\\\/\\\/www.upjs.sk\\\/pracoviska\\\/unipoc\\\/en\\\/events-2\\\/\",\"url\":\"https:\\\/\\\/www.upjs.sk\\\/pracoviska\\\/unipoc\\\/en\\\/events-2\\\/\",\"name\":\"Events - Univerzitn\u00e9 poradensk\u00e9 centrum (UNIPOC) | UPJ\u0160\",\"isPartOf\":{\"@id\":\"https:\\\/\\\/www.upjs.sk\\\/pracoviska\\\/unipoc\\\/en\\\/#website\"},\"primaryImageOfPage\":{\"@id\":\"https:\\\/\\\/www.upjs.sk\\\/pracoviska\\\/unipoc\\\/en\\\/events-2\\\/#primaryimage\"},\"image\":{\"@id\":\"https:\\\/\\\/www.upjs.sk\\\/pracoviska\\\/unipoc\\\/en\\\/events-2\\\/#primaryimage\"},\"thumbnailUrl\":\"https:\\\/\\\/www.upjs.sk\\\/app\\\/uploads\\\/sites\\\/20\\\/2025\\\/08\\\/UNIPOC_UPJS_KE_sj1905_5165-1024x683.jpg\",\"datePublished\":\"2023-01-09T14:05:11+00:00\",\"dateModified\":\"2026-02-04T12:29:23+00:00\",\"breadcrumb\":{\"@id\":\"https:\\\/\\\/www.upjs.sk\\\/pracoviska\\\/unipoc\\\/en\\\/events-2\\\/#breadcrumb\"},\"inLanguage\":\"en-US\",\"potentialAction\":[{\"@type\":\"ReadAction\",\"target\":[\"https:\\\/\\\/www.upjs.sk\\\/pracoviska\\\/unipoc\\\/en\\\/events-2\\\/\"]}]},{\"@type\":\"ImageObject\",\"inLanguage\":\"en-US\",\"@id\":\"https:\\\/\\\/www.upjs.sk\\\/pracoviska\\\/unipoc\\\/en\\\/events-2\\\/#primaryimage\",\"url\":\"https:\\\/\\\/www.upjs.sk\\\/app\\\/uploads\\\/sites\\\/20\\\/2025\\\/08\\\/UNIPOC_UPJS_KE_sj1905_5165-1024x683.jpg\",\"contentUrl\":\"https:\\\/\\\/www.upjs.sk\\\/app\\\/uploads\\\/sites\\\/20\\\/2025\\\/08\\\/UNIPOC_UPJS_KE_sj1905_5165-1024x683.jpg\"},{\"@type\":\"BreadcrumbList\",\"@id\":\"https:\\\/\\\/www.upjs.sk\\\/pracoviska\\\/unipoc\\\/en\\\/events-2\\\/#breadcrumb\",\"itemListElement\":[{\"@type\":\"ListItem\",\"position\":1,\"name\":\"Home\",\"item\":\"https:\\\/\\\/www.upjs.sk\\\/pracoviska\\\/unipoc\\\/en\\\/\"},{\"@type\":\"ListItem\",\"position\":2,\"name\":\"Events\"}]},{\"@type\":\"WebSite\",\"@id\":\"https:\\\/\\\/www.upjs.sk\\\/pracoviska\\\/unipoc\\\/en\\\/#website\",\"url\":\"https:\\\/\\\/www.upjs.sk\\\/pracoviska\\\/unipoc\\\/en\\\/\",\"name\":\"Univerzitn\u00e9 poradensk\u00e9 centrum (UNIPOC) | UPJ\u0160\",\"description\":\"\",\"publisher\":{\"@id\":\"https:\\\/\\\/www.upjs.sk\\\/pracoviska\\\/unipoc\\\/en\\\/#organization\"},\"potentialAction\":[{\"@type\":\"SearchAction\",\"target\":{\"@type\":\"EntryPoint\",\"urlTemplate\":\"https:\\\/\\\/www.upjs.sk\\\/pracoviska\\\/unipoc\\\/en\\\/?s={search_term_string}\"},\"query-input\":{\"@type\":\"PropertyValueSpecification\",\"valueRequired\":true,\"valueName\":\"search_term_string\"}}],\"inLanguage\":\"en-US\"},{\"@type\":\"Organization\",\"@id\":\"https:\\\/\\\/www.upjs.sk\\\/pracoviska\\\/unipoc\\\/en\\\/#organization\",\"name\":\"Univerzitn\u00e9 poradensk\u00e9 centrum (UNIPOC) | UPJ\u0160\",\"url\":\"https:\\\/\\\/www.upjs.sk\\\/pracoviska\\\/unipoc\\\/en\\\/\",\"logo\":{\"@type\":\"ImageObject\",\"inLanguage\":\"en-US\",\"@id\":\"https:\\\/\\\/www.upjs.sk\\\/pracoviska\\\/unipoc\\\/en\\\/#\\\/schema\\\/logo\\\/image\\\/\",\"url\":\"https:\\\/\\\/www.upjs.sk\\\/app\\\/uploads\\\/sites\\\/20\\\/2023\\\/01\\\/UNIPOC_ENG.svg\",\"contentUrl\":\"https:\\\/\\\/www.upjs.sk\\\/app\\\/uploads\\\/sites\\\/20\\\/2023\\\/01\\\/UNIPOC_ENG.svg\",\"width\":500,\"height\":138,\"caption\":\"Univerzitn\u00e9 poradensk\u00e9 centrum (UNIPOC) | UPJ\u0160\"},\"image\":{\"@id\":\"https:\\\/\\\/www.upjs.sk\\\/pracoviska\\\/unipoc\\\/en\\\/#\\\/schema\\\/logo\\\/image\\\/\"}}]}<\/script>\n<!-- \/ Yoast SEO plugin. -->","yoast_head_json":{"title":"Events - Univerzitn\u00e9 poradensk\u00e9 centrum (UNIPOC) | UPJ\u0160","robots":{"index":"index","follow":"follow","max-snippet":"max-snippet:-1","max-image-preview":"max-image-preview:large","max-video-preview":"max-video-preview:-1"},"canonical":"https:\/\/www.upjs.sk\/pracoviska\/unipoc\/en\/events-2\/","og_locale":"en_US","og_type":"article","og_title":"Events - Univerzitn\u00e9 poradensk\u00e9 centrum (UNIPOC) | UPJ\u0160","og_description":"We organize various offline and online events for students throughout the academic year, where they can develop their competences, establish contacts with employers, gain important information in the field of mental health, or find employment in the labor market. We start the winter semester with a workshop on effective learning, and in October we traditionally &hellip; Continued","og_url":"https:\/\/www.upjs.sk\/pracoviska\/unipoc\/en\/events-2\/","og_site_name":"Univerzitn\u00e9 poradensk\u00e9 centrum (UNIPOC) | UPJ\u0160","article_modified_time":"2026-02-04T12:29:23+00:00","og_image":[{"width":3000,"height":2000,"url":"https:\/\/www.upjs.sk\/app\/uploads\/sites\/20\/2025\/08\/UNIPOC_UPJS_KE_sj1905_5165.jpg","type":"image\/jpeg"}],"twitter_card":"summary_large_image","twitter_misc":{"Est. reading time":"4 minutes"},"schema":{"@context":"https:\/\/schema.org","@graph":[{"@type":"WebPage","@id":"https:\/\/www.upjs.sk\/pracoviska\/unipoc\/en\/events-2\/","url":"https:\/\/www.upjs.sk\/pracoviska\/unipoc\/en\/events-2\/","name":"Events - Univerzitn\u00e9 poradensk\u00e9 centrum (UNIPOC) | UPJ\u0160","isPartOf":{"@id":"https:\/\/www.upjs.sk\/pracoviska\/unipoc\/en\/#website"},"primaryImageOfPage":{"@id":"https:\/\/www.upjs.sk\/pracoviska\/unipoc\/en\/events-2\/#primaryimage"},"image":{"@id":"https:\/\/www.upjs.sk\/pracoviska\/unipoc\/en\/events-2\/#primaryimage"},"thumbnailUrl":"https:\/\/www.upjs.sk\/app\/uploads\/sites\/20\/2025\/08\/UNIPOC_UPJS_KE_sj1905_5165-1024x683.jpg","datePublished":"2023-01-09T14:05:11+00:00","dateModified":"2026-02-04T12:29:23+00:00","breadcrumb":{"@id":"https:\/\/www.upjs.sk\/pracoviska\/unipoc\/en\/events-2\/#breadcrumb"},"inLanguage":"en-US","potentialAction":[{"@type":"ReadAction","target":["https:\/\/www.upjs.sk\/pracoviska\/unipoc\/en\/events-2\/"]}]},{"@type":"ImageObject","inLanguage":"en-US","@id":"https:\/\/www.upjs.sk\/pracoviska\/unipoc\/en\/events-2\/#primaryimage","url":"https:\/\/www.upjs.sk\/app\/uploads\/sites\/20\/2025\/08\/UNIPOC_UPJS_KE_sj1905_5165-1024x683.jpg","contentUrl":"https:\/\/www.upjs.sk\/app\/uploads\/sites\/20\/2025\/08\/UNIPOC_UPJS_KE_sj1905_5165-1024x683.jpg"},{"@type":"BreadcrumbList","@id":"https:\/\/www.upjs.sk\/pracoviska\/unipoc\/en\/events-2\/#breadcrumb","itemListElement":[{"@type":"ListItem","position":1,"name":"Home","item":"https:\/\/www.upjs.sk\/pracoviska\/unipoc\/en\/"},{"@type":"ListItem","position":2,"name":"Events"}]},{"@type":"WebSite","@id":"https:\/\/www.upjs.sk\/pracoviska\/unipoc\/en\/#website","url":"https:\/\/www.upjs.sk\/pracoviska\/unipoc\/en\/","name":"Univerzitn\u00e9 poradensk\u00e9 centrum (UNIPOC) | UPJ\u0160","description":"","publisher":{"@id":"https:\/\/www.upjs.sk\/pracoviska\/unipoc\/en\/#organization"},"potentialAction":[{"@type":"SearchAction","target":{"@type":"EntryPoint","urlTemplate":"https:\/\/www.upjs.sk\/pracoviska\/unipoc\/en\/?s={search_term_string}"},"query-input":{"@type":"PropertyValueSpecification","valueRequired":true,"valueName":"search_term_string"}}],"inLanguage":"en-US"},{"@type":"Organization","@id":"https:\/\/www.upjs.sk\/pracoviska\/unipoc\/en\/#organization","name":"Univerzitn\u00e9 poradensk\u00e9 centrum (UNIPOC) | UPJ\u0160","url":"https:\/\/www.upjs.sk\/pracoviska\/unipoc\/en\/","logo":{"@type":"ImageObject","inLanguage":"en-US","@id":"https:\/\/www.upjs.sk\/pracoviska\/unipoc\/en\/#\/schema\/logo\/image\/","url":"https:\/\/www.upjs.sk\/app\/uploads\/sites\/20\/2023\/01\/UNIPOC_ENG.svg","contentUrl":"https:\/\/www.upjs.sk\/app\/uploads\/sites\/20\/2023\/01\/UNIPOC_ENG.svg","width":500,"height":138,"caption":"Univerzitn\u00e9 poradensk\u00e9 centrum (UNIPOC) | UPJ\u0160"},"image":{"@id":"https:\/\/www.upjs.sk\/pracoviska\/unipoc\/en\/#\/schema\/logo\/image\/"}}]}},"_links":{"self":[{"href":"https:\/\/www.upjs.sk\/pracoviska\/unipoc\/en\/wp-json\/wp\/v2\/pages\/20370","targetHints":{"allow":["GET"]}}],"collection":[{"href":"https:\/\/www.upjs.sk\/pracoviska\/unipoc\/en\/wp-json\/wp\/v2\/pages"}],"about":[{"href":"https:\/\/www.upjs.sk\/pracoviska\/unipoc\/en\/wp-json\/wp\/v2\/types\/page"}],"author":[{"embeddable":true,"href":"https:\/\/www.upjs.sk\/pracoviska\/unipoc\/en\/wp-json\/wp\/v2\/users\/14"}],"replies":[{"embeddable":true,"href":"https:\/\/www.upjs.sk\/pracoviska\/unipoc\/en\/wp-json\/wp\/v2\/comments?post=20370"}],"version-history":[{"count":9,"href":"https:\/\/www.upjs.sk\/pracoviska\/unipoc\/en\/wp-json\/wp\/v2\/pages\/20370\/revisions"}],"predecessor-version":[{"id":23994,"href":"https:\/\/www.upjs.sk\/pracoviska\/unipoc\/en\/wp-json\/wp\/v2\/pages\/20370\/revisions\/23994"}],"wp:attachment":[{"href":"https:\/\/www.upjs.sk\/pracoviska\/unipoc\/en\/wp-json\/wp\/v2\/media?parent=20370"}],"wp:term":[{"taxonomy":"category","embeddable":true,"href":"https:\/\/www.upjs.sk\/pracoviska\/unipoc\/en\/wp-json\/wp\/v2\/categories?post=20370"},{"taxonomy":"post_tag","embeddable":true,"href":"https:\/\/www.upjs.sk\/pracoviska\/unipoc\/en\/wp-json\/wp\/v2\/tags?post=20370"}],"curies":[{"name":"wp","href":"https:\/\/api.w.org\/{rel}","templated":true}]}}