{"id":21996,"date":"2022-03-15T09:01:10","date_gmt":"2022-03-15T09:01:10","guid":{"rendered":"https:\/\/www.upjs.sk\/pracoviska\/unipoc\/career-day\/o-dni-kariery\/"},"modified":"2026-04-08T12:32:28","modified_gmt":"2026-04-08T12:32:28","slug":"o-dni-kariery","status":"publish","type":"page","link":"https:\/\/www.upjs.sk\/pracoviska\/unipoc\/en\/career-day\/o-dni-kariery\/","title":{"rendered":"About Career Day"},"content":{"rendered":"\n<figure class=\"wp-block-gallery alignfull has-nested-images columns-1 is-cropped wp-block-gallery-1 is-layout-flex wp-block-gallery-is-layout-flex\"><\/figure>\n\n\n\n<p><\/p>\n\n\n\n<p class=\"has-text-align-justify\">The University Counselling Center of Pavol Jozef \u0160af\u00e1rik University in Ko\u0161ice cordially invites you to <strong>Career Day<\/strong> in a brand-new format\u2014as a festival of careers and opportunities for our students and graduates!<\/p>\n\n\n\n<p>Join us for the <strong>10th annual Career Day<\/strong>, which will take place this year on <strong>May 5, 2026, starting at 3:00 PM<\/strong> at the Medick\u00e1 Street dormitory campus. For the first time, we have decided to combine career opportunities with the vibrant atmosphere of the student festival <strong>BYE BYE FEST<\/strong>.<\/p>\n\n\n\n<p class=\"has-text-align-justify\">The central theme of this jubilee edition is: <strong>&#8220;What\u2019s next?&#8221;<\/strong><\/p>\n\n\n\n<p class=\"has-text-align-justify\">Programme:<\/p>\n\n\n\n<p><strong>15:00<\/strong> \u2013 Opening of Career Day<\/p>\n\n\n\n<p><strong>15:00 \u2013 17:00 | PROMO ZONE:<\/strong> Promotional booths of participating employers<\/p>\n\n\n\n<p><strong>15:00 \u2013 17:00 | INSPIRATION ZONE:<\/strong> Lectures by keynote speakers on the main stage<\/p>\n\n\n\n<p><strong>15:30 \u2013 16:30 | RECEPTION:<\/strong> Networking for employers with university and faculty leadership (CAM Club)<\/p>\n\n\n\n<p><strong>17:00 \u2013 22:00 | BYE BYE FEST:<\/strong> An opportunity for informal meetings, authentic conversations, and natural networking between employers and students.<\/p>\n\n\n\n<p>We look forward to seeing you there!<\/p>\n\n\n\n<p>&nbsp;<\/p>\n","protected":false},"excerpt":{"rendered":"<p>The University Counselling Center of Pavol Jozef \u0160af\u00e1rik University in Ko\u0161ice cordially invites you to Career Day in a brand-new format\u2014as a festival of careers and opportunities for our students and graduates! Join us for the 10th annual Career Day, which will take place this year on May 5, 2026, starting at 3:00 PM at &hellip; <a href=\"https:\/\/www.upjs.sk\/pracoviska\/unipoc\/en\/career-day\/o-dni-kariery\/\">Continued<\/a><\/p>\n","protected":false},"author":1,"featured_media":20488,"parent":21970,"menu_order":2,"comment_status":"closed","ping_status":"closed","template":"","meta":{"_acf_changed":false,"_editorskit_title_hidden":false,"_editorskit_reading_time":1,"_editorskit_is_block_options_detached":false,"_editorskit_block_options_position":"{}","footnotes":""},"categories":[],"tags":[],"class_list":["post-21996","page","type-page","status-publish","has-post-thumbnail","hentry"],"acf":{"acf_link_na_externy_obsah":""},"yoast_head":"<!-- This site is optimized with the Yoast SEO plugin v27.4 - https:\/\/yoast.com\/product\/yoast-seo-wordpress\/ -->\n<title>About Career Day - Univerzitn\u00e9 poradensk\u00e9 centrum (UNIPOC) | UPJ\u0160<\/title>\n<meta name=\"robots\" content=\"index, follow, max-snippet:-1, max-image-preview:large, max-video-preview:-1\" \/>\n<link rel=\"canonical\" href=\"https:\/\/www.upjs.sk\/pracoviska\/unipoc\/en\/career-day\/o-dni-kariery\/\" \/>\n<meta property=\"og:locale\" content=\"en_US\" \/>\n<meta property=\"og:type\" content=\"article\" \/>\n<meta property=\"og:title\" content=\"About Career Day - Univerzitn\u00e9 poradensk\u00e9 centrum (UNIPOC) | UPJ\u0160\" \/>\n<meta property=\"og:description\" content=\"The University Counselling Center of Pavol Jozef \u0160af\u00e1rik University in Ko\u0161ice cordially invites you to Career Day in a brand-new format\u2014as a festival of careers and opportunities for our students and graduates! Join us for the 10th annual Career Day, which will take place this year on May 5, 2026, starting at 3:00 PM at &hellip; Continued\" \/>\n<meta property=\"og:url\" content=\"https:\/\/www.upjs.sk\/pracoviska\/unipoc\/en\/career-day\/o-dni-kariery\/\" \/>\n<meta property=\"og:site_name\" content=\"Univerzitn\u00e9 poradensk\u00e9 centrum (UNIPOC) | UPJ\u0160\" \/>\n<meta property=\"article:modified_time\" content=\"2026-04-08T12:32:28+00:00\" \/>\n<meta property=\"og:image\" content=\"https:\/\/www.upjs.sk\/app\/uploads\/sites\/20\/2023\/02\/den-kariery-190423-plagat.jpg\" \/>\n\t<meta property=\"og:image:width\" content=\"800\" \/>\n\t<meta property=\"og:image:height\" content=\"800\" \/>\n\t<meta property=\"og:image:type\" content=\"image\/jpeg\" \/>\n<meta name=\"twitter:card\" content=\"summary_large_image\" \/>\n<meta name=\"twitter:label1\" content=\"Est. reading time\" \/>\n\t<meta name=\"twitter:data1\" content=\"2 minutes\" \/>\n<script type=\"application\/ld+json\" class=\"yoast-schema-graph\">{\"@context\":\"https:\\\/\\\/schema.org\",\"@graph\":[{\"@type\":\"WebPage\",\"@id\":\"https:\\\/\\\/www.upjs.sk\\\/pracoviska\\\/unipoc\\\/en\\\/career-day\\\/o-dni-kariery\\\/\",\"url\":\"https:\\\/\\\/www.upjs.sk\\\/pracoviska\\\/unipoc\\\/en\\\/career-day\\\/o-dni-kariery\\\/\",\"name\":\"About Career Day - Univerzitn\u00e9 poradensk\u00e9 centrum (UNIPOC) | UPJ\u0160\",\"isPartOf\":{\"@id\":\"https:\\\/\\\/www.upjs.sk\\\/pracoviska\\\/unipoc\\\/en\\\/#website\"},\"primaryImageOfPage\":{\"@id\":\"https:\\\/\\\/www.upjs.sk\\\/pracoviska\\\/unipoc\\\/en\\\/career-day\\\/o-dni-kariery\\\/#primaryimage\"},\"image\":{\"@id\":\"https:\\\/\\\/www.upjs.sk\\\/pracoviska\\\/unipoc\\\/en\\\/career-day\\\/o-dni-kariery\\\/#primaryimage\"},\"thumbnailUrl\":\"https:\\\/\\\/www.upjs.sk\\\/app\\\/uploads\\\/sites\\\/20\\\/2023\\\/02\\\/den-kariery-190423-plagat.jpg\",\"datePublished\":\"2022-03-15T09:01:10+00:00\",\"dateModified\":\"2026-04-08T12:32:28+00:00\",\"breadcrumb\":{\"@id\":\"https:\\\/\\\/www.upjs.sk\\\/pracoviska\\\/unipoc\\\/en\\\/career-day\\\/o-dni-kariery\\\/#breadcrumb\"},\"inLanguage\":\"en-US\",\"potentialAction\":[{\"@type\":\"ReadAction\",\"target\":[\"https:\\\/\\\/www.upjs.sk\\\/pracoviska\\\/unipoc\\\/en\\\/career-day\\\/o-dni-kariery\\\/\"]}]},{\"@type\":\"ImageObject\",\"inLanguage\":\"en-US\",\"@id\":\"https:\\\/\\\/www.upjs.sk\\\/pracoviska\\\/unipoc\\\/en\\\/career-day\\\/o-dni-kariery\\\/#primaryimage\",\"url\":\"https:\\\/\\\/www.upjs.sk\\\/app\\\/uploads\\\/sites\\\/20\\\/2023\\\/02\\\/den-kariery-190423-plagat.jpg\",\"contentUrl\":\"https:\\\/\\\/www.upjs.sk\\\/app\\\/uploads\\\/sites\\\/20\\\/2023\\\/02\\\/den-kariery-190423-plagat.jpg\",\"width\":800,\"height\":800},{\"@type\":\"BreadcrumbList\",\"@id\":\"https:\\\/\\\/www.upjs.sk\\\/pracoviska\\\/unipoc\\\/en\\\/career-day\\\/o-dni-kariery\\\/#breadcrumb\",\"itemListElement\":[{\"@type\":\"ListItem\",\"position\":1,\"name\":\"Home\",\"item\":\"https:\\\/\\\/www.upjs.sk\\\/pracoviska\\\/unipoc\\\/en\\\/\"},{\"@type\":\"ListItem\",\"position\":2,\"name\":\"Career Day\",\"item\":\"https:\\\/\\\/www.upjs.sk\\\/pracoviska\\\/unipoc\\\/en\\\/career-day\\\/\"},{\"@type\":\"ListItem\",\"position\":3,\"name\":\"About Career Day\"}]},{\"@type\":\"WebSite\",\"@id\":\"https:\\\/\\\/www.upjs.sk\\\/pracoviska\\\/unipoc\\\/en\\\/#website\",\"url\":\"https:\\\/\\\/www.upjs.sk\\\/pracoviska\\\/unipoc\\\/en\\\/\",\"name\":\"Univerzitn\u00e9 poradensk\u00e9 centrum (UNIPOC) | UPJ\u0160\",\"description\":\"\",\"publisher\":{\"@id\":\"https:\\\/\\\/www.upjs.sk\\\/pracoviska\\\/unipoc\\\/en\\\/#organization\"},\"potentialAction\":[{\"@type\":\"SearchAction\",\"target\":{\"@type\":\"EntryPoint\",\"urlTemplate\":\"https:\\\/\\\/www.upjs.sk\\\/pracoviska\\\/unipoc\\\/en\\\/?s={search_term_string}\"},\"query-input\":{\"@type\":\"PropertyValueSpecification\",\"valueRequired\":true,\"valueName\":\"search_term_string\"}}],\"inLanguage\":\"en-US\"},{\"@type\":\"Organization\",\"@id\":\"https:\\\/\\\/www.upjs.sk\\\/pracoviska\\\/unipoc\\\/en\\\/#organization\",\"name\":\"Univerzitn\u00e9 poradensk\u00e9 centrum (UNIPOC) | UPJ\u0160\",\"url\":\"https:\\\/\\\/www.upjs.sk\\\/pracoviska\\\/unipoc\\\/en\\\/\",\"logo\":{\"@type\":\"ImageObject\",\"inLanguage\":\"en-US\",\"@id\":\"https:\\\/\\\/www.upjs.sk\\\/pracoviska\\\/unipoc\\\/en\\\/#\\\/schema\\\/logo\\\/image\\\/\",\"url\":\"https:\\\/\\\/www.upjs.sk\\\/app\\\/uploads\\\/sites\\\/20\\\/2023\\\/01\\\/UNIPOC_ENG.svg\",\"contentUrl\":\"https:\\\/\\\/www.upjs.sk\\\/app\\\/uploads\\\/sites\\\/20\\\/2023\\\/01\\\/UNIPOC_ENG.svg\",\"width\":500,\"height\":138,\"caption\":\"Univerzitn\u00e9 poradensk\u00e9 centrum (UNIPOC) | UPJ\u0160\"},\"image\":{\"@id\":\"https:\\\/\\\/www.upjs.sk\\\/pracoviska\\\/unipoc\\\/en\\\/#\\\/schema\\\/logo\\\/image\\\/\"}}]}<\/script>\n<!-- \/ Yoast SEO plugin. -->","yoast_head_json":{"title":"About Career Day - Univerzitn\u00e9 poradensk\u00e9 centrum (UNIPOC) | UPJ\u0160","robots":{"index":"index","follow":"follow","max-snippet":"max-snippet:-1","max-image-preview":"max-image-preview:large","max-video-preview":"max-video-preview:-1"},"canonical":"https:\/\/www.upjs.sk\/pracoviska\/unipoc\/en\/career-day\/o-dni-kariery\/","og_locale":"en_US","og_type":"article","og_title":"About Career Day - Univerzitn\u00e9 poradensk\u00e9 centrum (UNIPOC) | UPJ\u0160","og_description":"The University Counselling Center of Pavol Jozef \u0160af\u00e1rik University in Ko\u0161ice cordially invites you to Career Day in a brand-new format\u2014as a festival of careers and opportunities for our students and graduates! Join us for the 10th annual Career Day, which will take place this year on May 5, 2026, starting at 3:00 PM at &hellip; Continued","og_url":"https:\/\/www.upjs.sk\/pracoviska\/unipoc\/en\/career-day\/o-dni-kariery\/","og_site_name":"Univerzitn\u00e9 poradensk\u00e9 centrum (UNIPOC) | UPJ\u0160","article_modified_time":"2026-04-08T12:32:28+00:00","og_image":[{"width":800,"height":800,"url":"https:\/\/www.upjs.sk\/app\/uploads\/sites\/20\/2023\/02\/den-kariery-190423-plagat.jpg","type":"image\/jpeg"}],"twitter_card":"summary_large_image","twitter_misc":{"Est. reading time":"2 minutes"},"schema":{"@context":"https:\/\/schema.org","@graph":[{"@type":"WebPage","@id":"https:\/\/www.upjs.sk\/pracoviska\/unipoc\/en\/career-day\/o-dni-kariery\/","url":"https:\/\/www.upjs.sk\/pracoviska\/unipoc\/en\/career-day\/o-dni-kariery\/","name":"About Career Day - Univerzitn\u00e9 poradensk\u00e9 centrum (UNIPOC) | UPJ\u0160","isPartOf":{"@id":"https:\/\/www.upjs.sk\/pracoviska\/unipoc\/en\/#website"},"primaryImageOfPage":{"@id":"https:\/\/www.upjs.sk\/pracoviska\/unipoc\/en\/career-day\/o-dni-kariery\/#primaryimage"},"image":{"@id":"https:\/\/www.upjs.sk\/pracoviska\/unipoc\/en\/career-day\/o-dni-kariery\/#primaryimage"},"thumbnailUrl":"https:\/\/www.upjs.sk\/app\/uploads\/sites\/20\/2023\/02\/den-kariery-190423-plagat.jpg","datePublished":"2022-03-15T09:01:10+00:00","dateModified":"2026-04-08T12:32:28+00:00","breadcrumb":{"@id":"https:\/\/www.upjs.sk\/pracoviska\/unipoc\/en\/career-day\/o-dni-kariery\/#breadcrumb"},"inLanguage":"en-US","potentialAction":[{"@type":"ReadAction","target":["https:\/\/www.upjs.sk\/pracoviska\/unipoc\/en\/career-day\/o-dni-kariery\/"]}]},{"@type":"ImageObject","inLanguage":"en-US","@id":"https:\/\/www.upjs.sk\/pracoviska\/unipoc\/en\/career-day\/o-dni-kariery\/#primaryimage","url":"https:\/\/www.upjs.sk\/app\/uploads\/sites\/20\/2023\/02\/den-kariery-190423-plagat.jpg","contentUrl":"https:\/\/www.upjs.sk\/app\/uploads\/sites\/20\/2023\/02\/den-kariery-190423-plagat.jpg","width":800,"height":800},{"@type":"BreadcrumbList","@id":"https:\/\/www.upjs.sk\/pracoviska\/unipoc\/en\/career-day\/o-dni-kariery\/#breadcrumb","itemListElement":[{"@type":"ListItem","position":1,"name":"Home","item":"https:\/\/www.upjs.sk\/pracoviska\/unipoc\/en\/"},{"@type":"ListItem","position":2,"name":"Career Day","item":"https:\/\/www.upjs.sk\/pracoviska\/unipoc\/en\/career-day\/"},{"@type":"ListItem","position":3,"name":"About Career Day"}]},{"@type":"WebSite","@id":"https:\/\/www.upjs.sk\/pracoviska\/unipoc\/en\/#website","url":"https:\/\/www.upjs.sk\/pracoviska\/unipoc\/en\/","name":"Univerzitn\u00e9 poradensk\u00e9 centrum (UNIPOC) | UPJ\u0160","description":"","publisher":{"@id":"https:\/\/www.upjs.sk\/pracoviska\/unipoc\/en\/#organization"},"potentialAction":[{"@type":"SearchAction","target":{"@type":"EntryPoint","urlTemplate":"https:\/\/www.upjs.sk\/pracoviska\/unipoc\/en\/?s={search_term_string}"},"query-input":{"@type":"PropertyValueSpecification","valueRequired":true,"valueName":"search_term_string"}}],"inLanguage":"en-US"},{"@type":"Organization","@id":"https:\/\/www.upjs.sk\/pracoviska\/unipoc\/en\/#organization","name":"Univerzitn\u00e9 poradensk\u00e9 centrum (UNIPOC) | UPJ\u0160","url":"https:\/\/www.upjs.sk\/pracoviska\/unipoc\/en\/","logo":{"@type":"ImageObject","inLanguage":"en-US","@id":"https:\/\/www.upjs.sk\/pracoviska\/unipoc\/en\/#\/schema\/logo\/image\/","url":"https:\/\/www.upjs.sk\/app\/uploads\/sites\/20\/2023\/01\/UNIPOC_ENG.svg","contentUrl":"https:\/\/www.upjs.sk\/app\/uploads\/sites\/20\/2023\/01\/UNIPOC_ENG.svg","width":500,"height":138,"caption":"Univerzitn\u00e9 poradensk\u00e9 centrum (UNIPOC) | UPJ\u0160"},"image":{"@id":"https:\/\/www.upjs.sk\/pracoviska\/unipoc\/en\/#\/schema\/logo\/image\/"}}]}},"_links":{"self":[{"href":"https:\/\/www.upjs.sk\/pracoviska\/unipoc\/en\/wp-json\/wp\/v2\/pages\/21996","targetHints":{"allow":["GET"]}}],"collection":[{"href":"https:\/\/www.upjs.sk\/pracoviska\/unipoc\/en\/wp-json\/wp\/v2\/pages"}],"about":[{"href":"https:\/\/www.upjs.sk\/pracoviska\/unipoc\/en\/wp-json\/wp\/v2\/types\/page"}],"author":[{"embeddable":true,"href":"https:\/\/www.upjs.sk\/pracoviska\/unipoc\/en\/wp-json\/wp\/v2\/users\/1"}],"replies":[{"embeddable":true,"href":"https:\/\/www.upjs.sk\/pracoviska\/unipoc\/en\/wp-json\/wp\/v2\/comments?post=21996"}],"version-history":[{"count":8,"href":"https:\/\/www.upjs.sk\/pracoviska\/unipoc\/en\/wp-json\/wp\/v2\/pages\/21996\/revisions"}],"predecessor-version":[{"id":24192,"href":"https:\/\/www.upjs.sk\/pracoviska\/unipoc\/en\/wp-json\/wp\/v2\/pages\/21996\/revisions\/24192"}],"up":[{"embeddable":true,"href":"https:\/\/www.upjs.sk\/pracoviska\/unipoc\/en\/wp-json\/wp\/v2\/pages\/21970"}],"wp:featuredmedia":[{"embeddable":true,"href":"https:\/\/www.upjs.sk\/pracoviska\/unipoc\/en\/wp-json\/wp\/v2\/media\/20488"}],"wp:attachment":[{"href":"https:\/\/www.upjs.sk\/pracoviska\/unipoc\/en\/wp-json\/wp\/v2\/media?parent=21996"}],"wp:term":[{"taxonomy":"category","embeddable":true,"href":"https:\/\/www.upjs.sk\/pracoviska\/unipoc\/en\/wp-json\/wp\/v2\/categories?post=21996"},{"taxonomy":"post_tag","embeddable":true,"href":"https:\/\/www.upjs.sk\/pracoviska\/unipoc\/en\/wp-json\/wp\/v2\/tags?post=21996"}],"curies":[{"name":"wp","href":"https:\/\/api.w.org\/{rel}","templated":true}]}}