{"id":13470,"date":"2022-02-16T08:48:00","date_gmt":"2022-02-16T08:48:15","guid":{"rendered":"https:\/\/www.upjs.sk\/pracoviska\/unipoc\/root\/poradenstvo\/mgr-zibrinyiova\/"},"modified":"2026-01-15T11:38:11","modified_gmt":"2026-01-15T11:38:11","slug":"mgr-zibrinyiova","status":"publish","type":"page","link":"https:\/\/www.upjs.sk\/pracoviska\/unipoc\/poradenstvo\/mgr-zibrinyiova\/","title":{"rendered":"Mgr. Veronika Zibrinyiov\u00e1, PhD."},"content":{"rendered":"<style>.kb-row-layout-id13470_f079dc-4a > .kt-row-column-wrap{align-content:center;}:where(.kb-row-layout-id13470_f079dc-4a > .kt-row-column-wrap) > .wp-block-kadence-column{justify-content:center;}.kb-row-layout-id13470_f079dc-4a > .kt-row-column-wrap{column-gap:var(--global-kb-gap-none, 0rem );row-gap:var(--global-kb-gap-none, 0rem );max-width:1140px;margin-left:auto;margin-right:auto;padding-top:100px;padding-right:0px;padding-bottom:100px;padding-left:0px;grid-template-columns:repeat(2, minmax(0, 1fr));}.kb-row-layout-id13470_f079dc-4a{background-color:var(--global-palette8, #F7FAFC);}.kb-row-layout-id13470_f079dc-4a > .kt-row-layout-overlay{opacity:0.04;}@media all and (max-width: 1024px){.kb-row-layout-id13470_f079dc-4a > .kt-row-column-wrap{max-width:700px;margin-left:auto;margin-right:auto;padding-top:80px;padding-right:0px;padding-bottom:80px;padding-left:0px;grid-template-columns:minmax(0, 1fr);}}@media all and (max-width: 767px){.kb-row-layout-id13470_f079dc-4a > .kt-row-column-wrap{padding-top:60px;padding-right:15px;padding-bottom:60px;padding-left:15px;grid-template-columns:minmax(0, 1fr);}}.kb-row-layout-id13470_f079dc-4a .contact-img-1 img{margin: -80px 0px -80px 0px;}<\/style><div class=\"kb-row-layout-wrap kb-row-layout-id13470_f079dc-4a alignfull has-theme-palette8-background-color kt-row-has-bg wp-block-kadence-rowlayout\"><div class=\"kt-row-column-wrap kt-has-2-columns kt-row-layout-equal kt-tab-layout-row kt-mobile-layout-row kt-row-valign-middle\">\n<style>.kadence-column13470_e9a21f-61 > .kt-inside-inner-col{padding-top:10px;padding-right:10px;padding-bottom:10px;padding-left:10px;}.kadence-column13470_e9a21f-61 > .kt-inside-inner-col,.kadence-column13470_e9a21f-61 > .kt-inside-inner-col:before{border-top-left-radius:0px;border-top-right-radius:0px;border-bottom-right-radius:0px;border-bottom-left-radius:0px;}.kadence-column13470_e9a21f-61 > .kt-inside-inner-col{column-gap:var(--global-kb-gap-sm, 1rem);}.kadence-column13470_e9a21f-61 > .kt-inside-inner-col{flex-direction:column;}.kadence-column13470_e9a21f-61 > .kt-inside-inner-col > .aligncenter{width:100%;}.kadence-column13470_e9a21f-61 > .kt-inside-inner-col:before{opacity:0.3;}.kadence-column13470_e9a21f-61{position:relative;}.kadence-column13470_e9a21f-61, .kt-inside-inner-col > .kadence-column13470_e9a21f-61:not(.specificity){margin-top:0px;margin-right:120px;margin-bottom:0px;margin-left:0px;}@media all and (max-width: 1024px){.kadence-column13470_e9a21f-61 > .kt-inside-inner-col{flex-direction:column;justify-content:center;}}@media all and (max-width: 1024px){.kadence-column13470_e9a21f-61, .kt-inside-inner-col > .kadence-column13470_e9a21f-61:not(.specificity){margin-top:0px;margin-right:0px;margin-bottom:0px;margin-left:0px;}}@media all and (max-width: 767px){.kadence-column13470_e9a21f-61 > .kt-inside-inner-col{padding-top:0px;padding-right:0px;padding-bottom:0px;padding-left:0px;flex-direction:column;justify-content:center;}}<\/style>\n<div class=\"wp-block-kadence-column kadence-column13470_e9a21f-61 inner-column-1\"><div class=\"kt-inside-inner-col\"><style>.wp-block-kadence-advancedheading.kt-adv-heading13470_c61ff5-aa, .wp-block-kadence-advancedheading.kt-adv-heading13470_c61ff5-aa[data-kb-block=\"kb-adv-heading13470_c61ff5-aa\"]{margin-bottom:var(--global-kb-spacing-sm, 1.5rem);line-height:1em;font-weight:400;font-style:normal;text-transform:uppercase;letter-spacing:1px;color:#23a0a5;}.wp-block-kadence-advancedheading.kt-adv-heading13470_c61ff5-aa mark.kt-highlight, .wp-block-kadence-advancedheading.kt-adv-heading13470_c61ff5-aa[data-kb-block=\"kb-adv-heading13470_c61ff5-aa\"] mark.kt-highlight{font-style:normal;color:#f76a0c;-webkit-box-decoration-break:clone;box-decoration-break:clone;padding-top:0px;padding-right:0px;padding-bottom:0px;padding-left:0px;}@media all and (max-width: 1024px){.wp-block-kadence-advancedheading.kt-adv-heading13470_c61ff5-aa, .wp-block-kadence-advancedheading.kt-adv-heading13470_c61ff5-aa[data-kb-block=\"kb-adv-heading13470_c61ff5-aa\"]{text-align:center!important;}}<\/style>\n<h6 class=\"kt-adv-heading13470_c61ff5-aa wp-block-kadence-advancedheading\" data-kb-block=\"kb-adv-heading13470_c61ff5-aa\">riadite\u013eka unipoc<\/h6>\n\n\n<style>.wp-block-kadence-advancedheading.kt-adv-heading13470_f94871-59, .wp-block-kadence-advancedheading.kt-adv-heading13470_f94871-59[data-kb-block=\"kb-adv-heading13470_f94871-59\"]{margin-top:0px;margin-right:0px;margin-bottom:38.5px;margin-left:0px;line-height:1.3em;font-style:normal;}.wp-block-kadence-advancedheading.kt-adv-heading13470_f94871-59 mark.kt-highlight, .wp-block-kadence-advancedheading.kt-adv-heading13470_f94871-59[data-kb-block=\"kb-adv-heading13470_f94871-59\"] mark.kt-highlight{font-style:normal;color:#f76a0c;-webkit-box-decoration-break:clone;box-decoration-break:clone;padding-top:0px;padding-right:0px;padding-bottom:0px;padding-left:0px;}@media all and (max-width: 1024px){.wp-block-kadence-advancedheading.kt-adv-heading13470_f94871-59, .wp-block-kadence-advancedheading.kt-adv-heading13470_f94871-59[data-kb-block=\"kb-adv-heading13470_f94871-59\"]{text-align:center!important;}}<\/style>\n<h2 class=\"kt-adv-heading13470_f94871-59 wp-block-kadence-advancedheading\" data-kb-block=\"kb-adv-heading13470_f94871-59\">Mgr. Veronika Zibrinyiov\u00e1, PhD.<\/h2>\n\n\n<style>.wp-block-kadence-advancedheading.kt-adv-heading13470_8e21b8-31, .wp-block-kadence-advancedheading.kt-adv-heading13470_8e21b8-31[data-kb-block=\"kb-adv-heading13470_8e21b8-31\"]{margin-top:0px;margin-right:0px;margin-bottom:20px;margin-left:0px;font-style:normal;}.wp-block-kadence-advancedheading.kt-adv-heading13470_8e21b8-31 mark.kt-highlight, .wp-block-kadence-advancedheading.kt-adv-heading13470_8e21b8-31[data-kb-block=\"kb-adv-heading13470_8e21b8-31\"] mark.kt-highlight{font-style:normal;color:#f76a0c;-webkit-box-decoration-break:clone;box-decoration-break:clone;padding-top:0px;padding-right:0px;padding-bottom:0px;padding-left:0px;}@media all and (max-width: 1024px){.wp-block-kadence-advancedheading.kt-adv-heading13470_8e21b8-31, .wp-block-kadence-advancedheading.kt-adv-heading13470_8e21b8-31[data-kb-block=\"kb-adv-heading13470_8e21b8-31\"]{text-align:center!important;}}<\/style>\n<p class=\"kt-adv-heading13470_8e21b8-31 wp-block-kadence-advancedheading\" data-kb-block=\"kb-adv-heading13470_8e21b8-31\">V\u00a0s\u00fa\u010dasnosti p\u00f4sob\u00ed ako riadite\u013eka Univerzitn\u00e9ho poradensk\u00e9ho centra UNIPOC. Je absolventkou jednoodborov\u00e9ho magistersk\u00e9ho \u0161t\u00fadia psychol\u00f3gie a doktorandsk\u00e9ho \u0161t\u00fadia v odbore Soci\u00e1lna psychol\u00f3gia a psychol\u00f3gia pr\u00e1ce. Je \u010dlenkou Society for the Study of Emerging Adulthood, nav\u0161t\u00edvila konferencie v\u00a0Prahe, Vilniuse \u010di Washingtone, D.C.. V r\u00e1mci \u010fal\u0161ieho vzdel\u00e1vania absolvovala tr\u00e9ningov\u00fd program na University of Iceland v Reykjav\u00edku (tr\u00e9ning zameran\u00fd na zru\u010dnosti pre riadenie vlastnej kari\u00e9ry, informa\u010dn\u00e9 technol\u00f3gie v kari\u00e9rovom poradenstve a networking) a nav\u0161t\u00edvila kari\u00e9rov\u00e9 centr\u00e1 na Univerzite v Oxforde a na Univerzite v Aberdeene. <strong>Poskytuje individu\u00e1lne kari\u00e9rov\u00e9 poradenstvo a na starosti m\u00e1 organiz\u00e1ciu podujat\u00ed, ako s\u00fa De\u0148 kari\u00e9ry UPJ\u0160, Kari\u00e9rov\u00e1 polhodinka alebo \u017divoToP\u00ed\u0161.<\/strong> <strong>Venuje sa t\u00e9mam ako s\u00fa \u0165a\u017ekosti v\u00a0prechode z\u00a0vysoko\u0161kolsk\u00e9ho prostredia na trh pr\u00e1ce, pr\u00edprava kari\u00e9rneho pl\u00e1nu, identifik\u00e1cia zru\u010dnost\u00ed \u0161tudentov, spr\u00e1vne p\u00edsanie \u017eivotopisu \u010di motiva\u010dn\u00e9ho listu, pr\u00edprava na pohovor a \u0161pecializuje sa na kari\u00e9ru \u0161tudentov v\u00a0eur\u00f3pskych in\u0161tit\u00faci\u00e1ch.<\/strong><br>M\u00e1 rada kreat\u00edvnu pr\u00e1cu, spolupr\u00e1cu s\u00a0akt\u00edvnymi \u0161tudentami a\u00a0ver\u00ed, \u017ee ak chce \u010dlovek nie\u010do zmeni\u0165, mus\u00ed za\u010da\u0165 pracova\u0165 najprv na sebe.<\/p>\n<\/div><\/div>\n\n\n<style>.kadence-column13470_92de25-eb > .kt-inside-inner-col{display:flex;}.kadence-column13470_92de25-eb > .kt-inside-inner-col,.kadence-column13470_92de25-eb > .kt-inside-inner-col:before{border-top-left-radius:0px;border-top-right-radius:0px;border-bottom-right-radius:0px;border-bottom-left-radius:0px;}.kadence-column13470_92de25-eb > .kt-inside-inner-col{column-gap:var(--global-kb-gap-sm, 1rem);}.kadence-column13470_92de25-eb > .kt-inside-inner-col{flex-direction:column;justify-content:center;}.kadence-column13470_92de25-eb > .kt-inside-inner-col > .aligncenter{width:100%;}.kt-row-column-wrap > .kadence-column13470_92de25-eb{align-self:center;}.kt-inner-column-height-full:not(.kt-has-1-columns) > .wp-block-kadence-column.kadence-column13470_92de25-eb{align-self:auto;}.kt-inner-column-height-full:not(.kt-has-1-columns) > .wp-block-kadence-column.kadence-column13470_92de25-eb > .kt-inside-inner-col{flex-direction:column;justify-content:center;}.kadence-column13470_92de25-eb > .kt-inside-inner-col:before{opacity:0.3;}.kadence-column13470_92de25-eb{position:relative;}@media all and (max-width: 1024px){.kt-row-column-wrap > .kadence-column13470_92de25-eb{align-self:center;}}@media all and (max-width: 1024px){.kt-inner-column-height-full:not(.kt-has-1-columns) > .wp-block-kadence-column.kadence-column13470_92de25-eb{align-self:auto;}}@media all and (max-width: 1024px){.kt-inner-column-height-full:not(.kt-has-1-columns) > .wp-block-kadence-column.kadence-column13470_92de25-eb > .kt-inside-inner-col{flex-direction:column;justify-content:center;}}@media all and (max-width: 1024px){.kadence-column13470_92de25-eb > .kt-inside-inner-col{flex-direction:column;justify-content:center;align-items:center;}}@media all and (max-width: 1024px){.kadence-column13470_92de25-eb, .kt-inside-inner-col > .kadence-column13470_92de25-eb:not(.specificity){margin-top:70px;margin-right:0px;margin-bottom:0px;margin-left:0px;}}@media all and (max-width: 767px){.kadence-column13470_92de25-eb > .kt-inside-inner-col{padding-top:0px;padding-right:0px;padding-bottom:0px;padding-left:0px;flex-direction:column;justify-content:center;align-items:center;}.kt-row-column-wrap > .kadence-column13470_92de25-eb{align-self:center;}.kt-inner-column-height-full:not(.kt-has-1-columns) > .wp-block-kadence-column.kadence-column13470_92de25-eb{align-self:auto;}.kt-inner-column-height-full:not(.kt-has-1-columns) > .wp-block-kadence-column.kadence-column13470_92de25-eb > .kt-inside-inner-col{flex-direction:column;justify-content:center;}.kadence-column13470_92de25-eb, .kt-inside-inner-col > .kadence-column13470_92de25-eb:not(.specificity){margin-bottom:-80px;}}<\/style>\n<div class=\"wp-block-kadence-column kadence-column13470_92de25-eb kb-section-dir-vertical inner-column-2\"><div class=\"kt-inside-inner-col\"><style>.kb-image13470_3b3543-99.kb-image-is-ratio-size, .kb-image13470_3b3543-99 .kb-image-is-ratio-size{max-width:400px;width:100%;}.wp-block-kadence-column > .kt-inside-inner-col > .kb-image13470_3b3543-99.kb-image-is-ratio-size, .wp-block-kadence-column > .kt-inside-inner-col > .kb-image13470_3b3543-99 .kb-image-is-ratio-size{align-self:unset;}.kb-image13470_3b3543-99 figure{max-width:400px;}.kb-image13470_3b3543-99 .image-is-svg, .kb-image13470_3b3543-99 .image-is-svg img{width:100%;}.kb-image13470_3b3543-99 .kb-image-has-overlay:after{opacity:0.3;border-top-left-radius:200px;border-top-right-radius:200px;border-bottom-right-radius:200px;border-bottom-left-radius:200px;}.kb-image13470_3b3543-99 img.kb-img, .kb-image13470_3b3543-99 .kb-img img{border-top-left-radius:200px;border-top-right-radius:200px;border-bottom-right-radius:200px;border-bottom-left-radius:200px;}<\/style>\n<div class=\"wp-block-kadence-image kb-image13470_3b3543-99\"><figure class=\"aligncenter kb-image-is-ratio-size\"><div class=\"kb-is-ratio-image kb-image-ratio-square\"><img loading=\"lazy\" decoding=\"async\" width=\"810\" height=\"810\" src=\"https:\/\/www.upjs.sk\/app\/uploads\/sites\/20\/2025\/09\/Untitled-design-5.png\" class=\"kb-img wp-image-23464\" srcset=\"https:\/\/www.upjs.sk\/app\/uploads\/sites\/20\/2025\/09\/Untitled-design-5.png 810w, https:\/\/www.upjs.sk\/app\/uploads\/sites\/20\/2025\/09\/Untitled-design-5-300x300.png 300w, https:\/\/www.upjs.sk\/app\/uploads\/sites\/20\/2025\/09\/Untitled-design-5-150x150.png 150w, https:\/\/www.upjs.sk\/app\/uploads\/sites\/20\/2025\/09\/Untitled-design-5-768x768.png 768w\" sizes=\"auto, (max-width: 810px) 100vw, 810px\" \/><\/div><\/figure><\/div>\n<\/div><\/div>\n\n<\/div><\/div>","protected":false},"excerpt":{"rendered":"<p>riadite\u013eka unipoc Mgr. Veronika Zibrinyiov\u00e1, PhD. V\u00a0s\u00fa\u010dasnosti p\u00f4sob\u00ed ako riadite\u013eka Univerzitn\u00e9ho poradensk\u00e9ho centra UNIPOC. Je absolventkou jednoodborov\u00e9ho magistersk\u00e9ho \u0161t\u00fadia psychol\u00f3gie a doktorandsk\u00e9ho \u0161t\u00fadia v odbore Soci\u00e1lna psychol\u00f3gia a psychol\u00f3gia pr\u00e1ce. Je \u010dlenkou Society for the Study of Emerging Adulthood, nav\u0161t\u00edvila konferencie v\u00a0Prahe, Vilniuse \u010di Washingtone, D.C.. V r\u00e1mci \u010fal\u0161ieho vzdel\u00e1vania absolvovala tr\u00e9ningov\u00fd program na University &hellip; <a href=\"https:\/\/www.upjs.sk\/pracoviska\/unipoc\/poradenstvo\/mgr-zibrinyiova\/\">\u010c\u00edta\u0165 \u010falej<\/a><\/p>\n","protected":false},"author":1,"featured_media":0,"parent":13438,"menu_order":14,"comment_status":"closed","ping_status":"closed","template":"","meta":{"_acf_changed":false,"_editorskit_title_hidden":false,"_editorskit_reading_time":0,"_editorskit_is_block_options_detached":false,"_editorskit_block_options_position":"{}","footnotes":""},"categories":[],"tags":[],"class_list":["post-13470","page","type-page","status-publish","hentry"],"acf":{"acf_link_na_externy_obsah":""},"yoast_head":"<!-- This site is optimized with the Yoast SEO plugin v27.4 - https:\/\/yoast.com\/product\/yoast-seo-wordpress\/ -->\n<title>Mgr. Veronika Zibrinyiov\u00e1, PhD. - Univerzitn\u00e9 poradensk\u00e9 centrum (UNIPOC) | UPJ\u0160<\/title>\n<meta name=\"robots\" content=\"index, follow, max-snippet:-1, max-image-preview:large, max-video-preview:-1\" \/>\n<link rel=\"canonical\" href=\"https:\/\/www.upjs.sk\/pracoviska\/unipoc\/poradenstvo\/mgr-zibrinyiova\/\" \/>\n<meta property=\"og:locale\" content=\"sk_SK\" \/>\n<meta property=\"og:type\" content=\"article\" \/>\n<meta property=\"og:title\" content=\"Mgr. Veronika Zibrinyiov\u00e1, PhD. - Univerzitn\u00e9 poradensk\u00e9 centrum (UNIPOC) | UPJ\u0160\" \/>\n<meta property=\"og:description\" content=\"riadite\u013eka unipoc Mgr. Veronika Zibrinyiov\u00e1, PhD. V\u00a0s\u00fa\u010dasnosti p\u00f4sob\u00ed ako riadite\u013eka Univerzitn\u00e9ho poradensk\u00e9ho centra UNIPOC. Je absolventkou jednoodborov\u00e9ho magistersk\u00e9ho \u0161t\u00fadia psychol\u00f3gie a doktorandsk\u00e9ho \u0161t\u00fadia v odbore Soci\u00e1lna psychol\u00f3gia a psychol\u00f3gia pr\u00e1ce. Je \u010dlenkou Society for the Study of Emerging Adulthood, nav\u0161t\u00edvila konferencie v\u00a0Prahe, Vilniuse \u010di Washingtone, D.C.. V r\u00e1mci \u010fal\u0161ieho vzdel\u00e1vania absolvovala tr\u00e9ningov\u00fd program na University &hellip; \u010c\u00edta\u0165 \u010falej\" \/>\n<meta property=\"og:url\" content=\"https:\/\/www.upjs.sk\/pracoviska\/unipoc\/poradenstvo\/mgr-zibrinyiova\/\" \/>\n<meta property=\"og:site_name\" content=\"Univerzitn\u00e9 poradensk\u00e9 centrum (UNIPOC) | UPJ\u0160\" \/>\n<meta property=\"article:modified_time\" content=\"2026-01-15T11:38:11+00:00\" \/>\n<meta property=\"og:image\" content=\"https:\/\/www.upjs.sk\/app\/uploads\/sites\/20\/2025\/09\/Untitled-design-5.png\" \/>\n\t<meta property=\"og:image:width\" content=\"810\" \/>\n\t<meta property=\"og:image:height\" content=\"810\" \/>\n\t<meta property=\"og:image:type\" content=\"image\/png\" \/>\n<meta name=\"twitter:card\" content=\"summary_large_image\" \/>\n<meta name=\"twitter:label1\" content=\"Predpokladan\u00fd \u010das \u010d\u00edtania\" \/>\n\t<meta name=\"twitter:data1\" content=\"2 min\u00faty\" \/>\n<script type=\"application\/ld+json\" class=\"yoast-schema-graph\">{\"@context\":\"https:\\\/\\\/schema.org\",\"@graph\":[{\"@type\":\"WebPage\",\"@id\":\"https:\\\/\\\/www.upjs.sk\\\/pracoviska\\\/unipoc\\\/poradenstvo\\\/mgr-zibrinyiova\\\/\",\"url\":\"https:\\\/\\\/www.upjs.sk\\\/pracoviska\\\/unipoc\\\/poradenstvo\\\/mgr-zibrinyiova\\\/\",\"name\":\"Mgr. Veronika Zibrinyiov\u00e1, PhD. - Univerzitn\u00e9 poradensk\u00e9 centrum (UNIPOC) | UPJ\u0160\",\"isPartOf\":{\"@id\":\"https:\\\/\\\/www.upjs.sk\\\/pracoviska\\\/unipoc\\\/#website\"},\"primaryImageOfPage\":{\"@id\":\"https:\\\/\\\/www.upjs.sk\\\/pracoviska\\\/unipoc\\\/poradenstvo\\\/mgr-zibrinyiova\\\/#primaryimage\"},\"image\":{\"@id\":\"https:\\\/\\\/www.upjs.sk\\\/pracoviska\\\/unipoc\\\/poradenstvo\\\/mgr-zibrinyiova\\\/#primaryimage\"},\"thumbnailUrl\":\"https:\\\/\\\/www.upjs.sk\\\/app\\\/uploads\\\/sites\\\/20\\\/2025\\\/09\\\/Untitled-design-5.png\",\"datePublished\":\"2022-02-16T08:48:15+00:00\",\"dateModified\":\"2026-01-15T11:38:11+00:00\",\"breadcrumb\":{\"@id\":\"https:\\\/\\\/www.upjs.sk\\\/pracoviska\\\/unipoc\\\/poradenstvo\\\/mgr-zibrinyiova\\\/#breadcrumb\"},\"inLanguage\":\"sk-SK\",\"potentialAction\":[{\"@type\":\"ReadAction\",\"target\":[\"https:\\\/\\\/www.upjs.sk\\\/pracoviska\\\/unipoc\\\/poradenstvo\\\/mgr-zibrinyiova\\\/\"]}]},{\"@type\":\"ImageObject\",\"inLanguage\":\"sk-SK\",\"@id\":\"https:\\\/\\\/www.upjs.sk\\\/pracoviska\\\/unipoc\\\/poradenstvo\\\/mgr-zibrinyiova\\\/#primaryimage\",\"url\":\"https:\\\/\\\/www.upjs.sk\\\/app\\\/uploads\\\/sites\\\/20\\\/2025\\\/09\\\/Untitled-design-5.png\",\"contentUrl\":\"https:\\\/\\\/www.upjs.sk\\\/app\\\/uploads\\\/sites\\\/20\\\/2025\\\/09\\\/Untitled-design-5.png\"},{\"@type\":\"BreadcrumbList\",\"@id\":\"https:\\\/\\\/www.upjs.sk\\\/pracoviska\\\/unipoc\\\/poradenstvo\\\/mgr-zibrinyiova\\\/#breadcrumb\",\"itemListElement\":[{\"@type\":\"ListItem\",\"position\":1,\"name\":\"Home\",\"item\":\"https:\\\/\\\/www.upjs.sk\\\/pracoviska\\\/unipoc\\\/\"},{\"@type\":\"ListItem\",\"position\":2,\"name\":\"PORADENSTVO\",\"item\":\"https:\\\/\\\/www.upjs.sk\\\/pracoviska\\\/unipoc\\\/poradenstvo\\\/\"},{\"@type\":\"ListItem\",\"position\":3,\"name\":\"Mgr. Veronika Zibrinyiov\u00e1, PhD.\"}]},{\"@type\":\"WebSite\",\"@id\":\"https:\\\/\\\/www.upjs.sk\\\/pracoviska\\\/unipoc\\\/#website\",\"url\":\"https:\\\/\\\/www.upjs.sk\\\/pracoviska\\\/unipoc\\\/\",\"name\":\"Univerzitn\u00e9 poradensk\u00e9 centrum (UNIPOC) | UPJ\u0160\",\"description\":\"\",\"publisher\":{\"@id\":\"https:\\\/\\\/www.upjs.sk\\\/pracoviska\\\/unipoc\\\/#organization\"},\"potentialAction\":[{\"@type\":\"SearchAction\",\"target\":{\"@type\":\"EntryPoint\",\"urlTemplate\":\"https:\\\/\\\/www.upjs.sk\\\/pracoviska\\\/unipoc\\\/?s={search_term_string}\"},\"query-input\":{\"@type\":\"PropertyValueSpecification\",\"valueRequired\":true,\"valueName\":\"search_term_string\"}}],\"inLanguage\":\"sk-SK\"},{\"@type\":\"Organization\",\"@id\":\"https:\\\/\\\/www.upjs.sk\\\/pracoviska\\\/unipoc\\\/#organization\",\"name\":\"Univerzitn\u00e9 poradensk\u00e9 centrum (UNIPOC) | UPJ\u0160\",\"url\":\"https:\\\/\\\/www.upjs.sk\\\/pracoviska\\\/unipoc\\\/\",\"logo\":{\"@type\":\"ImageObject\",\"inLanguage\":\"sk-SK\",\"@id\":\"https:\\\/\\\/www.upjs.sk\\\/pracoviska\\\/unipoc\\\/#\\\/schema\\\/logo\\\/image\\\/\",\"url\":\"https:\\\/\\\/www.upjs.sk\\\/app\\\/uploads\\\/sites\\\/20\\\/2023\\\/01\\\/UNIPOC.svg\",\"contentUrl\":\"https:\\\/\\\/www.upjs.sk\\\/app\\\/uploads\\\/sites\\\/20\\\/2023\\\/01\\\/UNIPOC.svg\",\"width\":500,\"height\":138,\"caption\":\"Univerzitn\u00e9 poradensk\u00e9 centrum (UNIPOC) | UPJ\u0160\"},\"image\":{\"@id\":\"https:\\\/\\\/www.upjs.sk\\\/pracoviska\\\/unipoc\\\/#\\\/schema\\\/logo\\\/image\\\/\"}}]}<\/script>\n<!-- \/ Yoast SEO plugin. -->","yoast_head_json":{"title":"Mgr. Veronika Zibrinyiov\u00e1, PhD. - Univerzitn\u00e9 poradensk\u00e9 centrum (UNIPOC) | UPJ\u0160","robots":{"index":"index","follow":"follow","max-snippet":"max-snippet:-1","max-image-preview":"max-image-preview:large","max-video-preview":"max-video-preview:-1"},"canonical":"https:\/\/www.upjs.sk\/pracoviska\/unipoc\/poradenstvo\/mgr-zibrinyiova\/","og_locale":"sk_SK","og_type":"article","og_title":"Mgr. Veronika Zibrinyiov\u00e1, PhD. - Univerzitn\u00e9 poradensk\u00e9 centrum (UNIPOC) | UPJ\u0160","og_description":"riadite\u013eka unipoc Mgr. Veronika Zibrinyiov\u00e1, PhD. V\u00a0s\u00fa\u010dasnosti p\u00f4sob\u00ed ako riadite\u013eka Univerzitn\u00e9ho poradensk\u00e9ho centra UNIPOC. Je absolventkou jednoodborov\u00e9ho magistersk\u00e9ho \u0161t\u00fadia psychol\u00f3gie a doktorandsk\u00e9ho \u0161t\u00fadia v odbore Soci\u00e1lna psychol\u00f3gia a psychol\u00f3gia pr\u00e1ce. Je \u010dlenkou Society for the Study of Emerging Adulthood, nav\u0161t\u00edvila konferencie v\u00a0Prahe, Vilniuse \u010di Washingtone, D.C.. V r\u00e1mci \u010fal\u0161ieho vzdel\u00e1vania absolvovala tr\u00e9ningov\u00fd program na University &hellip; \u010c\u00edta\u0165 \u010falej","og_url":"https:\/\/www.upjs.sk\/pracoviska\/unipoc\/poradenstvo\/mgr-zibrinyiova\/","og_site_name":"Univerzitn\u00e9 poradensk\u00e9 centrum (UNIPOC) | UPJ\u0160","article_modified_time":"2026-01-15T11:38:11+00:00","og_image":[{"width":810,"height":810,"url":"https:\/\/www.upjs.sk\/app\/uploads\/sites\/20\/2025\/09\/Untitled-design-5.png","type":"image\/png"}],"twitter_card":"summary_large_image","twitter_misc":{"Predpokladan\u00fd \u010das \u010d\u00edtania":"2 min\u00faty"},"schema":{"@context":"https:\/\/schema.org","@graph":[{"@type":"WebPage","@id":"https:\/\/www.upjs.sk\/pracoviska\/unipoc\/poradenstvo\/mgr-zibrinyiova\/","url":"https:\/\/www.upjs.sk\/pracoviska\/unipoc\/poradenstvo\/mgr-zibrinyiova\/","name":"Mgr. Veronika Zibrinyiov\u00e1, PhD. - Univerzitn\u00e9 poradensk\u00e9 centrum (UNIPOC) | UPJ\u0160","isPartOf":{"@id":"https:\/\/www.upjs.sk\/pracoviska\/unipoc\/#website"},"primaryImageOfPage":{"@id":"https:\/\/www.upjs.sk\/pracoviska\/unipoc\/poradenstvo\/mgr-zibrinyiova\/#primaryimage"},"image":{"@id":"https:\/\/www.upjs.sk\/pracoviska\/unipoc\/poradenstvo\/mgr-zibrinyiova\/#primaryimage"},"thumbnailUrl":"https:\/\/www.upjs.sk\/app\/uploads\/sites\/20\/2025\/09\/Untitled-design-5.png","datePublished":"2022-02-16T08:48:15+00:00","dateModified":"2026-01-15T11:38:11+00:00","breadcrumb":{"@id":"https:\/\/www.upjs.sk\/pracoviska\/unipoc\/poradenstvo\/mgr-zibrinyiova\/#breadcrumb"},"inLanguage":"sk-SK","potentialAction":[{"@type":"ReadAction","target":["https:\/\/www.upjs.sk\/pracoviska\/unipoc\/poradenstvo\/mgr-zibrinyiova\/"]}]},{"@type":"ImageObject","inLanguage":"sk-SK","@id":"https:\/\/www.upjs.sk\/pracoviska\/unipoc\/poradenstvo\/mgr-zibrinyiova\/#primaryimage","url":"https:\/\/www.upjs.sk\/app\/uploads\/sites\/20\/2025\/09\/Untitled-design-5.png","contentUrl":"https:\/\/www.upjs.sk\/app\/uploads\/sites\/20\/2025\/09\/Untitled-design-5.png"},{"@type":"BreadcrumbList","@id":"https:\/\/www.upjs.sk\/pracoviska\/unipoc\/poradenstvo\/mgr-zibrinyiova\/#breadcrumb","itemListElement":[{"@type":"ListItem","position":1,"name":"Home","item":"https:\/\/www.upjs.sk\/pracoviska\/unipoc\/"},{"@type":"ListItem","position":2,"name":"PORADENSTVO","item":"https:\/\/www.upjs.sk\/pracoviska\/unipoc\/poradenstvo\/"},{"@type":"ListItem","position":3,"name":"Mgr. Veronika Zibrinyiov\u00e1, PhD."}]},{"@type":"WebSite","@id":"https:\/\/www.upjs.sk\/pracoviska\/unipoc\/#website","url":"https:\/\/www.upjs.sk\/pracoviska\/unipoc\/","name":"Univerzitn\u00e9 poradensk\u00e9 centrum (UNIPOC) | UPJ\u0160","description":"","publisher":{"@id":"https:\/\/www.upjs.sk\/pracoviska\/unipoc\/#organization"},"potentialAction":[{"@type":"SearchAction","target":{"@type":"EntryPoint","urlTemplate":"https:\/\/www.upjs.sk\/pracoviska\/unipoc\/?s={search_term_string}"},"query-input":{"@type":"PropertyValueSpecification","valueRequired":true,"valueName":"search_term_string"}}],"inLanguage":"sk-SK"},{"@type":"Organization","@id":"https:\/\/www.upjs.sk\/pracoviska\/unipoc\/#organization","name":"Univerzitn\u00e9 poradensk\u00e9 centrum (UNIPOC) | UPJ\u0160","url":"https:\/\/www.upjs.sk\/pracoviska\/unipoc\/","logo":{"@type":"ImageObject","inLanguage":"sk-SK","@id":"https:\/\/www.upjs.sk\/pracoviska\/unipoc\/#\/schema\/logo\/image\/","url":"https:\/\/www.upjs.sk\/app\/uploads\/sites\/20\/2023\/01\/UNIPOC.svg","contentUrl":"https:\/\/www.upjs.sk\/app\/uploads\/sites\/20\/2023\/01\/UNIPOC.svg","width":500,"height":138,"caption":"Univerzitn\u00e9 poradensk\u00e9 centrum (UNIPOC) | UPJ\u0160"},"image":{"@id":"https:\/\/www.upjs.sk\/pracoviska\/unipoc\/#\/schema\/logo\/image\/"}}]}},"_links":{"self":[{"href":"https:\/\/www.upjs.sk\/pracoviska\/unipoc\/wp-json\/wp\/v2\/pages\/13470","targetHints":{"allow":["GET"]}}],"collection":[{"href":"https:\/\/www.upjs.sk\/pracoviska\/unipoc\/wp-json\/wp\/v2\/pages"}],"about":[{"href":"https:\/\/www.upjs.sk\/pracoviska\/unipoc\/wp-json\/wp\/v2\/types\/page"}],"author":[{"embeddable":true,"href":"https:\/\/www.upjs.sk\/pracoviska\/unipoc\/wp-json\/wp\/v2\/users\/1"}],"replies":[{"embeddable":true,"href":"https:\/\/www.upjs.sk\/pracoviska\/unipoc\/wp-json\/wp\/v2\/comments?post=13470"}],"version-history":[{"count":4,"href":"https:\/\/www.upjs.sk\/pracoviska\/unipoc\/wp-json\/wp\/v2\/pages\/13470\/revisions"}],"predecessor-version":[{"id":23918,"href":"https:\/\/www.upjs.sk\/pracoviska\/unipoc\/wp-json\/wp\/v2\/pages\/13470\/revisions\/23918"}],"up":[{"embeddable":true,"href":"https:\/\/www.upjs.sk\/pracoviska\/unipoc\/wp-json\/wp\/v2\/pages\/13438"}],"wp:attachment":[{"href":"https:\/\/www.upjs.sk\/pracoviska\/unipoc\/wp-json\/wp\/v2\/media?parent=13470"}],"wp:term":[{"taxonomy":"category","embeddable":true,"href":"https:\/\/www.upjs.sk\/pracoviska\/unipoc\/wp-json\/wp\/v2\/categories?post=13470"},{"taxonomy":"post_tag","embeddable":true,"href":"https:\/\/www.upjs.sk\/pracoviska\/unipoc\/wp-json\/wp\/v2\/tags?post=13470"}],"curies":[{"name":"wp","href":"https:\/\/api.w.org\/{rel}","templated":true}]}}