{"id":13474,"date":"2022-02-16T08:48:00","date_gmt":"2022-02-16T08:48:15","guid":{"rendered":"https:\/\/www.upjs.sk\/pracoviska\/unipoc\/root\/poradenstvo\/mgr-kozarova\/"},"modified":"2026-01-12T12:35:23","modified_gmt":"2026-01-12T12:35:23","slug":"mgr-kozarova","status":"publish","type":"page","link":"https:\/\/www.upjs.sk\/pracoviska\/unipoc\/poradenstvo\/mgr-kozarova\/","title":{"rendered":"Mgr. Zuzana Ko\u017e\u00e1rov\u00e1, PhD."},"content":{"rendered":"<p style=\"text-align: justify;\">\u00a0<\/p>\n<p style=\"text-align: justify;\">\u00a0<\/p>\n\n<style>.kb-row-layout-id13474_8d7409-5c > .kt-row-column-wrap{align-content:center;}:where(.kb-row-layout-id13474_8d7409-5c > .kt-row-column-wrap) > .wp-block-kadence-column{justify-content:center;}.kb-row-layout-id13474_8d7409-5c > .kt-row-column-wrap{column-gap:var(--global-kb-gap-none, 0rem );row-gap:var(--global-kb-gap-none, 0rem );max-width:1140px;margin-left:auto;margin-right:auto;padding-top:100px;padding-right:0px;padding-bottom:100px;padding-left:0px;grid-template-columns:repeat(2, minmax(0, 1fr));}.kb-row-layout-id13474_8d7409-5c{background-color:var(--global-palette8, #F7FAFC);}.kb-row-layout-id13474_8d7409-5c > .kt-row-layout-overlay{opacity:0.04;}@media all and (max-width: 1024px){.kb-row-layout-id13474_8d7409-5c > .kt-row-column-wrap{max-width:700px;margin-left:auto;margin-right:auto;padding-top:80px;padding-right:0px;padding-bottom:80px;padding-left:0px;grid-template-columns:minmax(0, 1fr);}}@media all and (max-width: 767px){.kb-row-layout-id13474_8d7409-5c > .kt-row-column-wrap{padding-top:60px;padding-right:15px;padding-bottom:60px;padding-left:15px;grid-template-columns:minmax(0, 1fr);}}.kb-row-layout-id13474_8d7409-5c .contact-img-1 img{margin: -80px 0px -80px 0px;}<\/style><div class=\"kb-row-layout-wrap kb-row-layout-id13474_8d7409-5c alignfull has-theme-palette8-background-color kt-row-has-bg wp-block-kadence-rowlayout\"><div class=\"kt-row-column-wrap kt-has-2-columns kt-row-layout-equal kt-tab-layout-row kt-mobile-layout-row kt-row-valign-middle\">\n<style>.kadence-column13474_c90dc1-e4 > .kt-inside-inner-col{padding-top:10px;padding-right:10px;padding-bottom:10px;padding-left:10px;}.kadence-column13474_c90dc1-e4 > .kt-inside-inner-col,.kadence-column13474_c90dc1-e4 > .kt-inside-inner-col:before{border-top-left-radius:0px;border-top-right-radius:0px;border-bottom-right-radius:0px;border-bottom-left-radius:0px;}.kadence-column13474_c90dc1-e4 > .kt-inside-inner-col{column-gap:var(--global-kb-gap-sm, 1rem);}.kadence-column13474_c90dc1-e4 > .kt-inside-inner-col{flex-direction:column;}.kadence-column13474_c90dc1-e4 > .kt-inside-inner-col > .aligncenter{width:100%;}.kadence-column13474_c90dc1-e4 > .kt-inside-inner-col:before{opacity:0.3;}.kadence-column13474_c90dc1-e4{position:relative;}.kadence-column13474_c90dc1-e4, .kt-inside-inner-col > .kadence-column13474_c90dc1-e4:not(.specificity){margin-top:0px;margin-right:120px;margin-bottom:0px;margin-left:0px;}@media all and (max-width: 1024px){.kadence-column13474_c90dc1-e4 > .kt-inside-inner-col{flex-direction:column;justify-content:center;}}@media all and (max-width: 1024px){.kadence-column13474_c90dc1-e4, .kt-inside-inner-col > .kadence-column13474_c90dc1-e4:not(.specificity){margin-top:0px;margin-right:0px;margin-bottom:0px;margin-left:0px;}}@media all and (max-width: 767px){.kadence-column13474_c90dc1-e4 > .kt-inside-inner-col{padding-top:0px;padding-right:0px;padding-bottom:0px;padding-left:0px;flex-direction:column;justify-content:center;}}<\/style>\n<div class=\"wp-block-kadence-column kadence-column13474_c90dc1-e4 inner-column-1\"><div class=\"kt-inside-inner-col\"><style>.wp-block-kadence-advancedheading.kt-adv-heading13474_3176b2-f4, .wp-block-kadence-advancedheading.kt-adv-heading13474_3176b2-f4[data-kb-block=\"kb-adv-heading13474_3176b2-f4\"]{margin-bottom:var(--global-kb-spacing-sm, 1.5rem);line-height:1em;font-weight:400;font-style:normal;text-transform:uppercase;letter-spacing:1px;color:#23a0a5;}.wp-block-kadence-advancedheading.kt-adv-heading13474_3176b2-f4 mark.kt-highlight, .wp-block-kadence-advancedheading.kt-adv-heading13474_3176b2-f4[data-kb-block=\"kb-adv-heading13474_3176b2-f4\"] mark.kt-highlight{font-style:normal;color:#f76a0c;-webkit-box-decoration-break:clone;box-decoration-break:clone;padding-top:0px;padding-right:0px;padding-bottom:0px;padding-left:0px;}@media all and (max-width: 1024px){.wp-block-kadence-advancedheading.kt-adv-heading13474_3176b2-f4, .wp-block-kadence-advancedheading.kt-adv-heading13474_3176b2-f4[data-kb-block=\"kb-adv-heading13474_3176b2-f4\"]{text-align:center!important;}}<\/style>\n<h6 class=\"kt-adv-heading13474_3176b2-f4 wp-block-kadence-advancedheading\" data-kb-block=\"kb-adv-heading13474_3176b2-f4\">kari\u00e9rov\u00e1 poradky\u0148a<\/h6>\n\n\n<style>.wp-block-kadence-advancedheading.kt-adv-heading13474_ceb00d-ff, .wp-block-kadence-advancedheading.kt-adv-heading13474_ceb00d-ff[data-kb-block=\"kb-adv-heading13474_ceb00d-ff\"]{margin-top:0px;margin-right:0px;margin-bottom:38.5px;margin-left:0px;line-height:1.3em;font-style:normal;}.wp-block-kadence-advancedheading.kt-adv-heading13474_ceb00d-ff mark.kt-highlight, .wp-block-kadence-advancedheading.kt-adv-heading13474_ceb00d-ff[data-kb-block=\"kb-adv-heading13474_ceb00d-ff\"] mark.kt-highlight{font-style:normal;color:#f76a0c;-webkit-box-decoration-break:clone;box-decoration-break:clone;padding-top:0px;padding-right:0px;padding-bottom:0px;padding-left:0px;}@media all and (max-width: 1024px){.wp-block-kadence-advancedheading.kt-adv-heading13474_ceb00d-ff, .wp-block-kadence-advancedheading.kt-adv-heading13474_ceb00d-ff[data-kb-block=\"kb-adv-heading13474_ceb00d-ff\"]{text-align:center!important;}}<\/style>\n<h2 class=\"kt-adv-heading13474_ceb00d-ff wp-block-kadence-advancedheading\" data-kb-block=\"kb-adv-heading13474_ceb00d-ff\">Mgr. Zuzana Ko\u017e\u00e1rov\u00e1, PhD.<\/h2>\n\n\n<style>.wp-block-kadence-advancedheading.kt-adv-heading13474_d8ec54-22, .wp-block-kadence-advancedheading.kt-adv-heading13474_d8ec54-22[data-kb-block=\"kb-adv-heading13474_d8ec54-22\"]{margin-top:0px;margin-right:0px;margin-bottom:20px;margin-left:0px;font-style:normal;}.wp-block-kadence-advancedheading.kt-adv-heading13474_d8ec54-22 mark.kt-highlight, .wp-block-kadence-advancedheading.kt-adv-heading13474_d8ec54-22[data-kb-block=\"kb-adv-heading13474_d8ec54-22\"] mark.kt-highlight{font-style:normal;color:#f76a0c;-webkit-box-decoration-break:clone;box-decoration-break:clone;padding-top:0px;padding-right:0px;padding-bottom:0px;padding-left:0px;}@media all and (max-width: 1024px){.wp-block-kadence-advancedheading.kt-adv-heading13474_d8ec54-22, .wp-block-kadence-advancedheading.kt-adv-heading13474_d8ec54-22[data-kb-block=\"kb-adv-heading13474_d8ec54-22\"]{text-align:center!important;}}<\/style>\n<p class=\"kt-adv-heading13474_d8ec54-22 wp-block-kadence-advancedheading\" data-kb-block=\"kb-adv-heading13474_d8ec54-22\">Je certifikovanou kari\u00e9rovou poradky\u0148ou s mnohoro\u010dn\u00fdmi sk\u00fasenos\u0165ami v poskytovan\u00ed individu\u00e1lneho kari\u00e9rov\u00e9ho poradenstva. Najnov\u0161ie je aj ambas\u00e1dorkou udr\u017eate\u013en\u00e9ho poradenstva. Vo svojich pracovn\u00fdch aktivit\u00e1ch sa rozhodla zamera\u0165 na mlad\u00fdch \u013eud\u00ed a v Univerzitnom poradenskom centre (UNIPOC) UPJ\u0160 v Ko\u0161iciach sa venuje kari\u00e9rnym t\u00e9mam, spolupr\u00e1ci so zamestn\u00e1vate\u013emi, t\u00e9me efekt\u00edvneho u\u010denia \u010di rozvoju k\u013e\u00fa\u010dov\u00fdch kompetenci\u00ed \u0161tudentov. Poskytuje individu\u00e1lne kari\u00e9rov\u00e9 poradenstvo zalo\u017een\u00e9 na princ\u00edpoch storytellingu a poradenstvo v efekt\u00edvnom u\u010den\u00ed. Organizuje a lektoruje r\u00f4zne podujatia, workshopy a webin\u00e1re. Taktie\u017e vyu\u010duje predmet Kari\u00e9rov\u00e9 poradenstvo pre psychol\u00f3gov. Okrem toho sa akt\u00edvne podie\u013ea (alebo sa podie\u013eala) na viacer\u00fdch slovensk\u00fdch aj zahrani\u010dn\u00fdch inovat\u00edvnych projektoch v oblasti vzdel\u00e1vania. Je dr\u017eite\u013ekou N\u00e1rodnej ceny kari\u00e9rov\u00e9ho poradenstva Euroguidance. Rada vzdel\u00e1va seba aj in\u00fdch a riadi sa heslom \u201erob, \u010do \u0165a bav\u00ed\u201c. \u0160tudentom chce pom\u00e1ha\u0165 vykro\u010di\u0165 dobr\u00fdm smerom a zvoli\u0165 si zmyslupln\u00fa kari\u00e9rnu cestu, po\u010das ktorej bud\u00fa uplat\u0148ova\u0165 svoje nadanie, rozv\u00edja\u0165 svoje kompetencie a r\u00e1s\u0165.<\/p>\n<\/div><\/div>\n\n\n<style>.kadence-column13474_b1acfd-2b > .kt-inside-inner-col{display:flex;}.kadence-column13474_b1acfd-2b > .kt-inside-inner-col,.kadence-column13474_b1acfd-2b > .kt-inside-inner-col:before{border-top-left-radius:0px;border-top-right-radius:0px;border-bottom-right-radius:0px;border-bottom-left-radius:0px;}.kadence-column13474_b1acfd-2b > .kt-inside-inner-col{column-gap:var(--global-kb-gap-sm, 1rem);}.kadence-column13474_b1acfd-2b > .kt-inside-inner-col{flex-direction:column;justify-content:center;}.kadence-column13474_b1acfd-2b > .kt-inside-inner-col > .aligncenter{width:100%;}.kt-row-column-wrap > .kadence-column13474_b1acfd-2b{align-self:center;}.kt-inner-column-height-full:not(.kt-has-1-columns) > .wp-block-kadence-column.kadence-column13474_b1acfd-2b{align-self:auto;}.kt-inner-column-height-full:not(.kt-has-1-columns) > .wp-block-kadence-column.kadence-column13474_b1acfd-2b > .kt-inside-inner-col{flex-direction:column;justify-content:center;}.kadence-column13474_b1acfd-2b > .kt-inside-inner-col:before{opacity:0.3;}.kadence-column13474_b1acfd-2b{position:relative;}@media all and (max-width: 1024px){.kt-row-column-wrap > .kadence-column13474_b1acfd-2b{align-self:center;}}@media all and (max-width: 1024px){.kt-inner-column-height-full:not(.kt-has-1-columns) > .wp-block-kadence-column.kadence-column13474_b1acfd-2b{align-self:auto;}}@media all and (max-width: 1024px){.kt-inner-column-height-full:not(.kt-has-1-columns) > .wp-block-kadence-column.kadence-column13474_b1acfd-2b > .kt-inside-inner-col{flex-direction:column;justify-content:center;}}@media all and (max-width: 1024px){.kadence-column13474_b1acfd-2b > .kt-inside-inner-col{flex-direction:column;justify-content:center;align-items:center;}}@media all and (max-width: 1024px){.kadence-column13474_b1acfd-2b, .kt-inside-inner-col > .kadence-column13474_b1acfd-2b:not(.specificity){margin-top:70px;margin-right:0px;margin-bottom:0px;margin-left:0px;}}@media all and (max-width: 767px){.kadence-column13474_b1acfd-2b > .kt-inside-inner-col{padding-top:0px;padding-right:0px;padding-bottom:0px;padding-left:0px;flex-direction:column;justify-content:center;align-items:center;}.kt-row-column-wrap > .kadence-column13474_b1acfd-2b{align-self:center;}.kt-inner-column-height-full:not(.kt-has-1-columns) > .wp-block-kadence-column.kadence-column13474_b1acfd-2b{align-self:auto;}.kt-inner-column-height-full:not(.kt-has-1-columns) > .wp-block-kadence-column.kadence-column13474_b1acfd-2b > .kt-inside-inner-col{flex-direction:column;justify-content:center;}.kadence-column13474_b1acfd-2b, .kt-inside-inner-col > .kadence-column13474_b1acfd-2b:not(.specificity){margin-bottom:-80px;}}<\/style>\n<div class=\"wp-block-kadence-column kadence-column13474_b1acfd-2b kb-section-dir-vertical inner-column-2\"><div class=\"kt-inside-inner-col\"><style>.kb-image13474_7edc36-0a.kb-image-is-ratio-size, .kb-image13474_7edc36-0a .kb-image-is-ratio-size{max-width:400px;width:100%;}.wp-block-kadence-column > .kt-inside-inner-col > .kb-image13474_7edc36-0a.kb-image-is-ratio-size, .wp-block-kadence-column > .kt-inside-inner-col > .kb-image13474_7edc36-0a .kb-image-is-ratio-size{align-self:unset;}.kb-image13474_7edc36-0a figure{max-width:400px;}.kb-image13474_7edc36-0a .image-is-svg, .kb-image13474_7edc36-0a .image-is-svg img{width:100%;}.kb-image13474_7edc36-0a .kb-image-has-overlay:after{opacity:0.3;border-top-left-radius:200px;border-top-right-radius:200px;border-bottom-right-radius:200px;border-bottom-left-radius:200px;}.kb-image13474_7edc36-0a img.kb-img, .kb-image13474_7edc36-0a .kb-img img{border-top-left-radius:200px;border-top-right-radius:200px;border-bottom-right-radius:200px;border-bottom-left-radius:200px;}<\/style>\n<div class=\"wp-block-kadence-image kb-image13474_7edc36-0a\"><figure class=\"aligncenter kb-image-is-ratio-size\"><div class=\"kb-is-ratio-image kb-image-ratio-square\"><img loading=\"lazy\" decoding=\"async\" width=\"1080\" height=\"1080\" src=\"https:\/\/www.upjs.sk\/app\/uploads\/sites\/20\/2025\/09\/Untitled-design.png\" class=\"kb-img wp-image-23461\" srcset=\"https:\/\/www.upjs.sk\/app\/uploads\/sites\/20\/2025\/09\/Untitled-design.png 1080w, https:\/\/www.upjs.sk\/app\/uploads\/sites\/20\/2025\/09\/Untitled-design-300x300.png 300w, https:\/\/www.upjs.sk\/app\/uploads\/sites\/20\/2025\/09\/Untitled-design-1024x1024.png 1024w, https:\/\/www.upjs.sk\/app\/uploads\/sites\/20\/2025\/09\/Untitled-design-150x150.png 150w, https:\/\/www.upjs.sk\/app\/uploads\/sites\/20\/2025\/09\/Untitled-design-768x768.png 768w\" sizes=\"auto, (max-width: 1080px) 100vw, 1080px\" \/><\/div><\/figure><\/div>\n<\/div><\/div>\n\n<\/div><\/div>","protected":false},"excerpt":{"rendered":"<p>\u00a0 \u00a0 kari\u00e9rov\u00e1 poradky\u0148a Mgr. Zuzana Ko\u017e\u00e1rov\u00e1, PhD. Je certifikovanou kari\u00e9rovou poradky\u0148ou s mnohoro\u010dn\u00fdmi sk\u00fasenos\u0165ami v poskytovan\u00ed individu\u00e1lneho kari\u00e9rov\u00e9ho poradenstva. Najnov\u0161ie je aj ambas\u00e1dorkou udr\u017eate\u013en\u00e9ho poradenstva. Vo svojich pracovn\u00fdch aktivit\u00e1ch sa rozhodla zamera\u0165 na mlad\u00fdch \u013eud\u00ed a v Univerzitnom poradenskom centre (UNIPOC) UPJ\u0160 v Ko\u0161iciach sa venuje kari\u00e9rnym t\u00e9mam, spolupr\u00e1ci so zamestn\u00e1vate\u013emi, t\u00e9me efekt\u00edvneho u\u010denia &hellip; <a href=\"https:\/\/www.upjs.sk\/pracoviska\/unipoc\/poradenstvo\/mgr-kozarova\/\">\u010c\u00edta\u0165 \u010falej<\/a><\/p>\n","protected":false},"author":1,"featured_media":0,"parent":13438,"menu_order":19,"comment_status":"closed","ping_status":"closed","template":"","meta":{"_acf_changed":false,"_editorskit_title_hidden":false,"_editorskit_reading_time":0,"_editorskit_is_block_options_detached":false,"_editorskit_block_options_position":"{}","footnotes":""},"categories":[],"tags":[],"class_list":["post-13474","page","type-page","status-publish","hentry"],"acf":{"acf_link_na_externy_obsah":""},"yoast_head":"<!-- This site is optimized with the Yoast SEO plugin v27.5 - https:\/\/yoast.com\/product\/yoast-seo-wordpress\/ -->\n<title>Mgr. Zuzana Ko\u017e\u00e1rov\u00e1, PhD. - Univerzitn\u00e9 poradensk\u00e9 centrum (UNIPOC) | UPJ\u0160<\/title>\n<meta name=\"robots\" content=\"index, follow, max-snippet:-1, max-image-preview:large, max-video-preview:-1\" \/>\n<link rel=\"canonical\" href=\"https:\/\/www.upjs.sk\/pracoviska\/unipoc\/poradenstvo\/mgr-kozarova\/\" \/>\n<meta property=\"og:locale\" content=\"sk_SK\" \/>\n<meta property=\"og:type\" content=\"article\" \/>\n<meta property=\"og:title\" content=\"Mgr. Zuzana Ko\u017e\u00e1rov\u00e1, PhD. - Univerzitn\u00e9 poradensk\u00e9 centrum (UNIPOC) | UPJ\u0160\" \/>\n<meta property=\"og:description\" content=\"\u00a0 \u00a0 kari\u00e9rov\u00e1 poradky\u0148a Mgr. Zuzana Ko\u017e\u00e1rov\u00e1, PhD. Je certifikovanou kari\u00e9rovou poradky\u0148ou s mnohoro\u010dn\u00fdmi sk\u00fasenos\u0165ami v poskytovan\u00ed individu\u00e1lneho kari\u00e9rov\u00e9ho poradenstva. Najnov\u0161ie je aj ambas\u00e1dorkou udr\u017eate\u013en\u00e9ho poradenstva. Vo svojich pracovn\u00fdch aktivit\u00e1ch sa rozhodla zamera\u0165 na mlad\u00fdch \u013eud\u00ed a v Univerzitnom poradenskom centre (UNIPOC) UPJ\u0160 v Ko\u0161iciach sa venuje kari\u00e9rnym t\u00e9mam, spolupr\u00e1ci so zamestn\u00e1vate\u013emi, t\u00e9me efekt\u00edvneho u\u010denia &hellip; \u010c\u00edta\u0165 \u010falej\" \/>\n<meta property=\"og:url\" content=\"https:\/\/www.upjs.sk\/pracoviska\/unipoc\/poradenstvo\/mgr-kozarova\/\" \/>\n<meta property=\"og:site_name\" content=\"Univerzitn\u00e9 poradensk\u00e9 centrum (UNIPOC) | UPJ\u0160\" \/>\n<meta property=\"article:modified_time\" content=\"2026-01-12T12:35:23+00:00\" \/>\n<meta property=\"og:image\" content=\"https:\/\/www.upjs.sk\/app\/uploads\/sites\/20\/2025\/09\/Untitled-design.png\" \/>\n\t<meta property=\"og:image:width\" content=\"1080\" \/>\n\t<meta property=\"og:image:height\" content=\"1080\" \/>\n\t<meta property=\"og:image:type\" content=\"image\/png\" \/>\n<meta name=\"twitter:card\" content=\"summary_large_image\" \/>\n<meta name=\"twitter:label1\" content=\"Predpokladan\u00fd \u010das \u010d\u00edtania\" \/>\n\t<meta name=\"twitter:data1\" content=\"2 min\u00faty\" \/>\n<script type=\"application\/ld+json\" class=\"yoast-schema-graph\">{\"@context\":\"https:\\\/\\\/schema.org\",\"@graph\":[{\"@type\":\"WebPage\",\"@id\":\"https:\\\/\\\/www.upjs.sk\\\/pracoviska\\\/unipoc\\\/poradenstvo\\\/mgr-kozarova\\\/\",\"url\":\"https:\\\/\\\/www.upjs.sk\\\/pracoviska\\\/unipoc\\\/poradenstvo\\\/mgr-kozarova\\\/\",\"name\":\"Mgr. Zuzana Ko\u017e\u00e1rov\u00e1, PhD. - Univerzitn\u00e9 poradensk\u00e9 centrum (UNIPOC) | UPJ\u0160\",\"isPartOf\":{\"@id\":\"https:\\\/\\\/www.upjs.sk\\\/pracoviska\\\/unipoc\\\/#website\"},\"primaryImageOfPage\":{\"@id\":\"https:\\\/\\\/www.upjs.sk\\\/pracoviska\\\/unipoc\\\/poradenstvo\\\/mgr-kozarova\\\/#primaryimage\"},\"image\":{\"@id\":\"https:\\\/\\\/www.upjs.sk\\\/pracoviska\\\/unipoc\\\/poradenstvo\\\/mgr-kozarova\\\/#primaryimage\"},\"thumbnailUrl\":\"https:\\\/\\\/www.upjs.sk\\\/app\\\/uploads\\\/sites\\\/20\\\/2025\\\/09\\\/Untitled-design.png\",\"datePublished\":\"2022-02-16T08:48:15+00:00\",\"dateModified\":\"2026-01-12T12:35:23+00:00\",\"breadcrumb\":{\"@id\":\"https:\\\/\\\/www.upjs.sk\\\/pracoviska\\\/unipoc\\\/poradenstvo\\\/mgr-kozarova\\\/#breadcrumb\"},\"inLanguage\":\"sk-SK\",\"potentialAction\":[{\"@type\":\"ReadAction\",\"target\":[\"https:\\\/\\\/www.upjs.sk\\\/pracoviska\\\/unipoc\\\/poradenstvo\\\/mgr-kozarova\\\/\"]}]},{\"@type\":\"ImageObject\",\"inLanguage\":\"sk-SK\",\"@id\":\"https:\\\/\\\/www.upjs.sk\\\/pracoviska\\\/unipoc\\\/poradenstvo\\\/mgr-kozarova\\\/#primaryimage\",\"url\":\"https:\\\/\\\/www.upjs.sk\\\/app\\\/uploads\\\/sites\\\/20\\\/2025\\\/09\\\/Untitled-design.png\",\"contentUrl\":\"https:\\\/\\\/www.upjs.sk\\\/app\\\/uploads\\\/sites\\\/20\\\/2025\\\/09\\\/Untitled-design.png\"},{\"@type\":\"BreadcrumbList\",\"@id\":\"https:\\\/\\\/www.upjs.sk\\\/pracoviska\\\/unipoc\\\/poradenstvo\\\/mgr-kozarova\\\/#breadcrumb\",\"itemListElement\":[{\"@type\":\"ListItem\",\"position\":1,\"name\":\"Home\",\"item\":\"https:\\\/\\\/www.upjs.sk\\\/pracoviska\\\/unipoc\\\/\"},{\"@type\":\"ListItem\",\"position\":2,\"name\":\"PORADENSTVO\",\"item\":\"https:\\\/\\\/www.upjs.sk\\\/pracoviska\\\/unipoc\\\/poradenstvo\\\/\"},{\"@type\":\"ListItem\",\"position\":3,\"name\":\"Mgr. Zuzana Ko\u017e\u00e1rov\u00e1, PhD.\"}]},{\"@type\":\"WebSite\",\"@id\":\"https:\\\/\\\/www.upjs.sk\\\/pracoviska\\\/unipoc\\\/#website\",\"url\":\"https:\\\/\\\/www.upjs.sk\\\/pracoviska\\\/unipoc\\\/\",\"name\":\"Univerzitn\u00e9 poradensk\u00e9 centrum (UNIPOC) | UPJ\u0160\",\"description\":\"\",\"publisher\":{\"@id\":\"https:\\\/\\\/www.upjs.sk\\\/pracoviska\\\/unipoc\\\/#organization\"},\"potentialAction\":[{\"@type\":\"SearchAction\",\"target\":{\"@type\":\"EntryPoint\",\"urlTemplate\":\"https:\\\/\\\/www.upjs.sk\\\/pracoviska\\\/unipoc\\\/?s={search_term_string}\"},\"query-input\":{\"@type\":\"PropertyValueSpecification\",\"valueRequired\":true,\"valueName\":\"search_term_string\"}}],\"inLanguage\":\"sk-SK\"},{\"@type\":\"Organization\",\"@id\":\"https:\\\/\\\/www.upjs.sk\\\/pracoviska\\\/unipoc\\\/#organization\",\"name\":\"Univerzitn\u00e9 poradensk\u00e9 centrum (UNIPOC) | UPJ\u0160\",\"url\":\"https:\\\/\\\/www.upjs.sk\\\/pracoviska\\\/unipoc\\\/\",\"logo\":{\"@type\":\"ImageObject\",\"inLanguage\":\"sk-SK\",\"@id\":\"https:\\\/\\\/www.upjs.sk\\\/pracoviska\\\/unipoc\\\/#\\\/schema\\\/logo\\\/image\\\/\",\"url\":\"https:\\\/\\\/www.upjs.sk\\\/app\\\/uploads\\\/sites\\\/20\\\/2023\\\/01\\\/UNIPOC.svg\",\"contentUrl\":\"https:\\\/\\\/www.upjs.sk\\\/app\\\/uploads\\\/sites\\\/20\\\/2023\\\/01\\\/UNIPOC.svg\",\"width\":500,\"height\":138,\"caption\":\"Univerzitn\u00e9 poradensk\u00e9 centrum (UNIPOC) | UPJ\u0160\"},\"image\":{\"@id\":\"https:\\\/\\\/www.upjs.sk\\\/pracoviska\\\/unipoc\\\/#\\\/schema\\\/logo\\\/image\\\/\"}}]}<\/script>\n<!-- \/ Yoast SEO plugin. -->","yoast_head_json":{"title":"Mgr. Zuzana Ko\u017e\u00e1rov\u00e1, PhD. - Univerzitn\u00e9 poradensk\u00e9 centrum (UNIPOC) | UPJ\u0160","robots":{"index":"index","follow":"follow","max-snippet":"max-snippet:-1","max-image-preview":"max-image-preview:large","max-video-preview":"max-video-preview:-1"},"canonical":"https:\/\/www.upjs.sk\/pracoviska\/unipoc\/poradenstvo\/mgr-kozarova\/","og_locale":"sk_SK","og_type":"article","og_title":"Mgr. Zuzana Ko\u017e\u00e1rov\u00e1, PhD. - Univerzitn\u00e9 poradensk\u00e9 centrum (UNIPOC) | UPJ\u0160","og_description":"\u00a0 \u00a0 kari\u00e9rov\u00e1 poradky\u0148a Mgr. Zuzana Ko\u017e\u00e1rov\u00e1, PhD. Je certifikovanou kari\u00e9rovou poradky\u0148ou s mnohoro\u010dn\u00fdmi sk\u00fasenos\u0165ami v poskytovan\u00ed individu\u00e1lneho kari\u00e9rov\u00e9ho poradenstva. Najnov\u0161ie je aj ambas\u00e1dorkou udr\u017eate\u013en\u00e9ho poradenstva. Vo svojich pracovn\u00fdch aktivit\u00e1ch sa rozhodla zamera\u0165 na mlad\u00fdch \u013eud\u00ed a v Univerzitnom poradenskom centre (UNIPOC) UPJ\u0160 v Ko\u0161iciach sa venuje kari\u00e9rnym t\u00e9mam, spolupr\u00e1ci so zamestn\u00e1vate\u013emi, t\u00e9me efekt\u00edvneho u\u010denia &hellip; \u010c\u00edta\u0165 \u010falej","og_url":"https:\/\/www.upjs.sk\/pracoviska\/unipoc\/poradenstvo\/mgr-kozarova\/","og_site_name":"Univerzitn\u00e9 poradensk\u00e9 centrum (UNIPOC) | UPJ\u0160","article_modified_time":"2026-01-12T12:35:23+00:00","og_image":[{"width":1080,"height":1080,"url":"https:\/\/www.upjs.sk\/app\/uploads\/sites\/20\/2025\/09\/Untitled-design.png","type":"image\/png"}],"twitter_card":"summary_large_image","twitter_misc":{"Predpokladan\u00fd \u010das \u010d\u00edtania":"2 min\u00faty"},"schema":{"@context":"https:\/\/schema.org","@graph":[{"@type":"WebPage","@id":"https:\/\/www.upjs.sk\/pracoviska\/unipoc\/poradenstvo\/mgr-kozarova\/","url":"https:\/\/www.upjs.sk\/pracoviska\/unipoc\/poradenstvo\/mgr-kozarova\/","name":"Mgr. Zuzana Ko\u017e\u00e1rov\u00e1, PhD. - Univerzitn\u00e9 poradensk\u00e9 centrum (UNIPOC) | UPJ\u0160","isPartOf":{"@id":"https:\/\/www.upjs.sk\/pracoviska\/unipoc\/#website"},"primaryImageOfPage":{"@id":"https:\/\/www.upjs.sk\/pracoviska\/unipoc\/poradenstvo\/mgr-kozarova\/#primaryimage"},"image":{"@id":"https:\/\/www.upjs.sk\/pracoviska\/unipoc\/poradenstvo\/mgr-kozarova\/#primaryimage"},"thumbnailUrl":"https:\/\/www.upjs.sk\/app\/uploads\/sites\/20\/2025\/09\/Untitled-design.png","datePublished":"2022-02-16T08:48:15+00:00","dateModified":"2026-01-12T12:35:23+00:00","breadcrumb":{"@id":"https:\/\/www.upjs.sk\/pracoviska\/unipoc\/poradenstvo\/mgr-kozarova\/#breadcrumb"},"inLanguage":"sk-SK","potentialAction":[{"@type":"ReadAction","target":["https:\/\/www.upjs.sk\/pracoviska\/unipoc\/poradenstvo\/mgr-kozarova\/"]}]},{"@type":"ImageObject","inLanguage":"sk-SK","@id":"https:\/\/www.upjs.sk\/pracoviska\/unipoc\/poradenstvo\/mgr-kozarova\/#primaryimage","url":"https:\/\/www.upjs.sk\/app\/uploads\/sites\/20\/2025\/09\/Untitled-design.png","contentUrl":"https:\/\/www.upjs.sk\/app\/uploads\/sites\/20\/2025\/09\/Untitled-design.png"},{"@type":"BreadcrumbList","@id":"https:\/\/www.upjs.sk\/pracoviska\/unipoc\/poradenstvo\/mgr-kozarova\/#breadcrumb","itemListElement":[{"@type":"ListItem","position":1,"name":"Home","item":"https:\/\/www.upjs.sk\/pracoviska\/unipoc\/"},{"@type":"ListItem","position":2,"name":"PORADENSTVO","item":"https:\/\/www.upjs.sk\/pracoviska\/unipoc\/poradenstvo\/"},{"@type":"ListItem","position":3,"name":"Mgr. Zuzana Ko\u017e\u00e1rov\u00e1, PhD."}]},{"@type":"WebSite","@id":"https:\/\/www.upjs.sk\/pracoviska\/unipoc\/#website","url":"https:\/\/www.upjs.sk\/pracoviska\/unipoc\/","name":"Univerzitn\u00e9 poradensk\u00e9 centrum (UNIPOC) | UPJ\u0160","description":"","publisher":{"@id":"https:\/\/www.upjs.sk\/pracoviska\/unipoc\/#organization"},"potentialAction":[{"@type":"SearchAction","target":{"@type":"EntryPoint","urlTemplate":"https:\/\/www.upjs.sk\/pracoviska\/unipoc\/?s={search_term_string}"},"query-input":{"@type":"PropertyValueSpecification","valueRequired":true,"valueName":"search_term_string"}}],"inLanguage":"sk-SK"},{"@type":"Organization","@id":"https:\/\/www.upjs.sk\/pracoviska\/unipoc\/#organization","name":"Univerzitn\u00e9 poradensk\u00e9 centrum (UNIPOC) | UPJ\u0160","url":"https:\/\/www.upjs.sk\/pracoviska\/unipoc\/","logo":{"@type":"ImageObject","inLanguage":"sk-SK","@id":"https:\/\/www.upjs.sk\/pracoviska\/unipoc\/#\/schema\/logo\/image\/","url":"https:\/\/www.upjs.sk\/app\/uploads\/sites\/20\/2023\/01\/UNIPOC.svg","contentUrl":"https:\/\/www.upjs.sk\/app\/uploads\/sites\/20\/2023\/01\/UNIPOC.svg","width":500,"height":138,"caption":"Univerzitn\u00e9 poradensk\u00e9 centrum (UNIPOC) | UPJ\u0160"},"image":{"@id":"https:\/\/www.upjs.sk\/pracoviska\/unipoc\/#\/schema\/logo\/image\/"}}]}},"_links":{"self":[{"href":"https:\/\/www.upjs.sk\/pracoviska\/unipoc\/wp-json\/wp\/v2\/pages\/13474","targetHints":{"allow":["GET"]}}],"collection":[{"href":"https:\/\/www.upjs.sk\/pracoviska\/unipoc\/wp-json\/wp\/v2\/pages"}],"about":[{"href":"https:\/\/www.upjs.sk\/pracoviska\/unipoc\/wp-json\/wp\/v2\/types\/page"}],"author":[{"embeddable":true,"href":"https:\/\/www.upjs.sk\/pracoviska\/unipoc\/wp-json\/wp\/v2\/users\/1"}],"replies":[{"embeddable":true,"href":"https:\/\/www.upjs.sk\/pracoviska\/unipoc\/wp-json\/wp\/v2\/comments?post=13474"}],"version-history":[{"count":5,"href":"https:\/\/www.upjs.sk\/pracoviska\/unipoc\/wp-json\/wp\/v2\/pages\/13474\/revisions"}],"predecessor-version":[{"id":23905,"href":"https:\/\/www.upjs.sk\/pracoviska\/unipoc\/wp-json\/wp\/v2\/pages\/13474\/revisions\/23905"}],"up":[{"embeddable":true,"href":"https:\/\/www.upjs.sk\/pracoviska\/unipoc\/wp-json\/wp\/v2\/pages\/13438"}],"wp:attachment":[{"href":"https:\/\/www.upjs.sk\/pracoviska\/unipoc\/wp-json\/wp\/v2\/media?parent=13474"}],"wp:term":[{"taxonomy":"category","embeddable":true,"href":"https:\/\/www.upjs.sk\/pracoviska\/unipoc\/wp-json\/wp\/v2\/categories?post=13474"},{"taxonomy":"post_tag","embeddable":true,"href":"https:\/\/www.upjs.sk\/pracoviska\/unipoc\/wp-json\/wp\/v2\/tags?post=13474"}],"curies":[{"name":"wp","href":"https:\/\/api.w.org\/{rel}","templated":true}]}}