{"id":13500,"date":"2021-09-22T15:23:06","date_gmt":"2021-09-22T15:23:06","guid":{"rendered":"https:\/\/www.upjs.sk\/pracoviska\/unipoc\/root\/aktivity\/21646-2\/"},"modified":"2022-11-13T21:47:58","modified_gmt":"2022-11-13T21:47:58","slug":"21646-2","status":"publish","type":"page","link":"https:\/\/www.upjs.sk\/pracoviska\/unipoc\/aktivity\/21646-2\/","title":{"rendered":"De\u0148 kari\u00e9ry"},"content":{"rendered":"<p style=\"text-align: justify;\">\u00a0\u00a0\u00a0\u00a0Pracovn\u00fd trh prech\u00e1dza od po\u010diatku mil\u00e9nia v\u00fdrazn\u00fdmi zmenami. Vpl\u00fdva na\u0148 globaliz\u00e1cia, technologick\u00fd pokrok \u010di automatiz\u00e1cia, ktor\u00e9 maj\u00fa za n\u00e1sledok z\u00e1nik ist\u00fdch profesi\u00ed, ale na druhej strane vznik nov\u00fdch. E\u0161te pred desiatimi rokmi neexistovali profesie ako napr. influencer, market\u00e9r, mana\u017e\u00e9r soci\u00e1lnych siet\u00ed, v\u00fdvoj\u00e1r aplik\u00e1ci\u00ed, no dnes s\u00fa be\u017enou s\u00fa\u010das\u0165ou pracovn\u00e9ho trhu. Nielen o\u00a0t\u00fdchto profesi\u00e1ch, ale aj o\u00a0influencer marketingu, digit\u00e1lnych zru\u010dnostiach \u010di mo\u017enostiach zamestna\u0165 sa v\u00a021. storo\u010d\u00ed sa dozvedeli viac z\u00e1ujemcovia na Dni kari\u00e9ry 2019. Jeho tret\u00ed ro\u010dn\u00edk organizovala Univerzita Pavla Jozefa \u0160af\u00e1rika v Ko\u0161iciach (UPJ\u0160) a Univerzitn\u00e9 poradensk\u00e9 centrum (UNIPOC) v stredu 10. apr\u00edla 2019 v\u00a0univerzitnom are\u00e1li na Moyzesovej 9 v\u00a0Ko\u0161iciach.<\/p>\n<p style=\"text-align: justify;\">\u00a0\u00a0\u00a0\u00a0T\u00e9ma podujatia, \u201epr\u00e1ca bud\u00facnosti\u201c, sa niesla cel\u00fdm programom. De\u0148 kari\u00e9ry za\u010dal pracovn\u00fdmi ra\u0148ajkami vedenia univerzity, dekanov fak\u00falt a\u00a0\u0161tudentov so z\u00e1stupcami jednotliv\u00fdch spolo\u010dnost\u00ed. T\u00e9mou boli aktu\u00e1lne ot\u00e1zky zamestn\u00e1vania mlad\u00fdch \u013eud\u00ed a\u00a0vytv\u00e1ranie st\u00e1\u017eov\u00fdch poz\u00edci\u00ed pre \u0161tudentov. Novinkou bol grafick\u00fd z\u00e1znam a\u00a0grafick\u00e1 facilit\u00e1cia prebiehaj\u00facej diskusie.<\/p>\n<p style=\"text-align: justify;\">\u00a0\u00a0\u00a0\u00a0S\u00fa\u010das\u0165ou podujatia bol aj zauj\u00edmav\u00fd program pln\u00fd in\u0161pirat\u00edvnych host\u00ed. V\u0161etci hostia reprezentovali \u201epr\u00e1cu bud\u00facnosti\u201c, pracuj\u00fa u modern\u00e9ho zamestn\u00e1vate\u013ea, maj\u00fa novodob\u00fa pracovn\u00fa poz\u00edciou alebo inovat\u00edvnu formu pracovn\u00e9ho \u00fav\u00e4zku, resp.\u00a0podnikania. Program otvorila M\u00e1ria Sofia Tak\u00e1\u010dov\u00e1, ktor\u00e1 pracuje v\u00a0Google Slovensko, konkr\u00e9tne pre iniciat\u00edvu Grow with Google. \u0160tudentom pribl\u00ed\u017eila\u00a0zru\u010dnosti d\u00f4le\u017eit\u00e9 pre bud\u00facnos\u0165 na trhu pr\u00e1ce a\u00a0otvorila d\u00f4le\u017eit\u00fa ot\u00e1zku, \u010di sme na bud\u00facnos\u0165 v\u00f4bec pripraven\u00ed. Nasledoval Jakub Szepesgyorky (Change Your Self), ktor\u00fd p\u00fatavo hovoril o\u00a0tom, ako cestovanie a spozn\u00e1vanie dok\u00e1\u017ee \u010dloveku otvori\u0165 nov\u00e9 cesty v \u017eivote. \u0160tudentov zaujala aj grafick\u00e1 facilit\u00e1torka Gabriela F\u00e1bryov\u00e1, ktor\u00e1 na podujatie priletela priamo z\u00a0Par\u00ed\u017ea, kde pracuje ako freelancer. Paula Pastir\u010d\u00e1kov\u00e1 zo spolo\u010dnosti GymBeam porozpr\u00e1vala \u0161tudentom o\u00a0influencer marketingu, ak\u00e9 je to komunikova\u0165 a\u00a0tvori\u0165 reklamu s\u00a0\u013eu\u010fmi, ktor\u00fdch na soci\u00e1lnych sie\u0165ach sleduj\u00fa tis\u00edce fan\u00fa\u0161ikov. P\u00e4ticu in\u0161pirat\u00edvnych host\u00ed uzavrel Tom\u00e1\u0161 Slebodn\u00edk zo zn\u00e1mej ko\u0161ickej spolo\u010dnosti KERE (tie\u017e Bikere, Babetta a Kroy), ktor\u00fd reprezentoval inovat\u00edvny pr\u00edstup v\u00a0podnikan\u00ed.<\/p>\n<p style=\"text-align: justify;\">\u00a0\u00a0\u00a0\u00a0Pre viac ako 300 \u0161tudentov bol tento ve\u013etrh pracovn\u00fdch pr\u00edle\u017eitost\u00ed v\u00fdbornou mo\u017enos\u0165ou stretn\u00fa\u0165 sa a porozpr\u00e1va\u0165 s potenci\u00e1lnymi zamestn\u00e1vate\u013emi, ako aj dozvedie\u0165 sa viac o aktu\u00e1lnych po\u017eiadavk\u00e1ch na pracovnom trhu. T\u00ed, ktor\u00ed si so sebou priniesli svoj \u017eivotopis, sa v pr\u00edpade z\u00e1ujmu mohli na otvoren\u00e9 pracovn\u00e9 poz\u00edcie priamo hl\u00e1si\u0165. Na Dni kari\u00e9ry 2019 sa prezentovalo spolu 20 zamestn\u00e1vate\u013eov, medzi nimi spolo\u010dnosti ako AT&#038;T, Zbor v\u00e4zenskej a\u00a0justi\u010dnej str\u00e1\u017ee, LYNX \u2013 spolo\u010dnos\u0165 s ru\u010den\u00edm obmedzen\u00fdm, \u00darad pre verejn\u00e9 obstar\u00e1vanie, AffinityAnalytics, Svet zdravia, FPT, Lidl, AGEL SK, Nemocnica Ko\u0161ice &#8211; \u0160aca 1. s\u00fakromn\u00e1 nemocnica, LafargeHolcim EBS, VISTA a mnoh\u00ed \u010fal\u0161\u00ed.<\/p>\n<p style=\"text-align: justify;\"><a href=\"\/public\/media\/21646\/DK2019.jpg\" target=\"_blank\" rel=\"noopener\"><img decoding=\"async\" alt=\"\" src=\"http:\/\/www.upjs.sk\/\/app\/uploads\/sites\/20\/2022\/10\/DK2019.jpg\" style=\"height:400px; width:400px\" \/><\/a><\/p>\n","protected":false},"excerpt":{"rendered":"<p>\u00a0\u00a0\u00a0\u00a0Pracovn\u00fd trh prech\u00e1dza od po\u010diatku mil\u00e9nia v\u00fdrazn\u00fdmi zmenami. Vpl\u00fdva na\u0148 globaliz\u00e1cia, technologick\u00fd pokrok \u010di automatiz\u00e1cia, ktor\u00e9 maj\u00fa za n\u00e1sledok z\u00e1nik ist\u00fdch profesi\u00ed, ale na druhej strane vznik nov\u00fdch. E\u0161te pred desiatimi rokmi neexistovali profesie ako napr. influencer, market\u00e9r, mana\u017e\u00e9r soci\u00e1lnych siet\u00ed, v\u00fdvoj\u00e1r aplik\u00e1ci\u00ed, no dnes s\u00fa be\u017enou s\u00fa\u010das\u0165ou pracovn\u00e9ho trhu. Nielen o\u00a0t\u00fdchto profesi\u00e1ch, ale aj &hellip; <a href=\"https:\/\/www.upjs.sk\/pracoviska\/unipoc\/aktivity\/21646-2\/\">\u010c\u00edta\u0165 \u010falej<\/a><\/p>\n","protected":false},"author":1,"featured_media":13501,"parent":13496,"menu_order":1,"comment_status":"closed","ping_status":"closed","template":"","meta":{"_acf_changed":false,"_editorskit_title_hidden":false,"_editorskit_reading_time":0,"_editorskit_is_block_options_detached":false,"_editorskit_block_options_position":"{}","footnotes":""},"categories":[],"tags":[],"class_list":["post-13500","page","type-page","status-publish","has-post-thumbnail","hentry"],"acf":{"acf_link_na_externy_obsah":""},"yoast_head":"<!-- This site is optimized with the Yoast SEO plugin v27.4 - https:\/\/yoast.com\/product\/yoast-seo-wordpress\/ -->\n<title>De\u0148 kari\u00e9ry - Univerzitn\u00e9 poradensk\u00e9 centrum (UNIPOC) | UPJ\u0160<\/title>\n<meta name=\"robots\" content=\"index, follow, max-snippet:-1, max-image-preview:large, max-video-preview:-1\" \/>\n<link rel=\"canonical\" href=\"https:\/\/www.upjs.sk\/pracoviska\/unipoc\/aktivity\/21646-2\/\" \/>\n<meta property=\"og:locale\" content=\"sk_SK\" \/>\n<meta property=\"og:type\" content=\"article\" \/>\n<meta property=\"og:title\" content=\"De\u0148 kari\u00e9ry - Univerzitn\u00e9 poradensk\u00e9 centrum (UNIPOC) | UPJ\u0160\" \/>\n<meta property=\"og:description\" content=\"\u00a0\u00a0\u00a0\u00a0Pracovn\u00fd trh prech\u00e1dza od po\u010diatku mil\u00e9nia v\u00fdrazn\u00fdmi zmenami. Vpl\u00fdva na\u0148 globaliz\u00e1cia, technologick\u00fd pokrok \u010di automatiz\u00e1cia, ktor\u00e9 maj\u00fa za n\u00e1sledok z\u00e1nik ist\u00fdch profesi\u00ed, ale na druhej strane vznik nov\u00fdch. E\u0161te pred desiatimi rokmi neexistovali profesie ako napr. influencer, market\u00e9r, mana\u017e\u00e9r soci\u00e1lnych siet\u00ed, v\u00fdvoj\u00e1r aplik\u00e1ci\u00ed, no dnes s\u00fa be\u017enou s\u00fa\u010das\u0165ou pracovn\u00e9ho trhu. Nielen o\u00a0t\u00fdchto profesi\u00e1ch, ale aj &hellip; \u010c\u00edta\u0165 \u010falej\" \/>\n<meta property=\"og:url\" content=\"https:\/\/www.upjs.sk\/pracoviska\/unipoc\/aktivity\/21646-2\/\" \/>\n<meta property=\"og:site_name\" content=\"Univerzitn\u00e9 poradensk\u00e9 centrum (UNIPOC) | UPJ\u0160\" \/>\n<meta property=\"article:modified_time\" content=\"2022-11-13T21:47:58+00:00\" \/>\n<meta property=\"og:image\" content=\"https:\/\/www.upjs.sk\/app\/uploads\/sites\/20\/2022\/10\/DK2019.jpg\" \/>\n\t<meta property=\"og:image:width\" content=\"1000\" \/>\n\t<meta property=\"og:image:height\" content=\"1000\" \/>\n\t<meta property=\"og:image:type\" content=\"image\/jpeg\" \/>\n<meta name=\"twitter:card\" content=\"summary_large_image\" \/>\n<meta name=\"twitter:label1\" content=\"Predpokladan\u00fd \u010das \u010d\u00edtania\" \/>\n\t<meta name=\"twitter:data1\" content=\"3 min\u00faty\" \/>\n<script type=\"application\/ld+json\" class=\"yoast-schema-graph\">{\"@context\":\"https:\\\/\\\/schema.org\",\"@graph\":[{\"@type\":\"WebPage\",\"@id\":\"https:\\\/\\\/www.upjs.sk\\\/pracoviska\\\/unipoc\\\/aktivity\\\/21646-2\\\/\",\"url\":\"https:\\\/\\\/www.upjs.sk\\\/pracoviska\\\/unipoc\\\/aktivity\\\/21646-2\\\/\",\"name\":\"De\u0148 kari\u00e9ry - Univerzitn\u00e9 poradensk\u00e9 centrum (UNIPOC) | UPJ\u0160\",\"isPartOf\":{\"@id\":\"https:\\\/\\\/www.upjs.sk\\\/pracoviska\\\/unipoc\\\/#website\"},\"primaryImageOfPage\":{\"@id\":\"https:\\\/\\\/www.upjs.sk\\\/pracoviska\\\/unipoc\\\/aktivity\\\/21646-2\\\/#primaryimage\"},\"image\":{\"@id\":\"https:\\\/\\\/www.upjs.sk\\\/pracoviska\\\/unipoc\\\/aktivity\\\/21646-2\\\/#primaryimage\"},\"thumbnailUrl\":\"https:\\\/\\\/www.upjs.sk\\\/app\\\/uploads\\\/sites\\\/20\\\/2022\\\/10\\\/DK2019.jpg\",\"datePublished\":\"2021-09-22T15:23:06+00:00\",\"dateModified\":\"2022-11-13T21:47:58+00:00\",\"breadcrumb\":{\"@id\":\"https:\\\/\\\/www.upjs.sk\\\/pracoviska\\\/unipoc\\\/aktivity\\\/21646-2\\\/#breadcrumb\"},\"inLanguage\":\"sk-SK\",\"potentialAction\":[{\"@type\":\"ReadAction\",\"target\":[\"https:\\\/\\\/www.upjs.sk\\\/pracoviska\\\/unipoc\\\/aktivity\\\/21646-2\\\/\"]}]},{\"@type\":\"ImageObject\",\"inLanguage\":\"sk-SK\",\"@id\":\"https:\\\/\\\/www.upjs.sk\\\/pracoviska\\\/unipoc\\\/aktivity\\\/21646-2\\\/#primaryimage\",\"url\":\"https:\\\/\\\/www.upjs.sk\\\/app\\\/uploads\\\/sites\\\/20\\\/2022\\\/10\\\/DK2019.jpg\",\"contentUrl\":\"https:\\\/\\\/www.upjs.sk\\\/app\\\/uploads\\\/sites\\\/20\\\/2022\\\/10\\\/DK2019.jpg\",\"width\":1000,\"height\":1000,\"caption\":\"21646\"},{\"@type\":\"BreadcrumbList\",\"@id\":\"https:\\\/\\\/www.upjs.sk\\\/pracoviska\\\/unipoc\\\/aktivity\\\/21646-2\\\/#breadcrumb\",\"itemListElement\":[{\"@type\":\"ListItem\",\"position\":1,\"name\":\"Home\",\"item\":\"https:\\\/\\\/www.upjs.sk\\\/pracoviska\\\/unipoc\\\/\"},{\"@type\":\"ListItem\",\"position\":2,\"name\":\"PODUJATIA\",\"item\":\"https:\\\/\\\/www.upjs.sk\\\/pracoviska\\\/unipoc\\\/aktivity\\\/\"},{\"@type\":\"ListItem\",\"position\":3,\"name\":\"De\u0148 kari\u00e9ry\"}]},{\"@type\":\"WebSite\",\"@id\":\"https:\\\/\\\/www.upjs.sk\\\/pracoviska\\\/unipoc\\\/#website\",\"url\":\"https:\\\/\\\/www.upjs.sk\\\/pracoviska\\\/unipoc\\\/\",\"name\":\"Univerzitn\u00e9 poradensk\u00e9 centrum (UNIPOC) | UPJ\u0160\",\"description\":\"\",\"publisher\":{\"@id\":\"https:\\\/\\\/www.upjs.sk\\\/pracoviska\\\/unipoc\\\/#organization\"},\"potentialAction\":[{\"@type\":\"SearchAction\",\"target\":{\"@type\":\"EntryPoint\",\"urlTemplate\":\"https:\\\/\\\/www.upjs.sk\\\/pracoviska\\\/unipoc\\\/?s={search_term_string}\"},\"query-input\":{\"@type\":\"PropertyValueSpecification\",\"valueRequired\":true,\"valueName\":\"search_term_string\"}}],\"inLanguage\":\"sk-SK\"},{\"@type\":\"Organization\",\"@id\":\"https:\\\/\\\/www.upjs.sk\\\/pracoviska\\\/unipoc\\\/#organization\",\"name\":\"Univerzitn\u00e9 poradensk\u00e9 centrum (UNIPOC) | UPJ\u0160\",\"url\":\"https:\\\/\\\/www.upjs.sk\\\/pracoviska\\\/unipoc\\\/\",\"logo\":{\"@type\":\"ImageObject\",\"inLanguage\":\"sk-SK\",\"@id\":\"https:\\\/\\\/www.upjs.sk\\\/pracoviska\\\/unipoc\\\/#\\\/schema\\\/logo\\\/image\\\/\",\"url\":\"https:\\\/\\\/www.upjs.sk\\\/app\\\/uploads\\\/sites\\\/20\\\/2023\\\/01\\\/UNIPOC.svg\",\"contentUrl\":\"https:\\\/\\\/www.upjs.sk\\\/app\\\/uploads\\\/sites\\\/20\\\/2023\\\/01\\\/UNIPOC.svg\",\"width\":500,\"height\":138,\"caption\":\"Univerzitn\u00e9 poradensk\u00e9 centrum (UNIPOC) | UPJ\u0160\"},\"image\":{\"@id\":\"https:\\\/\\\/www.upjs.sk\\\/pracoviska\\\/unipoc\\\/#\\\/schema\\\/logo\\\/image\\\/\"}}]}<\/script>\n<!-- \/ Yoast SEO plugin. -->","yoast_head_json":{"title":"De\u0148 kari\u00e9ry - Univerzitn\u00e9 poradensk\u00e9 centrum (UNIPOC) | UPJ\u0160","robots":{"index":"index","follow":"follow","max-snippet":"max-snippet:-1","max-image-preview":"max-image-preview:large","max-video-preview":"max-video-preview:-1"},"canonical":"https:\/\/www.upjs.sk\/pracoviska\/unipoc\/aktivity\/21646-2\/","og_locale":"sk_SK","og_type":"article","og_title":"De\u0148 kari\u00e9ry - Univerzitn\u00e9 poradensk\u00e9 centrum (UNIPOC) | UPJ\u0160","og_description":"\u00a0\u00a0\u00a0\u00a0Pracovn\u00fd trh prech\u00e1dza od po\u010diatku mil\u00e9nia v\u00fdrazn\u00fdmi zmenami. Vpl\u00fdva na\u0148 globaliz\u00e1cia, technologick\u00fd pokrok \u010di automatiz\u00e1cia, ktor\u00e9 maj\u00fa za n\u00e1sledok z\u00e1nik ist\u00fdch profesi\u00ed, ale na druhej strane vznik nov\u00fdch. E\u0161te pred desiatimi rokmi neexistovali profesie ako napr. influencer, market\u00e9r, mana\u017e\u00e9r soci\u00e1lnych siet\u00ed, v\u00fdvoj\u00e1r aplik\u00e1ci\u00ed, no dnes s\u00fa be\u017enou s\u00fa\u010das\u0165ou pracovn\u00e9ho trhu. Nielen o\u00a0t\u00fdchto profesi\u00e1ch, ale aj &hellip; \u010c\u00edta\u0165 \u010falej","og_url":"https:\/\/www.upjs.sk\/pracoviska\/unipoc\/aktivity\/21646-2\/","og_site_name":"Univerzitn\u00e9 poradensk\u00e9 centrum (UNIPOC) | UPJ\u0160","article_modified_time":"2022-11-13T21:47:58+00:00","og_image":[{"width":1000,"height":1000,"url":"https:\/\/www.upjs.sk\/app\/uploads\/sites\/20\/2022\/10\/DK2019.jpg","type":"image\/jpeg"}],"twitter_card":"summary_large_image","twitter_misc":{"Predpokladan\u00fd \u010das \u010d\u00edtania":"3 min\u00faty"},"schema":{"@context":"https:\/\/schema.org","@graph":[{"@type":"WebPage","@id":"https:\/\/www.upjs.sk\/pracoviska\/unipoc\/aktivity\/21646-2\/","url":"https:\/\/www.upjs.sk\/pracoviska\/unipoc\/aktivity\/21646-2\/","name":"De\u0148 kari\u00e9ry - Univerzitn\u00e9 poradensk\u00e9 centrum (UNIPOC) | UPJ\u0160","isPartOf":{"@id":"https:\/\/www.upjs.sk\/pracoviska\/unipoc\/#website"},"primaryImageOfPage":{"@id":"https:\/\/www.upjs.sk\/pracoviska\/unipoc\/aktivity\/21646-2\/#primaryimage"},"image":{"@id":"https:\/\/www.upjs.sk\/pracoviska\/unipoc\/aktivity\/21646-2\/#primaryimage"},"thumbnailUrl":"https:\/\/www.upjs.sk\/app\/uploads\/sites\/20\/2022\/10\/DK2019.jpg","datePublished":"2021-09-22T15:23:06+00:00","dateModified":"2022-11-13T21:47:58+00:00","breadcrumb":{"@id":"https:\/\/www.upjs.sk\/pracoviska\/unipoc\/aktivity\/21646-2\/#breadcrumb"},"inLanguage":"sk-SK","potentialAction":[{"@type":"ReadAction","target":["https:\/\/www.upjs.sk\/pracoviska\/unipoc\/aktivity\/21646-2\/"]}]},{"@type":"ImageObject","inLanguage":"sk-SK","@id":"https:\/\/www.upjs.sk\/pracoviska\/unipoc\/aktivity\/21646-2\/#primaryimage","url":"https:\/\/www.upjs.sk\/app\/uploads\/sites\/20\/2022\/10\/DK2019.jpg","contentUrl":"https:\/\/www.upjs.sk\/app\/uploads\/sites\/20\/2022\/10\/DK2019.jpg","width":1000,"height":1000,"caption":"21646"},{"@type":"BreadcrumbList","@id":"https:\/\/www.upjs.sk\/pracoviska\/unipoc\/aktivity\/21646-2\/#breadcrumb","itemListElement":[{"@type":"ListItem","position":1,"name":"Home","item":"https:\/\/www.upjs.sk\/pracoviska\/unipoc\/"},{"@type":"ListItem","position":2,"name":"PODUJATIA","item":"https:\/\/www.upjs.sk\/pracoviska\/unipoc\/aktivity\/"},{"@type":"ListItem","position":3,"name":"De\u0148 kari\u00e9ry"}]},{"@type":"WebSite","@id":"https:\/\/www.upjs.sk\/pracoviska\/unipoc\/#website","url":"https:\/\/www.upjs.sk\/pracoviska\/unipoc\/","name":"Univerzitn\u00e9 poradensk\u00e9 centrum (UNIPOC) | UPJ\u0160","description":"","publisher":{"@id":"https:\/\/www.upjs.sk\/pracoviska\/unipoc\/#organization"},"potentialAction":[{"@type":"SearchAction","target":{"@type":"EntryPoint","urlTemplate":"https:\/\/www.upjs.sk\/pracoviska\/unipoc\/?s={search_term_string}"},"query-input":{"@type":"PropertyValueSpecification","valueRequired":true,"valueName":"search_term_string"}}],"inLanguage":"sk-SK"},{"@type":"Organization","@id":"https:\/\/www.upjs.sk\/pracoviska\/unipoc\/#organization","name":"Univerzitn\u00e9 poradensk\u00e9 centrum (UNIPOC) | UPJ\u0160","url":"https:\/\/www.upjs.sk\/pracoviska\/unipoc\/","logo":{"@type":"ImageObject","inLanguage":"sk-SK","@id":"https:\/\/www.upjs.sk\/pracoviska\/unipoc\/#\/schema\/logo\/image\/","url":"https:\/\/www.upjs.sk\/app\/uploads\/sites\/20\/2023\/01\/UNIPOC.svg","contentUrl":"https:\/\/www.upjs.sk\/app\/uploads\/sites\/20\/2023\/01\/UNIPOC.svg","width":500,"height":138,"caption":"Univerzitn\u00e9 poradensk\u00e9 centrum (UNIPOC) | UPJ\u0160"},"image":{"@id":"https:\/\/www.upjs.sk\/pracoviska\/unipoc\/#\/schema\/logo\/image\/"}}]}},"_links":{"self":[{"href":"https:\/\/www.upjs.sk\/pracoviska\/unipoc\/wp-json\/wp\/v2\/pages\/13500","targetHints":{"allow":["GET"]}}],"collection":[{"href":"https:\/\/www.upjs.sk\/pracoviska\/unipoc\/wp-json\/wp\/v2\/pages"}],"about":[{"href":"https:\/\/www.upjs.sk\/pracoviska\/unipoc\/wp-json\/wp\/v2\/types\/page"}],"author":[{"embeddable":true,"href":"https:\/\/www.upjs.sk\/pracoviska\/unipoc\/wp-json\/wp\/v2\/users\/1"}],"replies":[{"embeddable":true,"href":"https:\/\/www.upjs.sk\/pracoviska\/unipoc\/wp-json\/wp\/v2\/comments?post=13500"}],"version-history":[{"count":1,"href":"https:\/\/www.upjs.sk\/pracoviska\/unipoc\/wp-json\/wp\/v2\/pages\/13500\/revisions"}],"predecessor-version":[{"id":13502,"href":"https:\/\/www.upjs.sk\/pracoviska\/unipoc\/wp-json\/wp\/v2\/pages\/13500\/revisions\/13502"}],"up":[{"embeddable":true,"href":"https:\/\/www.upjs.sk\/pracoviska\/unipoc\/wp-json\/wp\/v2\/pages\/13496"}],"wp:featuredmedia":[{"embeddable":true,"href":"https:\/\/www.upjs.sk\/pracoviska\/unipoc\/wp-json\/wp\/v2\/media\/13501"}],"wp:attachment":[{"href":"https:\/\/www.upjs.sk\/pracoviska\/unipoc\/wp-json\/wp\/v2\/media?parent=13500"}],"wp:term":[{"taxonomy":"category","embeddable":true,"href":"https:\/\/www.upjs.sk\/pracoviska\/unipoc\/wp-json\/wp\/v2\/categories?post=13500"},{"taxonomy":"post_tag","embeddable":true,"href":"https:\/\/www.upjs.sk\/pracoviska\/unipoc\/wp-json\/wp\/v2\/tags?post=13500"}],"curies":[{"name":"wp","href":"https:\/\/api.w.org\/{rel}","templated":true}]}}