{"id":13529,"date":"2021-09-22T15:23:06","date_gmt":"2021-09-22T15:23:06","guid":{"rendered":"https:\/\/www.upjs.sk\/pracoviska\/unipoc\/root\/aktivity\/karierova-polhod-10-11-2018\/"},"modified":"2022-11-13T21:47:59","modified_gmt":"2022-11-13T21:47:59","slug":"karierova-polhod-10-11-2018","status":"publish","type":"page","link":"https:\/\/www.upjs.sk\/pracoviska\/unipoc\/aktivity\/karierova-polhod-10-11-2018\/","title":{"rendered":"Kari\u00e9rov\u00e1 polhodinka \u2013 2.10.-4.12.2018"},"content":{"rendered":"<p style=\"text-align: justify;\">Kari\u00e9rov\u00e1 polhodinka je nov\u00fdm form\u00e1tom, ktor\u00fd UNIPOC spustil v akademickom roku 2018\/2019. \u0160tudenti mali mo\u017enos\u0165 nav\u0161t\u00edvi\u0165 spolu p\u00e4\u0165 kr\u00e1tkych, ale efekt\u00edvnych predn\u00e1\u0161ok s diskusiou na r\u00f4zne t\u00e9my v oblasti kari\u00e9ry, pri\u010dom ka\u017ed\u00fa kari\u00e9rov\u00fa polhodinku nav\u0161t\u00edvili hostia z praxe. T\u00e9mu \u201eVy\u0161perkuj si \u017eivotopis a motiva\u010dn\u00fd list\u201c mali na starosti personalistky zo spolo\u010dnosti LafargeHolcim EBS, t\u00e9me \u201ePriprav sa na pracovn\u00fd pohovor\u201c sa venoval Martin Koll\u00e1r, riadite\u013e vonkaj\u0161\u00edch vz\u0165ahov spolo\u010dnosti LYNX a a\u017e z Bratislavy pricestovali hostia z port\u00e1lu Praxuj.sk, ktor\u00ed \u0161tudentom porozpr\u00e1vali, ako si n\u00e1js\u0165 st\u00e1\u017e po\u010das \u0161t\u00fadia. Nasledovala t\u00e9ma \u201eZru\u010dnosti 21. storo\u010dia\u201c, ktor\u00fa \u0161tudentom pribl\u00ed\u017eili hostia zo vzdel\u00e1vacej spolo\u010dnosti SUVko Coaching a s\u00e9riu kari\u00e9rov\u00fdch polhodiniek sme ukon\u010dili t\u00e9mou \u201eLinked In a soci\u00e1lne siete\u201c so spolo\u010dnos\u0165ou Deutsche Telekom Services Europe. Kari\u00e9rov\u00e1 polhodinka sa konala v neform\u00e1lnej a pr\u00edjemnej atmosf\u00e9re v priestoroch kaviarne Minerva.<\/p>\n<ul>\n<li><a href=\"https:\/\/www.youtube.com\/watch?v=1EyDnZVLikM\" target=\"_blank\" rel=\"noopener\"><strong>Youtube video<\/strong><\/a><\/li>\n<\/ul>\n<p><a href=\"http:\/\/www.upjs.sk\/\/app\/uploads\/sites\/20\/2022\/10\/polhodinka-v-kaviarni-UNIPOC.jpg\" target=\"_blank\" rel=\"noopener\"><img decoding=\"async\" alt=\"\" src=\"http:\/\/www.upjs.sk\/\/app\/uploads\/sites\/20\/2022\/10\/polhodinka-v-kaviarni-UNIPOC.jpg\" style=\"height:424px; width:300px\" \/><\/a><\/p>\n","protected":false},"excerpt":{"rendered":"<p>Kari\u00e9rov\u00e1 polhodinka je nov\u00fdm form\u00e1tom, ktor\u00fd UNIPOC spustil v akademickom roku 2018\/2019. \u0160tudenti mali mo\u017enos\u0165 nav\u0161t\u00edvi\u0165 spolu p\u00e4\u0165 kr\u00e1tkych, ale efekt\u00edvnych predn\u00e1\u0161ok s diskusiou na r\u00f4zne t\u00e9my v oblasti kari\u00e9ry, pri\u010dom ka\u017ed\u00fa kari\u00e9rov\u00fa polhodinku nav\u0161t\u00edvili hostia z praxe. T\u00e9mu \u201eVy\u0161perkuj si \u017eivotopis a motiva\u010dn\u00fd list\u201c mali na starosti personalistky zo spolo\u010dnosti LafargeHolcim EBS, t\u00e9me \u201ePriprav &hellip; <a href=\"https:\/\/www.upjs.sk\/pracoviska\/unipoc\/aktivity\/karierova-polhod-10-11-2018\/\">\u010c\u00edta\u0165 \u010falej<\/a><\/p>\n","protected":false},"author":1,"featured_media":13530,"parent":13496,"menu_order":10,"comment_status":"closed","ping_status":"closed","template":"","meta":{"_acf_changed":false,"_editorskit_title_hidden":false,"_editorskit_reading_time":0,"_editorskit_is_block_options_detached":false,"_editorskit_block_options_position":"{}","footnotes":""},"categories":[],"tags":[],"class_list":["post-13529","page","type-page","status-publish","has-post-thumbnail","hentry"],"acf":{"acf_link_na_externy_obsah":""},"yoast_head":"<!-- This site is optimized with the Yoast SEO plugin v27.4 - https:\/\/yoast.com\/product\/yoast-seo-wordpress\/ -->\n<title>Kari\u00e9rov\u00e1 polhodinka \u2013 2.10.-4.12.2018 - Univerzitn\u00e9 poradensk\u00e9 centrum (UNIPOC) | UPJ\u0160<\/title>\n<meta name=\"robots\" content=\"index, follow, max-snippet:-1, max-image-preview:large, max-video-preview:-1\" \/>\n<link rel=\"canonical\" href=\"https:\/\/www.upjs.sk\/pracoviska\/unipoc\/aktivity\/karierova-polhod-10-11-2018\/\" \/>\n<meta property=\"og:locale\" content=\"sk_SK\" \/>\n<meta property=\"og:type\" content=\"article\" \/>\n<meta property=\"og:title\" content=\"Kari\u00e9rov\u00e1 polhodinka \u2013 2.10.-4.12.2018 - Univerzitn\u00e9 poradensk\u00e9 centrum (UNIPOC) | UPJ\u0160\" \/>\n<meta property=\"og:description\" content=\"Kari\u00e9rov\u00e1 polhodinka je nov\u00fdm form\u00e1tom, ktor\u00fd UNIPOC spustil v akademickom roku 2018\/2019. \u0160tudenti mali mo\u017enos\u0165 nav\u0161t\u00edvi\u0165 spolu p\u00e4\u0165 kr\u00e1tkych, ale efekt\u00edvnych predn\u00e1\u0161ok s diskusiou na r\u00f4zne t\u00e9my v oblasti kari\u00e9ry, pri\u010dom ka\u017ed\u00fa kari\u00e9rov\u00fa polhodinku nav\u0161t\u00edvili hostia z praxe. T\u00e9mu \u201eVy\u0161perkuj si \u017eivotopis a motiva\u010dn\u00fd list\u201c mali na starosti personalistky zo spolo\u010dnosti LafargeHolcim EBS, t\u00e9me \u201ePriprav &hellip; \u010c\u00edta\u0165 \u010falej\" \/>\n<meta property=\"og:url\" content=\"https:\/\/www.upjs.sk\/pracoviska\/unipoc\/aktivity\/karierova-polhod-10-11-2018\/\" \/>\n<meta property=\"og:site_name\" content=\"Univerzitn\u00e9 poradensk\u00e9 centrum (UNIPOC) | UPJ\u0160\" \/>\n<meta property=\"article:modified_time\" content=\"2022-11-13T21:47:59+00:00\" \/>\n<meta property=\"og:image\" content=\"https:\/\/www.upjs.sk\/app\/uploads\/sites\/20\/2022\/10\/polhodinka-v-kaviarni-UNIPOC.jpg\" \/>\n\t<meta property=\"og:image:width\" content=\"676\" \/>\n\t<meta property=\"og:image:height\" content=\"956\" \/>\n\t<meta property=\"og:image:type\" content=\"image\/jpeg\" \/>\n<meta name=\"twitter:card\" content=\"summary_large_image\" \/>\n<meta name=\"twitter:label1\" content=\"Predpokladan\u00fd \u010das \u010d\u00edtania\" \/>\n\t<meta name=\"twitter:data1\" content=\"1 min\u00fata\" \/>\n<script type=\"application\/ld+json\" class=\"yoast-schema-graph\">{\"@context\":\"https:\\\/\\\/schema.org\",\"@graph\":[{\"@type\":\"WebPage\",\"@id\":\"https:\\\/\\\/www.upjs.sk\\\/pracoviska\\\/unipoc\\\/aktivity\\\/karierova-polhod-10-11-2018\\\/\",\"url\":\"https:\\\/\\\/www.upjs.sk\\\/pracoviska\\\/unipoc\\\/aktivity\\\/karierova-polhod-10-11-2018\\\/\",\"name\":\"Kari\u00e9rov\u00e1 polhodinka \u2013 2.10.-4.12.2018 - Univerzitn\u00e9 poradensk\u00e9 centrum (UNIPOC) | UPJ\u0160\",\"isPartOf\":{\"@id\":\"https:\\\/\\\/www.upjs.sk\\\/pracoviska\\\/unipoc\\\/#website\"},\"primaryImageOfPage\":{\"@id\":\"https:\\\/\\\/www.upjs.sk\\\/pracoviska\\\/unipoc\\\/aktivity\\\/karierova-polhod-10-11-2018\\\/#primaryimage\"},\"image\":{\"@id\":\"https:\\\/\\\/www.upjs.sk\\\/pracoviska\\\/unipoc\\\/aktivity\\\/karierova-polhod-10-11-2018\\\/#primaryimage\"},\"thumbnailUrl\":\"https:\\\/\\\/www.upjs.sk\\\/app\\\/uploads\\\/sites\\\/20\\\/2022\\\/10\\\/polhodinka-v-kaviarni-UNIPOC.jpg\",\"datePublished\":\"2021-09-22T15:23:06+00:00\",\"dateModified\":\"2022-11-13T21:47:59+00:00\",\"breadcrumb\":{\"@id\":\"https:\\\/\\\/www.upjs.sk\\\/pracoviska\\\/unipoc\\\/aktivity\\\/karierova-polhod-10-11-2018\\\/#breadcrumb\"},\"inLanguage\":\"sk-SK\",\"potentialAction\":[{\"@type\":\"ReadAction\",\"target\":[\"https:\\\/\\\/www.upjs.sk\\\/pracoviska\\\/unipoc\\\/aktivity\\\/karierova-polhod-10-11-2018\\\/\"]}]},{\"@type\":\"ImageObject\",\"inLanguage\":\"sk-SK\",\"@id\":\"https:\\\/\\\/www.upjs.sk\\\/pracoviska\\\/unipoc\\\/aktivity\\\/karierova-polhod-10-11-2018\\\/#primaryimage\",\"url\":\"https:\\\/\\\/www.upjs.sk\\\/app\\\/uploads\\\/sites\\\/20\\\/2022\\\/10\\\/polhodinka-v-kaviarni-UNIPOC.jpg\",\"contentUrl\":\"https:\\\/\\\/www.upjs.sk\\\/app\\\/uploads\\\/sites\\\/20\\\/2022\\\/10\\\/polhodinka-v-kaviarni-UNIPOC.jpg\",\"width\":676,\"height\":956,\"caption\":\"polhodinka-v-kaviarni-2018\"},{\"@type\":\"BreadcrumbList\",\"@id\":\"https:\\\/\\\/www.upjs.sk\\\/pracoviska\\\/unipoc\\\/aktivity\\\/karierova-polhod-10-11-2018\\\/#breadcrumb\",\"itemListElement\":[{\"@type\":\"ListItem\",\"position\":1,\"name\":\"Home\",\"item\":\"https:\\\/\\\/www.upjs.sk\\\/pracoviska\\\/unipoc\\\/\"},{\"@type\":\"ListItem\",\"position\":2,\"name\":\"PODUJATIA\",\"item\":\"https:\\\/\\\/www.upjs.sk\\\/pracoviska\\\/unipoc\\\/aktivity\\\/\"},{\"@type\":\"ListItem\",\"position\":3,\"name\":\"Kari\u00e9rov\u00e1 polhodinka \u2013 2.10.-4.12.2018\"}]},{\"@type\":\"WebSite\",\"@id\":\"https:\\\/\\\/www.upjs.sk\\\/pracoviska\\\/unipoc\\\/#website\",\"url\":\"https:\\\/\\\/www.upjs.sk\\\/pracoviska\\\/unipoc\\\/\",\"name\":\"Univerzitn\u00e9 poradensk\u00e9 centrum (UNIPOC) | UPJ\u0160\",\"description\":\"\",\"publisher\":{\"@id\":\"https:\\\/\\\/www.upjs.sk\\\/pracoviska\\\/unipoc\\\/#organization\"},\"potentialAction\":[{\"@type\":\"SearchAction\",\"target\":{\"@type\":\"EntryPoint\",\"urlTemplate\":\"https:\\\/\\\/www.upjs.sk\\\/pracoviska\\\/unipoc\\\/?s={search_term_string}\"},\"query-input\":{\"@type\":\"PropertyValueSpecification\",\"valueRequired\":true,\"valueName\":\"search_term_string\"}}],\"inLanguage\":\"sk-SK\"},{\"@type\":\"Organization\",\"@id\":\"https:\\\/\\\/www.upjs.sk\\\/pracoviska\\\/unipoc\\\/#organization\",\"name\":\"Univerzitn\u00e9 poradensk\u00e9 centrum (UNIPOC) | UPJ\u0160\",\"url\":\"https:\\\/\\\/www.upjs.sk\\\/pracoviska\\\/unipoc\\\/\",\"logo\":{\"@type\":\"ImageObject\",\"inLanguage\":\"sk-SK\",\"@id\":\"https:\\\/\\\/www.upjs.sk\\\/pracoviska\\\/unipoc\\\/#\\\/schema\\\/logo\\\/image\\\/\",\"url\":\"https:\\\/\\\/www.upjs.sk\\\/app\\\/uploads\\\/sites\\\/20\\\/2023\\\/01\\\/UNIPOC.svg\",\"contentUrl\":\"https:\\\/\\\/www.upjs.sk\\\/app\\\/uploads\\\/sites\\\/20\\\/2023\\\/01\\\/UNIPOC.svg\",\"width\":500,\"height\":138,\"caption\":\"Univerzitn\u00e9 poradensk\u00e9 centrum (UNIPOC) | UPJ\u0160\"},\"image\":{\"@id\":\"https:\\\/\\\/www.upjs.sk\\\/pracoviska\\\/unipoc\\\/#\\\/schema\\\/logo\\\/image\\\/\"}}]}<\/script>\n<!-- \/ Yoast SEO plugin. -->","yoast_head_json":{"title":"Kari\u00e9rov\u00e1 polhodinka \u2013 2.10.-4.12.2018 - Univerzitn\u00e9 poradensk\u00e9 centrum (UNIPOC) | UPJ\u0160","robots":{"index":"index","follow":"follow","max-snippet":"max-snippet:-1","max-image-preview":"max-image-preview:large","max-video-preview":"max-video-preview:-1"},"canonical":"https:\/\/www.upjs.sk\/pracoviska\/unipoc\/aktivity\/karierova-polhod-10-11-2018\/","og_locale":"sk_SK","og_type":"article","og_title":"Kari\u00e9rov\u00e1 polhodinka \u2013 2.10.-4.12.2018 - Univerzitn\u00e9 poradensk\u00e9 centrum (UNIPOC) | UPJ\u0160","og_description":"Kari\u00e9rov\u00e1 polhodinka je nov\u00fdm form\u00e1tom, ktor\u00fd UNIPOC spustil v akademickom roku 2018\/2019. \u0160tudenti mali mo\u017enos\u0165 nav\u0161t\u00edvi\u0165 spolu p\u00e4\u0165 kr\u00e1tkych, ale efekt\u00edvnych predn\u00e1\u0161ok s diskusiou na r\u00f4zne t\u00e9my v oblasti kari\u00e9ry, pri\u010dom ka\u017ed\u00fa kari\u00e9rov\u00fa polhodinku nav\u0161t\u00edvili hostia z praxe. T\u00e9mu \u201eVy\u0161perkuj si \u017eivotopis a motiva\u010dn\u00fd list\u201c mali na starosti personalistky zo spolo\u010dnosti LafargeHolcim EBS, t\u00e9me \u201ePriprav &hellip; \u010c\u00edta\u0165 \u010falej","og_url":"https:\/\/www.upjs.sk\/pracoviska\/unipoc\/aktivity\/karierova-polhod-10-11-2018\/","og_site_name":"Univerzitn\u00e9 poradensk\u00e9 centrum (UNIPOC) | UPJ\u0160","article_modified_time":"2022-11-13T21:47:59+00:00","og_image":[{"width":676,"height":956,"url":"https:\/\/www.upjs.sk\/app\/uploads\/sites\/20\/2022\/10\/polhodinka-v-kaviarni-UNIPOC.jpg","type":"image\/jpeg"}],"twitter_card":"summary_large_image","twitter_misc":{"Predpokladan\u00fd \u010das \u010d\u00edtania":"1 min\u00fata"},"schema":{"@context":"https:\/\/schema.org","@graph":[{"@type":"WebPage","@id":"https:\/\/www.upjs.sk\/pracoviska\/unipoc\/aktivity\/karierova-polhod-10-11-2018\/","url":"https:\/\/www.upjs.sk\/pracoviska\/unipoc\/aktivity\/karierova-polhod-10-11-2018\/","name":"Kari\u00e9rov\u00e1 polhodinka \u2013 2.10.-4.12.2018 - Univerzitn\u00e9 poradensk\u00e9 centrum (UNIPOC) | UPJ\u0160","isPartOf":{"@id":"https:\/\/www.upjs.sk\/pracoviska\/unipoc\/#website"},"primaryImageOfPage":{"@id":"https:\/\/www.upjs.sk\/pracoviska\/unipoc\/aktivity\/karierova-polhod-10-11-2018\/#primaryimage"},"image":{"@id":"https:\/\/www.upjs.sk\/pracoviska\/unipoc\/aktivity\/karierova-polhod-10-11-2018\/#primaryimage"},"thumbnailUrl":"https:\/\/www.upjs.sk\/app\/uploads\/sites\/20\/2022\/10\/polhodinka-v-kaviarni-UNIPOC.jpg","datePublished":"2021-09-22T15:23:06+00:00","dateModified":"2022-11-13T21:47:59+00:00","breadcrumb":{"@id":"https:\/\/www.upjs.sk\/pracoviska\/unipoc\/aktivity\/karierova-polhod-10-11-2018\/#breadcrumb"},"inLanguage":"sk-SK","potentialAction":[{"@type":"ReadAction","target":["https:\/\/www.upjs.sk\/pracoviska\/unipoc\/aktivity\/karierova-polhod-10-11-2018\/"]}]},{"@type":"ImageObject","inLanguage":"sk-SK","@id":"https:\/\/www.upjs.sk\/pracoviska\/unipoc\/aktivity\/karierova-polhod-10-11-2018\/#primaryimage","url":"https:\/\/www.upjs.sk\/app\/uploads\/sites\/20\/2022\/10\/polhodinka-v-kaviarni-UNIPOC.jpg","contentUrl":"https:\/\/www.upjs.sk\/app\/uploads\/sites\/20\/2022\/10\/polhodinka-v-kaviarni-UNIPOC.jpg","width":676,"height":956,"caption":"polhodinka-v-kaviarni-2018"},{"@type":"BreadcrumbList","@id":"https:\/\/www.upjs.sk\/pracoviska\/unipoc\/aktivity\/karierova-polhod-10-11-2018\/#breadcrumb","itemListElement":[{"@type":"ListItem","position":1,"name":"Home","item":"https:\/\/www.upjs.sk\/pracoviska\/unipoc\/"},{"@type":"ListItem","position":2,"name":"PODUJATIA","item":"https:\/\/www.upjs.sk\/pracoviska\/unipoc\/aktivity\/"},{"@type":"ListItem","position":3,"name":"Kari\u00e9rov\u00e1 polhodinka \u2013 2.10.-4.12.2018"}]},{"@type":"WebSite","@id":"https:\/\/www.upjs.sk\/pracoviska\/unipoc\/#website","url":"https:\/\/www.upjs.sk\/pracoviska\/unipoc\/","name":"Univerzitn\u00e9 poradensk\u00e9 centrum (UNIPOC) | UPJ\u0160","description":"","publisher":{"@id":"https:\/\/www.upjs.sk\/pracoviska\/unipoc\/#organization"},"potentialAction":[{"@type":"SearchAction","target":{"@type":"EntryPoint","urlTemplate":"https:\/\/www.upjs.sk\/pracoviska\/unipoc\/?s={search_term_string}"},"query-input":{"@type":"PropertyValueSpecification","valueRequired":true,"valueName":"search_term_string"}}],"inLanguage":"sk-SK"},{"@type":"Organization","@id":"https:\/\/www.upjs.sk\/pracoviska\/unipoc\/#organization","name":"Univerzitn\u00e9 poradensk\u00e9 centrum (UNIPOC) | UPJ\u0160","url":"https:\/\/www.upjs.sk\/pracoviska\/unipoc\/","logo":{"@type":"ImageObject","inLanguage":"sk-SK","@id":"https:\/\/www.upjs.sk\/pracoviska\/unipoc\/#\/schema\/logo\/image\/","url":"https:\/\/www.upjs.sk\/app\/uploads\/sites\/20\/2023\/01\/UNIPOC.svg","contentUrl":"https:\/\/www.upjs.sk\/app\/uploads\/sites\/20\/2023\/01\/UNIPOC.svg","width":500,"height":138,"caption":"Univerzitn\u00e9 poradensk\u00e9 centrum (UNIPOC) | UPJ\u0160"},"image":{"@id":"https:\/\/www.upjs.sk\/pracoviska\/unipoc\/#\/schema\/logo\/image\/"}}]}},"_links":{"self":[{"href":"https:\/\/www.upjs.sk\/pracoviska\/unipoc\/wp-json\/wp\/v2\/pages\/13529","targetHints":{"allow":["GET"]}}],"collection":[{"href":"https:\/\/www.upjs.sk\/pracoviska\/unipoc\/wp-json\/wp\/v2\/pages"}],"about":[{"href":"https:\/\/www.upjs.sk\/pracoviska\/unipoc\/wp-json\/wp\/v2\/types\/page"}],"author":[{"embeddable":true,"href":"https:\/\/www.upjs.sk\/pracoviska\/unipoc\/wp-json\/wp\/v2\/users\/1"}],"replies":[{"embeddable":true,"href":"https:\/\/www.upjs.sk\/pracoviska\/unipoc\/wp-json\/wp\/v2\/comments?post=13529"}],"version-history":[{"count":1,"href":"https:\/\/www.upjs.sk\/pracoviska\/unipoc\/wp-json\/wp\/v2\/pages\/13529\/revisions"}],"predecessor-version":[{"id":13531,"href":"https:\/\/www.upjs.sk\/pracoviska\/unipoc\/wp-json\/wp\/v2\/pages\/13529\/revisions\/13531"}],"up":[{"embeddable":true,"href":"https:\/\/www.upjs.sk\/pracoviska\/unipoc\/wp-json\/wp\/v2\/pages\/13496"}],"wp:featuredmedia":[{"embeddable":true,"href":"https:\/\/www.upjs.sk\/pracoviska\/unipoc\/wp-json\/wp\/v2\/media\/13530"}],"wp:attachment":[{"href":"https:\/\/www.upjs.sk\/pracoviska\/unipoc\/wp-json\/wp\/v2\/media?parent=13529"}],"wp:term":[{"taxonomy":"category","embeddable":true,"href":"https:\/\/www.upjs.sk\/pracoviska\/unipoc\/wp-json\/wp\/v2\/categories?post=13529"},{"taxonomy":"post_tag","embeddable":true,"href":"https:\/\/www.upjs.sk\/pracoviska\/unipoc\/wp-json\/wp\/v2\/tags?post=13529"}],"curies":[{"name":"wp","href":"https:\/\/api.w.org\/{rel}","templated":true}]}}