{"id":13535,"date":"2021-09-22T15:23:06","date_gmt":"2021-09-22T15:23:06","guid":{"rendered":"https:\/\/www.upjs.sk\/pracoviska\/unipoc\/root\/aktivity\/career-club-120218\/"},"modified":"2022-11-13T21:48:00","modified_gmt":"2022-11-13T21:48:00","slug":"career-club-120218","status":"publish","type":"page","link":"https:\/\/www.upjs.sk\/pracoviska\/unipoc\/aktivity\/career-club-120218\/","title":{"rendered":"Otvorenie kari\u00e9rneho klubu Career Club UPJ\u0160 \u2013 12.2.2018"},"content":{"rendered":"<p style=\"text-align: justify;\">\u00a0\u00a0\u00a0\u00a0V\u00a0letnom semestri akademick\u00e9ho roka 2017\/2018 zalo\u017eila Univerzita Pavla Jozefa \u0160af\u00e1rika v Ko\u0161iciach jedine\u010dn\u00fd klub <a href=\"https:\/\/www.upjs.sk\/pracoviska\/unipoc\/career-club-upjs\/\">Career Club UPJ\u0160<\/a> pre zamestn\u00e1vate\u013eov, ktor\u00ed maj\u00fa z\u00e1ujem sprostredkova\u0165 kvalitn\u00e9 pracovn\u00e9 sk\u00fasenosti a\u00a0pr\u00edle\u017eitosti jej \u0161tudentom a\u00a0absolventom. Career Club UPJ\u0160 je iniciat\u00edvou univerzity a <a href=\"https:\/\/www.upjs.sk\/pracoviska\/unipoc\/\">Univerzitn\u00e9ho poradensk\u00e9ho centra UNIPOC<\/a>, ktor\u00e9 u\u017e teraz poskytuje \u0161tudentom odborn\u00e9 rady pri uch\u00e1dzan\u00ed sa o zamestnanie a\u00a0atrakt\u00edvne kurzy rozvoja kompetenci\u00ed.<\/p>\n<p style=\"text-align: justify;\">\u00a0\u00a0\u00a0\u00a0Na\u0161\u00edm cie\u013eom je vytvori\u0165 pre \u0161tudentov a absolventov Univerzity Pavla Jozefa \u0160af\u00e1rika v Ko\u0161iciach platformu, v ktorej by na\u0161li inform\u00e1cie a najm\u00e4 kvalitn\u00e9 pr\u00edle\u017eitosti pre svoj kari\u00e9rny rozvoj. Z\u00e1rove\u0148 by sme chceli zamestn\u00e1vate\u013eom u\u013eah\u010di\u0165 pr\u00edstup k \u0161tudentom a absolventom kvalitnej univerzity. Za t\u00fdmto \u00fa\u010delom sme sa rozhodli vytvori\u0165 Career Club UPJ\u0160. Cie\u013eom vytvorenia tohto klubu je dlhodob\u00e1 spolupr\u00e1ca univerzity a zamestn\u00e1vate\u013eov na zlep\u0161ovan\u00ed pripravenosti \u0161tudentov pre pracovn\u00fd trh a z\u00e1rove\u0148 na vytv\u00e1ran\u00ed pr\u00edle\u017eitost\u00ed na uplatnenie ich potenci\u00e1lu na \u0148om. Ide\u00e1lnym v\u00fdsledkom tejto spolupr\u00e1ce by mal by\u0165 kvalitn\u00fd \u0161tudent a absolvent na kvalitnom a schopnostiam zodpovedaj\u00facom pracovnom mieste.<\/p>\n<p style=\"text-align: justify;\">\u00a0<\/p>\n<p style=\"text-align: justify;\"><strong>Ktor\u00e9 spolo\u010dnosti u\u017e s\u00fa \u010dlenmi Career Club UPJ\u0160?<\/strong><\/p>\n<p style=\"text-align: justify;\">Medzi \u010dlenov kari\u00e9rneho klubu moment\u00e1lne patr\u00ed 10 spolo\u010dnost\u00ed:<\/p>\n<ul>\n<li style=\"text-align: justify;\">Affinity Analytics,<\/li>\n<li style=\"text-align: justify;\">AT&#038;T Global Network Services Slovakia,<\/li>\n<li style=\"text-align: justify;\">\u010cechov\u00e1 &#038; Partners,<\/li>\n<li style=\"text-align: justify;\">Dell,<\/li>\n<li style=\"text-align: justify;\">Deutsche Telekom Services Europe Slovakia,<\/li>\n<li style=\"text-align: justify;\">Johnson &#038; Johnson,<\/li>\n<li style=\"text-align: justify;\">LafargeHolcim European Business Services,<\/li>\n<li style=\"text-align: justify;\">LYNX \u2013 spolo\u010dnos\u0165 s\u00a0ru\u010den\u00edm obmedzen\u00fdm Ko\u0161ice,<\/li>\n<li style=\"text-align: justify;\">Praxuj,<\/li>\n<li style=\"text-align: justify;\">Svet zdravia, a.s.,<\/li>\n<\/ul>\n<p style=\"margin-left: 36pt; text-align: justify;\">&#8230; a\u00a0s\u00a0mnoh\u00fdmi \u010fal\u0161\u00edmi komunikujeme.<\/p>\n<p style=\"text-align: justify;\">\u00a0<\/p>\n<p style=\"text-align: justify;\"><strong>\u010co m\u00f4\u017eu o\u010dak\u00e1va\u0165 \u0161tudenti UPJ\u0160 v Ko\u0161iciach?<\/strong><\/p>\n<ul>\n<li style=\"text-align: justify;\">Pracovn\u00e9 ponuky, st\u00e1\u017ee, letn\u00e9 \u0161koly a\u00a0in\u00e9 pr\u00edle\u017eitosti priamo v\u00a0AiS2 pod hlavi\u010dkou <strong>Trh pr\u00e1ce<\/strong>. Pracovn\u00e9 ponuky s\u00fa filtrovan\u00e9 pod\u013ea fakulty alebo \u0161tudijn\u00e9ho odboru.<\/li>\n<li style=\"text-align: justify;\">R\u00f4zne workshopy, tr\u00e9ningy, predn\u00e1\u0161ky a\u00a0in\u00e9 mo\u017enosti rozvoja kompetenci\u00ed.<\/li>\n<li style=\"text-align: justify;\">Spolupr\u00e1cu s\u00a0praxou na z\u00e1vere\u010dn\u00fdch pr\u00e1cach.<\/li>\n<li style=\"text-align: justify;\">Aktu\u00e1lne inform\u00e1cie o\u00a0pracovnom trhu.<\/li>\n<\/ul>\n<p style=\"margin-left: 18pt; text-align: justify;\">\u00a0\u00a0\u00a0 &#8230; a\u00a0mnoho in\u00fdch benefitov.<\/p>\n<p style=\"text-align: justify;\">\u00a0<\/p>\n<p style=\"text-align: justify;\">Te\u0161\u00edme sa na akt\u00edvnu \u00fa\u010das\u0165 \u0161tudentov na kari\u00e9rnych podujatiach Univerzitn\u00e9ho poradensk\u00e9ho centra.<\/p>\n","protected":false},"excerpt":{"rendered":"<p>\u00a0\u00a0\u00a0\u00a0V\u00a0letnom semestri akademick\u00e9ho roka 2017\/2018 zalo\u017eila Univerzita Pavla Jozefa \u0160af\u00e1rika v Ko\u0161iciach jedine\u010dn\u00fd klub Career Club UPJ\u0160 pre zamestn\u00e1vate\u013eov, ktor\u00ed maj\u00fa z\u00e1ujem sprostredkova\u0165 kvalitn\u00e9 pracovn\u00e9 sk\u00fasenosti a\u00a0pr\u00edle\u017eitosti jej \u0161tudentom a\u00a0absolventom. Career Club UPJ\u0160 je iniciat\u00edvou univerzity a Univerzitn\u00e9ho poradensk\u00e9ho centra UNIPOC, ktor\u00e9 u\u017e teraz poskytuje \u0161tudentom odborn\u00e9 rady pri uch\u00e1dzan\u00ed sa o zamestnanie a\u00a0atrakt\u00edvne kurzy &hellip; <a href=\"https:\/\/www.upjs.sk\/pracoviska\/unipoc\/aktivity\/career-club-120218\/\">\u010c\u00edta\u0165 \u010falej<\/a><\/p>\n","protected":false},"author":1,"featured_media":0,"parent":13496,"menu_order":12,"comment_status":"closed","ping_status":"closed","template":"","meta":{"_acf_changed":false,"_editorskit_title_hidden":false,"_editorskit_reading_time":0,"_editorskit_is_block_options_detached":false,"_editorskit_block_options_position":"{}","footnotes":""},"categories":[],"tags":[],"class_list":["post-13535","page","type-page","status-publish","hentry"],"acf":{"acf_link_na_externy_obsah":""},"yoast_head":"<!-- This site is optimized with the Yoast SEO plugin v27.4 - https:\/\/yoast.com\/product\/yoast-seo-wordpress\/ -->\n<title>Otvorenie kari\u00e9rneho klubu Career Club UPJ\u0160 \u2013 12.2.2018 - Univerzitn\u00e9 poradensk\u00e9 centrum (UNIPOC) | UPJ\u0160<\/title>\n<meta name=\"robots\" content=\"index, follow, max-snippet:-1, max-image-preview:large, max-video-preview:-1\" \/>\n<link rel=\"canonical\" href=\"https:\/\/www.upjs.sk\/pracoviska\/unipoc\/aktivity\/career-club-120218\/\" \/>\n<meta property=\"og:locale\" content=\"sk_SK\" \/>\n<meta property=\"og:type\" content=\"article\" \/>\n<meta property=\"og:title\" content=\"Otvorenie kari\u00e9rneho klubu Career Club UPJ\u0160 \u2013 12.2.2018 - Univerzitn\u00e9 poradensk\u00e9 centrum (UNIPOC) | UPJ\u0160\" \/>\n<meta property=\"og:description\" content=\"\u00a0\u00a0\u00a0\u00a0V\u00a0letnom semestri akademick\u00e9ho roka 2017\/2018 zalo\u017eila Univerzita Pavla Jozefa \u0160af\u00e1rika v Ko\u0161iciach jedine\u010dn\u00fd klub Career Club UPJ\u0160 pre zamestn\u00e1vate\u013eov, ktor\u00ed maj\u00fa z\u00e1ujem sprostredkova\u0165 kvalitn\u00e9 pracovn\u00e9 sk\u00fasenosti a\u00a0pr\u00edle\u017eitosti jej \u0161tudentom a\u00a0absolventom. Career Club UPJ\u0160 je iniciat\u00edvou univerzity a Univerzitn\u00e9ho poradensk\u00e9ho centra UNIPOC, ktor\u00e9 u\u017e teraz poskytuje \u0161tudentom odborn\u00e9 rady pri uch\u00e1dzan\u00ed sa o zamestnanie a\u00a0atrakt\u00edvne kurzy &hellip; \u010c\u00edta\u0165 \u010falej\" \/>\n<meta property=\"og:url\" content=\"https:\/\/www.upjs.sk\/pracoviska\/unipoc\/aktivity\/career-club-120218\/\" \/>\n<meta property=\"og:site_name\" content=\"Univerzitn\u00e9 poradensk\u00e9 centrum (UNIPOC) | UPJ\u0160\" \/>\n<meta property=\"article:modified_time\" content=\"2022-11-13T21:48:00+00:00\" \/>\n<meta name=\"twitter:card\" content=\"summary_large_image\" \/>\n<meta name=\"twitter:label1\" content=\"Predpokladan\u00fd \u010das \u010d\u00edtania\" \/>\n\t<meta name=\"twitter:data1\" content=\"2 min\u00faty\" \/>\n<script type=\"application\/ld+json\" class=\"yoast-schema-graph\">{\"@context\":\"https:\\\/\\\/schema.org\",\"@graph\":[{\"@type\":\"WebPage\",\"@id\":\"https:\\\/\\\/www.upjs.sk\\\/pracoviska\\\/unipoc\\\/aktivity\\\/career-club-120218\\\/\",\"url\":\"https:\\\/\\\/www.upjs.sk\\\/pracoviska\\\/unipoc\\\/aktivity\\\/career-club-120218\\\/\",\"name\":\"Otvorenie kari\u00e9rneho klubu Career Club UPJ\u0160 \u2013 12.2.2018 - Univerzitn\u00e9 poradensk\u00e9 centrum (UNIPOC) | UPJ\u0160\",\"isPartOf\":{\"@id\":\"https:\\\/\\\/www.upjs.sk\\\/pracoviska\\\/unipoc\\\/#website\"},\"datePublished\":\"2021-09-22T15:23:06+00:00\",\"dateModified\":\"2022-11-13T21:48:00+00:00\",\"breadcrumb\":{\"@id\":\"https:\\\/\\\/www.upjs.sk\\\/pracoviska\\\/unipoc\\\/aktivity\\\/career-club-120218\\\/#breadcrumb\"},\"inLanguage\":\"sk-SK\",\"potentialAction\":[{\"@type\":\"ReadAction\",\"target\":[\"https:\\\/\\\/www.upjs.sk\\\/pracoviska\\\/unipoc\\\/aktivity\\\/career-club-120218\\\/\"]}]},{\"@type\":\"BreadcrumbList\",\"@id\":\"https:\\\/\\\/www.upjs.sk\\\/pracoviska\\\/unipoc\\\/aktivity\\\/career-club-120218\\\/#breadcrumb\",\"itemListElement\":[{\"@type\":\"ListItem\",\"position\":1,\"name\":\"Home\",\"item\":\"https:\\\/\\\/www.upjs.sk\\\/pracoviska\\\/unipoc\\\/\"},{\"@type\":\"ListItem\",\"position\":2,\"name\":\"PODUJATIA\",\"item\":\"https:\\\/\\\/www.upjs.sk\\\/pracoviska\\\/unipoc\\\/aktivity\\\/\"},{\"@type\":\"ListItem\",\"position\":3,\"name\":\"Otvorenie kari\u00e9rneho klubu Career Club UPJ\u0160 \u2013 12.2.2018\"}]},{\"@type\":\"WebSite\",\"@id\":\"https:\\\/\\\/www.upjs.sk\\\/pracoviska\\\/unipoc\\\/#website\",\"url\":\"https:\\\/\\\/www.upjs.sk\\\/pracoviska\\\/unipoc\\\/\",\"name\":\"Univerzitn\u00e9 poradensk\u00e9 centrum (UNIPOC) | UPJ\u0160\",\"description\":\"\",\"publisher\":{\"@id\":\"https:\\\/\\\/www.upjs.sk\\\/pracoviska\\\/unipoc\\\/#organization\"},\"potentialAction\":[{\"@type\":\"SearchAction\",\"target\":{\"@type\":\"EntryPoint\",\"urlTemplate\":\"https:\\\/\\\/www.upjs.sk\\\/pracoviska\\\/unipoc\\\/?s={search_term_string}\"},\"query-input\":{\"@type\":\"PropertyValueSpecification\",\"valueRequired\":true,\"valueName\":\"search_term_string\"}}],\"inLanguage\":\"sk-SK\"},{\"@type\":\"Organization\",\"@id\":\"https:\\\/\\\/www.upjs.sk\\\/pracoviska\\\/unipoc\\\/#organization\",\"name\":\"Univerzitn\u00e9 poradensk\u00e9 centrum (UNIPOC) | UPJ\u0160\",\"url\":\"https:\\\/\\\/www.upjs.sk\\\/pracoviska\\\/unipoc\\\/\",\"logo\":{\"@type\":\"ImageObject\",\"inLanguage\":\"sk-SK\",\"@id\":\"https:\\\/\\\/www.upjs.sk\\\/pracoviska\\\/unipoc\\\/#\\\/schema\\\/logo\\\/image\\\/\",\"url\":\"https:\\\/\\\/www.upjs.sk\\\/app\\\/uploads\\\/sites\\\/20\\\/2023\\\/01\\\/UNIPOC.svg\",\"contentUrl\":\"https:\\\/\\\/www.upjs.sk\\\/app\\\/uploads\\\/sites\\\/20\\\/2023\\\/01\\\/UNIPOC.svg\",\"width\":500,\"height\":138,\"caption\":\"Univerzitn\u00e9 poradensk\u00e9 centrum (UNIPOC) | UPJ\u0160\"},\"image\":{\"@id\":\"https:\\\/\\\/www.upjs.sk\\\/pracoviska\\\/unipoc\\\/#\\\/schema\\\/logo\\\/image\\\/\"}}]}<\/script>\n<!-- \/ Yoast SEO plugin. -->","yoast_head_json":{"title":"Otvorenie kari\u00e9rneho klubu Career Club UPJ\u0160 \u2013 12.2.2018 - Univerzitn\u00e9 poradensk\u00e9 centrum (UNIPOC) | UPJ\u0160","robots":{"index":"index","follow":"follow","max-snippet":"max-snippet:-1","max-image-preview":"max-image-preview:large","max-video-preview":"max-video-preview:-1"},"canonical":"https:\/\/www.upjs.sk\/pracoviska\/unipoc\/aktivity\/career-club-120218\/","og_locale":"sk_SK","og_type":"article","og_title":"Otvorenie kari\u00e9rneho klubu Career Club UPJ\u0160 \u2013 12.2.2018 - Univerzitn\u00e9 poradensk\u00e9 centrum (UNIPOC) | UPJ\u0160","og_description":"\u00a0\u00a0\u00a0\u00a0V\u00a0letnom semestri akademick\u00e9ho roka 2017\/2018 zalo\u017eila Univerzita Pavla Jozefa \u0160af\u00e1rika v Ko\u0161iciach jedine\u010dn\u00fd klub Career Club UPJ\u0160 pre zamestn\u00e1vate\u013eov, ktor\u00ed maj\u00fa z\u00e1ujem sprostredkova\u0165 kvalitn\u00e9 pracovn\u00e9 sk\u00fasenosti a\u00a0pr\u00edle\u017eitosti jej \u0161tudentom a\u00a0absolventom. Career Club UPJ\u0160 je iniciat\u00edvou univerzity a Univerzitn\u00e9ho poradensk\u00e9ho centra UNIPOC, ktor\u00e9 u\u017e teraz poskytuje \u0161tudentom odborn\u00e9 rady pri uch\u00e1dzan\u00ed sa o zamestnanie a\u00a0atrakt\u00edvne kurzy &hellip; \u010c\u00edta\u0165 \u010falej","og_url":"https:\/\/www.upjs.sk\/pracoviska\/unipoc\/aktivity\/career-club-120218\/","og_site_name":"Univerzitn\u00e9 poradensk\u00e9 centrum (UNIPOC) | UPJ\u0160","article_modified_time":"2022-11-13T21:48:00+00:00","twitter_card":"summary_large_image","twitter_misc":{"Predpokladan\u00fd \u010das \u010d\u00edtania":"2 min\u00faty"},"schema":{"@context":"https:\/\/schema.org","@graph":[{"@type":"WebPage","@id":"https:\/\/www.upjs.sk\/pracoviska\/unipoc\/aktivity\/career-club-120218\/","url":"https:\/\/www.upjs.sk\/pracoviska\/unipoc\/aktivity\/career-club-120218\/","name":"Otvorenie kari\u00e9rneho klubu Career Club UPJ\u0160 \u2013 12.2.2018 - Univerzitn\u00e9 poradensk\u00e9 centrum (UNIPOC) | UPJ\u0160","isPartOf":{"@id":"https:\/\/www.upjs.sk\/pracoviska\/unipoc\/#website"},"datePublished":"2021-09-22T15:23:06+00:00","dateModified":"2022-11-13T21:48:00+00:00","breadcrumb":{"@id":"https:\/\/www.upjs.sk\/pracoviska\/unipoc\/aktivity\/career-club-120218\/#breadcrumb"},"inLanguage":"sk-SK","potentialAction":[{"@type":"ReadAction","target":["https:\/\/www.upjs.sk\/pracoviska\/unipoc\/aktivity\/career-club-120218\/"]}]},{"@type":"BreadcrumbList","@id":"https:\/\/www.upjs.sk\/pracoviska\/unipoc\/aktivity\/career-club-120218\/#breadcrumb","itemListElement":[{"@type":"ListItem","position":1,"name":"Home","item":"https:\/\/www.upjs.sk\/pracoviska\/unipoc\/"},{"@type":"ListItem","position":2,"name":"PODUJATIA","item":"https:\/\/www.upjs.sk\/pracoviska\/unipoc\/aktivity\/"},{"@type":"ListItem","position":3,"name":"Otvorenie kari\u00e9rneho klubu Career Club UPJ\u0160 \u2013 12.2.2018"}]},{"@type":"WebSite","@id":"https:\/\/www.upjs.sk\/pracoviska\/unipoc\/#website","url":"https:\/\/www.upjs.sk\/pracoviska\/unipoc\/","name":"Univerzitn\u00e9 poradensk\u00e9 centrum (UNIPOC) | UPJ\u0160","description":"","publisher":{"@id":"https:\/\/www.upjs.sk\/pracoviska\/unipoc\/#organization"},"potentialAction":[{"@type":"SearchAction","target":{"@type":"EntryPoint","urlTemplate":"https:\/\/www.upjs.sk\/pracoviska\/unipoc\/?s={search_term_string}"},"query-input":{"@type":"PropertyValueSpecification","valueRequired":true,"valueName":"search_term_string"}}],"inLanguage":"sk-SK"},{"@type":"Organization","@id":"https:\/\/www.upjs.sk\/pracoviska\/unipoc\/#organization","name":"Univerzitn\u00e9 poradensk\u00e9 centrum (UNIPOC) | UPJ\u0160","url":"https:\/\/www.upjs.sk\/pracoviska\/unipoc\/","logo":{"@type":"ImageObject","inLanguage":"sk-SK","@id":"https:\/\/www.upjs.sk\/pracoviska\/unipoc\/#\/schema\/logo\/image\/","url":"https:\/\/www.upjs.sk\/app\/uploads\/sites\/20\/2023\/01\/UNIPOC.svg","contentUrl":"https:\/\/www.upjs.sk\/app\/uploads\/sites\/20\/2023\/01\/UNIPOC.svg","width":500,"height":138,"caption":"Univerzitn\u00e9 poradensk\u00e9 centrum (UNIPOC) | UPJ\u0160"},"image":{"@id":"https:\/\/www.upjs.sk\/pracoviska\/unipoc\/#\/schema\/logo\/image\/"}}]}},"_links":{"self":[{"href":"https:\/\/www.upjs.sk\/pracoviska\/unipoc\/wp-json\/wp\/v2\/pages\/13535","targetHints":{"allow":["GET"]}}],"collection":[{"href":"https:\/\/www.upjs.sk\/pracoviska\/unipoc\/wp-json\/wp\/v2\/pages"}],"about":[{"href":"https:\/\/www.upjs.sk\/pracoviska\/unipoc\/wp-json\/wp\/v2\/types\/page"}],"author":[{"embeddable":true,"href":"https:\/\/www.upjs.sk\/pracoviska\/unipoc\/wp-json\/wp\/v2\/users\/1"}],"replies":[{"embeddable":true,"href":"https:\/\/www.upjs.sk\/pracoviska\/unipoc\/wp-json\/wp\/v2\/comments?post=13535"}],"version-history":[{"count":1,"href":"https:\/\/www.upjs.sk\/pracoviska\/unipoc\/wp-json\/wp\/v2\/pages\/13535\/revisions"}],"predecessor-version":[{"id":14466,"href":"https:\/\/www.upjs.sk\/pracoviska\/unipoc\/wp-json\/wp\/v2\/pages\/13535\/revisions\/14466"}],"up":[{"embeddable":true,"href":"https:\/\/www.upjs.sk\/pracoviska\/unipoc\/wp-json\/wp\/v2\/pages\/13496"}],"wp:attachment":[{"href":"https:\/\/www.upjs.sk\/pracoviska\/unipoc\/wp-json\/wp\/v2\/media?parent=13535"}],"wp:term":[{"taxonomy":"category","embeddable":true,"href":"https:\/\/www.upjs.sk\/pracoviska\/unipoc\/wp-json\/wp\/v2\/categories?post=13535"},{"taxonomy":"post_tag","embeddable":true,"href":"https:\/\/www.upjs.sk\/pracoviska\/unipoc\/wp-json\/wp\/v2\/tags?post=13535"}],"curies":[{"name":"wp","href":"https:\/\/api.w.org\/{rel}","templated":true}]}}