{"id":13551,"date":"2021-09-22T15:23:06","date_gmt":"2021-09-22T15:23:06","guid":{"rendered":"https:\/\/www.upjs.sk\/pracoviska\/unipoc\/root\/aktivity\/2018-2\/"},"modified":"2022-11-13T21:48:00","modified_gmt":"2022-11-13T21:48:00","slug":"2018-2","status":"publish","type":"page","link":"https:\/\/www.upjs.sk\/pracoviska\/unipoc\/aktivity\/2018-2\/","title":{"rendered":"Aktivity UNIPOCu v roku 2018"},"content":{"rendered":"<ul>\n<li><a href=\"\/public\/media\/18790\/uber-051218.jpg\" target=\"_blank\" rel=\"noopener\">UBER \u2013 Work in international company<\/a> \u2013 5.12.2018<\/li>\n<li><a href=\"\/public\/media\/18790\/forma-podnikania-041218.jpg\" target=\"_blank\" rel=\"noopener\">Ktor\u00e1 forma podnikania je t\u00e1 spr\u00e1vna pre m\u0148a?<\/a> \u2013 4.12.2018<\/li>\n<li><a href=\"https:\/\/www.upjs.sk\/public\/media\/19523\/zivotopis-211118.pdf\" target=\"_blank\" rel=\"noopener\">\u017divoToP\u00ed\u0161<\/a> \u2013 21.11.2018<\/li>\n<li><a href=\"\/pracoviska\/unipoc\/aktivity\/podnikni-nieco-11-2018\">Podnikni nie\u010do<\/a> \u2013 9.11. &#8211; 30.11.2018<\/li>\n<li><a href=\"\/pracoviska\/unipoc\/aktivity\/google-roadshow-061118\">Google Roadshow<\/a> \u2013 6.11.2018<\/li>\n<li><a href=\"\/pracoviska\/unipoc\/aktivity\/mna-sa-to-netyka-101018\">M\u0148a sa to (ne)t\u00fdka<\/a> \u2013 10.10.2018<\/li>\n<li><a href=\"https:\/\/www.upjs.sk\/public\/media\/18955\/nastartuj-karieru-vyskum-2018.jpg\" target=\"_blank\" rel=\"noopener\">Na\u0161tartuj svoju kari\u00e9ru vo v\u00fdskume<\/a> \u2013 4.10.2018<\/li>\n<li><a href=\"\/pracoviska\/unipoc\/aktivity\/karierova-polhod-10-11-2018\/\">Kari\u00e9rov\u00e1 polhodinka<\/a> \u2013 2.10. &#8211; 4.12.2018<\/li>\n<li><a href=\"\/pracoviska\/unipoc\/aktivity\/nauc-sa-ucit-280918\/\">Nau\u010d sa u\u010di\u0165<\/a> \u2013 28.9.2018<\/li>\n<li><a href=\"https:\/\/www.upjs.sk\/public\/media\/18863\/autog-trening-09-2018.jpg\" target=\"_blank\" rel=\"noopener\">Autog\u00e9nny tr\u00e9ning<\/a> \u2013 27.9. &#8211; 20.12.2018<\/li>\n<li><a href=\"https:\/\/www.upjs.sk\/public\/media\/18910\/osobnost-rozvoj-2018.jpg\" target=\"_blank\" rel=\"noopener\">Osobnostn\u00fd rozvoj<\/a> \u2013 25.9. &#8211; 4.12.2018<\/li>\n<li><a href=\"\/pracoviska\/unipoc\/aktivity\/den-kariery-2018\/\">De\u0148 kari\u00e9ry UPJ\u0160 v Ko\u0161iciach<\/a> \u2013 11.4.2018<\/li>\n<li><a href=\"\/pracoviska\/unipoc\/aktivity\/zivotopis-2018\/\">\u017divoToP\u00ed\u0161<\/a> \u2013 10.4. a\u00a013.6.2018<\/li>\n<li><a href=\"\/pracoviska\/unipoc\/aktivity\/akad-zivotopis-2018\/\">Akademick\u00fd \u017eivotopis<\/a> \u2013 14.3. a\u00a010.5.2018<\/li>\n<li><a href=\"\/pracoviska\/unipoc\/aktivity\/podnikni-nieco-2018\/\">PODNIKNI NIE\u010cO!<\/a> \u2013 28.2.-18.4.2018<\/li>\n<li><a href=\"\/pracoviska\/unipoc\/aktivity\/auto-trening-2018\/\">Autog\u00e9nny tr\u00e9ning<\/a> \u2013 19.2.-21.5.2018<\/li>\n<li><a href=\"\/pracoviska\/unipoc\/aktivity\/career-club-120218\/\">Otvorenie kari\u00e9rneho klubu Career Club UPJ\u0160<\/a> \u2013 12.2.2018<\/li>\n<\/ul>\n","protected":false},"excerpt":{"rendered":"<p>UBER \u2013 Work in international company \u2013 5.12.2018 Ktor\u00e1 forma podnikania je t\u00e1 spr\u00e1vna pre m\u0148a? \u2013 4.12.2018 \u017divoToP\u00ed\u0161 \u2013 21.11.2018 Podnikni nie\u010do \u2013 9.11. &#8211; 30.11.2018 Google Roadshow \u2013 6.11.2018 M\u0148a sa to (ne)t\u00fdka \u2013 10.10.2018 Na\u0161tartuj svoju kari\u00e9ru vo v\u00fdskume \u2013 4.10.2018 Kari\u00e9rov\u00e1 polhodinka \u2013 2.10. &#8211; 4.12.2018 Nau\u010d sa u\u010di\u0165 \u2013 28.9.2018 &hellip; <a href=\"https:\/\/www.upjs.sk\/pracoviska\/unipoc\/aktivity\/2018-2\/\">\u010c\u00edta\u0165 \u010falej<\/a><\/p>\n","protected":false},"author":1,"featured_media":13552,"parent":13496,"menu_order":18,"comment_status":"closed","ping_status":"closed","template":"","meta":{"_acf_changed":false,"_editorskit_title_hidden":false,"_editorskit_reading_time":0,"_editorskit_is_block_options_detached":false,"_editorskit_block_options_position":"{}","footnotes":""},"categories":[],"tags":[],"class_list":["post-13551","page","type-page","status-publish","has-post-thumbnail","hentry"],"acf":{"acf_link_na_externy_obsah":""},"yoast_head":"<!-- This site is optimized with the Yoast SEO plugin v27.4 - https:\/\/yoast.com\/product\/yoast-seo-wordpress\/ -->\n<title>Aktivity UNIPOCu v roku 2018 - Univerzitn\u00e9 poradensk\u00e9 centrum (UNIPOC) | UPJ\u0160<\/title>\n<meta name=\"robots\" content=\"index, follow, max-snippet:-1, max-image-preview:large, max-video-preview:-1\" \/>\n<link rel=\"canonical\" href=\"https:\/\/www.upjs.sk\/pracoviska\/unipoc\/aktivity\/2018-2\/\" \/>\n<meta property=\"og:locale\" content=\"sk_SK\" \/>\n<meta property=\"og:type\" content=\"article\" \/>\n<meta property=\"og:title\" content=\"Aktivity UNIPOCu v roku 2018 - Univerzitn\u00e9 poradensk\u00e9 centrum (UNIPOC) | UPJ\u0160\" \/>\n<meta property=\"og:description\" content=\"UBER \u2013 Work in international company \u2013 5.12.2018 Ktor\u00e1 forma podnikania je t\u00e1 spr\u00e1vna pre m\u0148a? \u2013 4.12.2018 \u017divoToP\u00ed\u0161 \u2013 21.11.2018 Podnikni nie\u010do \u2013 9.11. &#8211; 30.11.2018 Google Roadshow \u2013 6.11.2018 M\u0148a sa to (ne)t\u00fdka \u2013 10.10.2018 Na\u0161tartuj svoju kari\u00e9ru vo v\u00fdskume \u2013 4.10.2018 Kari\u00e9rov\u00e1 polhodinka \u2013 2.10. &#8211; 4.12.2018 Nau\u010d sa u\u010di\u0165 \u2013 28.9.2018 &hellip; \u010c\u00edta\u0165 \u010falej\" \/>\n<meta property=\"og:url\" content=\"https:\/\/www.upjs.sk\/pracoviska\/unipoc\/aktivity\/2018-2\/\" \/>\n<meta property=\"og:site_name\" content=\"Univerzitn\u00e9 poradensk\u00e9 centrum (UNIPOC) | UPJ\u0160\" \/>\n<meta property=\"article:modified_time\" content=\"2022-11-13T21:48:00+00:00\" \/>\n<meta property=\"og:image\" content=\"https:\/\/www.upjs.sk\/app\/uploads\/sites\/20\/2022\/10\/forma-podnikania-041218.jpg\" \/>\n\t<meta property=\"og:image:width\" content=\"620\" \/>\n\t<meta property=\"og:image:height\" content=\"877\" \/>\n\t<meta property=\"og:image:type\" content=\"image\/jpeg\" \/>\n<meta name=\"twitter:card\" content=\"summary_large_image\" \/>\n<script type=\"application\/ld+json\" class=\"yoast-schema-graph\">{\"@context\":\"https:\\\/\\\/schema.org\",\"@graph\":[{\"@type\":\"WebPage\",\"@id\":\"https:\\\/\\\/www.upjs.sk\\\/pracoviska\\\/unipoc\\\/aktivity\\\/2018-2\\\/\",\"url\":\"https:\\\/\\\/www.upjs.sk\\\/pracoviska\\\/unipoc\\\/aktivity\\\/2018-2\\\/\",\"name\":\"Aktivity UNIPOCu v roku 2018 - Univerzitn\u00e9 poradensk\u00e9 centrum (UNIPOC) | UPJ\u0160\",\"isPartOf\":{\"@id\":\"https:\\\/\\\/www.upjs.sk\\\/pracoviska\\\/unipoc\\\/#website\"},\"primaryImageOfPage\":{\"@id\":\"https:\\\/\\\/www.upjs.sk\\\/pracoviska\\\/unipoc\\\/aktivity\\\/2018-2\\\/#primaryimage\"},\"image\":{\"@id\":\"https:\\\/\\\/www.upjs.sk\\\/pracoviska\\\/unipoc\\\/aktivity\\\/2018-2\\\/#primaryimage\"},\"thumbnailUrl\":\"https:\\\/\\\/www.upjs.sk\\\/app\\\/uploads\\\/sites\\\/20\\\/2022\\\/10\\\/forma-podnikania-041218.jpg\",\"datePublished\":\"2021-09-22T15:23:06+00:00\",\"dateModified\":\"2022-11-13T21:48:00+00:00\",\"breadcrumb\":{\"@id\":\"https:\\\/\\\/www.upjs.sk\\\/pracoviska\\\/unipoc\\\/aktivity\\\/2018-2\\\/#breadcrumb\"},\"inLanguage\":\"sk-SK\",\"potentialAction\":[{\"@type\":\"ReadAction\",\"target\":[\"https:\\\/\\\/www.upjs.sk\\\/pracoviska\\\/unipoc\\\/aktivity\\\/2018-2\\\/\"]}]},{\"@type\":\"ImageObject\",\"inLanguage\":\"sk-SK\",\"@id\":\"https:\\\/\\\/www.upjs.sk\\\/pracoviska\\\/unipoc\\\/aktivity\\\/2018-2\\\/#primaryimage\",\"url\":\"https:\\\/\\\/www.upjs.sk\\\/app\\\/uploads\\\/sites\\\/20\\\/2022\\\/10\\\/forma-podnikania-041218.jpg\",\"contentUrl\":\"https:\\\/\\\/www.upjs.sk\\\/app\\\/uploads\\\/sites\\\/20\\\/2022\\\/10\\\/forma-podnikania-041218.jpg\",\"width\":620,\"height\":877,\"caption\":\"2018\"},{\"@type\":\"BreadcrumbList\",\"@id\":\"https:\\\/\\\/www.upjs.sk\\\/pracoviska\\\/unipoc\\\/aktivity\\\/2018-2\\\/#breadcrumb\",\"itemListElement\":[{\"@type\":\"ListItem\",\"position\":1,\"name\":\"Home\",\"item\":\"https:\\\/\\\/www.upjs.sk\\\/pracoviska\\\/unipoc\\\/\"},{\"@type\":\"ListItem\",\"position\":2,\"name\":\"PODUJATIA\",\"item\":\"https:\\\/\\\/www.upjs.sk\\\/pracoviska\\\/unipoc\\\/aktivity\\\/\"},{\"@type\":\"ListItem\",\"position\":3,\"name\":\"Aktivity UNIPOCu v roku 2018\"}]},{\"@type\":\"WebSite\",\"@id\":\"https:\\\/\\\/www.upjs.sk\\\/pracoviska\\\/unipoc\\\/#website\",\"url\":\"https:\\\/\\\/www.upjs.sk\\\/pracoviska\\\/unipoc\\\/\",\"name\":\"Univerzitn\u00e9 poradensk\u00e9 centrum (UNIPOC) | UPJ\u0160\",\"description\":\"\",\"publisher\":{\"@id\":\"https:\\\/\\\/www.upjs.sk\\\/pracoviska\\\/unipoc\\\/#organization\"},\"potentialAction\":[{\"@type\":\"SearchAction\",\"target\":{\"@type\":\"EntryPoint\",\"urlTemplate\":\"https:\\\/\\\/www.upjs.sk\\\/pracoviska\\\/unipoc\\\/?s={search_term_string}\"},\"query-input\":{\"@type\":\"PropertyValueSpecification\",\"valueRequired\":true,\"valueName\":\"search_term_string\"}}],\"inLanguage\":\"sk-SK\"},{\"@type\":\"Organization\",\"@id\":\"https:\\\/\\\/www.upjs.sk\\\/pracoviska\\\/unipoc\\\/#organization\",\"name\":\"Univerzitn\u00e9 poradensk\u00e9 centrum (UNIPOC) | UPJ\u0160\",\"url\":\"https:\\\/\\\/www.upjs.sk\\\/pracoviska\\\/unipoc\\\/\",\"logo\":{\"@type\":\"ImageObject\",\"inLanguage\":\"sk-SK\",\"@id\":\"https:\\\/\\\/www.upjs.sk\\\/pracoviska\\\/unipoc\\\/#\\\/schema\\\/logo\\\/image\\\/\",\"url\":\"https:\\\/\\\/www.upjs.sk\\\/app\\\/uploads\\\/sites\\\/20\\\/2023\\\/01\\\/UNIPOC.svg\",\"contentUrl\":\"https:\\\/\\\/www.upjs.sk\\\/app\\\/uploads\\\/sites\\\/20\\\/2023\\\/01\\\/UNIPOC.svg\",\"width\":500,\"height\":138,\"caption\":\"Univerzitn\u00e9 poradensk\u00e9 centrum (UNIPOC) | UPJ\u0160\"},\"image\":{\"@id\":\"https:\\\/\\\/www.upjs.sk\\\/pracoviska\\\/unipoc\\\/#\\\/schema\\\/logo\\\/image\\\/\"}}]}<\/script>\n<!-- \/ Yoast SEO plugin. -->","yoast_head_json":{"title":"Aktivity UNIPOCu v roku 2018 - Univerzitn\u00e9 poradensk\u00e9 centrum (UNIPOC) | UPJ\u0160","robots":{"index":"index","follow":"follow","max-snippet":"max-snippet:-1","max-image-preview":"max-image-preview:large","max-video-preview":"max-video-preview:-1"},"canonical":"https:\/\/www.upjs.sk\/pracoviska\/unipoc\/aktivity\/2018-2\/","og_locale":"sk_SK","og_type":"article","og_title":"Aktivity UNIPOCu v roku 2018 - Univerzitn\u00e9 poradensk\u00e9 centrum (UNIPOC) | UPJ\u0160","og_description":"UBER \u2013 Work in international company \u2013 5.12.2018 Ktor\u00e1 forma podnikania je t\u00e1 spr\u00e1vna pre m\u0148a? \u2013 4.12.2018 \u017divoToP\u00ed\u0161 \u2013 21.11.2018 Podnikni nie\u010do \u2013 9.11. &#8211; 30.11.2018 Google Roadshow \u2013 6.11.2018 M\u0148a sa to (ne)t\u00fdka \u2013 10.10.2018 Na\u0161tartuj svoju kari\u00e9ru vo v\u00fdskume \u2013 4.10.2018 Kari\u00e9rov\u00e1 polhodinka \u2013 2.10. &#8211; 4.12.2018 Nau\u010d sa u\u010di\u0165 \u2013 28.9.2018 &hellip; \u010c\u00edta\u0165 \u010falej","og_url":"https:\/\/www.upjs.sk\/pracoviska\/unipoc\/aktivity\/2018-2\/","og_site_name":"Univerzitn\u00e9 poradensk\u00e9 centrum (UNIPOC) | UPJ\u0160","article_modified_time":"2022-11-13T21:48:00+00:00","og_image":[{"width":620,"height":877,"url":"https:\/\/www.upjs.sk\/app\/uploads\/sites\/20\/2022\/10\/forma-podnikania-041218.jpg","type":"image\/jpeg"}],"twitter_card":"summary_large_image","schema":{"@context":"https:\/\/schema.org","@graph":[{"@type":"WebPage","@id":"https:\/\/www.upjs.sk\/pracoviska\/unipoc\/aktivity\/2018-2\/","url":"https:\/\/www.upjs.sk\/pracoviska\/unipoc\/aktivity\/2018-2\/","name":"Aktivity UNIPOCu v roku 2018 - Univerzitn\u00e9 poradensk\u00e9 centrum (UNIPOC) | UPJ\u0160","isPartOf":{"@id":"https:\/\/www.upjs.sk\/pracoviska\/unipoc\/#website"},"primaryImageOfPage":{"@id":"https:\/\/www.upjs.sk\/pracoviska\/unipoc\/aktivity\/2018-2\/#primaryimage"},"image":{"@id":"https:\/\/www.upjs.sk\/pracoviska\/unipoc\/aktivity\/2018-2\/#primaryimage"},"thumbnailUrl":"https:\/\/www.upjs.sk\/app\/uploads\/sites\/20\/2022\/10\/forma-podnikania-041218.jpg","datePublished":"2021-09-22T15:23:06+00:00","dateModified":"2022-11-13T21:48:00+00:00","breadcrumb":{"@id":"https:\/\/www.upjs.sk\/pracoviska\/unipoc\/aktivity\/2018-2\/#breadcrumb"},"inLanguage":"sk-SK","potentialAction":[{"@type":"ReadAction","target":["https:\/\/www.upjs.sk\/pracoviska\/unipoc\/aktivity\/2018-2\/"]}]},{"@type":"ImageObject","inLanguage":"sk-SK","@id":"https:\/\/www.upjs.sk\/pracoviska\/unipoc\/aktivity\/2018-2\/#primaryimage","url":"https:\/\/www.upjs.sk\/app\/uploads\/sites\/20\/2022\/10\/forma-podnikania-041218.jpg","contentUrl":"https:\/\/www.upjs.sk\/app\/uploads\/sites\/20\/2022\/10\/forma-podnikania-041218.jpg","width":620,"height":877,"caption":"2018"},{"@type":"BreadcrumbList","@id":"https:\/\/www.upjs.sk\/pracoviska\/unipoc\/aktivity\/2018-2\/#breadcrumb","itemListElement":[{"@type":"ListItem","position":1,"name":"Home","item":"https:\/\/www.upjs.sk\/pracoviska\/unipoc\/"},{"@type":"ListItem","position":2,"name":"PODUJATIA","item":"https:\/\/www.upjs.sk\/pracoviska\/unipoc\/aktivity\/"},{"@type":"ListItem","position":3,"name":"Aktivity UNIPOCu v roku 2018"}]},{"@type":"WebSite","@id":"https:\/\/www.upjs.sk\/pracoviska\/unipoc\/#website","url":"https:\/\/www.upjs.sk\/pracoviska\/unipoc\/","name":"Univerzitn\u00e9 poradensk\u00e9 centrum (UNIPOC) | UPJ\u0160","description":"","publisher":{"@id":"https:\/\/www.upjs.sk\/pracoviska\/unipoc\/#organization"},"potentialAction":[{"@type":"SearchAction","target":{"@type":"EntryPoint","urlTemplate":"https:\/\/www.upjs.sk\/pracoviska\/unipoc\/?s={search_term_string}"},"query-input":{"@type":"PropertyValueSpecification","valueRequired":true,"valueName":"search_term_string"}}],"inLanguage":"sk-SK"},{"@type":"Organization","@id":"https:\/\/www.upjs.sk\/pracoviska\/unipoc\/#organization","name":"Univerzitn\u00e9 poradensk\u00e9 centrum (UNIPOC) | UPJ\u0160","url":"https:\/\/www.upjs.sk\/pracoviska\/unipoc\/","logo":{"@type":"ImageObject","inLanguage":"sk-SK","@id":"https:\/\/www.upjs.sk\/pracoviska\/unipoc\/#\/schema\/logo\/image\/","url":"https:\/\/www.upjs.sk\/app\/uploads\/sites\/20\/2023\/01\/UNIPOC.svg","contentUrl":"https:\/\/www.upjs.sk\/app\/uploads\/sites\/20\/2023\/01\/UNIPOC.svg","width":500,"height":138,"caption":"Univerzitn\u00e9 poradensk\u00e9 centrum (UNIPOC) | UPJ\u0160"},"image":{"@id":"https:\/\/www.upjs.sk\/pracoviska\/unipoc\/#\/schema\/logo\/image\/"}}]}},"_links":{"self":[{"href":"https:\/\/www.upjs.sk\/pracoviska\/unipoc\/wp-json\/wp\/v2\/pages\/13551","targetHints":{"allow":["GET"]}}],"collection":[{"href":"https:\/\/www.upjs.sk\/pracoviska\/unipoc\/wp-json\/wp\/v2\/pages"}],"about":[{"href":"https:\/\/www.upjs.sk\/pracoviska\/unipoc\/wp-json\/wp\/v2\/types\/page"}],"author":[{"embeddable":true,"href":"https:\/\/www.upjs.sk\/pracoviska\/unipoc\/wp-json\/wp\/v2\/users\/1"}],"replies":[{"embeddable":true,"href":"https:\/\/www.upjs.sk\/pracoviska\/unipoc\/wp-json\/wp\/v2\/comments?post=13551"}],"version-history":[{"count":1,"href":"https:\/\/www.upjs.sk\/pracoviska\/unipoc\/wp-json\/wp\/v2\/pages\/13551\/revisions"}],"predecessor-version":[{"id":14468,"href":"https:\/\/www.upjs.sk\/pracoviska\/unipoc\/wp-json\/wp\/v2\/pages\/13551\/revisions\/14468"}],"up":[{"embeddable":true,"href":"https:\/\/www.upjs.sk\/pracoviska\/unipoc\/wp-json\/wp\/v2\/pages\/13496"}],"wp:featuredmedia":[{"embeddable":true,"href":"https:\/\/www.upjs.sk\/pracoviska\/unipoc\/wp-json\/wp\/v2\/media\/13552"}],"wp:attachment":[{"href":"https:\/\/www.upjs.sk\/pracoviska\/unipoc\/wp-json\/wp\/v2\/media?parent=13551"}],"wp:term":[{"taxonomy":"category","embeddable":true,"href":"https:\/\/www.upjs.sk\/pracoviska\/unipoc\/wp-json\/wp\/v2\/categories?post=13551"},{"taxonomy":"post_tag","embeddable":true,"href":"https:\/\/www.upjs.sk\/pracoviska\/unipoc\/wp-json\/wp\/v2\/tags?post=13551"}],"curies":[{"name":"wp","href":"https:\/\/api.w.org\/{rel}","templated":true}]}}