{"id":13554,"date":"2021-09-22T15:23:06","date_gmt":"2021-09-22T15:23:06","guid":{"rendered":"https:\/\/www.upjs.sk\/pracoviska\/unipoc\/root\/aktivity\/dk-2017\/"},"modified":"2022-11-13T21:48:00","modified_gmt":"2022-11-13T21:48:00","slug":"dk-2017","status":"publish","type":"page","link":"https:\/\/www.upjs.sk\/pracoviska\/unipoc\/aktivity\/dk-2017\/","title":{"rendered":"De\u0148 kari\u00e9ry UPJ\u0160 v Ko\u0161iciach 2017 \u2013 25.4.2017"},"content":{"rendered":"<p style=\"text-align: justify;\">Ve\u013etrh pracovn\u00fdch pr\u00edle\u017eitost\u00ed, na ktorom sa predstavili z\u00e1stupcovia vybran\u00fdch zamestn\u00e1vate\u013eov, ktor\u00ed si okrem promo-st\u00e1nkov pripravili aj zauj\u00edmav\u00e9 prezent\u00e1cie. Pre \u0161tudentov je De\u0148 kari\u00e9ry ide\u00e1lnym miestom na nadviazanie kontaktov so zamestn\u00e1vate\u013emi. Pre zamestn\u00e1vate\u013eov je De\u0148 kari\u00e9ry skvelou pr\u00edle\u017eitos\u0165ou spozna\u0165 kvalitn\u00fdch \u0161tudentov a bud\u00facich absolventov na\u0161ej univerzity.<\/p>\n<ul>\n<li style=\"text-align: justify;\"><a href=\"https:\/\/www.upjs.sk\/pracoviska\/unipoc\/den-kariery\/program\/0-rocnik\/\"><strong>Program<\/strong><\/a><\/li>\n<li style=\"text-align: justify;\"><a href=\"https:\/\/www.upjs.sk\/pracoviska\/unipoc\/den-kariery\/fotogaleria\/0-rocnik\/\"><strong>Fotogal\u00e9ria<\/strong><\/a><br \/> \t\u00a0<\/li>\n<\/ul>\n","protected":false},"excerpt":{"rendered":"<p>Ve\u013etrh pracovn\u00fdch pr\u00edle\u017eitost\u00ed, na ktorom sa predstavili z\u00e1stupcovia vybran\u00fdch zamestn\u00e1vate\u013eov, ktor\u00ed si okrem promo-st\u00e1nkov pripravili aj zauj\u00edmav\u00e9 prezent\u00e1cie. Pre \u0161tudentov je De\u0148 kari\u00e9ry ide\u00e1lnym miestom na nadviazanie kontaktov so zamestn\u00e1vate\u013emi. Pre zamestn\u00e1vate\u013eov je De\u0148 kari\u00e9ry skvelou pr\u00edle\u017eitos\u0165ou spozna\u0165 kvalitn\u00fdch \u0161tudentov a bud\u00facich absolventov na\u0161ej univerzity. Program Fotogal\u00e9ria \u00a0<\/p>\n","protected":false},"author":1,"featured_media":0,"parent":13496,"menu_order":19,"comment_status":"closed","ping_status":"closed","template":"","meta":{"_acf_changed":false,"_editorskit_title_hidden":false,"_editorskit_reading_time":0,"_editorskit_is_block_options_detached":false,"_editorskit_block_options_position":"{}","footnotes":""},"categories":[],"tags":[],"class_list":["post-13554","page","type-page","status-publish","hentry"],"acf":{"acf_link_na_externy_obsah":""},"yoast_head":"<!-- This site is optimized with the Yoast SEO plugin v27.4 - https:\/\/yoast.com\/product\/yoast-seo-wordpress\/ -->\n<title>De\u0148 kari\u00e9ry UPJ\u0160 v Ko\u0161iciach 2017 \u2013 25.4.2017 - Univerzitn\u00e9 poradensk\u00e9 centrum (UNIPOC) | UPJ\u0160<\/title>\n<meta name=\"robots\" content=\"index, follow, max-snippet:-1, max-image-preview:large, max-video-preview:-1\" \/>\n<link rel=\"canonical\" href=\"https:\/\/www.upjs.sk\/pracoviska\/unipoc\/aktivity\/dk-2017\/\" \/>\n<meta property=\"og:locale\" content=\"sk_SK\" \/>\n<meta property=\"og:type\" content=\"article\" \/>\n<meta property=\"og:title\" content=\"De\u0148 kari\u00e9ry UPJ\u0160 v Ko\u0161iciach 2017 \u2013 25.4.2017 - Univerzitn\u00e9 poradensk\u00e9 centrum (UNIPOC) | UPJ\u0160\" \/>\n<meta property=\"og:description\" content=\"Ve\u013etrh pracovn\u00fdch pr\u00edle\u017eitost\u00ed, na ktorom sa predstavili z\u00e1stupcovia vybran\u00fdch zamestn\u00e1vate\u013eov, ktor\u00ed si okrem promo-st\u00e1nkov pripravili aj zauj\u00edmav\u00e9 prezent\u00e1cie. Pre \u0161tudentov je De\u0148 kari\u00e9ry ide\u00e1lnym miestom na nadviazanie kontaktov so zamestn\u00e1vate\u013emi. Pre zamestn\u00e1vate\u013eov je De\u0148 kari\u00e9ry skvelou pr\u00edle\u017eitos\u0165ou spozna\u0165 kvalitn\u00fdch \u0161tudentov a bud\u00facich absolventov na\u0161ej univerzity. Program Fotogal\u00e9ria \u00a0\" \/>\n<meta property=\"og:url\" content=\"https:\/\/www.upjs.sk\/pracoviska\/unipoc\/aktivity\/dk-2017\/\" \/>\n<meta property=\"og:site_name\" content=\"Univerzitn\u00e9 poradensk\u00e9 centrum (UNIPOC) | UPJ\u0160\" \/>\n<meta property=\"article:modified_time\" content=\"2022-11-13T21:48:00+00:00\" \/>\n<meta name=\"twitter:card\" content=\"summary_large_image\" \/>\n<script type=\"application\/ld+json\" class=\"yoast-schema-graph\">{\"@context\":\"https:\\\/\\\/schema.org\",\"@graph\":[{\"@type\":\"WebPage\",\"@id\":\"https:\\\/\\\/www.upjs.sk\\\/pracoviska\\\/unipoc\\\/aktivity\\\/dk-2017\\\/\",\"url\":\"https:\\\/\\\/www.upjs.sk\\\/pracoviska\\\/unipoc\\\/aktivity\\\/dk-2017\\\/\",\"name\":\"De\u0148 kari\u00e9ry UPJ\u0160 v Ko\u0161iciach 2017 \u2013 25.4.2017 - Univerzitn\u00e9 poradensk\u00e9 centrum (UNIPOC) | UPJ\u0160\",\"isPartOf\":{\"@id\":\"https:\\\/\\\/www.upjs.sk\\\/pracoviska\\\/unipoc\\\/#website\"},\"datePublished\":\"2021-09-22T15:23:06+00:00\",\"dateModified\":\"2022-11-13T21:48:00+00:00\",\"breadcrumb\":{\"@id\":\"https:\\\/\\\/www.upjs.sk\\\/pracoviska\\\/unipoc\\\/aktivity\\\/dk-2017\\\/#breadcrumb\"},\"inLanguage\":\"sk-SK\",\"potentialAction\":[{\"@type\":\"ReadAction\",\"target\":[\"https:\\\/\\\/www.upjs.sk\\\/pracoviska\\\/unipoc\\\/aktivity\\\/dk-2017\\\/\"]}]},{\"@type\":\"BreadcrumbList\",\"@id\":\"https:\\\/\\\/www.upjs.sk\\\/pracoviska\\\/unipoc\\\/aktivity\\\/dk-2017\\\/#breadcrumb\",\"itemListElement\":[{\"@type\":\"ListItem\",\"position\":1,\"name\":\"Home\",\"item\":\"https:\\\/\\\/www.upjs.sk\\\/pracoviska\\\/unipoc\\\/\"},{\"@type\":\"ListItem\",\"position\":2,\"name\":\"PODUJATIA\",\"item\":\"https:\\\/\\\/www.upjs.sk\\\/pracoviska\\\/unipoc\\\/aktivity\\\/\"},{\"@type\":\"ListItem\",\"position\":3,\"name\":\"De\u0148 kari\u00e9ry UPJ\u0160 v Ko\u0161iciach 2017 \u2013 25.4.2017\"}]},{\"@type\":\"WebSite\",\"@id\":\"https:\\\/\\\/www.upjs.sk\\\/pracoviska\\\/unipoc\\\/#website\",\"url\":\"https:\\\/\\\/www.upjs.sk\\\/pracoviska\\\/unipoc\\\/\",\"name\":\"Univerzitn\u00e9 poradensk\u00e9 centrum (UNIPOC) | UPJ\u0160\",\"description\":\"\",\"publisher\":{\"@id\":\"https:\\\/\\\/www.upjs.sk\\\/pracoviska\\\/unipoc\\\/#organization\"},\"potentialAction\":[{\"@type\":\"SearchAction\",\"target\":{\"@type\":\"EntryPoint\",\"urlTemplate\":\"https:\\\/\\\/www.upjs.sk\\\/pracoviska\\\/unipoc\\\/?s={search_term_string}\"},\"query-input\":{\"@type\":\"PropertyValueSpecification\",\"valueRequired\":true,\"valueName\":\"search_term_string\"}}],\"inLanguage\":\"sk-SK\"},{\"@type\":\"Organization\",\"@id\":\"https:\\\/\\\/www.upjs.sk\\\/pracoviska\\\/unipoc\\\/#organization\",\"name\":\"Univerzitn\u00e9 poradensk\u00e9 centrum (UNIPOC) | UPJ\u0160\",\"url\":\"https:\\\/\\\/www.upjs.sk\\\/pracoviska\\\/unipoc\\\/\",\"logo\":{\"@type\":\"ImageObject\",\"inLanguage\":\"sk-SK\",\"@id\":\"https:\\\/\\\/www.upjs.sk\\\/pracoviska\\\/unipoc\\\/#\\\/schema\\\/logo\\\/image\\\/\",\"url\":\"https:\\\/\\\/www.upjs.sk\\\/app\\\/uploads\\\/sites\\\/20\\\/2023\\\/01\\\/UNIPOC.svg\",\"contentUrl\":\"https:\\\/\\\/www.upjs.sk\\\/app\\\/uploads\\\/sites\\\/20\\\/2023\\\/01\\\/UNIPOC.svg\",\"width\":500,\"height\":138,\"caption\":\"Univerzitn\u00e9 poradensk\u00e9 centrum (UNIPOC) | UPJ\u0160\"},\"image\":{\"@id\":\"https:\\\/\\\/www.upjs.sk\\\/pracoviska\\\/unipoc\\\/#\\\/schema\\\/logo\\\/image\\\/\"}}]}<\/script>\n<!-- \/ Yoast SEO plugin. -->","yoast_head_json":{"title":"De\u0148 kari\u00e9ry UPJ\u0160 v Ko\u0161iciach 2017 \u2013 25.4.2017 - Univerzitn\u00e9 poradensk\u00e9 centrum (UNIPOC) | UPJ\u0160","robots":{"index":"index","follow":"follow","max-snippet":"max-snippet:-1","max-image-preview":"max-image-preview:large","max-video-preview":"max-video-preview:-1"},"canonical":"https:\/\/www.upjs.sk\/pracoviska\/unipoc\/aktivity\/dk-2017\/","og_locale":"sk_SK","og_type":"article","og_title":"De\u0148 kari\u00e9ry UPJ\u0160 v Ko\u0161iciach 2017 \u2013 25.4.2017 - Univerzitn\u00e9 poradensk\u00e9 centrum (UNIPOC) | UPJ\u0160","og_description":"Ve\u013etrh pracovn\u00fdch pr\u00edle\u017eitost\u00ed, na ktorom sa predstavili z\u00e1stupcovia vybran\u00fdch zamestn\u00e1vate\u013eov, ktor\u00ed si okrem promo-st\u00e1nkov pripravili aj zauj\u00edmav\u00e9 prezent\u00e1cie. Pre \u0161tudentov je De\u0148 kari\u00e9ry ide\u00e1lnym miestom na nadviazanie kontaktov so zamestn\u00e1vate\u013emi. Pre zamestn\u00e1vate\u013eov je De\u0148 kari\u00e9ry skvelou pr\u00edle\u017eitos\u0165ou spozna\u0165 kvalitn\u00fdch \u0161tudentov a bud\u00facich absolventov na\u0161ej univerzity. Program Fotogal\u00e9ria \u00a0","og_url":"https:\/\/www.upjs.sk\/pracoviska\/unipoc\/aktivity\/dk-2017\/","og_site_name":"Univerzitn\u00e9 poradensk\u00e9 centrum (UNIPOC) | UPJ\u0160","article_modified_time":"2022-11-13T21:48:00+00:00","twitter_card":"summary_large_image","schema":{"@context":"https:\/\/schema.org","@graph":[{"@type":"WebPage","@id":"https:\/\/www.upjs.sk\/pracoviska\/unipoc\/aktivity\/dk-2017\/","url":"https:\/\/www.upjs.sk\/pracoviska\/unipoc\/aktivity\/dk-2017\/","name":"De\u0148 kari\u00e9ry UPJ\u0160 v Ko\u0161iciach 2017 \u2013 25.4.2017 - Univerzitn\u00e9 poradensk\u00e9 centrum (UNIPOC) | UPJ\u0160","isPartOf":{"@id":"https:\/\/www.upjs.sk\/pracoviska\/unipoc\/#website"},"datePublished":"2021-09-22T15:23:06+00:00","dateModified":"2022-11-13T21:48:00+00:00","breadcrumb":{"@id":"https:\/\/www.upjs.sk\/pracoviska\/unipoc\/aktivity\/dk-2017\/#breadcrumb"},"inLanguage":"sk-SK","potentialAction":[{"@type":"ReadAction","target":["https:\/\/www.upjs.sk\/pracoviska\/unipoc\/aktivity\/dk-2017\/"]}]},{"@type":"BreadcrumbList","@id":"https:\/\/www.upjs.sk\/pracoviska\/unipoc\/aktivity\/dk-2017\/#breadcrumb","itemListElement":[{"@type":"ListItem","position":1,"name":"Home","item":"https:\/\/www.upjs.sk\/pracoviska\/unipoc\/"},{"@type":"ListItem","position":2,"name":"PODUJATIA","item":"https:\/\/www.upjs.sk\/pracoviska\/unipoc\/aktivity\/"},{"@type":"ListItem","position":3,"name":"De\u0148 kari\u00e9ry UPJ\u0160 v Ko\u0161iciach 2017 \u2013 25.4.2017"}]},{"@type":"WebSite","@id":"https:\/\/www.upjs.sk\/pracoviska\/unipoc\/#website","url":"https:\/\/www.upjs.sk\/pracoviska\/unipoc\/","name":"Univerzitn\u00e9 poradensk\u00e9 centrum (UNIPOC) | UPJ\u0160","description":"","publisher":{"@id":"https:\/\/www.upjs.sk\/pracoviska\/unipoc\/#organization"},"potentialAction":[{"@type":"SearchAction","target":{"@type":"EntryPoint","urlTemplate":"https:\/\/www.upjs.sk\/pracoviska\/unipoc\/?s={search_term_string}"},"query-input":{"@type":"PropertyValueSpecification","valueRequired":true,"valueName":"search_term_string"}}],"inLanguage":"sk-SK"},{"@type":"Organization","@id":"https:\/\/www.upjs.sk\/pracoviska\/unipoc\/#organization","name":"Univerzitn\u00e9 poradensk\u00e9 centrum (UNIPOC) | UPJ\u0160","url":"https:\/\/www.upjs.sk\/pracoviska\/unipoc\/","logo":{"@type":"ImageObject","inLanguage":"sk-SK","@id":"https:\/\/www.upjs.sk\/pracoviska\/unipoc\/#\/schema\/logo\/image\/","url":"https:\/\/www.upjs.sk\/app\/uploads\/sites\/20\/2023\/01\/UNIPOC.svg","contentUrl":"https:\/\/www.upjs.sk\/app\/uploads\/sites\/20\/2023\/01\/UNIPOC.svg","width":500,"height":138,"caption":"Univerzitn\u00e9 poradensk\u00e9 centrum (UNIPOC) | UPJ\u0160"},"image":{"@id":"https:\/\/www.upjs.sk\/pracoviska\/unipoc\/#\/schema\/logo\/image\/"}}]}},"_links":{"self":[{"href":"https:\/\/www.upjs.sk\/pracoviska\/unipoc\/wp-json\/wp\/v2\/pages\/13554","targetHints":{"allow":["GET"]}}],"collection":[{"href":"https:\/\/www.upjs.sk\/pracoviska\/unipoc\/wp-json\/wp\/v2\/pages"}],"about":[{"href":"https:\/\/www.upjs.sk\/pracoviska\/unipoc\/wp-json\/wp\/v2\/types\/page"}],"author":[{"embeddable":true,"href":"https:\/\/www.upjs.sk\/pracoviska\/unipoc\/wp-json\/wp\/v2\/users\/1"}],"replies":[{"embeddable":true,"href":"https:\/\/www.upjs.sk\/pracoviska\/unipoc\/wp-json\/wp\/v2\/comments?post=13554"}],"version-history":[{"count":1,"href":"https:\/\/www.upjs.sk\/pracoviska\/unipoc\/wp-json\/wp\/v2\/pages\/13554\/revisions"}],"predecessor-version":[{"id":14469,"href":"https:\/\/www.upjs.sk\/pracoviska\/unipoc\/wp-json\/wp\/v2\/pages\/13554\/revisions\/14469"}],"up":[{"embeddable":true,"href":"https:\/\/www.upjs.sk\/pracoviska\/unipoc\/wp-json\/wp\/v2\/pages\/13496"}],"wp:attachment":[{"href":"https:\/\/www.upjs.sk\/pracoviska\/unipoc\/wp-json\/wp\/v2\/media?parent=13554"}],"wp:term":[{"taxonomy":"category","embeddable":true,"href":"https:\/\/www.upjs.sk\/pracoviska\/unipoc\/wp-json\/wp\/v2\/categories?post=13554"},{"taxonomy":"post_tag","embeddable":true,"href":"https:\/\/www.upjs.sk\/pracoviska\/unipoc\/wp-json\/wp\/v2\/tags?post=13554"}],"curies":[{"name":"wp","href":"https:\/\/api.w.org\/{rel}","templated":true}]}}