{"id":13556,"date":"2021-09-22T15:23:06","date_gmt":"2021-09-22T15:23:06","guid":{"rendered":"https:\/\/www.upjs.sk\/pracoviska\/unipoc\/root\/aktivity\/2014-2016\/"},"modified":"2022-11-13T21:48:00","modified_gmt":"2022-11-13T21:48:00","slug":"2014-2016","status":"publish","type":"page","link":"https:\/\/www.upjs.sk\/pracoviska\/unipoc\/aktivity\/2014-2016\/","title":{"rendered":"Aktivity UNIPOCu v rokoch 2014 &#8211; 2016"},"content":{"rendered":"<p><strong>2016<\/strong><\/p>\n<ul>\n<li><a href=\"\/pracoviska\/unipoc\/aktivity\/vycvik-socialne-zrucnosti-2016\/\">V\u00fdcvik Soci\u00e1lne zru\u010dnosti<\/a> &#8211; 15.4. &#8211; 20.5.2016<\/li>\n<\/ul>\n<p><strong>2015<\/strong><\/p>\n<ul>\n<li><a href=\"https:\/\/www.upjs.sk\/public\/media\/14322\/unipoc-pozvanka-131015-sk.jpg\" target=\"_blank\" rel=\"noopener\">Stretnutie \u0161tudentov so \u0161pecifick\u00fdmi eduka\u010dn\u00fdmi potrebami<\/a> -13.10.2015<\/li>\n<\/ul>\n<p><strong>2014<\/strong><\/p>\n<ul>\n<li><a href=\"https:\/\/www.upjs.sk\/public\/media\/14322\/zakladysexuality270914.pdf\" target=\"_blank\" rel=\"noopener\">Evolu\u010dn\u00e9 z\u00e1klady \u013eudskej sexuality<\/a> &#8211; 27.9.2014<\/li>\n<li><a href=\"https:\/\/www.upjs.sk\/public\/media\/14322\/zivotjevazny010414.jpg\" target=\"_blank\" rel=\"noopener\">\u017divot je v\u00e1\u017eny<\/a> &#8211; 1.4.2014<\/li>\n<\/ul>\n","protected":false},"excerpt":{"rendered":"<p>2016 V\u00fdcvik Soci\u00e1lne zru\u010dnosti &#8211; 15.4. &#8211; 20.5.2016 2015 Stretnutie \u0161tudentov so \u0161pecifick\u00fdmi eduka\u010dn\u00fdmi potrebami -13.10.2015 2014 Evolu\u010dn\u00e9 z\u00e1klady \u013eudskej sexuality &#8211; 27.9.2014 \u017divot je v\u00e1\u017eny &#8211; 1.4.2014<\/p>\n","protected":false},"author":1,"featured_media":0,"parent":13496,"menu_order":21,"comment_status":"closed","ping_status":"closed","template":"","meta":{"_acf_changed":false,"_editorskit_title_hidden":false,"_editorskit_reading_time":0,"_editorskit_is_block_options_detached":false,"_editorskit_block_options_position":"{}","footnotes":""},"categories":[],"tags":[],"class_list":["post-13556","page","type-page","status-publish","hentry"],"acf":{"acf_link_na_externy_obsah":""},"yoast_head":"<!-- This site is optimized with the Yoast SEO plugin v27.2 - https:\/\/yoast.com\/product\/yoast-seo-wordpress\/ -->\n<title>Aktivity UNIPOCu v rokoch 2014 - 2016 - Univerzitn\u00e9 poradensk\u00e9 centrum (UNIPOC) | UPJ\u0160<\/title>\n<meta name=\"robots\" content=\"index, follow, max-snippet:-1, max-image-preview:large, max-video-preview:-1\" \/>\n<link rel=\"canonical\" href=\"https:\/\/www.upjs.sk\/pracoviska\/unipoc\/aktivity\/2014-2016\/\" \/>\n<meta property=\"og:locale\" content=\"sk_SK\" \/>\n<meta property=\"og:type\" content=\"article\" \/>\n<meta property=\"og:title\" content=\"Aktivity UNIPOCu v rokoch 2014 - 2016 - Univerzitn\u00e9 poradensk\u00e9 centrum (UNIPOC) | UPJ\u0160\" \/>\n<meta property=\"og:description\" content=\"2016 V\u00fdcvik Soci\u00e1lne zru\u010dnosti &#8211; 15.4. &#8211; 20.5.2016 2015 Stretnutie \u0161tudentov so \u0161pecifick\u00fdmi eduka\u010dn\u00fdmi potrebami -13.10.2015 2014 Evolu\u010dn\u00e9 z\u00e1klady \u013eudskej sexuality &#8211; 27.9.2014 \u017divot je v\u00e1\u017eny &#8211; 1.4.2014\" \/>\n<meta property=\"og:url\" content=\"https:\/\/www.upjs.sk\/pracoviska\/unipoc\/aktivity\/2014-2016\/\" \/>\n<meta property=\"og:site_name\" content=\"Univerzitn\u00e9 poradensk\u00e9 centrum (UNIPOC) | UPJ\u0160\" \/>\n<meta property=\"article:modified_time\" content=\"2022-11-13T21:48:00+00:00\" \/>\n<meta name=\"twitter:card\" content=\"summary_large_image\" \/>\n<script type=\"application\/ld+json\" class=\"yoast-schema-graph\">{\"@context\":\"https:\/\/schema.org\",\"@graph\":[{\"@type\":\"WebPage\",\"@id\":\"https:\/\/www.upjs.sk\/pracoviska\/unipoc\/aktivity\/2014-2016\/\",\"url\":\"https:\/\/www.upjs.sk\/pracoviska\/unipoc\/aktivity\/2014-2016\/\",\"name\":\"Aktivity UNIPOCu v rokoch 2014 - 2016 - Univerzitn\u00e9 poradensk\u00e9 centrum (UNIPOC) | UPJ\u0160\",\"isPartOf\":{\"@id\":\"https:\/\/www.upjs.sk\/pracoviska\/unipoc\/#website\"},\"datePublished\":\"2021-09-22T15:23:06+00:00\",\"dateModified\":\"2022-11-13T21:48:00+00:00\",\"breadcrumb\":{\"@id\":\"https:\/\/www.upjs.sk\/pracoviska\/unipoc\/aktivity\/2014-2016\/#breadcrumb\"},\"inLanguage\":\"sk-SK\",\"potentialAction\":[{\"@type\":\"ReadAction\",\"target\":[\"https:\/\/www.upjs.sk\/pracoviska\/unipoc\/aktivity\/2014-2016\/\"]}]},{\"@type\":\"BreadcrumbList\",\"@id\":\"https:\/\/www.upjs.sk\/pracoviska\/unipoc\/aktivity\/2014-2016\/#breadcrumb\",\"itemListElement\":[{\"@type\":\"ListItem\",\"position\":1,\"name\":\"Home\",\"item\":\"https:\/\/www.upjs.sk\/pracoviska\/unipoc\/\"},{\"@type\":\"ListItem\",\"position\":2,\"name\":\"PODUJATIA\",\"item\":\"https:\/\/www.upjs.sk\/pracoviska\/unipoc\/aktivity\/\"},{\"@type\":\"ListItem\",\"position\":3,\"name\":\"Aktivity UNIPOCu v rokoch 2014 &#8211; 2016\"}]},{\"@type\":\"WebSite\",\"@id\":\"https:\/\/www.upjs.sk\/pracoviska\/unipoc\/#website\",\"url\":\"https:\/\/www.upjs.sk\/pracoviska\/unipoc\/\",\"name\":\"Univerzitn\u00e9 poradensk\u00e9 centrum (UNIPOC) | UPJ\u0160\",\"description\":\"\",\"publisher\":{\"@id\":\"https:\/\/www.upjs.sk\/pracoviska\/unipoc\/#organization\"},\"potentialAction\":[{\"@type\":\"SearchAction\",\"target\":{\"@type\":\"EntryPoint\",\"urlTemplate\":\"https:\/\/www.upjs.sk\/pracoviska\/unipoc\/?s={search_term_string}\"},\"query-input\":{\"@type\":\"PropertyValueSpecification\",\"valueRequired\":true,\"valueName\":\"search_term_string\"}}],\"inLanguage\":\"sk-SK\"},{\"@type\":\"Organization\",\"@id\":\"https:\/\/www.upjs.sk\/pracoviska\/unipoc\/#organization\",\"name\":\"Univerzitn\u00e9 poradensk\u00e9 centrum (UNIPOC) | UPJ\u0160\",\"url\":\"https:\/\/www.upjs.sk\/pracoviska\/unipoc\/\",\"logo\":{\"@type\":\"ImageObject\",\"inLanguage\":\"sk-SK\",\"@id\":\"https:\/\/www.upjs.sk\/pracoviska\/unipoc\/#\/schema\/logo\/image\/\",\"url\":\"https:\/\/www.upjs.sk\/app\/uploads\/sites\/20\/2023\/01\/UNIPOC.svg\",\"contentUrl\":\"https:\/\/www.upjs.sk\/app\/uploads\/sites\/20\/2023\/01\/UNIPOC.svg\",\"width\":500,\"height\":138,\"caption\":\"Univerzitn\u00e9 poradensk\u00e9 centrum (UNIPOC) | UPJ\u0160\"},\"image\":{\"@id\":\"https:\/\/www.upjs.sk\/pracoviska\/unipoc\/#\/schema\/logo\/image\/\"}}]}<\/script>\n<!-- \/ Yoast SEO plugin. -->","yoast_head_json":{"title":"Aktivity UNIPOCu v rokoch 2014 - 2016 - Univerzitn\u00e9 poradensk\u00e9 centrum (UNIPOC) | UPJ\u0160","robots":{"index":"index","follow":"follow","max-snippet":"max-snippet:-1","max-image-preview":"max-image-preview:large","max-video-preview":"max-video-preview:-1"},"canonical":"https:\/\/www.upjs.sk\/pracoviska\/unipoc\/aktivity\/2014-2016\/","og_locale":"sk_SK","og_type":"article","og_title":"Aktivity UNIPOCu v rokoch 2014 - 2016 - Univerzitn\u00e9 poradensk\u00e9 centrum (UNIPOC) | UPJ\u0160","og_description":"2016 V\u00fdcvik Soci\u00e1lne zru\u010dnosti &#8211; 15.4. &#8211; 20.5.2016 2015 Stretnutie \u0161tudentov so \u0161pecifick\u00fdmi eduka\u010dn\u00fdmi potrebami -13.10.2015 2014 Evolu\u010dn\u00e9 z\u00e1klady \u013eudskej sexuality &#8211; 27.9.2014 \u017divot je v\u00e1\u017eny &#8211; 1.4.2014","og_url":"https:\/\/www.upjs.sk\/pracoviska\/unipoc\/aktivity\/2014-2016\/","og_site_name":"Univerzitn\u00e9 poradensk\u00e9 centrum (UNIPOC) | UPJ\u0160","article_modified_time":"2022-11-13T21:48:00+00:00","twitter_card":"summary_large_image","schema":{"@context":"https:\/\/schema.org","@graph":[{"@type":"WebPage","@id":"https:\/\/www.upjs.sk\/pracoviska\/unipoc\/aktivity\/2014-2016\/","url":"https:\/\/www.upjs.sk\/pracoviska\/unipoc\/aktivity\/2014-2016\/","name":"Aktivity UNIPOCu v rokoch 2014 - 2016 - Univerzitn\u00e9 poradensk\u00e9 centrum (UNIPOC) | UPJ\u0160","isPartOf":{"@id":"https:\/\/www.upjs.sk\/pracoviska\/unipoc\/#website"},"datePublished":"2021-09-22T15:23:06+00:00","dateModified":"2022-11-13T21:48:00+00:00","breadcrumb":{"@id":"https:\/\/www.upjs.sk\/pracoviska\/unipoc\/aktivity\/2014-2016\/#breadcrumb"},"inLanguage":"sk-SK","potentialAction":[{"@type":"ReadAction","target":["https:\/\/www.upjs.sk\/pracoviska\/unipoc\/aktivity\/2014-2016\/"]}]},{"@type":"BreadcrumbList","@id":"https:\/\/www.upjs.sk\/pracoviska\/unipoc\/aktivity\/2014-2016\/#breadcrumb","itemListElement":[{"@type":"ListItem","position":1,"name":"Home","item":"https:\/\/www.upjs.sk\/pracoviska\/unipoc\/"},{"@type":"ListItem","position":2,"name":"PODUJATIA","item":"https:\/\/www.upjs.sk\/pracoviska\/unipoc\/aktivity\/"},{"@type":"ListItem","position":3,"name":"Aktivity UNIPOCu v rokoch 2014 &#8211; 2016"}]},{"@type":"WebSite","@id":"https:\/\/www.upjs.sk\/pracoviska\/unipoc\/#website","url":"https:\/\/www.upjs.sk\/pracoviska\/unipoc\/","name":"Univerzitn\u00e9 poradensk\u00e9 centrum (UNIPOC) | UPJ\u0160","description":"","publisher":{"@id":"https:\/\/www.upjs.sk\/pracoviska\/unipoc\/#organization"},"potentialAction":[{"@type":"SearchAction","target":{"@type":"EntryPoint","urlTemplate":"https:\/\/www.upjs.sk\/pracoviska\/unipoc\/?s={search_term_string}"},"query-input":{"@type":"PropertyValueSpecification","valueRequired":true,"valueName":"search_term_string"}}],"inLanguage":"sk-SK"},{"@type":"Organization","@id":"https:\/\/www.upjs.sk\/pracoviska\/unipoc\/#organization","name":"Univerzitn\u00e9 poradensk\u00e9 centrum (UNIPOC) | UPJ\u0160","url":"https:\/\/www.upjs.sk\/pracoviska\/unipoc\/","logo":{"@type":"ImageObject","inLanguage":"sk-SK","@id":"https:\/\/www.upjs.sk\/pracoviska\/unipoc\/#\/schema\/logo\/image\/","url":"https:\/\/www.upjs.sk\/app\/uploads\/sites\/20\/2023\/01\/UNIPOC.svg","contentUrl":"https:\/\/www.upjs.sk\/app\/uploads\/sites\/20\/2023\/01\/UNIPOC.svg","width":500,"height":138,"caption":"Univerzitn\u00e9 poradensk\u00e9 centrum (UNIPOC) | UPJ\u0160"},"image":{"@id":"https:\/\/www.upjs.sk\/pracoviska\/unipoc\/#\/schema\/logo\/image\/"}}]}},"_links":{"self":[{"href":"https:\/\/www.upjs.sk\/pracoviska\/unipoc\/wp-json\/wp\/v2\/pages\/13556","targetHints":{"allow":["GET"]}}],"collection":[{"href":"https:\/\/www.upjs.sk\/pracoviska\/unipoc\/wp-json\/wp\/v2\/pages"}],"about":[{"href":"https:\/\/www.upjs.sk\/pracoviska\/unipoc\/wp-json\/wp\/v2\/types\/page"}],"author":[{"embeddable":true,"href":"https:\/\/www.upjs.sk\/pracoviska\/unipoc\/wp-json\/wp\/v2\/users\/1"}],"replies":[{"embeddable":true,"href":"https:\/\/www.upjs.sk\/pracoviska\/unipoc\/wp-json\/wp\/v2\/comments?post=13556"}],"version-history":[{"count":1,"href":"https:\/\/www.upjs.sk\/pracoviska\/unipoc\/wp-json\/wp\/v2\/pages\/13556\/revisions"}],"predecessor-version":[{"id":14471,"href":"https:\/\/www.upjs.sk\/pracoviska\/unipoc\/wp-json\/wp\/v2\/pages\/13556\/revisions\/14471"}],"up":[{"embeddable":true,"href":"https:\/\/www.upjs.sk\/pracoviska\/unipoc\/wp-json\/wp\/v2\/pages\/13496"}],"wp:attachment":[{"href":"https:\/\/www.upjs.sk\/pracoviska\/unipoc\/wp-json\/wp\/v2\/media?parent=13556"}],"wp:term":[{"taxonomy":"category","embeddable":true,"href":"https:\/\/www.upjs.sk\/pracoviska\/unipoc\/wp-json\/wp\/v2\/categories?post=13556"},{"taxonomy":"post_tag","embeddable":true,"href":"https:\/\/www.upjs.sk\/pracoviska\/unipoc\/wp-json\/wp\/v2\/tags?post=13556"}],"curies":[{"name":"wp","href":"https:\/\/api.w.org\/{rel}","templated":true}]}}