{"id":13624,"date":"2022-07-11T08:51:19","date_gmt":"2022-07-11T08:51:19","guid":{"rendered":"https:\/\/www.upjs.sk\/pracoviska\/unipoc\/root\/career-club-upjs\/hydac-electronic\/"},"modified":"2022-11-13T21:48:02","modified_gmt":"2022-11-13T21:48:02","slug":"hydac-electronic","status":"publish","type":"page","link":"https:\/\/www.upjs.sk\/pracoviska\/unipoc\/career-club-upjs\/hydac-electronic\/","title":{"rendered":"HYDAC Electronic"},"content":{"rendered":"<p style=\"text-align:justify\"><a href=\"http:\/\/www.hydac-electronic.sk\/\" target=\"_blank\" rel=\"noopener\"><img decoding=\"async\" alt=\"\" src=\"http:\/\/www.upjs.sk\/\/app\/uploads\/sites\/20\/2022\/10\/hydac-logo.jpg\" style=\"height:33px; width:300px\" \/><\/a><\/p>\n<p style=\"text-align:justify\"><strong>HYDAC Electronic<\/strong><\/p>\n<p style=\"text-align:justify\">Spolo\u010dnos\u0165 HYDAC Electronic p\u00f4sob\u00ed na Orave od roku 2001. Sme s\u00fa\u010das\u0165ou medzin\u00e1rodne p\u00f4sobiacej skupiny HYDAC zalo\u017eenej v Nemecku v roku 1963, ktor\u00e1 je dnes medzin\u00e1rodn\u00fdm podnikom s tis\u00edckami zamestnancov a so stovkami obchodn\u00fdch a servisn\u00fdch pobo\u010diek.<\/p>\n<p style=\"text-align:justify\">Portf\u00f3lio v\u00fdrobkov HYDAC Electronic predstavuj\u00fa najm\u00e4 komponenty do hydraulick\u00fdch syst\u00e9mov, ktor\u00e9 sa \u010falej vyu\u017e\u00edvaj\u00fa v po\u013enohospod\u00e1rstve, stavebn\u00edctve i v automobilovom priemysle. Na\u0161e v\u00fdrobky expedujeme do cel\u00e9ho sveta. M\u00f4\u017eeme sa pochv\u00e1li\u0165 vysokou \u00farov\u0148ou automatiz\u00e1cie a robotiz\u00e1cie procesov. Z poh\u013eadu finan\u010dn\u00e9ho zdravia sa pravidelne umiest\u0148ujeme na popredn\u00fdch miestach v rebr\u00ed\u010dku TOP 10 firiem \u017dilinsk\u00e9ho kraja.<\/p>\n<p>\u00a0<\/p>\n","protected":false},"excerpt":{"rendered":"<p>HYDAC Electronic Spolo\u010dnos\u0165 HYDAC Electronic p\u00f4sob\u00ed na Orave od roku 2001. Sme s\u00fa\u010das\u0165ou medzin\u00e1rodne p\u00f4sobiacej skupiny HYDAC zalo\u017eenej v Nemecku v roku 1963, ktor\u00e1 je dnes medzin\u00e1rodn\u00fdm podnikom s tis\u00edckami zamestnancov a so stovkami obchodn\u00fdch a servisn\u00fdch pobo\u010diek. Portf\u00f3lio v\u00fdrobkov HYDAC Electronic predstavuj\u00fa najm\u00e4 komponenty do hydraulick\u00fdch syst\u00e9mov, ktor\u00e9 sa \u010falej vyu\u017e\u00edvaj\u00fa v po\u013enohospod\u00e1rstve, stavebn\u00edctve &hellip; <a href=\"https:\/\/www.upjs.sk\/pracoviska\/unipoc\/career-club-upjs\/hydac-electronic\/\">\u010c\u00edta\u0165 \u010falej<\/a><\/p>\n","protected":false},"author":1,"featured_media":0,"parent":13575,"menu_order":7,"comment_status":"closed","ping_status":"closed","template":"","meta":{"_acf_changed":false,"_editorskit_title_hidden":false,"_editorskit_reading_time":0,"_editorskit_is_block_options_detached":false,"_editorskit_block_options_position":"{}","footnotes":""},"categories":[],"tags":[],"class_list":["post-13624","page","type-page","status-publish","hentry"],"acf":{"acf_link_na_externy_obsah":""},"yoast_head":"<!-- This site is optimized with the Yoast SEO plugin v27.4 - https:\/\/yoast.com\/product\/yoast-seo-wordpress\/ -->\n<title>HYDAC Electronic - Univerzitn\u00e9 poradensk\u00e9 centrum (UNIPOC) | UPJ\u0160<\/title>\n<meta name=\"robots\" content=\"index, follow, max-snippet:-1, max-image-preview:large, max-video-preview:-1\" \/>\n<link rel=\"canonical\" href=\"https:\/\/www.upjs.sk\/pracoviska\/unipoc\/career-club-upjs\/hydac-electronic\/\" \/>\n<meta property=\"og:locale\" content=\"sk_SK\" \/>\n<meta property=\"og:type\" content=\"article\" \/>\n<meta property=\"og:title\" content=\"HYDAC Electronic - Univerzitn\u00e9 poradensk\u00e9 centrum (UNIPOC) | UPJ\u0160\" \/>\n<meta property=\"og:description\" content=\"HYDAC Electronic Spolo\u010dnos\u0165 HYDAC Electronic p\u00f4sob\u00ed na Orave od roku 2001. Sme s\u00fa\u010das\u0165ou medzin\u00e1rodne p\u00f4sobiacej skupiny HYDAC zalo\u017eenej v Nemecku v roku 1963, ktor\u00e1 je dnes medzin\u00e1rodn\u00fdm podnikom s tis\u00edckami zamestnancov a so stovkami obchodn\u00fdch a servisn\u00fdch pobo\u010diek. Portf\u00f3lio v\u00fdrobkov HYDAC Electronic predstavuj\u00fa najm\u00e4 komponenty do hydraulick\u00fdch syst\u00e9mov, ktor\u00e9 sa \u010falej vyu\u017e\u00edvaj\u00fa v po\u013enohospod\u00e1rstve, stavebn\u00edctve &hellip; \u010c\u00edta\u0165 \u010falej\" \/>\n<meta property=\"og:url\" content=\"https:\/\/www.upjs.sk\/pracoviska\/unipoc\/career-club-upjs\/hydac-electronic\/\" \/>\n<meta property=\"og:site_name\" content=\"Univerzitn\u00e9 poradensk\u00e9 centrum (UNIPOC) | UPJ\u0160\" \/>\n<meta property=\"article:modified_time\" content=\"2022-11-13T21:48:02+00:00\" \/>\n<meta property=\"og:image\" content=\"http:\/\/www.upjs.sk\/\/app\/uploads\/sites\/20\/2022\/10\/hydac-logo.jpg\" \/>\n<meta name=\"twitter:card\" content=\"summary_large_image\" \/>\n<meta name=\"twitter:label1\" content=\"Predpokladan\u00fd \u010das \u010d\u00edtania\" \/>\n\t<meta name=\"twitter:data1\" content=\"1 min\u00fata\" \/>\n<script type=\"application\/ld+json\" class=\"yoast-schema-graph\">{\"@context\":\"https:\\\/\\\/schema.org\",\"@graph\":[{\"@type\":\"WebPage\",\"@id\":\"https:\\\/\\\/www.upjs.sk\\\/pracoviska\\\/unipoc\\\/career-club-upjs\\\/hydac-electronic\\\/\",\"url\":\"https:\\\/\\\/www.upjs.sk\\\/pracoviska\\\/unipoc\\\/career-club-upjs\\\/hydac-electronic\\\/\",\"name\":\"HYDAC Electronic - Univerzitn\u00e9 poradensk\u00e9 centrum (UNIPOC) | UPJ\u0160\",\"isPartOf\":{\"@id\":\"https:\\\/\\\/www.upjs.sk\\\/pracoviska\\\/unipoc\\\/#website\"},\"primaryImageOfPage\":{\"@id\":\"https:\\\/\\\/www.upjs.sk\\\/pracoviska\\\/unipoc\\\/career-club-upjs\\\/hydac-electronic\\\/#primaryimage\"},\"image\":{\"@id\":\"https:\\\/\\\/www.upjs.sk\\\/pracoviska\\\/unipoc\\\/career-club-upjs\\\/hydac-electronic\\\/#primaryimage\"},\"thumbnailUrl\":\"http:\\\/\\\/www.upjs.sk\\\/\\\/app\\\/uploads\\\/sites\\\/20\\\/2022\\\/10\\\/hydac-logo.jpg\",\"datePublished\":\"2022-07-11T08:51:19+00:00\",\"dateModified\":\"2022-11-13T21:48:02+00:00\",\"breadcrumb\":{\"@id\":\"https:\\\/\\\/www.upjs.sk\\\/pracoviska\\\/unipoc\\\/career-club-upjs\\\/hydac-electronic\\\/#breadcrumb\"},\"inLanguage\":\"sk-SK\",\"potentialAction\":[{\"@type\":\"ReadAction\",\"target\":[\"https:\\\/\\\/www.upjs.sk\\\/pracoviska\\\/unipoc\\\/career-club-upjs\\\/hydac-electronic\\\/\"]}]},{\"@type\":\"ImageObject\",\"inLanguage\":\"sk-SK\",\"@id\":\"https:\\\/\\\/www.upjs.sk\\\/pracoviska\\\/unipoc\\\/career-club-upjs\\\/hydac-electronic\\\/#primaryimage\",\"url\":\"http:\\\/\\\/www.upjs.sk\\\/\\\/app\\\/uploads\\\/sites\\\/20\\\/2022\\\/10\\\/hydac-logo.jpg\",\"contentUrl\":\"http:\\\/\\\/www.upjs.sk\\\/\\\/app\\\/uploads\\\/sites\\\/20\\\/2022\\\/10\\\/hydac-logo.jpg\"},{\"@type\":\"BreadcrumbList\",\"@id\":\"https:\\\/\\\/www.upjs.sk\\\/pracoviska\\\/unipoc\\\/career-club-upjs\\\/hydac-electronic\\\/#breadcrumb\",\"itemListElement\":[{\"@type\":\"ListItem\",\"position\":1,\"name\":\"Home\",\"item\":\"https:\\\/\\\/www.upjs.sk\\\/pracoviska\\\/unipoc\\\/\"},{\"@type\":\"ListItem\",\"position\":2,\"name\":\"CAREER CLUB UPJ\u0160\",\"item\":\"https:\\\/\\\/www.upjs.sk\\\/pracoviska\\\/unipoc\\\/career-club-upjs\\\/\"},{\"@type\":\"ListItem\",\"position\":3,\"name\":\"HYDAC Electronic\"}]},{\"@type\":\"WebSite\",\"@id\":\"https:\\\/\\\/www.upjs.sk\\\/pracoviska\\\/unipoc\\\/#website\",\"url\":\"https:\\\/\\\/www.upjs.sk\\\/pracoviska\\\/unipoc\\\/\",\"name\":\"Univerzitn\u00e9 poradensk\u00e9 centrum (UNIPOC) | UPJ\u0160\",\"description\":\"\",\"publisher\":{\"@id\":\"https:\\\/\\\/www.upjs.sk\\\/pracoviska\\\/unipoc\\\/#organization\"},\"potentialAction\":[{\"@type\":\"SearchAction\",\"target\":{\"@type\":\"EntryPoint\",\"urlTemplate\":\"https:\\\/\\\/www.upjs.sk\\\/pracoviska\\\/unipoc\\\/?s={search_term_string}\"},\"query-input\":{\"@type\":\"PropertyValueSpecification\",\"valueRequired\":true,\"valueName\":\"search_term_string\"}}],\"inLanguage\":\"sk-SK\"},{\"@type\":\"Organization\",\"@id\":\"https:\\\/\\\/www.upjs.sk\\\/pracoviska\\\/unipoc\\\/#organization\",\"name\":\"Univerzitn\u00e9 poradensk\u00e9 centrum (UNIPOC) | UPJ\u0160\",\"url\":\"https:\\\/\\\/www.upjs.sk\\\/pracoviska\\\/unipoc\\\/\",\"logo\":{\"@type\":\"ImageObject\",\"inLanguage\":\"sk-SK\",\"@id\":\"https:\\\/\\\/www.upjs.sk\\\/pracoviska\\\/unipoc\\\/#\\\/schema\\\/logo\\\/image\\\/\",\"url\":\"https:\\\/\\\/www.upjs.sk\\\/app\\\/uploads\\\/sites\\\/20\\\/2023\\\/01\\\/UNIPOC.svg\",\"contentUrl\":\"https:\\\/\\\/www.upjs.sk\\\/app\\\/uploads\\\/sites\\\/20\\\/2023\\\/01\\\/UNIPOC.svg\",\"width\":500,\"height\":138,\"caption\":\"Univerzitn\u00e9 poradensk\u00e9 centrum (UNIPOC) | UPJ\u0160\"},\"image\":{\"@id\":\"https:\\\/\\\/www.upjs.sk\\\/pracoviska\\\/unipoc\\\/#\\\/schema\\\/logo\\\/image\\\/\"}}]}<\/script>\n<!-- \/ Yoast SEO plugin. -->","yoast_head_json":{"title":"HYDAC Electronic - Univerzitn\u00e9 poradensk\u00e9 centrum (UNIPOC) | UPJ\u0160","robots":{"index":"index","follow":"follow","max-snippet":"max-snippet:-1","max-image-preview":"max-image-preview:large","max-video-preview":"max-video-preview:-1"},"canonical":"https:\/\/www.upjs.sk\/pracoviska\/unipoc\/career-club-upjs\/hydac-electronic\/","og_locale":"sk_SK","og_type":"article","og_title":"HYDAC Electronic - Univerzitn\u00e9 poradensk\u00e9 centrum (UNIPOC) | UPJ\u0160","og_description":"HYDAC Electronic Spolo\u010dnos\u0165 HYDAC Electronic p\u00f4sob\u00ed na Orave od roku 2001. Sme s\u00fa\u010das\u0165ou medzin\u00e1rodne p\u00f4sobiacej skupiny HYDAC zalo\u017eenej v Nemecku v roku 1963, ktor\u00e1 je dnes medzin\u00e1rodn\u00fdm podnikom s tis\u00edckami zamestnancov a so stovkami obchodn\u00fdch a servisn\u00fdch pobo\u010diek. Portf\u00f3lio v\u00fdrobkov HYDAC Electronic predstavuj\u00fa najm\u00e4 komponenty do hydraulick\u00fdch syst\u00e9mov, ktor\u00e9 sa \u010falej vyu\u017e\u00edvaj\u00fa v po\u013enohospod\u00e1rstve, stavebn\u00edctve &hellip; \u010c\u00edta\u0165 \u010falej","og_url":"https:\/\/www.upjs.sk\/pracoviska\/unipoc\/career-club-upjs\/hydac-electronic\/","og_site_name":"Univerzitn\u00e9 poradensk\u00e9 centrum (UNIPOC) | UPJ\u0160","article_modified_time":"2022-11-13T21:48:02+00:00","og_image":[{"url":"http:\/\/www.upjs.sk\/\/app\/uploads\/sites\/20\/2022\/10\/hydac-logo.jpg","type":"","width":"","height":""}],"twitter_card":"summary_large_image","twitter_misc":{"Predpokladan\u00fd \u010das \u010d\u00edtania":"1 min\u00fata"},"schema":{"@context":"https:\/\/schema.org","@graph":[{"@type":"WebPage","@id":"https:\/\/www.upjs.sk\/pracoviska\/unipoc\/career-club-upjs\/hydac-electronic\/","url":"https:\/\/www.upjs.sk\/pracoviska\/unipoc\/career-club-upjs\/hydac-electronic\/","name":"HYDAC Electronic - Univerzitn\u00e9 poradensk\u00e9 centrum (UNIPOC) | UPJ\u0160","isPartOf":{"@id":"https:\/\/www.upjs.sk\/pracoviska\/unipoc\/#website"},"primaryImageOfPage":{"@id":"https:\/\/www.upjs.sk\/pracoviska\/unipoc\/career-club-upjs\/hydac-electronic\/#primaryimage"},"image":{"@id":"https:\/\/www.upjs.sk\/pracoviska\/unipoc\/career-club-upjs\/hydac-electronic\/#primaryimage"},"thumbnailUrl":"http:\/\/www.upjs.sk\/\/app\/uploads\/sites\/20\/2022\/10\/hydac-logo.jpg","datePublished":"2022-07-11T08:51:19+00:00","dateModified":"2022-11-13T21:48:02+00:00","breadcrumb":{"@id":"https:\/\/www.upjs.sk\/pracoviska\/unipoc\/career-club-upjs\/hydac-electronic\/#breadcrumb"},"inLanguage":"sk-SK","potentialAction":[{"@type":"ReadAction","target":["https:\/\/www.upjs.sk\/pracoviska\/unipoc\/career-club-upjs\/hydac-electronic\/"]}]},{"@type":"ImageObject","inLanguage":"sk-SK","@id":"https:\/\/www.upjs.sk\/pracoviska\/unipoc\/career-club-upjs\/hydac-electronic\/#primaryimage","url":"http:\/\/www.upjs.sk\/\/app\/uploads\/sites\/20\/2022\/10\/hydac-logo.jpg","contentUrl":"http:\/\/www.upjs.sk\/\/app\/uploads\/sites\/20\/2022\/10\/hydac-logo.jpg"},{"@type":"BreadcrumbList","@id":"https:\/\/www.upjs.sk\/pracoviska\/unipoc\/career-club-upjs\/hydac-electronic\/#breadcrumb","itemListElement":[{"@type":"ListItem","position":1,"name":"Home","item":"https:\/\/www.upjs.sk\/pracoviska\/unipoc\/"},{"@type":"ListItem","position":2,"name":"CAREER CLUB UPJ\u0160","item":"https:\/\/www.upjs.sk\/pracoviska\/unipoc\/career-club-upjs\/"},{"@type":"ListItem","position":3,"name":"HYDAC Electronic"}]},{"@type":"WebSite","@id":"https:\/\/www.upjs.sk\/pracoviska\/unipoc\/#website","url":"https:\/\/www.upjs.sk\/pracoviska\/unipoc\/","name":"Univerzitn\u00e9 poradensk\u00e9 centrum (UNIPOC) | UPJ\u0160","description":"","publisher":{"@id":"https:\/\/www.upjs.sk\/pracoviska\/unipoc\/#organization"},"potentialAction":[{"@type":"SearchAction","target":{"@type":"EntryPoint","urlTemplate":"https:\/\/www.upjs.sk\/pracoviska\/unipoc\/?s={search_term_string}"},"query-input":{"@type":"PropertyValueSpecification","valueRequired":true,"valueName":"search_term_string"}}],"inLanguage":"sk-SK"},{"@type":"Organization","@id":"https:\/\/www.upjs.sk\/pracoviska\/unipoc\/#organization","name":"Univerzitn\u00e9 poradensk\u00e9 centrum (UNIPOC) | UPJ\u0160","url":"https:\/\/www.upjs.sk\/pracoviska\/unipoc\/","logo":{"@type":"ImageObject","inLanguage":"sk-SK","@id":"https:\/\/www.upjs.sk\/pracoviska\/unipoc\/#\/schema\/logo\/image\/","url":"https:\/\/www.upjs.sk\/app\/uploads\/sites\/20\/2023\/01\/UNIPOC.svg","contentUrl":"https:\/\/www.upjs.sk\/app\/uploads\/sites\/20\/2023\/01\/UNIPOC.svg","width":500,"height":138,"caption":"Univerzitn\u00e9 poradensk\u00e9 centrum (UNIPOC) | UPJ\u0160"},"image":{"@id":"https:\/\/www.upjs.sk\/pracoviska\/unipoc\/#\/schema\/logo\/image\/"}}]}},"_links":{"self":[{"href":"https:\/\/www.upjs.sk\/pracoviska\/unipoc\/wp-json\/wp\/v2\/pages\/13624","targetHints":{"allow":["GET"]}}],"collection":[{"href":"https:\/\/www.upjs.sk\/pracoviska\/unipoc\/wp-json\/wp\/v2\/pages"}],"about":[{"href":"https:\/\/www.upjs.sk\/pracoviska\/unipoc\/wp-json\/wp\/v2\/types\/page"}],"author":[{"embeddable":true,"href":"https:\/\/www.upjs.sk\/pracoviska\/unipoc\/wp-json\/wp\/v2\/users\/1"}],"replies":[{"embeddable":true,"href":"https:\/\/www.upjs.sk\/pracoviska\/unipoc\/wp-json\/wp\/v2\/comments?post=13624"}],"version-history":[{"count":1,"href":"https:\/\/www.upjs.sk\/pracoviska\/unipoc\/wp-json\/wp\/v2\/pages\/13624\/revisions"}],"predecessor-version":[{"id":13625,"href":"https:\/\/www.upjs.sk\/pracoviska\/unipoc\/wp-json\/wp\/v2\/pages\/13624\/revisions\/13625"}],"up":[{"embeddable":true,"href":"https:\/\/www.upjs.sk\/pracoviska\/unipoc\/wp-json\/wp\/v2\/pages\/13575"}],"wp:attachment":[{"href":"https:\/\/www.upjs.sk\/pracoviska\/unipoc\/wp-json\/wp\/v2\/media?parent=13624"}],"wp:term":[{"taxonomy":"category","embeddable":true,"href":"https:\/\/www.upjs.sk\/pracoviska\/unipoc\/wp-json\/wp\/v2\/categories?post=13624"},{"taxonomy":"post_tag","embeddable":true,"href":"https:\/\/www.upjs.sk\/pracoviska\/unipoc\/wp-json\/wp\/v2\/tags?post=13624"}],"curies":[{"name":"wp","href":"https:\/\/api.w.org\/{rel}","templated":true}]}}