{"id":13630,"date":"2022-07-11T08:51:19","date_gmt":"2022-07-11T08:51:19","guid":{"rendered":"https:\/\/www.upjs.sk\/pracoviska\/unipoc\/root\/career-club-upjs\/visma\/"},"modified":"2022-11-13T21:48:03","modified_gmt":"2022-11-13T21:48:03","slug":"visma","status":"publish","type":"page","link":"https:\/\/www.upjs.sk\/pracoviska\/unipoc\/career-club-upjs\/visma\/","title":{"rendered":"Visma Labs"},"content":{"rendered":"<p><a href=\"https:\/\/www.visma.sk\/\" target=\"_blank\" rel=\"noopener\"><img decoding=\"async\" alt=\"\" src=\"http:\/\/www.upjs.sk\/\/app\/uploads\/sites\/20\/2022\/10\/visma-logo.jpg\" style=\"height:58px; width:200px\" \/><\/a><\/p>\n<p><strong>Visma Labs<\/strong><\/p>\n<p style=\"text-align:justify\">Visma je p\u00f4vodom n\u00f3rska spolo\u010dnos\u0165 zaoberaj\u00faca sa v\u00fdvojom softv\u00e9ru a svojich vlastn\u00fdch produktov, ktor\u00e9 zjednodu\u0161uj\u00fa a automatizuj\u00fa procesy v oblastiach verejn\u00e9ho \u017eivota. Visma Labs v Ko\u0161iciach p\u00ed\u0161e svoj pr\u00edbeh od novembra 2018. V portf\u00f3liu Visma Labs v Ko\u0161iciach je v\u00fdvoj softv\u00e9ru, cloudov\u00fdch rie\u0161en\u00ed, automatiz\u00e1cie pre oblasti \u00fa\u010dtovn\u00edctva, finan\u010dn\u00e9ho riadenia, \u013eudsk\u00fdch zdrojov, \u0161kolstva a soci\u00e1lnej starostlivosti.<\/p>\n","protected":false},"excerpt":{"rendered":"<p>Visma Labs Visma je p\u00f4vodom n\u00f3rska spolo\u010dnos\u0165 zaoberaj\u00faca sa v\u00fdvojom softv\u00e9ru a svojich vlastn\u00fdch produktov, ktor\u00e9 zjednodu\u0161uj\u00fa a automatizuj\u00fa procesy v oblastiach verejn\u00e9ho \u017eivota. Visma Labs v Ko\u0161iciach p\u00ed\u0161e svoj pr\u00edbeh od novembra 2018. V portf\u00f3liu Visma Labs v Ko\u0161iciach je v\u00fdvoj softv\u00e9ru, cloudov\u00fdch rie\u0161en\u00ed, automatiz\u00e1cie pre oblasti \u00fa\u010dtovn\u00edctva, finan\u010dn\u00e9ho riadenia, \u013eudsk\u00fdch zdrojov, \u0161kolstva a &hellip; <a href=\"https:\/\/www.upjs.sk\/pracoviska\/unipoc\/career-club-upjs\/visma\/\">\u010c\u00edta\u0165 \u010falej<\/a><\/p>\n","protected":false},"author":1,"featured_media":0,"parent":13575,"menu_order":10,"comment_status":"closed","ping_status":"closed","template":"","meta":{"_acf_changed":false,"_editorskit_title_hidden":false,"_editorskit_reading_time":0,"_editorskit_is_block_options_detached":false,"_editorskit_block_options_position":"{}","footnotes":""},"categories":[],"tags":[],"class_list":["post-13630","page","type-page","status-publish","hentry"],"acf":{"acf_link_na_externy_obsah":""},"yoast_head":"<!-- This site is optimized with the Yoast SEO plugin v27.4 - https:\/\/yoast.com\/product\/yoast-seo-wordpress\/ -->\n<title>Visma Labs - Univerzitn\u00e9 poradensk\u00e9 centrum (UNIPOC) | UPJ\u0160<\/title>\n<meta name=\"robots\" content=\"index, follow, max-snippet:-1, max-image-preview:large, max-video-preview:-1\" \/>\n<link rel=\"canonical\" href=\"https:\/\/www.upjs.sk\/pracoviska\/unipoc\/career-club-upjs\/visma\/\" \/>\n<meta property=\"og:locale\" content=\"sk_SK\" \/>\n<meta property=\"og:type\" content=\"article\" \/>\n<meta property=\"og:title\" content=\"Visma Labs - Univerzitn\u00e9 poradensk\u00e9 centrum (UNIPOC) | UPJ\u0160\" \/>\n<meta property=\"og:description\" content=\"Visma Labs Visma je p\u00f4vodom n\u00f3rska spolo\u010dnos\u0165 zaoberaj\u00faca sa v\u00fdvojom softv\u00e9ru a svojich vlastn\u00fdch produktov, ktor\u00e9 zjednodu\u0161uj\u00fa a automatizuj\u00fa procesy v oblastiach verejn\u00e9ho \u017eivota. Visma Labs v Ko\u0161iciach p\u00ed\u0161e svoj pr\u00edbeh od novembra 2018. V portf\u00f3liu Visma Labs v Ko\u0161iciach je v\u00fdvoj softv\u00e9ru, cloudov\u00fdch rie\u0161en\u00ed, automatiz\u00e1cie pre oblasti \u00fa\u010dtovn\u00edctva, finan\u010dn\u00e9ho riadenia, \u013eudsk\u00fdch zdrojov, \u0161kolstva a &hellip; \u010c\u00edta\u0165 \u010falej\" \/>\n<meta property=\"og:url\" content=\"https:\/\/www.upjs.sk\/pracoviska\/unipoc\/career-club-upjs\/visma\/\" \/>\n<meta property=\"og:site_name\" content=\"Univerzitn\u00e9 poradensk\u00e9 centrum (UNIPOC) | UPJ\u0160\" \/>\n<meta property=\"article:modified_time\" content=\"2022-11-13T21:48:03+00:00\" \/>\n<meta property=\"og:image\" content=\"http:\/\/www.upjs.sk\/\/app\/uploads\/sites\/20\/2022\/10\/visma-logo.jpg\" \/>\n<meta name=\"twitter:card\" content=\"summary_large_image\" \/>\n<script type=\"application\/ld+json\" class=\"yoast-schema-graph\">{\"@context\":\"https:\\\/\\\/schema.org\",\"@graph\":[{\"@type\":\"WebPage\",\"@id\":\"https:\\\/\\\/www.upjs.sk\\\/pracoviska\\\/unipoc\\\/career-club-upjs\\\/visma\\\/\",\"url\":\"https:\\\/\\\/www.upjs.sk\\\/pracoviska\\\/unipoc\\\/career-club-upjs\\\/visma\\\/\",\"name\":\"Visma Labs - Univerzitn\u00e9 poradensk\u00e9 centrum (UNIPOC) | UPJ\u0160\",\"isPartOf\":{\"@id\":\"https:\\\/\\\/www.upjs.sk\\\/pracoviska\\\/unipoc\\\/#website\"},\"primaryImageOfPage\":{\"@id\":\"https:\\\/\\\/www.upjs.sk\\\/pracoviska\\\/unipoc\\\/career-club-upjs\\\/visma\\\/#primaryimage\"},\"image\":{\"@id\":\"https:\\\/\\\/www.upjs.sk\\\/pracoviska\\\/unipoc\\\/career-club-upjs\\\/visma\\\/#primaryimage\"},\"thumbnailUrl\":\"http:\\\/\\\/www.upjs.sk\\\/\\\/app\\\/uploads\\\/sites\\\/20\\\/2022\\\/10\\\/visma-logo.jpg\",\"datePublished\":\"2022-07-11T08:51:19+00:00\",\"dateModified\":\"2022-11-13T21:48:03+00:00\",\"breadcrumb\":{\"@id\":\"https:\\\/\\\/www.upjs.sk\\\/pracoviska\\\/unipoc\\\/career-club-upjs\\\/visma\\\/#breadcrumb\"},\"inLanguage\":\"sk-SK\",\"potentialAction\":[{\"@type\":\"ReadAction\",\"target\":[\"https:\\\/\\\/www.upjs.sk\\\/pracoviska\\\/unipoc\\\/career-club-upjs\\\/visma\\\/\"]}]},{\"@type\":\"ImageObject\",\"inLanguage\":\"sk-SK\",\"@id\":\"https:\\\/\\\/www.upjs.sk\\\/pracoviska\\\/unipoc\\\/career-club-upjs\\\/visma\\\/#primaryimage\",\"url\":\"http:\\\/\\\/www.upjs.sk\\\/\\\/app\\\/uploads\\\/sites\\\/20\\\/2022\\\/10\\\/visma-logo.jpg\",\"contentUrl\":\"http:\\\/\\\/www.upjs.sk\\\/\\\/app\\\/uploads\\\/sites\\\/20\\\/2022\\\/10\\\/visma-logo.jpg\"},{\"@type\":\"BreadcrumbList\",\"@id\":\"https:\\\/\\\/www.upjs.sk\\\/pracoviska\\\/unipoc\\\/career-club-upjs\\\/visma\\\/#breadcrumb\",\"itemListElement\":[{\"@type\":\"ListItem\",\"position\":1,\"name\":\"Home\",\"item\":\"https:\\\/\\\/www.upjs.sk\\\/pracoviska\\\/unipoc\\\/\"},{\"@type\":\"ListItem\",\"position\":2,\"name\":\"CAREER CLUB UPJ\u0160\",\"item\":\"https:\\\/\\\/www.upjs.sk\\\/pracoviska\\\/unipoc\\\/career-club-upjs\\\/\"},{\"@type\":\"ListItem\",\"position\":3,\"name\":\"Visma Labs\"}]},{\"@type\":\"WebSite\",\"@id\":\"https:\\\/\\\/www.upjs.sk\\\/pracoviska\\\/unipoc\\\/#website\",\"url\":\"https:\\\/\\\/www.upjs.sk\\\/pracoviska\\\/unipoc\\\/\",\"name\":\"Univerzitn\u00e9 poradensk\u00e9 centrum (UNIPOC) | UPJ\u0160\",\"description\":\"\",\"publisher\":{\"@id\":\"https:\\\/\\\/www.upjs.sk\\\/pracoviska\\\/unipoc\\\/#organization\"},\"potentialAction\":[{\"@type\":\"SearchAction\",\"target\":{\"@type\":\"EntryPoint\",\"urlTemplate\":\"https:\\\/\\\/www.upjs.sk\\\/pracoviska\\\/unipoc\\\/?s={search_term_string}\"},\"query-input\":{\"@type\":\"PropertyValueSpecification\",\"valueRequired\":true,\"valueName\":\"search_term_string\"}}],\"inLanguage\":\"sk-SK\"},{\"@type\":\"Organization\",\"@id\":\"https:\\\/\\\/www.upjs.sk\\\/pracoviska\\\/unipoc\\\/#organization\",\"name\":\"Univerzitn\u00e9 poradensk\u00e9 centrum (UNIPOC) | UPJ\u0160\",\"url\":\"https:\\\/\\\/www.upjs.sk\\\/pracoviska\\\/unipoc\\\/\",\"logo\":{\"@type\":\"ImageObject\",\"inLanguage\":\"sk-SK\",\"@id\":\"https:\\\/\\\/www.upjs.sk\\\/pracoviska\\\/unipoc\\\/#\\\/schema\\\/logo\\\/image\\\/\",\"url\":\"https:\\\/\\\/www.upjs.sk\\\/app\\\/uploads\\\/sites\\\/20\\\/2023\\\/01\\\/UNIPOC.svg\",\"contentUrl\":\"https:\\\/\\\/www.upjs.sk\\\/app\\\/uploads\\\/sites\\\/20\\\/2023\\\/01\\\/UNIPOC.svg\",\"width\":500,\"height\":138,\"caption\":\"Univerzitn\u00e9 poradensk\u00e9 centrum (UNIPOC) | UPJ\u0160\"},\"image\":{\"@id\":\"https:\\\/\\\/www.upjs.sk\\\/pracoviska\\\/unipoc\\\/#\\\/schema\\\/logo\\\/image\\\/\"}}]}<\/script>\n<!-- \/ Yoast SEO plugin. -->","yoast_head_json":{"title":"Visma Labs - Univerzitn\u00e9 poradensk\u00e9 centrum (UNIPOC) | UPJ\u0160","robots":{"index":"index","follow":"follow","max-snippet":"max-snippet:-1","max-image-preview":"max-image-preview:large","max-video-preview":"max-video-preview:-1"},"canonical":"https:\/\/www.upjs.sk\/pracoviska\/unipoc\/career-club-upjs\/visma\/","og_locale":"sk_SK","og_type":"article","og_title":"Visma Labs - Univerzitn\u00e9 poradensk\u00e9 centrum (UNIPOC) | UPJ\u0160","og_description":"Visma Labs Visma je p\u00f4vodom n\u00f3rska spolo\u010dnos\u0165 zaoberaj\u00faca sa v\u00fdvojom softv\u00e9ru a svojich vlastn\u00fdch produktov, ktor\u00e9 zjednodu\u0161uj\u00fa a automatizuj\u00fa procesy v oblastiach verejn\u00e9ho \u017eivota. Visma Labs v Ko\u0161iciach p\u00ed\u0161e svoj pr\u00edbeh od novembra 2018. V portf\u00f3liu Visma Labs v Ko\u0161iciach je v\u00fdvoj softv\u00e9ru, cloudov\u00fdch rie\u0161en\u00ed, automatiz\u00e1cie pre oblasti \u00fa\u010dtovn\u00edctva, finan\u010dn\u00e9ho riadenia, \u013eudsk\u00fdch zdrojov, \u0161kolstva a &hellip; \u010c\u00edta\u0165 \u010falej","og_url":"https:\/\/www.upjs.sk\/pracoviska\/unipoc\/career-club-upjs\/visma\/","og_site_name":"Univerzitn\u00e9 poradensk\u00e9 centrum (UNIPOC) | UPJ\u0160","article_modified_time":"2022-11-13T21:48:03+00:00","og_image":[{"url":"http:\/\/www.upjs.sk\/\/app\/uploads\/sites\/20\/2022\/10\/visma-logo.jpg","type":"","width":"","height":""}],"twitter_card":"summary_large_image","schema":{"@context":"https:\/\/schema.org","@graph":[{"@type":"WebPage","@id":"https:\/\/www.upjs.sk\/pracoviska\/unipoc\/career-club-upjs\/visma\/","url":"https:\/\/www.upjs.sk\/pracoviska\/unipoc\/career-club-upjs\/visma\/","name":"Visma Labs - Univerzitn\u00e9 poradensk\u00e9 centrum (UNIPOC) | UPJ\u0160","isPartOf":{"@id":"https:\/\/www.upjs.sk\/pracoviska\/unipoc\/#website"},"primaryImageOfPage":{"@id":"https:\/\/www.upjs.sk\/pracoviska\/unipoc\/career-club-upjs\/visma\/#primaryimage"},"image":{"@id":"https:\/\/www.upjs.sk\/pracoviska\/unipoc\/career-club-upjs\/visma\/#primaryimage"},"thumbnailUrl":"http:\/\/www.upjs.sk\/\/app\/uploads\/sites\/20\/2022\/10\/visma-logo.jpg","datePublished":"2022-07-11T08:51:19+00:00","dateModified":"2022-11-13T21:48:03+00:00","breadcrumb":{"@id":"https:\/\/www.upjs.sk\/pracoviska\/unipoc\/career-club-upjs\/visma\/#breadcrumb"},"inLanguage":"sk-SK","potentialAction":[{"@type":"ReadAction","target":["https:\/\/www.upjs.sk\/pracoviska\/unipoc\/career-club-upjs\/visma\/"]}]},{"@type":"ImageObject","inLanguage":"sk-SK","@id":"https:\/\/www.upjs.sk\/pracoviska\/unipoc\/career-club-upjs\/visma\/#primaryimage","url":"http:\/\/www.upjs.sk\/\/app\/uploads\/sites\/20\/2022\/10\/visma-logo.jpg","contentUrl":"http:\/\/www.upjs.sk\/\/app\/uploads\/sites\/20\/2022\/10\/visma-logo.jpg"},{"@type":"BreadcrumbList","@id":"https:\/\/www.upjs.sk\/pracoviska\/unipoc\/career-club-upjs\/visma\/#breadcrumb","itemListElement":[{"@type":"ListItem","position":1,"name":"Home","item":"https:\/\/www.upjs.sk\/pracoviska\/unipoc\/"},{"@type":"ListItem","position":2,"name":"CAREER CLUB UPJ\u0160","item":"https:\/\/www.upjs.sk\/pracoviska\/unipoc\/career-club-upjs\/"},{"@type":"ListItem","position":3,"name":"Visma Labs"}]},{"@type":"WebSite","@id":"https:\/\/www.upjs.sk\/pracoviska\/unipoc\/#website","url":"https:\/\/www.upjs.sk\/pracoviska\/unipoc\/","name":"Univerzitn\u00e9 poradensk\u00e9 centrum (UNIPOC) | UPJ\u0160","description":"","publisher":{"@id":"https:\/\/www.upjs.sk\/pracoviska\/unipoc\/#organization"},"potentialAction":[{"@type":"SearchAction","target":{"@type":"EntryPoint","urlTemplate":"https:\/\/www.upjs.sk\/pracoviska\/unipoc\/?s={search_term_string}"},"query-input":{"@type":"PropertyValueSpecification","valueRequired":true,"valueName":"search_term_string"}}],"inLanguage":"sk-SK"},{"@type":"Organization","@id":"https:\/\/www.upjs.sk\/pracoviska\/unipoc\/#organization","name":"Univerzitn\u00e9 poradensk\u00e9 centrum (UNIPOC) | UPJ\u0160","url":"https:\/\/www.upjs.sk\/pracoviska\/unipoc\/","logo":{"@type":"ImageObject","inLanguage":"sk-SK","@id":"https:\/\/www.upjs.sk\/pracoviska\/unipoc\/#\/schema\/logo\/image\/","url":"https:\/\/www.upjs.sk\/app\/uploads\/sites\/20\/2023\/01\/UNIPOC.svg","contentUrl":"https:\/\/www.upjs.sk\/app\/uploads\/sites\/20\/2023\/01\/UNIPOC.svg","width":500,"height":138,"caption":"Univerzitn\u00e9 poradensk\u00e9 centrum (UNIPOC) | UPJ\u0160"},"image":{"@id":"https:\/\/www.upjs.sk\/pracoviska\/unipoc\/#\/schema\/logo\/image\/"}}]}},"_links":{"self":[{"href":"https:\/\/www.upjs.sk\/pracoviska\/unipoc\/wp-json\/wp\/v2\/pages\/13630","targetHints":{"allow":["GET"]}}],"collection":[{"href":"https:\/\/www.upjs.sk\/pracoviska\/unipoc\/wp-json\/wp\/v2\/pages"}],"about":[{"href":"https:\/\/www.upjs.sk\/pracoviska\/unipoc\/wp-json\/wp\/v2\/types\/page"}],"author":[{"embeddable":true,"href":"https:\/\/www.upjs.sk\/pracoviska\/unipoc\/wp-json\/wp\/v2\/users\/1"}],"replies":[{"embeddable":true,"href":"https:\/\/www.upjs.sk\/pracoviska\/unipoc\/wp-json\/wp\/v2\/comments?post=13630"}],"version-history":[{"count":1,"href":"https:\/\/www.upjs.sk\/pracoviska\/unipoc\/wp-json\/wp\/v2\/pages\/13630\/revisions"}],"predecessor-version":[{"id":13631,"href":"https:\/\/www.upjs.sk\/pracoviska\/unipoc\/wp-json\/wp\/v2\/pages\/13630\/revisions\/13631"}],"up":[{"embeddable":true,"href":"https:\/\/www.upjs.sk\/pracoviska\/unipoc\/wp-json\/wp\/v2\/pages\/13575"}],"wp:attachment":[{"href":"https:\/\/www.upjs.sk\/pracoviska\/unipoc\/wp-json\/wp\/v2\/media?parent=13630"}],"wp:term":[{"taxonomy":"category","embeddable":true,"href":"https:\/\/www.upjs.sk\/pracoviska\/unipoc\/wp-json\/wp\/v2\/categories?post=13630"},{"taxonomy":"post_tag","embeddable":true,"href":"https:\/\/www.upjs.sk\/pracoviska\/unipoc\/wp-json\/wp\/v2\/tags?post=13630"}],"curies":[{"name":"wp","href":"https:\/\/api.w.org\/{rel}","templated":true}]}}