{"id":13710,"date":"2024-01-15T08:30:00","date_gmt":"2024-01-15T08:30:00","guid":{"rendered":"https:\/\/www.upjs.sk\/pracoviska\/unipoc\/?page_id=13710"},"modified":"2025-04-04T06:31:49","modified_gmt":"2025-04-04T06:31:49","slug":"den-kariery","status":"publish","type":"page","link":"https:\/\/www.upjs.sk\/pracoviska\/unipoc\/den-kariery\/","title":{"rendered":"De\u0148 kari\u00e9ry"},"content":{"rendered":"\n<figure class=\"wp-block-gallery alignwide has-nested-images columns-1 is-cropped wp-block-gallery-1 is-layout-flex wp-block-gallery-is-layout-flex\">\n<figure class=\"wp-block-image size-full\"><img loading=\"lazy\" decoding=\"async\" width=\"1170\" height=\"440\" data-id=\"23025\" src=\"https:\/\/www.upjs.sk\/app\/uploads\/sites\/20\/2025\/04\/banner-web-sk.jpg\" alt=\"\" class=\"wp-image-23025\" srcset=\"https:\/\/www.upjs.sk\/app\/uploads\/sites\/20\/2025\/04\/banner-web-sk.jpg 1170w, https:\/\/www.upjs.sk\/app\/uploads\/sites\/20\/2025\/04\/banner-web-sk-300x113.jpg 300w, https:\/\/www.upjs.sk\/app\/uploads\/sites\/20\/2025\/04\/banner-web-sk-1024x385.jpg 1024w, https:\/\/www.upjs.sk\/app\/uploads\/sites\/20\/2025\/04\/banner-web-sk-768x289.jpg 768w\" sizes=\"auto, (max-width: 1170px) 100vw, 1170px\" \/><\/figure>\n<\/figure>\n\n\n<nav class=\"subnav-container p-0 mx-auto\">\r\n\r\n  <div class=\"md:rounded-b-lg pb-0 pt-0\">\r\n  <!-- Flickity HTML init -->\r\n  <div class=\"carousel pl-12 hidden md:grid\" data-flickity='{ \"groupCells\": true, \"pageDots\": true, \"contain\": true, \"selectedAttraction\": 0.01, \"friction\": 0.15, \"arrowShape\": \"M91,50c0,2-1.8,3.6-4.1,3.6H23l21.7,18.8c1.6,1.4,1.7,3.6,0.1,5s-4.2,1.5-5.8,0.1c0,0-0.1-0.1-0.1-0.1L10.2,52.5c-1.6-1.4-1.6-3.6,0-5l28.7-24.9c1.6-1.4,4.2-1.5,5.8-0.1s1.7,3.6,0.1,5c0,0-0.1,0.1-0.1,0.1L23,46.4h63.9C89.2,46.4,91,48,91,50z\" }'>\n           <div class=\"carousel-cell min-h-100 w-1\/3 sm:w-1\/3 md:w-1\/4 lg:w-1\/6\">\n  <a href=\"https:\/\/www.upjs.sk\/pracoviska\/unipoc\/den-kariery\/organizator\/\" title=\"Organiz\u00e1tor\" class=\"block align-middle \">\n    <div class=\"subnav-item border border-upjs-grey rounded-lg py-1 md:py-2 px-2 md:px-5 mx-1 md:mx-2 mb-5 flex justify-center items-center\">\n        <h4 class=\"udalost-nadpis my-1 line-clamp-2\">Organiz\u00e1tor<\/h4>\n    <\/div>\n  <\/a>\n<\/div>\n           <div class=\"carousel-cell min-h-100 w-1\/3 sm:w-1\/3 md:w-1\/4 lg:w-1\/6\">\n  <a href=\"https:\/\/www.upjs.sk\/pracoviska\/unipoc\/den-kariery\/o-dni-kariery\/\" title=\"O Dni kari\u00e9ry\" class=\"block align-middle \">\n    <div class=\"subnav-item border border-upjs-grey rounded-lg py-1 md:py-2 px-2 md:px-5 mx-1 md:mx-2 mb-5 flex justify-center items-center\">\n        <h4 class=\"udalost-nadpis my-1 line-clamp-2\">O Dni kari\u00e9ry<\/h4>\n    <\/div>\n  <\/a>\n<\/div>\n           <div class=\"carousel-cell min-h-100 w-1\/3 sm:w-1\/3 md:w-1\/4 lg:w-1\/6\">\n  <a href=\"https:\/\/www.upjs.sk\/pracoviska\/unipoc\/den-kariery\/fotogaleria\/\" title=\"Fotogal\u00e9ria\" class=\"block align-middle \">\n    <div class=\"subnav-item border border-upjs-grey rounded-lg py-1 md:py-2 px-2 md:px-5 mx-1 md:mx-2 mb-5 flex justify-center items-center\">\n        <h4 class=\"udalost-nadpis my-1 line-clamp-2\">Fotogal\u00e9ria<\/h4>\n    <\/div>\n  <\/a>\n<\/div>\n           <div class=\"carousel-cell min-h-100 w-1\/3 sm:w-1\/3 md:w-1\/4 lg:w-1\/6\">\n  <a href=\"https:\/\/www.upjs.sk\/pracoviska\/unipoc\/den-kariery\/program\/\" title=\"Program\" class=\"block align-middle \">\n    <div class=\"subnav-item border border-upjs-grey rounded-lg py-1 md:py-2 px-2 md:px-5 mx-1 md:mx-2 mb-5 flex justify-center items-center\">\n        <h4 class=\"udalost-nadpis my-1 line-clamp-2\">Program<\/h4>\n    <\/div>\n  <\/a>\n<\/div>\n           <div class=\"carousel-cell min-h-100 w-1\/3 sm:w-1\/3 md:w-1\/4 lg:w-1\/6\">\n  <a href=\"https:\/\/www.upjs.sk\/pracoviska\/unipoc\/den-kariery\/zamestnavatelia\/\" title=\"Z\u00fa\u010dastnen\u00ed zamestn\u00e1vatelia\" class=\"block align-middle \">\n    <div class=\"subnav-item border border-upjs-grey rounded-lg py-1 md:py-2 px-2 md:px-5 mx-1 md:mx-2 mb-5 flex justify-center items-center\">\n        <h4 class=\"udalost-nadpis my-1 line-clamp-2\">Z\u00fa\u010dastnen\u00ed zamestn\u00e1vatelia<\/h4>\n    <\/div>\n  <\/a>\n<\/div>\n           <div class=\"carousel-cell min-h-100 w-1\/3 sm:w-1\/3 md:w-1\/4 lg:w-1\/6\">\n  <a href=\"https:\/\/www.upjs.sk\/pracoviska\/unipoc\/den-kariery\/kontakt\/\" title=\"Registr\u00e1cia a kontakt\" class=\"block align-middle \">\n    <div class=\"subnav-item border border-upjs-grey rounded-lg py-1 md:py-2 px-2 md:px-5 mx-1 md:mx-2 mb-5 flex justify-center items-center\">\n        <h4 class=\"udalost-nadpis my-1 line-clamp-2\">Registr\u00e1cia a kontakt<\/h4>\n    <\/div>\n  <\/a>\n<\/div>\n      <\/div>\n\n  \n  <div class=\"carousel udalosti-carousel px-2 md:hidden\" data-flickity='{\"groupCells\": true, \"contain\": true, \"pageDots\": true, \"arrowShape\": \"M91,50c0,2-1.8,3.6-4.1,3.6H23l21.7,18.8c1.6,1.4,1.7,3.6,0.1,5s-4.2,1.5-5.8,0.1c0,0-0.1-0.1-0.1-0.1L10.2,52.5c-1.6-1.4-1.6-3.6,0-5l28.7-24.9c1.6-1.4,4.2-1.5,5.8-0.1s1.7,3.6,0.1,5c0,0-0.1,0.1-0.1,0.1L23,46.4h63.9C89.2,46.4,91,48,91,50z\" }'>\n       <div class=\"carousel-cell min-h-100 w-1\/3 sm:w-1\/3 md:w-1\/4 lg:w-1\/6\">\n  <a href=\"https:\/\/www.upjs.sk\/pracoviska\/unipoc\/den-kariery\/organizator\/\" title=\"Organiz\u00e1tor\" class=\"block align-middle \">\n    <div class=\"subnav-item border border-upjs-grey rounded-lg py-1 md:py-2 px-2 md:px-5 mx-1 md:mx-2 mb-5 flex justify-center items-center\">\n        <h4 class=\"udalost-nadpis my-1 line-clamp-2\">Organiz\u00e1tor<\/h4>\n    <\/div>\n  <\/a>\n<\/div>\n       <div class=\"carousel-cell min-h-100 w-1\/3 sm:w-1\/3 md:w-1\/4 lg:w-1\/6\">\n  <a href=\"https:\/\/www.upjs.sk\/pracoviska\/unipoc\/den-kariery\/o-dni-kariery\/\" title=\"O Dni kari\u00e9ry\" class=\"block align-middle \">\n    <div class=\"subnav-item border border-upjs-grey rounded-lg py-1 md:py-2 px-2 md:px-5 mx-1 md:mx-2 mb-5 flex justify-center items-center\">\n        <h4 class=\"udalost-nadpis my-1 line-clamp-2\">O Dni kari\u00e9ry<\/h4>\n    <\/div>\n  <\/a>\n<\/div>\n       <div class=\"carousel-cell min-h-100 w-1\/3 sm:w-1\/3 md:w-1\/4 lg:w-1\/6\">\n  <a href=\"https:\/\/www.upjs.sk\/pracoviska\/unipoc\/den-kariery\/fotogaleria\/\" title=\"Fotogal\u00e9ria\" class=\"block align-middle \">\n    <div class=\"subnav-item border border-upjs-grey rounded-lg py-1 md:py-2 px-2 md:px-5 mx-1 md:mx-2 mb-5 flex justify-center items-center\">\n        <h4 class=\"udalost-nadpis my-1 line-clamp-2\">Fotogal\u00e9ria<\/h4>\n    <\/div>\n  <\/a>\n<\/div>\n       <div class=\"carousel-cell min-h-100 w-1\/3 sm:w-1\/3 md:w-1\/4 lg:w-1\/6\">\n  <a href=\"https:\/\/www.upjs.sk\/pracoviska\/unipoc\/den-kariery\/program\/\" title=\"Program\" class=\"block align-middle \">\n    <div class=\"subnav-item border border-upjs-grey rounded-lg py-1 md:py-2 px-2 md:px-5 mx-1 md:mx-2 mb-5 flex justify-center items-center\">\n        <h4 class=\"udalost-nadpis my-1 line-clamp-2\">Program<\/h4>\n    <\/div>\n  <\/a>\n<\/div>\n       <div class=\"carousel-cell min-h-100 w-1\/3 sm:w-1\/3 md:w-1\/4 lg:w-1\/6\">\n  <a href=\"https:\/\/www.upjs.sk\/pracoviska\/unipoc\/den-kariery\/zamestnavatelia\/\" title=\"Z\u00fa\u010dastnen\u00ed zamestn\u00e1vatelia\" class=\"block align-middle \">\n    <div class=\"subnav-item border border-upjs-grey rounded-lg py-1 md:py-2 px-2 md:px-5 mx-1 md:mx-2 mb-5 flex justify-center items-center\">\n        <h4 class=\"udalost-nadpis my-1 line-clamp-2\">Z\u00fa\u010dastnen\u00ed zamestn\u00e1vatelia<\/h4>\n    <\/div>\n  <\/a>\n<\/div>\n       <div class=\"carousel-cell min-h-100 w-1\/3 sm:w-1\/3 md:w-1\/4 lg:w-1\/6\">\n  <a href=\"https:\/\/www.upjs.sk\/pracoviska\/unipoc\/den-kariery\/kontakt\/\" title=\"Registr\u00e1cia a kontakt\" class=\"block align-middle \">\n    <div class=\"subnav-item border border-upjs-grey rounded-lg py-1 md:py-2 px-2 md:px-5 mx-1 md:mx-2 mb-5 flex justify-center items-center\">\n        <h4 class=\"udalost-nadpis my-1 line-clamp-2\">Registr\u00e1cia a kontakt<\/h4>\n    <\/div>\n  <\/a>\n<\/div>\n    \n  <\/div>\n\r\n  <\/div>\r\n<\/nav>\r\n\r\n\r\n<style type=\"text\/css\">\r\n  [data- block_7dd01a5e7ca7df072fe5fe4de93d82d7] {\r\n    background:  ;\r\n    color: ;\r\n  }\r\n<\/style>\r\n","protected":false},"excerpt":{"rendered":"","protected":false},"author":1,"featured_media":0,"parent":0,"menu_order":14,"comment_status":"closed","ping_status":"closed","template":"","meta":{"_acf_changed":false,"_editorskit_title_hidden":false,"_editorskit_reading_time":1,"_editorskit_is_block_options_detached":false,"_editorskit_block_options_position":"{}","footnotes":""},"categories":[],"tags":[],"class_list":["post-13710","page","type-page","status-publish","hentry"],"acf":{"acf_link_na_externy_obsah":""},"yoast_head":"<!-- This site is optimized with the Yoast SEO plugin v27.5 - https:\/\/yoast.com\/product\/yoast-seo-wordpress\/ -->\n<title>De\u0148 kari\u00e9ry - Univerzitn\u00e9 poradensk\u00e9 centrum (UNIPOC) | UPJ\u0160<\/title>\n<meta name=\"robots\" content=\"index, follow, max-snippet:-1, max-image-preview:large, max-video-preview:-1\" \/>\n<link rel=\"canonical\" href=\"https:\/\/www.upjs.sk\/pracoviska\/unipoc\/den-kariery\/\" \/>\n<meta property=\"og:locale\" content=\"sk_SK\" \/>\n<meta property=\"og:type\" content=\"article\" \/>\n<meta property=\"og:title\" content=\"De\u0148 kari\u00e9ry - Univerzitn\u00e9 poradensk\u00e9 centrum (UNIPOC) | UPJ\u0160\" \/>\n<meta property=\"og:url\" content=\"https:\/\/www.upjs.sk\/pracoviska\/unipoc\/den-kariery\/\" \/>\n<meta property=\"og:site_name\" content=\"Univerzitn\u00e9 poradensk\u00e9 centrum (UNIPOC) | UPJ\u0160\" \/>\n<meta property=\"article:modified_time\" content=\"2025-04-04T06:31:49+00:00\" \/>\n<meta property=\"og:image\" content=\"https:\/\/www.upjs.sk\/app\/uploads\/sites\/20\/2025\/04\/banner-web-sk.jpg\" \/>\n<meta name=\"twitter:card\" content=\"summary_large_image\" \/>\n<meta name=\"twitter:label1\" content=\"Predpokladan\u00fd \u010das \u010d\u00edtania\" \/>\n\t<meta name=\"twitter:data1\" content=\"1 min\u00fata\" \/>\n<script type=\"application\/ld+json\" class=\"yoast-schema-graph\">{\"@context\":\"https:\\\/\\\/schema.org\",\"@graph\":[{\"@type\":\"WebPage\",\"@id\":\"https:\\\/\\\/www.upjs.sk\\\/pracoviska\\\/unipoc\\\/den-kariery\\\/\",\"url\":\"https:\\\/\\\/www.upjs.sk\\\/pracoviska\\\/unipoc\\\/den-kariery\\\/\",\"name\":\"De\u0148 kari\u00e9ry - Univerzitn\u00e9 poradensk\u00e9 centrum (UNIPOC) | UPJ\u0160\",\"isPartOf\":{\"@id\":\"https:\\\/\\\/www.upjs.sk\\\/pracoviska\\\/unipoc\\\/#website\"},\"primaryImageOfPage\":{\"@id\":\"https:\\\/\\\/www.upjs.sk\\\/pracoviska\\\/unipoc\\\/den-kariery\\\/#primaryimage\"},\"image\":{\"@id\":\"https:\\\/\\\/www.upjs.sk\\\/pracoviska\\\/unipoc\\\/den-kariery\\\/#primaryimage\"},\"thumbnailUrl\":\"https:\\\/\\\/www.upjs.sk\\\/app\\\/uploads\\\/sites\\\/20\\\/2025\\\/04\\\/banner-web-sk.jpg\",\"datePublished\":\"2024-01-15T08:30:00+00:00\",\"dateModified\":\"2025-04-04T06:31:49+00:00\",\"breadcrumb\":{\"@id\":\"https:\\\/\\\/www.upjs.sk\\\/pracoviska\\\/unipoc\\\/den-kariery\\\/#breadcrumb\"},\"inLanguage\":\"sk-SK\",\"potentialAction\":[{\"@type\":\"ReadAction\",\"target\":[\"https:\\\/\\\/www.upjs.sk\\\/pracoviska\\\/unipoc\\\/den-kariery\\\/\"]}]},{\"@type\":\"ImageObject\",\"inLanguage\":\"sk-SK\",\"@id\":\"https:\\\/\\\/www.upjs.sk\\\/pracoviska\\\/unipoc\\\/den-kariery\\\/#primaryimage\",\"url\":\"https:\\\/\\\/www.upjs.sk\\\/app\\\/uploads\\\/sites\\\/20\\\/2025\\\/04\\\/banner-web-sk.jpg\",\"contentUrl\":\"https:\\\/\\\/www.upjs.sk\\\/app\\\/uploads\\\/sites\\\/20\\\/2025\\\/04\\\/banner-web-sk.jpg\"},{\"@type\":\"BreadcrumbList\",\"@id\":\"https:\\\/\\\/www.upjs.sk\\\/pracoviska\\\/unipoc\\\/den-kariery\\\/#breadcrumb\",\"itemListElement\":[{\"@type\":\"ListItem\",\"position\":1,\"name\":\"Home\",\"item\":\"https:\\\/\\\/www.upjs.sk\\\/pracoviska\\\/unipoc\\\/\"},{\"@type\":\"ListItem\",\"position\":2,\"name\":\"De\u0148 kari\u00e9ry\"}]},{\"@type\":\"WebSite\",\"@id\":\"https:\\\/\\\/www.upjs.sk\\\/pracoviska\\\/unipoc\\\/#website\",\"url\":\"https:\\\/\\\/www.upjs.sk\\\/pracoviska\\\/unipoc\\\/\",\"name\":\"Univerzitn\u00e9 poradensk\u00e9 centrum (UNIPOC) | UPJ\u0160\",\"description\":\"\",\"publisher\":{\"@id\":\"https:\\\/\\\/www.upjs.sk\\\/pracoviska\\\/unipoc\\\/#organization\"},\"potentialAction\":[{\"@type\":\"SearchAction\",\"target\":{\"@type\":\"EntryPoint\",\"urlTemplate\":\"https:\\\/\\\/www.upjs.sk\\\/pracoviska\\\/unipoc\\\/?s={search_term_string}\"},\"query-input\":{\"@type\":\"PropertyValueSpecification\",\"valueRequired\":true,\"valueName\":\"search_term_string\"}}],\"inLanguage\":\"sk-SK\"},{\"@type\":\"Organization\",\"@id\":\"https:\\\/\\\/www.upjs.sk\\\/pracoviska\\\/unipoc\\\/#organization\",\"name\":\"Univerzitn\u00e9 poradensk\u00e9 centrum (UNIPOC) | UPJ\u0160\",\"url\":\"https:\\\/\\\/www.upjs.sk\\\/pracoviska\\\/unipoc\\\/\",\"logo\":{\"@type\":\"ImageObject\",\"inLanguage\":\"sk-SK\",\"@id\":\"https:\\\/\\\/www.upjs.sk\\\/pracoviska\\\/unipoc\\\/#\\\/schema\\\/logo\\\/image\\\/\",\"url\":\"https:\\\/\\\/www.upjs.sk\\\/app\\\/uploads\\\/sites\\\/20\\\/2023\\\/01\\\/UNIPOC.svg\",\"contentUrl\":\"https:\\\/\\\/www.upjs.sk\\\/app\\\/uploads\\\/sites\\\/20\\\/2023\\\/01\\\/UNIPOC.svg\",\"width\":500,\"height\":138,\"caption\":\"Univerzitn\u00e9 poradensk\u00e9 centrum (UNIPOC) | UPJ\u0160\"},\"image\":{\"@id\":\"https:\\\/\\\/www.upjs.sk\\\/pracoviska\\\/unipoc\\\/#\\\/schema\\\/logo\\\/image\\\/\"}}]}<\/script>\n<!-- \/ Yoast SEO plugin. -->","yoast_head_json":{"title":"De\u0148 kari\u00e9ry - Univerzitn\u00e9 poradensk\u00e9 centrum (UNIPOC) | UPJ\u0160","robots":{"index":"index","follow":"follow","max-snippet":"max-snippet:-1","max-image-preview":"max-image-preview:large","max-video-preview":"max-video-preview:-1"},"canonical":"https:\/\/www.upjs.sk\/pracoviska\/unipoc\/den-kariery\/","og_locale":"sk_SK","og_type":"article","og_title":"De\u0148 kari\u00e9ry - Univerzitn\u00e9 poradensk\u00e9 centrum (UNIPOC) | UPJ\u0160","og_url":"https:\/\/www.upjs.sk\/pracoviska\/unipoc\/den-kariery\/","og_site_name":"Univerzitn\u00e9 poradensk\u00e9 centrum (UNIPOC) | UPJ\u0160","article_modified_time":"2025-04-04T06:31:49+00:00","og_image":[{"url":"https:\/\/www.upjs.sk\/app\/uploads\/sites\/20\/2025\/04\/banner-web-sk.jpg","type":"","width":"","height":""}],"twitter_card":"summary_large_image","twitter_misc":{"Predpokladan\u00fd \u010das \u010d\u00edtania":"1 min\u00fata"},"schema":{"@context":"https:\/\/schema.org","@graph":[{"@type":"WebPage","@id":"https:\/\/www.upjs.sk\/pracoviska\/unipoc\/den-kariery\/","url":"https:\/\/www.upjs.sk\/pracoviska\/unipoc\/den-kariery\/","name":"De\u0148 kari\u00e9ry - Univerzitn\u00e9 poradensk\u00e9 centrum (UNIPOC) | UPJ\u0160","isPartOf":{"@id":"https:\/\/www.upjs.sk\/pracoviska\/unipoc\/#website"},"primaryImageOfPage":{"@id":"https:\/\/www.upjs.sk\/pracoviska\/unipoc\/den-kariery\/#primaryimage"},"image":{"@id":"https:\/\/www.upjs.sk\/pracoviska\/unipoc\/den-kariery\/#primaryimage"},"thumbnailUrl":"https:\/\/www.upjs.sk\/app\/uploads\/sites\/20\/2025\/04\/banner-web-sk.jpg","datePublished":"2024-01-15T08:30:00+00:00","dateModified":"2025-04-04T06:31:49+00:00","breadcrumb":{"@id":"https:\/\/www.upjs.sk\/pracoviska\/unipoc\/den-kariery\/#breadcrumb"},"inLanguage":"sk-SK","potentialAction":[{"@type":"ReadAction","target":["https:\/\/www.upjs.sk\/pracoviska\/unipoc\/den-kariery\/"]}]},{"@type":"ImageObject","inLanguage":"sk-SK","@id":"https:\/\/www.upjs.sk\/pracoviska\/unipoc\/den-kariery\/#primaryimage","url":"https:\/\/www.upjs.sk\/app\/uploads\/sites\/20\/2025\/04\/banner-web-sk.jpg","contentUrl":"https:\/\/www.upjs.sk\/app\/uploads\/sites\/20\/2025\/04\/banner-web-sk.jpg"},{"@type":"BreadcrumbList","@id":"https:\/\/www.upjs.sk\/pracoviska\/unipoc\/den-kariery\/#breadcrumb","itemListElement":[{"@type":"ListItem","position":1,"name":"Home","item":"https:\/\/www.upjs.sk\/pracoviska\/unipoc\/"},{"@type":"ListItem","position":2,"name":"De\u0148 kari\u00e9ry"}]},{"@type":"WebSite","@id":"https:\/\/www.upjs.sk\/pracoviska\/unipoc\/#website","url":"https:\/\/www.upjs.sk\/pracoviska\/unipoc\/","name":"Univerzitn\u00e9 poradensk\u00e9 centrum (UNIPOC) | UPJ\u0160","description":"","publisher":{"@id":"https:\/\/www.upjs.sk\/pracoviska\/unipoc\/#organization"},"potentialAction":[{"@type":"SearchAction","target":{"@type":"EntryPoint","urlTemplate":"https:\/\/www.upjs.sk\/pracoviska\/unipoc\/?s={search_term_string}"},"query-input":{"@type":"PropertyValueSpecification","valueRequired":true,"valueName":"search_term_string"}}],"inLanguage":"sk-SK"},{"@type":"Organization","@id":"https:\/\/www.upjs.sk\/pracoviska\/unipoc\/#organization","name":"Univerzitn\u00e9 poradensk\u00e9 centrum (UNIPOC) | UPJ\u0160","url":"https:\/\/www.upjs.sk\/pracoviska\/unipoc\/","logo":{"@type":"ImageObject","inLanguage":"sk-SK","@id":"https:\/\/www.upjs.sk\/pracoviska\/unipoc\/#\/schema\/logo\/image\/","url":"https:\/\/www.upjs.sk\/app\/uploads\/sites\/20\/2023\/01\/UNIPOC.svg","contentUrl":"https:\/\/www.upjs.sk\/app\/uploads\/sites\/20\/2023\/01\/UNIPOC.svg","width":500,"height":138,"caption":"Univerzitn\u00e9 poradensk\u00e9 centrum (UNIPOC) | UPJ\u0160"},"image":{"@id":"https:\/\/www.upjs.sk\/pracoviska\/unipoc\/#\/schema\/logo\/image\/"}}]}},"_links":{"self":[{"href":"https:\/\/www.upjs.sk\/pracoviska\/unipoc\/wp-json\/wp\/v2\/pages\/13710","targetHints":{"allow":["GET"]}}],"collection":[{"href":"https:\/\/www.upjs.sk\/pracoviska\/unipoc\/wp-json\/wp\/v2\/pages"}],"about":[{"href":"https:\/\/www.upjs.sk\/pracoviska\/unipoc\/wp-json\/wp\/v2\/types\/page"}],"author":[{"embeddable":true,"href":"https:\/\/www.upjs.sk\/pracoviska\/unipoc\/wp-json\/wp\/v2\/users\/1"}],"replies":[{"embeddable":true,"href":"https:\/\/www.upjs.sk\/pracoviska\/unipoc\/wp-json\/wp\/v2\/comments?post=13710"}],"version-history":[{"count":21,"href":"https:\/\/www.upjs.sk\/pracoviska\/unipoc\/wp-json\/wp\/v2\/pages\/13710\/revisions"}],"predecessor-version":[{"id":24138,"href":"https:\/\/www.upjs.sk\/pracoviska\/unipoc\/wp-json\/wp\/v2\/pages\/13710\/revisions\/24138"}],"wp:attachment":[{"href":"https:\/\/www.upjs.sk\/pracoviska\/unipoc\/wp-json\/wp\/v2\/media?parent=13710"}],"wp:term":[{"taxonomy":"category","embeddable":true,"href":"https:\/\/www.upjs.sk\/pracoviska\/unipoc\/wp-json\/wp\/v2\/categories?post=13710"},{"taxonomy":"post_tag","embeddable":true,"href":"https:\/\/www.upjs.sk\/pracoviska\/unipoc\/wp-json\/wp\/v2\/tags?post=13710"}],"curies":[{"name":"wp","href":"https:\/\/api.w.org\/{rel}","templated":true}]}}