{"id":13715,"date":"2024-02-15T09:01:00","date_gmt":"2024-02-15T09:01:00","guid":{"rendered":"https:\/\/www.upjs.sk\/pracoviska\/unipoc\/root\/den-kariery\/o-dni-kariery\/"},"modified":"2025-09-01T07:32:32","modified_gmt":"2025-09-01T07:32:32","slug":"o-dni-kariery","status":"publish","type":"page","link":"https:\/\/www.upjs.sk\/pracoviska\/unipoc\/den-kariery\/o-dni-kariery\/","title":{"rendered":"O Dni kari\u00e9ry"},"content":{"rendered":"\n<figure class=\"wp-block-gallery alignfull has-nested-images columns-1 is-cropped wp-block-gallery-1 is-layout-flex wp-block-gallery-is-layout-flex\"><\/figure>\n\n\n\n<p>De\u0148 kari\u00e9ry UNIPOC je podujatie organizovan\u00e9 Univerzitn\u00fdm poradensk\u00fdm centrom (UNIPOC) Univerzity Pavla Jozefa \u0160af\u00e1rika v Ko\u0161iciach (UPJ\u0160), ktor\u00e9 pom\u00e1ha \u0161tudentom nadviaza\u0165 kontakty s bud\u00facimi zamestn\u00e1vate\u013emi a z\u00edska\u0165 inform\u00e1cie o pracovn\u00fdch ponuk\u00e1ch. Z\u00e1rove\u0148 je v\u00fdbornou pr\u00edle\u017eitos\u0165ou pre zamestn\u00e1vate\u013eov stretn\u00fa\u0165 osobne \u0161tudentov univerzity a pon\u00faknu\u0165 im pracovn\u00e9 pr\u00edle\u017eitosti. Univerzitn\u00e9 poradensk\u00e9 centrum Univerzity Pavla Jozefa \u0160af\u00e1rika v\u202fKo\u0161iciach sa u\u017e teraz te\u0161\u00ed a pripravuje 10. ro\u010dn\u00edk Dni kari\u00e9ry, ktor\u00fd sa uskuto\u010dn\u00ed v apr\u00edli 2026.<\/p>\n\n\n\n<p>Te\u0161\u00edme sa na V\u00e1s!<\/p>\n","protected":false},"excerpt":{"rendered":"<p>De\u0148 kari\u00e9ry UNIPOC je podujatie organizovan\u00e9 Univerzitn\u00fdm poradensk\u00fdm centrom (UNIPOC) Univerzity Pavla Jozefa \u0160af\u00e1rika v Ko\u0161iciach (UPJ\u0160), ktor\u00e9 pom\u00e1ha \u0161tudentom nadviaza\u0165 kontakty s bud\u00facimi zamestn\u00e1vate\u013emi a z\u00edska\u0165 inform\u00e1cie o pracovn\u00fdch ponuk\u00e1ch. Z\u00e1rove\u0148 je v\u00fdbornou pr\u00edle\u017eitos\u0165ou pre zamestn\u00e1vate\u013eov stretn\u00fa\u0165 osobne \u0161tudentov univerzity a pon\u00faknu\u0165 im pracovn\u00e9 pr\u00edle\u017eitosti. Univerzitn\u00e9 poradensk\u00e9 centrum Univerzity Pavla Jozefa \u0160af\u00e1rika v\u202fKo\u0161iciach sa &hellip; <a href=\"https:\/\/www.upjs.sk\/pracoviska\/unipoc\/den-kariery\/o-dni-kariery\/\">\u010c\u00edta\u0165 \u010falej<\/a><\/p>\n","protected":false},"author":1,"featured_media":20487,"parent":13710,"menu_order":2,"comment_status":"closed","ping_status":"closed","template":"","meta":{"_acf_changed":false,"_editorskit_title_hidden":false,"_editorskit_reading_time":1,"_editorskit_is_block_options_detached":false,"_editorskit_block_options_position":"{}","footnotes":""},"categories":[],"tags":[],"class_list":["post-13715","page","type-page","status-publish","has-post-thumbnail","hentry"],"acf":{"acf_link_na_externy_obsah":""},"yoast_head":"<!-- This site is optimized with the Yoast SEO plugin v27.2 - https:\/\/yoast.com\/product\/yoast-seo-wordpress\/ -->\n<title>O Dni kari\u00e9ry - Univerzitn\u00e9 poradensk\u00e9 centrum (UNIPOC) | UPJ\u0160<\/title>\n<meta name=\"robots\" content=\"index, follow, max-snippet:-1, max-image-preview:large, max-video-preview:-1\" \/>\n<link rel=\"canonical\" href=\"https:\/\/www.upjs.sk\/pracoviska\/unipoc\/den-kariery\/o-dni-kariery\/\" \/>\n<meta property=\"og:locale\" content=\"sk_SK\" \/>\n<meta property=\"og:type\" content=\"article\" \/>\n<meta property=\"og:title\" content=\"O Dni kari\u00e9ry - Univerzitn\u00e9 poradensk\u00e9 centrum (UNIPOC) | UPJ\u0160\" \/>\n<meta property=\"og:description\" content=\"De\u0148 kari\u00e9ry UNIPOC je podujatie organizovan\u00e9 Univerzitn\u00fdm poradensk\u00fdm centrom (UNIPOC) Univerzity Pavla Jozefa \u0160af\u00e1rika v Ko\u0161iciach (UPJ\u0160), ktor\u00e9 pom\u00e1ha \u0161tudentom nadviaza\u0165 kontakty s bud\u00facimi zamestn\u00e1vate\u013emi a z\u00edska\u0165 inform\u00e1cie o pracovn\u00fdch ponuk\u00e1ch. Z\u00e1rove\u0148 je v\u00fdbornou pr\u00edle\u017eitos\u0165ou pre zamestn\u00e1vate\u013eov stretn\u00fa\u0165 osobne \u0161tudentov univerzity a pon\u00faknu\u0165 im pracovn\u00e9 pr\u00edle\u017eitosti. Univerzitn\u00e9 poradensk\u00e9 centrum Univerzity Pavla Jozefa \u0160af\u00e1rika v\u202fKo\u0161iciach sa &hellip; \u010c\u00edta\u0165 \u010falej\" \/>\n<meta property=\"og:url\" content=\"https:\/\/www.upjs.sk\/pracoviska\/unipoc\/den-kariery\/o-dni-kariery\/\" \/>\n<meta property=\"og:site_name\" content=\"Univerzitn\u00e9 poradensk\u00e9 centrum (UNIPOC) | UPJ\u0160\" \/>\n<meta property=\"article:modified_time\" content=\"2025-09-01T07:32:32+00:00\" \/>\n<meta property=\"og:image\" content=\"https:\/\/www.upjs.sk\/app\/uploads\/sites\/20\/2023\/02\/den-kariery-190423-plagat.jpg\" \/>\n\t<meta property=\"og:image:width\" content=\"800\" \/>\n\t<meta property=\"og:image:height\" content=\"800\" \/>\n\t<meta property=\"og:image:type\" content=\"image\/jpeg\" \/>\n<meta name=\"twitter:card\" content=\"summary_large_image\" \/>\n<meta name=\"twitter:label1\" content=\"Predpokladan\u00fd \u010das \u010d\u00edtania\" \/>\n\t<meta name=\"twitter:data1\" content=\"1 min\u00fata\" \/>\n<script type=\"application\/ld+json\" class=\"yoast-schema-graph\">{\"@context\":\"https:\/\/schema.org\",\"@graph\":[{\"@type\":\"WebPage\",\"@id\":\"https:\/\/www.upjs.sk\/pracoviska\/unipoc\/den-kariery\/o-dni-kariery\/\",\"url\":\"https:\/\/www.upjs.sk\/pracoviska\/unipoc\/den-kariery\/o-dni-kariery\/\",\"name\":\"O Dni kari\u00e9ry - Univerzitn\u00e9 poradensk\u00e9 centrum (UNIPOC) | UPJ\u0160\",\"isPartOf\":{\"@id\":\"https:\/\/www.upjs.sk\/pracoviska\/unipoc\/#website\"},\"primaryImageOfPage\":{\"@id\":\"https:\/\/www.upjs.sk\/pracoviska\/unipoc\/den-kariery\/o-dni-kariery\/#primaryimage\"},\"image\":{\"@id\":\"https:\/\/www.upjs.sk\/pracoviska\/unipoc\/den-kariery\/o-dni-kariery\/#primaryimage\"},\"thumbnailUrl\":\"https:\/\/www.upjs.sk\/app\/uploads\/sites\/20\/2023\/02\/den-kariery-190423-plagat.jpg\",\"datePublished\":\"2024-02-15T09:01:00+00:00\",\"dateModified\":\"2025-09-01T07:32:32+00:00\",\"breadcrumb\":{\"@id\":\"https:\/\/www.upjs.sk\/pracoviska\/unipoc\/den-kariery\/o-dni-kariery\/#breadcrumb\"},\"inLanguage\":\"sk-SK\",\"potentialAction\":[{\"@type\":\"ReadAction\",\"target\":[\"https:\/\/www.upjs.sk\/pracoviska\/unipoc\/den-kariery\/o-dni-kariery\/\"]}]},{\"@type\":\"ImageObject\",\"inLanguage\":\"sk-SK\",\"@id\":\"https:\/\/www.upjs.sk\/pracoviska\/unipoc\/den-kariery\/o-dni-kariery\/#primaryimage\",\"url\":\"https:\/\/www.upjs.sk\/app\/uploads\/sites\/20\/2023\/02\/den-kariery-190423-plagat.jpg\",\"contentUrl\":\"https:\/\/www.upjs.sk\/app\/uploads\/sites\/20\/2023\/02\/den-kariery-190423-plagat.jpg\",\"width\":800,\"height\":800},{\"@type\":\"BreadcrumbList\",\"@id\":\"https:\/\/www.upjs.sk\/pracoviska\/unipoc\/den-kariery\/o-dni-kariery\/#breadcrumb\",\"itemListElement\":[{\"@type\":\"ListItem\",\"position\":1,\"name\":\"Home\",\"item\":\"https:\/\/www.upjs.sk\/pracoviska\/unipoc\/\"},{\"@type\":\"ListItem\",\"position\":2,\"name\":\"De\u0148 kari\u00e9ry\",\"item\":\"https:\/\/www.upjs.sk\/pracoviska\/unipoc\/den-kariery\/\"},{\"@type\":\"ListItem\",\"position\":3,\"name\":\"O Dni kari\u00e9ry\"}]},{\"@type\":\"WebSite\",\"@id\":\"https:\/\/www.upjs.sk\/pracoviska\/unipoc\/#website\",\"url\":\"https:\/\/www.upjs.sk\/pracoviska\/unipoc\/\",\"name\":\"Univerzitn\u00e9 poradensk\u00e9 centrum (UNIPOC) | UPJ\u0160\",\"description\":\"\",\"publisher\":{\"@id\":\"https:\/\/www.upjs.sk\/pracoviska\/unipoc\/#organization\"},\"potentialAction\":[{\"@type\":\"SearchAction\",\"target\":{\"@type\":\"EntryPoint\",\"urlTemplate\":\"https:\/\/www.upjs.sk\/pracoviska\/unipoc\/?s={search_term_string}\"},\"query-input\":{\"@type\":\"PropertyValueSpecification\",\"valueRequired\":true,\"valueName\":\"search_term_string\"}}],\"inLanguage\":\"sk-SK\"},{\"@type\":\"Organization\",\"@id\":\"https:\/\/www.upjs.sk\/pracoviska\/unipoc\/#organization\",\"name\":\"Univerzitn\u00e9 poradensk\u00e9 centrum (UNIPOC) | UPJ\u0160\",\"url\":\"https:\/\/www.upjs.sk\/pracoviska\/unipoc\/\",\"logo\":{\"@type\":\"ImageObject\",\"inLanguage\":\"sk-SK\",\"@id\":\"https:\/\/www.upjs.sk\/pracoviska\/unipoc\/#\/schema\/logo\/image\/\",\"url\":\"https:\/\/www.upjs.sk\/app\/uploads\/sites\/20\/2023\/01\/UNIPOC.svg\",\"contentUrl\":\"https:\/\/www.upjs.sk\/app\/uploads\/sites\/20\/2023\/01\/UNIPOC.svg\",\"width\":500,\"height\":138,\"caption\":\"Univerzitn\u00e9 poradensk\u00e9 centrum (UNIPOC) | UPJ\u0160\"},\"image\":{\"@id\":\"https:\/\/www.upjs.sk\/pracoviska\/unipoc\/#\/schema\/logo\/image\/\"}}]}<\/script>\n<!-- \/ Yoast SEO plugin. -->","yoast_head_json":{"title":"O Dni kari\u00e9ry - Univerzitn\u00e9 poradensk\u00e9 centrum (UNIPOC) | UPJ\u0160","robots":{"index":"index","follow":"follow","max-snippet":"max-snippet:-1","max-image-preview":"max-image-preview:large","max-video-preview":"max-video-preview:-1"},"canonical":"https:\/\/www.upjs.sk\/pracoviska\/unipoc\/den-kariery\/o-dni-kariery\/","og_locale":"sk_SK","og_type":"article","og_title":"O Dni kari\u00e9ry - Univerzitn\u00e9 poradensk\u00e9 centrum (UNIPOC) | UPJ\u0160","og_description":"De\u0148 kari\u00e9ry UNIPOC je podujatie organizovan\u00e9 Univerzitn\u00fdm poradensk\u00fdm centrom (UNIPOC) Univerzity Pavla Jozefa \u0160af\u00e1rika v Ko\u0161iciach (UPJ\u0160), ktor\u00e9 pom\u00e1ha \u0161tudentom nadviaza\u0165 kontakty s bud\u00facimi zamestn\u00e1vate\u013emi a z\u00edska\u0165 inform\u00e1cie o pracovn\u00fdch ponuk\u00e1ch. Z\u00e1rove\u0148 je v\u00fdbornou pr\u00edle\u017eitos\u0165ou pre zamestn\u00e1vate\u013eov stretn\u00fa\u0165 osobne \u0161tudentov univerzity a pon\u00faknu\u0165 im pracovn\u00e9 pr\u00edle\u017eitosti. Univerzitn\u00e9 poradensk\u00e9 centrum Univerzity Pavla Jozefa \u0160af\u00e1rika v\u202fKo\u0161iciach sa &hellip; \u010c\u00edta\u0165 \u010falej","og_url":"https:\/\/www.upjs.sk\/pracoviska\/unipoc\/den-kariery\/o-dni-kariery\/","og_site_name":"Univerzitn\u00e9 poradensk\u00e9 centrum (UNIPOC) | UPJ\u0160","article_modified_time":"2025-09-01T07:32:32+00:00","og_image":[{"width":800,"height":800,"url":"https:\/\/www.upjs.sk\/app\/uploads\/sites\/20\/2023\/02\/den-kariery-190423-plagat.jpg","type":"image\/jpeg"}],"twitter_card":"summary_large_image","twitter_misc":{"Predpokladan\u00fd \u010das \u010d\u00edtania":"1 min\u00fata"},"schema":{"@context":"https:\/\/schema.org","@graph":[{"@type":"WebPage","@id":"https:\/\/www.upjs.sk\/pracoviska\/unipoc\/den-kariery\/o-dni-kariery\/","url":"https:\/\/www.upjs.sk\/pracoviska\/unipoc\/den-kariery\/o-dni-kariery\/","name":"O Dni kari\u00e9ry - Univerzitn\u00e9 poradensk\u00e9 centrum (UNIPOC) | UPJ\u0160","isPartOf":{"@id":"https:\/\/www.upjs.sk\/pracoviska\/unipoc\/#website"},"primaryImageOfPage":{"@id":"https:\/\/www.upjs.sk\/pracoviska\/unipoc\/den-kariery\/o-dni-kariery\/#primaryimage"},"image":{"@id":"https:\/\/www.upjs.sk\/pracoviska\/unipoc\/den-kariery\/o-dni-kariery\/#primaryimage"},"thumbnailUrl":"https:\/\/www.upjs.sk\/app\/uploads\/sites\/20\/2023\/02\/den-kariery-190423-plagat.jpg","datePublished":"2024-02-15T09:01:00+00:00","dateModified":"2025-09-01T07:32:32+00:00","breadcrumb":{"@id":"https:\/\/www.upjs.sk\/pracoviska\/unipoc\/den-kariery\/o-dni-kariery\/#breadcrumb"},"inLanguage":"sk-SK","potentialAction":[{"@type":"ReadAction","target":["https:\/\/www.upjs.sk\/pracoviska\/unipoc\/den-kariery\/o-dni-kariery\/"]}]},{"@type":"ImageObject","inLanguage":"sk-SK","@id":"https:\/\/www.upjs.sk\/pracoviska\/unipoc\/den-kariery\/o-dni-kariery\/#primaryimage","url":"https:\/\/www.upjs.sk\/app\/uploads\/sites\/20\/2023\/02\/den-kariery-190423-plagat.jpg","contentUrl":"https:\/\/www.upjs.sk\/app\/uploads\/sites\/20\/2023\/02\/den-kariery-190423-plagat.jpg","width":800,"height":800},{"@type":"BreadcrumbList","@id":"https:\/\/www.upjs.sk\/pracoviska\/unipoc\/den-kariery\/o-dni-kariery\/#breadcrumb","itemListElement":[{"@type":"ListItem","position":1,"name":"Home","item":"https:\/\/www.upjs.sk\/pracoviska\/unipoc\/"},{"@type":"ListItem","position":2,"name":"De\u0148 kari\u00e9ry","item":"https:\/\/www.upjs.sk\/pracoviska\/unipoc\/den-kariery\/"},{"@type":"ListItem","position":3,"name":"O Dni kari\u00e9ry"}]},{"@type":"WebSite","@id":"https:\/\/www.upjs.sk\/pracoviska\/unipoc\/#website","url":"https:\/\/www.upjs.sk\/pracoviska\/unipoc\/","name":"Univerzitn\u00e9 poradensk\u00e9 centrum (UNIPOC) | UPJ\u0160","description":"","publisher":{"@id":"https:\/\/www.upjs.sk\/pracoviska\/unipoc\/#organization"},"potentialAction":[{"@type":"SearchAction","target":{"@type":"EntryPoint","urlTemplate":"https:\/\/www.upjs.sk\/pracoviska\/unipoc\/?s={search_term_string}"},"query-input":{"@type":"PropertyValueSpecification","valueRequired":true,"valueName":"search_term_string"}}],"inLanguage":"sk-SK"},{"@type":"Organization","@id":"https:\/\/www.upjs.sk\/pracoviska\/unipoc\/#organization","name":"Univerzitn\u00e9 poradensk\u00e9 centrum (UNIPOC) | UPJ\u0160","url":"https:\/\/www.upjs.sk\/pracoviska\/unipoc\/","logo":{"@type":"ImageObject","inLanguage":"sk-SK","@id":"https:\/\/www.upjs.sk\/pracoviska\/unipoc\/#\/schema\/logo\/image\/","url":"https:\/\/www.upjs.sk\/app\/uploads\/sites\/20\/2023\/01\/UNIPOC.svg","contentUrl":"https:\/\/www.upjs.sk\/app\/uploads\/sites\/20\/2023\/01\/UNIPOC.svg","width":500,"height":138,"caption":"Univerzitn\u00e9 poradensk\u00e9 centrum (UNIPOC) | UPJ\u0160"},"image":{"@id":"https:\/\/www.upjs.sk\/pracoviska\/unipoc\/#\/schema\/logo\/image\/"}}]}},"_links":{"self":[{"href":"https:\/\/www.upjs.sk\/pracoviska\/unipoc\/wp-json\/wp\/v2\/pages\/13715","targetHints":{"allow":["GET"]}}],"collection":[{"href":"https:\/\/www.upjs.sk\/pracoviska\/unipoc\/wp-json\/wp\/v2\/pages"}],"about":[{"href":"https:\/\/www.upjs.sk\/pracoviska\/unipoc\/wp-json\/wp\/v2\/types\/page"}],"author":[{"embeddable":true,"href":"https:\/\/www.upjs.sk\/pracoviska\/unipoc\/wp-json\/wp\/v2\/users\/1"}],"replies":[{"embeddable":true,"href":"https:\/\/www.upjs.sk\/pracoviska\/unipoc\/wp-json\/wp\/v2\/comments?post=13715"}],"version-history":[{"count":15,"href":"https:\/\/www.upjs.sk\/pracoviska\/unipoc\/wp-json\/wp\/v2\/pages\/13715\/revisions"}],"predecessor-version":[{"id":23379,"href":"https:\/\/www.upjs.sk\/pracoviska\/unipoc\/wp-json\/wp\/v2\/pages\/13715\/revisions\/23379"}],"up":[{"embeddable":true,"href":"https:\/\/www.upjs.sk\/pracoviska\/unipoc\/wp-json\/wp\/v2\/pages\/13710"}],"wp:featuredmedia":[{"embeddable":true,"href":"https:\/\/www.upjs.sk\/pracoviska\/unipoc\/wp-json\/wp\/v2\/media\/20487"}],"wp:attachment":[{"href":"https:\/\/www.upjs.sk\/pracoviska\/unipoc\/wp-json\/wp\/v2\/media?parent=13715"}],"wp:term":[{"taxonomy":"category","embeddable":true,"href":"https:\/\/www.upjs.sk\/pracoviska\/unipoc\/wp-json\/wp\/v2\/categories?post=13715"},{"taxonomy":"post_tag","embeddable":true,"href":"https:\/\/www.upjs.sk\/pracoviska\/unipoc\/wp-json\/wp\/v2\/tags?post=13715"}],"curies":[{"name":"wp","href":"https:\/\/api.w.org\/{rel}","templated":true}]}}