{"id":13866,"date":"2022-02-19T20:13:41","date_gmt":"2022-02-19T20:13:41","guid":{"rendered":"https:\/\/www.upjs.sk\/pracoviska\/unipoc\/root\/den-kariery\/program\/1-rocnik\/"},"modified":"2022-11-13T21:48:07","modified_gmt":"2022-11-13T21:48:07","slug":"1-rocnik","status":"publish","type":"page","link":"https:\/\/www.upjs.sk\/pracoviska\/unipoc\/den-kariery\/program\/1-rocnik\/","title":{"rendered":"1. ro\u010dn\u00edk D\u0148a kari\u00e9ry UPJ\u0160 v Ko\u0161iciach 2017"},"content":{"rendered":"<p>\u00a0<\/p>\n<table align=\"center\" border=\"0\" cellpadding=\"1\" cellspacing=\"1\" style=\"width:60%\">\n<tbody>\n<tr>\n<td href=\" public=\" media=\"\" span=\"\" style=\"text-align: center; width: 20%;\" target=\"_blank\" td=\"\"><span style=\"color:#008080\"><strong>PROGRAM<\/strong><\/span><\/td>\n<td style=\"width: 20%;\">\u00a0<\/td>\n<td style=\"width: 20%; text-align: center;\"><span style=\"color:#008080\"><strong>Informa\u010dn\u00e1 bro\u017e\u00fara zamestn\u00e1vate\u013eov na Dni kari\u00e9ry UPJ\u0160 v Ko\u0161iciach 2017<\/strong><\/span><\/td>\n<\/tr>\n<tr>\n<td style=\"text-align: center;\"><a href=\"\/public\/media\/17589\/den-kariery-2017-program-210417.jpg\" target=\"_blank\" rel=\"noopener\"><img decoding=\"async\" alt=\"\" src=\"http:\/\/www.upjs.sk\/\/app\/uploads\/sites\/20\/2022\/10\/den-kariery-2017-program-210417-1.jpg\" style=\"height:420px; width:300px\" \/><\/a><\/td>\n<td style=\"width: 20%;\"><a href=\" public=\" media=\"\" target=\"_blank\" rel=\"noopener\">\u00a0<\/a><\/td>\n<td style=\"width: 20%;\"><a href=\"\/public\/media\/17589\/den-kariery-2017-brozura.PDF\" target=\"_blank\" rel=\"noopener\"><img decoding=\"async\" alt=\"\" src=\"http:\/\/www.upjs.sk\/\/app\/uploads\/sites\/20\/2022\/10\/DK-2017-brozura-1.jpg\" style=\"border-style:solid; border-width:1px; height:420px; width:300px\" \/><\/a><\/td>\n<\/tr>\n<\/tbody>\n<\/table>\n<p> \u00a0<\/p>\n","protected":false},"excerpt":{"rendered":"<p>\u00a0 PROGRAM \u00a0 Informa\u010dn\u00e1 bro\u017e\u00fara zamestn\u00e1vate\u013eov na Dni kari\u00e9ry UPJ\u0160 v Ko\u0161iciach 2017 \u00a0 \u00a0<\/p>\n","protected":false},"author":1,"featured_media":13867,"parent":13838,"menu_order":3,"comment_status":"closed","ping_status":"closed","template":"","meta":{"_acf_changed":false,"_editorskit_title_hidden":false,"_editorskit_reading_time":0,"_editorskit_is_block_options_detached":false,"_editorskit_block_options_position":"{}","footnotes":""},"categories":[],"tags":[],"class_list":["post-13866","page","type-page","status-publish","has-post-thumbnail","hentry"],"acf":{"acf_link_na_externy_obsah":""},"yoast_head":"<!-- This site is optimized with the Yoast SEO plugin v27.4 - https:\/\/yoast.com\/product\/yoast-seo-wordpress\/ -->\n<title>1. ro\u010dn\u00edk D\u0148a kari\u00e9ry UPJ\u0160 v Ko\u0161iciach 2017 - Univerzitn\u00e9 poradensk\u00e9 centrum (UNIPOC) | UPJ\u0160<\/title>\n<meta name=\"robots\" content=\"index, follow, max-snippet:-1, max-image-preview:large, max-video-preview:-1\" \/>\n<link rel=\"canonical\" href=\"https:\/\/www.upjs.sk\/pracoviska\/unipoc\/den-kariery\/program\/1-rocnik\/\" \/>\n<meta property=\"og:locale\" content=\"sk_SK\" \/>\n<meta property=\"og:type\" content=\"article\" \/>\n<meta property=\"og:title\" content=\"1. ro\u010dn\u00edk D\u0148a kari\u00e9ry UPJ\u0160 v Ko\u0161iciach 2017 - Univerzitn\u00e9 poradensk\u00e9 centrum (UNIPOC) | UPJ\u0160\" \/>\n<meta property=\"og:description\" content=\"\u00a0 PROGRAM \u00a0 Informa\u010dn\u00e1 bro\u017e\u00fara zamestn\u00e1vate\u013eov na Dni kari\u00e9ry UPJ\u0160 v Ko\u0161iciach 2017 \u00a0 \u00a0\" \/>\n<meta property=\"og:url\" content=\"https:\/\/www.upjs.sk\/pracoviska\/unipoc\/den-kariery\/program\/1-rocnik\/\" \/>\n<meta property=\"og:site_name\" content=\"Univerzitn\u00e9 poradensk\u00e9 centrum (UNIPOC) | UPJ\u0160\" \/>\n<meta property=\"article:modified_time\" content=\"2022-11-13T21:48:07+00:00\" \/>\n<meta property=\"og:image\" content=\"https:\/\/www.upjs.sk\/app\/uploads\/sites\/20\/2022\/10\/den-kariery-2017-program-210417-1.jpg\" \/>\n\t<meta property=\"og:image:width\" content=\"1300\" \/>\n\t<meta property=\"og:image:height\" content=\"1818\" \/>\n\t<meta property=\"og:image:type\" content=\"image\/jpeg\" \/>\n<meta name=\"twitter:card\" content=\"summary_large_image\" \/>\n<script type=\"application\/ld+json\" class=\"yoast-schema-graph\">{\"@context\":\"https:\\\/\\\/schema.org\",\"@graph\":[{\"@type\":\"WebPage\",\"@id\":\"https:\\\/\\\/www.upjs.sk\\\/pracoviska\\\/unipoc\\\/den-kariery\\\/program\\\/1-rocnik\\\/\",\"url\":\"https:\\\/\\\/www.upjs.sk\\\/pracoviska\\\/unipoc\\\/den-kariery\\\/program\\\/1-rocnik\\\/\",\"name\":\"1. ro\u010dn\u00edk D\u0148a kari\u00e9ry UPJ\u0160 v Ko\u0161iciach 2017 - Univerzitn\u00e9 poradensk\u00e9 centrum (UNIPOC) | UPJ\u0160\",\"isPartOf\":{\"@id\":\"https:\\\/\\\/www.upjs.sk\\\/pracoviska\\\/unipoc\\\/#website\"},\"primaryImageOfPage\":{\"@id\":\"https:\\\/\\\/www.upjs.sk\\\/pracoviska\\\/unipoc\\\/den-kariery\\\/program\\\/1-rocnik\\\/#primaryimage\"},\"image\":{\"@id\":\"https:\\\/\\\/www.upjs.sk\\\/pracoviska\\\/unipoc\\\/den-kariery\\\/program\\\/1-rocnik\\\/#primaryimage\"},\"thumbnailUrl\":\"https:\\\/\\\/www.upjs.sk\\\/app\\\/uploads\\\/sites\\\/20\\\/2022\\\/10\\\/den-kariery-2017-program-210417-1.jpg\",\"datePublished\":\"2022-02-19T20:13:41+00:00\",\"dateModified\":\"2022-11-13T21:48:07+00:00\",\"breadcrumb\":{\"@id\":\"https:\\\/\\\/www.upjs.sk\\\/pracoviska\\\/unipoc\\\/den-kariery\\\/program\\\/1-rocnik\\\/#breadcrumb\"},\"inLanguage\":\"sk-SK\",\"potentialAction\":[{\"@type\":\"ReadAction\",\"target\":[\"https:\\\/\\\/www.upjs.sk\\\/pracoviska\\\/unipoc\\\/den-kariery\\\/program\\\/1-rocnik\\\/\"]}]},{\"@type\":\"ImageObject\",\"inLanguage\":\"sk-SK\",\"@id\":\"https:\\\/\\\/www.upjs.sk\\\/pracoviska\\\/unipoc\\\/den-kariery\\\/program\\\/1-rocnik\\\/#primaryimage\",\"url\":\"https:\\\/\\\/www.upjs.sk\\\/app\\\/uploads\\\/sites\\\/20\\\/2022\\\/10\\\/den-kariery-2017-program-210417-1.jpg\",\"contentUrl\":\"https:\\\/\\\/www.upjs.sk\\\/app\\\/uploads\\\/sites\\\/20\\\/2022\\\/10\\\/den-kariery-2017-program-210417-1.jpg\",\"width\":1300,\"height\":1818,\"caption\":\"1-rocnik\"},{\"@type\":\"BreadcrumbList\",\"@id\":\"https:\\\/\\\/www.upjs.sk\\\/pracoviska\\\/unipoc\\\/den-kariery\\\/program\\\/1-rocnik\\\/#breadcrumb\",\"itemListElement\":[{\"@type\":\"ListItem\",\"position\":1,\"name\":\"Home\",\"item\":\"https:\\\/\\\/www.upjs.sk\\\/pracoviska\\\/unipoc\\\/\"},{\"@type\":\"ListItem\",\"position\":2,\"name\":\"De\u0148 kari\u00e9ry\",\"item\":\"https:\\\/\\\/www.upjs.sk\\\/pracoviska\\\/unipoc\\\/den-kariery\\\/\"},{\"@type\":\"ListItem\",\"position\":3,\"name\":\"Program\",\"item\":\"https:\\\/\\\/www.upjs.sk\\\/pracoviska\\\/unipoc\\\/den-kariery\\\/program\\\/\"},{\"@type\":\"ListItem\",\"position\":4,\"name\":\"1. ro\u010dn\u00edk D\u0148a kari\u00e9ry UPJ\u0160 v Ko\u0161iciach 2017\"}]},{\"@type\":\"WebSite\",\"@id\":\"https:\\\/\\\/www.upjs.sk\\\/pracoviska\\\/unipoc\\\/#website\",\"url\":\"https:\\\/\\\/www.upjs.sk\\\/pracoviska\\\/unipoc\\\/\",\"name\":\"Univerzitn\u00e9 poradensk\u00e9 centrum (UNIPOC) | UPJ\u0160\",\"description\":\"\",\"publisher\":{\"@id\":\"https:\\\/\\\/www.upjs.sk\\\/pracoviska\\\/unipoc\\\/#organization\"},\"potentialAction\":[{\"@type\":\"SearchAction\",\"target\":{\"@type\":\"EntryPoint\",\"urlTemplate\":\"https:\\\/\\\/www.upjs.sk\\\/pracoviska\\\/unipoc\\\/?s={search_term_string}\"},\"query-input\":{\"@type\":\"PropertyValueSpecification\",\"valueRequired\":true,\"valueName\":\"search_term_string\"}}],\"inLanguage\":\"sk-SK\"},{\"@type\":\"Organization\",\"@id\":\"https:\\\/\\\/www.upjs.sk\\\/pracoviska\\\/unipoc\\\/#organization\",\"name\":\"Univerzitn\u00e9 poradensk\u00e9 centrum (UNIPOC) | UPJ\u0160\",\"url\":\"https:\\\/\\\/www.upjs.sk\\\/pracoviska\\\/unipoc\\\/\",\"logo\":{\"@type\":\"ImageObject\",\"inLanguage\":\"sk-SK\",\"@id\":\"https:\\\/\\\/www.upjs.sk\\\/pracoviska\\\/unipoc\\\/#\\\/schema\\\/logo\\\/image\\\/\",\"url\":\"https:\\\/\\\/www.upjs.sk\\\/app\\\/uploads\\\/sites\\\/20\\\/2023\\\/01\\\/UNIPOC.svg\",\"contentUrl\":\"https:\\\/\\\/www.upjs.sk\\\/app\\\/uploads\\\/sites\\\/20\\\/2023\\\/01\\\/UNIPOC.svg\",\"width\":500,\"height\":138,\"caption\":\"Univerzitn\u00e9 poradensk\u00e9 centrum (UNIPOC) | UPJ\u0160\"},\"image\":{\"@id\":\"https:\\\/\\\/www.upjs.sk\\\/pracoviska\\\/unipoc\\\/#\\\/schema\\\/logo\\\/image\\\/\"}}]}<\/script>\n<!-- \/ Yoast SEO plugin. -->","yoast_head_json":{"title":"1. ro\u010dn\u00edk D\u0148a kari\u00e9ry UPJ\u0160 v Ko\u0161iciach 2017 - Univerzitn\u00e9 poradensk\u00e9 centrum (UNIPOC) | UPJ\u0160","robots":{"index":"index","follow":"follow","max-snippet":"max-snippet:-1","max-image-preview":"max-image-preview:large","max-video-preview":"max-video-preview:-1"},"canonical":"https:\/\/www.upjs.sk\/pracoviska\/unipoc\/den-kariery\/program\/1-rocnik\/","og_locale":"sk_SK","og_type":"article","og_title":"1. ro\u010dn\u00edk D\u0148a kari\u00e9ry UPJ\u0160 v Ko\u0161iciach 2017 - Univerzitn\u00e9 poradensk\u00e9 centrum (UNIPOC) | UPJ\u0160","og_description":"\u00a0 PROGRAM \u00a0 Informa\u010dn\u00e1 bro\u017e\u00fara zamestn\u00e1vate\u013eov na Dni kari\u00e9ry UPJ\u0160 v Ko\u0161iciach 2017 \u00a0 \u00a0","og_url":"https:\/\/www.upjs.sk\/pracoviska\/unipoc\/den-kariery\/program\/1-rocnik\/","og_site_name":"Univerzitn\u00e9 poradensk\u00e9 centrum (UNIPOC) | UPJ\u0160","article_modified_time":"2022-11-13T21:48:07+00:00","og_image":[{"width":1300,"height":1818,"url":"https:\/\/www.upjs.sk\/app\/uploads\/sites\/20\/2022\/10\/den-kariery-2017-program-210417-1.jpg","type":"image\/jpeg"}],"twitter_card":"summary_large_image","schema":{"@context":"https:\/\/schema.org","@graph":[{"@type":"WebPage","@id":"https:\/\/www.upjs.sk\/pracoviska\/unipoc\/den-kariery\/program\/1-rocnik\/","url":"https:\/\/www.upjs.sk\/pracoviska\/unipoc\/den-kariery\/program\/1-rocnik\/","name":"1. ro\u010dn\u00edk D\u0148a kari\u00e9ry UPJ\u0160 v Ko\u0161iciach 2017 - Univerzitn\u00e9 poradensk\u00e9 centrum (UNIPOC) | UPJ\u0160","isPartOf":{"@id":"https:\/\/www.upjs.sk\/pracoviska\/unipoc\/#website"},"primaryImageOfPage":{"@id":"https:\/\/www.upjs.sk\/pracoviska\/unipoc\/den-kariery\/program\/1-rocnik\/#primaryimage"},"image":{"@id":"https:\/\/www.upjs.sk\/pracoviska\/unipoc\/den-kariery\/program\/1-rocnik\/#primaryimage"},"thumbnailUrl":"https:\/\/www.upjs.sk\/app\/uploads\/sites\/20\/2022\/10\/den-kariery-2017-program-210417-1.jpg","datePublished":"2022-02-19T20:13:41+00:00","dateModified":"2022-11-13T21:48:07+00:00","breadcrumb":{"@id":"https:\/\/www.upjs.sk\/pracoviska\/unipoc\/den-kariery\/program\/1-rocnik\/#breadcrumb"},"inLanguage":"sk-SK","potentialAction":[{"@type":"ReadAction","target":["https:\/\/www.upjs.sk\/pracoviska\/unipoc\/den-kariery\/program\/1-rocnik\/"]}]},{"@type":"ImageObject","inLanguage":"sk-SK","@id":"https:\/\/www.upjs.sk\/pracoviska\/unipoc\/den-kariery\/program\/1-rocnik\/#primaryimage","url":"https:\/\/www.upjs.sk\/app\/uploads\/sites\/20\/2022\/10\/den-kariery-2017-program-210417-1.jpg","contentUrl":"https:\/\/www.upjs.sk\/app\/uploads\/sites\/20\/2022\/10\/den-kariery-2017-program-210417-1.jpg","width":1300,"height":1818,"caption":"1-rocnik"},{"@type":"BreadcrumbList","@id":"https:\/\/www.upjs.sk\/pracoviska\/unipoc\/den-kariery\/program\/1-rocnik\/#breadcrumb","itemListElement":[{"@type":"ListItem","position":1,"name":"Home","item":"https:\/\/www.upjs.sk\/pracoviska\/unipoc\/"},{"@type":"ListItem","position":2,"name":"De\u0148 kari\u00e9ry","item":"https:\/\/www.upjs.sk\/pracoviska\/unipoc\/den-kariery\/"},{"@type":"ListItem","position":3,"name":"Program","item":"https:\/\/www.upjs.sk\/pracoviska\/unipoc\/den-kariery\/program\/"},{"@type":"ListItem","position":4,"name":"1. ro\u010dn\u00edk D\u0148a kari\u00e9ry UPJ\u0160 v Ko\u0161iciach 2017"}]},{"@type":"WebSite","@id":"https:\/\/www.upjs.sk\/pracoviska\/unipoc\/#website","url":"https:\/\/www.upjs.sk\/pracoviska\/unipoc\/","name":"Univerzitn\u00e9 poradensk\u00e9 centrum (UNIPOC) | UPJ\u0160","description":"","publisher":{"@id":"https:\/\/www.upjs.sk\/pracoviska\/unipoc\/#organization"},"potentialAction":[{"@type":"SearchAction","target":{"@type":"EntryPoint","urlTemplate":"https:\/\/www.upjs.sk\/pracoviska\/unipoc\/?s={search_term_string}"},"query-input":{"@type":"PropertyValueSpecification","valueRequired":true,"valueName":"search_term_string"}}],"inLanguage":"sk-SK"},{"@type":"Organization","@id":"https:\/\/www.upjs.sk\/pracoviska\/unipoc\/#organization","name":"Univerzitn\u00e9 poradensk\u00e9 centrum (UNIPOC) | UPJ\u0160","url":"https:\/\/www.upjs.sk\/pracoviska\/unipoc\/","logo":{"@type":"ImageObject","inLanguage":"sk-SK","@id":"https:\/\/www.upjs.sk\/pracoviska\/unipoc\/#\/schema\/logo\/image\/","url":"https:\/\/www.upjs.sk\/app\/uploads\/sites\/20\/2023\/01\/UNIPOC.svg","contentUrl":"https:\/\/www.upjs.sk\/app\/uploads\/sites\/20\/2023\/01\/UNIPOC.svg","width":500,"height":138,"caption":"Univerzitn\u00e9 poradensk\u00e9 centrum (UNIPOC) | UPJ\u0160"},"image":{"@id":"https:\/\/www.upjs.sk\/pracoviska\/unipoc\/#\/schema\/logo\/image\/"}}]}},"_links":{"self":[{"href":"https:\/\/www.upjs.sk\/pracoviska\/unipoc\/wp-json\/wp\/v2\/pages\/13866","targetHints":{"allow":["GET"]}}],"collection":[{"href":"https:\/\/www.upjs.sk\/pracoviska\/unipoc\/wp-json\/wp\/v2\/pages"}],"about":[{"href":"https:\/\/www.upjs.sk\/pracoviska\/unipoc\/wp-json\/wp\/v2\/types\/page"}],"author":[{"embeddable":true,"href":"https:\/\/www.upjs.sk\/pracoviska\/unipoc\/wp-json\/wp\/v2\/users\/1"}],"replies":[{"embeddable":true,"href":"https:\/\/www.upjs.sk\/pracoviska\/unipoc\/wp-json\/wp\/v2\/comments?post=13866"}],"version-history":[{"count":1,"href":"https:\/\/www.upjs.sk\/pracoviska\/unipoc\/wp-json\/wp\/v2\/pages\/13866\/revisions"}],"predecessor-version":[{"id":13869,"href":"https:\/\/www.upjs.sk\/pracoviska\/unipoc\/wp-json\/wp\/v2\/pages\/13866\/revisions\/13869"}],"up":[{"embeddable":true,"href":"https:\/\/www.upjs.sk\/pracoviska\/unipoc\/wp-json\/wp\/v2\/pages\/13838"}],"wp:featuredmedia":[{"embeddable":true,"href":"https:\/\/www.upjs.sk\/pracoviska\/unipoc\/wp-json\/wp\/v2\/media\/13867"}],"wp:attachment":[{"href":"https:\/\/www.upjs.sk\/pracoviska\/unipoc\/wp-json\/wp\/v2\/media?parent=13866"}],"wp:term":[{"taxonomy":"category","embeddable":true,"href":"https:\/\/www.upjs.sk\/pracoviska\/unipoc\/wp-json\/wp\/v2\/categories?post=13866"},{"taxonomy":"post_tag","embeddable":true,"href":"https:\/\/www.upjs.sk\/pracoviska\/unipoc\/wp-json\/wp\/v2\/tags?post=13866"}],"curies":[{"name":"wp","href":"https:\/\/api.w.org\/{rel}","templated":true}]}}